{"id":14730,"date":"2025-06-06T01:08:58","date_gmt":"2025-06-06T01:08:58","guid":{"rendered":"https:\/\/vitablanca.ma\/?post_type=product&#038;p=14730"},"modified":"2025-08-30T20:56:42","modified_gmt":"2025-08-30T20:56:42","slug":"solaray-total-cleanse-foie-liver-chardon-marie-pissenlit-et-plus-pour-un-nettoyage-sain-60-vegcaps-maroc","status":"publish","type":"product","link":"https:\/\/vitablanca.ma\/en\/product\/solaray-total-cleanse-foie-liver-chardon-marie-pissenlit-et-plus-pour-un-nettoyage-sain-60-vegcaps-maroc\/","title":{"rendered":"Solaray Total Cleanse Liver- Milk thistle, dandelion and more for a healthy cleanse -60 VegCaps"},"content":{"rendered":"<p>Nettoyage en\u00a0profondeur:\u00a0m\u00e9lange d\u2019herbes et autres ingr\u00e9dients formul\u00e9s pour aider le processus de nettoyage du foie du corps\u00a0<\/p>\n\n\n\n<p>Antioxidant activity: A powerful formula can help protect liver cells from free radicals\u00a0<\/p>\n\n\n\n<p>Ta-ta Toxins: Amino acids, plant compounds, and more can help support natural internal detoxification\u00a0<\/p>\n\n\n\n<p>Marque de\u00a0confiance:\u00a0Fabriqu\u00e9 dans nos propres\u00a0installations;\u00a0Laboratoire v\u00e9rifi\u00e9 pour la puissance, la puret\u00e9 et l\u2019identit\u00e9\u00a0<\/p>\n\n\n\n<p>Les clients\u00a0disent:\u00a0c\u2019est mon aller pour\u00a0nettoyer!\u00a0\u2026 \u00e7a a \u00e9t\u00e9\u00a0remarquable!\u00a0<\/p>\n\n\n\n<p>Suggested Use\u00a0<\/p>\n\n\n\n<p>Prendre deux g\u00e9lules avec un repas ou un verre d\u2019eau.\u00a0<a href=\"https:\/\/www.jumia.ma\/customer\/account\/login\/?tkWl=SO243DV1AY6X0NAFAMZ-37264516&return=%2Fsolaray-total-cleanse-foie-liver-chardon-marie-pissenlit-et-plus-pour-un-nettoyage-sain-60-vegcaps-40675887.html\"><\/a><\/p>","protected":false},"excerpt":{"rendered":"<ul>\n<li>Deep Cleansing: Blend of herbs and other ingredients formulated to aid the body&#039;s liver cleansing process<\/li>\n<li>Antioxidant activity: A powerful formula can help protect liver cells from free radicals<\/li>\n<li>Ta-ta Toxins: Amino acids, plant compounds, and more can help support natural internal detoxification<\/li>\n<li>Trusted Brand: Made in our own facilities; Lab verified for potency, purity and identity<\/li>\n<\/ul>","protected":false},"featured_media":14731,"template":"","meta":{"om_disable_all_campaigns":false},"product_brand":[673],"product_cat":[18,3366,20,19],"product_tag":[2448,2444,2445,2447,2831,2446],"class_list":{"0":"post-14730","1":"product","2":"type-product","3":"status-publish","4":"has-post-thumbnail","6":"product_brand-solaray-maroc-prix","7":"product_cat-beaute-sante","8":"product_cat-complements-alimentaires-au-maroc-vitablanca","9":"product_cat-supplements","10":"product_cat-vitamines-supplements-dietetiques","11":"product_tag-chardon-marie-foie","12":"product_tag-complement-nettoyage-foie","13":"product_tag-detox-foie-maroc","14":"product_tag-pissenlit-digestion","15":"product_tag-solaray","16":"product_tag-solaray-total-cleanse-liver","18":"first","19":"instock","20":"taxable","21":"shipping-taxable","22":"purchasable","23":"product-type-simple"},"yoast_head":"<!-- This site is optimized with the Yoast SEO plugin v27.5 - https:\/\/yoast.com\/product\/yoast-seo-wordpress\/ -->\n<title>Solaray Total Cleanse Foie Liver - Chardon-Marie -60 Caps- Maroc<\/title>\n<meta name=\"description\" content=\"Achetez Solaray Total Cleanse Foie au Maroc. Ces 60 VegCaps contiennent du Chardon-Marie, du Pissenlit et d&#039;autres herbes pour un nettoyage h\u00e9patique sain et un soutien optimal de la fonction du foie. D\u00e9toxifiez naturellement! Livraison rapide au Maroc.\" \/>\n<meta name=\"robots\" content=\"index, follow, max-snippet:-1, max-image-preview:large, max-video-preview:-1\" \/>\n<link rel=\"canonical\" href=\"https:\/\/vitablanca.ma\/en\/product\/solaray-total-cleanse-foie-liver-chardon-marie-pissenlit-et-plus-pour-un-nettoyage-sain-60-vegcaps-maroc\/\" \/>\n<meta property=\"og:locale\" content=\"en_US\" \/>\n<meta property=\"og:type\" content=\"article\" \/>\n<meta property=\"og:title\" content=\"Solaray Total Cleanse Foie Liver - Chardon-Marie -60 Caps- Maroc\" \/>\n<meta property=\"og:description\" content=\"Achetez Solaray Total Cleanse Foie au Maroc. Ces 60 VegCaps contiennent du Chardon-Marie, du Pissenlit et d&#039;autres herbes pour un nettoyage h\u00e9patique sain et un soutien optimal de la fonction du foie. D\u00e9toxifiez naturellement! Livraison rapide au Maroc.\" \/>\n<meta property=\"og:url\" content=\"https:\/\/vitablanca.ma\/en\/product\/solaray-total-cleanse-foie-liver-chardon-marie-pissenlit-et-plus-pour-un-nettoyage-sain-60-vegcaps-maroc\/\" \/>\n<meta property=\"og:site_name\" content=\"Vitablanca.ma &ndash; Sant&eacute;, vitalit&eacute; et bien-&ecirc;tre pour tous les Marocains\" \/>\n<meta property=\"article:publisher\" content=\"https:\/\/www.facebook.com\/profile.php?id=61576678196717\" \/>\n<meta property=\"article:modified_time\" content=\"2025-08-30T20:56:42+00:00\" \/>\n<meta property=\"og:image\" content=\"https:\/\/vitablanca.ma\/wp-content\/uploads\/2025\/06\/solaray-total-cleanse-foie-liver-chardon-marie-pissenlit-et-plus-pour-un-nettoyage-s.jpg\" \/>\n\t<meta property=\"og:image:width\" content=\"680\" \/>\n\t<meta property=\"og:image:height\" content=\"680\" \/>\n\t<meta property=\"og:image:type\" content=\"image\/jpeg\" \/>\n<meta name=\"twitter:card\" content=\"summary_large_image\" \/>\n<meta name=\"twitter:label1\" content=\"Est. reading time\" \/>\n\t<meta name=\"twitter:data1\" content=\"1 minute\" \/>\n<script type=\"application\/ld+json\" class=\"yoast-schema-graph\">{\"@context\":\"https:\\\/\\\/schema.org\",\"@graph\":[{\"@type\":[\"WebPage\",\"ItemPage\"],\"@id\":\"https:\\\/\\\/vitablanca.ma\\\/produit\\\/solaray-total-cleanse-foie-liver-chardon-marie-pissenlit-et-plus-pour-un-nettoyage-sain-60-vegcaps-maroc\\\/\",\"url\":\"https:\\\/\\\/vitablanca.ma\\\/produit\\\/solaray-total-cleanse-foie-liver-chardon-marie-pissenlit-et-plus-pour-un-nettoyage-sain-60-vegcaps-maroc\\\/\",\"name\":\"Solaray Total Cleanse Foie Liver - Chardon-Marie -60 Caps- Maroc\",\"isPartOf\":{\"@id\":\"https:\\\/\\\/vitablanca.ma\\\/#website\"},\"primaryImageOfPage\":{\"@id\":\"https:\\\/\\\/vitablanca.ma\\\/produit\\\/solaray-total-cleanse-foie-liver-chardon-marie-pissenlit-et-plus-pour-un-nettoyage-sain-60-vegcaps-maroc\\\/#primaryimage\"},\"image\":{\"@id\":\"https:\\\/\\\/vitablanca.ma\\\/produit\\\/solaray-total-cleanse-foie-liver-chardon-marie-pissenlit-et-plus-pour-un-nettoyage-sain-60-vegcaps-maroc\\\/#primaryimage\"},\"thumbnailUrl\":\"https:\\\/\\\/vitablanca.ma\\\/wp-content\\\/uploads\\\/2025\\\/06\\\/solaray-total-cleanse-foie-liver-chardon-marie-pissenlit-et-plus-pour-un-nettoyage-s.jpg\",\"datePublished\":\"2025-06-06T01:08:58+00:00\",\"dateModified\":\"2025-08-30T20:56:42+00:00\",\"description\":\"Achetez Solaray Total Cleanse Foie au Maroc. Ces 60 VegCaps contiennent du Chardon-Marie, du Pissenlit et d'autres herbes pour un nettoyage h\u00e9patique sain et un soutien optimal de la fonction du foie. D\u00e9toxifiez naturellement! Livraison rapide au Maroc.\",\"breadcrumb\":{\"@id\":\"https:\\\/\\\/vitablanca.ma\\\/produit\\\/solaray-total-cleanse-foie-liver-chardon-marie-pissenlit-et-plus-pour-un-nettoyage-sain-60-vegcaps-maroc\\\/#breadcrumb\"},\"inLanguage\":\"en-US\",\"potentialAction\":[{\"@type\":\"ReadAction\",\"target\":[\"https:\\\/\\\/vitablanca.ma\\\/produit\\\/solaray-total-cleanse-foie-liver-chardon-marie-pissenlit-et-plus-pour-un-nettoyage-sain-60-vegcaps-maroc\\\/\"]}]},{\"@type\":\"ImageObject\",\"inLanguage\":\"en-US\",\"@id\":\"https:\\\/\\\/vitablanca.ma\\\/produit\\\/solaray-total-cleanse-foie-liver-chardon-marie-pissenlit-et-plus-pour-un-nettoyage-sain-60-vegcaps-maroc\\\/#primaryimage\",\"url\":\"https:\\\/\\\/vitablanca.ma\\\/wp-content\\\/uploads\\\/2025\\\/06\\\/solaray-total-cleanse-foie-liver-chardon-marie-pissenlit-et-plus-pour-un-nettoyage-s.jpg\",\"contentUrl\":\"https:\\\/\\\/vitablanca.ma\\\/wp-content\\\/uploads\\\/2025\\\/06\\\/solaray-total-cleanse-foie-liver-chardon-marie-pissenlit-et-plus-pour-un-nettoyage-s.jpg\",\"width\":680,\"height\":680},{\"@type\":\"BreadcrumbList\",\"@id\":\"https:\\\/\\\/vitablanca.ma\\\/produit\\\/solaray-total-cleanse-foie-liver-chardon-marie-pissenlit-et-plus-pour-un-nettoyage-sain-60-vegcaps-maroc\\\/#breadcrumb\",\"itemListElement\":[{\"@type\":\"ListItem\",\"position\":1,\"name\":\"Home\",\"item\":\"https:\\\/\\\/vitablanca.ma\\\/\"},{\"@type\":\"ListItem\",\"position\":2,\"name\":\"Tous Les Produits\",\"item\":\"https:\\\/\\\/vitablanca.ma\\\/tous-les-produits\\\/\"},{\"@type\":\"ListItem\",\"position\":3,\"name\":\"Solaray Total Cleanse Foie Liver- Chardon-Marie, pissenlit et plus pour un nettoyage sain -60 VegCaps\"}]},{\"@type\":\"WebSite\",\"@id\":\"https:\\\/\\\/vitablanca.ma\\\/#website\",\"url\":\"https:\\\/\\\/vitablanca.ma\\\/\",\"name\":\"VitaBlanca.ma | Compl\u00e9ments alimentaires, sant\u00e9 & beaut\u00e9 au Maroc\",\"description\":\"vendre vitamines et compl\u00e9ments premium des USA &amp; Canada, Nouvelle Z\u00e9lande,Maroc (NOW Foods, Solgar, Manuka). Livraison rapide partout au Maroc.\",\"publisher\":{\"@id\":\"https:\\\/\\\/vitablanca.ma\\\/#organization\"},\"alternateName\":\"VitaBlanca.ma\",\"potentialAction\":[{\"@type\":\"SearchAction\",\"target\":{\"@type\":\"EntryPoint\",\"urlTemplate\":\"https:\\\/\\\/vitablanca.ma\\\/?s={search_term_string}\"},\"query-input\":{\"@type\":\"PropertyValueSpecification\",\"valueRequired\":true,\"valueName\":\"search_term_string\"}}],\"inLanguage\":\"en-US\"},{\"@type\":\"Organization\",\"@id\":\"https:\\\/\\\/vitablanca.ma\\\/#organization\",\"name\":\"VitaBlanca\",\"url\":\"https:\\\/\\\/vitablanca.ma\\\/\",\"logo\":{\"@type\":\"ImageObject\",\"inLanguage\":\"en-US\",\"@id\":\"https:\\\/\\\/vitablanca.ma\\\/#\\\/schema\\\/logo\\\/image\\\/\",\"url\":\"https:\\\/\\\/vitablanca.ma\\\/wp-content\\\/uploads\\\/2025\\\/05\\\/cropped-vitablanca.png\",\"contentUrl\":\"https:\\\/\\\/vitablanca.ma\\\/wp-content\\\/uploads\\\/2025\\\/05\\\/cropped-vitablanca.png\",\"width\":360,\"height\":67,\"caption\":\"VitaBlanca\"},\"image\":{\"@id\":\"https:\\\/\\\/vitablanca.ma\\\/#\\\/schema\\\/logo\\\/image\\\/\"},\"sameAs\":[\"https:\\\/\\\/www.facebook.com\\\/profile.php?id=61576678196717\",\"https:\\\/\\\/www.tiktok.com\\\/@vitablanca.ma\",\"https:\\\/\\\/www.instagram.com\\\/vitablanca.ma\\\/\"]}]}<\/script>\n<!-- \/ Yoast SEO plugin. -->","yoast_head_json":{"title":"Solaray Total Cleanse Liver - Milk Thistle - 60 Caplets - Morocco","description":"Buy Solaray Total Liver Cleanse in Morocco. These 60 VegCaps contain Milk Thistle, Dandelion, and other herbs for a healthy liver cleanse and optimal liver function support. Detoxify naturally! Fast delivery to Morocco.","robots":{"index":"index","follow":"follow","max-snippet":"max-snippet:-1","max-image-preview":"max-image-preview:large","max-video-preview":"max-video-preview:-1"},"canonical":"https:\/\/vitablanca.ma\/en\/product\/solaray-total-cleanse-foie-liver-chardon-marie-pissenlit-et-plus-pour-un-nettoyage-sain-60-vegcaps-maroc\/","og_locale":"en_US","og_type":"article","og_title":"Solaray Total Cleanse Foie Liver - Chardon-Marie -60 Caps- Maroc","og_description":"Achetez Solaray Total Cleanse Foie au Maroc. Ces 60 VegCaps contiennent du Chardon-Marie, du Pissenlit et d'autres herbes pour un nettoyage h\u00e9patique sain et un soutien optimal de la fonction du foie. D\u00e9toxifiez naturellement! Livraison rapide au Maroc.","og_url":"https:\/\/vitablanca.ma\/en\/product\/solaray-total-cleanse-foie-liver-chardon-marie-pissenlit-et-plus-pour-un-nettoyage-sain-60-vegcaps-maroc\/","og_site_name":"Vitablanca.ma &ndash; Sant&eacute;, vitalit&eacute; et bien-&ecirc;tre pour tous les Marocains","article_publisher":"https:\/\/www.facebook.com\/profile.php?id=61576678196717","article_modified_time":"2025-08-30T20:56:42+00:00","og_image":[{"width":680,"height":680,"url":"https:\/\/vitablanca.ma\/wp-content\/uploads\/2025\/06\/solaray-total-cleanse-foie-liver-chardon-marie-pissenlit-et-plus-pour-un-nettoyage-s.jpg","type":"image\/jpeg"}],"twitter_card":"summary_large_image","twitter_misc":{"Est. reading time":"1 minute"},"schema":{"@context":"https:\/\/schema.org","@graph":[{"@type":["WebPage","ItemPage"],"@id":"https:\/\/vitablanca.ma\/produit\/solaray-total-cleanse-foie-liver-chardon-marie-pissenlit-et-plus-pour-un-nettoyage-sain-60-vegcaps-maroc\/","url":"https:\/\/vitablanca.ma\/produit\/solaray-total-cleanse-foie-liver-chardon-marie-pissenlit-et-plus-pour-un-nettoyage-sain-60-vegcaps-maroc\/","name":"Solaray Total Cleanse Liver - Milk Thistle - 60 Caplets - Morocco","isPartOf":{"@id":"https:\/\/vitablanca.ma\/#website"},"primaryImageOfPage":{"@id":"https:\/\/vitablanca.ma\/produit\/solaray-total-cleanse-foie-liver-chardon-marie-pissenlit-et-plus-pour-un-nettoyage-sain-60-vegcaps-maroc\/#primaryimage"},"image":{"@id":"https:\/\/vitablanca.ma\/produit\/solaray-total-cleanse-foie-liver-chardon-marie-pissenlit-et-plus-pour-un-nettoyage-sain-60-vegcaps-maroc\/#primaryimage"},"thumbnailUrl":"https:\/\/vitablanca.ma\/wp-content\/uploads\/2025\/06\/solaray-total-cleanse-foie-liver-chardon-marie-pissenlit-et-plus-pour-un-nettoyage-s.jpg","datePublished":"2025-06-06T01:08:58+00:00","dateModified":"2025-08-30T20:56:42+00:00","description":"Buy Solaray Total Liver Cleanse in Morocco. These 60 VegCaps contain Milk Thistle, Dandelion, and other herbs for a healthy liver cleanse and optimal liver function support. Detoxify naturally! Fast delivery to Morocco.","breadcrumb":{"@id":"https:\/\/vitablanca.ma\/produit\/solaray-total-cleanse-foie-liver-chardon-marie-pissenlit-et-plus-pour-un-nettoyage-sain-60-vegcaps-maroc\/#breadcrumb"},"inLanguage":"en-US","potentialAction":[{"@type":"ReadAction","target":["https:\/\/vitablanca.ma\/produit\/solaray-total-cleanse-foie-liver-chardon-marie-pissenlit-et-plus-pour-un-nettoyage-sain-60-vegcaps-maroc\/"]}]},{"@type":"ImageObject","inLanguage":"en-US","@id":"https:\/\/vitablanca.ma\/produit\/solaray-total-cleanse-foie-liver-chardon-marie-pissenlit-et-plus-pour-un-nettoyage-sain-60-vegcaps-maroc\/#primaryimage","url":"https:\/\/vitablanca.ma\/wp-content\/uploads\/2025\/06\/solaray-total-cleanse-foie-liver-chardon-marie-pissenlit-et-plus-pour-un-nettoyage-s.jpg","contentUrl":"https:\/\/vitablanca.ma\/wp-content\/uploads\/2025\/06\/solaray-total-cleanse-foie-liver-chardon-marie-pissenlit-et-plus-pour-un-nettoyage-s.jpg","width":680,"height":680},{"@type":"BreadcrumbList","@id":"https:\/\/vitablanca.ma\/produit\/solaray-total-cleanse-foie-liver-chardon-marie-pissenlit-et-plus-pour-un-nettoyage-sain-60-vegcaps-maroc\/#breadcrumb","itemListElement":[{"@type":"ListItem","position":1,"name":"Home","item":"https:\/\/vitablanca.ma\/"},{"@type":"ListItem","position":2,"name":"Tous Les Produits","item":"https:\/\/vitablanca.ma\/tous-les-produits\/"},{"@type":"ListItem","position":3,"name":"Solaray Total Cleanse Foie Liver- Chardon-Marie, pissenlit et plus pour un nettoyage sain -60 VegCaps"}]},{"@type":"WebSite","@id":"https:\/\/vitablanca.ma\/#website","url":"https:\/\/vitablanca.ma\/","name":"VitaBlanca.ma | Food supplements, health &amp; beauty in Morocco","description":"sell premium vitamins and supplements from USA &amp; Canada, New Zealand, Morocco (NOW Foods, Solgar, Manuka). Fast delivery anywhere in Morocco.","publisher":{"@id":"https:\/\/vitablanca.ma\/#organization"},"alternateName":"VitaBlanca.ma","potentialAction":[{"@type":"SearchAction","target":{"@type":"EntryPoint","urlTemplate":"https:\/\/vitablanca.ma\/?s={search_term_string}"},"query-input":{"@type":"PropertyValueSpecification","valueRequired":true,"valueName":"search_term_string"}}],"inLanguage":"en-US"},{"@type":"Organization","@id":"https:\/\/vitablanca.ma\/#organization","name":"VitaBlanca","url":"https:\/\/vitablanca.ma\/","logo":{"@type":"ImageObject","inLanguage":"en-US","@id":"https:\/\/vitablanca.ma\/#\/schema\/logo\/image\/","url":"https:\/\/vitablanca.ma\/wp-content\/uploads\/2025\/05\/cropped-vitablanca.png","contentUrl":"https:\/\/vitablanca.ma\/wp-content\/uploads\/2025\/05\/cropped-vitablanca.png","width":360,"height":67,"caption":"VitaBlanca"},"image":{"@id":"https:\/\/vitablanca.ma\/#\/schema\/logo\/image\/"},"sameAs":["https:\/\/www.facebook.com\/profile.php?id=61576678196717","https:\/\/www.tiktok.com\/@vitablanca.ma","https:\/\/www.instagram.com\/vitablanca.ma\/"]}]}},"jetpack_sharing_enabled":true,"_links":{"self":[{"href":"https:\/\/vitablanca.ma\/en\/wp-json\/wp\/v2\/product\/14730","targetHints":{"allow":["GET"]}}],"collection":[{"href":"https:\/\/vitablanca.ma\/en\/wp-json\/wp\/v2\/product"}],"about":[{"href":"https:\/\/vitablanca.ma\/en\/wp-json\/wp\/v2\/types\/product"}],"wp:featuredmedia":[{"embeddable":true,"href":"https:\/\/vitablanca.ma\/en\/wp-json\/wp\/v2\/media\/14731"}],"wp:attachment":[{"href":"https:\/\/vitablanca.ma\/en\/wp-json\/wp\/v2\/media?parent=14730"}],"wp:term":[{"taxonomy":"product_brand","embeddable":true,"href":"https:\/\/vitablanca.ma\/en\/wp-json\/wp\/v2\/product_brand?post=14730"},{"taxonomy":"product_cat","embeddable":true,"href":"https:\/\/vitablanca.ma\/en\/wp-json\/wp\/v2\/product_cat?post=14730"},{"taxonomy":"product_tag","embeddable":true,"href":"https:\/\/vitablanca.ma\/en\/wp-json\/wp\/v2\/product_tag?post=14730"}],"curies":[{"name":"wp","href":"https:\/\/api.w.org\/{rel}","templated":true}]}}