{"id":14701,"date":"2025-06-05T22:29:30","date_gmt":"2025-06-05T22:29:30","guid":{"rendered":"https:\/\/vitablanca.ma\/?post_type=product&#038;p=14701"},"modified":"2025-08-30T20:56:48","modified_gmt":"2025-08-30T20:56:48","slug":"nutribiotic-gse-extrait-de-pepins-de-pamplemousse-concentre-liquide-59-ml-maroc","status":"publish","type":"product","link":"https:\/\/vitablanca.ma\/en\/product\/nutribiotic-gse-extrait-de-pepins-de-pamplemousse-concentre-liquide-59-ml-maroc\/","title":{"rendered":"Nutribiotic GSE Grapefruit Seed Extract Concentrate Liquid 59 ml"},"content":{"rendered":"<p>Les gouttes de cette merveille naturelle regorgent d\u2019antioxydants qui peuvent am\u00e9liorer votre sant\u00e9 et votre apparence\u00a0<\/p>\n\n\n\n<p>En mettant simplement quelques gouttes de ce concentr\u00e9 liquide d\u2019extrait de p\u00e9pins de raisin de la marque de suppl\u00e9ments de sant\u00e9,\u00a0Nutribiotic, dans votre boisson pr\u00e9f\u00e9r\u00e9e, vous pouvez pr\u00e9venir certaines affections telles que le foie, l\u2019hypertension et m\u00eame les maladies\u00a0cardiaques .\u00a0Encore plus fascinant, c\u2019est qu\u2019il peut \u00e9ventuellement reconstituer l\u2019apport de collag\u00e8ne dans le corps. Le collag\u00e8ne est important pour rendre la peau \u00e9lastique et plus jeune. Il fournit \u00e9galement une protection pour vos os. Les os solides vous donnent une vie longue et confortable. Le concentr\u00e9 liquide d\u2019extrait de p\u00e9pin de raisin pourrait bien \u00eatre le compagnon id\u00e9al de votre jus ou de votre eau, car il peut vous aider \u00e0 maintenir non seulement un corps en bonne sant\u00e9, mais \u00e9galement \u00e0 attirer l\u2019attention.\u00a0<\/p>\n\n\n\n<p>Helps lower blood pressure\u00a0<\/p>\n\n\n\n<p>May possibly help prevent heart clots\u00a0<\/p>\n\n\n\n<p>Fights bad cholesterol\u00a0<\/p>\n\n\n\n<p>Maintains proper kidney function\u00a0<\/p>\n\n\n\n<p>Inhibits bacterial growth\u00a0<\/p>\n\n\n\n<p>Just 5 to 15 drops per glass for all these benefits\u00a0<\/p>\n\n\n\n<p>Provides support for brain health\u00a0<\/p>\n\n\n\n<p>Maintains strong bones and improves skin\u00a0<\/p>\n\n\n\n<p>Protects the liver\u00a0<a href=\"https:\/\/www.jumia.ma\/customer\/account\/login\/?tkWl=NU430DV0TT1N2NAFAMZ-37725811&return=%2Fnutribiotic-gse-extrait-de-pepins-de-pamplemousse-concentre-liquide-59-ml-41046005.html\"><\/a><\/p>\n\n\n\n<p><\/p>\n\n\n\n<p>Suggested Use\u00a0<\/p>\n\n\n\n<p><\/p>","protected":false},"excerpt":{"rendered":"<ul>\n<li>Drops of this natural wonder are packed with antioxidants that can improve your health and appearance<\/li>\n<li>Helps lower blood pressure<\/li>\n<li>May possibly help prevent heart clots<\/li>\n<li>Fights bad cholesterol<\/li>\n<li>Maintains proper kidney function<\/li>\n<li>Inhibits bacterial growth<\/li>\n<li>Just 5 to 15 drops per glass for all these benefits<\/li>\n<li>Provides support for brain health<\/li>\n<li>Maintains strong bones and improves skin<\/li>\n<li>Protects the liver<\/li>\n<li>For rapid recovery from injuries<\/li>\n<li>Brand based on Nobel Research<\/li>\n<\/ul>","protected":false},"featured_media":14702,"template":"","meta":{"om_disable_all_campaigns":false},"product_brand":[2403],"product_cat":[18,3366,19],"product_tag":[2405,2407,2406,2404],"class_list":{"0":"post-14701","1":"product","2":"type-product","3":"status-publish","4":"has-post-thumbnail","6":"product_brand-nutribiotic-gse","7":"product_cat-beaute-sante","8":"product_cat-complements-alimentaires-au-maroc-vitablanca","9":"product_cat-vitamines-supplements-dietetiques","10":"product_tag-complement-naturel-antibacterien","11":"product_tag-extrait-de-pepins-de-pamplemousse-liquide","12":"product_tag-gse-concentre-maroc","13":"product_tag-nutribiotic-gse-maroc","15":"first","16":"instock","17":"sale","18":"taxable","19":"shipping-taxable","20":"purchasable","21":"product-type-simple"},"yoast_head":"<!-- This site is optimized with the Yoast SEO plugin v27.5 - https:\/\/yoast.com\/product\/yoast-seo-wordpress\/ -->\n<title>Nutribiotic GSE Extrait de p\u00e9pins de pamplemousse liquide - Maroc<\/title>\n<meta name=\"description\" content=\"Achetez NutriBiotic GSE Extrait de P\u00e9pins de Pamplemousse concentr\u00e9 liquide, 59 ml au Maroc. Id\u00e9al pour un puissant soutien immunitaire,Livraison rapide 24h\" \/>\n<meta name=\"robots\" content=\"index, follow, max-snippet:-1, max-image-preview:large, max-video-preview:-1\" \/>\n<link rel=\"canonical\" href=\"https:\/\/vitablanca.ma\/en\/product\/nutribiotic-gse-extrait-de-pepins-de-pamplemousse-concentre-liquide-59-ml-maroc\/\" \/>\n<meta property=\"og:locale\" content=\"en_US\" \/>\n<meta property=\"og:type\" content=\"article\" \/>\n<meta property=\"og:title\" content=\"Nutribiotic GSE Extrait de p\u00e9pins de pamplemousse liquide - Maroc\" \/>\n<meta property=\"og:description\" content=\"Achetez NutriBiotic GSE Extrait de P\u00e9pins de Pamplemousse concentr\u00e9 liquide, 59 ml au Maroc. Id\u00e9al pour un puissant soutien immunitaire,Livraison rapide 24h\" \/>\n<meta property=\"og:url\" content=\"https:\/\/vitablanca.ma\/en\/product\/nutribiotic-gse-extrait-de-pepins-de-pamplemousse-concentre-liquide-59-ml-maroc\/\" \/>\n<meta property=\"og:site_name\" content=\"Vitablanca.ma &ndash; Sant&eacute;, vitalit&eacute; et bien-&ecirc;tre pour tous les Marocains\" \/>\n<meta property=\"article:publisher\" content=\"https:\/\/www.facebook.com\/profile.php?id=61576678196717\" \/>\n<meta property=\"article:modified_time\" content=\"2025-08-30T20:56:48+00:00\" \/>\n<meta property=\"og:image\" content=\"https:\/\/vitablanca.ma\/wp-content\/uploads\/2025\/06\/nutribiotic-gse-extrait-de-pepins-de-pamplemousse-concentre-liquide.jpg\" \/>\n\t<meta property=\"og:image:width\" content=\"680\" \/>\n\t<meta property=\"og:image:height\" content=\"680\" \/>\n\t<meta property=\"og:image:type\" content=\"image\/jpeg\" \/>\n<meta name=\"twitter:card\" content=\"summary_large_image\" \/>\n<meta name=\"twitter:label1\" content=\"Est. reading time\" \/>\n\t<meta name=\"twitter:data1\" content=\"2 minutes\" \/>\n<script type=\"application\/ld+json\" class=\"yoast-schema-graph\">{\"@context\":\"https:\\\/\\\/schema.org\",\"@graph\":[{\"@type\":[\"WebPage\",\"ItemPage\"],\"@id\":\"https:\\\/\\\/vitablanca.ma\\\/produit\\\/nutribiotic-gse-extrait-de-pepins-de-pamplemousse-concentre-liquide-59-ml-maroc\\\/\",\"url\":\"https:\\\/\\\/vitablanca.ma\\\/produit\\\/nutribiotic-gse-extrait-de-pepins-de-pamplemousse-concentre-liquide-59-ml-maroc\\\/\",\"name\":\"Nutribiotic GSE Extrait de p\u00e9pins de pamplemousse liquide - Maroc\",\"isPartOf\":{\"@id\":\"https:\\\/\\\/vitablanca.ma\\\/#website\"},\"primaryImageOfPage\":{\"@id\":\"https:\\\/\\\/vitablanca.ma\\\/produit\\\/nutribiotic-gse-extrait-de-pepins-de-pamplemousse-concentre-liquide-59-ml-maroc\\\/#primaryimage\"},\"image\":{\"@id\":\"https:\\\/\\\/vitablanca.ma\\\/produit\\\/nutribiotic-gse-extrait-de-pepins-de-pamplemousse-concentre-liquide-59-ml-maroc\\\/#primaryimage\"},\"thumbnailUrl\":\"https:\\\/\\\/vitablanca.ma\\\/wp-content\\\/uploads\\\/2025\\\/06\\\/nutribiotic-gse-extrait-de-pepins-de-pamplemousse-concentre-liquide.jpg\",\"datePublished\":\"2025-06-05T22:29:30+00:00\",\"dateModified\":\"2025-08-30T20:56:48+00:00\",\"description\":\"Achetez NutriBiotic GSE Extrait de P\u00e9pins de Pamplemousse concentr\u00e9 liquide, 59 ml au Maroc. Id\u00e9al pour un puissant soutien immunitaire,Livraison rapide 24h\",\"breadcrumb\":{\"@id\":\"https:\\\/\\\/vitablanca.ma\\\/produit\\\/nutribiotic-gse-extrait-de-pepins-de-pamplemousse-concentre-liquide-59-ml-maroc\\\/#breadcrumb\"},\"inLanguage\":\"en-US\",\"potentialAction\":[{\"@type\":\"ReadAction\",\"target\":[\"https:\\\/\\\/vitablanca.ma\\\/produit\\\/nutribiotic-gse-extrait-de-pepins-de-pamplemousse-concentre-liquide-59-ml-maroc\\\/\"]}]},{\"@type\":\"ImageObject\",\"inLanguage\":\"en-US\",\"@id\":\"https:\\\/\\\/vitablanca.ma\\\/produit\\\/nutribiotic-gse-extrait-de-pepins-de-pamplemousse-concentre-liquide-59-ml-maroc\\\/#primaryimage\",\"url\":\"https:\\\/\\\/vitablanca.ma\\\/wp-content\\\/uploads\\\/2025\\\/06\\\/nutribiotic-gse-extrait-de-pepins-de-pamplemousse-concentre-liquide.jpg\",\"contentUrl\":\"https:\\\/\\\/vitablanca.ma\\\/wp-content\\\/uploads\\\/2025\\\/06\\\/nutribiotic-gse-extrait-de-pepins-de-pamplemousse-concentre-liquide.jpg\",\"width\":680,\"height\":680},{\"@type\":\"BreadcrumbList\",\"@id\":\"https:\\\/\\\/vitablanca.ma\\\/produit\\\/nutribiotic-gse-extrait-de-pepins-de-pamplemousse-concentre-liquide-59-ml-maroc\\\/#breadcrumb\",\"itemListElement\":[{\"@type\":\"ListItem\",\"position\":1,\"name\":\"Home\",\"item\":\"https:\\\/\\\/vitablanca.ma\\\/\"},{\"@type\":\"ListItem\",\"position\":2,\"name\":\"Tous Les Produits\",\"item\":\"https:\\\/\\\/vitablanca.ma\\\/tous-les-produits\\\/\"},{\"@type\":\"ListItem\",\"position\":3,\"name\":\"Nutribiotic GSE Extrait de p\u00e9pins de pamplemousse concentr\u00e9 liquide 59 ml\"}]},{\"@type\":\"WebSite\",\"@id\":\"https:\\\/\\\/vitablanca.ma\\\/#website\",\"url\":\"https:\\\/\\\/vitablanca.ma\\\/\",\"name\":\"VitaBlanca.ma | Compl\u00e9ments alimentaires, sant\u00e9 & beaut\u00e9 au Maroc\",\"description\":\"vendre vitamines et compl\u00e9ments premium des USA &amp; Canada, Nouvelle Z\u00e9lande,Maroc (NOW Foods, Solgar, Manuka). Livraison rapide partout au Maroc.\",\"publisher\":{\"@id\":\"https:\\\/\\\/vitablanca.ma\\\/#organization\"},\"alternateName\":\"VitaBlanca.ma\",\"potentialAction\":[{\"@type\":\"SearchAction\",\"target\":{\"@type\":\"EntryPoint\",\"urlTemplate\":\"https:\\\/\\\/vitablanca.ma\\\/?s={search_term_string}\"},\"query-input\":{\"@type\":\"PropertyValueSpecification\",\"valueRequired\":true,\"valueName\":\"search_term_string\"}}],\"inLanguage\":\"en-US\"},{\"@type\":\"Organization\",\"@id\":\"https:\\\/\\\/vitablanca.ma\\\/#organization\",\"name\":\"VitaBlanca\",\"url\":\"https:\\\/\\\/vitablanca.ma\\\/\",\"logo\":{\"@type\":\"ImageObject\",\"inLanguage\":\"en-US\",\"@id\":\"https:\\\/\\\/vitablanca.ma\\\/#\\\/schema\\\/logo\\\/image\\\/\",\"url\":\"https:\\\/\\\/vitablanca.ma\\\/wp-content\\\/uploads\\\/2025\\\/05\\\/cropped-vitablanca.png\",\"contentUrl\":\"https:\\\/\\\/vitablanca.ma\\\/wp-content\\\/uploads\\\/2025\\\/05\\\/cropped-vitablanca.png\",\"width\":360,\"height\":67,\"caption\":\"VitaBlanca\"},\"image\":{\"@id\":\"https:\\\/\\\/vitablanca.ma\\\/#\\\/schema\\\/logo\\\/image\\\/\"},\"sameAs\":[\"https:\\\/\\\/www.facebook.com\\\/profile.php?id=61576678196717\",\"https:\\\/\\\/www.tiktok.com\\\/@vitablanca.ma\",\"https:\\\/\\\/www.instagram.com\\\/vitablanca.ma\\\/\"]}]}<\/script>\n<!-- \/ Yoast SEO plugin. -->","yoast_head_json":{"title":"Nutribiotic GSE Liquid Grapefruit Seed Extract - Morocco","description":"Buy NutriBiotic GSE Liquid Concentrated Grapefruit Seed Extract, 59 ml in Morocco. Ideal for powerful immune support, Fast 24h delivery","robots":{"index":"index","follow":"follow","max-snippet":"max-snippet:-1","max-image-preview":"max-image-preview:large","max-video-preview":"max-video-preview:-1"},"canonical":"https:\/\/vitablanca.ma\/en\/product\/nutribiotic-gse-extrait-de-pepins-de-pamplemousse-concentre-liquide-59-ml-maroc\/","og_locale":"en_US","og_type":"article","og_title":"Nutribiotic GSE Extrait de p\u00e9pins de pamplemousse liquide - Maroc","og_description":"Achetez NutriBiotic GSE Extrait de P\u00e9pins de Pamplemousse concentr\u00e9 liquide, 59 ml au Maroc. Id\u00e9al pour un puissant soutien immunitaire,Livraison rapide 24h","og_url":"https:\/\/vitablanca.ma\/en\/product\/nutribiotic-gse-extrait-de-pepins-de-pamplemousse-concentre-liquide-59-ml-maroc\/","og_site_name":"Vitablanca.ma &ndash; Sant&eacute;, vitalit&eacute; et bien-&ecirc;tre pour tous les Marocains","article_publisher":"https:\/\/www.facebook.com\/profile.php?id=61576678196717","article_modified_time":"2025-08-30T20:56:48+00:00","og_image":[{"width":680,"height":680,"url":"https:\/\/vitablanca.ma\/wp-content\/uploads\/2025\/06\/nutribiotic-gse-extrait-de-pepins-de-pamplemousse-concentre-liquide.jpg","type":"image\/jpeg"}],"twitter_card":"summary_large_image","twitter_misc":{"Est. reading time":"2 minutes"},"schema":{"@context":"https:\/\/schema.org","@graph":[{"@type":["WebPage","ItemPage"],"@id":"https:\/\/vitablanca.ma\/produit\/nutribiotic-gse-extrait-de-pepins-de-pamplemousse-concentre-liquide-59-ml-maroc\/","url":"https:\/\/vitablanca.ma\/produit\/nutribiotic-gse-extrait-de-pepins-de-pamplemousse-concentre-liquide-59-ml-maroc\/","name":"Nutribiotic GSE Liquid Grapefruit Seed Extract - Morocco","isPartOf":{"@id":"https:\/\/vitablanca.ma\/#website"},"primaryImageOfPage":{"@id":"https:\/\/vitablanca.ma\/produit\/nutribiotic-gse-extrait-de-pepins-de-pamplemousse-concentre-liquide-59-ml-maroc\/#primaryimage"},"image":{"@id":"https:\/\/vitablanca.ma\/produit\/nutribiotic-gse-extrait-de-pepins-de-pamplemousse-concentre-liquide-59-ml-maroc\/#primaryimage"},"thumbnailUrl":"https:\/\/vitablanca.ma\/wp-content\/uploads\/2025\/06\/nutribiotic-gse-extrait-de-pepins-de-pamplemousse-concentre-liquide.jpg","datePublished":"2025-06-05T22:29:30+00:00","dateModified":"2025-08-30T20:56:48+00:00","description":"Buy NutriBiotic GSE Liquid Concentrated Grapefruit Seed Extract, 59 ml in Morocco. Ideal for powerful immune support, Fast 24h delivery","breadcrumb":{"@id":"https:\/\/vitablanca.ma\/produit\/nutribiotic-gse-extrait-de-pepins-de-pamplemousse-concentre-liquide-59-ml-maroc\/#breadcrumb"},"inLanguage":"en-US","potentialAction":[{"@type":"ReadAction","target":["https:\/\/vitablanca.ma\/produit\/nutribiotic-gse-extrait-de-pepins-de-pamplemousse-concentre-liquide-59-ml-maroc\/"]}]},{"@type":"ImageObject","inLanguage":"en-US","@id":"https:\/\/vitablanca.ma\/produit\/nutribiotic-gse-extrait-de-pepins-de-pamplemousse-concentre-liquide-59-ml-maroc\/#primaryimage","url":"https:\/\/vitablanca.ma\/wp-content\/uploads\/2025\/06\/nutribiotic-gse-extrait-de-pepins-de-pamplemousse-concentre-liquide.jpg","contentUrl":"https:\/\/vitablanca.ma\/wp-content\/uploads\/2025\/06\/nutribiotic-gse-extrait-de-pepins-de-pamplemousse-concentre-liquide.jpg","width":680,"height":680},{"@type":"BreadcrumbList","@id":"https:\/\/vitablanca.ma\/produit\/nutribiotic-gse-extrait-de-pepins-de-pamplemousse-concentre-liquide-59-ml-maroc\/#breadcrumb","itemListElement":[{"@type":"ListItem","position":1,"name":"Home","item":"https:\/\/vitablanca.ma\/"},{"@type":"ListItem","position":2,"name":"Tous Les Produits","item":"https:\/\/vitablanca.ma\/tous-les-produits\/"},{"@type":"ListItem","position":3,"name":"Nutribiotic GSE Extrait de p\u00e9pins de pamplemousse concentr\u00e9 liquide 59 ml"}]},{"@type":"WebSite","@id":"https:\/\/vitablanca.ma\/#website","url":"https:\/\/vitablanca.ma\/","name":"VitaBlanca.ma | Food supplements, health &amp; beauty in Morocco","description":"sell premium vitamins and supplements from USA &amp; Canada, New Zealand, Morocco (NOW Foods, Solgar, Manuka). Fast delivery anywhere in Morocco.","publisher":{"@id":"https:\/\/vitablanca.ma\/#organization"},"alternateName":"VitaBlanca.ma","potentialAction":[{"@type":"SearchAction","target":{"@type":"EntryPoint","urlTemplate":"https:\/\/vitablanca.ma\/?s={search_term_string}"},"query-input":{"@type":"PropertyValueSpecification","valueRequired":true,"valueName":"search_term_string"}}],"inLanguage":"en-US"},{"@type":"Organization","@id":"https:\/\/vitablanca.ma\/#organization","name":"VitaBlanca","url":"https:\/\/vitablanca.ma\/","logo":{"@type":"ImageObject","inLanguage":"en-US","@id":"https:\/\/vitablanca.ma\/#\/schema\/logo\/image\/","url":"https:\/\/vitablanca.ma\/wp-content\/uploads\/2025\/05\/cropped-vitablanca.png","contentUrl":"https:\/\/vitablanca.ma\/wp-content\/uploads\/2025\/05\/cropped-vitablanca.png","width":360,"height":67,"caption":"VitaBlanca"},"image":{"@id":"https:\/\/vitablanca.ma\/#\/schema\/logo\/image\/"},"sameAs":["https:\/\/www.facebook.com\/profile.php?id=61576678196717","https:\/\/www.tiktok.com\/@vitablanca.ma","https:\/\/www.instagram.com\/vitablanca.ma\/"]}]}},"jetpack_sharing_enabled":true,"_links":{"self":[{"href":"https:\/\/vitablanca.ma\/en\/wp-json\/wp\/v2\/product\/14701","targetHints":{"allow":["GET"]}}],"collection":[{"href":"https:\/\/vitablanca.ma\/en\/wp-json\/wp\/v2\/product"}],"about":[{"href":"https:\/\/vitablanca.ma\/en\/wp-json\/wp\/v2\/types\/product"}],"wp:featuredmedia":[{"embeddable":true,"href":"https:\/\/vitablanca.ma\/en\/wp-json\/wp\/v2\/media\/14702"}],"wp:attachment":[{"href":"https:\/\/vitablanca.ma\/en\/wp-json\/wp\/v2\/media?parent=14701"}],"wp:term":[{"taxonomy":"product_brand","embeddable":true,"href":"https:\/\/vitablanca.ma\/en\/wp-json\/wp\/v2\/product_brand?post=14701"},{"taxonomy":"product_cat","embeddable":true,"href":"https:\/\/vitablanca.ma\/en\/wp-json\/wp\/v2\/product_cat?post=14701"},{"taxonomy":"product_tag","embeddable":true,"href":"https:\/\/vitablanca.ma\/en\/wp-json\/wp\/v2\/product_tag?post=14701"}],"curies":[{"name":"wp","href":"https:\/\/api.w.org\/{rel}","templated":true}]}}