{"id":14549,"date":"2025-06-04T23:12:03","date_gmt":"2025-06-04T23:12:03","guid":{"rendered":"https:\/\/vitablanca.ma\/product\/manuka-honey-mgo-30\/"},"modified":"2025-07-02T00:09:55","modified_gmt":"2025-07-02T00:09:55","slug":"manuka-honey-mgo-30","status":"publish","type":"product","link":"https:\/\/vitablanca.ma\/en\/product\/manuka-honey-mgo-30\/","title":{"rendered":"Manuka Honey MGO 30"},"content":{"rendered":"<p>Notre miel de vari\u00e9t\u00e9s dans l\u2019\u00e9dition cuivre offre l\u2019entr\u00e9e id\u00e9ale dans le monde des miels de Manuka. Avec une teneur certifi\u00e9e en m\u00e9thylglyoxal d\u2019environ 30 milligrammes par kilogramme, il promet le go\u00fbt cors\u00e9 de l\u2019arbre \u00e0 th\u00e9 tout en \u00e9tant si harmonieux qu\u2019il peut \u00eatre merveilleusement d\u00e9gust\u00e9 sur les tartines du petit-d\u00e9jeuner.<\/p>\n<p><br data-mce-fragment=\"1\" \/><strong>Origin<\/strong><\/p>\n<p>Les \u00eeles n\u00e9o-z\u00e9landaises, avec leur paysage intact et rude, sont le seul endroit au monde o\u00f9 poussent les arbres \u00e0 th\u00e9 Manuka. Le climat changeant va des zones subtropicales aux zones temp\u00e9r\u00e9es et cr\u00e9e un habitat unique pour la plante en forme de balai. On peut attribuer \u00e0 son utilisation une longue histoire : Les premiers habitants de Nouvelle-Z\u00e9lande, es Maoris, connaissaient d\u00e9j\u00e0 les vertus th\u00e9rapeutiques des feuilles, des graines, de l\u2019\u00e9corce et m\u00eame des racines.<\/p>\n<p><strong>Our promise of quality<\/strong><\/p>\n<p data-mce-fragment=\"1\">La qualit\u00e9 et l\u2019origine de notre miel de Manuka sont une priorit\u00e9 absolue pour nous. C\u2019est pourquoi nous n\u2019utilisons que du miel provenant d\u2019apiculteurs s\u00e9lectionn\u00e9s. Des apiculteurs que nous connaissons personnellement et qui travaillent professionnellement avec nous depuis des ann\u00e9es.<\/p>\n<p data-mce-fragment=\"1\">\nAfin d\u2019assurer et de pr\u00e9server la qualit\u00e9 du miel, nous nous appuyons sur des proc\u00e9dures de test approfondies. La teneur en MGO est confirm\u00e9e par des laboratoires ind\u00e9pendants en Nouvelle-Z\u00e9lande et en Allemagne. Notre miel est toujours exempt de glyphosate et d\u2019autres r\u00e9sidus. En outre, des \u00e9tudes sont men\u00e9es sur diff\u00e9rents param\u00e8tres cl\u00e9s pour les march\u00e9s internationaux, notamment la teneur en enzymes. Cela signifie que : Nous livrons un miel de Manuka certifi\u00e9, authentique et pur selon toutes les normes, nationales et internationales.<\/p>","protected":false},"excerpt":{"rendered":"<p>Notre miel de vari\u00e9t\u00e9s dans l\u2019\u00e9dition cuivre offre l\u2019entr\u00e9e id\u00e9ale dans le monde des miels de Manuka. Avec une teneur certifi\u00e9e en m\u00e9thylglyoxal d\u2019environ 30 milligrammes par kilogramme, il promet le go\u00fbt cors\u00e9 de l\u2019arbre \u00e0 th\u00e9 tout en \u00e9tant si harmonieux qu\u2019il peut \u00eatre merveilleusement d\u00e9gust\u00e9 sur les tartines du petit-d\u00e9jeuner. Origine Les \u00eeles [&hellip;]<\/p>\n","protected":false},"featured_media":14543,"template":"","meta":{"om_disable_all_campaigns":false},"product_brand":[],"product_cat":[15,2493],"product_tag":[113,142,119,116,118,236],"class_list":{"0":"post-14549","1":"product","2":"type-product","3":"status-publish","4":"has-post-thumbnail","6":"product_cat-beaute-sante-complements-alimentaires-soins-et-bien-etre-au-meilleur-prix","7":"product_cat-miel-de-manuka","8":"product_tag-miel-de-manuka","9":"product_tag-miel-de-manuka-100-naturel","10":"product_tag-miel-de-manuka-dangereux","11":"product_tag-miel-de-manuka-maroc","12":"product_tag-miel-de-manuka-prix","13":"product_tag-pastilles-au-miel-de-manuka","15":"first","16":"instock","17":"taxable","18":"shipping-taxable","19":"purchasable","20":"product-type-simple"},"yoast_head":"<!-- This site is optimized with the Yoast SEO plugin v27.5 - https:\/\/yoast.com\/product\/yoast-seo-wordpress\/ -->\n<title>miel Manuka Honey MGO 30 Miel pur- Maroc Prix<\/title>\n<meta name=\"description\" content=\"Achetez du Miel de Manuka MGO 30+ au Maroc. Id\u00e9al pour le bien-\u00eatre quotidien, soutien immunitaire de base et \u00e9dulcorant naturel. Miel pur.\" \/>\n<meta name=\"robots\" content=\"index, follow, max-snippet:-1, max-image-preview:large, max-video-preview:-1\" \/>\n<link rel=\"canonical\" href=\"https:\/\/vitablanca.ma\/en\/product\/manuka-honey-mgo-30\/\" \/>\n<meta property=\"og:locale\" content=\"en_US\" \/>\n<meta property=\"og:type\" content=\"article\" \/>\n<meta property=\"og:title\" content=\"miel Manuka Honey MGO 30 Miel pur- Maroc Prix\" \/>\n<meta property=\"og:description\" content=\"Achetez du Miel de Manuka MGO 30+ au Maroc. Id\u00e9al pour le bien-\u00eatre quotidien, soutien immunitaire de base et \u00e9dulcorant naturel. Miel pur.\" \/>\n<meta property=\"og:url\" content=\"https:\/\/vitablanca.ma\/en\/product\/manuka-honey-mgo-30\/\" \/>\n<meta property=\"og:site_name\" content=\"Vitablanca.ma &ndash; Sant&eacute;, vitalit&eacute; et bien-&ecirc;tre pour tous les Marocains\" \/>\n<meta property=\"article:publisher\" content=\"https:\/\/www.facebook.com\/profile.php?id=61576678196717\" \/>\n<meta property=\"article:modified_time\" content=\"2025-07-02T00:09:55+00:00\" \/>\n<meta property=\"og:image\" content=\"https:\/\/vitablanca.ma\/wp-content\/uploads\/2025\/06\/30mgocopy-scaled.png\" \/>\n\t<meta property=\"og:image:width\" content=\"2560\" \/>\n\t<meta property=\"og:image:height\" content=\"2560\" \/>\n\t<meta property=\"og:image:type\" content=\"image\/png\" \/>\n<meta name=\"twitter:card\" content=\"summary_large_image\" \/>\n<meta name=\"twitter:label1\" content=\"Est. reading time\" \/>\n\t<meta name=\"twitter:data1\" content=\"2 minutes\" \/>\n<script type=\"application\/ld+json\" class=\"yoast-schema-graph\">{\"@context\":\"https:\\\/\\\/schema.org\",\"@graph\":[{\"@type\":[\"WebPage\",\"ItemPage\"],\"@id\":\"https:\\\/\\\/vitablanca.ma\\\/produit\\\/manuka-honey-mgo-30\\\/\",\"url\":\"https:\\\/\\\/vitablanca.ma\\\/produit\\\/manuka-honey-mgo-30\\\/\",\"name\":\"miel Manuka Honey MGO 30 Miel pur- Maroc Prix\",\"isPartOf\":{\"@id\":\"https:\\\/\\\/vitablanca.ma\\\/#website\"},\"primaryImageOfPage\":{\"@id\":\"https:\\\/\\\/vitablanca.ma\\\/produit\\\/manuka-honey-mgo-30\\\/#primaryimage\"},\"image\":{\"@id\":\"https:\\\/\\\/vitablanca.ma\\\/produit\\\/manuka-honey-mgo-30\\\/#primaryimage\"},\"thumbnailUrl\":\"https:\\\/\\\/vitablanca.ma\\\/wp-content\\\/uploads\\\/2025\\\/06\\\/30mgocopy-scaled.png\",\"datePublished\":\"2025-06-04T23:12:03+00:00\",\"dateModified\":\"2025-07-02T00:09:55+00:00\",\"description\":\"Achetez du Miel de Manuka MGO 30+ au Maroc. Id\u00e9al pour le bien-\u00eatre quotidien, soutien immunitaire de base et \u00e9dulcorant naturel. Miel pur.\",\"breadcrumb\":{\"@id\":\"https:\\\/\\\/vitablanca.ma\\\/produit\\\/manuka-honey-mgo-30\\\/#breadcrumb\"},\"inLanguage\":\"en-US\",\"potentialAction\":[{\"@type\":\"ReadAction\",\"target\":[\"https:\\\/\\\/vitablanca.ma\\\/produit\\\/manuka-honey-mgo-30\\\/\"]}]},{\"@type\":\"ImageObject\",\"inLanguage\":\"en-US\",\"@id\":\"https:\\\/\\\/vitablanca.ma\\\/produit\\\/manuka-honey-mgo-30\\\/#primaryimage\",\"url\":\"https:\\\/\\\/vitablanca.ma\\\/wp-content\\\/uploads\\\/2025\\\/06\\\/30mgocopy-scaled.png\",\"contentUrl\":\"https:\\\/\\\/vitablanca.ma\\\/wp-content\\\/uploads\\\/2025\\\/06\\\/30mgocopy-scaled.png\",\"width\":2560,\"height\":2560},{\"@type\":\"BreadcrumbList\",\"@id\":\"https:\\\/\\\/vitablanca.ma\\\/produit\\\/manuka-honey-mgo-30\\\/#breadcrumb\",\"itemListElement\":[{\"@type\":\"ListItem\",\"position\":1,\"name\":\"Home\",\"item\":\"https:\\\/\\\/vitablanca.ma\\\/\"},{\"@type\":\"ListItem\",\"position\":2,\"name\":\"Tous Les Produits\",\"item\":\"https:\\\/\\\/vitablanca.ma\\\/tous-les-produits\\\/\"},{\"@type\":\"ListItem\",\"position\":3,\"name\":\"miel Manuka Honey MGO 30\"}]},{\"@type\":\"WebSite\",\"@id\":\"https:\\\/\\\/vitablanca.ma\\\/#website\",\"url\":\"https:\\\/\\\/vitablanca.ma\\\/\",\"name\":\"VitaBlanca.ma | Compl\u00e9ments alimentaires, sant\u00e9 & beaut\u00e9 au Maroc\",\"description\":\"vendre vitamines et compl\u00e9ments premium des USA &amp; Canada, Nouvelle Z\u00e9lande,Maroc (NOW Foods, Solgar, Manuka). Livraison rapide partout au Maroc.\",\"publisher\":{\"@id\":\"https:\\\/\\\/vitablanca.ma\\\/#organization\"},\"alternateName\":\"VitaBlanca.ma\",\"potentialAction\":[{\"@type\":\"SearchAction\",\"target\":{\"@type\":\"EntryPoint\",\"urlTemplate\":\"https:\\\/\\\/vitablanca.ma\\\/?s={search_term_string}\"},\"query-input\":{\"@type\":\"PropertyValueSpecification\",\"valueRequired\":true,\"valueName\":\"search_term_string\"}}],\"inLanguage\":\"en-US\"},{\"@type\":\"Organization\",\"@id\":\"https:\\\/\\\/vitablanca.ma\\\/#organization\",\"name\":\"VitaBlanca\",\"url\":\"https:\\\/\\\/vitablanca.ma\\\/\",\"logo\":{\"@type\":\"ImageObject\",\"inLanguage\":\"en-US\",\"@id\":\"https:\\\/\\\/vitablanca.ma\\\/#\\\/schema\\\/logo\\\/image\\\/\",\"url\":\"https:\\\/\\\/vitablanca.ma\\\/wp-content\\\/uploads\\\/2025\\\/05\\\/cropped-vitablanca.png\",\"contentUrl\":\"https:\\\/\\\/vitablanca.ma\\\/wp-content\\\/uploads\\\/2025\\\/05\\\/cropped-vitablanca.png\",\"width\":360,\"height\":67,\"caption\":\"VitaBlanca\"},\"image\":{\"@id\":\"https:\\\/\\\/vitablanca.ma\\\/#\\\/schema\\\/logo\\\/image\\\/\"},\"sameAs\":[\"https:\\\/\\\/www.facebook.com\\\/profile.php?id=61576678196717\",\"https:\\\/\\\/www.tiktok.com\\\/@vitablanca.ma\",\"https:\\\/\\\/www.instagram.com\\\/vitablanca.ma\\\/\"]}]}<\/script>\n<!-- \/ Yoast SEO plugin. -->","yoast_head_json":{"title":"Manuka Honey MGO 30 Pure Honey - Morocco Price","description":"Buy MGO 30+ Manuka Honey in Morocco. Ideal for daily well-being, basic immune support, and a natural sweetener. Pure honey.","robots":{"index":"index","follow":"follow","max-snippet":"max-snippet:-1","max-image-preview":"max-image-preview:large","max-video-preview":"max-video-preview:-1"},"canonical":"https:\/\/vitablanca.ma\/en\/product\/manuka-honey-mgo-30\/","og_locale":"en_US","og_type":"article","og_title":"miel Manuka Honey MGO 30 Miel pur- Maroc Prix","og_description":"Achetez du Miel de Manuka MGO 30+ au Maroc. Id\u00e9al pour le bien-\u00eatre quotidien, soutien immunitaire de base et \u00e9dulcorant naturel. Miel pur.","og_url":"https:\/\/vitablanca.ma\/en\/product\/manuka-honey-mgo-30\/","og_site_name":"Vitablanca.ma &ndash; Sant&eacute;, vitalit&eacute; et bien-&ecirc;tre pour tous les Marocains","article_publisher":"https:\/\/www.facebook.com\/profile.php?id=61576678196717","article_modified_time":"2025-07-02T00:09:55+00:00","og_image":[{"width":2560,"height":2560,"url":"https:\/\/vitablanca.ma\/wp-content\/uploads\/2025\/06\/30mgocopy-scaled.png","type":"image\/png"}],"twitter_card":"summary_large_image","twitter_misc":{"Est. reading time":"2 minutes"},"schema":{"@context":"https:\/\/schema.org","@graph":[{"@type":["WebPage","ItemPage"],"@id":"https:\/\/vitablanca.ma\/produit\/manuka-honey-mgo-30\/","url":"https:\/\/vitablanca.ma\/produit\/manuka-honey-mgo-30\/","name":"Manuka Honey MGO 30 Pure Honey - Morocco Price","isPartOf":{"@id":"https:\/\/vitablanca.ma\/#website"},"primaryImageOfPage":{"@id":"https:\/\/vitablanca.ma\/produit\/manuka-honey-mgo-30\/#primaryimage"},"image":{"@id":"https:\/\/vitablanca.ma\/produit\/manuka-honey-mgo-30\/#primaryimage"},"thumbnailUrl":"https:\/\/vitablanca.ma\/wp-content\/uploads\/2025\/06\/30mgocopy-scaled.png","datePublished":"2025-06-04T23:12:03+00:00","dateModified":"2025-07-02T00:09:55+00:00","description":"Buy MGO 30+ Manuka Honey in Morocco. Ideal for daily well-being, basic immune support, and a natural sweetener. Pure honey.","breadcrumb":{"@id":"https:\/\/vitablanca.ma\/produit\/manuka-honey-mgo-30\/#breadcrumb"},"inLanguage":"en-US","potentialAction":[{"@type":"ReadAction","target":["https:\/\/vitablanca.ma\/produit\/manuka-honey-mgo-30\/"]}]},{"@type":"ImageObject","inLanguage":"en-US","@id":"https:\/\/vitablanca.ma\/produit\/manuka-honey-mgo-30\/#primaryimage","url":"https:\/\/vitablanca.ma\/wp-content\/uploads\/2025\/06\/30mgocopy-scaled.png","contentUrl":"https:\/\/vitablanca.ma\/wp-content\/uploads\/2025\/06\/30mgocopy-scaled.png","width":2560,"height":2560},{"@type":"BreadcrumbList","@id":"https:\/\/vitablanca.ma\/produit\/manuka-honey-mgo-30\/#breadcrumb","itemListElement":[{"@type":"ListItem","position":1,"name":"Home","item":"https:\/\/vitablanca.ma\/"},{"@type":"ListItem","position":2,"name":"Tous Les Produits","item":"https:\/\/vitablanca.ma\/tous-les-produits\/"},{"@type":"ListItem","position":3,"name":"miel Manuka Honey MGO 30"}]},{"@type":"WebSite","@id":"https:\/\/vitablanca.ma\/#website","url":"https:\/\/vitablanca.ma\/","name":"VitaBlanca.ma | Food supplements, health &amp; beauty in Morocco","description":"sell premium vitamins and supplements from USA &amp; Canada, New Zealand, Morocco (NOW Foods, Solgar, Manuka). Fast delivery anywhere in Morocco.","publisher":{"@id":"https:\/\/vitablanca.ma\/#organization"},"alternateName":"VitaBlanca.ma","potentialAction":[{"@type":"SearchAction","target":{"@type":"EntryPoint","urlTemplate":"https:\/\/vitablanca.ma\/?s={search_term_string}"},"query-input":{"@type":"PropertyValueSpecification","valueRequired":true,"valueName":"search_term_string"}}],"inLanguage":"en-US"},{"@type":"Organization","@id":"https:\/\/vitablanca.ma\/#organization","name":"VitaBlanca","url":"https:\/\/vitablanca.ma\/","logo":{"@type":"ImageObject","inLanguage":"en-US","@id":"https:\/\/vitablanca.ma\/#\/schema\/logo\/image\/","url":"https:\/\/vitablanca.ma\/wp-content\/uploads\/2025\/05\/cropped-vitablanca.png","contentUrl":"https:\/\/vitablanca.ma\/wp-content\/uploads\/2025\/05\/cropped-vitablanca.png","width":360,"height":67,"caption":"VitaBlanca"},"image":{"@id":"https:\/\/vitablanca.ma\/#\/schema\/logo\/image\/"},"sameAs":["https:\/\/www.facebook.com\/profile.php?id=61576678196717","https:\/\/www.tiktok.com\/@vitablanca.ma","https:\/\/www.instagram.com\/vitablanca.ma\/"]}]}},"jetpack_sharing_enabled":true,"_links":{"self":[{"href":"https:\/\/vitablanca.ma\/en\/wp-json\/wp\/v2\/product\/14549","targetHints":{"allow":["GET"]}}],"collection":[{"href":"https:\/\/vitablanca.ma\/en\/wp-json\/wp\/v2\/product"}],"about":[{"href":"https:\/\/vitablanca.ma\/en\/wp-json\/wp\/v2\/types\/product"}],"wp:featuredmedia":[{"embeddable":true,"href":"https:\/\/vitablanca.ma\/en\/wp-json\/wp\/v2\/media\/14543"}],"wp:attachment":[{"href":"https:\/\/vitablanca.ma\/en\/wp-json\/wp\/v2\/media?parent=14549"}],"wp:term":[{"taxonomy":"product_brand","embeddable":true,"href":"https:\/\/vitablanca.ma\/en\/wp-json\/wp\/v2\/product_brand?post=14549"},{"taxonomy":"product_cat","embeddable":true,"href":"https:\/\/vitablanca.ma\/en\/wp-json\/wp\/v2\/product_cat?post=14549"},{"taxonomy":"product_tag","embeddable":true,"href":"https:\/\/vitablanca.ma\/en\/wp-json\/wp\/v2\/product_tag?post=14549"}],"curies":[{"name":"wp","href":"https:\/\/api.w.org\/{rel}","templated":true}]}}