{"id":14532,"date":"2025-06-04T23:08:49","date_gmt":"2025-06-04T23:08:49","guid":{"rendered":"https:\/\/vitablanca.ma\/product\/manuka-honey-mgo-250-3-pack\/"},"modified":"2025-07-06T13:26:26","modified_gmt":"2025-07-06T13:26:26","slug":"manuka-honey-mgo-250-3-pack","status":"publish","type":"product","link":"https:\/\/vitablanca.ma\/en\/product\/manuka-honey-mgo-250-3-pack\/","title":{"rendered":"MANUKA HONEY MGO 250 (3-Pack)"},"content":{"rendered":"<p data-mce-fragment=\"1\">Notre Gold Edition de Wairarapa, Nouvelle-Z\u00e9lande, offre un large \u00e9ventail d\u2019utilisations possibles et apaisantes. Le\u00a0MGO 250 d\u00e9licieux avec les th\u00e9s, ce miel apporte non seulement une saveur intense, mais aussi une sensation de bien-\u00eatre quotidien. Pour de meilleurs r\u00e9sultats, le miel de Manuka MGO 250 est de pr\u00e9f\u00e9rence appr\u00e9ci\u00e9 purement et directement \u00e0 la cuill\u00e8re \u00e0 caf\u00e9 30 minutes avant le petit-d\u00e9jeuner.<\/p>\n<p data-mce-fragment=\"1\"><strong data-mce-fragment=\"1\">Our promise of quality<\/strong><\/p>\n<p data-mce-fragment=\"1\">La qualit\u00e9 et l\u2019origine de notre miel de Manuka sont une priorit\u00e9 absolue pour nous. C\u2019est pourquoi nous n\u2019utilisons que du miel provenant d\u2019apiculteurs s\u00e9lectionn\u00e9s. Des apiculteurs que nous connaissons personnellement et qui travaillent professionnellement avec nous depuis des ann\u00e9es.<br data-mce-fragment=\"1\">Afin d\u2019assurer et de pr\u00e9server la qualit\u00e9 du miel, nous nous appuyons sur des proc\u00e9dures de test approfondies. La teneur en MGO est confirm\u00e9e par des laboratoires ind\u00e9pendants en Nouvelle-Z\u00e9lande et en Allemagne. Notre miel est toujours exempt de glyphosate et d\u2019autres r\u00e9sidus. En outre, des \u00e9tudes sont men\u00e9es sur diff\u00e9rents param\u00e8tres cl\u00e9s pour les march\u00e9s internationaux, notamment la teneur en enzymes. Cela signifie que : Nous livrons un miel de Manuka certifi\u00e9, authentique et pur selon toutes les normes, nationales et internationales.<\/p>\n<p data-mce-fragment=\"1\"><strong data-mce-fragment=\"1\">Instructions<\/strong><\/p>\n<p data-mce-fragment=\"1\">\u2013 Ajoutez le Manuka \u00e0 votre th\u00e9, vos toasts, votre yaourt ou vos smoothies.<br data-mce-fragment=\"1\">\u2013 Savourez une cuiller\u00e9e le matin ou avant une s\u00e9ance d\u2019entra\u00eenement.<br data-mce-fragment=\"1\">\u2013 Int\u00e9grez le Manuka dans votre routine de beaut\u00e9 quotidienne.<\/p>","protected":false},"excerpt":{"rendered":"<p>Notre Gold Edition de Wairarapa, Nouvelle-Z\u00e9lande, offre un large \u00e9ventail d\u2019utilisations possibles et apaisantes. Le\u00a0MGO 250 d\u00e9licieux avec les th\u00e9s, ce miel apporte non seulement une saveur intense, mais aussi une sensation de bien-\u00eatre quotidien. Pour de meilleurs r\u00e9sultats, le miel de Manuka MGO 250 est de pr\u00e9f\u00e9rence appr\u00e9ci\u00e9 purement et directement \u00e0 la cuill\u00e8re [&hellip;]<\/p>\n","protected":false},"featured_media":14530,"template":"","meta":{"om_disable_all_campaigns":false},"product_brand":[],"product_cat":[15,2493],"product_tag":[113,142,119,116,118,236],"class_list":{"0":"post-14532","1":"product","2":"type-product","3":"status-publish","4":"has-post-thumbnail","6":"product_cat-beaute-sante-complements-alimentaires-soins-et-bien-etre-au-meilleur-prix","7":"product_cat-miel-de-manuka","8":"product_tag-miel-de-manuka","9":"product_tag-miel-de-manuka-100-naturel","10":"product_tag-miel-de-manuka-dangereux","11":"product_tag-miel-de-manuka-maroc","12":"product_tag-miel-de-manuka-prix","13":"product_tag-pastilles-au-miel-de-manuka","15":"first","16":"instock","17":"sale","18":"taxable","19":"shipping-taxable","20":"purchasable","21":"product-type-simple"},"yoast_head":"<!-- This site is optimized with the Yoast SEO plugin v27.5 - https:\/\/yoast.com\/product\/yoast-seo-wordpress\/ -->\n<title>3 Pack MANUKA HONEY MGO 250 au Maroc : Le Meilleur Qualit\u00e9<\/title>\n<meta name=\"description\" content=\"Achetez votre 3-pack de Miel de Manuka MGO 250+ au Maroc. Soutien immunitaire, digestif et apaisant en format \u00e9conomique. Miel pur et certifi\u00e9 de Nouvelle-Z\u00e9lande.\" \/>\n<meta name=\"robots\" content=\"index, follow, max-snippet:-1, max-image-preview:large, max-video-preview:-1\" \/>\n<link rel=\"canonical\" href=\"https:\/\/vitablanca.ma\/en\/product\/manuka-honey-mgo-250-3-pack\/\" \/>\n<meta property=\"og:locale\" content=\"en_US\" \/>\n<meta property=\"og:type\" content=\"article\" \/>\n<meta property=\"og:title\" content=\"3 Pack MANUKA HONEY MGO 250 au Maroc : Le Meilleur Qualit\u00e9\" \/>\n<meta property=\"og:description\" content=\"Achetez votre 3-pack de Miel de Manuka MGO 250+ au Maroc. Soutien immunitaire, digestif et apaisant en format \u00e9conomique. Miel pur et certifi\u00e9 de Nouvelle-Z\u00e9lande.\" \/>\n<meta property=\"og:url\" content=\"https:\/\/vitablanca.ma\/en\/product\/manuka-honey-mgo-250-3-pack\/\" \/>\n<meta property=\"og:site_name\" content=\"Vitablanca.ma &ndash; Sant&eacute;, vitalit&eacute; et bien-&ecirc;tre pour tous les Marocains\" \/>\n<meta property=\"article:publisher\" content=\"https:\/\/www.facebook.com\/profile.php?id=61576678196717\" \/>\n<meta property=\"article:modified_time\" content=\"2025-07-06T13:26:26+00:00\" \/>\n<meta property=\"og:image\" content=\"https:\/\/vitablanca.ma\/wp-content\/uploads\/2025\/06\/3Pack250MGO-1.png\" \/>\n\t<meta property=\"og:image:width\" content=\"1080\" \/>\n\t<meta property=\"og:image:height\" content=\"1080\" \/>\n\t<meta property=\"og:image:type\" content=\"image\/png\" \/>\n<meta name=\"twitter:card\" content=\"summary_large_image\" \/>\n<meta name=\"twitter:label1\" content=\"Est. reading time\" \/>\n\t<meta name=\"twitter:data1\" content=\"2 minutes\" \/>\n<script type=\"application\/ld+json\" class=\"yoast-schema-graph\">{\"@context\":\"https:\\\/\\\/schema.org\",\"@graph\":[{\"@type\":[\"WebPage\",\"ItemPage\"],\"@id\":\"https:\\\/\\\/vitablanca.ma\\\/produit\\\/manuka-honey-mgo-250-3-pack\\\/\",\"url\":\"https:\\\/\\\/vitablanca.ma\\\/produit\\\/manuka-honey-mgo-250-3-pack\\\/\",\"name\":\"3 Pack MANUKA HONEY MGO 250 au Maroc : Le Meilleur Qualit\u00e9\",\"isPartOf\":{\"@id\":\"https:\\\/\\\/vitablanca.ma\\\/#website\"},\"primaryImageOfPage\":{\"@id\":\"https:\\\/\\\/vitablanca.ma\\\/produit\\\/manuka-honey-mgo-250-3-pack\\\/#primaryimage\"},\"image\":{\"@id\":\"https:\\\/\\\/vitablanca.ma\\\/produit\\\/manuka-honey-mgo-250-3-pack\\\/#primaryimage\"},\"thumbnailUrl\":\"https:\\\/\\\/vitablanca.ma\\\/wp-content\\\/uploads\\\/2025\\\/06\\\/3Pack250MGO-1.png\",\"datePublished\":\"2025-06-04T23:08:49+00:00\",\"dateModified\":\"2025-07-06T13:26:26+00:00\",\"description\":\"Achetez votre 3-pack de Miel de Manuka MGO 250+ au Maroc. Soutien immunitaire, digestif et apaisant en format \u00e9conomique. Miel pur et certifi\u00e9 de Nouvelle-Z\u00e9lande.\",\"breadcrumb\":{\"@id\":\"https:\\\/\\\/vitablanca.ma\\\/produit\\\/manuka-honey-mgo-250-3-pack\\\/#breadcrumb\"},\"inLanguage\":\"en-US\",\"potentialAction\":[{\"@type\":\"ReadAction\",\"target\":[\"https:\\\/\\\/vitablanca.ma\\\/produit\\\/manuka-honey-mgo-250-3-pack\\\/\"]}]},{\"@type\":\"ImageObject\",\"inLanguage\":\"en-US\",\"@id\":\"https:\\\/\\\/vitablanca.ma\\\/produit\\\/manuka-honey-mgo-250-3-pack\\\/#primaryimage\",\"url\":\"https:\\\/\\\/vitablanca.ma\\\/wp-content\\\/uploads\\\/2025\\\/06\\\/3Pack250MGO-1.png\",\"contentUrl\":\"https:\\\/\\\/vitablanca.ma\\\/wp-content\\\/uploads\\\/2025\\\/06\\\/3Pack250MGO-1.png\",\"width\":1080,\"height\":1080},{\"@type\":\"BreadcrumbList\",\"@id\":\"https:\\\/\\\/vitablanca.ma\\\/produit\\\/manuka-honey-mgo-250-3-pack\\\/#breadcrumb\",\"itemListElement\":[{\"@type\":\"ListItem\",\"position\":1,\"name\":\"Home\",\"item\":\"https:\\\/\\\/vitablanca.ma\\\/\"},{\"@type\":\"ListItem\",\"position\":2,\"name\":\"Tous Les Produits\",\"item\":\"https:\\\/\\\/vitablanca.ma\\\/tous-les-produits\\\/\"},{\"@type\":\"ListItem\",\"position\":3,\"name\":\"MANUKA HONEY MGO 250 (3-Pack)\"}]},{\"@type\":\"WebSite\",\"@id\":\"https:\\\/\\\/vitablanca.ma\\\/#website\",\"url\":\"https:\\\/\\\/vitablanca.ma\\\/\",\"name\":\"VitaBlanca.ma | Compl\u00e9ments alimentaires, sant\u00e9 & beaut\u00e9 au Maroc\",\"description\":\"vendre vitamines et compl\u00e9ments premium des USA &amp; Canada, Nouvelle Z\u00e9lande,Maroc (NOW Foods, Solgar, Manuka). Livraison rapide partout au Maroc.\",\"publisher\":{\"@id\":\"https:\\\/\\\/vitablanca.ma\\\/#organization\"},\"alternateName\":\"VitaBlanca.ma\",\"potentialAction\":[{\"@type\":\"SearchAction\",\"target\":{\"@type\":\"EntryPoint\",\"urlTemplate\":\"https:\\\/\\\/vitablanca.ma\\\/?s={search_term_string}\"},\"query-input\":{\"@type\":\"PropertyValueSpecification\",\"valueRequired\":true,\"valueName\":\"search_term_string\"}}],\"inLanguage\":\"en-US\"},{\"@type\":\"Organization\",\"@id\":\"https:\\\/\\\/vitablanca.ma\\\/#organization\",\"name\":\"VitaBlanca\",\"url\":\"https:\\\/\\\/vitablanca.ma\\\/\",\"logo\":{\"@type\":\"ImageObject\",\"inLanguage\":\"en-US\",\"@id\":\"https:\\\/\\\/vitablanca.ma\\\/#\\\/schema\\\/logo\\\/image\\\/\",\"url\":\"https:\\\/\\\/vitablanca.ma\\\/wp-content\\\/uploads\\\/2025\\\/05\\\/cropped-vitablanca.png\",\"contentUrl\":\"https:\\\/\\\/vitablanca.ma\\\/wp-content\\\/uploads\\\/2025\\\/05\\\/cropped-vitablanca.png\",\"width\":360,\"height\":67,\"caption\":\"VitaBlanca\"},\"image\":{\"@id\":\"https:\\\/\\\/vitablanca.ma\\\/#\\\/schema\\\/logo\\\/image\\\/\"},\"sameAs\":[\"https:\\\/\\\/www.facebook.com\\\/profile.php?id=61576678196717\",\"https:\\\/\\\/www.tiktok.com\\\/@vitablanca.ma\",\"https:\\\/\\\/www.instagram.com\\\/vitablanca.ma\\\/\"]}]}<\/script>\n<!-- \/ Yoast SEO plugin. -->","yoast_head_json":{"title":"3 Pack MANUKA HONEY MGO 250 in Morocco: The Best Quality","description":"Buy your 3-pack of MGO 250+ Manuka Honey in Morocco. It provides immune, digestive, and soothing support in a value pack. Pure, certified New Zealand honey.","robots":{"index":"index","follow":"follow","max-snippet":"max-snippet:-1","max-image-preview":"max-image-preview:large","max-video-preview":"max-video-preview:-1"},"canonical":"https:\/\/vitablanca.ma\/en\/product\/manuka-honey-mgo-250-3-pack\/","og_locale":"en_US","og_type":"article","og_title":"3 Pack MANUKA HONEY MGO 250 au Maroc : Le Meilleur Qualit\u00e9","og_description":"Achetez votre 3-pack de Miel de Manuka MGO 250+ au Maroc. Soutien immunitaire, digestif et apaisant en format \u00e9conomique. Miel pur et certifi\u00e9 de Nouvelle-Z\u00e9lande.","og_url":"https:\/\/vitablanca.ma\/en\/product\/manuka-honey-mgo-250-3-pack\/","og_site_name":"Vitablanca.ma &ndash; Sant&eacute;, vitalit&eacute; et bien-&ecirc;tre pour tous les Marocains","article_publisher":"https:\/\/www.facebook.com\/profile.php?id=61576678196717","article_modified_time":"2025-07-06T13:26:26+00:00","og_image":[{"width":1080,"height":1080,"url":"https:\/\/vitablanca.ma\/wp-content\/uploads\/2025\/06\/3Pack250MGO-1.png","type":"image\/png"}],"twitter_card":"summary_large_image","twitter_misc":{"Est. reading time":"2 minutes"},"schema":{"@context":"https:\/\/schema.org","@graph":[{"@type":["WebPage","ItemPage"],"@id":"https:\/\/vitablanca.ma\/produit\/manuka-honey-mgo-250-3-pack\/","url":"https:\/\/vitablanca.ma\/produit\/manuka-honey-mgo-250-3-pack\/","name":"3 Pack MANUKA HONEY MGO 250 in Morocco: The Best Quality","isPartOf":{"@id":"https:\/\/vitablanca.ma\/#website"},"primaryImageOfPage":{"@id":"https:\/\/vitablanca.ma\/produit\/manuka-honey-mgo-250-3-pack\/#primaryimage"},"image":{"@id":"https:\/\/vitablanca.ma\/produit\/manuka-honey-mgo-250-3-pack\/#primaryimage"},"thumbnailUrl":"https:\/\/vitablanca.ma\/wp-content\/uploads\/2025\/06\/3Pack250MGO-1.png","datePublished":"2025-06-04T23:08:49+00:00","dateModified":"2025-07-06T13:26:26+00:00","description":"Buy your 3-pack of MGO 250+ Manuka Honey in Morocco. It provides immune, digestive, and soothing support in a value pack. Pure, certified New Zealand honey.","breadcrumb":{"@id":"https:\/\/vitablanca.ma\/produit\/manuka-honey-mgo-250-3-pack\/#breadcrumb"},"inLanguage":"en-US","potentialAction":[{"@type":"ReadAction","target":["https:\/\/vitablanca.ma\/produit\/manuka-honey-mgo-250-3-pack\/"]}]},{"@type":"ImageObject","inLanguage":"en-US","@id":"https:\/\/vitablanca.ma\/produit\/manuka-honey-mgo-250-3-pack\/#primaryimage","url":"https:\/\/vitablanca.ma\/wp-content\/uploads\/2025\/06\/3Pack250MGO-1.png","contentUrl":"https:\/\/vitablanca.ma\/wp-content\/uploads\/2025\/06\/3Pack250MGO-1.png","width":1080,"height":1080},{"@type":"BreadcrumbList","@id":"https:\/\/vitablanca.ma\/produit\/manuka-honey-mgo-250-3-pack\/#breadcrumb","itemListElement":[{"@type":"ListItem","position":1,"name":"Home","item":"https:\/\/vitablanca.ma\/"},{"@type":"ListItem","position":2,"name":"Tous Les Produits","item":"https:\/\/vitablanca.ma\/tous-les-produits\/"},{"@type":"ListItem","position":3,"name":"MANUKA HONEY MGO 250 (3-Pack)"}]},{"@type":"WebSite","@id":"https:\/\/vitablanca.ma\/#website","url":"https:\/\/vitablanca.ma\/","name":"VitaBlanca.ma | Food supplements, health &amp; beauty in Morocco","description":"sell premium vitamins and supplements from USA &amp; Canada, New Zealand, Morocco (NOW Foods, Solgar, Manuka). Fast delivery anywhere in Morocco.","publisher":{"@id":"https:\/\/vitablanca.ma\/#organization"},"alternateName":"VitaBlanca.ma","potentialAction":[{"@type":"SearchAction","target":{"@type":"EntryPoint","urlTemplate":"https:\/\/vitablanca.ma\/?s={search_term_string}"},"query-input":{"@type":"PropertyValueSpecification","valueRequired":true,"valueName":"search_term_string"}}],"inLanguage":"en-US"},{"@type":"Organization","@id":"https:\/\/vitablanca.ma\/#organization","name":"VitaBlanca","url":"https:\/\/vitablanca.ma\/","logo":{"@type":"ImageObject","inLanguage":"en-US","@id":"https:\/\/vitablanca.ma\/#\/schema\/logo\/image\/","url":"https:\/\/vitablanca.ma\/wp-content\/uploads\/2025\/05\/cropped-vitablanca.png","contentUrl":"https:\/\/vitablanca.ma\/wp-content\/uploads\/2025\/05\/cropped-vitablanca.png","width":360,"height":67,"caption":"VitaBlanca"},"image":{"@id":"https:\/\/vitablanca.ma\/#\/schema\/logo\/image\/"},"sameAs":["https:\/\/www.facebook.com\/profile.php?id=61576678196717","https:\/\/www.tiktok.com\/@vitablanca.ma","https:\/\/www.instagram.com\/vitablanca.ma\/"]}]}},"jetpack_sharing_enabled":true,"_links":{"self":[{"href":"https:\/\/vitablanca.ma\/en\/wp-json\/wp\/v2\/product\/14532","targetHints":{"allow":["GET"]}}],"collection":[{"href":"https:\/\/vitablanca.ma\/en\/wp-json\/wp\/v2\/product"}],"about":[{"href":"https:\/\/vitablanca.ma\/en\/wp-json\/wp\/v2\/types\/product"}],"wp:featuredmedia":[{"embeddable":true,"href":"https:\/\/vitablanca.ma\/en\/wp-json\/wp\/v2\/media\/14530"}],"wp:attachment":[{"href":"https:\/\/vitablanca.ma\/en\/wp-json\/wp\/v2\/media?parent=14532"}],"wp:term":[{"taxonomy":"product_brand","embeddable":true,"href":"https:\/\/vitablanca.ma\/en\/wp-json\/wp\/v2\/product_brand?post=14532"},{"taxonomy":"product_cat","embeddable":true,"href":"https:\/\/vitablanca.ma\/en\/wp-json\/wp\/v2\/product_cat?post=14532"},{"taxonomy":"product_tag","embeddable":true,"href":"https:\/\/vitablanca.ma\/en\/wp-json\/wp\/v2\/product_tag?post=14532"}],"curies":[{"name":"wp","href":"https:\/\/api.w.org\/{rel}","templated":true}]}}