{"id":14502,"date":"2025-06-04T20:43:29","date_gmt":"2025-06-04T20:43:29","guid":{"rendered":"https:\/\/vitablanca.ma\/?post_type=product&#038;p=14502"},"modified":"2025-08-30T21:21:04","modified_gmt":"2025-08-30T21:21:04","slug":"solaray-mega-multi-mineral100-gelules-maroc","status":"publish","type":"product","link":"https:\/\/vitablanca.ma\/en\/product\/solaray-mega-multi-mineral100-gelules-maroc\/","title":{"rendered":"Solaray Mega Multi Mineral,100 capsules"},"content":{"rendered":"<p>Minerals allow the body to function properly.<\/p>\n\n\n\n<p>Minerals are essential for our body&#039;s processes, such as bone formation, electrolyte balance, muscle contraction, and hormone production.<\/p>\n\n\n\n<p>Mega Multi Mineral\u00a0de\u00a0Solaray\u00a0est un compl\u00e9ment alimentaire qui apporte des min\u00e9raux, contribuant ainsi au bon fonctionnement de l\u2019organisme, des muscles et du syst\u00e8me nerveux. Il contient de la vitamine D2 pour mieux am\u00e9liorer le calcium.<\/p>\n\n\n\n<p>En outre, gr\u00e2ce \u00e0 qu\u2019il est associ\u00e9 \u00e0 une base de riz, ces min\u00e9raux sont amino-ch\u00e9lat\u00e9s, ce qui garantit une absorption plus efficace, c\u2019est \u00e0 dire, une\u00a0haute biodisponibilit\u00e9.<\/p>\n\n\n\n<p>Si vous \u00eatres un athl\u00e8te ou si votre alimentation a des carences en min\u00e9raux, essayez\u00a0Mega Multi Mineral !<a href=\"https:\/\/www.jumia.ma\/customer\/account\/login\/?tkWl=SO243DV189RJUNAFAMZ-38700908&return=%2Fmega-multi-mineral100-gelules-solaray-mpg983777.html\"><\/a><\/p>","protected":false},"excerpt":{"rendered":"<ul>\n<li>100 % of the NRVs of Zinc, Manganese, Chromium per capsule.<\/li>\n<li>50 % of Copper and Molybdenum NRVs per capsule.<\/li>\n<li>50 % of vitamin D2 NRVs per capsule.<\/li>\n<li>100 mg of Calcium per capsule.<\/li>\n<li>50 mg of Magnesium per capsule.<\/li>\n<li>5 mg of Iron per capsule.<\/li>\n<li>56 mcg of Iodine per capsule.<\/li>\n<li>0.75 mg of Boron per capsule.<\/li>\n<li>50 mg of Selenium per capsule.<\/li>\n<\/ul>","protected":false},"featured_media":14504,"template":"","meta":{"om_disable_all_campaigns":false},"product_brand":[673],"product_cat":[18,3366,163,19],"product_tag":[2099,2379,2373,2349,2374,314,2375,178,2378,2377,2376,2831,2380,1711],"class_list":{"0":"post-14502","1":"product","2":"type-product","3":"status-publish","4":"has-post-thumbnail","6":"product_brand-solaray-maroc-prix","7":"product_cat-beaute-sante","8":"product_cat-complements-alimentaires-au-maroc-vitablanca","9":"product_cat-mineraux","10":"product_cat-vitamines-supplements-dietetiques","11":"product_tag-100-gelules-faciles-a-avaler","12":"product_tag-contient-calcium","13":"product_tag-convient-aux-adultes-actifs","14":"product_tag-fabrique-aux-etats-unis","15":"product_tag-favorise-les-fonctions-musculaires-et-nerveuses","16":"product_tag-fer","17":"product_tag-formule-complete-en-mineraux-essentiels","18":"product_tag-magnesium","19":"product_tag-marque-solaray-reconnue","20":"product_tag-renforce-limmunite","21":"product_tag-selenium","22":"product_tag-solaray","23":"product_tag-soutient-la-sante-des-os-et-des-dents","24":"product_tag-zinc","26":"first","27":"instock","28":"taxable","29":"shipping-taxable","30":"purchasable","31":"product-type-simple"},"yoast_head":"<!-- This site is optimized with the Yoast SEO plugin v27.5 - https:\/\/yoast.com\/product\/yoast-seo-wordpress\/ -->\n<title>Achet Solaray Mega Multi Mineral,100 g\u00e9lules - Maroc Prix<\/title>\n<meta name=\"description\" content=\"Achetez Solaray Mega Multi Min\u00e9raux au Maroc. Ces 100 g\u00e9lules offrent un complexe \u00e9quilibr\u00e9 de min\u00e9raux essentiels pour soutenir la sant\u00e9 osseuse.\" \/>\n<meta name=\"robots\" content=\"index, follow, max-snippet:-1, max-image-preview:large, max-video-preview:-1\" \/>\n<link rel=\"canonical\" href=\"https:\/\/vitablanca.ma\/en\/product\/solaray-mega-multi-mineral100-gelules-maroc\/\" \/>\n<meta property=\"og:locale\" content=\"en_US\" \/>\n<meta property=\"og:type\" content=\"article\" \/>\n<meta property=\"og:title\" content=\"Achet Solaray Mega Multi Mineral,100 g\u00e9lules - Maroc Prix\" \/>\n<meta property=\"og:description\" content=\"Achetez Solaray Mega Multi Min\u00e9raux au Maroc. Ces 100 g\u00e9lules offrent un complexe \u00e9quilibr\u00e9 de min\u00e9raux essentiels pour soutenir la sant\u00e9 osseuse.\" \/>\n<meta property=\"og:url\" content=\"https:\/\/vitablanca.ma\/en\/product\/solaray-mega-multi-mineral100-gelules-maroc\/\" \/>\n<meta property=\"og:site_name\" content=\"Vitablanca.ma &ndash; Sant&eacute;, vitalit&eacute; et bien-&ecirc;tre pour tous les Marocains\" \/>\n<meta property=\"article:publisher\" content=\"https:\/\/www.facebook.com\/profile.php?id=61576678196717\" \/>\n<meta property=\"article:modified_time\" content=\"2025-08-30T21:21:04+00:00\" \/>\n<meta property=\"og:image\" content=\"https:\/\/vitablanca.ma\/wp-content\/uploads\/2025\/06\/mega-multi-mineral100-gelules-solaray-.jpg\" \/>\n\t<meta property=\"og:image:width\" content=\"680\" \/>\n\t<meta property=\"og:image:height\" content=\"680\" \/>\n\t<meta property=\"og:image:type\" content=\"image\/jpeg\" \/>\n<meta name=\"twitter:card\" content=\"summary_large_image\" \/>\n<meta name=\"twitter:label1\" content=\"Est. reading time\" \/>\n\t<meta name=\"twitter:data1\" content=\"1 minute\" \/>\n<script type=\"application\/ld+json\" class=\"yoast-schema-graph\">{\"@context\":\"https:\\\/\\\/schema.org\",\"@graph\":[{\"@type\":[\"WebPage\",\"ItemPage\"],\"@id\":\"https:\\\/\\\/vitablanca.ma\\\/produit\\\/solaray-mega-multi-mineral100-gelules-maroc\\\/\",\"url\":\"https:\\\/\\\/vitablanca.ma\\\/produit\\\/solaray-mega-multi-mineral100-gelules-maroc\\\/\",\"name\":\"Achet Solaray Mega Multi Mineral,100 g\u00e9lules - Maroc Prix\",\"isPartOf\":{\"@id\":\"https:\\\/\\\/vitablanca.ma\\\/#website\"},\"primaryImageOfPage\":{\"@id\":\"https:\\\/\\\/vitablanca.ma\\\/produit\\\/solaray-mega-multi-mineral100-gelules-maroc\\\/#primaryimage\"},\"image\":{\"@id\":\"https:\\\/\\\/vitablanca.ma\\\/produit\\\/solaray-mega-multi-mineral100-gelules-maroc\\\/#primaryimage\"},\"thumbnailUrl\":\"https:\\\/\\\/vitablanca.ma\\\/wp-content\\\/uploads\\\/2025\\\/06\\\/mega-multi-mineral100-gelules-solaray-.jpg\",\"datePublished\":\"2025-06-04T20:43:29+00:00\",\"dateModified\":\"2025-08-30T21:21:04+00:00\",\"description\":\"Achetez Solaray Mega Multi Min\u00e9raux au Maroc. Ces 100 g\u00e9lules offrent un complexe \u00e9quilibr\u00e9 de min\u00e9raux essentiels pour soutenir la sant\u00e9 osseuse.\",\"breadcrumb\":{\"@id\":\"https:\\\/\\\/vitablanca.ma\\\/produit\\\/solaray-mega-multi-mineral100-gelules-maroc\\\/#breadcrumb\"},\"inLanguage\":\"en-US\",\"potentialAction\":[{\"@type\":\"ReadAction\",\"target\":[\"https:\\\/\\\/vitablanca.ma\\\/produit\\\/solaray-mega-multi-mineral100-gelules-maroc\\\/\"]}]},{\"@type\":\"ImageObject\",\"inLanguage\":\"en-US\",\"@id\":\"https:\\\/\\\/vitablanca.ma\\\/produit\\\/solaray-mega-multi-mineral100-gelules-maroc\\\/#primaryimage\",\"url\":\"https:\\\/\\\/vitablanca.ma\\\/wp-content\\\/uploads\\\/2025\\\/06\\\/mega-multi-mineral100-gelules-solaray-.jpg\",\"contentUrl\":\"https:\\\/\\\/vitablanca.ma\\\/wp-content\\\/uploads\\\/2025\\\/06\\\/mega-multi-mineral100-gelules-solaray-.jpg\",\"width\":680,\"height\":680},{\"@type\":\"BreadcrumbList\",\"@id\":\"https:\\\/\\\/vitablanca.ma\\\/produit\\\/solaray-mega-multi-mineral100-gelules-maroc\\\/#breadcrumb\",\"itemListElement\":[{\"@type\":\"ListItem\",\"position\":1,\"name\":\"Home\",\"item\":\"https:\\\/\\\/vitablanca.ma\\\/\"},{\"@type\":\"ListItem\",\"position\":2,\"name\":\"Tous Les Produits\",\"item\":\"https:\\\/\\\/vitablanca.ma\\\/tous-les-produits\\\/\"},{\"@type\":\"ListItem\",\"position\":3,\"name\":\"Solaray Mega Multi Mineral,100 g\u00e9lules\"}]},{\"@type\":\"WebSite\",\"@id\":\"https:\\\/\\\/vitablanca.ma\\\/#website\",\"url\":\"https:\\\/\\\/vitablanca.ma\\\/\",\"name\":\"VitaBlanca.ma | Compl\u00e9ments alimentaires, sant\u00e9 & beaut\u00e9 au Maroc\",\"description\":\"vendre vitamines et compl\u00e9ments premium des USA &amp; Canada, Nouvelle Z\u00e9lande,Maroc (NOW Foods, Solgar, Manuka). Livraison rapide partout au Maroc.\",\"publisher\":{\"@id\":\"https:\\\/\\\/vitablanca.ma\\\/#organization\"},\"alternateName\":\"VitaBlanca.ma\",\"potentialAction\":[{\"@type\":\"SearchAction\",\"target\":{\"@type\":\"EntryPoint\",\"urlTemplate\":\"https:\\\/\\\/vitablanca.ma\\\/?s={search_term_string}\"},\"query-input\":{\"@type\":\"PropertyValueSpecification\",\"valueRequired\":true,\"valueName\":\"search_term_string\"}}],\"inLanguage\":\"en-US\"},{\"@type\":\"Organization\",\"@id\":\"https:\\\/\\\/vitablanca.ma\\\/#organization\",\"name\":\"VitaBlanca\",\"url\":\"https:\\\/\\\/vitablanca.ma\\\/\",\"logo\":{\"@type\":\"ImageObject\",\"inLanguage\":\"en-US\",\"@id\":\"https:\\\/\\\/vitablanca.ma\\\/#\\\/schema\\\/logo\\\/image\\\/\",\"url\":\"https:\\\/\\\/vitablanca.ma\\\/wp-content\\\/uploads\\\/2025\\\/05\\\/cropped-vitablanca.png\",\"contentUrl\":\"https:\\\/\\\/vitablanca.ma\\\/wp-content\\\/uploads\\\/2025\\\/05\\\/cropped-vitablanca.png\",\"width\":360,\"height\":67,\"caption\":\"VitaBlanca\"},\"image\":{\"@id\":\"https:\\\/\\\/vitablanca.ma\\\/#\\\/schema\\\/logo\\\/image\\\/\"},\"sameAs\":[\"https:\\\/\\\/www.facebook.com\\\/profile.php?id=61576678196717\",\"https:\\\/\\\/www.tiktok.com\\\/@vitablanca.ma\",\"https:\\\/\\\/www.instagram.com\\\/vitablanca.ma\\\/\"]}]}<\/script>\n<!-- \/ Yoast SEO plugin. -->","yoast_head_json":{"title":"Buy Solaray Mega Multi Mineral, 100 capsules - Morocco Price","description":"Buy Solaray Mega Multi Minerals in Morocco. These 100 capsules provide a balanced complex of essential minerals to support bone health.","robots":{"index":"index","follow":"follow","max-snippet":"max-snippet:-1","max-image-preview":"max-image-preview:large","max-video-preview":"max-video-preview:-1"},"canonical":"https:\/\/vitablanca.ma\/en\/product\/solaray-mega-multi-mineral100-gelules-maroc\/","og_locale":"en_US","og_type":"article","og_title":"Achet Solaray Mega Multi Mineral,100 g\u00e9lules - Maroc Prix","og_description":"Achetez Solaray Mega Multi Min\u00e9raux au Maroc. Ces 100 g\u00e9lules offrent un complexe \u00e9quilibr\u00e9 de min\u00e9raux essentiels pour soutenir la sant\u00e9 osseuse.","og_url":"https:\/\/vitablanca.ma\/en\/product\/solaray-mega-multi-mineral100-gelules-maroc\/","og_site_name":"Vitablanca.ma &ndash; Sant&eacute;, vitalit&eacute; et bien-&ecirc;tre pour tous les Marocains","article_publisher":"https:\/\/www.facebook.com\/profile.php?id=61576678196717","article_modified_time":"2025-08-30T21:21:04+00:00","og_image":[{"width":680,"height":680,"url":"https:\/\/vitablanca.ma\/wp-content\/uploads\/2025\/06\/mega-multi-mineral100-gelules-solaray-.jpg","type":"image\/jpeg"}],"twitter_card":"summary_large_image","twitter_misc":{"Est. reading time":"1 minute"},"schema":{"@context":"https:\/\/schema.org","@graph":[{"@type":["WebPage","ItemPage"],"@id":"https:\/\/vitablanca.ma\/produit\/solaray-mega-multi-mineral100-gelules-maroc\/","url":"https:\/\/vitablanca.ma\/produit\/solaray-mega-multi-mineral100-gelules-maroc\/","name":"Buy Solaray Mega Multi Mineral, 100 capsules - Morocco Price","isPartOf":{"@id":"https:\/\/vitablanca.ma\/#website"},"primaryImageOfPage":{"@id":"https:\/\/vitablanca.ma\/produit\/solaray-mega-multi-mineral100-gelules-maroc\/#primaryimage"},"image":{"@id":"https:\/\/vitablanca.ma\/produit\/solaray-mega-multi-mineral100-gelules-maroc\/#primaryimage"},"thumbnailUrl":"https:\/\/vitablanca.ma\/wp-content\/uploads\/2025\/06\/mega-multi-mineral100-gelules-solaray-.jpg","datePublished":"2025-06-04T20:43:29+00:00","dateModified":"2025-08-30T21:21:04+00:00","description":"Buy Solaray Mega Multi Minerals in Morocco. These 100 capsules provide a balanced complex of essential minerals to support bone health.","breadcrumb":{"@id":"https:\/\/vitablanca.ma\/produit\/solaray-mega-multi-mineral100-gelules-maroc\/#breadcrumb"},"inLanguage":"en-US","potentialAction":[{"@type":"ReadAction","target":["https:\/\/vitablanca.ma\/produit\/solaray-mega-multi-mineral100-gelules-maroc\/"]}]},{"@type":"ImageObject","inLanguage":"en-US","@id":"https:\/\/vitablanca.ma\/produit\/solaray-mega-multi-mineral100-gelules-maroc\/#primaryimage","url":"https:\/\/vitablanca.ma\/wp-content\/uploads\/2025\/06\/mega-multi-mineral100-gelules-solaray-.jpg","contentUrl":"https:\/\/vitablanca.ma\/wp-content\/uploads\/2025\/06\/mega-multi-mineral100-gelules-solaray-.jpg","width":680,"height":680},{"@type":"BreadcrumbList","@id":"https:\/\/vitablanca.ma\/produit\/solaray-mega-multi-mineral100-gelules-maroc\/#breadcrumb","itemListElement":[{"@type":"ListItem","position":1,"name":"Home","item":"https:\/\/vitablanca.ma\/"},{"@type":"ListItem","position":2,"name":"Tous Les Produits","item":"https:\/\/vitablanca.ma\/tous-les-produits\/"},{"@type":"ListItem","position":3,"name":"Solaray Mega Multi Mineral,100 g\u00e9lules"}]},{"@type":"WebSite","@id":"https:\/\/vitablanca.ma\/#website","url":"https:\/\/vitablanca.ma\/","name":"VitaBlanca.ma | Food supplements, health &amp; beauty in Morocco","description":"sell premium vitamins and supplements from USA &amp; Canada, New Zealand, Morocco (NOW Foods, Solgar, Manuka). Fast delivery anywhere in Morocco.","publisher":{"@id":"https:\/\/vitablanca.ma\/#organization"},"alternateName":"VitaBlanca.ma","potentialAction":[{"@type":"SearchAction","target":{"@type":"EntryPoint","urlTemplate":"https:\/\/vitablanca.ma\/?s={search_term_string}"},"query-input":{"@type":"PropertyValueSpecification","valueRequired":true,"valueName":"search_term_string"}}],"inLanguage":"en-US"},{"@type":"Organization","@id":"https:\/\/vitablanca.ma\/#organization","name":"VitaBlanca","url":"https:\/\/vitablanca.ma\/","logo":{"@type":"ImageObject","inLanguage":"en-US","@id":"https:\/\/vitablanca.ma\/#\/schema\/logo\/image\/","url":"https:\/\/vitablanca.ma\/wp-content\/uploads\/2025\/05\/cropped-vitablanca.png","contentUrl":"https:\/\/vitablanca.ma\/wp-content\/uploads\/2025\/05\/cropped-vitablanca.png","width":360,"height":67,"caption":"VitaBlanca"},"image":{"@id":"https:\/\/vitablanca.ma\/#\/schema\/logo\/image\/"},"sameAs":["https:\/\/www.facebook.com\/profile.php?id=61576678196717","https:\/\/www.tiktok.com\/@vitablanca.ma","https:\/\/www.instagram.com\/vitablanca.ma\/"]}]}},"jetpack_sharing_enabled":true,"_links":{"self":[{"href":"https:\/\/vitablanca.ma\/en\/wp-json\/wp\/v2\/product\/14502","targetHints":{"allow":["GET"]}}],"collection":[{"href":"https:\/\/vitablanca.ma\/en\/wp-json\/wp\/v2\/product"}],"about":[{"href":"https:\/\/vitablanca.ma\/en\/wp-json\/wp\/v2\/types\/product"}],"wp:featuredmedia":[{"embeddable":true,"href":"https:\/\/vitablanca.ma\/en\/wp-json\/wp\/v2\/media\/14504"}],"wp:attachment":[{"href":"https:\/\/vitablanca.ma\/en\/wp-json\/wp\/v2\/media?parent=14502"}],"wp:term":[{"taxonomy":"product_brand","embeddable":true,"href":"https:\/\/vitablanca.ma\/en\/wp-json\/wp\/v2\/product_brand?post=14502"},{"taxonomy":"product_cat","embeddable":true,"href":"https:\/\/vitablanca.ma\/en\/wp-json\/wp\/v2\/product_cat?post=14502"},{"taxonomy":"product_tag","embeddable":true,"href":"https:\/\/vitablanca.ma\/en\/wp-json\/wp\/v2\/product_tag?post=14502"}],"curies":[{"name":"wp","href":"https:\/\/api.w.org\/{rel}","templated":true}]}}