{"id":14499,"date":"2025-06-04T20:38:12","date_gmt":"2025-06-04T20:38:12","guid":{"rendered":"https:\/\/vitablanca.ma\/?post_type=product&#038;p=14499"},"modified":"2025-08-30T21:21:05","modified_gmt":"2025-08-30T21:21:05","slug":"thompson-poudre-de-vitamine-c-5000mg-100-dacide-ascorbique-pur-soutien-immunitaire-et-supplement-antioxydant-22679-maroc","status":"publish","type":"product","link":"https:\/\/vitablanca.ma\/en\/product\/thompson-poudre-de-vitamine-c-5000mg-100-dacide-ascorbique-pur-soutien-immunitaire-et-supplement-antioxydant-22679-maroc\/","title":{"rendered":"Thompson Vitamin C Powder 5000mg 100% Pure Ascorbic Acid \u2013 Immune Support &amp; Antioxidant Supplement 226.79"},"content":{"rendered":"<p>Your body needs vitamin C to produce a powerful antioxidant, glutathione. Vitamin C is also essential for the formation of collagen and connective tissue, as well as blood vessel integrity, and contributes to better skin, bone, and joint health. While you can find vitamin C in many fruits and vegetables, certain cooking or storage methods can deplete vitamin C levels. Supplementation can help achieve optimal levels.&nbsp;<\/p>\n\n\n\n<p>Unlike other vitamin C supplements, our non-GMO formula comes in a fine powder form made with 100% pure ascorbic acid, with no fillers or excipients. For best results, first mix with warm water to dissolve the powder, then add it to your juice or smoothie!&nbsp;<a href=\"https:\/\/www.jumia.ma\/customer\/account\/login\/?tkWl=TH285DV0SPRAONAFAMZ-39006817&amp;return=%2Fthompson-poudre-de-vitamine-c-5000mg-100-dacide-ascorbique-pur-soutien-immunitaire-et-supplement-antioxydant-22679-42013284.html\"><\/a><\/p>","protected":false},"excerpt":{"rendered":"<ul>\n<li>Your body needs vitamin C to produce a powerful antioxidant, glutathione.<\/li>\n<li>Vitamin C is also essential for the formation of collagen and connective tissue as well as the integrity of blood vessels and contributes to better Vitamin C content can be depleted by certain cooking or storage methods.<\/li>\n<li>Supplementation can help achieve optimal levels.<\/li>\n<li>Unlike other vitamin C supplements, our non-GMO formula is delivered as a fine powder made with 100% pure ascorbic acid, with no fillers or excipients.<\/li>\n<li>\u00a0For best results, mix with warm water first to dissolve the powder, then add it to your juice or smoothies!<\/li>\n<\/ul>","protected":false},"featured_media":14501,"template":"","meta":{"om_disable_all_campaigns":false},"product_brand":[2364],"product_cat":[18,3366,440,130,19],"product_tag":[2370,2371,2035,2366,2367,2372,2368,2369,1952,2365],"class_list":{"0":"post-14499","1":"product","2":"type-product","3":"status-publish","4":"has-post-thumbnail","6":"product_brand-thompson","7":"product_cat-beaute-sante","8":"product_cat-complements-alimentaires-au-maroc-vitablanca","9":"product_cat-vitamine-c","10":"product_cat-vitamines","11":"product_cat-vitamines-supplements-dietetiques","12":"product_tag-5000-mg-par-dose","13":"product_tag-79-g","14":"product_tag-antioxydant-naturel-contre-le-stress-oxydatif","15":"product_tag-convient-aux-regimes-vegetariens-et-sans-gluten","16":"product_tag-favorise-la-production-de-collagene","17":"product_tag-format-economique-226","18":"product_tag-marque-thompson-reconnue","19":"product_tag-poudre-facile-a-melanger-dans-les-boissons","20":"product_tag-soutien-puissant-du-systeme-immunitaire","21":"product_tag-vitamine-c-100-acide-ascorbique-pur","23":"first","24":"instock","25":"taxable","26":"shipping-taxable","27":"purchasable","28":"product-type-simple"},"yoast_head":"<!-- This site is optimized with the Yoast SEO plugin v27.3 - https:\/\/yoast.com\/product\/yoast-seo-wordpress\/ -->\n<title>Thompson Poudre de vitamin C 5000mg d&#039;acide ascorbique- Maroc<\/title>\n<meta name=\"description\" content=\"Achetez Thompson Vitamine C Poudre 5000mg au Maroc. Cette poudre 100% acide ascorbique pur est un puissant soutien immunitaire et un excellent antioxydant.\" \/>\n<meta name=\"robots\" content=\"index, follow, max-snippet:-1, max-image-preview:large, max-video-preview:-1\" \/>\n<link rel=\"canonical\" href=\"https:\/\/vitablanca.ma\/en\/product\/thompson-poudre-de-vitamine-c-5000mg-100-dacide-ascorbique-pur-soutien-immunitaire-et-supplement-antioxydant-22679-maroc\/\" \/>\n<meta property=\"og:locale\" content=\"en_US\" \/>\n<meta property=\"og:type\" content=\"article\" \/>\n<meta property=\"og:title\" content=\"Thompson Poudre de vitamin C 5000mg d&#039;acide ascorbique- Maroc\" \/>\n<meta property=\"og:description\" content=\"Achetez Thompson Vitamine C Poudre 5000mg au Maroc. Cette poudre 100% acide ascorbique pur est un puissant soutien immunitaire et un excellent antioxydant.\" \/>\n<meta property=\"og:url\" content=\"https:\/\/vitablanca.ma\/en\/product\/thompson-poudre-de-vitamine-c-5000mg-100-dacide-ascorbique-pur-soutien-immunitaire-et-supplement-antioxydant-22679-maroc\/\" \/>\n<meta property=\"og:site_name\" content=\"Vitablanca.ma &ndash; Sant&eacute;, vitalit&eacute; et bien-&ecirc;tre pour tous les Marocains\" \/>\n<meta property=\"article:publisher\" content=\"https:\/\/www.facebook.com\/profile.php?id=61576678196717\" \/>\n<meta property=\"article:modified_time\" content=\"2025-08-30T21:21:05+00:00\" \/>\n<meta property=\"og:image\" content=\"https:\/\/vitablanca.ma\/wp-content\/uploads\/2025\/06\/thompson-poudre-de-vitamine-c-5000mg-100-dacide-ascorbique-pur-soutien.jpg\" \/>\n\t<meta property=\"og:image:width\" content=\"680\" \/>\n\t<meta property=\"og:image:height\" content=\"680\" \/>\n\t<meta property=\"og:image:type\" content=\"image\/jpeg\" \/>\n<meta name=\"twitter:card\" content=\"summary_large_image\" \/>\n<meta name=\"twitter:label1\" content=\"Est. reading time\" \/>\n\t<meta name=\"twitter:data1\" content=\"1 minute\" \/>\n<script type=\"application\/ld+json\" class=\"yoast-schema-graph\">{\"@context\":\"https:\\\/\\\/schema.org\",\"@graph\":[{\"@type\":[\"WebPage\",\"ItemPage\"],\"@id\":\"https:\\\/\\\/vitablanca.ma\\\/produit\\\/thompson-poudre-de-vitamine-c-5000mg-100-dacide-ascorbique-pur-soutien-immunitaire-et-supplement-antioxydant-22679-maroc\\\/\",\"url\":\"https:\\\/\\\/vitablanca.ma\\\/produit\\\/thompson-poudre-de-vitamine-c-5000mg-100-dacide-ascorbique-pur-soutien-immunitaire-et-supplement-antioxydant-22679-maroc\\\/\",\"name\":\"Thompson Poudre de vitamin C 5000mg d'acide ascorbique- Maroc\",\"isPartOf\":{\"@id\":\"https:\\\/\\\/vitablanca.ma\\\/#website\"},\"primaryImageOfPage\":{\"@id\":\"https:\\\/\\\/vitablanca.ma\\\/produit\\\/thompson-poudre-de-vitamine-c-5000mg-100-dacide-ascorbique-pur-soutien-immunitaire-et-supplement-antioxydant-22679-maroc\\\/#primaryimage\"},\"image\":{\"@id\":\"https:\\\/\\\/vitablanca.ma\\\/produit\\\/thompson-poudre-de-vitamine-c-5000mg-100-dacide-ascorbique-pur-soutien-immunitaire-et-supplement-antioxydant-22679-maroc\\\/#primaryimage\"},\"thumbnailUrl\":\"https:\\\/\\\/vitablanca.ma\\\/wp-content\\\/uploads\\\/2025\\\/06\\\/thompson-poudre-de-vitamine-c-5000mg-100-dacide-ascorbique-pur-soutien.jpg\",\"datePublished\":\"2025-06-04T20:38:12+00:00\",\"dateModified\":\"2025-08-30T21:21:05+00:00\",\"description\":\"Achetez Thompson Vitamine C Poudre 5000mg au Maroc. Cette poudre 100% acide ascorbique pur est un puissant soutien immunitaire et un excellent antioxydant.\",\"breadcrumb\":{\"@id\":\"https:\\\/\\\/vitablanca.ma\\\/produit\\\/thompson-poudre-de-vitamine-c-5000mg-100-dacide-ascorbique-pur-soutien-immunitaire-et-supplement-antioxydant-22679-maroc\\\/#breadcrumb\"},\"inLanguage\":\"en-US\",\"potentialAction\":[{\"@type\":\"ReadAction\",\"target\":[\"https:\\\/\\\/vitablanca.ma\\\/produit\\\/thompson-poudre-de-vitamine-c-5000mg-100-dacide-ascorbique-pur-soutien-immunitaire-et-supplement-antioxydant-22679-maroc\\\/\"]}]},{\"@type\":\"ImageObject\",\"inLanguage\":\"en-US\",\"@id\":\"https:\\\/\\\/vitablanca.ma\\\/produit\\\/thompson-poudre-de-vitamine-c-5000mg-100-dacide-ascorbique-pur-soutien-immunitaire-et-supplement-antioxydant-22679-maroc\\\/#primaryimage\",\"url\":\"https:\\\/\\\/vitablanca.ma\\\/wp-content\\\/uploads\\\/2025\\\/06\\\/thompson-poudre-de-vitamine-c-5000mg-100-dacide-ascorbique-pur-soutien.jpg\",\"contentUrl\":\"https:\\\/\\\/vitablanca.ma\\\/wp-content\\\/uploads\\\/2025\\\/06\\\/thompson-poudre-de-vitamine-c-5000mg-100-dacide-ascorbique-pur-soutien.jpg\",\"width\":680,\"height\":680},{\"@type\":\"BreadcrumbList\",\"@id\":\"https:\\\/\\\/vitablanca.ma\\\/produit\\\/thompson-poudre-de-vitamine-c-5000mg-100-dacide-ascorbique-pur-soutien-immunitaire-et-supplement-antioxydant-22679-maroc\\\/#breadcrumb\",\"itemListElement\":[{\"@type\":\"ListItem\",\"position\":1,\"name\":\"Home\",\"item\":\"https:\\\/\\\/vitablanca.ma\\\/\"},{\"@type\":\"ListItem\",\"position\":2,\"name\":\"Tous Les Produits\",\"item\":\"https:\\\/\\\/vitablanca.ma\\\/tous-les-produits\\\/\"},{\"@type\":\"ListItem\",\"position\":3,\"name\":\"Thompson Poudre de vitamine C 5000mg 100% d&#8217;acide ascorbique pur &#8211; Soutien immunitaire et suppl\u00e9ment antioxydant 226,79\"}]},{\"@type\":\"WebSite\",\"@id\":\"https:\\\/\\\/vitablanca.ma\\\/#website\",\"url\":\"https:\\\/\\\/vitablanca.ma\\\/\",\"name\":\"VitaBlanca.ma | Compl\u00e9ments alimentaires, sant\u00e9 & beaut\u00e9 au Maroc\",\"description\":\"vendre vitamines et compl\u00e9ments premium des USA &amp; Canada, Nouvelle Z\u00e9lande,Maroc (NOW Foods, Solgar, Manuka). Livraison rapide partout au Maroc.\",\"publisher\":{\"@id\":\"https:\\\/\\\/vitablanca.ma\\\/#organization\"},\"alternateName\":\"VitaBlanca.ma\",\"potentialAction\":[{\"@type\":\"SearchAction\",\"target\":{\"@type\":\"EntryPoint\",\"urlTemplate\":\"https:\\\/\\\/vitablanca.ma\\\/?s={search_term_string}\"},\"query-input\":{\"@type\":\"PropertyValueSpecification\",\"valueRequired\":true,\"valueName\":\"search_term_string\"}}],\"inLanguage\":\"en-US\"},{\"@type\":\"Organization\",\"@id\":\"https:\\\/\\\/vitablanca.ma\\\/#organization\",\"name\":\"VitaBlanca\",\"url\":\"https:\\\/\\\/vitablanca.ma\\\/\",\"logo\":{\"@type\":\"ImageObject\",\"inLanguage\":\"en-US\",\"@id\":\"https:\\\/\\\/vitablanca.ma\\\/#\\\/schema\\\/logo\\\/image\\\/\",\"url\":\"https:\\\/\\\/vitablanca.ma\\\/wp-content\\\/uploads\\\/2025\\\/05\\\/cropped-vitablanca.png\",\"contentUrl\":\"https:\\\/\\\/vitablanca.ma\\\/wp-content\\\/uploads\\\/2025\\\/05\\\/cropped-vitablanca.png\",\"width\":360,\"height\":67,\"caption\":\"VitaBlanca\"},\"image\":{\"@id\":\"https:\\\/\\\/vitablanca.ma\\\/#\\\/schema\\\/logo\\\/image\\\/\"},\"sameAs\":[\"https:\\\/\\\/www.facebook.com\\\/profile.php?id=61576678196717\",\"https:\\\/\\\/www.tiktok.com\\\/@vitablanca.ma\",\"https:\\\/\\\/www.instagram.com\\\/vitablanca.ma\\\/\"]}]}<\/script>\n<!-- \/ Yoast SEO plugin. -->","yoast_head_json":{"title":"Thompson Vitamin C Powder 5000mg Ascorbic Acid - Morocco","description":"Buy Thompson Vitamin C Powder 5000mg in Morocco. This 100% pure ascorbic acid powder is a powerful immune support and excellent antioxidant.","robots":{"index":"index","follow":"follow","max-snippet":"max-snippet:-1","max-image-preview":"max-image-preview:large","max-video-preview":"max-video-preview:-1"},"canonical":"https:\/\/vitablanca.ma\/en\/product\/thompson-poudre-de-vitamine-c-5000mg-100-dacide-ascorbique-pur-soutien-immunitaire-et-supplement-antioxydant-22679-maroc\/","og_locale":"en_US","og_type":"article","og_title":"Thompson Poudre de vitamin C 5000mg d'acide ascorbique- Maroc","og_description":"Achetez Thompson Vitamine C Poudre 5000mg au Maroc. Cette poudre 100% acide ascorbique pur est un puissant soutien immunitaire et un excellent antioxydant.","og_url":"https:\/\/vitablanca.ma\/en\/product\/thompson-poudre-de-vitamine-c-5000mg-100-dacide-ascorbique-pur-soutien-immunitaire-et-supplement-antioxydant-22679-maroc\/","og_site_name":"Vitablanca.ma &ndash; Sant&eacute;, vitalit&eacute; et bien-&ecirc;tre pour tous les Marocains","article_publisher":"https:\/\/www.facebook.com\/profile.php?id=61576678196717","article_modified_time":"2025-08-30T21:21:05+00:00","og_image":[{"width":680,"height":680,"url":"https:\/\/vitablanca.ma\/wp-content\/uploads\/2025\/06\/thompson-poudre-de-vitamine-c-5000mg-100-dacide-ascorbique-pur-soutien.jpg","type":"image\/jpeg"}],"twitter_card":"summary_large_image","twitter_misc":{"Est. reading time":"1 minute"},"schema":{"@context":"https:\/\/schema.org","@graph":[{"@type":["WebPage","ItemPage"],"@id":"https:\/\/vitablanca.ma\/produit\/thompson-poudre-de-vitamine-c-5000mg-100-dacide-ascorbique-pur-soutien-immunitaire-et-supplement-antioxydant-22679-maroc\/","url":"https:\/\/vitablanca.ma\/produit\/thompson-poudre-de-vitamine-c-5000mg-100-dacide-ascorbique-pur-soutien-immunitaire-et-supplement-antioxydant-22679-maroc\/","name":"Thompson Vitamin C Powder 5000mg Ascorbic Acid - Morocco","isPartOf":{"@id":"https:\/\/vitablanca.ma\/#website"},"primaryImageOfPage":{"@id":"https:\/\/vitablanca.ma\/produit\/thompson-poudre-de-vitamine-c-5000mg-100-dacide-ascorbique-pur-soutien-immunitaire-et-supplement-antioxydant-22679-maroc\/#primaryimage"},"image":{"@id":"https:\/\/vitablanca.ma\/produit\/thompson-poudre-de-vitamine-c-5000mg-100-dacide-ascorbique-pur-soutien-immunitaire-et-supplement-antioxydant-22679-maroc\/#primaryimage"},"thumbnailUrl":"https:\/\/vitablanca.ma\/wp-content\/uploads\/2025\/06\/thompson-poudre-de-vitamine-c-5000mg-100-dacide-ascorbique-pur-soutien.jpg","datePublished":"2025-06-04T20:38:12+00:00","dateModified":"2025-08-30T21:21:05+00:00","description":"Buy Thompson Vitamin C Powder 5000mg in Morocco. This 100% pure ascorbic acid powder is a powerful immune support and excellent antioxidant.","breadcrumb":{"@id":"https:\/\/vitablanca.ma\/produit\/thompson-poudre-de-vitamine-c-5000mg-100-dacide-ascorbique-pur-soutien-immunitaire-et-supplement-antioxydant-22679-maroc\/#breadcrumb"},"inLanguage":"en-US","potentialAction":[{"@type":"ReadAction","target":["https:\/\/vitablanca.ma\/produit\/thompson-poudre-de-vitamine-c-5000mg-100-dacide-ascorbique-pur-soutien-immunitaire-et-supplement-antioxydant-22679-maroc\/"]}]},{"@type":"ImageObject","inLanguage":"en-US","@id":"https:\/\/vitablanca.ma\/produit\/thompson-poudre-de-vitamine-c-5000mg-100-dacide-ascorbique-pur-soutien-immunitaire-et-supplement-antioxydant-22679-maroc\/#primaryimage","url":"https:\/\/vitablanca.ma\/wp-content\/uploads\/2025\/06\/thompson-poudre-de-vitamine-c-5000mg-100-dacide-ascorbique-pur-soutien.jpg","contentUrl":"https:\/\/vitablanca.ma\/wp-content\/uploads\/2025\/06\/thompson-poudre-de-vitamine-c-5000mg-100-dacide-ascorbique-pur-soutien.jpg","width":680,"height":680},{"@type":"BreadcrumbList","@id":"https:\/\/vitablanca.ma\/produit\/thompson-poudre-de-vitamine-c-5000mg-100-dacide-ascorbique-pur-soutien-immunitaire-et-supplement-antioxydant-22679-maroc\/#breadcrumb","itemListElement":[{"@type":"ListItem","position":1,"name":"Home","item":"https:\/\/vitablanca.ma\/"},{"@type":"ListItem","position":2,"name":"Tous Les Produits","item":"https:\/\/vitablanca.ma\/tous-les-produits\/"},{"@type":"ListItem","position":3,"name":"Thompson Poudre de vitamine C 5000mg 100% d&#8217;acide ascorbique pur &#8211; Soutien immunitaire et suppl\u00e9ment antioxydant 226,79"}]},{"@type":"WebSite","@id":"https:\/\/vitablanca.ma\/#website","url":"https:\/\/vitablanca.ma\/","name":"VitaBlanca.ma | Food supplements, health &amp; beauty in Morocco","description":"sell premium vitamins and supplements from USA &amp; Canada, New Zealand, Morocco (NOW Foods, Solgar, Manuka). Fast delivery anywhere in Morocco.","publisher":{"@id":"https:\/\/vitablanca.ma\/#organization"},"alternateName":"VitaBlanca.ma","potentialAction":[{"@type":"SearchAction","target":{"@type":"EntryPoint","urlTemplate":"https:\/\/vitablanca.ma\/?s={search_term_string}"},"query-input":{"@type":"PropertyValueSpecification","valueRequired":true,"valueName":"search_term_string"}}],"inLanguage":"en-US"},{"@type":"Organization","@id":"https:\/\/vitablanca.ma\/#organization","name":"VitaBlanca","url":"https:\/\/vitablanca.ma\/","logo":{"@type":"ImageObject","inLanguage":"en-US","@id":"https:\/\/vitablanca.ma\/#\/schema\/logo\/image\/","url":"https:\/\/vitablanca.ma\/wp-content\/uploads\/2025\/05\/cropped-vitablanca.png","contentUrl":"https:\/\/vitablanca.ma\/wp-content\/uploads\/2025\/05\/cropped-vitablanca.png","width":360,"height":67,"caption":"VitaBlanca"},"image":{"@id":"https:\/\/vitablanca.ma\/#\/schema\/logo\/image\/"},"sameAs":["https:\/\/www.facebook.com\/profile.php?id=61576678196717","https:\/\/www.tiktok.com\/@vitablanca.ma","https:\/\/www.instagram.com\/vitablanca.ma\/"]}]}},"jetpack_sharing_enabled":true,"_links":{"self":[{"href":"https:\/\/vitablanca.ma\/en\/wp-json\/wp\/v2\/product\/14499","targetHints":{"allow":["GET"]}}],"collection":[{"href":"https:\/\/vitablanca.ma\/en\/wp-json\/wp\/v2\/product"}],"about":[{"href":"https:\/\/vitablanca.ma\/en\/wp-json\/wp\/v2\/types\/product"}],"wp:featuredmedia":[{"embeddable":true,"href":"https:\/\/vitablanca.ma\/en\/wp-json\/wp\/v2\/media\/14501"}],"wp:attachment":[{"href":"https:\/\/vitablanca.ma\/en\/wp-json\/wp\/v2\/media?parent=14499"}],"wp:term":[{"taxonomy":"product_brand","embeddable":true,"href":"https:\/\/vitablanca.ma\/en\/wp-json\/wp\/v2\/product_brand?post=14499"},{"taxonomy":"product_cat","embeddable":true,"href":"https:\/\/vitablanca.ma\/en\/wp-json\/wp\/v2\/product_cat?post=14499"},{"taxonomy":"product_tag","embeddable":true,"href":"https:\/\/vitablanca.ma\/en\/wp-json\/wp\/v2\/product_tag?post=14499"}],"curies":[{"name":"wp","href":"https:\/\/api.w.org\/{rel}","templated":true}]}}