{"id":14486,"date":"2025-06-04T19:57:38","date_gmt":"2025-06-04T19:57:38","guid":{"rendered":"https:\/\/vitablanca.ma\/?post_type=product&#038;p=14486"},"modified":"2025-09-21T20:33:53","modified_gmt":"2025-09-21T20:33:53","slug":"natural-factors-stress-relax-pharma-gaba-100-mg-60-gelules-vegetariennes-maroc","status":"publish","type":"product","link":"https:\/\/vitablanca.ma\/en\/product\/natural-factors-stress-relax-pharma-gaba-100-mg-60-gelules-vegetariennes-maroc\/","title":{"rendered":"Natural Factors Stress Relax, Pharma GABA, 100 mg, 60 vegetarian capsules"},"content":{"rendered":"<p>Pharma GABA est une forme sup\u00e9rieure et produite naturellement de l\u2019acide gamma-aminobutyrique (GABA) important dans le cerveau. Des \u00e9tudes cliniques ont montr\u00e9 que Pharma GABA aide \u00e0 augmenter la production d\u2019ondes c\u00e9r\u00e9brales alpha pour cr\u00e9er un profond sentiment de relaxation physique tout en maintenant la concentration mentale.<\/p>","protected":false},"excerpt":{"rendered":"<ul>\n<li>Food supplement<\/li>\n<li>Fast action<\/li>\n<li>Relaxation and mental concentration<\/li>\n<li>Suitable for vegetarians\/vegans<\/li>\n<li>Purity and potency guaranteed<\/li>\n<li>GMO-free<\/li>\n<li>Lab tested<\/li>\n<\/ul>","protected":false},"featured_media":14487,"template":"","meta":{"om_disable_all_campaigns":false},"product_brand":[1808],"product_cat":[18,3366,20,19],"product_tag":[2332,2327,2328,2329,2326,2331,2026,2798,4319,2330,2237],"class_list":{"0":"post-14486","1":"product","2":"type-product","3":"status-publish","4":"has-post-thumbnail","6":"product_brand-natural-factors-maroc-prix","7":"product_cat-beaute-sante","8":"product_cat-complements-alimentaires-au-maroc-vitablanca","9":"product_cat-supplements","10":"product_cat-vitamines-supplements-dietetiques","11":"product_tag-100-capsules-vegetales","12":"product_tag-aide-a-maintenir-un-bon-taux-de-cholesterol","13":"product_tag-fabrique-aux-etats-unis-usa","14":"product_tag-favorise-la-circulation-sanguine-et-lenergie-cellulaire","15":"product_tag-formule-vegetale","16":"product_tag-ideal-pour-la-sante-cardiovasculaire","17":"product_tag-marque-reputee-solaray","18":"product_tag-natural-factors","19":"product_tag-natural-factors-maroc","20":"product_tag-niacine-pure-100-mg-par-capsule","21":"product_tag-sans-ogm-et-sans-gluten","23":"first","24":"instock","25":"sale","26":"taxable","27":"shipping-taxable","28":"purchasable","29":"product-type-simple"},"yoast_head":"<!-- This site is optimized with the Yoast SEO plugin v27.5 - https:\/\/yoast.com\/product\/yoast-seo-wordpress\/ -->\n<title>Natural Factors Stress Relax, Pharma GABA, 100 mg - Maroc Prix<\/title>\n<meta name=\"description\" content=\"Achetez Natural Factors Stress Relax Pharma GABA 100 mg au Maroc. Ces 60 g\u00e9lules sont formul\u00e9es pour un apaisement rapide du stress, relaxation et calme\" \/>\n<meta name=\"robots\" content=\"index, follow, max-snippet:-1, max-image-preview:large, max-video-preview:-1\" \/>\n<link rel=\"canonical\" href=\"https:\/\/vitablanca.ma\/en\/product\/natural-factors-stress-relax-pharma-gaba-100-mg-60-gelules-vegetariennes-maroc\/\" \/>\n<meta property=\"og:locale\" content=\"en_US\" \/>\n<meta property=\"og:type\" content=\"article\" \/>\n<meta property=\"og:title\" content=\"Natural Factors Stress Relax, Pharma GABA, 100 mg - Maroc Prix\" \/>\n<meta property=\"og:description\" content=\"Achetez Natural Factors Stress Relax Pharma GABA 100 mg au Maroc. Ces 60 g\u00e9lules sont formul\u00e9es pour un apaisement rapide du stress, relaxation et calme\" \/>\n<meta property=\"og:url\" content=\"https:\/\/vitablanca.ma\/en\/product\/natural-factors-stress-relax-pharma-gaba-100-mg-60-gelules-vegetariennes-maroc\/\" \/>\n<meta property=\"og:site_name\" content=\"Vitablanca.ma &ndash; Sant&eacute;, vitalit&eacute; et bien-&ecirc;tre pour tous les Marocains\" \/>\n<meta property=\"article:publisher\" content=\"https:\/\/www.facebook.com\/profile.php?id=61576678196717\" \/>\n<meta property=\"article:modified_time\" content=\"2025-09-21T20:33:53+00:00\" \/>\n<meta property=\"og:image\" content=\"https:\/\/vitablanca.ma\/wp-content\/uploads\/2025\/06\/natural-factors-stress-relax-pharma-gaba-100-mg-60-gelules-.jpg\" \/>\n\t<meta property=\"og:image:width\" content=\"680\" \/>\n\t<meta property=\"og:image:height\" content=\"680\" \/>\n\t<meta property=\"og:image:type\" content=\"image\/jpeg\" \/>\n<meta name=\"twitter:card\" content=\"summary_large_image\" \/>\n<meta name=\"twitter:label1\" content=\"Est. reading time\" \/>\n\t<meta name=\"twitter:data1\" content=\"1 minute\" \/>\n<script type=\"application\/ld+json\" class=\"yoast-schema-graph\">{\"@context\":\"https:\\\/\\\/schema.org\",\"@graph\":[{\"@type\":[\"WebPage\",\"ItemPage\"],\"@id\":\"https:\\\/\\\/vitablanca.ma\\\/produit\\\/natural-factors-stress-relax-pharma-gaba-100-mg-60-gelules-vegetariennes-maroc\\\/\",\"url\":\"https:\\\/\\\/vitablanca.ma\\\/produit\\\/natural-factors-stress-relax-pharma-gaba-100-mg-60-gelules-vegetariennes-maroc\\\/\",\"name\":\"Natural Factors Stress Relax, Pharma GABA, 100 mg - Maroc Prix\",\"isPartOf\":{\"@id\":\"https:\\\/\\\/vitablanca.ma\\\/#website\"},\"primaryImageOfPage\":{\"@id\":\"https:\\\/\\\/vitablanca.ma\\\/produit\\\/natural-factors-stress-relax-pharma-gaba-100-mg-60-gelules-vegetariennes-maroc\\\/#primaryimage\"},\"image\":{\"@id\":\"https:\\\/\\\/vitablanca.ma\\\/produit\\\/natural-factors-stress-relax-pharma-gaba-100-mg-60-gelules-vegetariennes-maroc\\\/#primaryimage\"},\"thumbnailUrl\":\"https:\\\/\\\/vitablanca.ma\\\/wp-content\\\/uploads\\\/2025\\\/06\\\/natural-factors-stress-relax-pharma-gaba-100-mg-60-gelules-.jpg\",\"datePublished\":\"2025-06-04T19:57:38+00:00\",\"dateModified\":\"2025-09-21T20:33:53+00:00\",\"description\":\"Achetez Natural Factors Stress Relax Pharma GABA 100 mg au Maroc. Ces 60 g\u00e9lules sont formul\u00e9es pour un apaisement rapide du stress, relaxation et calme\",\"breadcrumb\":{\"@id\":\"https:\\\/\\\/vitablanca.ma\\\/produit\\\/natural-factors-stress-relax-pharma-gaba-100-mg-60-gelules-vegetariennes-maroc\\\/#breadcrumb\"},\"inLanguage\":\"en-US\",\"potentialAction\":[{\"@type\":\"ReadAction\",\"target\":[\"https:\\\/\\\/vitablanca.ma\\\/produit\\\/natural-factors-stress-relax-pharma-gaba-100-mg-60-gelules-vegetariennes-maroc\\\/\"]}]},{\"@type\":\"ImageObject\",\"inLanguage\":\"en-US\",\"@id\":\"https:\\\/\\\/vitablanca.ma\\\/produit\\\/natural-factors-stress-relax-pharma-gaba-100-mg-60-gelules-vegetariennes-maroc\\\/#primaryimage\",\"url\":\"https:\\\/\\\/vitablanca.ma\\\/wp-content\\\/uploads\\\/2025\\\/06\\\/natural-factors-stress-relax-pharma-gaba-100-mg-60-gelules-.jpg\",\"contentUrl\":\"https:\\\/\\\/vitablanca.ma\\\/wp-content\\\/uploads\\\/2025\\\/06\\\/natural-factors-stress-relax-pharma-gaba-100-mg-60-gelules-.jpg\",\"width\":680,\"height\":680},{\"@type\":\"BreadcrumbList\",\"@id\":\"https:\\\/\\\/vitablanca.ma\\\/produit\\\/natural-factors-stress-relax-pharma-gaba-100-mg-60-gelules-vegetariennes-maroc\\\/#breadcrumb\",\"itemListElement\":[{\"@type\":\"ListItem\",\"position\":1,\"name\":\"Home\",\"item\":\"https:\\\/\\\/vitablanca.ma\\\/\"},{\"@type\":\"ListItem\",\"position\":2,\"name\":\"Tous Les Produits\",\"item\":\"https:\\\/\\\/vitablanca.ma\\\/tous-les-produits\\\/\"},{\"@type\":\"ListItem\",\"position\":3,\"name\":\"Natural Factors Stress Relax, Pharma GABA, 100 mg, 60 g\u00e9lules v\u00e9g\u00e9tariennes\"}]},{\"@type\":\"WebSite\",\"@id\":\"https:\\\/\\\/vitablanca.ma\\\/#website\",\"url\":\"https:\\\/\\\/vitablanca.ma\\\/\",\"name\":\"VitaBlanca.ma | Compl\u00e9ments alimentaires, sant\u00e9 & beaut\u00e9 au Maroc\",\"description\":\"vendre vitamines et compl\u00e9ments premium des USA &amp; Canada, Nouvelle Z\u00e9lande,Maroc (NOW Foods, Solgar, Manuka). Livraison rapide partout au Maroc.\",\"publisher\":{\"@id\":\"https:\\\/\\\/vitablanca.ma\\\/#organization\"},\"alternateName\":\"VitaBlanca.ma\",\"potentialAction\":[{\"@type\":\"SearchAction\",\"target\":{\"@type\":\"EntryPoint\",\"urlTemplate\":\"https:\\\/\\\/vitablanca.ma\\\/?s={search_term_string}\"},\"query-input\":{\"@type\":\"PropertyValueSpecification\",\"valueRequired\":true,\"valueName\":\"search_term_string\"}}],\"inLanguage\":\"en-US\"},{\"@type\":\"Organization\",\"@id\":\"https:\\\/\\\/vitablanca.ma\\\/#organization\",\"name\":\"VitaBlanca\",\"url\":\"https:\\\/\\\/vitablanca.ma\\\/\",\"logo\":{\"@type\":\"ImageObject\",\"inLanguage\":\"en-US\",\"@id\":\"https:\\\/\\\/vitablanca.ma\\\/#\\\/schema\\\/logo\\\/image\\\/\",\"url\":\"https:\\\/\\\/vitablanca.ma\\\/wp-content\\\/uploads\\\/2025\\\/05\\\/cropped-vitablanca.png\",\"contentUrl\":\"https:\\\/\\\/vitablanca.ma\\\/wp-content\\\/uploads\\\/2025\\\/05\\\/cropped-vitablanca.png\",\"width\":360,\"height\":67,\"caption\":\"VitaBlanca\"},\"image\":{\"@id\":\"https:\\\/\\\/vitablanca.ma\\\/#\\\/schema\\\/logo\\\/image\\\/\"},\"sameAs\":[\"https:\\\/\\\/www.facebook.com\\\/profile.php?id=61576678196717\",\"https:\\\/\\\/www.tiktok.com\\\/@vitablanca.ma\",\"https:\\\/\\\/www.instagram.com\\\/vitablanca.ma\\\/\"]}]}<\/script>\n<!-- \/ Yoast SEO plugin. -->","yoast_head_json":{"title":"Natural Factors Stress Relax, Pharma GABA, 100 mg - Morocco Price","description":"Buy Natural Factors Stress Relax Pharma GABA 100 mg in Morocco. These 60 capsules are formulated for rapid stress relief, relaxation, and calm.","robots":{"index":"index","follow":"follow","max-snippet":"max-snippet:-1","max-image-preview":"max-image-preview:large","max-video-preview":"max-video-preview:-1"},"canonical":"https:\/\/vitablanca.ma\/en\/product\/natural-factors-stress-relax-pharma-gaba-100-mg-60-gelules-vegetariennes-maroc\/","og_locale":"en_US","og_type":"article","og_title":"Natural Factors Stress Relax, Pharma GABA, 100 mg - Maroc Prix","og_description":"Achetez Natural Factors Stress Relax Pharma GABA 100 mg au Maroc. Ces 60 g\u00e9lules sont formul\u00e9es pour un apaisement rapide du stress, relaxation et calme","og_url":"https:\/\/vitablanca.ma\/en\/product\/natural-factors-stress-relax-pharma-gaba-100-mg-60-gelules-vegetariennes-maroc\/","og_site_name":"Vitablanca.ma &ndash; Sant&eacute;, vitalit&eacute; et bien-&ecirc;tre pour tous les Marocains","article_publisher":"https:\/\/www.facebook.com\/profile.php?id=61576678196717","article_modified_time":"2025-09-21T20:33:53+00:00","og_image":[{"width":680,"height":680,"url":"https:\/\/vitablanca.ma\/wp-content\/uploads\/2025\/06\/natural-factors-stress-relax-pharma-gaba-100-mg-60-gelules-.jpg","type":"image\/jpeg"}],"twitter_card":"summary_large_image","twitter_misc":{"Est. reading time":"1 minute"},"schema":{"@context":"https:\/\/schema.org","@graph":[{"@type":["WebPage","ItemPage"],"@id":"https:\/\/vitablanca.ma\/produit\/natural-factors-stress-relax-pharma-gaba-100-mg-60-gelules-vegetariennes-maroc\/","url":"https:\/\/vitablanca.ma\/produit\/natural-factors-stress-relax-pharma-gaba-100-mg-60-gelules-vegetariennes-maroc\/","name":"Natural Factors Stress Relax, Pharma GABA, 100 mg - Morocco Price","isPartOf":{"@id":"https:\/\/vitablanca.ma\/#website"},"primaryImageOfPage":{"@id":"https:\/\/vitablanca.ma\/produit\/natural-factors-stress-relax-pharma-gaba-100-mg-60-gelules-vegetariennes-maroc\/#primaryimage"},"image":{"@id":"https:\/\/vitablanca.ma\/produit\/natural-factors-stress-relax-pharma-gaba-100-mg-60-gelules-vegetariennes-maroc\/#primaryimage"},"thumbnailUrl":"https:\/\/vitablanca.ma\/wp-content\/uploads\/2025\/06\/natural-factors-stress-relax-pharma-gaba-100-mg-60-gelules-.jpg","datePublished":"2025-06-04T19:57:38+00:00","dateModified":"2025-09-21T20:33:53+00:00","description":"Buy Natural Factors Stress Relax Pharma GABA 100 mg in Morocco. These 60 capsules are formulated for rapid stress relief, relaxation, and calm.","breadcrumb":{"@id":"https:\/\/vitablanca.ma\/produit\/natural-factors-stress-relax-pharma-gaba-100-mg-60-gelules-vegetariennes-maroc\/#breadcrumb"},"inLanguage":"en-US","potentialAction":[{"@type":"ReadAction","target":["https:\/\/vitablanca.ma\/produit\/natural-factors-stress-relax-pharma-gaba-100-mg-60-gelules-vegetariennes-maroc\/"]}]},{"@type":"ImageObject","inLanguage":"en-US","@id":"https:\/\/vitablanca.ma\/produit\/natural-factors-stress-relax-pharma-gaba-100-mg-60-gelules-vegetariennes-maroc\/#primaryimage","url":"https:\/\/vitablanca.ma\/wp-content\/uploads\/2025\/06\/natural-factors-stress-relax-pharma-gaba-100-mg-60-gelules-.jpg","contentUrl":"https:\/\/vitablanca.ma\/wp-content\/uploads\/2025\/06\/natural-factors-stress-relax-pharma-gaba-100-mg-60-gelules-.jpg","width":680,"height":680},{"@type":"BreadcrumbList","@id":"https:\/\/vitablanca.ma\/produit\/natural-factors-stress-relax-pharma-gaba-100-mg-60-gelules-vegetariennes-maroc\/#breadcrumb","itemListElement":[{"@type":"ListItem","position":1,"name":"Home","item":"https:\/\/vitablanca.ma\/"},{"@type":"ListItem","position":2,"name":"Tous Les Produits","item":"https:\/\/vitablanca.ma\/tous-les-produits\/"},{"@type":"ListItem","position":3,"name":"Natural Factors Stress Relax, Pharma GABA, 100 mg, 60 g\u00e9lules v\u00e9g\u00e9tariennes"}]},{"@type":"WebSite","@id":"https:\/\/vitablanca.ma\/#website","url":"https:\/\/vitablanca.ma\/","name":"VitaBlanca.ma | Food supplements, health &amp; beauty in Morocco","description":"sell premium vitamins and supplements from USA &amp; Canada, New Zealand, Morocco (NOW Foods, Solgar, Manuka). Fast delivery anywhere in Morocco.","publisher":{"@id":"https:\/\/vitablanca.ma\/#organization"},"alternateName":"VitaBlanca.ma","potentialAction":[{"@type":"SearchAction","target":{"@type":"EntryPoint","urlTemplate":"https:\/\/vitablanca.ma\/?s={search_term_string}"},"query-input":{"@type":"PropertyValueSpecification","valueRequired":true,"valueName":"search_term_string"}}],"inLanguage":"en-US"},{"@type":"Organization","@id":"https:\/\/vitablanca.ma\/#organization","name":"VitaBlanca","url":"https:\/\/vitablanca.ma\/","logo":{"@type":"ImageObject","inLanguage":"en-US","@id":"https:\/\/vitablanca.ma\/#\/schema\/logo\/image\/","url":"https:\/\/vitablanca.ma\/wp-content\/uploads\/2025\/05\/cropped-vitablanca.png","contentUrl":"https:\/\/vitablanca.ma\/wp-content\/uploads\/2025\/05\/cropped-vitablanca.png","width":360,"height":67,"caption":"VitaBlanca"},"image":{"@id":"https:\/\/vitablanca.ma\/#\/schema\/logo\/image\/"},"sameAs":["https:\/\/www.facebook.com\/profile.php?id=61576678196717","https:\/\/www.tiktok.com\/@vitablanca.ma","https:\/\/www.instagram.com\/vitablanca.ma\/"]}]}},"jetpack_sharing_enabled":true,"_links":{"self":[{"href":"https:\/\/vitablanca.ma\/en\/wp-json\/wp\/v2\/product\/14486","targetHints":{"allow":["GET"]}}],"collection":[{"href":"https:\/\/vitablanca.ma\/en\/wp-json\/wp\/v2\/product"}],"about":[{"href":"https:\/\/vitablanca.ma\/en\/wp-json\/wp\/v2\/types\/product"}],"wp:featuredmedia":[{"embeddable":true,"href":"https:\/\/vitablanca.ma\/en\/wp-json\/wp\/v2\/media\/14487"}],"wp:attachment":[{"href":"https:\/\/vitablanca.ma\/en\/wp-json\/wp\/v2\/media?parent=14486"}],"wp:term":[{"taxonomy":"product_brand","embeddable":true,"href":"https:\/\/vitablanca.ma\/en\/wp-json\/wp\/v2\/product_brand?post=14486"},{"taxonomy":"product_cat","embeddable":true,"href":"https:\/\/vitablanca.ma\/en\/wp-json\/wp\/v2\/product_cat?post=14486"},{"taxonomy":"product_tag","embeddable":true,"href":"https:\/\/vitablanca.ma\/en\/wp-json\/wp\/v2\/product_tag?post=14486"}],"curies":[{"name":"wp","href":"https:\/\/api.w.org\/{rel}","templated":true}]}}