{"id":14468,"date":"2025-06-04T18:55:24","date_gmt":"2025-06-04T18:55:24","guid":{"rendered":"https:\/\/vitablanca.ma\/?post_type=product&#038;p=14468"},"modified":"2025-08-30T21:21:07","modified_gmt":"2025-08-30T21:21:07","slug":"planetary-herbals-full-spectrum-extrait-de-rhodiole-327-mg-60-comprimes-maroc","status":"publish","type":"product","link":"https:\/\/vitablanca.ma\/en\/product\/planetary-herbals-full-spectrum-extrait-de-rhodiole-327-mg-60-comprimes-maroc\/","title":{"rendered":"Planetary Herbals Full Spectrum, Rhodiola Extract, 327 mg, 60 Tablets"},"content":{"rendered":"<p>Rhodiola Full Spectrum\u2122 is an extract standardized to 0.8 % salidrosides and 0.8 % rosavins, two known active ingredients.<\/p>\n\n\n\n<p>Rhodiola is a legendary adaptogenic tonic that originates from the Arctic polar regions of Eastern Siberia. Among traditional peoples, it is highly valued as a fortifying tonic to increase physical and mental endurance.<\/p>\n\n\n\n<p>Suggested Use<\/p>\n\n\n\n<p>2 tablets twice a day between meals.<a href=\"https:\/\/www.jumia.ma\/customer\/account\/login\/?tkWl=PL661DV07X162NAFAMZ-45880309&amp;return=%2Ffull-spectrum-extrait-de-rhodiole-327-mg-60-comprimes-planetary-herbals-mpg1261708.html\"><\/a><\/p>","protected":false},"excerpt":{"rendered":"<ul>\n<li>Adaptogen for physical &amp; mental endurance<\/li>\n<li>Herbal supplement<\/li>\n<li>Approved by Michael Tierra L.Ac, OMD<\/li>\n<li>Rhodiola Full Spectrum\u2122 is an extract standardized to 0.8 % salidrosides and 0.8 % rosavins, two known active ingredients.<\/li>\n<li>Rhodiola is a legendary adaptogenic fortifier that comes from the Arctic polar regions of Eastern Siberia.<\/li>\n<li>Among traditional peoples, it is highly valued as a fortifying tonic to increase physical and mental endurance.<\/li>\n<\/ul>","protected":false},"featured_media":14469,"template":"","meta":{"om_disable_all_campaigns":false},"product_brand":[2303],"product_cat":[18,3366,20,19],"product_tag":[2305,2310,2306,2308,2307,2311,2304,2309],"class_list":{"0":"post-14468","1":"product","2":"type-product","3":"status-publish","4":"has-post-thumbnail","6":"product_brand-planetary-herbals","7":"product_cat-beaute-sante","8":"product_cat-complements-alimentaires-au-maroc-vitablanca","9":"product_cat-supplements","10":"product_cat-vitamines-supplements-dietetiques","11":"product_tag-327-mg-par-comprime","12":"product_tag-60-comprimes","13":"product_tag-aide-a-gerer-le-stress-physique-et-mental","14":"product_tag-ameliore-lenergie-et-la-concentration","15":"product_tag-extrait-de-rhodiole-a-spectre-complet","16":"product_tag-formule-traditionnelle-et-moderne","17":"product_tag-plante-adaptogene-puissante","18":"product_tag-soutient-lendurance-et-la-vitalite","20":"first","21":"instock","22":"taxable","23":"shipping-taxable","24":"purchasable","25":"product-type-simple"},"yoast_head":"<!-- This site is optimized with the Yoast SEO plugin v27.4 - https:\/\/yoast.com\/product\/yoast-seo-wordpress\/ -->\n<title>Planetary Herbals Extrait de Rhodiola Spectre Complet - Maroc Prix<\/title>\n<meta name=\"description\" content=\"Achetez Planetary Herbals Extrait de Rhodiola 327 mg au Maroc. Ces 60 comprim\u00e9s de rhodiola \u00e0 spectre complet sont un puissant adaptog\u00e8ne pour aider \u00e0 g\u00e9rer le stress, augmenter l&#039;\u00e9nergie et am\u00e9liorer la concentration. Soutenez votre vitalit\u00e9 naturellement. Livraison rapide!\" \/>\n<meta name=\"robots\" content=\"index, follow, max-snippet:-1, max-image-preview:large, max-video-preview:-1\" \/>\n<link rel=\"canonical\" href=\"https:\/\/vitablanca.ma\/en\/product\/planetary-herbals-full-spectrum-extrait-de-rhodiole-327-mg-60-comprimes-maroc\/\" \/>\n<meta property=\"og:locale\" content=\"en_US\" \/>\n<meta property=\"og:type\" content=\"article\" \/>\n<meta property=\"og:title\" content=\"Planetary Herbals Extrait de Rhodiola Spectre Complet - Maroc Prix\" \/>\n<meta property=\"og:description\" content=\"Achetez Planetary Herbals Extrait de Rhodiola 327 mg au Maroc. Ces 60 comprim\u00e9s de rhodiola \u00e0 spectre complet sont un puissant adaptog\u00e8ne pour aider \u00e0 g\u00e9rer le stress, augmenter l&#039;\u00e9nergie et am\u00e9liorer la concentration. Soutenez votre vitalit\u00e9 naturellement. Livraison rapide!\" \/>\n<meta property=\"og:url\" content=\"https:\/\/vitablanca.ma\/en\/product\/planetary-herbals-full-spectrum-extrait-de-rhodiole-327-mg-60-comprimes-maroc\/\" \/>\n<meta property=\"og:site_name\" content=\"Vitablanca.ma &ndash; Sant&eacute;, vitalit&eacute; et bien-&ecirc;tre pour tous les Marocains\" \/>\n<meta property=\"article:publisher\" content=\"https:\/\/www.facebook.com\/profile.php?id=61576678196717\" \/>\n<meta property=\"article:modified_time\" content=\"2025-08-30T21:21:07+00:00\" \/>\n<meta property=\"og:image\" content=\"https:\/\/vitablanca.ma\/wp-content\/uploads\/2025\/06\/full-spectrum-extrait-de-rhodiole-327-mg-60-comprimes-planetary-herbals-.jpg\" \/>\n\t<meta property=\"og:image:width\" content=\"680\" \/>\n\t<meta property=\"og:image:height\" content=\"680\" \/>\n\t<meta property=\"og:image:type\" content=\"image\/jpeg\" \/>\n<meta name=\"twitter:card\" content=\"summary_large_image\" \/>\n<meta name=\"twitter:label1\" content=\"Est. reading time\" \/>\n\t<meta name=\"twitter:data1\" content=\"1 minute\" \/>\n<script type=\"application\/ld+json\" class=\"yoast-schema-graph\">{\"@context\":\"https:\\\/\\\/schema.org\",\"@graph\":[{\"@type\":[\"WebPage\",\"ItemPage\"],\"@id\":\"https:\\\/\\\/vitablanca.ma\\\/produit\\\/planetary-herbals-full-spectrum-extrait-de-rhodiole-327-mg-60-comprimes-maroc\\\/\",\"url\":\"https:\\\/\\\/vitablanca.ma\\\/produit\\\/planetary-herbals-full-spectrum-extrait-de-rhodiole-327-mg-60-comprimes-maroc\\\/\",\"name\":\"Planetary Herbals Extrait de Rhodiola Spectre Complet - Maroc Prix\",\"isPartOf\":{\"@id\":\"https:\\\/\\\/vitablanca.ma\\\/#website\"},\"primaryImageOfPage\":{\"@id\":\"https:\\\/\\\/vitablanca.ma\\\/produit\\\/planetary-herbals-full-spectrum-extrait-de-rhodiole-327-mg-60-comprimes-maroc\\\/#primaryimage\"},\"image\":{\"@id\":\"https:\\\/\\\/vitablanca.ma\\\/produit\\\/planetary-herbals-full-spectrum-extrait-de-rhodiole-327-mg-60-comprimes-maroc\\\/#primaryimage\"},\"thumbnailUrl\":\"https:\\\/\\\/vitablanca.ma\\\/wp-content\\\/uploads\\\/2025\\\/06\\\/full-spectrum-extrait-de-rhodiole-327-mg-60-comprimes-planetary-herbals-.jpg\",\"datePublished\":\"2025-06-04T18:55:24+00:00\",\"dateModified\":\"2025-08-30T21:21:07+00:00\",\"description\":\"Achetez Planetary Herbals Extrait de Rhodiola 327 mg au Maroc. Ces 60 comprim\u00e9s de rhodiola \u00e0 spectre complet sont un puissant adaptog\u00e8ne pour aider \u00e0 g\u00e9rer le stress, augmenter l'\u00e9nergie et am\u00e9liorer la concentration. Soutenez votre vitalit\u00e9 naturellement. Livraison rapide!\",\"breadcrumb\":{\"@id\":\"https:\\\/\\\/vitablanca.ma\\\/produit\\\/planetary-herbals-full-spectrum-extrait-de-rhodiole-327-mg-60-comprimes-maroc\\\/#breadcrumb\"},\"inLanguage\":\"en-US\",\"potentialAction\":[{\"@type\":\"ReadAction\",\"target\":[\"https:\\\/\\\/vitablanca.ma\\\/produit\\\/planetary-herbals-full-spectrum-extrait-de-rhodiole-327-mg-60-comprimes-maroc\\\/\"]}]},{\"@type\":\"ImageObject\",\"inLanguage\":\"en-US\",\"@id\":\"https:\\\/\\\/vitablanca.ma\\\/produit\\\/planetary-herbals-full-spectrum-extrait-de-rhodiole-327-mg-60-comprimes-maroc\\\/#primaryimage\",\"url\":\"https:\\\/\\\/vitablanca.ma\\\/wp-content\\\/uploads\\\/2025\\\/06\\\/full-spectrum-extrait-de-rhodiole-327-mg-60-comprimes-planetary-herbals-.jpg\",\"contentUrl\":\"https:\\\/\\\/vitablanca.ma\\\/wp-content\\\/uploads\\\/2025\\\/06\\\/full-spectrum-extrait-de-rhodiole-327-mg-60-comprimes-planetary-herbals-.jpg\",\"width\":680,\"height\":680},{\"@type\":\"BreadcrumbList\",\"@id\":\"https:\\\/\\\/vitablanca.ma\\\/produit\\\/planetary-herbals-full-spectrum-extrait-de-rhodiole-327-mg-60-comprimes-maroc\\\/#breadcrumb\",\"itemListElement\":[{\"@type\":\"ListItem\",\"position\":1,\"name\":\"Home\",\"item\":\"https:\\\/\\\/vitablanca.ma\\\/\"},{\"@type\":\"ListItem\",\"position\":2,\"name\":\"Tous Les Produits\",\"item\":\"https:\\\/\\\/vitablanca.ma\\\/tous-les-produits\\\/\"},{\"@type\":\"ListItem\",\"position\":3,\"name\":\"Planetary Herbals Full Spectrum, Extrait de rhodiole, 327 mg, 60 comprim\u00e9s\"}]},{\"@type\":\"WebSite\",\"@id\":\"https:\\\/\\\/vitablanca.ma\\\/#website\",\"url\":\"https:\\\/\\\/vitablanca.ma\\\/\",\"name\":\"VitaBlanca.ma | Compl\u00e9ments alimentaires, sant\u00e9 & beaut\u00e9 au Maroc\",\"description\":\"vendre vitamines et compl\u00e9ments premium des USA &amp; Canada, Nouvelle Z\u00e9lande,Maroc (NOW Foods, Solgar, Manuka). Livraison rapide partout au Maroc.\",\"publisher\":{\"@id\":\"https:\\\/\\\/vitablanca.ma\\\/#organization\"},\"alternateName\":\"VitaBlanca.ma\",\"potentialAction\":[{\"@type\":\"SearchAction\",\"target\":{\"@type\":\"EntryPoint\",\"urlTemplate\":\"https:\\\/\\\/vitablanca.ma\\\/?s={search_term_string}\"},\"query-input\":{\"@type\":\"PropertyValueSpecification\",\"valueRequired\":true,\"valueName\":\"search_term_string\"}}],\"inLanguage\":\"en-US\"},{\"@type\":\"Organization\",\"@id\":\"https:\\\/\\\/vitablanca.ma\\\/#organization\",\"name\":\"VitaBlanca\",\"url\":\"https:\\\/\\\/vitablanca.ma\\\/\",\"logo\":{\"@type\":\"ImageObject\",\"inLanguage\":\"en-US\",\"@id\":\"https:\\\/\\\/vitablanca.ma\\\/#\\\/schema\\\/logo\\\/image\\\/\",\"url\":\"https:\\\/\\\/vitablanca.ma\\\/wp-content\\\/uploads\\\/2025\\\/05\\\/cropped-vitablanca.png\",\"contentUrl\":\"https:\\\/\\\/vitablanca.ma\\\/wp-content\\\/uploads\\\/2025\\\/05\\\/cropped-vitablanca.png\",\"width\":360,\"height\":67,\"caption\":\"VitaBlanca\"},\"image\":{\"@id\":\"https:\\\/\\\/vitablanca.ma\\\/#\\\/schema\\\/logo\\\/image\\\/\"},\"sameAs\":[\"https:\\\/\\\/www.facebook.com\\\/profile.php?id=61576678196717\",\"https:\\\/\\\/www.tiktok.com\\\/@vitablanca.ma\",\"https:\\\/\\\/www.instagram.com\\\/vitablanca.ma\\\/\"]}]}<\/script>\n<!-- \/ Yoast SEO plugin. -->","yoast_head_json":{"title":"Planetary Herbals Full Spectrum Rhodiola Extract - Morocco Price","description":"Buy Planetary Herbals Rhodiola Extract 327 mg in Morocco. These 60 full-spectrum rhodiola tablets are a powerful adaptogen to help manage stress, increase energy, and improve focus. Support your vitality naturally. Fast shipping!","robots":{"index":"index","follow":"follow","max-snippet":"max-snippet:-1","max-image-preview":"max-image-preview:large","max-video-preview":"max-video-preview:-1"},"canonical":"https:\/\/vitablanca.ma\/en\/product\/planetary-herbals-full-spectrum-extrait-de-rhodiole-327-mg-60-comprimes-maroc\/","og_locale":"en_US","og_type":"article","og_title":"Planetary Herbals Extrait de Rhodiola Spectre Complet - Maroc Prix","og_description":"Achetez Planetary Herbals Extrait de Rhodiola 327 mg au Maroc. Ces 60 comprim\u00e9s de rhodiola \u00e0 spectre complet sont un puissant adaptog\u00e8ne pour aider \u00e0 g\u00e9rer le stress, augmenter l'\u00e9nergie et am\u00e9liorer la concentration. Soutenez votre vitalit\u00e9 naturellement. Livraison rapide!","og_url":"https:\/\/vitablanca.ma\/en\/product\/planetary-herbals-full-spectrum-extrait-de-rhodiole-327-mg-60-comprimes-maroc\/","og_site_name":"Vitablanca.ma &ndash; Sant&eacute;, vitalit&eacute; et bien-&ecirc;tre pour tous les Marocains","article_publisher":"https:\/\/www.facebook.com\/profile.php?id=61576678196717","article_modified_time":"2025-08-30T21:21:07+00:00","og_image":[{"width":680,"height":680,"url":"https:\/\/vitablanca.ma\/wp-content\/uploads\/2025\/06\/full-spectrum-extrait-de-rhodiole-327-mg-60-comprimes-planetary-herbals-.jpg","type":"image\/jpeg"}],"twitter_card":"summary_large_image","twitter_misc":{"Est. reading time":"1 minute"},"schema":{"@context":"https:\/\/schema.org","@graph":[{"@type":["WebPage","ItemPage"],"@id":"https:\/\/vitablanca.ma\/produit\/planetary-herbals-full-spectrum-extrait-de-rhodiole-327-mg-60-comprimes-maroc\/","url":"https:\/\/vitablanca.ma\/produit\/planetary-herbals-full-spectrum-extrait-de-rhodiole-327-mg-60-comprimes-maroc\/","name":"Planetary Herbals Full Spectrum Rhodiola Extract - Morocco Price","isPartOf":{"@id":"https:\/\/vitablanca.ma\/#website"},"primaryImageOfPage":{"@id":"https:\/\/vitablanca.ma\/produit\/planetary-herbals-full-spectrum-extrait-de-rhodiole-327-mg-60-comprimes-maroc\/#primaryimage"},"image":{"@id":"https:\/\/vitablanca.ma\/produit\/planetary-herbals-full-spectrum-extrait-de-rhodiole-327-mg-60-comprimes-maroc\/#primaryimage"},"thumbnailUrl":"https:\/\/vitablanca.ma\/wp-content\/uploads\/2025\/06\/full-spectrum-extrait-de-rhodiole-327-mg-60-comprimes-planetary-herbals-.jpg","datePublished":"2025-06-04T18:55:24+00:00","dateModified":"2025-08-30T21:21:07+00:00","description":"Buy Planetary Herbals Rhodiola Extract 327 mg in Morocco. These 60 full-spectrum rhodiola tablets are a powerful adaptogen to help manage stress, increase energy, and improve focus. Support your vitality naturally. Fast shipping!","breadcrumb":{"@id":"https:\/\/vitablanca.ma\/produit\/planetary-herbals-full-spectrum-extrait-de-rhodiole-327-mg-60-comprimes-maroc\/#breadcrumb"},"inLanguage":"en-US","potentialAction":[{"@type":"ReadAction","target":["https:\/\/vitablanca.ma\/produit\/planetary-herbals-full-spectrum-extrait-de-rhodiole-327-mg-60-comprimes-maroc\/"]}]},{"@type":"ImageObject","inLanguage":"en-US","@id":"https:\/\/vitablanca.ma\/produit\/planetary-herbals-full-spectrum-extrait-de-rhodiole-327-mg-60-comprimes-maroc\/#primaryimage","url":"https:\/\/vitablanca.ma\/wp-content\/uploads\/2025\/06\/full-spectrum-extrait-de-rhodiole-327-mg-60-comprimes-planetary-herbals-.jpg","contentUrl":"https:\/\/vitablanca.ma\/wp-content\/uploads\/2025\/06\/full-spectrum-extrait-de-rhodiole-327-mg-60-comprimes-planetary-herbals-.jpg","width":680,"height":680},{"@type":"BreadcrumbList","@id":"https:\/\/vitablanca.ma\/produit\/planetary-herbals-full-spectrum-extrait-de-rhodiole-327-mg-60-comprimes-maroc\/#breadcrumb","itemListElement":[{"@type":"ListItem","position":1,"name":"Home","item":"https:\/\/vitablanca.ma\/"},{"@type":"ListItem","position":2,"name":"Tous Les Produits","item":"https:\/\/vitablanca.ma\/tous-les-produits\/"},{"@type":"ListItem","position":3,"name":"Planetary Herbals Full Spectrum, Extrait de rhodiole, 327 mg, 60 comprim\u00e9s"}]},{"@type":"WebSite","@id":"https:\/\/vitablanca.ma\/#website","url":"https:\/\/vitablanca.ma\/","name":"VitaBlanca.ma | Food supplements, health &amp; beauty in Morocco","description":"sell premium vitamins and supplements from USA &amp; Canada, New Zealand, Morocco (NOW Foods, Solgar, Manuka). Fast delivery anywhere in Morocco.","publisher":{"@id":"https:\/\/vitablanca.ma\/#organization"},"alternateName":"VitaBlanca.ma","potentialAction":[{"@type":"SearchAction","target":{"@type":"EntryPoint","urlTemplate":"https:\/\/vitablanca.ma\/?s={search_term_string}"},"query-input":{"@type":"PropertyValueSpecification","valueRequired":true,"valueName":"search_term_string"}}],"inLanguage":"en-US"},{"@type":"Organization","@id":"https:\/\/vitablanca.ma\/#organization","name":"VitaBlanca","url":"https:\/\/vitablanca.ma\/","logo":{"@type":"ImageObject","inLanguage":"en-US","@id":"https:\/\/vitablanca.ma\/#\/schema\/logo\/image\/","url":"https:\/\/vitablanca.ma\/wp-content\/uploads\/2025\/05\/cropped-vitablanca.png","contentUrl":"https:\/\/vitablanca.ma\/wp-content\/uploads\/2025\/05\/cropped-vitablanca.png","width":360,"height":67,"caption":"VitaBlanca"},"image":{"@id":"https:\/\/vitablanca.ma\/#\/schema\/logo\/image\/"},"sameAs":["https:\/\/www.facebook.com\/profile.php?id=61576678196717","https:\/\/www.tiktok.com\/@vitablanca.ma","https:\/\/www.instagram.com\/vitablanca.ma\/"]}]}},"jetpack_sharing_enabled":true,"_links":{"self":[{"href":"https:\/\/vitablanca.ma\/en\/wp-json\/wp\/v2\/product\/14468","targetHints":{"allow":["GET"]}}],"collection":[{"href":"https:\/\/vitablanca.ma\/en\/wp-json\/wp\/v2\/product"}],"about":[{"href":"https:\/\/vitablanca.ma\/en\/wp-json\/wp\/v2\/types\/product"}],"wp:featuredmedia":[{"embeddable":true,"href":"https:\/\/vitablanca.ma\/en\/wp-json\/wp\/v2\/media\/14469"}],"wp:attachment":[{"href":"https:\/\/vitablanca.ma\/en\/wp-json\/wp\/v2\/media?parent=14468"}],"wp:term":[{"taxonomy":"product_brand","embeddable":true,"href":"https:\/\/vitablanca.ma\/en\/wp-json\/wp\/v2\/product_brand?post=14468"},{"taxonomy":"product_cat","embeddable":true,"href":"https:\/\/vitablanca.ma\/en\/wp-json\/wp\/v2\/product_cat?post=14468"},{"taxonomy":"product_tag","embeddable":true,"href":"https:\/\/vitablanca.ma\/en\/wp-json\/wp\/v2\/product_tag?post=14468"}],"curies":[{"name":"wp","href":"https:\/\/api.w.org\/{rel}","templated":true}]}}