{"id":14440,"date":"2025-06-04T15:56:30","date_gmt":"2025-06-04T15:56:30","guid":{"rendered":"https:\/\/vitablanca.ma\/?post_type=product&#038;p=14440"},"modified":"2026-02-05T01:57:11","modified_gmt":"2026-02-05T01:57:11","slug":"muscletech-cafeine-100-platinum-220-mg-125-comprimes-maroc","status":"publish","type":"product","link":"https:\/\/vitablanca.ma\/en\/product\/muscletech-cafeine-100-platinum-220-mg-125-comprimes-maroc\/","title":{"rendered":"Muscletech Caffeine 100 % Platinum, 220 mg, 125 tablets"},"content":{"rendered":"<p>Change the game with pure 100 % caffeine. This powerful product is designed to fight fatigue, increase alertness, and promote intensity. Optimize your workouts and tackle everyday projects with the increased energy and focus you need.<\/p>\r\n\r\n\r\n\r\n<p>Suggested Use<\/p>\r\n\r\n\r\n\r\n<p>To assess individual tolerance, take 1\/2 serving (1\/2 tablet) with a glass of water. Once tolerance is assessed, take 1 serving (1 tablet) with a glass of water, 1 to 2 times daily. Do not take more than 2 tablets in a 24-hour period. Drink 8 to 10 glasses of water daily. Do not take within 5 hours of bedtime.<\/p>","protected":false},"excerpt":{"rendered":"<ul>\n<li>Improves energy &amp; concentration<\/li>\n<li>Food supplement<\/li>\n<li>Increases liveliness<\/li>\n<li>Improves performance<\/li>\n<li>220 mg of caffeine per serving<\/li>\n<li>Get the edge with ultra-pure 100 % caffeine<\/li>\n<\/ul>","protected":false},"featured_media":14442,"template":"","meta":{"om_disable_all_campaigns":false},"product_brand":[2254],"product_cat":[18,3366,19],"product_tag":[2253,2247,2250,2248,2245,2249,2246,2252,2251],"class_list":{"0":"post-14440","1":"product","2":"type-product","3":"status-publish","4":"has-post-thumbnail","6":"product_brand-muscletech","7":"product_cat-beaute-sante","8":"product_cat-complements-alimentaires-au-maroc-vitablanca","9":"product_cat-vitamines-supplements-dietetiques","10":"product_tag-125-comprimes-excellent-rapport-qualite-prix","11":"product_tag-220-mg-par-comprime","12":"product_tag-ameliore-la-concentration-et-la-vigilance","13":"product_tag-augmente-lenergie-mentale-et-physique","14":"product_tag-cafeine-pure-a-100","15":"product_tag-format-compact-et-facile-a-emporter","16":"product_tag-ideal-pour-les-entrainements-intenses","17":"product_tag-produit-de-qualite-muscletech","18":"product_tag-sans-sucre-ni-calories","20":"first","21":"instock","22":"taxable","23":"shipping-taxable","24":"purchasable","25":"product-type-simple"},"yoast_head":"<!-- This site is optimized with the Yoast SEO plugin v27.4 - https:\/\/yoast.com\/product\/yoast-seo-wordpress\/ -->\n<title>Muscletech Caf\u00e9ine 100 % Platinum, 220 mg, - Maroc Prix<\/title>\n<meta name=\"description\" content=\"Achetez Muscletech Caf\u00e9ine 100% Platinum 220 mg au Maroc. Ces 125 comprim\u00e9s sont votre solution rapide pour booster l&#039;\u00e9nergie, Livraison rapide!\" \/>\n<meta name=\"robots\" content=\"index, follow, max-snippet:-1, max-image-preview:large, max-video-preview:-1\" \/>\n<link rel=\"canonical\" href=\"https:\/\/vitablanca.ma\/en\/product\/muscletech-cafeine-100-platinum-220-mg-125-comprimes-maroc\/\" \/>\n<meta property=\"og:locale\" content=\"en_US\" \/>\n<meta property=\"og:type\" content=\"article\" \/>\n<meta property=\"og:title\" content=\"Muscletech Caf\u00e9ine 100 % Platinum, 220 mg, - Maroc Prix\" \/>\n<meta property=\"og:description\" content=\"Achetez Muscletech Caf\u00e9ine 100% Platinum 220 mg au Maroc. Ces 125 comprim\u00e9s sont votre solution rapide pour booster l&#039;\u00e9nergie, Livraison rapide!\" \/>\n<meta property=\"og:url\" content=\"https:\/\/vitablanca.ma\/en\/product\/muscletech-cafeine-100-platinum-220-mg-125-comprimes-maroc\/\" \/>\n<meta property=\"og:site_name\" content=\"Vitablanca.ma &ndash; Sant&eacute;, vitalit&eacute; et bien-&ecirc;tre pour tous les Marocains\" \/>\n<meta property=\"article:publisher\" content=\"https:\/\/www.facebook.com\/profile.php?id=61576678196717\" \/>\n<meta property=\"article:modified_time\" content=\"2026-02-05T01:57:11+00:00\" \/>\n<meta property=\"og:image\" content=\"https:\/\/vitablanca.ma\/wp-content\/uploads\/2025\/06\/cafeine-100-platinum-220-mg-125-comprimes-muscletech-.jpg\" \/>\n\t<meta property=\"og:image:width\" content=\"680\" \/>\n\t<meta property=\"og:image:height\" content=\"680\" \/>\n\t<meta property=\"og:image:type\" content=\"image\/jpeg\" \/>\n<meta name=\"twitter:card\" content=\"summary_large_image\" \/>\n<meta name=\"twitter:label1\" content=\"Est. reading time\" \/>\n\t<meta name=\"twitter:data1\" content=\"1 minute\" \/>\n<script type=\"application\/ld+json\" class=\"yoast-schema-graph\">{\"@context\":\"https:\\\/\\\/schema.org\",\"@graph\":[{\"@type\":[\"WebPage\",\"ItemPage\"],\"@id\":\"https:\\\/\\\/vitablanca.ma\\\/produit\\\/muscletech-cafeine-100-platinum-220-mg-125-comprimes-maroc\\\/\",\"url\":\"https:\\\/\\\/vitablanca.ma\\\/produit\\\/muscletech-cafeine-100-platinum-220-mg-125-comprimes-maroc\\\/\",\"name\":\"Muscletech Caf\u00e9ine 100 % Platinum, 220 mg, - Maroc Prix\",\"isPartOf\":{\"@id\":\"https:\\\/\\\/vitablanca.ma\\\/#website\"},\"primaryImageOfPage\":{\"@id\":\"https:\\\/\\\/vitablanca.ma\\\/produit\\\/muscletech-cafeine-100-platinum-220-mg-125-comprimes-maroc\\\/#primaryimage\"},\"image\":{\"@id\":\"https:\\\/\\\/vitablanca.ma\\\/produit\\\/muscletech-cafeine-100-platinum-220-mg-125-comprimes-maroc\\\/#primaryimage\"},\"thumbnailUrl\":\"https:\\\/\\\/vitablanca.ma\\\/wp-content\\\/uploads\\\/2025\\\/06\\\/cafeine-100-platinum-220-mg-125-comprimes-muscletech-.jpg\",\"datePublished\":\"2025-06-04T15:56:30+00:00\",\"dateModified\":\"2026-02-05T01:57:11+00:00\",\"description\":\"Achetez Muscletech Caf\u00e9ine 100% Platinum 220 mg au Maroc. Ces 125 comprim\u00e9s sont votre solution rapide pour booster l'\u00e9nergie, Livraison rapide!\",\"breadcrumb\":{\"@id\":\"https:\\\/\\\/vitablanca.ma\\\/produit\\\/muscletech-cafeine-100-platinum-220-mg-125-comprimes-maroc\\\/#breadcrumb\"},\"inLanguage\":\"en-US\",\"potentialAction\":[{\"@type\":\"ReadAction\",\"target\":[\"https:\\\/\\\/vitablanca.ma\\\/produit\\\/muscletech-cafeine-100-platinum-220-mg-125-comprimes-maroc\\\/\"]}]},{\"@type\":\"ImageObject\",\"inLanguage\":\"en-US\",\"@id\":\"https:\\\/\\\/vitablanca.ma\\\/produit\\\/muscletech-cafeine-100-platinum-220-mg-125-comprimes-maroc\\\/#primaryimage\",\"url\":\"https:\\\/\\\/vitablanca.ma\\\/wp-content\\\/uploads\\\/2025\\\/06\\\/cafeine-100-platinum-220-mg-125-comprimes-muscletech-.jpg\",\"contentUrl\":\"https:\\\/\\\/vitablanca.ma\\\/wp-content\\\/uploads\\\/2025\\\/06\\\/cafeine-100-platinum-220-mg-125-comprimes-muscletech-.jpg\",\"width\":680,\"height\":680},{\"@type\":\"BreadcrumbList\",\"@id\":\"https:\\\/\\\/vitablanca.ma\\\/produit\\\/muscletech-cafeine-100-platinum-220-mg-125-comprimes-maroc\\\/#breadcrumb\",\"itemListElement\":[{\"@type\":\"ListItem\",\"position\":1,\"name\":\"Home\",\"item\":\"https:\\\/\\\/vitablanca.ma\\\/\"},{\"@type\":\"ListItem\",\"position\":2,\"name\":\"Tous Les Produits\",\"item\":\"https:\\\/\\\/vitablanca.ma\\\/tous-les-produits\\\/\"},{\"@type\":\"ListItem\",\"position\":3,\"name\":\"Muscletech Caf\u00e9ine 100 % Platinum, 220 mg, 125 comprim\u00e9s\"}]},{\"@type\":\"WebSite\",\"@id\":\"https:\\\/\\\/vitablanca.ma\\\/#website\",\"url\":\"https:\\\/\\\/vitablanca.ma\\\/\",\"name\":\"VitaBlanca.ma | Compl\u00e9ments alimentaires, sant\u00e9 & beaut\u00e9 au Maroc\",\"description\":\"vendre vitamines et compl\u00e9ments premium des USA &amp; Canada, Nouvelle Z\u00e9lande,Maroc (NOW Foods, Solgar, Manuka). Livraison rapide partout au Maroc.\",\"publisher\":{\"@id\":\"https:\\\/\\\/vitablanca.ma\\\/#organization\"},\"alternateName\":\"VitaBlanca.ma\",\"potentialAction\":[{\"@type\":\"SearchAction\",\"target\":{\"@type\":\"EntryPoint\",\"urlTemplate\":\"https:\\\/\\\/vitablanca.ma\\\/?s={search_term_string}\"},\"query-input\":{\"@type\":\"PropertyValueSpecification\",\"valueRequired\":true,\"valueName\":\"search_term_string\"}}],\"inLanguage\":\"en-US\"},{\"@type\":\"Organization\",\"@id\":\"https:\\\/\\\/vitablanca.ma\\\/#organization\",\"name\":\"VitaBlanca\",\"url\":\"https:\\\/\\\/vitablanca.ma\\\/\",\"logo\":{\"@type\":\"ImageObject\",\"inLanguage\":\"en-US\",\"@id\":\"https:\\\/\\\/vitablanca.ma\\\/#\\\/schema\\\/logo\\\/image\\\/\",\"url\":\"https:\\\/\\\/vitablanca.ma\\\/wp-content\\\/uploads\\\/2025\\\/05\\\/cropped-vitablanca.png\",\"contentUrl\":\"https:\\\/\\\/vitablanca.ma\\\/wp-content\\\/uploads\\\/2025\\\/05\\\/cropped-vitablanca.png\",\"width\":360,\"height\":67,\"caption\":\"VitaBlanca\"},\"image\":{\"@id\":\"https:\\\/\\\/vitablanca.ma\\\/#\\\/schema\\\/logo\\\/image\\\/\"},\"sameAs\":[\"https:\\\/\\\/www.facebook.com\\\/profile.php?id=61576678196717\",\"https:\\\/\\\/www.tiktok.com\\\/@vitablanca.ma\",\"https:\\\/\\\/www.instagram.com\\\/vitablanca.ma\\\/\"]}]}<\/script>\n<!-- \/ Yoast SEO plugin. -->","yoast_head_json":{"title":"Muscletech Caffeine 100 % Platinum, 220 mg, - Morocco Price","description":"Buy Muscletech Caffeine 100% Platinum 220 mg in Morocco. These 125 tablets are your quick energy boost solution. Fast delivery!","robots":{"index":"index","follow":"follow","max-snippet":"max-snippet:-1","max-image-preview":"max-image-preview:large","max-video-preview":"max-video-preview:-1"},"canonical":"https:\/\/vitablanca.ma\/en\/product\/muscletech-cafeine-100-platinum-220-mg-125-comprimes-maroc\/","og_locale":"en_US","og_type":"article","og_title":"Muscletech Caf\u00e9ine 100 % Platinum, 220 mg, - Maroc Prix","og_description":"Achetez Muscletech Caf\u00e9ine 100% Platinum 220 mg au Maroc. Ces 125 comprim\u00e9s sont votre solution rapide pour booster l'\u00e9nergie, Livraison rapide!","og_url":"https:\/\/vitablanca.ma\/en\/product\/muscletech-cafeine-100-platinum-220-mg-125-comprimes-maroc\/","og_site_name":"Vitablanca.ma &ndash; Sant&eacute;, vitalit&eacute; et bien-&ecirc;tre pour tous les Marocains","article_publisher":"https:\/\/www.facebook.com\/profile.php?id=61576678196717","article_modified_time":"2026-02-05T01:57:11+00:00","og_image":[{"width":680,"height":680,"url":"https:\/\/vitablanca.ma\/wp-content\/uploads\/2025\/06\/cafeine-100-platinum-220-mg-125-comprimes-muscletech-.jpg","type":"image\/jpeg"}],"twitter_card":"summary_large_image","twitter_misc":{"Est. reading time":"1 minute"},"schema":{"@context":"https:\/\/schema.org","@graph":[{"@type":["WebPage","ItemPage"],"@id":"https:\/\/vitablanca.ma\/produit\/muscletech-cafeine-100-platinum-220-mg-125-comprimes-maroc\/","url":"https:\/\/vitablanca.ma\/produit\/muscletech-cafeine-100-platinum-220-mg-125-comprimes-maroc\/","name":"Muscletech Caffeine 100 % Platinum, 220 mg, - Morocco Price","isPartOf":{"@id":"https:\/\/vitablanca.ma\/#website"},"primaryImageOfPage":{"@id":"https:\/\/vitablanca.ma\/produit\/muscletech-cafeine-100-platinum-220-mg-125-comprimes-maroc\/#primaryimage"},"image":{"@id":"https:\/\/vitablanca.ma\/produit\/muscletech-cafeine-100-platinum-220-mg-125-comprimes-maroc\/#primaryimage"},"thumbnailUrl":"https:\/\/vitablanca.ma\/wp-content\/uploads\/2025\/06\/cafeine-100-platinum-220-mg-125-comprimes-muscletech-.jpg","datePublished":"2025-06-04T15:56:30+00:00","dateModified":"2026-02-05T01:57:11+00:00","description":"Buy Muscletech Caffeine 100% Platinum 220 mg in Morocco. These 125 tablets are your quick energy boost solution. Fast delivery!","breadcrumb":{"@id":"https:\/\/vitablanca.ma\/produit\/muscletech-cafeine-100-platinum-220-mg-125-comprimes-maroc\/#breadcrumb"},"inLanguage":"en-US","potentialAction":[{"@type":"ReadAction","target":["https:\/\/vitablanca.ma\/produit\/muscletech-cafeine-100-platinum-220-mg-125-comprimes-maroc\/"]}]},{"@type":"ImageObject","inLanguage":"en-US","@id":"https:\/\/vitablanca.ma\/produit\/muscletech-cafeine-100-platinum-220-mg-125-comprimes-maroc\/#primaryimage","url":"https:\/\/vitablanca.ma\/wp-content\/uploads\/2025\/06\/cafeine-100-platinum-220-mg-125-comprimes-muscletech-.jpg","contentUrl":"https:\/\/vitablanca.ma\/wp-content\/uploads\/2025\/06\/cafeine-100-platinum-220-mg-125-comprimes-muscletech-.jpg","width":680,"height":680},{"@type":"BreadcrumbList","@id":"https:\/\/vitablanca.ma\/produit\/muscletech-cafeine-100-platinum-220-mg-125-comprimes-maroc\/#breadcrumb","itemListElement":[{"@type":"ListItem","position":1,"name":"Home","item":"https:\/\/vitablanca.ma\/"},{"@type":"ListItem","position":2,"name":"Tous Les Produits","item":"https:\/\/vitablanca.ma\/tous-les-produits\/"},{"@type":"ListItem","position":3,"name":"Muscletech Caf\u00e9ine 100 % Platinum, 220 mg, 125 comprim\u00e9s"}]},{"@type":"WebSite","@id":"https:\/\/vitablanca.ma\/#website","url":"https:\/\/vitablanca.ma\/","name":"VitaBlanca.ma | Food supplements, health &amp; beauty in Morocco","description":"sell premium vitamins and supplements from USA &amp; Canada, New Zealand, Morocco (NOW Foods, Solgar, Manuka). Fast delivery anywhere in Morocco.","publisher":{"@id":"https:\/\/vitablanca.ma\/#organization"},"alternateName":"VitaBlanca.ma","potentialAction":[{"@type":"SearchAction","target":{"@type":"EntryPoint","urlTemplate":"https:\/\/vitablanca.ma\/?s={search_term_string}"},"query-input":{"@type":"PropertyValueSpecification","valueRequired":true,"valueName":"search_term_string"}}],"inLanguage":"en-US"},{"@type":"Organization","@id":"https:\/\/vitablanca.ma\/#organization","name":"VitaBlanca","url":"https:\/\/vitablanca.ma\/","logo":{"@type":"ImageObject","inLanguage":"en-US","@id":"https:\/\/vitablanca.ma\/#\/schema\/logo\/image\/","url":"https:\/\/vitablanca.ma\/wp-content\/uploads\/2025\/05\/cropped-vitablanca.png","contentUrl":"https:\/\/vitablanca.ma\/wp-content\/uploads\/2025\/05\/cropped-vitablanca.png","width":360,"height":67,"caption":"VitaBlanca"},"image":{"@id":"https:\/\/vitablanca.ma\/#\/schema\/logo\/image\/"},"sameAs":["https:\/\/www.facebook.com\/profile.php?id=61576678196717","https:\/\/www.tiktok.com\/@vitablanca.ma","https:\/\/www.instagram.com\/vitablanca.ma\/"]}]}},"jetpack_sharing_enabled":true,"_links":{"self":[{"href":"https:\/\/vitablanca.ma\/en\/wp-json\/wp\/v2\/product\/14440","targetHints":{"allow":["GET"]}}],"collection":[{"href":"https:\/\/vitablanca.ma\/en\/wp-json\/wp\/v2\/product"}],"about":[{"href":"https:\/\/vitablanca.ma\/en\/wp-json\/wp\/v2\/types\/product"}],"wp:featuredmedia":[{"embeddable":true,"href":"https:\/\/vitablanca.ma\/en\/wp-json\/wp\/v2\/media\/14442"}],"wp:attachment":[{"href":"https:\/\/vitablanca.ma\/en\/wp-json\/wp\/v2\/media?parent=14440"}],"wp:term":[{"taxonomy":"product_brand","embeddable":true,"href":"https:\/\/vitablanca.ma\/en\/wp-json\/wp\/v2\/product_brand?post=14440"},{"taxonomy":"product_cat","embeddable":true,"href":"https:\/\/vitablanca.ma\/en\/wp-json\/wp\/v2\/product_cat?post=14440"},{"taxonomy":"product_tag","embeddable":true,"href":"https:\/\/vitablanca.ma\/en\/wp-json\/wp\/v2\/product_tag?post=14440"}],"curies":[{"name":"wp","href":"https:\/\/api.w.org\/{rel}","templated":true}]}}