{"id":143,"date":"2025-04-15T23:35:53","date_gmt":"2025-04-15T23:35:53","guid":{"rendered":"https:\/\/vitablanca.ma\/?post_type=product&#038;p=143"},"modified":"2025-08-30T21:29:12","modified_gmt":"2025-08-30T21:29:12","slug":"natures-bounty-d3-250-mcg-10-000-ui-72-softgels-a-liberation-rapide","status":"publish","type":"product","link":"https:\/\/vitablanca.ma\/en\/product\/natures-bounty-d3-250-mcg-10-000-ui-72-softgels-a-liberation-rapide\/","title":{"rendered":"Nature&#039;s Bounty D3, 250 mcg (10,000 IU), 72 Rapid Release Softgels"},"content":{"rendered":"<p>L\u2019utilisation \u00e0 court terme aide \u00e0 r\u00e9tablir des niveaux sains de vitamine D chez les adultes diagnostiqu\u00e9s comme d\u00e9ficients en vitamine D. Environ 8% de la population am\u00e9ricaine risque une carence en vitamine D.<\/p>\n<p>Source: CDC<\/p>\n<p>Nearly 50 years of trusted quality<\/p>\n<p>Chez Nature\u2019s Bounty, nous nous engageons pour votre sant\u00e9. Depuis pr\u00e8s de 50 ans nous fabriquons des produits de confiance, soutenus par la science et con\u00e7us uniquement avec les ingr\u00e9dients les plus purs\u2026 garantis. Pour que vous profitiez pleinement de la vie chaque jour<\/p>\n<p>Short-term therapy for vitamin D deficiency**<\/p>\n<p>Immune health<\/p>\n<p>Vitamin supplement<\/p>\n<p>Specially formulated to optimize vitamin D levels<\/p>\n<p>Your Sunshine Vitamin<\/p>\n<p>Quality guaranteed<\/p>\n<p>Lab tested<\/p>","protected":false},"excerpt":{"rendered":"<ul>\n<li>Short-term therapy for vitamin D deficiency**<\/li>\n<li>Immune health<\/li>\n<li>Vitamin supplement<\/li>\n<li>Specially formulated to optimize vitamin D levels<\/li>\n<li>Your Sunshine Vitamin<\/li>\n<li>Quality guaranteed<\/li>\n<li>Lab tested<\/li>\n<li>\u00a0Short-term use helps restore healthy vitamin D levels in adults diagnosed as vitamin D deficient.<\/li>\n<\/ul>","protected":false},"featured_media":144,"template":"","meta":{"om_disable_all_campaigns":false},"product_brand":[148],"product_cat":[18,3366,147,130,19],"product_tag":[151,152,150,149,154,155,153],"class_list":{"0":"post-143","1":"product","2":"type-product","3":"status-publish","4":"has-post-thumbnail","6":"product_brand-natures-bounty-maroc-prix","7":"product_cat-beaute-sante","8":"product_cat-complements-alimentaires-au-maroc-vitablanca","9":"product_cat-vitamine-d","10":"product_cat-vitamines","11":"product_cat-vitamines-supplements-dietetiques","12":"product_tag-250-mcg-10-000-ui","13":"product_tag-72-softgels-a-liberation-rapide","14":"product_tag-d3","15":"product_tag-natures-bounty","16":"product_tag-natures-bounty-maroc","17":"product_tag-vit-d3-25-mg-1000-ui","18":"product_tag-vitamine-d3","20":"first","21":"instock","22":"sale","23":"taxable","24":"shipping-taxable","25":"purchasable","26":"product-type-simple"},"yoast_head":"<!-- This site is optimized with the Yoast SEO plugin v27.5 - https:\/\/yoast.com\/product\/yoast-seo-wordpress\/ -->\n<title>Nature&#039;s Bounty Vitamine D3 10 000 UI, 72 Softgels - Maroc Prix<\/title>\n<meta name=\"description\" content=\"Achetez Nature&#039;s Bounty Vitamine D3 250 mcg (10 000 UI) au Maroc. 72 softgels \u00e0 lib\u00e9ration rapide pour la sant\u00e9 des os, l&#039;immunit\u00e9 et l&#039;humeur.\" \/>\n<meta name=\"robots\" content=\"index, follow, max-snippet:-1, max-image-preview:large, max-video-preview:-1\" \/>\n<link rel=\"canonical\" href=\"https:\/\/vitablanca.ma\/en\/product\/natures-bounty-d3-250-mcg-10-000-ui-72-softgels-a-liberation-rapide\/\" \/>\n<meta property=\"og:locale\" content=\"en_US\" \/>\n<meta property=\"og:type\" content=\"article\" \/>\n<meta property=\"og:title\" content=\"Nature&#039;s Bounty Vitamine D3 10 000 UI, 72 Softgels - Maroc Prix\" \/>\n<meta property=\"og:description\" content=\"Achetez Nature&#039;s Bounty Vitamine D3 250 mcg (10 000 UI) au Maroc. 72 softgels \u00e0 lib\u00e9ration rapide pour la sant\u00e9 des os, l&#039;immunit\u00e9 et l&#039;humeur.\" \/>\n<meta property=\"og:url\" content=\"https:\/\/vitablanca.ma\/en\/product\/natures-bounty-d3-250-mcg-10-000-ui-72-softgels-a-liberation-rapide\/\" \/>\n<meta property=\"og:site_name\" content=\"Vitablanca.ma &ndash; Sant&eacute;, vitalit&eacute; et bien-&ecirc;tre pour tous les Marocains\" \/>\n<meta property=\"article:publisher\" content=\"https:\/\/www.facebook.com\/profile.php?id=61576678196717\" \/>\n<meta property=\"article:modified_time\" content=\"2025-08-30T21:29:12+00:00\" \/>\n<meta property=\"og:image\" content=\"https:\/\/vitablanca.ma\/wp-content\/uploads\/2025\/04\/natures-bounty-d3-250-mcg-10-000-ui.jpg\" \/>\n\t<meta property=\"og:image:width\" content=\"680\" \/>\n\t<meta property=\"og:image:height\" content=\"680\" \/>\n\t<meta property=\"og:image:type\" content=\"image\/jpeg\" \/>\n<meta name=\"twitter:card\" content=\"summary_large_image\" \/>\n<meta name=\"twitter:label1\" content=\"Est. reading time\" \/>\n\t<meta name=\"twitter:data1\" content=\"1 minute\" \/>\n<script type=\"application\/ld+json\" class=\"yoast-schema-graph\">{\"@context\":\"https:\\\/\\\/schema.org\",\"@graph\":[{\"@type\":[\"WebPage\",\"ItemPage\"],\"@id\":\"https:\\\/\\\/vitablanca.ma\\\/produit\\\/natures-bounty-d3-250-mcg-10-000-ui-72-softgels-a-liberation-rapide\\\/\",\"url\":\"https:\\\/\\\/vitablanca.ma\\\/produit\\\/natures-bounty-d3-250-mcg-10-000-ui-72-softgels-a-liberation-rapide\\\/\",\"name\":\"Nature's Bounty Vitamine D3 10 000 UI, 72 Softgels - Maroc Prix\",\"isPartOf\":{\"@id\":\"https:\\\/\\\/vitablanca.ma\\\/#website\"},\"primaryImageOfPage\":{\"@id\":\"https:\\\/\\\/vitablanca.ma\\\/produit\\\/natures-bounty-d3-250-mcg-10-000-ui-72-softgels-a-liberation-rapide\\\/#primaryimage\"},\"image\":{\"@id\":\"https:\\\/\\\/vitablanca.ma\\\/produit\\\/natures-bounty-d3-250-mcg-10-000-ui-72-softgels-a-liberation-rapide\\\/#primaryimage\"},\"thumbnailUrl\":\"https:\\\/\\\/vitablanca.ma\\\/wp-content\\\/uploads\\\/2025\\\/04\\\/natures-bounty-d3-250-mcg-10-000-ui.jpg\",\"datePublished\":\"2025-04-15T23:35:53+00:00\",\"dateModified\":\"2025-08-30T21:29:12+00:00\",\"description\":\"Achetez Nature's Bounty Vitamine D3 250 mcg (10 000 UI) au Maroc. 72 softgels \u00e0 lib\u00e9ration rapide pour la sant\u00e9 des os, l'immunit\u00e9 et l'humeur.\",\"breadcrumb\":{\"@id\":\"https:\\\/\\\/vitablanca.ma\\\/produit\\\/natures-bounty-d3-250-mcg-10-000-ui-72-softgels-a-liberation-rapide\\\/#breadcrumb\"},\"inLanguage\":\"en-US\",\"potentialAction\":[{\"@type\":\"ReadAction\",\"target\":[\"https:\\\/\\\/vitablanca.ma\\\/produit\\\/natures-bounty-d3-250-mcg-10-000-ui-72-softgels-a-liberation-rapide\\\/\"]}]},{\"@type\":\"ImageObject\",\"inLanguage\":\"en-US\",\"@id\":\"https:\\\/\\\/vitablanca.ma\\\/produit\\\/natures-bounty-d3-250-mcg-10-000-ui-72-softgels-a-liberation-rapide\\\/#primaryimage\",\"url\":\"https:\\\/\\\/vitablanca.ma\\\/wp-content\\\/uploads\\\/2025\\\/04\\\/natures-bounty-d3-250-mcg-10-000-ui.jpg\",\"contentUrl\":\"https:\\\/\\\/vitablanca.ma\\\/wp-content\\\/uploads\\\/2025\\\/04\\\/natures-bounty-d3-250-mcg-10-000-ui.jpg\",\"width\":680,\"height\":680},{\"@type\":\"BreadcrumbList\",\"@id\":\"https:\\\/\\\/vitablanca.ma\\\/produit\\\/natures-bounty-d3-250-mcg-10-000-ui-72-softgels-a-liberation-rapide\\\/#breadcrumb\",\"itemListElement\":[{\"@type\":\"ListItem\",\"position\":1,\"name\":\"Home\",\"item\":\"https:\\\/\\\/vitablanca.ma\\\/\"},{\"@type\":\"ListItem\",\"position\":2,\"name\":\"Tous Les Produits\",\"item\":\"https:\\\/\\\/vitablanca.ma\\\/tous-les-produits\\\/\"},{\"@type\":\"ListItem\",\"position\":3,\"name\":\"Nature&#8217;S Bounty D3, 250 mcg (10 000 UI), 72 Softgels \u00e0 lib\u00e9ration rapide\"}]},{\"@type\":\"WebSite\",\"@id\":\"https:\\\/\\\/vitablanca.ma\\\/#website\",\"url\":\"https:\\\/\\\/vitablanca.ma\\\/\",\"name\":\"VitaBlanca.ma | Compl\u00e9ments alimentaires, sant\u00e9 & beaut\u00e9 au Maroc\",\"description\":\"vendre vitamines et compl\u00e9ments premium des USA &amp; Canada, Nouvelle Z\u00e9lande,Maroc (NOW Foods, Solgar, Manuka). Livraison rapide partout au Maroc.\",\"publisher\":{\"@id\":\"https:\\\/\\\/vitablanca.ma\\\/#organization\"},\"alternateName\":\"VitaBlanca.ma\",\"potentialAction\":[{\"@type\":\"SearchAction\",\"target\":{\"@type\":\"EntryPoint\",\"urlTemplate\":\"https:\\\/\\\/vitablanca.ma\\\/?s={search_term_string}\"},\"query-input\":{\"@type\":\"PropertyValueSpecification\",\"valueRequired\":true,\"valueName\":\"search_term_string\"}}],\"inLanguage\":\"en-US\"},{\"@type\":\"Organization\",\"@id\":\"https:\\\/\\\/vitablanca.ma\\\/#organization\",\"name\":\"VitaBlanca\",\"url\":\"https:\\\/\\\/vitablanca.ma\\\/\",\"logo\":{\"@type\":\"ImageObject\",\"inLanguage\":\"en-US\",\"@id\":\"https:\\\/\\\/vitablanca.ma\\\/#\\\/schema\\\/logo\\\/image\\\/\",\"url\":\"https:\\\/\\\/vitablanca.ma\\\/wp-content\\\/uploads\\\/2025\\\/05\\\/cropped-vitablanca.png\",\"contentUrl\":\"https:\\\/\\\/vitablanca.ma\\\/wp-content\\\/uploads\\\/2025\\\/05\\\/cropped-vitablanca.png\",\"width\":360,\"height\":67,\"caption\":\"VitaBlanca\"},\"image\":{\"@id\":\"https:\\\/\\\/vitablanca.ma\\\/#\\\/schema\\\/logo\\\/image\\\/\"},\"sameAs\":[\"https:\\\/\\\/www.facebook.com\\\/profile.php?id=61576678196717\",\"https:\\\/\\\/www.tiktok.com\\\/@vitablanca.ma\",\"https:\\\/\\\/www.instagram.com\\\/vitablanca.ma\\\/\"]}]}<\/script>\n<!-- \/ Yoast SEO plugin. -->","yoast_head_json":{"title":"Nature&#039;s Bounty Vitamin D3 10,000 IU, 72 Softgels - Morocco Price","description":"Buy Nature&#039;s Bounty Vitamin D3 250 mcg (10,000 IU) in Morocco. 72 rapid-release softgels for bone health, immunity, and mood.","robots":{"index":"index","follow":"follow","max-snippet":"max-snippet:-1","max-image-preview":"max-image-preview:large","max-video-preview":"max-video-preview:-1"},"canonical":"https:\/\/vitablanca.ma\/en\/product\/natures-bounty-d3-250-mcg-10-000-ui-72-softgels-a-liberation-rapide\/","og_locale":"en_US","og_type":"article","og_title":"Nature's Bounty Vitamine D3 10 000 UI, 72 Softgels - Maroc Prix","og_description":"Achetez Nature's Bounty Vitamine D3 250 mcg (10 000 UI) au Maroc. 72 softgels \u00e0 lib\u00e9ration rapide pour la sant\u00e9 des os, l'immunit\u00e9 et l'humeur.","og_url":"https:\/\/vitablanca.ma\/en\/product\/natures-bounty-d3-250-mcg-10-000-ui-72-softgels-a-liberation-rapide\/","og_site_name":"Vitablanca.ma &ndash; Sant&eacute;, vitalit&eacute; et bien-&ecirc;tre pour tous les Marocains","article_publisher":"https:\/\/www.facebook.com\/profile.php?id=61576678196717","article_modified_time":"2025-08-30T21:29:12+00:00","og_image":[{"width":680,"height":680,"url":"https:\/\/vitablanca.ma\/wp-content\/uploads\/2025\/04\/natures-bounty-d3-250-mcg-10-000-ui.jpg","type":"image\/jpeg"}],"twitter_card":"summary_large_image","twitter_misc":{"Est. reading time":"1 minute"},"schema":{"@context":"https:\/\/schema.org","@graph":[{"@type":["WebPage","ItemPage"],"@id":"https:\/\/vitablanca.ma\/produit\/natures-bounty-d3-250-mcg-10-000-ui-72-softgels-a-liberation-rapide\/","url":"https:\/\/vitablanca.ma\/produit\/natures-bounty-d3-250-mcg-10-000-ui-72-softgels-a-liberation-rapide\/","name":"Nature&#039;s Bounty Vitamin D3 10,000 IU, 72 Softgels - Morocco Price","isPartOf":{"@id":"https:\/\/vitablanca.ma\/#website"},"primaryImageOfPage":{"@id":"https:\/\/vitablanca.ma\/produit\/natures-bounty-d3-250-mcg-10-000-ui-72-softgels-a-liberation-rapide\/#primaryimage"},"image":{"@id":"https:\/\/vitablanca.ma\/produit\/natures-bounty-d3-250-mcg-10-000-ui-72-softgels-a-liberation-rapide\/#primaryimage"},"thumbnailUrl":"https:\/\/vitablanca.ma\/wp-content\/uploads\/2025\/04\/natures-bounty-d3-250-mcg-10-000-ui.jpg","datePublished":"2025-04-15T23:35:53+00:00","dateModified":"2025-08-30T21:29:12+00:00","description":"Buy Nature&#039;s Bounty Vitamin D3 250 mcg (10,000 IU) in Morocco. 72 rapid-release softgels for bone health, immunity, and mood.","breadcrumb":{"@id":"https:\/\/vitablanca.ma\/produit\/natures-bounty-d3-250-mcg-10-000-ui-72-softgels-a-liberation-rapide\/#breadcrumb"},"inLanguage":"en-US","potentialAction":[{"@type":"ReadAction","target":["https:\/\/vitablanca.ma\/produit\/natures-bounty-d3-250-mcg-10-000-ui-72-softgels-a-liberation-rapide\/"]}]},{"@type":"ImageObject","inLanguage":"en-US","@id":"https:\/\/vitablanca.ma\/produit\/natures-bounty-d3-250-mcg-10-000-ui-72-softgels-a-liberation-rapide\/#primaryimage","url":"https:\/\/vitablanca.ma\/wp-content\/uploads\/2025\/04\/natures-bounty-d3-250-mcg-10-000-ui.jpg","contentUrl":"https:\/\/vitablanca.ma\/wp-content\/uploads\/2025\/04\/natures-bounty-d3-250-mcg-10-000-ui.jpg","width":680,"height":680},{"@type":"BreadcrumbList","@id":"https:\/\/vitablanca.ma\/produit\/natures-bounty-d3-250-mcg-10-000-ui-72-softgels-a-liberation-rapide\/#breadcrumb","itemListElement":[{"@type":"ListItem","position":1,"name":"Home","item":"https:\/\/vitablanca.ma\/"},{"@type":"ListItem","position":2,"name":"Tous Les Produits","item":"https:\/\/vitablanca.ma\/tous-les-produits\/"},{"@type":"ListItem","position":3,"name":"Nature&#8217;S Bounty D3, 250 mcg (10 000 UI), 72 Softgels \u00e0 lib\u00e9ration rapide"}]},{"@type":"WebSite","@id":"https:\/\/vitablanca.ma\/#website","url":"https:\/\/vitablanca.ma\/","name":"VitaBlanca.ma | Food supplements, health &amp; beauty in Morocco","description":"sell premium vitamins and supplements from USA &amp; Canada, New Zealand, Morocco (NOW Foods, Solgar, Manuka). Fast delivery anywhere in Morocco.","publisher":{"@id":"https:\/\/vitablanca.ma\/#organization"},"alternateName":"VitaBlanca.ma","potentialAction":[{"@type":"SearchAction","target":{"@type":"EntryPoint","urlTemplate":"https:\/\/vitablanca.ma\/?s={search_term_string}"},"query-input":{"@type":"PropertyValueSpecification","valueRequired":true,"valueName":"search_term_string"}}],"inLanguage":"en-US"},{"@type":"Organization","@id":"https:\/\/vitablanca.ma\/#organization","name":"VitaBlanca","url":"https:\/\/vitablanca.ma\/","logo":{"@type":"ImageObject","inLanguage":"en-US","@id":"https:\/\/vitablanca.ma\/#\/schema\/logo\/image\/","url":"https:\/\/vitablanca.ma\/wp-content\/uploads\/2025\/05\/cropped-vitablanca.png","contentUrl":"https:\/\/vitablanca.ma\/wp-content\/uploads\/2025\/05\/cropped-vitablanca.png","width":360,"height":67,"caption":"VitaBlanca"},"image":{"@id":"https:\/\/vitablanca.ma\/#\/schema\/logo\/image\/"},"sameAs":["https:\/\/www.facebook.com\/profile.php?id=61576678196717","https:\/\/www.tiktok.com\/@vitablanca.ma","https:\/\/www.instagram.com\/vitablanca.ma\/"]}]}},"jetpack_sharing_enabled":true,"_links":{"self":[{"href":"https:\/\/vitablanca.ma\/en\/wp-json\/wp\/v2\/product\/143","targetHints":{"allow":["GET"]}}],"collection":[{"href":"https:\/\/vitablanca.ma\/en\/wp-json\/wp\/v2\/product"}],"about":[{"href":"https:\/\/vitablanca.ma\/en\/wp-json\/wp\/v2\/types\/product"}],"wp:featuredmedia":[{"embeddable":true,"href":"https:\/\/vitablanca.ma\/en\/wp-json\/wp\/v2\/media\/144"}],"wp:attachment":[{"href":"https:\/\/vitablanca.ma\/en\/wp-json\/wp\/v2\/media?parent=143"}],"wp:term":[{"taxonomy":"product_brand","embeddable":true,"href":"https:\/\/vitablanca.ma\/en\/wp-json\/wp\/v2\/product_brand?post=143"},{"taxonomy":"product_cat","embeddable":true,"href":"https:\/\/vitablanca.ma\/en\/wp-json\/wp\/v2\/product_cat?post=143"},{"taxonomy":"product_tag","embeddable":true,"href":"https:\/\/vitablanca.ma\/en\/wp-json\/wp\/v2\/product_tag?post=143"}],"curies":[{"name":"wp","href":"https:\/\/api.w.org\/{rel}","templated":true}]}}