{"id":14249,"date":"2025-06-03T16:34:35","date_gmt":"2025-06-03T16:34:35","guid":{"rendered":"https:\/\/vitablanca.ma\/?post_type=product&#038;p=14249"},"modified":"2025-08-30T21:21:14","modified_gmt":"2025-08-30T21:21:14","slug":"solaray-magnesium-glycinate-350-mg-120-vegcaps-maroc","status":"publish","type":"product","link":"https:\/\/vitablanca.ma\/en\/product\/solaray-magnesium-glycinate-350-mg-120-vegcaps-maroc\/","title":{"rendered":"Solaray Magnesium Glycinate, 350 mg, 120 VegCaps."},"content":{"rendered":"<p><a href=\"https:\/\/www.jumia.ma\/customer\/account\/login\/?tkWl=SO243DV01GV61NAFAMZ-49667212&return=%2Fsolaray-magnesium-glycinate-350-mg-120-vegcaps.-50566420.html%3Fseller_product%3D1\"><\/a><\/p>\n\n\n\n<p>Le magn\u00e9sium fait partie int\u00e9grante de votre routine quotidienne et il est essentiel que vous l\u2019obteniez par le biais de votre alimentation ou via une suppl\u00e9mentation.\u00a0Le glycinate de magn\u00e9sium est l\u2019une des formes les plus populaires de magn\u00e9sium, car il absorbe facilement et est moins susceptible de provoquer des naus\u00e9es occasionnelles ou des probl\u00e8mes digestifs mineurs que certaines personnes \u00e9prouvent en prenant du magn\u00e9sium.\u00a0Le glycinate de magn\u00e9sium Solaray 400 mg a \u00e9t\u00e9 rigoureusement test\u00e9 en laboratoire selon les exigences actuelles des bonnes pratiques de fabrication (cGMP) et ne contient pas de colorants, \u00e9dulcorants, colorants ou ar\u00f4mes artificiels.\u00a0Cette formule favorise une fonction musculaire saine, la sant\u00e9 des os, un sommeil sain, des niveaux de pression art\u00e9rielle sains d\u00e9j\u00e0 dans la plage normale et bien plus encore.<\/p>","protected":false},"excerpt":{"rendered":"<ul>\n<li>Highly absorbable form of magnesium<\/li>\n<li>Promotes healthy muscle function, restful sleep, bone health and more<\/li>\n<li>Contains no artificial colors, sweeteners, colours or flavours<\/li>\n<\/ul>","protected":false},"featured_media":14251,"template":"","meta":{"om_disable_all_campaigns":false},"product_brand":[673],"product_cat":[18,3366,176,163,19],"product_tag":[2188,2186,2190,1961,2189,2187,2026,242,220,2831,2191],"class_list":{"0":"post-14249","1":"product","2":"type-product","3":"status-publish","4":"has-post-thumbnail","6":"product_brand-solaray-maroc-prix","7":"product_cat-beaute-sante","8":"product_cat-complements-alimentaires-au-maroc-vitablanca","9":"product_cat-magnesium","10":"product_cat-mineraux","11":"product_cat-vitamines-supplements-dietetiques","12":"product_tag-120-gelules-vegetariennes","13":"product_tag-350-mg-de-magnesium-sous-forme-de-glycinate","14":"product_tag-aide-a-reduire-la-fatigue-et-le-stress","15":"product_tag-convient-aux-vegetariens","16":"product_tag-haute-absorption-et-tolerance-digestive","17":"product_tag-ideal-pour-le-sommeil-et-la-recuperation","18":"product_tag-marque-reputee-solaray","19":"product_tag-sans-gluten","20":"product_tag-sans-ogm","21":"product_tag-solaray","22":"product_tag-soutien-du-systeme-nerveux-et-musculaire","24":"first","25":"instock","26":"taxable","27":"shipping-taxable","28":"purchasable","29":"product-type-simple"},"yoast_head":"<!-- This site is optimized with the Yoast SEO plugin v27.5 - https:\/\/yoast.com\/product\/yoast-seo-wordpress\/ -->\n<title>Solaray Magnesium Glycinate, 350 mg, 120 VegCaps. - Maroc Prix<\/title>\n<meta name=\"description\" content=\"Achetez Solaray Magn\u00e9sium Glycinate 350 mg au Maroc. offrent une haute biodisponibilit\u00e9 pour favoriser une relaxation profonde,la qualit\u00e9 du sommeil\" \/>\n<meta name=\"robots\" content=\"index, follow, max-snippet:-1, max-image-preview:large, max-video-preview:-1\" \/>\n<link rel=\"canonical\" href=\"https:\/\/vitablanca.ma\/en\/product\/solaray-magnesium-glycinate-350-mg-120-vegcaps-maroc\/\" \/>\n<meta property=\"og:locale\" content=\"en_US\" \/>\n<meta property=\"og:type\" content=\"article\" \/>\n<meta property=\"og:title\" content=\"Solaray Magnesium Glycinate, 350 mg, 120 VegCaps. - Maroc Prix\" \/>\n<meta property=\"og:description\" content=\"Achetez Solaray Magn\u00e9sium Glycinate 350 mg au Maroc. offrent une haute biodisponibilit\u00e9 pour favoriser une relaxation profonde,la qualit\u00e9 du sommeil\" \/>\n<meta property=\"og:url\" content=\"https:\/\/vitablanca.ma\/en\/product\/solaray-magnesium-glycinate-350-mg-120-vegcaps-maroc\/\" \/>\n<meta property=\"og:site_name\" content=\"Vitablanca.ma &ndash; Sant&eacute;, vitalit&eacute; et bien-&ecirc;tre pour tous les Marocains\" \/>\n<meta property=\"article:publisher\" content=\"https:\/\/www.facebook.com\/profile.php?id=61576678196717\" \/>\n<meta property=\"article:modified_time\" content=\"2025-08-30T21:21:14+00:00\" \/>\n<meta property=\"og:image\" content=\"https:\/\/vitablanca.ma\/wp-content\/uploads\/2025\/06\/solaray-magnesium-glycinate-350-mg-120-vegcaps-1.jpg\" \/>\n\t<meta property=\"og:image:width\" content=\"680\" \/>\n\t<meta property=\"og:image:height\" content=\"680\" \/>\n\t<meta property=\"og:image:type\" content=\"image\/jpeg\" \/>\n<meta name=\"twitter:card\" content=\"summary_large_image\" \/>\n<meta name=\"twitter:label1\" content=\"Est. reading time\" \/>\n\t<meta name=\"twitter:data1\" content=\"1 minute\" \/>\n<script type=\"application\/ld+json\" class=\"yoast-schema-graph\">{\"@context\":\"https:\\\/\\\/schema.org\",\"@graph\":[{\"@type\":[\"WebPage\",\"ItemPage\"],\"@id\":\"https:\\\/\\\/vitablanca.ma\\\/produit\\\/solaray-magnesium-glycinate-350-mg-120-vegcaps-maroc\\\/\",\"url\":\"https:\\\/\\\/vitablanca.ma\\\/produit\\\/solaray-magnesium-glycinate-350-mg-120-vegcaps-maroc\\\/\",\"name\":\"Solaray Magnesium Glycinate, 350 mg, 120 VegCaps. - Maroc Prix\",\"isPartOf\":{\"@id\":\"https:\\\/\\\/vitablanca.ma\\\/#website\"},\"primaryImageOfPage\":{\"@id\":\"https:\\\/\\\/vitablanca.ma\\\/produit\\\/solaray-magnesium-glycinate-350-mg-120-vegcaps-maroc\\\/#primaryimage\"},\"image\":{\"@id\":\"https:\\\/\\\/vitablanca.ma\\\/produit\\\/solaray-magnesium-glycinate-350-mg-120-vegcaps-maroc\\\/#primaryimage\"},\"thumbnailUrl\":\"https:\\\/\\\/vitablanca.ma\\\/wp-content\\\/uploads\\\/2025\\\/06\\\/solaray-magnesium-glycinate-350-mg-120-vegcaps-1.jpg\",\"datePublished\":\"2025-06-03T16:34:35+00:00\",\"dateModified\":\"2025-08-30T21:21:14+00:00\",\"description\":\"Achetez Solaray Magn\u00e9sium Glycinate 350 mg au Maroc. offrent une haute biodisponibilit\u00e9 pour favoriser une relaxation profonde,la qualit\u00e9 du sommeil\",\"breadcrumb\":{\"@id\":\"https:\\\/\\\/vitablanca.ma\\\/produit\\\/solaray-magnesium-glycinate-350-mg-120-vegcaps-maroc\\\/#breadcrumb\"},\"inLanguage\":\"en-US\",\"potentialAction\":[{\"@type\":\"ReadAction\",\"target\":[\"https:\\\/\\\/vitablanca.ma\\\/produit\\\/solaray-magnesium-glycinate-350-mg-120-vegcaps-maroc\\\/\"]}]},{\"@type\":\"ImageObject\",\"inLanguage\":\"en-US\",\"@id\":\"https:\\\/\\\/vitablanca.ma\\\/produit\\\/solaray-magnesium-glycinate-350-mg-120-vegcaps-maroc\\\/#primaryimage\",\"url\":\"https:\\\/\\\/vitablanca.ma\\\/wp-content\\\/uploads\\\/2025\\\/06\\\/solaray-magnesium-glycinate-350-mg-120-vegcaps-1.jpg\",\"contentUrl\":\"https:\\\/\\\/vitablanca.ma\\\/wp-content\\\/uploads\\\/2025\\\/06\\\/solaray-magnesium-glycinate-350-mg-120-vegcaps-1.jpg\",\"width\":680,\"height\":680},{\"@type\":\"BreadcrumbList\",\"@id\":\"https:\\\/\\\/vitablanca.ma\\\/produit\\\/solaray-magnesium-glycinate-350-mg-120-vegcaps-maroc\\\/#breadcrumb\",\"itemListElement\":[{\"@type\":\"ListItem\",\"position\":1,\"name\":\"Home\",\"item\":\"https:\\\/\\\/vitablanca.ma\\\/\"},{\"@type\":\"ListItem\",\"position\":2,\"name\":\"Tous Les Produits\",\"item\":\"https:\\\/\\\/vitablanca.ma\\\/tous-les-produits\\\/\"},{\"@type\":\"ListItem\",\"position\":3,\"name\":\"Solaray Magnesium Glycinate, 350 mg, 120 VegCaps.\"}]},{\"@type\":\"WebSite\",\"@id\":\"https:\\\/\\\/vitablanca.ma\\\/#website\",\"url\":\"https:\\\/\\\/vitablanca.ma\\\/\",\"name\":\"VitaBlanca.ma | Compl\u00e9ments alimentaires, sant\u00e9 & beaut\u00e9 au Maroc\",\"description\":\"vendre vitamines et compl\u00e9ments premium des USA &amp; Canada, Nouvelle Z\u00e9lande,Maroc (NOW Foods, Solgar, Manuka). Livraison rapide partout au Maroc.\",\"publisher\":{\"@id\":\"https:\\\/\\\/vitablanca.ma\\\/#organization\"},\"alternateName\":\"VitaBlanca.ma\",\"potentialAction\":[{\"@type\":\"SearchAction\",\"target\":{\"@type\":\"EntryPoint\",\"urlTemplate\":\"https:\\\/\\\/vitablanca.ma\\\/?s={search_term_string}\"},\"query-input\":{\"@type\":\"PropertyValueSpecification\",\"valueRequired\":true,\"valueName\":\"search_term_string\"}}],\"inLanguage\":\"en-US\"},{\"@type\":\"Organization\",\"@id\":\"https:\\\/\\\/vitablanca.ma\\\/#organization\",\"name\":\"VitaBlanca\",\"url\":\"https:\\\/\\\/vitablanca.ma\\\/\",\"logo\":{\"@type\":\"ImageObject\",\"inLanguage\":\"en-US\",\"@id\":\"https:\\\/\\\/vitablanca.ma\\\/#\\\/schema\\\/logo\\\/image\\\/\",\"url\":\"https:\\\/\\\/vitablanca.ma\\\/wp-content\\\/uploads\\\/2025\\\/05\\\/cropped-vitablanca.png\",\"contentUrl\":\"https:\\\/\\\/vitablanca.ma\\\/wp-content\\\/uploads\\\/2025\\\/05\\\/cropped-vitablanca.png\",\"width\":360,\"height\":67,\"caption\":\"VitaBlanca\"},\"image\":{\"@id\":\"https:\\\/\\\/vitablanca.ma\\\/#\\\/schema\\\/logo\\\/image\\\/\"},\"sameAs\":[\"https:\\\/\\\/www.facebook.com\\\/profile.php?id=61576678196717\",\"https:\\\/\\\/www.tiktok.com\\\/@vitablanca.ma\",\"https:\\\/\\\/www.instagram.com\\\/vitablanca.ma\\\/\"]}]}<\/script>\n<!-- \/ Yoast SEO plugin. -->","yoast_head_json":{"title":"Solaray Magnesium Glycinate, 350 mg, 120 VegCaps. - Morocco Prices","description":"Buy Solaray Magnesium Glycinate 350 mg in Morocco. They offer high bioavailability to promote deep relaxation and quality sleep.","robots":{"index":"index","follow":"follow","max-snippet":"max-snippet:-1","max-image-preview":"max-image-preview:large","max-video-preview":"max-video-preview:-1"},"canonical":"https:\/\/vitablanca.ma\/en\/product\/solaray-magnesium-glycinate-350-mg-120-vegcaps-maroc\/","og_locale":"en_US","og_type":"article","og_title":"Solaray Magnesium Glycinate, 350 mg, 120 VegCaps. - Maroc Prix","og_description":"Achetez Solaray Magn\u00e9sium Glycinate 350 mg au Maroc. offrent une haute biodisponibilit\u00e9 pour favoriser une relaxation profonde,la qualit\u00e9 du sommeil","og_url":"https:\/\/vitablanca.ma\/en\/product\/solaray-magnesium-glycinate-350-mg-120-vegcaps-maroc\/","og_site_name":"Vitablanca.ma &ndash; Sant&eacute;, vitalit&eacute; et bien-&ecirc;tre pour tous les Marocains","article_publisher":"https:\/\/www.facebook.com\/profile.php?id=61576678196717","article_modified_time":"2025-08-30T21:21:14+00:00","og_image":[{"width":680,"height":680,"url":"https:\/\/vitablanca.ma\/wp-content\/uploads\/2025\/06\/solaray-magnesium-glycinate-350-mg-120-vegcaps-1.jpg","type":"image\/jpeg"}],"twitter_card":"summary_large_image","twitter_misc":{"Est. reading time":"1 minute"},"schema":{"@context":"https:\/\/schema.org","@graph":[{"@type":["WebPage","ItemPage"],"@id":"https:\/\/vitablanca.ma\/produit\/solaray-magnesium-glycinate-350-mg-120-vegcaps-maroc\/","url":"https:\/\/vitablanca.ma\/produit\/solaray-magnesium-glycinate-350-mg-120-vegcaps-maroc\/","name":"Solaray Magnesium Glycinate, 350 mg, 120 VegCaps. - Morocco Prices","isPartOf":{"@id":"https:\/\/vitablanca.ma\/#website"},"primaryImageOfPage":{"@id":"https:\/\/vitablanca.ma\/produit\/solaray-magnesium-glycinate-350-mg-120-vegcaps-maroc\/#primaryimage"},"image":{"@id":"https:\/\/vitablanca.ma\/produit\/solaray-magnesium-glycinate-350-mg-120-vegcaps-maroc\/#primaryimage"},"thumbnailUrl":"https:\/\/vitablanca.ma\/wp-content\/uploads\/2025\/06\/solaray-magnesium-glycinate-350-mg-120-vegcaps-1.jpg","datePublished":"2025-06-03T16:34:35+00:00","dateModified":"2025-08-30T21:21:14+00:00","description":"Buy Solaray Magnesium Glycinate 350 mg in Morocco. They offer high bioavailability to promote deep relaxation and quality sleep.","breadcrumb":{"@id":"https:\/\/vitablanca.ma\/produit\/solaray-magnesium-glycinate-350-mg-120-vegcaps-maroc\/#breadcrumb"},"inLanguage":"en-US","potentialAction":[{"@type":"ReadAction","target":["https:\/\/vitablanca.ma\/produit\/solaray-magnesium-glycinate-350-mg-120-vegcaps-maroc\/"]}]},{"@type":"ImageObject","inLanguage":"en-US","@id":"https:\/\/vitablanca.ma\/produit\/solaray-magnesium-glycinate-350-mg-120-vegcaps-maroc\/#primaryimage","url":"https:\/\/vitablanca.ma\/wp-content\/uploads\/2025\/06\/solaray-magnesium-glycinate-350-mg-120-vegcaps-1.jpg","contentUrl":"https:\/\/vitablanca.ma\/wp-content\/uploads\/2025\/06\/solaray-magnesium-glycinate-350-mg-120-vegcaps-1.jpg","width":680,"height":680},{"@type":"BreadcrumbList","@id":"https:\/\/vitablanca.ma\/produit\/solaray-magnesium-glycinate-350-mg-120-vegcaps-maroc\/#breadcrumb","itemListElement":[{"@type":"ListItem","position":1,"name":"Home","item":"https:\/\/vitablanca.ma\/"},{"@type":"ListItem","position":2,"name":"Tous Les Produits","item":"https:\/\/vitablanca.ma\/tous-les-produits\/"},{"@type":"ListItem","position":3,"name":"Solaray Magnesium Glycinate, 350 mg, 120 VegCaps."}]},{"@type":"WebSite","@id":"https:\/\/vitablanca.ma\/#website","url":"https:\/\/vitablanca.ma\/","name":"VitaBlanca.ma | Food supplements, health &amp; beauty in Morocco","description":"sell premium vitamins and supplements from USA &amp; Canada, New Zealand, Morocco (NOW Foods, Solgar, Manuka). Fast delivery anywhere in Morocco.","publisher":{"@id":"https:\/\/vitablanca.ma\/#organization"},"alternateName":"VitaBlanca.ma","potentialAction":[{"@type":"SearchAction","target":{"@type":"EntryPoint","urlTemplate":"https:\/\/vitablanca.ma\/?s={search_term_string}"},"query-input":{"@type":"PropertyValueSpecification","valueRequired":true,"valueName":"search_term_string"}}],"inLanguage":"en-US"},{"@type":"Organization","@id":"https:\/\/vitablanca.ma\/#organization","name":"VitaBlanca","url":"https:\/\/vitablanca.ma\/","logo":{"@type":"ImageObject","inLanguage":"en-US","@id":"https:\/\/vitablanca.ma\/#\/schema\/logo\/image\/","url":"https:\/\/vitablanca.ma\/wp-content\/uploads\/2025\/05\/cropped-vitablanca.png","contentUrl":"https:\/\/vitablanca.ma\/wp-content\/uploads\/2025\/05\/cropped-vitablanca.png","width":360,"height":67,"caption":"VitaBlanca"},"image":{"@id":"https:\/\/vitablanca.ma\/#\/schema\/logo\/image\/"},"sameAs":["https:\/\/www.facebook.com\/profile.php?id=61576678196717","https:\/\/www.tiktok.com\/@vitablanca.ma","https:\/\/www.instagram.com\/vitablanca.ma\/"]}]}},"jetpack_sharing_enabled":true,"_links":{"self":[{"href":"https:\/\/vitablanca.ma\/en\/wp-json\/wp\/v2\/product\/14249","targetHints":{"allow":["GET"]}}],"collection":[{"href":"https:\/\/vitablanca.ma\/en\/wp-json\/wp\/v2\/product"}],"about":[{"href":"https:\/\/vitablanca.ma\/en\/wp-json\/wp\/v2\/types\/product"}],"wp:featuredmedia":[{"embeddable":true,"href":"https:\/\/vitablanca.ma\/en\/wp-json\/wp\/v2\/media\/14251"}],"wp:attachment":[{"href":"https:\/\/vitablanca.ma\/en\/wp-json\/wp\/v2\/media?parent=14249"}],"wp:term":[{"taxonomy":"product_brand","embeddable":true,"href":"https:\/\/vitablanca.ma\/en\/wp-json\/wp\/v2\/product_brand?post=14249"},{"taxonomy":"product_cat","embeddable":true,"href":"https:\/\/vitablanca.ma\/en\/wp-json\/wp\/v2\/product_cat?post=14249"},{"taxonomy":"product_tag","embeddable":true,"href":"https:\/\/vitablanca.ma\/en\/wp-json\/wp\/v2\/product_tag?post=14249"}],"curies":[{"name":"wp","href":"https:\/\/api.w.org\/{rel}","templated":true}]}}