{"id":14224,"date":"2025-06-03T15:16:24","date_gmt":"2025-06-03T15:16:24","guid":{"rendered":"https:\/\/vitablanca.ma\/?post_type=product&#038;p=14224"},"modified":"2025-08-30T21:21:15","modified_gmt":"2025-08-30T21:21:15","slug":"california-gold-nutrition-benfotiamine-300-mg-90-capsules-vegetales-maroc","status":"publish","type":"product","link":"https:\/\/vitablanca.ma\/en\/product\/california-gold-nutrition-benfotiamine-300-mg-90-capsules-vegetales-maroc\/","title":{"rendered":"California Gold Nutrition Benfotiamine, 300 mg, 90 Vegetable Capsules"},"content":{"rendered":"<p>BenfoPure\u00ae is a brand of benfotiamine designed to provide nutritional support for healthy blood sugar levels.* Unlike the standard form of thiamine, which is water-soluble, BenfoPure\u00ae is fat-soluble. This allows for increased bioavailability in the body and means it is much more active than standard forms of thiamine.<\/p>\n\n\n\n<p>Blood Sugar and Your Health<\/p>\n\n\n\n<p>Everyone knows that excess sugar can lead to weight gain, but it can also cause other, more serious health problems. The World Health Organization (WHO) recommends maintaining healthy blood sugar levels to stay healthy and prevent conditions that can affect the heart, kidneys, brain, and nervous system.<\/p>\n\n\n\n<p>California Gold Nutrition&#039;s Benfotiamine contains BenfoPure\u00ae and L-leucine in vegetarian capsules. When used as directed, you&#039;ll receive a three-month supply.<\/p>\n\n\n\n<p>Suggested Use<\/p>\n\n\n\n<p>Take 1 capsule daily, with or without food.<a href=\"https:\/\/www.jumia.ma\/customer\/account\/login\/?tkWl=CA319DV1GRB8RNAFAMZ-50625624&amp;return=%2Fcalifornia-gold-nutrition-benfotiamine-300-mg-90-capsules-vegetales-51341688.html\"><\/a><\/p>","protected":false},"excerpt":{"rendered":"<ul>\n<li>Benfotiamine, 300 mgby California Gold Nutrition<\/li>\n<li>With BenfoPure\u00ae benfotiamine<\/li>\n<li>Suitable for vegetarians and vegans<\/li>\n<li>Strengthens glucose metabolism*<\/li>\n<li>Formulated without gluten, GMOs, or soy<\/li>\n<li>100 % Gold Warranty<\/li>\n<li>Benfotiamine is a derivative of thiamine, a B vitamin essential for energy production.<\/li>\n<li>Supplementing your diet with benfotiamine can promote your body&#039;s natural metabolism of glucose, which can help maintain healthy blood sugar levels.<\/li>\n<li>Product formulated with BenfoPure\u00ae benfotiamine<\/li>\n<\/ul>","protected":false},"featured_media":14225,"template":"","meta":{"om_disable_all_campaigns":false},"product_brand":[],"product_cat":[18,3366,20,19],"product_tag":[2136,2139,2140,2137,1999,2141,2138,2142,2143],"class_list":{"0":"post-14224","1":"product","2":"type-product","3":"status-publish","4":"has-post-thumbnail","6":"product_cat-beaute-sante","7":"product_cat-complements-alimentaires-au-maroc-vitablanca","8":"product_cat-supplements","9":"product_cat-vitamines-supplements-dietetiques","10":"product_tag-300-mg-de-benfotiamine-par-capsule","11":"product_tag-90-jours-dutilisation-continue","12":"product_tag-aide-a-reguler-la-glycemie","13":"product_tag-capsules-vegetales-sans-ogm","14":"product_tag-convient-aux-vegetariens-et-vegetaliens","15":"product_tag-forme-active-et-biodisponible-de-la-vitamine-b1","16":"product_tag-qualite-california-gold-nutrition","17":"product_tag-sans-gluten-ni-soja","18":"product_tag-soutient-la-sante-nerveuse","20":"first","21":"instock","22":"taxable","23":"shipping-taxable","24":"purchasable","25":"product-type-simple"},"yoast_head":"<!-- This site is optimized with the Yoast SEO plugin v27.4 - https:\/\/yoast.com\/product\/yoast-seo-wordpress\/ -->\n<title>California Gold Nutrition Benfotiamine, 300 mg, 90 capsules- Maroc<\/title>\n<meta name=\"description\" content=\"Achetez California Gold Nutrition Benfotiamine 300 mg au Maroc. Ces 90 capsules , avec BenfoPure\u00ae, offrent une forme liposoluble de vitamine B1 au Maroc!\" \/>\n<meta name=\"robots\" content=\"index, follow, max-snippet:-1, max-image-preview:large, max-video-preview:-1\" \/>\n<link rel=\"canonical\" href=\"https:\/\/vitablanca.ma\/en\/product\/california-gold-nutrition-benfotiamine-300-mg-90-capsules-vegetales-maroc\/\" \/>\n<meta property=\"og:locale\" content=\"en_US\" \/>\n<meta property=\"og:type\" content=\"article\" \/>\n<meta property=\"og:title\" content=\"California Gold Nutrition Benfotiamine, 300 mg, 90 capsules- Maroc\" \/>\n<meta property=\"og:description\" content=\"Achetez California Gold Nutrition Benfotiamine 300 mg au Maroc. Ces 90 capsules , avec BenfoPure\u00ae, offrent une forme liposoluble de vitamine B1 au Maroc!\" \/>\n<meta property=\"og:url\" content=\"https:\/\/vitablanca.ma\/en\/product\/california-gold-nutrition-benfotiamine-300-mg-90-capsules-vegetales-maroc\/\" \/>\n<meta property=\"og:site_name\" content=\"Vitablanca.ma &ndash; Sant&eacute;, vitalit&eacute; et bien-&ecirc;tre pour tous les Marocains\" \/>\n<meta property=\"article:publisher\" content=\"https:\/\/www.facebook.com\/profile.php?id=61576678196717\" \/>\n<meta property=\"article:modified_time\" content=\"2025-08-30T21:21:15+00:00\" \/>\n<meta property=\"og:image\" content=\"https:\/\/vitablanca.ma\/wp-content\/uploads\/2025\/06\/california-gold-nutrition-benfotiamine-300-mg-90-capsules-vegetales-.jpg\" \/>\n\t<meta property=\"og:image:width\" content=\"680\" \/>\n\t<meta property=\"og:image:height\" content=\"680\" \/>\n\t<meta property=\"og:image:type\" content=\"image\/jpeg\" \/>\n<meta name=\"twitter:card\" content=\"summary_large_image\" \/>\n<meta name=\"twitter:label1\" content=\"Est. reading time\" \/>\n\t<meta name=\"twitter:data1\" content=\"1 minute\" \/>\n<script type=\"application\/ld+json\" class=\"yoast-schema-graph\">{\"@context\":\"https:\\\/\\\/schema.org\",\"@graph\":[{\"@type\":[\"WebPage\",\"ItemPage\"],\"@id\":\"https:\\\/\\\/vitablanca.ma\\\/produit\\\/california-gold-nutrition-benfotiamine-300-mg-90-capsules-vegetales-maroc\\\/\",\"url\":\"https:\\\/\\\/vitablanca.ma\\\/produit\\\/california-gold-nutrition-benfotiamine-300-mg-90-capsules-vegetales-maroc\\\/\",\"name\":\"California Gold Nutrition Benfotiamine, 300 mg, 90 capsules- Maroc\",\"isPartOf\":{\"@id\":\"https:\\\/\\\/vitablanca.ma\\\/#website\"},\"primaryImageOfPage\":{\"@id\":\"https:\\\/\\\/vitablanca.ma\\\/produit\\\/california-gold-nutrition-benfotiamine-300-mg-90-capsules-vegetales-maroc\\\/#primaryimage\"},\"image\":{\"@id\":\"https:\\\/\\\/vitablanca.ma\\\/produit\\\/california-gold-nutrition-benfotiamine-300-mg-90-capsules-vegetales-maroc\\\/#primaryimage\"},\"thumbnailUrl\":\"https:\\\/\\\/vitablanca.ma\\\/wp-content\\\/uploads\\\/2025\\\/06\\\/california-gold-nutrition-benfotiamine-300-mg-90-capsules-vegetales-.jpg\",\"datePublished\":\"2025-06-03T15:16:24+00:00\",\"dateModified\":\"2025-08-30T21:21:15+00:00\",\"description\":\"Achetez California Gold Nutrition Benfotiamine 300 mg au Maroc. Ces 90 capsules , avec BenfoPure\u00ae, offrent une forme liposoluble de vitamine B1 au Maroc!\",\"breadcrumb\":{\"@id\":\"https:\\\/\\\/vitablanca.ma\\\/produit\\\/california-gold-nutrition-benfotiamine-300-mg-90-capsules-vegetales-maroc\\\/#breadcrumb\"},\"inLanguage\":\"en-US\",\"potentialAction\":[{\"@type\":\"ReadAction\",\"target\":[\"https:\\\/\\\/vitablanca.ma\\\/produit\\\/california-gold-nutrition-benfotiamine-300-mg-90-capsules-vegetales-maroc\\\/\"]}]},{\"@type\":\"ImageObject\",\"inLanguage\":\"en-US\",\"@id\":\"https:\\\/\\\/vitablanca.ma\\\/produit\\\/california-gold-nutrition-benfotiamine-300-mg-90-capsules-vegetales-maroc\\\/#primaryimage\",\"url\":\"https:\\\/\\\/vitablanca.ma\\\/wp-content\\\/uploads\\\/2025\\\/06\\\/california-gold-nutrition-benfotiamine-300-mg-90-capsules-vegetales-.jpg\",\"contentUrl\":\"https:\\\/\\\/vitablanca.ma\\\/wp-content\\\/uploads\\\/2025\\\/06\\\/california-gold-nutrition-benfotiamine-300-mg-90-capsules-vegetales-.jpg\",\"width\":680,\"height\":680},{\"@type\":\"BreadcrumbList\",\"@id\":\"https:\\\/\\\/vitablanca.ma\\\/produit\\\/california-gold-nutrition-benfotiamine-300-mg-90-capsules-vegetales-maroc\\\/#breadcrumb\",\"itemListElement\":[{\"@type\":\"ListItem\",\"position\":1,\"name\":\"Home\",\"item\":\"https:\\\/\\\/vitablanca.ma\\\/\"},{\"@type\":\"ListItem\",\"position\":2,\"name\":\"Tous Les Produits\",\"item\":\"https:\\\/\\\/vitablanca.ma\\\/tous-les-produits\\\/\"},{\"@type\":\"ListItem\",\"position\":3,\"name\":\"California Gold Nutrition Benfotiamine, 300 mg, 90 capsules v\u00e9g\u00e9tales\"}]},{\"@type\":\"WebSite\",\"@id\":\"https:\\\/\\\/vitablanca.ma\\\/#website\",\"url\":\"https:\\\/\\\/vitablanca.ma\\\/\",\"name\":\"VitaBlanca.ma | Compl\u00e9ments alimentaires, sant\u00e9 & beaut\u00e9 au Maroc\",\"description\":\"vendre vitamines et compl\u00e9ments premium des USA &amp; Canada, Nouvelle Z\u00e9lande,Maroc (NOW Foods, Solgar, Manuka). Livraison rapide partout au Maroc.\",\"publisher\":{\"@id\":\"https:\\\/\\\/vitablanca.ma\\\/#organization\"},\"alternateName\":\"VitaBlanca.ma\",\"potentialAction\":[{\"@type\":\"SearchAction\",\"target\":{\"@type\":\"EntryPoint\",\"urlTemplate\":\"https:\\\/\\\/vitablanca.ma\\\/?s={search_term_string}\"},\"query-input\":{\"@type\":\"PropertyValueSpecification\",\"valueRequired\":true,\"valueName\":\"search_term_string\"}}],\"inLanguage\":\"en-US\"},{\"@type\":\"Organization\",\"@id\":\"https:\\\/\\\/vitablanca.ma\\\/#organization\",\"name\":\"VitaBlanca\",\"url\":\"https:\\\/\\\/vitablanca.ma\\\/\",\"logo\":{\"@type\":\"ImageObject\",\"inLanguage\":\"en-US\",\"@id\":\"https:\\\/\\\/vitablanca.ma\\\/#\\\/schema\\\/logo\\\/image\\\/\",\"url\":\"https:\\\/\\\/vitablanca.ma\\\/wp-content\\\/uploads\\\/2025\\\/05\\\/cropped-vitablanca.png\",\"contentUrl\":\"https:\\\/\\\/vitablanca.ma\\\/wp-content\\\/uploads\\\/2025\\\/05\\\/cropped-vitablanca.png\",\"width\":360,\"height\":67,\"caption\":\"VitaBlanca\"},\"image\":{\"@id\":\"https:\\\/\\\/vitablanca.ma\\\/#\\\/schema\\\/logo\\\/image\\\/\"},\"sameAs\":[\"https:\\\/\\\/www.facebook.com\\\/profile.php?id=61576678196717\",\"https:\\\/\\\/www.tiktok.com\\\/@vitablanca.ma\",\"https:\\\/\\\/www.instagram.com\\\/vitablanca.ma\\\/\"]}]}<\/script>\n<!-- \/ Yoast SEO plugin. -->","yoast_head_json":{"title":"California Gold Nutrition Benfotiamine, 300 mg, 90 capsules - Morocco","description":"Buy California Gold Nutrition Benfotiamine 300 mg in Morocco. These 90 capsules, with BenfoPure\u00ae, offer a fat-soluble form of vitamin B1 in Morocco!","robots":{"index":"index","follow":"follow","max-snippet":"max-snippet:-1","max-image-preview":"max-image-preview:large","max-video-preview":"max-video-preview:-1"},"canonical":"https:\/\/vitablanca.ma\/en\/product\/california-gold-nutrition-benfotiamine-300-mg-90-capsules-vegetales-maroc\/","og_locale":"en_US","og_type":"article","og_title":"California Gold Nutrition Benfotiamine, 300 mg, 90 capsules- Maroc","og_description":"Achetez California Gold Nutrition Benfotiamine 300 mg au Maroc. Ces 90 capsules , avec BenfoPure\u00ae, offrent une forme liposoluble de vitamine B1 au Maroc!","og_url":"https:\/\/vitablanca.ma\/en\/product\/california-gold-nutrition-benfotiamine-300-mg-90-capsules-vegetales-maroc\/","og_site_name":"Vitablanca.ma &ndash; Sant&eacute;, vitalit&eacute; et bien-&ecirc;tre pour tous les Marocains","article_publisher":"https:\/\/www.facebook.com\/profile.php?id=61576678196717","article_modified_time":"2025-08-30T21:21:15+00:00","og_image":[{"width":680,"height":680,"url":"https:\/\/vitablanca.ma\/wp-content\/uploads\/2025\/06\/california-gold-nutrition-benfotiamine-300-mg-90-capsules-vegetales-.jpg","type":"image\/jpeg"}],"twitter_card":"summary_large_image","twitter_misc":{"Est. reading time":"1 minute"},"schema":{"@context":"https:\/\/schema.org","@graph":[{"@type":["WebPage","ItemPage"],"@id":"https:\/\/vitablanca.ma\/produit\/california-gold-nutrition-benfotiamine-300-mg-90-capsules-vegetales-maroc\/","url":"https:\/\/vitablanca.ma\/produit\/california-gold-nutrition-benfotiamine-300-mg-90-capsules-vegetales-maroc\/","name":"California Gold Nutrition Benfotiamine, 300 mg, 90 capsules - Morocco","isPartOf":{"@id":"https:\/\/vitablanca.ma\/#website"},"primaryImageOfPage":{"@id":"https:\/\/vitablanca.ma\/produit\/california-gold-nutrition-benfotiamine-300-mg-90-capsules-vegetales-maroc\/#primaryimage"},"image":{"@id":"https:\/\/vitablanca.ma\/produit\/california-gold-nutrition-benfotiamine-300-mg-90-capsules-vegetales-maroc\/#primaryimage"},"thumbnailUrl":"https:\/\/vitablanca.ma\/wp-content\/uploads\/2025\/06\/california-gold-nutrition-benfotiamine-300-mg-90-capsules-vegetales-.jpg","datePublished":"2025-06-03T15:16:24+00:00","dateModified":"2025-08-30T21:21:15+00:00","description":"Buy California Gold Nutrition Benfotiamine 300 mg in Morocco. These 90 capsules, with BenfoPure\u00ae, offer a fat-soluble form of vitamin B1 in Morocco!","breadcrumb":{"@id":"https:\/\/vitablanca.ma\/produit\/california-gold-nutrition-benfotiamine-300-mg-90-capsules-vegetales-maroc\/#breadcrumb"},"inLanguage":"en-US","potentialAction":[{"@type":"ReadAction","target":["https:\/\/vitablanca.ma\/produit\/california-gold-nutrition-benfotiamine-300-mg-90-capsules-vegetales-maroc\/"]}]},{"@type":"ImageObject","inLanguage":"en-US","@id":"https:\/\/vitablanca.ma\/produit\/california-gold-nutrition-benfotiamine-300-mg-90-capsules-vegetales-maroc\/#primaryimage","url":"https:\/\/vitablanca.ma\/wp-content\/uploads\/2025\/06\/california-gold-nutrition-benfotiamine-300-mg-90-capsules-vegetales-.jpg","contentUrl":"https:\/\/vitablanca.ma\/wp-content\/uploads\/2025\/06\/california-gold-nutrition-benfotiamine-300-mg-90-capsules-vegetales-.jpg","width":680,"height":680},{"@type":"BreadcrumbList","@id":"https:\/\/vitablanca.ma\/produit\/california-gold-nutrition-benfotiamine-300-mg-90-capsules-vegetales-maroc\/#breadcrumb","itemListElement":[{"@type":"ListItem","position":1,"name":"Home","item":"https:\/\/vitablanca.ma\/"},{"@type":"ListItem","position":2,"name":"Tous Les Produits","item":"https:\/\/vitablanca.ma\/tous-les-produits\/"},{"@type":"ListItem","position":3,"name":"California Gold Nutrition Benfotiamine, 300 mg, 90 capsules v\u00e9g\u00e9tales"}]},{"@type":"WebSite","@id":"https:\/\/vitablanca.ma\/#website","url":"https:\/\/vitablanca.ma\/","name":"VitaBlanca.ma | Food supplements, health &amp; beauty in Morocco","description":"sell premium vitamins and supplements from USA &amp; Canada, New Zealand, Morocco (NOW Foods, Solgar, Manuka). Fast delivery anywhere in Morocco.","publisher":{"@id":"https:\/\/vitablanca.ma\/#organization"},"alternateName":"VitaBlanca.ma","potentialAction":[{"@type":"SearchAction","target":{"@type":"EntryPoint","urlTemplate":"https:\/\/vitablanca.ma\/?s={search_term_string}"},"query-input":{"@type":"PropertyValueSpecification","valueRequired":true,"valueName":"search_term_string"}}],"inLanguage":"en-US"},{"@type":"Organization","@id":"https:\/\/vitablanca.ma\/#organization","name":"VitaBlanca","url":"https:\/\/vitablanca.ma\/","logo":{"@type":"ImageObject","inLanguage":"en-US","@id":"https:\/\/vitablanca.ma\/#\/schema\/logo\/image\/","url":"https:\/\/vitablanca.ma\/wp-content\/uploads\/2025\/05\/cropped-vitablanca.png","contentUrl":"https:\/\/vitablanca.ma\/wp-content\/uploads\/2025\/05\/cropped-vitablanca.png","width":360,"height":67,"caption":"VitaBlanca"},"image":{"@id":"https:\/\/vitablanca.ma\/#\/schema\/logo\/image\/"},"sameAs":["https:\/\/www.facebook.com\/profile.php?id=61576678196717","https:\/\/www.tiktok.com\/@vitablanca.ma","https:\/\/www.instagram.com\/vitablanca.ma\/"]}]}},"jetpack_sharing_enabled":true,"_links":{"self":[{"href":"https:\/\/vitablanca.ma\/en\/wp-json\/wp\/v2\/product\/14224","targetHints":{"allow":["GET"]}}],"collection":[{"href":"https:\/\/vitablanca.ma\/en\/wp-json\/wp\/v2\/product"}],"about":[{"href":"https:\/\/vitablanca.ma\/en\/wp-json\/wp\/v2\/types\/product"}],"wp:featuredmedia":[{"embeddable":true,"href":"https:\/\/vitablanca.ma\/en\/wp-json\/wp\/v2\/media\/14225"}],"wp:attachment":[{"href":"https:\/\/vitablanca.ma\/en\/wp-json\/wp\/v2\/media?parent=14224"}],"wp:term":[{"taxonomy":"product_brand","embeddable":true,"href":"https:\/\/vitablanca.ma\/en\/wp-json\/wp\/v2\/product_brand?post=14224"},{"taxonomy":"product_cat","embeddable":true,"href":"https:\/\/vitablanca.ma\/en\/wp-json\/wp\/v2\/product_cat?post=14224"},{"taxonomy":"product_tag","embeddable":true,"href":"https:\/\/vitablanca.ma\/en\/wp-json\/wp\/v2\/product_tag?post=14224"}],"curies":[{"name":"wp","href":"https:\/\/api.w.org\/{rel}","templated":true}]}}