{"id":14221,"date":"2025-06-03T15:09:36","date_gmt":"2025-06-03T15:09:36","guid":{"rendered":"https:\/\/vitablanca.ma\/?post_type=product&#038;p=14221"},"modified":"2025-09-21T20:33:55","modified_gmt":"2025-09-21T20:33:55","slug":"natural-factors-flaxseed-oil-huile-de-graines-de-lin-1000-mg-180-softgels-maroc","status":"publish","type":"product","link":"https:\/\/vitablanca.ma\/en\/product\/natural-factors-flaxseed-oil-huile-de-graines-de-lin-1000-mg-180-softgels-maroc\/","title":{"rendered":"Natural Factors Flaxseed Oil \u2013 Flax Seed Oil \u2013 1000 mg, 180 Softgels"},"content":{"rendered":"<p>L\u2019huile de lin biologique certifi\u00e9e OmegaFactors est d\u00e9riv\u00e9e de lin canadien certifi\u00e9 biologique, cultiv\u00e9 en Alberta et riche en acides gras om\u00e9ga-3. Ces acides gras peuvent aider \u00e0 maintenir des niveaux sains de triglyc\u00e9rides et de cholest\u00e9rol, prot\u00e9geant contre les maladies cardiovasculaires.<\/p>\n\n\n\n<p>Les lignanes, pr\u00e9sentes dans les graines de lin, sont de pr\u00e9cieux phytoestrog\u00e8nes qui aident \u00e0 maintenir des taux d\u2019\u0153strog\u00e8nes normaux et peuvent prot\u00e9ger contre certains cancers, en particulier les cancers hormono-sensibles, tels que le cancer du sein, de l\u2019endom\u00e8tre et de la prostate. Les \u00e9tudes montrant un effet protecteur sont suggestives, non concluantes.<\/p>\n\n\n\n<p>Sans solvant, press\u00e9e \u00e0 froid (en dessous de 40 degr\u00e9s Celsius), l\u2019huile de lin biologique certifi\u00e9e OmegaFactors n\u2019est pas raffin\u00e9e, d\u00e9sodoris\u00e9e ou blanchie et est r\u00e9guli\u00e8rement test\u00e9e pour les peroxydes, garantissant le produit le plus frais possible. Une petite quantit\u00e9 de vitamine E a \u00e9t\u00e9 ajout\u00e9e pour pr\u00e9venir l\u2019oxydation.<a href=\"https:\/\/www.jumia.ma\/customer\/account\/login\/?tkWl=NA537DV060ZYZNAFAMZ-50626058&return=%2Fnatural-factors-flaxseed-oil-huile-de-graines-de-lin-1000-mg-180-softgels-51342101.html\"><\/a><\/p>\n\n\n\n<p>L\u2019innovation est la Kal ; la recherche de la qualit\u00e9 est leur passion. Kal pense qu\u2019il est impossible d\u2019obtenir un produit fini de qualit\u00e9 sans commencer avec les meilleures mati\u00e8res premi\u00e8res.<\/p>\n\n\n\n<p><\/p>\n\n\n\n<p><\/p>","protected":false},"excerpt":{"rendered":"<ul>\n<li>Certified organic linseed oil<\/li>\n<li>Contains beneficial lignans<\/li>\n<li>Helps with hormonal balance<\/li>\n<li>Omega-3s help maintain heart health<\/li>\n<li>Certified organic flax seeds<\/li>\n<li>Grown locally in Alberta, Canada<\/li>\n<li>Excellent source of omega-3 fatty acids<\/li>\n<li>Helps maintain healthy cholesterol levels<\/li>\n<li>Protects against cardiovascular diseases<\/li>\n<li>OmegaFactors Certified Organic Flaxseed Oil is derived from certified organic Canadian flax, grown in Alberta and rich in omega-3 fatty acids.<\/li>\n<li>\u00a0These fatty acids can help maintain healthy triglyceride and cholesterol levels, protecting against cardiovascular disease.<\/li>\n<li>Lignans, found in flaxseeds, are valuable phytoestrogens that help maintain normal estrogen levels and may protect against certain cancers, particularly hormone-sensitive cancers such as breast, endometrial, and prostate cancer.<\/li>\n<li>Studies showing a protective effect are suggestive, not conclusive.<\/li>\n<\/ul>","protected":false},"featured_media":14222,"template":"","meta":{"om_disable_all_campaigns":false},"product_brand":[1808],"product_cat":[21,2128,18,3366,20,19],"product_tag":[2133,2135,748,2134,2130,2132,2798,4319,2131,242,220,2129],"class_list":{"0":"post-14221","1":"product","2":"type-product","3":"status-publish","4":"has-post-thumbnail","6":"product_brand-natural-factors-maroc-prix","7":"product_cat-acides-gras-essentiels","8":"product_cat-acides-gras-essentiels-acides-gras-essentiels","9":"product_cat-beaute-sante","10":"product_cat-complements-alimentaires-au-maroc-vitablanca","11":"product_cat-supplements","12":"product_cat-vitamines-supplements-dietetiques","13":"product_tag-1000-mg-dhuile-de-graines-de-lin-pressee-a-froid","14":"product_tag-180-capsules-molles-faciles-a-avaler","15":"product_tag-antioxydant-naturel","16":"product_tag-convient-aux-regimes-equilibres","17":"product_tag-favorise-la-sante-des-articulations-et-de-la-peau","18":"product_tag-marque-reconnue-natural-factors","19":"product_tag-natural-factors","20":"product_tag-natural-factors-maroc","21":"product_tag-riche-en-acides-gras-omega-3-ala","22":"product_tag-sans-gluten","23":"product_tag-sans-ogm","24":"product_tag-soutien-cardiovasculaire-naturel","26":"first","27":"instock","28":"taxable","29":"shipping-taxable","30":"purchasable","31":"product-type-simple"},"yoast_head":"<!-- This site is optimized with the Yoast SEO plugin v27.5 - https:\/\/yoast.com\/product\/yoast-seo-wordpress\/ -->\n<title>Natural Factors Flaxseed Oil Huile de graines 1000 mg - Maroc<\/title>\n<meta name=\"description\" content=\"Achetez Natural Factors Huile de Graines de Lin 1000 mg au Maroc. Ces 180 softgels sont une source v\u00e9g\u00e9tale riche en Om\u00e9ga-3 (ALA), la sant\u00e9 cardiaque.\" \/>\n<meta name=\"robots\" content=\"index, follow, max-snippet:-1, max-image-preview:large, max-video-preview:-1\" \/>\n<link rel=\"canonical\" href=\"https:\/\/vitablanca.ma\/en\/product\/natural-factors-flaxseed-oil-huile-de-graines-de-lin-1000-mg-180-softgels-maroc\/\" \/>\n<meta property=\"og:locale\" content=\"en_US\" \/>\n<meta property=\"og:type\" content=\"article\" \/>\n<meta property=\"og:title\" content=\"Natural Factors Flaxseed Oil Huile de graines 1000 mg - Maroc\" \/>\n<meta property=\"og:description\" content=\"Achetez Natural Factors Huile de Graines de Lin 1000 mg au Maroc. Ces 180 softgels sont une source v\u00e9g\u00e9tale riche en Om\u00e9ga-3 (ALA), la sant\u00e9 cardiaque.\" \/>\n<meta property=\"og:url\" content=\"https:\/\/vitablanca.ma\/en\/product\/natural-factors-flaxseed-oil-huile-de-graines-de-lin-1000-mg-180-softgels-maroc\/\" \/>\n<meta property=\"og:site_name\" content=\"Vitablanca.ma &ndash; Sant&eacute;, vitalit&eacute; et bien-&ecirc;tre pour tous les Marocains\" \/>\n<meta property=\"article:publisher\" content=\"https:\/\/www.facebook.com\/profile.php?id=61576678196717\" \/>\n<meta property=\"article:modified_time\" content=\"2025-09-21T20:33:55+00:00\" \/>\n<meta property=\"og:image\" content=\"https:\/\/vitablanca.ma\/wp-content\/uploads\/2025\/06\/natural-factors-flaxseed-oil-huile-de-graines-de-lin-1000-mg-1.jpg\" \/>\n\t<meta property=\"og:image:width\" content=\"680\" \/>\n\t<meta property=\"og:image:height\" content=\"680\" \/>\n\t<meta property=\"og:image:type\" content=\"image\/jpeg\" \/>\n<meta name=\"twitter:card\" content=\"summary_large_image\" \/>\n<meta name=\"twitter:label1\" content=\"Est. reading time\" \/>\n\t<meta name=\"twitter:data1\" content=\"2 minutes\" \/>\n<script type=\"application\/ld+json\" class=\"yoast-schema-graph\">{\"@context\":\"https:\\\/\\\/schema.org\",\"@graph\":[{\"@type\":[\"WebPage\",\"ItemPage\"],\"@id\":\"https:\\\/\\\/vitablanca.ma\\\/produit\\\/natural-factors-flaxseed-oil-huile-de-graines-de-lin-1000-mg-180-softgels-maroc\\\/\",\"url\":\"https:\\\/\\\/vitablanca.ma\\\/produit\\\/natural-factors-flaxseed-oil-huile-de-graines-de-lin-1000-mg-180-softgels-maroc\\\/\",\"name\":\"Natural Factors Flaxseed Oil Huile de graines 1000 mg - Maroc\",\"isPartOf\":{\"@id\":\"https:\\\/\\\/vitablanca.ma\\\/#website\"},\"primaryImageOfPage\":{\"@id\":\"https:\\\/\\\/vitablanca.ma\\\/produit\\\/natural-factors-flaxseed-oil-huile-de-graines-de-lin-1000-mg-180-softgels-maroc\\\/#primaryimage\"},\"image\":{\"@id\":\"https:\\\/\\\/vitablanca.ma\\\/produit\\\/natural-factors-flaxseed-oil-huile-de-graines-de-lin-1000-mg-180-softgels-maroc\\\/#primaryimage\"},\"thumbnailUrl\":\"https:\\\/\\\/vitablanca.ma\\\/wp-content\\\/uploads\\\/2025\\\/06\\\/natural-factors-flaxseed-oil-huile-de-graines-de-lin-1000-mg-1.jpg\",\"datePublished\":\"2025-06-03T15:09:36+00:00\",\"dateModified\":\"2025-09-21T20:33:55+00:00\",\"description\":\"Achetez Natural Factors Huile de Graines de Lin 1000 mg au Maroc. Ces 180 softgels sont une source v\u00e9g\u00e9tale riche en Om\u00e9ga-3 (ALA), la sant\u00e9 cardiaque.\",\"breadcrumb\":{\"@id\":\"https:\\\/\\\/vitablanca.ma\\\/produit\\\/natural-factors-flaxseed-oil-huile-de-graines-de-lin-1000-mg-180-softgels-maroc\\\/#breadcrumb\"},\"inLanguage\":\"en-US\",\"potentialAction\":[{\"@type\":\"ReadAction\",\"target\":[\"https:\\\/\\\/vitablanca.ma\\\/produit\\\/natural-factors-flaxseed-oil-huile-de-graines-de-lin-1000-mg-180-softgels-maroc\\\/\"]}]},{\"@type\":\"ImageObject\",\"inLanguage\":\"en-US\",\"@id\":\"https:\\\/\\\/vitablanca.ma\\\/produit\\\/natural-factors-flaxseed-oil-huile-de-graines-de-lin-1000-mg-180-softgels-maroc\\\/#primaryimage\",\"url\":\"https:\\\/\\\/vitablanca.ma\\\/wp-content\\\/uploads\\\/2025\\\/06\\\/natural-factors-flaxseed-oil-huile-de-graines-de-lin-1000-mg-1.jpg\",\"contentUrl\":\"https:\\\/\\\/vitablanca.ma\\\/wp-content\\\/uploads\\\/2025\\\/06\\\/natural-factors-flaxseed-oil-huile-de-graines-de-lin-1000-mg-1.jpg\",\"width\":680,\"height\":680},{\"@type\":\"BreadcrumbList\",\"@id\":\"https:\\\/\\\/vitablanca.ma\\\/produit\\\/natural-factors-flaxseed-oil-huile-de-graines-de-lin-1000-mg-180-softgels-maroc\\\/#breadcrumb\",\"itemListElement\":[{\"@type\":\"ListItem\",\"position\":1,\"name\":\"Home\",\"item\":\"https:\\\/\\\/vitablanca.ma\\\/\"},{\"@type\":\"ListItem\",\"position\":2,\"name\":\"Tous Les Produits\",\"item\":\"https:\\\/\\\/vitablanca.ma\\\/tous-les-produits\\\/\"},{\"@type\":\"ListItem\",\"position\":3,\"name\":\"Natural Factors Flaxseed Oil &#8211; Huile de graines de lin &#8211; 1000 mg , 180 Softgels\"}]},{\"@type\":\"WebSite\",\"@id\":\"https:\\\/\\\/vitablanca.ma\\\/#website\",\"url\":\"https:\\\/\\\/vitablanca.ma\\\/\",\"name\":\"VitaBlanca.ma | Compl\u00e9ments alimentaires, sant\u00e9 & beaut\u00e9 au Maroc\",\"description\":\"vendre vitamines et compl\u00e9ments premium des USA &amp; Canada, Nouvelle Z\u00e9lande,Maroc (NOW Foods, Solgar, Manuka). Livraison rapide partout au Maroc.\",\"publisher\":{\"@id\":\"https:\\\/\\\/vitablanca.ma\\\/#organization\"},\"alternateName\":\"VitaBlanca.ma\",\"potentialAction\":[{\"@type\":\"SearchAction\",\"target\":{\"@type\":\"EntryPoint\",\"urlTemplate\":\"https:\\\/\\\/vitablanca.ma\\\/?s={search_term_string}\"},\"query-input\":{\"@type\":\"PropertyValueSpecification\",\"valueRequired\":true,\"valueName\":\"search_term_string\"}}],\"inLanguage\":\"en-US\"},{\"@type\":\"Organization\",\"@id\":\"https:\\\/\\\/vitablanca.ma\\\/#organization\",\"name\":\"VitaBlanca\",\"url\":\"https:\\\/\\\/vitablanca.ma\\\/\",\"logo\":{\"@type\":\"ImageObject\",\"inLanguage\":\"en-US\",\"@id\":\"https:\\\/\\\/vitablanca.ma\\\/#\\\/schema\\\/logo\\\/image\\\/\",\"url\":\"https:\\\/\\\/vitablanca.ma\\\/wp-content\\\/uploads\\\/2025\\\/05\\\/cropped-vitablanca.png\",\"contentUrl\":\"https:\\\/\\\/vitablanca.ma\\\/wp-content\\\/uploads\\\/2025\\\/05\\\/cropped-vitablanca.png\",\"width\":360,\"height\":67,\"caption\":\"VitaBlanca\"},\"image\":{\"@id\":\"https:\\\/\\\/vitablanca.ma\\\/#\\\/schema\\\/logo\\\/image\\\/\"},\"sameAs\":[\"https:\\\/\\\/www.facebook.com\\\/profile.php?id=61576678196717\",\"https:\\\/\\\/www.tiktok.com\\\/@vitablanca.ma\",\"https:\\\/\\\/www.instagram.com\\\/vitablanca.ma\\\/\"]}]}<\/script>\n<!-- \/ Yoast SEO plugin. -->","yoast_head_json":{"title":"Natural Factors Flaxseed Oil 1000 mg - Morocco","description":"Buy Natural Factors Flax Seed Oil 1000 mg in Morocco. These 180 softgels are a rich plant source of Omega-3 (ALA), which supports heart health.","robots":{"index":"index","follow":"follow","max-snippet":"max-snippet:-1","max-image-preview":"max-image-preview:large","max-video-preview":"max-video-preview:-1"},"canonical":"https:\/\/vitablanca.ma\/en\/product\/natural-factors-flaxseed-oil-huile-de-graines-de-lin-1000-mg-180-softgels-maroc\/","og_locale":"en_US","og_type":"article","og_title":"Natural Factors Flaxseed Oil Huile de graines 1000 mg - Maroc","og_description":"Achetez Natural Factors Huile de Graines de Lin 1000 mg au Maroc. Ces 180 softgels sont une source v\u00e9g\u00e9tale riche en Om\u00e9ga-3 (ALA), la sant\u00e9 cardiaque.","og_url":"https:\/\/vitablanca.ma\/en\/product\/natural-factors-flaxseed-oil-huile-de-graines-de-lin-1000-mg-180-softgels-maroc\/","og_site_name":"Vitablanca.ma &ndash; Sant&eacute;, vitalit&eacute; et bien-&ecirc;tre pour tous les Marocains","article_publisher":"https:\/\/www.facebook.com\/profile.php?id=61576678196717","article_modified_time":"2025-09-21T20:33:55+00:00","og_image":[{"width":680,"height":680,"url":"https:\/\/vitablanca.ma\/wp-content\/uploads\/2025\/06\/natural-factors-flaxseed-oil-huile-de-graines-de-lin-1000-mg-1.jpg","type":"image\/jpeg"}],"twitter_card":"summary_large_image","twitter_misc":{"Est. reading time":"2 minutes"},"schema":{"@context":"https:\/\/schema.org","@graph":[{"@type":["WebPage","ItemPage"],"@id":"https:\/\/vitablanca.ma\/produit\/natural-factors-flaxseed-oil-huile-de-graines-de-lin-1000-mg-180-softgels-maroc\/","url":"https:\/\/vitablanca.ma\/produit\/natural-factors-flaxseed-oil-huile-de-graines-de-lin-1000-mg-180-softgels-maroc\/","name":"Natural Factors Flaxseed Oil 1000 mg - Morocco","isPartOf":{"@id":"https:\/\/vitablanca.ma\/#website"},"primaryImageOfPage":{"@id":"https:\/\/vitablanca.ma\/produit\/natural-factors-flaxseed-oil-huile-de-graines-de-lin-1000-mg-180-softgels-maroc\/#primaryimage"},"image":{"@id":"https:\/\/vitablanca.ma\/produit\/natural-factors-flaxseed-oil-huile-de-graines-de-lin-1000-mg-180-softgels-maroc\/#primaryimage"},"thumbnailUrl":"https:\/\/vitablanca.ma\/wp-content\/uploads\/2025\/06\/natural-factors-flaxseed-oil-huile-de-graines-de-lin-1000-mg-1.jpg","datePublished":"2025-06-03T15:09:36+00:00","dateModified":"2025-09-21T20:33:55+00:00","description":"Buy Natural Factors Flax Seed Oil 1000 mg in Morocco. These 180 softgels are a rich plant source of Omega-3 (ALA), which supports heart health.","breadcrumb":{"@id":"https:\/\/vitablanca.ma\/produit\/natural-factors-flaxseed-oil-huile-de-graines-de-lin-1000-mg-180-softgels-maroc\/#breadcrumb"},"inLanguage":"en-US","potentialAction":[{"@type":"ReadAction","target":["https:\/\/vitablanca.ma\/produit\/natural-factors-flaxseed-oil-huile-de-graines-de-lin-1000-mg-180-softgels-maroc\/"]}]},{"@type":"ImageObject","inLanguage":"en-US","@id":"https:\/\/vitablanca.ma\/produit\/natural-factors-flaxseed-oil-huile-de-graines-de-lin-1000-mg-180-softgels-maroc\/#primaryimage","url":"https:\/\/vitablanca.ma\/wp-content\/uploads\/2025\/06\/natural-factors-flaxseed-oil-huile-de-graines-de-lin-1000-mg-1.jpg","contentUrl":"https:\/\/vitablanca.ma\/wp-content\/uploads\/2025\/06\/natural-factors-flaxseed-oil-huile-de-graines-de-lin-1000-mg-1.jpg","width":680,"height":680},{"@type":"BreadcrumbList","@id":"https:\/\/vitablanca.ma\/produit\/natural-factors-flaxseed-oil-huile-de-graines-de-lin-1000-mg-180-softgels-maroc\/#breadcrumb","itemListElement":[{"@type":"ListItem","position":1,"name":"Home","item":"https:\/\/vitablanca.ma\/"},{"@type":"ListItem","position":2,"name":"Tous Les Produits","item":"https:\/\/vitablanca.ma\/tous-les-produits\/"},{"@type":"ListItem","position":3,"name":"Natural Factors Flaxseed Oil &#8211; Huile de graines de lin &#8211; 1000 mg , 180 Softgels"}]},{"@type":"WebSite","@id":"https:\/\/vitablanca.ma\/#website","url":"https:\/\/vitablanca.ma\/","name":"VitaBlanca.ma | Food supplements, health &amp; beauty in Morocco","description":"sell premium vitamins and supplements from USA &amp; Canada, New Zealand, Morocco (NOW Foods, Solgar, Manuka). Fast delivery anywhere in Morocco.","publisher":{"@id":"https:\/\/vitablanca.ma\/#organization"},"alternateName":"VitaBlanca.ma","potentialAction":[{"@type":"SearchAction","target":{"@type":"EntryPoint","urlTemplate":"https:\/\/vitablanca.ma\/?s={search_term_string}"},"query-input":{"@type":"PropertyValueSpecification","valueRequired":true,"valueName":"search_term_string"}}],"inLanguage":"en-US"},{"@type":"Organization","@id":"https:\/\/vitablanca.ma\/#organization","name":"VitaBlanca","url":"https:\/\/vitablanca.ma\/","logo":{"@type":"ImageObject","inLanguage":"en-US","@id":"https:\/\/vitablanca.ma\/#\/schema\/logo\/image\/","url":"https:\/\/vitablanca.ma\/wp-content\/uploads\/2025\/05\/cropped-vitablanca.png","contentUrl":"https:\/\/vitablanca.ma\/wp-content\/uploads\/2025\/05\/cropped-vitablanca.png","width":360,"height":67,"caption":"VitaBlanca"},"image":{"@id":"https:\/\/vitablanca.ma\/#\/schema\/logo\/image\/"},"sameAs":["https:\/\/www.facebook.com\/profile.php?id=61576678196717","https:\/\/www.tiktok.com\/@vitablanca.ma","https:\/\/www.instagram.com\/vitablanca.ma\/"]}]}},"jetpack_sharing_enabled":true,"_links":{"self":[{"href":"https:\/\/vitablanca.ma\/en\/wp-json\/wp\/v2\/product\/14221","targetHints":{"allow":["GET"]}}],"collection":[{"href":"https:\/\/vitablanca.ma\/en\/wp-json\/wp\/v2\/product"}],"about":[{"href":"https:\/\/vitablanca.ma\/en\/wp-json\/wp\/v2\/types\/product"}],"wp:featuredmedia":[{"embeddable":true,"href":"https:\/\/vitablanca.ma\/en\/wp-json\/wp\/v2\/media\/14222"}],"wp:attachment":[{"href":"https:\/\/vitablanca.ma\/en\/wp-json\/wp\/v2\/media?parent=14221"}],"wp:term":[{"taxonomy":"product_brand","embeddable":true,"href":"https:\/\/vitablanca.ma\/en\/wp-json\/wp\/v2\/product_brand?post=14221"},{"taxonomy":"product_cat","embeddable":true,"href":"https:\/\/vitablanca.ma\/en\/wp-json\/wp\/v2\/product_cat?post=14221"},{"taxonomy":"product_tag","embeddable":true,"href":"https:\/\/vitablanca.ma\/en\/wp-json\/wp\/v2\/product_tag?post=14221"}],"curies":[{"name":"wp","href":"https:\/\/api.w.org\/{rel}","templated":true}]}}