{"id":14212,"date":"2025-06-03T00:51:01","date_gmt":"2025-06-03T00:51:01","guid":{"rendered":"https:\/\/vitablanca.ma\/?post_type=product&#038;p=14212"},"modified":"2025-09-21T20:33:56","modified_gmt":"2025-09-21T20:33:56","slug":"natural-factors-bromelain-500-mg-90-capsules-maroc","status":"publish","type":"product","link":"https:\/\/vitablanca.ma\/en\/product\/natural-factors-bromelain-500-mg-90-capsules-maroc\/","title":{"rendered":"Natural Factors Bromelain, 500 mg, 90 Capsules"},"content":{"rendered":"<p><a href=\"https:\/\/www.jumia.ma\/customer\/account\/login\/?tkWl=NA537DV1LIZSRNAFAMZ-50626668&return=%2Fnatural-factors-bromelain-500-mg-90-capsules-51342669.html\"><\/a><\/p>\n\n\n\n<p>Les capsules de brom\u00e9la\u00efne de Natural Factors contiennent 500 mg de cette incroyable enzyme prot\u00e9olytique isol\u00e9e de la tige de l\u2019ananas. La brom\u00e9la\u00efne facilite la digestion en d\u00e9composant les prot\u00e9ines en divers acides amin\u00e9s. Des \u00e9tudes r\u00e9centes montrent \u00e9galement que la brom\u00e9la\u00efne poss\u00e8de de nombreuses propri\u00e9t\u00e9s b\u00e9n\u00e9fiques pour la sant\u00e9. * Natural Factors n\u2019utilise que de la brom\u00e9la\u00efne extra-forte 1000 GDU (unit\u00e9s de digestion de la g\u00e9latine) et \u00e9galement d\u00e9crite comme 1500 MCU (unit\u00e9s de coagulation du lait) d\u2019activit\u00e9 enzymatique par gramme. L\u2019activit\u00e9 enzymatique sup\u00e9rieure fait de la brom\u00e9la\u00efne de Natural Factors le choix du consommateur avis\u00e9.<\/p>","protected":false},"excerpt":{"rendered":"<ul>\n<li>Natural Factors Bromelain Capsules contain 500 mg of this incredible proteolytic enzyme isolated from the stem of the pineapple.<\/li>\n<li>\u00a0Bromelain aids digestion by breaking down proteins into various amino acids.<\/li>\n<li>Recent studies also show that bromelain has many beneficial health properties.<\/li>\n<\/ul>","protected":false},"featured_media":14214,"template":"","meta":{"om_disable_all_campaigns":false},"product_brand":[1808],"product_cat":[18,521,3366,20,19],"product_tag":[2125,2123,1993,1961,2122,2126,2798,4319,242,220,2124,2127],"class_list":{"0":"post-14212","1":"product","2":"type-product","3":"status-publish","4":"has-post-thumbnail","6":"product_brand-natural-factors-maroc-prix","7":"product_cat-beaute-sante","8":"product_cat-bromelaine","9":"product_cat-complements-alimentaires-au-maroc-vitablanca","10":"product_cat-supplements","11":"product_cat-vitamines-supplements-dietetiques","12":"product_tag-500-mg-de-bromelaine-pure-par-capsule","13":"product_tag-90-capsules-faciles-a-avaler","14":"product_tag-aide-a-la-digestion-des-proteines","15":"product_tag-convient-aux-vegetariens","16":"product_tag-enzyme-digestive-naturelle-extraite-de-lananas","17":"product_tag-marque-reputee-natural-factors","18":"product_tag-natural-factors","19":"product_tag-natural-factors-maroc","20":"product_tag-sans-gluten","21":"product_tag-sans-ogm","22":"product_tag-soutien-anti-inflammatoire-naturel","23":"product_tag-utile-pour-les-douleurs-articulaires-et-musculaires","25":"first","26":"instock","27":"taxable","28":"shipping-taxable","29":"purchasable","30":"product-type-simple"},"yoast_head":"<!-- This site is optimized with the Yoast SEO plugin v27.5 - https:\/\/yoast.com\/product\/yoast-seo-wordpress\/ -->\n<title>Natural Factors Bromelain, 500 mg, 90 Capsules - Maroc Prix<\/title>\n<meta name=\"description\" content=\"Achetez Natural Factors Brom\u00e9laine 500 mg au Maroc. Ces 90 capsules favorisent une digestion saine des prot\u00e9ines, soutiennent le confort articulaire aident\" \/>\n<meta name=\"robots\" content=\"index, follow, max-snippet:-1, max-image-preview:large, max-video-preview:-1\" \/>\n<link rel=\"canonical\" href=\"https:\/\/vitablanca.ma\/en\/product\/natural-factors-bromelain-500-mg-90-capsules-maroc\/\" \/>\n<meta property=\"og:locale\" content=\"en_US\" \/>\n<meta property=\"og:type\" content=\"article\" \/>\n<meta property=\"og:title\" content=\"Natural Factors Bromelain, 500 mg, 90 Capsules - Maroc Prix\" \/>\n<meta property=\"og:description\" content=\"Achetez Natural Factors Brom\u00e9laine 500 mg au Maroc. Ces 90 capsules favorisent une digestion saine des prot\u00e9ines, soutiennent le confort articulaire aident\" \/>\n<meta property=\"og:url\" content=\"https:\/\/vitablanca.ma\/en\/product\/natural-factors-bromelain-500-mg-90-capsules-maroc\/\" \/>\n<meta property=\"og:site_name\" content=\"Vitablanca.ma &ndash; Sant&eacute;, vitalit&eacute; et bien-&ecirc;tre pour tous les Marocains\" \/>\n<meta property=\"article:publisher\" content=\"https:\/\/www.facebook.com\/profile.php?id=61576678196717\" \/>\n<meta property=\"article:modified_time\" content=\"2025-09-21T20:33:56+00:00\" \/>\n<meta property=\"og:image\" content=\"https:\/\/vitablanca.ma\/wp-content\/uploads\/2025\/06\/natural-factors-bromelain-500-mg-90-capsules-.jpg\" \/>\n\t<meta property=\"og:image:width\" content=\"680\" \/>\n\t<meta property=\"og:image:height\" content=\"680\" \/>\n\t<meta property=\"og:image:type\" content=\"image\/jpeg\" \/>\n<meta name=\"twitter:card\" content=\"summary_large_image\" \/>\n<meta name=\"twitter:label1\" content=\"Est. reading time\" \/>\n\t<meta name=\"twitter:data1\" content=\"1 minute\" \/>\n<script type=\"application\/ld+json\" class=\"yoast-schema-graph\">{\"@context\":\"https:\\\/\\\/schema.org\",\"@graph\":[{\"@type\":[\"WebPage\",\"ItemPage\"],\"@id\":\"https:\\\/\\\/vitablanca.ma\\\/produit\\\/natural-factors-bromelain-500-mg-90-capsules-maroc\\\/\",\"url\":\"https:\\\/\\\/vitablanca.ma\\\/produit\\\/natural-factors-bromelain-500-mg-90-capsules-maroc\\\/\",\"name\":\"Natural Factors Bromelain, 500 mg, 90 Capsules - Maroc Prix\",\"isPartOf\":{\"@id\":\"https:\\\/\\\/vitablanca.ma\\\/#website\"},\"primaryImageOfPage\":{\"@id\":\"https:\\\/\\\/vitablanca.ma\\\/produit\\\/natural-factors-bromelain-500-mg-90-capsules-maroc\\\/#primaryimage\"},\"image\":{\"@id\":\"https:\\\/\\\/vitablanca.ma\\\/produit\\\/natural-factors-bromelain-500-mg-90-capsules-maroc\\\/#primaryimage\"},\"thumbnailUrl\":\"https:\\\/\\\/vitablanca.ma\\\/wp-content\\\/uploads\\\/2025\\\/06\\\/natural-factors-bromelain-500-mg-90-capsules-.jpg\",\"datePublished\":\"2025-06-03T00:51:01+00:00\",\"dateModified\":\"2025-09-21T20:33:56+00:00\",\"description\":\"Achetez Natural Factors Brom\u00e9laine 500 mg au Maroc. Ces 90 capsules favorisent une digestion saine des prot\u00e9ines, soutiennent le confort articulaire aident\",\"breadcrumb\":{\"@id\":\"https:\\\/\\\/vitablanca.ma\\\/produit\\\/natural-factors-bromelain-500-mg-90-capsules-maroc\\\/#breadcrumb\"},\"inLanguage\":\"en-US\",\"potentialAction\":[{\"@type\":\"ReadAction\",\"target\":[\"https:\\\/\\\/vitablanca.ma\\\/produit\\\/natural-factors-bromelain-500-mg-90-capsules-maroc\\\/\"]}]},{\"@type\":\"ImageObject\",\"inLanguage\":\"en-US\",\"@id\":\"https:\\\/\\\/vitablanca.ma\\\/produit\\\/natural-factors-bromelain-500-mg-90-capsules-maroc\\\/#primaryimage\",\"url\":\"https:\\\/\\\/vitablanca.ma\\\/wp-content\\\/uploads\\\/2025\\\/06\\\/natural-factors-bromelain-500-mg-90-capsules-.jpg\",\"contentUrl\":\"https:\\\/\\\/vitablanca.ma\\\/wp-content\\\/uploads\\\/2025\\\/06\\\/natural-factors-bromelain-500-mg-90-capsules-.jpg\",\"width\":680,\"height\":680},{\"@type\":\"BreadcrumbList\",\"@id\":\"https:\\\/\\\/vitablanca.ma\\\/produit\\\/natural-factors-bromelain-500-mg-90-capsules-maroc\\\/#breadcrumb\",\"itemListElement\":[{\"@type\":\"ListItem\",\"position\":1,\"name\":\"Home\",\"item\":\"https:\\\/\\\/vitablanca.ma\\\/\"},{\"@type\":\"ListItem\",\"position\":2,\"name\":\"Tous Les Produits\",\"item\":\"https:\\\/\\\/vitablanca.ma\\\/tous-les-produits\\\/\"},{\"@type\":\"ListItem\",\"position\":3,\"name\":\"Natural Factors Bromelain, 500 mg, 90 Capsules\"}]},{\"@type\":\"WebSite\",\"@id\":\"https:\\\/\\\/vitablanca.ma\\\/#website\",\"url\":\"https:\\\/\\\/vitablanca.ma\\\/\",\"name\":\"VitaBlanca.ma | Compl\u00e9ments alimentaires, sant\u00e9 & beaut\u00e9 au Maroc\",\"description\":\"vendre vitamines et compl\u00e9ments premium des USA &amp; Canada, Nouvelle Z\u00e9lande,Maroc (NOW Foods, Solgar, Manuka). Livraison rapide partout au Maroc.\",\"publisher\":{\"@id\":\"https:\\\/\\\/vitablanca.ma\\\/#organization\"},\"alternateName\":\"VitaBlanca.ma\",\"potentialAction\":[{\"@type\":\"SearchAction\",\"target\":{\"@type\":\"EntryPoint\",\"urlTemplate\":\"https:\\\/\\\/vitablanca.ma\\\/?s={search_term_string}\"},\"query-input\":{\"@type\":\"PropertyValueSpecification\",\"valueRequired\":true,\"valueName\":\"search_term_string\"}}],\"inLanguage\":\"en-US\"},{\"@type\":\"Organization\",\"@id\":\"https:\\\/\\\/vitablanca.ma\\\/#organization\",\"name\":\"VitaBlanca\",\"url\":\"https:\\\/\\\/vitablanca.ma\\\/\",\"logo\":{\"@type\":\"ImageObject\",\"inLanguage\":\"en-US\",\"@id\":\"https:\\\/\\\/vitablanca.ma\\\/#\\\/schema\\\/logo\\\/image\\\/\",\"url\":\"https:\\\/\\\/vitablanca.ma\\\/wp-content\\\/uploads\\\/2025\\\/05\\\/cropped-vitablanca.png\",\"contentUrl\":\"https:\\\/\\\/vitablanca.ma\\\/wp-content\\\/uploads\\\/2025\\\/05\\\/cropped-vitablanca.png\",\"width\":360,\"height\":67,\"caption\":\"VitaBlanca\"},\"image\":{\"@id\":\"https:\\\/\\\/vitablanca.ma\\\/#\\\/schema\\\/logo\\\/image\\\/\"},\"sameAs\":[\"https:\\\/\\\/www.facebook.com\\\/profile.php?id=61576678196717\",\"https:\\\/\\\/www.tiktok.com\\\/@vitablanca.ma\",\"https:\\\/\\\/www.instagram.com\\\/vitablanca.ma\\\/\"]}]}<\/script>\n<!-- \/ Yoast SEO plugin. -->","yoast_head_json":{"title":"Natural Factors Bromelain, 500 mg, 90 Capsules - Morocco Price","description":"Buy Natural Factors Bromelain 500 mg in Morocco. These 90 capsules promote healthy protein digestion, support joint comfort, and help","robots":{"index":"index","follow":"follow","max-snippet":"max-snippet:-1","max-image-preview":"max-image-preview:large","max-video-preview":"max-video-preview:-1"},"canonical":"https:\/\/vitablanca.ma\/en\/product\/natural-factors-bromelain-500-mg-90-capsules-maroc\/","og_locale":"en_US","og_type":"article","og_title":"Natural Factors Bromelain, 500 mg, 90 Capsules - Maroc Prix","og_description":"Achetez Natural Factors Brom\u00e9laine 500 mg au Maroc. Ces 90 capsules favorisent une digestion saine des prot\u00e9ines, soutiennent le confort articulaire aident","og_url":"https:\/\/vitablanca.ma\/en\/product\/natural-factors-bromelain-500-mg-90-capsules-maroc\/","og_site_name":"Vitablanca.ma &ndash; Sant&eacute;, vitalit&eacute; et bien-&ecirc;tre pour tous les Marocains","article_publisher":"https:\/\/www.facebook.com\/profile.php?id=61576678196717","article_modified_time":"2025-09-21T20:33:56+00:00","og_image":[{"width":680,"height":680,"url":"https:\/\/vitablanca.ma\/wp-content\/uploads\/2025\/06\/natural-factors-bromelain-500-mg-90-capsules-.jpg","type":"image\/jpeg"}],"twitter_card":"summary_large_image","twitter_misc":{"Est. reading time":"1 minute"},"schema":{"@context":"https:\/\/schema.org","@graph":[{"@type":["WebPage","ItemPage"],"@id":"https:\/\/vitablanca.ma\/produit\/natural-factors-bromelain-500-mg-90-capsules-maroc\/","url":"https:\/\/vitablanca.ma\/produit\/natural-factors-bromelain-500-mg-90-capsules-maroc\/","name":"Natural Factors Bromelain, 500 mg, 90 Capsules - Morocco Price","isPartOf":{"@id":"https:\/\/vitablanca.ma\/#website"},"primaryImageOfPage":{"@id":"https:\/\/vitablanca.ma\/produit\/natural-factors-bromelain-500-mg-90-capsules-maroc\/#primaryimage"},"image":{"@id":"https:\/\/vitablanca.ma\/produit\/natural-factors-bromelain-500-mg-90-capsules-maroc\/#primaryimage"},"thumbnailUrl":"https:\/\/vitablanca.ma\/wp-content\/uploads\/2025\/06\/natural-factors-bromelain-500-mg-90-capsules-.jpg","datePublished":"2025-06-03T00:51:01+00:00","dateModified":"2025-09-21T20:33:56+00:00","description":"Buy Natural Factors Bromelain 500 mg in Morocco. These 90 capsules promote healthy protein digestion, support joint comfort, and help","breadcrumb":{"@id":"https:\/\/vitablanca.ma\/produit\/natural-factors-bromelain-500-mg-90-capsules-maroc\/#breadcrumb"},"inLanguage":"en-US","potentialAction":[{"@type":"ReadAction","target":["https:\/\/vitablanca.ma\/produit\/natural-factors-bromelain-500-mg-90-capsules-maroc\/"]}]},{"@type":"ImageObject","inLanguage":"en-US","@id":"https:\/\/vitablanca.ma\/produit\/natural-factors-bromelain-500-mg-90-capsules-maroc\/#primaryimage","url":"https:\/\/vitablanca.ma\/wp-content\/uploads\/2025\/06\/natural-factors-bromelain-500-mg-90-capsules-.jpg","contentUrl":"https:\/\/vitablanca.ma\/wp-content\/uploads\/2025\/06\/natural-factors-bromelain-500-mg-90-capsules-.jpg","width":680,"height":680},{"@type":"BreadcrumbList","@id":"https:\/\/vitablanca.ma\/produit\/natural-factors-bromelain-500-mg-90-capsules-maroc\/#breadcrumb","itemListElement":[{"@type":"ListItem","position":1,"name":"Home","item":"https:\/\/vitablanca.ma\/"},{"@type":"ListItem","position":2,"name":"Tous Les Produits","item":"https:\/\/vitablanca.ma\/tous-les-produits\/"},{"@type":"ListItem","position":3,"name":"Natural Factors Bromelain, 500 mg, 90 Capsules"}]},{"@type":"WebSite","@id":"https:\/\/vitablanca.ma\/#website","url":"https:\/\/vitablanca.ma\/","name":"VitaBlanca.ma | Food supplements, health &amp; beauty in Morocco","description":"sell premium vitamins and supplements from USA &amp; Canada, New Zealand, Morocco (NOW Foods, Solgar, Manuka). Fast delivery anywhere in Morocco.","publisher":{"@id":"https:\/\/vitablanca.ma\/#organization"},"alternateName":"VitaBlanca.ma","potentialAction":[{"@type":"SearchAction","target":{"@type":"EntryPoint","urlTemplate":"https:\/\/vitablanca.ma\/?s={search_term_string}"},"query-input":{"@type":"PropertyValueSpecification","valueRequired":true,"valueName":"search_term_string"}}],"inLanguage":"en-US"},{"@type":"Organization","@id":"https:\/\/vitablanca.ma\/#organization","name":"VitaBlanca","url":"https:\/\/vitablanca.ma\/","logo":{"@type":"ImageObject","inLanguage":"en-US","@id":"https:\/\/vitablanca.ma\/#\/schema\/logo\/image\/","url":"https:\/\/vitablanca.ma\/wp-content\/uploads\/2025\/05\/cropped-vitablanca.png","contentUrl":"https:\/\/vitablanca.ma\/wp-content\/uploads\/2025\/05\/cropped-vitablanca.png","width":360,"height":67,"caption":"VitaBlanca"},"image":{"@id":"https:\/\/vitablanca.ma\/#\/schema\/logo\/image\/"},"sameAs":["https:\/\/www.facebook.com\/profile.php?id=61576678196717","https:\/\/www.tiktok.com\/@vitablanca.ma","https:\/\/www.instagram.com\/vitablanca.ma\/"]}]}},"jetpack_sharing_enabled":true,"_links":{"self":[{"href":"https:\/\/vitablanca.ma\/en\/wp-json\/wp\/v2\/product\/14212","targetHints":{"allow":["GET"]}}],"collection":[{"href":"https:\/\/vitablanca.ma\/en\/wp-json\/wp\/v2\/product"}],"about":[{"href":"https:\/\/vitablanca.ma\/en\/wp-json\/wp\/v2\/types\/product"}],"wp:featuredmedia":[{"embeddable":true,"href":"https:\/\/vitablanca.ma\/en\/wp-json\/wp\/v2\/media\/14214"}],"wp:attachment":[{"href":"https:\/\/vitablanca.ma\/en\/wp-json\/wp\/v2\/media?parent=14212"}],"wp:term":[{"taxonomy":"product_brand","embeddable":true,"href":"https:\/\/vitablanca.ma\/en\/wp-json\/wp\/v2\/product_brand?post=14212"},{"taxonomy":"product_cat","embeddable":true,"href":"https:\/\/vitablanca.ma\/en\/wp-json\/wp\/v2\/product_cat?post=14212"},{"taxonomy":"product_tag","embeddable":true,"href":"https:\/\/vitablanca.ma\/en\/wp-json\/wp\/v2\/product_tag?post=14212"}],"curies":[{"name":"wp","href":"https:\/\/api.w.org\/{rel}","templated":true}]}}