{"id":14209,"date":"2025-06-03T00:41:30","date_gmt":"2025-06-03T00:41:30","guid":{"rendered":"https:\/\/vitablanca.ma\/?post_type=product&#038;p=14209"},"modified":"2025-09-29T19:42:54","modified_gmt":"2025-09-29T19:42:54","slug":"allmax-nutrition-poudre-de-creatine-monohydrate-micronisee-pure-a-100-400-g-maroc","status":"publish","type":"product","link":"https:\/\/vitablanca.ma\/en\/product\/allmax-nutrition-poudre-de-creatine-monohydrate-micronisee-pure-a-100-400-g-maroc\/","title":{"rendered":"Allmax Nutrition Creatine Powder, Monohydrate - 100% Pure Micronized %, 400g"},"content":{"rendered":"<p>The ultimate in safety and purity \u2013 ALLMAX Pharmaceutical Grade Creatine is the ultimate in purity and safety; rigorously subject to strict standards that meet or exceed independent, third-party testing for WADA banned substances and cGMP guidelines. Plus, our creatine is micronized into an ultra-fine, free-flowing powder. Most creatine powders on the market today have particles that are up to 250 \u00b5m larger!<\/p>\n\n\n\n<p>The Undisputed King of Creatine \u2013 Creatine monohydrate is the undisputed king of creatine. Over 95% of all research ever conducted has used creatine monohydrate. Other forms of creatine have come and gone, all trying to claim they improved upon the original creatine. The truth is, very few, if any, scientific studies are even attempted to try to prove that they improve performance in any way.<\/p>\n\n\n\n<p>Research reigns supreme \u2013 Creatine monohydrate is the most researched (over 300 studies) and proven sports nutrition supplement in the world. Creatine has been shown to increase maximal strength and endurance by up to 15 % and power and energy release by up to 30 % in short burst\/interval sports.<\/p>\n\n\n\n<p>Suggested Use<\/p>\n\n\n\n<p>Take daily with water or juice upon waking and after training or on non-training days, after a meal.<\/p>\n\n\n\n<p>Loading Phase \u2013 1 rounded teaspoon twice daily (total 10g\/day) for 5-7 days.<\/p>\n\n\n\n<p>Maintain phase \u2013 1 rounded teaspoon per day (total of 5g\/day).<\/p>\n\n\n\n<p>Cycling protocol: 8 weeks on, 2 weeks off. Repeat.<\/p>\n\n\n\n<p>Recommended Use or Purpose: Helps improve performance during repetitive periods of short, high-intensity physical activity. Helps increase muscle mass when used in conjunction with a resistance training program.<a href=\"https:\/\/www.jumia.ma\/customer\/account\/login\/?tkWl=AL346DV12UKMFNAFAMZ-51254048&amp;return=%2Fallmax-nutrition-poudre-de-creatine-monohydrate-micronisee-pure-a-100-400-g-51815256.html\"><\/a><\/p>","protected":false},"excerpt":{"rendered":"<ul>\n<li>Science \u2013 Innovation \u2013 Quality \u2013 Results<\/li>\n<li>Professional quality supplement<\/li>\n<li>Pharmaceutical quality<\/li>\n<li>Improves performance in high-intensity strength training<\/li>\n<li>Increases muscle mass, strength and size<\/li>\n<li>Muscle volumizing effects<\/li>\n<li>Informed Choice Trusted by Sport<\/li>\n<li>Food supplement<\/li>\n<li>100% quality and power guaranteed<\/li>\n<li>cGMP Registered Facility<\/li>\n<li>Gluten free<\/li>\n<li>Vegetarian<\/li>\n<li>Vegan<\/li>\n<li>Informed-Choice Certified \u2013 Tested for Banned Substances<\/li>\n<\/ul>","protected":false},"featured_media":14211,"template":"","meta":{"om_disable_all_campaigns":false},"product_brand":[3897],"product_cat":[198,18,199,85],"product_tag":[2119,2116,2120,2114,2121,2118,2115,2117,2113],"class_list":{"0":"post-14209","1":"product","2":"type-product","3":"status-publish","4":"has-post-thumbnail","6":"product_brand-allmax","7":"product_cat-acides-amine","8":"product_cat-beaute-sante","9":"product_cat-carnitine","10":"product_cat-nutrition-sportive-beaute-sante","11":"product_tag-100-creatine-monohydrate-pure-et-micronisee","12":"product_tag-accelere-la-recuperation-post-entrainement","13":"product_tag-ameliore-lendurance-et-les-performances-physiques","14":"product_tag-format-economique-400-g","15":"product_tag-ideal-pour-sportifs-et-bodybuilders","16":"product_tag-qualite-premium-allmax-nutrition","17":"product_tag-sans-aromes-ni-additifs","18":"product_tag-se-melange-facilement-dans-les-liquides","19":"product_tag-soutient-la-force-musculaire-et-la-puissance","21":"first","22":"instock","23":"taxable","24":"shipping-taxable","25":"purchasable","26":"product-type-simple"},"yoast_head":"<!-- This site is optimized with the Yoast SEO plugin v27.4 - https:\/\/yoast.com\/product\/yoast-seo-wordpress\/ -->\n<title>Allmax Nutrition Poudre de cr\u00e9atine, monohydrate 400 g - Maroc Prix<\/title>\n<meta name=\"description\" content=\"AchetezAllmax Nutrition Cr\u00e9atine Monohydrate Micronis\u00e9e Pure \u00e0 100%, Poudre 400g - Performance Sportive au Maroc. Cette poudre de cr\u00e9atine de haute qualit\u00e9\" \/>\n<meta name=\"robots\" content=\"index, follow, max-snippet:-1, max-image-preview:large, max-video-preview:-1\" \/>\n<link rel=\"canonical\" href=\"https:\/\/vitablanca.ma\/en\/product\/allmax-nutrition-poudre-de-creatine-monohydrate-micronisee-pure-a-100-400-g-maroc\/\" \/>\n<meta property=\"og:locale\" content=\"en_US\" \/>\n<meta property=\"og:type\" content=\"article\" \/>\n<meta property=\"og:title\" content=\"Allmax Nutrition Poudre de cr\u00e9atine, monohydrate 400 g - Maroc Prix\" \/>\n<meta property=\"og:description\" content=\"AchetezAllmax Nutrition Cr\u00e9atine Monohydrate Micronis\u00e9e Pure \u00e0 100%, Poudre 400g - Performance Sportive au Maroc. Cette poudre de cr\u00e9atine de haute qualit\u00e9\" \/>\n<meta property=\"og:url\" content=\"https:\/\/vitablanca.ma\/en\/product\/allmax-nutrition-poudre-de-creatine-monohydrate-micronisee-pure-a-100-400-g-maroc\/\" \/>\n<meta property=\"og:site_name\" content=\"Vitablanca.ma &ndash; Sant&eacute;, vitalit&eacute; et bien-&ecirc;tre pour tous les Marocains\" \/>\n<meta property=\"article:publisher\" content=\"https:\/\/www.facebook.com\/profile.php?id=61576678196717\" \/>\n<meta property=\"article:modified_time\" content=\"2025-09-29T19:42:54+00:00\" \/>\n<meta property=\"og:image\" content=\"https:\/\/vitablanca.ma\/wp-content\/uploads\/2025\/06\/allmax-nutrition-poudre-de-creatine-monohydrate-micronisee-pure-.jpg\" \/>\n\t<meta property=\"og:image:width\" content=\"680\" \/>\n\t<meta property=\"og:image:height\" content=\"680\" \/>\n\t<meta property=\"og:image:type\" content=\"image\/jpeg\" \/>\n<meta name=\"twitter:card\" content=\"summary_large_image\" \/>\n<meta name=\"twitter:label1\" content=\"Est. reading time\" \/>\n\t<meta name=\"twitter:data1\" content=\"2 minutes\" \/>\n<script type=\"application\/ld+json\" class=\"yoast-schema-graph\">{\"@context\":\"https:\\\/\\\/schema.org\",\"@graph\":[{\"@type\":[\"WebPage\",\"ItemPage\"],\"@id\":\"https:\\\/\\\/vitablanca.ma\\\/produit\\\/allmax-nutrition-poudre-de-creatine-monohydrate-micronisee-pure-a-100-400-g-maroc\\\/\",\"url\":\"https:\\\/\\\/vitablanca.ma\\\/produit\\\/allmax-nutrition-poudre-de-creatine-monohydrate-micronisee-pure-a-100-400-g-maroc\\\/\",\"name\":\"Allmax Nutrition Poudre de cr\u00e9atine, monohydrate 400 g - Maroc Prix\",\"isPartOf\":{\"@id\":\"https:\\\/\\\/vitablanca.ma\\\/#website\"},\"primaryImageOfPage\":{\"@id\":\"https:\\\/\\\/vitablanca.ma\\\/produit\\\/allmax-nutrition-poudre-de-creatine-monohydrate-micronisee-pure-a-100-400-g-maroc\\\/#primaryimage\"},\"image\":{\"@id\":\"https:\\\/\\\/vitablanca.ma\\\/produit\\\/allmax-nutrition-poudre-de-creatine-monohydrate-micronisee-pure-a-100-400-g-maroc\\\/#primaryimage\"},\"thumbnailUrl\":\"https:\\\/\\\/vitablanca.ma\\\/wp-content\\\/uploads\\\/2025\\\/06\\\/allmax-nutrition-poudre-de-creatine-monohydrate-micronisee-pure-.jpg\",\"datePublished\":\"2025-06-03T00:41:30+00:00\",\"dateModified\":\"2025-09-29T19:42:54+00:00\",\"description\":\"AchetezAllmax Nutrition Cr\u00e9atine Monohydrate Micronis\u00e9e Pure \u00e0 100%, Poudre 400g - Performance Sportive au Maroc. Cette poudre de cr\u00e9atine de haute qualit\u00e9\",\"breadcrumb\":{\"@id\":\"https:\\\/\\\/vitablanca.ma\\\/produit\\\/allmax-nutrition-poudre-de-creatine-monohydrate-micronisee-pure-a-100-400-g-maroc\\\/#breadcrumb\"},\"inLanguage\":\"en-US\",\"potentialAction\":[{\"@type\":\"ReadAction\",\"target\":[\"https:\\\/\\\/vitablanca.ma\\\/produit\\\/allmax-nutrition-poudre-de-creatine-monohydrate-micronisee-pure-a-100-400-g-maroc\\\/\"]}]},{\"@type\":\"ImageObject\",\"inLanguage\":\"en-US\",\"@id\":\"https:\\\/\\\/vitablanca.ma\\\/produit\\\/allmax-nutrition-poudre-de-creatine-monohydrate-micronisee-pure-a-100-400-g-maroc\\\/#primaryimage\",\"url\":\"https:\\\/\\\/vitablanca.ma\\\/wp-content\\\/uploads\\\/2025\\\/06\\\/allmax-nutrition-poudre-de-creatine-monohydrate-micronisee-pure-.jpg\",\"contentUrl\":\"https:\\\/\\\/vitablanca.ma\\\/wp-content\\\/uploads\\\/2025\\\/06\\\/allmax-nutrition-poudre-de-creatine-monohydrate-micronisee-pure-.jpg\",\"width\":680,\"height\":680},{\"@type\":\"BreadcrumbList\",\"@id\":\"https:\\\/\\\/vitablanca.ma\\\/produit\\\/allmax-nutrition-poudre-de-creatine-monohydrate-micronisee-pure-a-100-400-g-maroc\\\/#breadcrumb\",\"itemListElement\":[{\"@type\":\"ListItem\",\"position\":1,\"name\":\"Home\",\"item\":\"https:\\\/\\\/vitablanca.ma\\\/\"},{\"@type\":\"ListItem\",\"position\":2,\"name\":\"Tous Les Produits\",\"item\":\"https:\\\/\\\/vitablanca.ma\\\/tous-les-produits\\\/\"},{\"@type\":\"ListItem\",\"position\":3,\"name\":\"Allmax Nutrition Poudre de cr\u00e9atine, monohydrate -micronis\u00e9e pure \u00e0 100 %, 400 g\"}]},{\"@type\":\"WebSite\",\"@id\":\"https:\\\/\\\/vitablanca.ma\\\/#website\",\"url\":\"https:\\\/\\\/vitablanca.ma\\\/\",\"name\":\"VitaBlanca.ma | Compl\u00e9ments alimentaires, sant\u00e9 & beaut\u00e9 au Maroc\",\"description\":\"vendre vitamines et compl\u00e9ments premium des USA &amp; Canada, Nouvelle Z\u00e9lande,Maroc (NOW Foods, Solgar, Manuka). Livraison rapide partout au Maroc.\",\"publisher\":{\"@id\":\"https:\\\/\\\/vitablanca.ma\\\/#organization\"},\"alternateName\":\"VitaBlanca.ma\",\"potentialAction\":[{\"@type\":\"SearchAction\",\"target\":{\"@type\":\"EntryPoint\",\"urlTemplate\":\"https:\\\/\\\/vitablanca.ma\\\/?s={search_term_string}\"},\"query-input\":{\"@type\":\"PropertyValueSpecification\",\"valueRequired\":true,\"valueName\":\"search_term_string\"}}],\"inLanguage\":\"en-US\"},{\"@type\":\"Organization\",\"@id\":\"https:\\\/\\\/vitablanca.ma\\\/#organization\",\"name\":\"VitaBlanca\",\"url\":\"https:\\\/\\\/vitablanca.ma\\\/\",\"logo\":{\"@type\":\"ImageObject\",\"inLanguage\":\"en-US\",\"@id\":\"https:\\\/\\\/vitablanca.ma\\\/#\\\/schema\\\/logo\\\/image\\\/\",\"url\":\"https:\\\/\\\/vitablanca.ma\\\/wp-content\\\/uploads\\\/2025\\\/05\\\/cropped-vitablanca.png\",\"contentUrl\":\"https:\\\/\\\/vitablanca.ma\\\/wp-content\\\/uploads\\\/2025\\\/05\\\/cropped-vitablanca.png\",\"width\":360,\"height\":67,\"caption\":\"VitaBlanca\"},\"image\":{\"@id\":\"https:\\\/\\\/vitablanca.ma\\\/#\\\/schema\\\/logo\\\/image\\\/\"},\"sameAs\":[\"https:\\\/\\\/www.facebook.com\\\/profile.php?id=61576678196717\",\"https:\\\/\\\/www.tiktok.com\\\/@vitablanca.ma\",\"https:\\\/\\\/www.instagram.com\\\/vitablanca.ma\\\/\"]}]}<\/script>\n<!-- \/ Yoast SEO plugin. -->","yoast_head_json":{"title":"Allmax Nutrition Creatine Monohydrate Powder 400g - Morocco Price","description":"Buy Allmax Nutrition Pure Micronized Creatine Monohydrate 100%, Powder 400g - Sports Performance in Morocco. This high-quality creatine powder","robots":{"index":"index","follow":"follow","max-snippet":"max-snippet:-1","max-image-preview":"max-image-preview:large","max-video-preview":"max-video-preview:-1"},"canonical":"https:\/\/vitablanca.ma\/en\/product\/allmax-nutrition-poudre-de-creatine-monohydrate-micronisee-pure-a-100-400-g-maroc\/","og_locale":"en_US","og_type":"article","og_title":"Allmax Nutrition Poudre de cr\u00e9atine, monohydrate 400 g - Maroc Prix","og_description":"AchetezAllmax Nutrition Cr\u00e9atine Monohydrate Micronis\u00e9e Pure \u00e0 100%, Poudre 400g - Performance Sportive au Maroc. Cette poudre de cr\u00e9atine de haute qualit\u00e9","og_url":"https:\/\/vitablanca.ma\/en\/product\/allmax-nutrition-poudre-de-creatine-monohydrate-micronisee-pure-a-100-400-g-maroc\/","og_site_name":"Vitablanca.ma &ndash; Sant&eacute;, vitalit&eacute; et bien-&ecirc;tre pour tous les Marocains","article_publisher":"https:\/\/www.facebook.com\/profile.php?id=61576678196717","article_modified_time":"2025-09-29T19:42:54+00:00","og_image":[{"width":680,"height":680,"url":"https:\/\/vitablanca.ma\/wp-content\/uploads\/2025\/06\/allmax-nutrition-poudre-de-creatine-monohydrate-micronisee-pure-.jpg","type":"image\/jpeg"}],"twitter_card":"summary_large_image","twitter_misc":{"Est. reading time":"2 minutes"},"schema":{"@context":"https:\/\/schema.org","@graph":[{"@type":["WebPage","ItemPage"],"@id":"https:\/\/vitablanca.ma\/produit\/allmax-nutrition-poudre-de-creatine-monohydrate-micronisee-pure-a-100-400-g-maroc\/","url":"https:\/\/vitablanca.ma\/produit\/allmax-nutrition-poudre-de-creatine-monohydrate-micronisee-pure-a-100-400-g-maroc\/","name":"Allmax Nutrition Creatine Monohydrate Powder 400g - Morocco Price","isPartOf":{"@id":"https:\/\/vitablanca.ma\/#website"},"primaryImageOfPage":{"@id":"https:\/\/vitablanca.ma\/produit\/allmax-nutrition-poudre-de-creatine-monohydrate-micronisee-pure-a-100-400-g-maroc\/#primaryimage"},"image":{"@id":"https:\/\/vitablanca.ma\/produit\/allmax-nutrition-poudre-de-creatine-monohydrate-micronisee-pure-a-100-400-g-maroc\/#primaryimage"},"thumbnailUrl":"https:\/\/vitablanca.ma\/wp-content\/uploads\/2025\/06\/allmax-nutrition-poudre-de-creatine-monohydrate-micronisee-pure-.jpg","datePublished":"2025-06-03T00:41:30+00:00","dateModified":"2025-09-29T19:42:54+00:00","description":"Buy Allmax Nutrition Pure Micronized Creatine Monohydrate 100%, Powder 400g - Sports Performance in Morocco. This high-quality creatine powder","breadcrumb":{"@id":"https:\/\/vitablanca.ma\/produit\/allmax-nutrition-poudre-de-creatine-monohydrate-micronisee-pure-a-100-400-g-maroc\/#breadcrumb"},"inLanguage":"en-US","potentialAction":[{"@type":"ReadAction","target":["https:\/\/vitablanca.ma\/produit\/allmax-nutrition-poudre-de-creatine-monohydrate-micronisee-pure-a-100-400-g-maroc\/"]}]},{"@type":"ImageObject","inLanguage":"en-US","@id":"https:\/\/vitablanca.ma\/produit\/allmax-nutrition-poudre-de-creatine-monohydrate-micronisee-pure-a-100-400-g-maroc\/#primaryimage","url":"https:\/\/vitablanca.ma\/wp-content\/uploads\/2025\/06\/allmax-nutrition-poudre-de-creatine-monohydrate-micronisee-pure-.jpg","contentUrl":"https:\/\/vitablanca.ma\/wp-content\/uploads\/2025\/06\/allmax-nutrition-poudre-de-creatine-monohydrate-micronisee-pure-.jpg","width":680,"height":680},{"@type":"BreadcrumbList","@id":"https:\/\/vitablanca.ma\/produit\/allmax-nutrition-poudre-de-creatine-monohydrate-micronisee-pure-a-100-400-g-maroc\/#breadcrumb","itemListElement":[{"@type":"ListItem","position":1,"name":"Home","item":"https:\/\/vitablanca.ma\/"},{"@type":"ListItem","position":2,"name":"Tous Les Produits","item":"https:\/\/vitablanca.ma\/tous-les-produits\/"},{"@type":"ListItem","position":3,"name":"Allmax Nutrition Poudre de cr\u00e9atine, monohydrate -micronis\u00e9e pure \u00e0 100 %, 400 g"}]},{"@type":"WebSite","@id":"https:\/\/vitablanca.ma\/#website","url":"https:\/\/vitablanca.ma\/","name":"VitaBlanca.ma | Food supplements, health &amp; beauty in Morocco","description":"sell premium vitamins and supplements from USA &amp; Canada, New Zealand, Morocco (NOW Foods, Solgar, Manuka). Fast delivery anywhere in Morocco.","publisher":{"@id":"https:\/\/vitablanca.ma\/#organization"},"alternateName":"VitaBlanca.ma","potentialAction":[{"@type":"SearchAction","target":{"@type":"EntryPoint","urlTemplate":"https:\/\/vitablanca.ma\/?s={search_term_string}"},"query-input":{"@type":"PropertyValueSpecification","valueRequired":true,"valueName":"search_term_string"}}],"inLanguage":"en-US"},{"@type":"Organization","@id":"https:\/\/vitablanca.ma\/#organization","name":"VitaBlanca","url":"https:\/\/vitablanca.ma\/","logo":{"@type":"ImageObject","inLanguage":"en-US","@id":"https:\/\/vitablanca.ma\/#\/schema\/logo\/image\/","url":"https:\/\/vitablanca.ma\/wp-content\/uploads\/2025\/05\/cropped-vitablanca.png","contentUrl":"https:\/\/vitablanca.ma\/wp-content\/uploads\/2025\/05\/cropped-vitablanca.png","width":360,"height":67,"caption":"VitaBlanca"},"image":{"@id":"https:\/\/vitablanca.ma\/#\/schema\/logo\/image\/"},"sameAs":["https:\/\/www.facebook.com\/profile.php?id=61576678196717","https:\/\/www.tiktok.com\/@vitablanca.ma","https:\/\/www.instagram.com\/vitablanca.ma\/"]}]}},"jetpack_sharing_enabled":true,"_links":{"self":[{"href":"https:\/\/vitablanca.ma\/en\/wp-json\/wp\/v2\/product\/14209","targetHints":{"allow":["GET"]}}],"collection":[{"href":"https:\/\/vitablanca.ma\/en\/wp-json\/wp\/v2\/product"}],"about":[{"href":"https:\/\/vitablanca.ma\/en\/wp-json\/wp\/v2\/types\/product"}],"wp:featuredmedia":[{"embeddable":true,"href":"https:\/\/vitablanca.ma\/en\/wp-json\/wp\/v2\/media\/14211"}],"wp:attachment":[{"href":"https:\/\/vitablanca.ma\/en\/wp-json\/wp\/v2\/media?parent=14209"}],"wp:term":[{"taxonomy":"product_brand","embeddable":true,"href":"https:\/\/vitablanca.ma\/en\/wp-json\/wp\/v2\/product_brand?post=14209"},{"taxonomy":"product_cat","embeddable":true,"href":"https:\/\/vitablanca.ma\/en\/wp-json\/wp\/v2\/product_cat?post=14209"},{"taxonomy":"product_tag","embeddable":true,"href":"https:\/\/vitablanca.ma\/en\/wp-json\/wp\/v2\/product_tag?post=14209"}],"curies":[{"name":"wp","href":"https:\/\/api.w.org\/{rel}","templated":true}]}}