{"id":14205,"date":"2025-06-03T00:28:30","date_gmt":"2025-06-03T00:28:30","guid":{"rendered":"https:\/\/vitablanca.ma\/?post_type=product&#038;p=14205"},"modified":"2025-12-02T21:00:16","modified_gmt":"2025-12-02T21:00:16","slug":"swanson-cosses-de-psyllium-610-mg-300-gelules-maroc","status":"publish","type":"product","link":"https:\/\/vitablanca.ma\/en\/product\/swanson-cosses-de-psyllium-610-mg-300-gelules-maroc\/","title":{"rendered":"Swanson Psyllium Husks, 610 mg, 300 Capsules"},"content":{"rendered":"<p>Provide bowel regularity and cardiovascular support with Swanson Psyllium Husks! Used for centuries as a colon cleanser, the soluble fiber content of psyllium seed husks makes them a valuable nutritional tool for cardiovascular health and healthy cholesterol levels already within the normal range when used as part of a diet low in saturated fat.<\/p>\n\n\n\n<p>Suggested Use<\/p>\n\n\n\n<p>As a dietary supplement, take one capsule three times daily with a glass of water<a href=\"https:\/\/www.jumia.ma\/customer\/account\/login\/?tkWl=SW231DV16QHNRNAFAMZ-51358506&amp;return=%2Fswanson-cosses-de-psyllium-610-mg-300-gelules-51897717.html\"><\/a><\/p>","protected":false},"excerpt":{"rendered":"<ul>\n<li>Digestive health<\/li>\n<li>Food supplement<\/li>\n<li>Rich source of soluble fiber<\/li>\n<li>Helps with occasional constipation<\/li>\n<li>Promotes bowel regularity for gastrointestinal health<\/li>\n<li>Maintains healthy cholesterol levels<\/li>\n<li>Provide bowel regularity and cardiovascular support with Swanson Psyllium Husks!<\/li>\n<li>Used for centuries as a colon cleanser, the soluble fiber content of psyllium seed husks makes them a valuable nutritional tool for cardiovascular health and healthy cholesterol levels already within the normal range when used as part of a diet low in saturated fat.<\/li>\n<\/ul>","protected":false},"featured_media":14207,"template":"","meta":{"om_disable_all_campaigns":false},"product_brand":[672],"product_cat":[18,3366,281,20,280,19],"product_tag":[2109,2112,2106,2107,1961,2110,2108,2111,242],"class_list":{"0":"post-14205","1":"product","2":"type-product","3":"status-publish","4":"has-post-thumbnail","6":"product_brand-swanson-maroc-prix","7":"product_cat-beaute-sante","8":"product_cat-complements-alimentaires-au-maroc-vitablanca","9":"product_cat-psyllium","10":"product_cat-supplements","11":"product_cat-supplements-digestifs","12":"product_cat-vitamines-supplements-dietetiques","13":"product_tag-300-gelules-pour-un-usage-longue-duree","14":"product_tag-610-mg-de-psyllium-pur-par-gelule","15":"product_tag-aide-a-reduire-le-cholesterol","16":"product_tag-ameliore-le-transit-intestinal-naturellement","17":"product_tag-convient-aux-vegetariens","18":"product_tag-favorise-la-regularite-digestive","19":"product_tag-marque-reputee-swanson","20":"product_tag-riche-en-fibres-solubles","21":"product_tag-sans-gluten","23":"first","24":"instock","25":"sale","26":"taxable","27":"shipping-taxable","28":"purchasable","29":"product-type-simple"},"yoast_head":"<!-- This site is optimized with the Yoast SEO plugin v27.4 - https:\/\/yoast.com\/product\/yoast-seo-wordpress\/ -->\n<title>Swanson Cosses de psyllium, 610 mg, 300 g\u00e9lules - Maroc Prix<\/title>\n<meta name=\"description\" content=\"Achetez Swanson Cosses de Psyllium 610 mg au Maroc. Ces 300 g\u00e9lules sont une excellente source de fibres naturelles, favorisant une digestion saine.\" \/>\n<meta name=\"robots\" content=\"index, follow, max-snippet:-1, max-image-preview:large, max-video-preview:-1\" \/>\n<link rel=\"canonical\" href=\"https:\/\/vitablanca.ma\/en\/product\/swanson-cosses-de-psyllium-610-mg-300-gelules-maroc\/\" \/>\n<meta property=\"og:locale\" content=\"en_US\" \/>\n<meta property=\"og:type\" content=\"article\" \/>\n<meta property=\"og:title\" content=\"Swanson Cosses de psyllium, 610 mg, 300 g\u00e9lules - Maroc Prix\" \/>\n<meta property=\"og:description\" content=\"Achetez Swanson Cosses de Psyllium 610 mg au Maroc. Ces 300 g\u00e9lules sont une excellente source de fibres naturelles, favorisant une digestion saine.\" \/>\n<meta property=\"og:url\" content=\"https:\/\/vitablanca.ma\/en\/product\/swanson-cosses-de-psyllium-610-mg-300-gelules-maroc\/\" \/>\n<meta property=\"og:site_name\" content=\"Vitablanca.ma &ndash; Sant&eacute;, vitalit&eacute; et bien-&ecirc;tre pour tous les Marocains\" \/>\n<meta property=\"article:publisher\" content=\"https:\/\/www.facebook.com\/profile.php?id=61576678196717\" \/>\n<meta property=\"article:modified_time\" content=\"2025-12-02T21:00:16+00:00\" \/>\n<meta property=\"og:image\" content=\"https:\/\/vitablanca.ma\/wp-content\/uploads\/2025\/06\/swanson-cosses-de-psyllium-610-mg-300-gelules-.jpg\" \/>\n\t<meta property=\"og:image:width\" content=\"680\" \/>\n\t<meta property=\"og:image:height\" content=\"680\" \/>\n\t<meta property=\"og:image:type\" content=\"image\/jpeg\" \/>\n<meta name=\"twitter:card\" content=\"summary_large_image\" \/>\n<meta name=\"twitter:label1\" content=\"Est. reading time\" \/>\n\t<meta name=\"twitter:data1\" content=\"1 minute\" \/>\n<script type=\"application\/ld+json\" class=\"yoast-schema-graph\">{\"@context\":\"https:\\\/\\\/schema.org\",\"@graph\":[{\"@type\":[\"WebPage\",\"ItemPage\"],\"@id\":\"https:\\\/\\\/vitablanca.ma\\\/produit\\\/swanson-cosses-de-psyllium-610-mg-300-gelules-maroc\\\/\",\"url\":\"https:\\\/\\\/vitablanca.ma\\\/produit\\\/swanson-cosses-de-psyllium-610-mg-300-gelules-maroc\\\/\",\"name\":\"Swanson Cosses de psyllium, 610 mg, 300 g\u00e9lules - Maroc Prix\",\"isPartOf\":{\"@id\":\"https:\\\/\\\/vitablanca.ma\\\/#website\"},\"primaryImageOfPage\":{\"@id\":\"https:\\\/\\\/vitablanca.ma\\\/produit\\\/swanson-cosses-de-psyllium-610-mg-300-gelules-maroc\\\/#primaryimage\"},\"image\":{\"@id\":\"https:\\\/\\\/vitablanca.ma\\\/produit\\\/swanson-cosses-de-psyllium-610-mg-300-gelules-maroc\\\/#primaryimage\"},\"thumbnailUrl\":\"https:\\\/\\\/vitablanca.ma\\\/wp-content\\\/uploads\\\/2025\\\/06\\\/swanson-cosses-de-psyllium-610-mg-300-gelules-.jpg\",\"datePublished\":\"2025-06-03T00:28:30+00:00\",\"dateModified\":\"2025-12-02T21:00:16+00:00\",\"description\":\"Achetez Swanson Cosses de Psyllium 610 mg au Maroc. Ces 300 g\u00e9lules sont une excellente source de fibres naturelles, favorisant une digestion saine.\",\"breadcrumb\":{\"@id\":\"https:\\\/\\\/vitablanca.ma\\\/produit\\\/swanson-cosses-de-psyllium-610-mg-300-gelules-maroc\\\/#breadcrumb\"},\"inLanguage\":\"en-US\",\"potentialAction\":[{\"@type\":\"ReadAction\",\"target\":[\"https:\\\/\\\/vitablanca.ma\\\/produit\\\/swanson-cosses-de-psyllium-610-mg-300-gelules-maroc\\\/\"]}]},{\"@type\":\"ImageObject\",\"inLanguage\":\"en-US\",\"@id\":\"https:\\\/\\\/vitablanca.ma\\\/produit\\\/swanson-cosses-de-psyllium-610-mg-300-gelules-maroc\\\/#primaryimage\",\"url\":\"https:\\\/\\\/vitablanca.ma\\\/wp-content\\\/uploads\\\/2025\\\/06\\\/swanson-cosses-de-psyllium-610-mg-300-gelules-.jpg\",\"contentUrl\":\"https:\\\/\\\/vitablanca.ma\\\/wp-content\\\/uploads\\\/2025\\\/06\\\/swanson-cosses-de-psyllium-610-mg-300-gelules-.jpg\",\"width\":680,\"height\":680},{\"@type\":\"BreadcrumbList\",\"@id\":\"https:\\\/\\\/vitablanca.ma\\\/produit\\\/swanson-cosses-de-psyllium-610-mg-300-gelules-maroc\\\/#breadcrumb\",\"itemListElement\":[{\"@type\":\"ListItem\",\"position\":1,\"name\":\"Home\",\"item\":\"https:\\\/\\\/vitablanca.ma\\\/\"},{\"@type\":\"ListItem\",\"position\":2,\"name\":\"Tous Les Produits\",\"item\":\"https:\\\/\\\/vitablanca.ma\\\/tous-les-produits\\\/\"},{\"@type\":\"ListItem\",\"position\":3,\"name\":\"Swanson Cosses de psyllium, 610 mg, 300 g\u00e9lules\"}]},{\"@type\":\"WebSite\",\"@id\":\"https:\\\/\\\/vitablanca.ma\\\/#website\",\"url\":\"https:\\\/\\\/vitablanca.ma\\\/\",\"name\":\"VitaBlanca.ma | Compl\u00e9ments alimentaires, sant\u00e9 & beaut\u00e9 au Maroc\",\"description\":\"vendre vitamines et compl\u00e9ments premium des USA &amp; Canada, Nouvelle Z\u00e9lande,Maroc (NOW Foods, Solgar, Manuka). Livraison rapide partout au Maroc.\",\"publisher\":{\"@id\":\"https:\\\/\\\/vitablanca.ma\\\/#organization\"},\"alternateName\":\"VitaBlanca.ma\",\"potentialAction\":[{\"@type\":\"SearchAction\",\"target\":{\"@type\":\"EntryPoint\",\"urlTemplate\":\"https:\\\/\\\/vitablanca.ma\\\/?s={search_term_string}\"},\"query-input\":{\"@type\":\"PropertyValueSpecification\",\"valueRequired\":true,\"valueName\":\"search_term_string\"}}],\"inLanguage\":\"en-US\"},{\"@type\":\"Organization\",\"@id\":\"https:\\\/\\\/vitablanca.ma\\\/#organization\",\"name\":\"VitaBlanca\",\"url\":\"https:\\\/\\\/vitablanca.ma\\\/\",\"logo\":{\"@type\":\"ImageObject\",\"inLanguage\":\"en-US\",\"@id\":\"https:\\\/\\\/vitablanca.ma\\\/#\\\/schema\\\/logo\\\/image\\\/\",\"url\":\"https:\\\/\\\/vitablanca.ma\\\/wp-content\\\/uploads\\\/2025\\\/05\\\/cropped-vitablanca.png\",\"contentUrl\":\"https:\\\/\\\/vitablanca.ma\\\/wp-content\\\/uploads\\\/2025\\\/05\\\/cropped-vitablanca.png\",\"width\":360,\"height\":67,\"caption\":\"VitaBlanca\"},\"image\":{\"@id\":\"https:\\\/\\\/vitablanca.ma\\\/#\\\/schema\\\/logo\\\/image\\\/\"},\"sameAs\":[\"https:\\\/\\\/www.facebook.com\\\/profile.php?id=61576678196717\",\"https:\\\/\\\/www.tiktok.com\\\/@vitablanca.ma\",\"https:\\\/\\\/www.instagram.com\\\/vitablanca.ma\\\/\"]}]}<\/script>\n<!-- \/ Yoast SEO plugin. -->","yoast_head_json":{"title":"Swanson Psyllium Husks, 610 mg, 300 Capsules - Morocco Price","description":"Buy Swanson Psyllium Husk 610 mg in Morocco. These 300 capsules are an excellent source of natural fiber, promoting healthy digestion.","robots":{"index":"index","follow":"follow","max-snippet":"max-snippet:-1","max-image-preview":"max-image-preview:large","max-video-preview":"max-video-preview:-1"},"canonical":"https:\/\/vitablanca.ma\/en\/product\/swanson-cosses-de-psyllium-610-mg-300-gelules-maroc\/","og_locale":"en_US","og_type":"article","og_title":"Swanson Cosses de psyllium, 610 mg, 300 g\u00e9lules - Maroc Prix","og_description":"Achetez Swanson Cosses de Psyllium 610 mg au Maroc. Ces 300 g\u00e9lules sont une excellente source de fibres naturelles, favorisant une digestion saine.","og_url":"https:\/\/vitablanca.ma\/en\/product\/swanson-cosses-de-psyllium-610-mg-300-gelules-maroc\/","og_site_name":"Vitablanca.ma &ndash; Sant&eacute;, vitalit&eacute; et bien-&ecirc;tre pour tous les Marocains","article_publisher":"https:\/\/www.facebook.com\/profile.php?id=61576678196717","article_modified_time":"2025-12-02T21:00:16+00:00","og_image":[{"width":680,"height":680,"url":"https:\/\/vitablanca.ma\/wp-content\/uploads\/2025\/06\/swanson-cosses-de-psyllium-610-mg-300-gelules-.jpg","type":"image\/jpeg"}],"twitter_card":"summary_large_image","twitter_misc":{"Est. reading time":"1 minute"},"schema":{"@context":"https:\/\/schema.org","@graph":[{"@type":["WebPage","ItemPage"],"@id":"https:\/\/vitablanca.ma\/produit\/swanson-cosses-de-psyllium-610-mg-300-gelules-maroc\/","url":"https:\/\/vitablanca.ma\/produit\/swanson-cosses-de-psyllium-610-mg-300-gelules-maroc\/","name":"Swanson Psyllium Husks, 610 mg, 300 Capsules - Morocco Price","isPartOf":{"@id":"https:\/\/vitablanca.ma\/#website"},"primaryImageOfPage":{"@id":"https:\/\/vitablanca.ma\/produit\/swanson-cosses-de-psyllium-610-mg-300-gelules-maroc\/#primaryimage"},"image":{"@id":"https:\/\/vitablanca.ma\/produit\/swanson-cosses-de-psyllium-610-mg-300-gelules-maroc\/#primaryimage"},"thumbnailUrl":"https:\/\/vitablanca.ma\/wp-content\/uploads\/2025\/06\/swanson-cosses-de-psyllium-610-mg-300-gelules-.jpg","datePublished":"2025-06-03T00:28:30+00:00","dateModified":"2025-12-02T21:00:16+00:00","description":"Buy Swanson Psyllium Husk 610 mg in Morocco. These 300 capsules are an excellent source of natural fiber, promoting healthy digestion.","breadcrumb":{"@id":"https:\/\/vitablanca.ma\/produit\/swanson-cosses-de-psyllium-610-mg-300-gelules-maroc\/#breadcrumb"},"inLanguage":"en-US","potentialAction":[{"@type":"ReadAction","target":["https:\/\/vitablanca.ma\/produit\/swanson-cosses-de-psyllium-610-mg-300-gelules-maroc\/"]}]},{"@type":"ImageObject","inLanguage":"en-US","@id":"https:\/\/vitablanca.ma\/produit\/swanson-cosses-de-psyllium-610-mg-300-gelules-maroc\/#primaryimage","url":"https:\/\/vitablanca.ma\/wp-content\/uploads\/2025\/06\/swanson-cosses-de-psyllium-610-mg-300-gelules-.jpg","contentUrl":"https:\/\/vitablanca.ma\/wp-content\/uploads\/2025\/06\/swanson-cosses-de-psyllium-610-mg-300-gelules-.jpg","width":680,"height":680},{"@type":"BreadcrumbList","@id":"https:\/\/vitablanca.ma\/produit\/swanson-cosses-de-psyllium-610-mg-300-gelules-maroc\/#breadcrumb","itemListElement":[{"@type":"ListItem","position":1,"name":"Home","item":"https:\/\/vitablanca.ma\/"},{"@type":"ListItem","position":2,"name":"Tous Les Produits","item":"https:\/\/vitablanca.ma\/tous-les-produits\/"},{"@type":"ListItem","position":3,"name":"Swanson Cosses de psyllium, 610 mg, 300 g\u00e9lules"}]},{"@type":"WebSite","@id":"https:\/\/vitablanca.ma\/#website","url":"https:\/\/vitablanca.ma\/","name":"VitaBlanca.ma | Food supplements, health &amp; beauty in Morocco","description":"sell premium vitamins and supplements from USA &amp; Canada, New Zealand, Morocco (NOW Foods, Solgar, Manuka). Fast delivery anywhere in Morocco.","publisher":{"@id":"https:\/\/vitablanca.ma\/#organization"},"alternateName":"VitaBlanca.ma","potentialAction":[{"@type":"SearchAction","target":{"@type":"EntryPoint","urlTemplate":"https:\/\/vitablanca.ma\/?s={search_term_string}"},"query-input":{"@type":"PropertyValueSpecification","valueRequired":true,"valueName":"search_term_string"}}],"inLanguage":"en-US"},{"@type":"Organization","@id":"https:\/\/vitablanca.ma\/#organization","name":"VitaBlanca","url":"https:\/\/vitablanca.ma\/","logo":{"@type":"ImageObject","inLanguage":"en-US","@id":"https:\/\/vitablanca.ma\/#\/schema\/logo\/image\/","url":"https:\/\/vitablanca.ma\/wp-content\/uploads\/2025\/05\/cropped-vitablanca.png","contentUrl":"https:\/\/vitablanca.ma\/wp-content\/uploads\/2025\/05\/cropped-vitablanca.png","width":360,"height":67,"caption":"VitaBlanca"},"image":{"@id":"https:\/\/vitablanca.ma\/#\/schema\/logo\/image\/"},"sameAs":["https:\/\/www.facebook.com\/profile.php?id=61576678196717","https:\/\/www.tiktok.com\/@vitablanca.ma","https:\/\/www.instagram.com\/vitablanca.ma\/"]}]}},"jetpack_sharing_enabled":true,"_links":{"self":[{"href":"https:\/\/vitablanca.ma\/en\/wp-json\/wp\/v2\/product\/14205","targetHints":{"allow":["GET"]}}],"collection":[{"href":"https:\/\/vitablanca.ma\/en\/wp-json\/wp\/v2\/product"}],"about":[{"href":"https:\/\/vitablanca.ma\/en\/wp-json\/wp\/v2\/types\/product"}],"wp:featuredmedia":[{"embeddable":true,"href":"https:\/\/vitablanca.ma\/en\/wp-json\/wp\/v2\/media\/14207"}],"wp:attachment":[{"href":"https:\/\/vitablanca.ma\/en\/wp-json\/wp\/v2\/media?parent=14205"}],"wp:term":[{"taxonomy":"product_brand","embeddable":true,"href":"https:\/\/vitablanca.ma\/en\/wp-json\/wp\/v2\/product_brand?post=14205"},{"taxonomy":"product_cat","embeddable":true,"href":"https:\/\/vitablanca.ma\/en\/wp-json\/wp\/v2\/product_cat?post=14205"},{"taxonomy":"product_tag","embeddable":true,"href":"https:\/\/vitablanca.ma\/en\/wp-json\/wp\/v2\/product_tag?post=14205"}],"curies":[{"name":"wp","href":"https:\/\/api.w.org\/{rel}","templated":true}]}}