{"id":14181,"date":"2025-06-02T18:37:40","date_gmt":"2025-06-02T18:37:40","guid":{"rendered":"https:\/\/vitablanca.ma\/?post_type=product&#038;p=14181"},"modified":"2025-08-30T21:21:17","modified_gmt":"2025-08-30T21:21:17","slug":"solaray-cordyceps-fermente-500-mg-60-capsules-vegetariennes-maroc","status":"publish","type":"product","link":"https:\/\/vitablanca.ma\/en\/product\/solaray-cordyceps-fermente-500-mg-60-capsules-vegetariennes-maroc\/","title":{"rendered":"Solaray Fermented Cordyceps, 500 mg, 60 vegetarian capsules"},"content":{"rendered":"<p>Le Cordyceps est un champignon tr\u00e8s utilis\u00e9 en m\u00e9decine traditionnelle chinoise. Il est efficace pour stimuler la libido et pour stimuler l\u2019organisme de personnes \u00e2g\u00e9es. Il peut prot\u00e9ger les reins des effets n\u00e9fastes de certains m\u00e9dicaments et peut \u00e9galement stimuler le fonctionnement des reins.<\/p>\n\n\n\n<p>le cordyceps ferment\u00e9 de Solaray\u00ae est 100 % vegan, sans excipients et ne contient pas d\u2019agents de remplissage ni d\u2019ingr\u00e9dients suppl\u00e9mentaires. La biomasse myc\u00e9lienne de champignon biologique est cultiv\u00e9e sur de l\u2019avoine enti\u00e8re biologique sans gluten, puis ferment\u00e9e. Le myc\u00e9lium est la partie v\u00e9g\u00e9tative d\u2019un champignon. Cette substance semblable \u00e0 des racines permet au champignon d\u2019absorber des nutriments.<\/p>\n\n\n\n<p>Since 1973, we&#039;ve scoured the world for the highest quality ingredients, giving you access to the most effective supplements to help you make your life more positive and enjoy the moments that matter most.<a href=\"https:\/\/www.jumia.ma\/customer\/account\/login\/?tkWl=SO243DV1MXR6WNAFAMZ-62947404&return=%2Fsolaray-cordyceps-fermente-500-mg-60-capsules-vegetariennes-61629989.html\"><\/a><\/p>","protected":false},"excerpt":{"rendered":"<p>Cordyceps is a mushroom widely used in traditional Chinese medicine. It is effective in boosting libido and stimulating the body in older adults. It can protect the kidneys from the harmful effects of certain medications and can also stimulate kidney function. Solaray\u00ae Fermented Cordyceps is 100% vegan, free of excipients, and contains no fillers or additional ingredients. The organic mushroom mycelial biomass is grown on organic, gluten-free whole grain oats and then fermented. Mycelium is the vegetative part of a mushroom. This root-like substance allows the mushroom to absorb nutrients. Since 1973, we have scoured the world for the highest quality ingredients, giving you access to the most effective supplements to help you make your life more positive and enjoy the moments that matter most.<\/p>","protected":false},"featured_media":14182,"template":"","meta":{"om_disable_all_campaigns":false},"product_brand":[673],"product_cat":[18,3366,104,19],"product_tag":[2066,2062,2064,2061,2065,2063,242,220,2831,2067],"class_list":{"0":"post-14181","1":"product","2":"type-product","3":"status-publish","4":"has-post-thumbnail","6":"product_brand-solaray-maroc-prix","7":"product_cat-beaute-sante","8":"product_cat-complements-alimentaires-au-maroc-vitablanca","9":"product_cat-supplements-a-base-de-plantes","10":"product_cat-vitamines-supplements-dietetiques","11":"product_tag-500-mg-de-cordyceps-fermente-par-capsule","12":"product_tag-60-capsules-vegetariennes-faciles-a-avaler","13":"product_tag-aide-a-la-gestion-du-stress-et-a-la-recuperation","14":"product_tag-marque-de-confiance-solaray","15":"product_tag-produit-naturel-et-vegan-friendly","16":"product_tag-renforce-le-systeme-immunitaire","17":"product_tag-sans-gluten","18":"product_tag-sans-ogm","19":"product_tag-solaray","20":"product_tag-soutient-lendurance-physique-et-la-vitalite","22":"first","23":"instock","24":"taxable","25":"shipping-taxable","26":"purchasable","27":"product-type-simple"},"yoast_head":"<!-- This site is optimized with the Yoast SEO plugin v27.5 - https:\/\/yoast.com\/product\/yoast-seo-wordpress\/ -->\n<title>Solaray Cordyceps ferment\u00e9, 500 mg, 60 capsules - Maroc Prix<\/title>\n<meta name=\"description\" content=\"Achetez Solaray Cordyceps Ferment\u00e9 500 mg (60 capsules) au Maroc. Boost d&#039;\u00e9nergie, endurance et soutien de la fonction respiratoire et immunitaire.\" \/>\n<meta name=\"robots\" content=\"index, follow, max-snippet:-1, max-image-preview:large, max-video-preview:-1\" \/>\n<link rel=\"canonical\" href=\"https:\/\/vitablanca.ma\/en\/product\/solaray-cordyceps-fermente-500-mg-60-capsules-vegetariennes-maroc\/\" \/>\n<meta property=\"og:locale\" content=\"en_US\" \/>\n<meta property=\"og:type\" content=\"article\" \/>\n<meta property=\"og:title\" content=\"Solaray Cordyceps ferment\u00e9, 500 mg, 60 capsules - Maroc Prix\" \/>\n<meta property=\"og:description\" content=\"Achetez Solaray Cordyceps Ferment\u00e9 500 mg (60 capsules) au Maroc. Boost d&#039;\u00e9nergie, endurance et soutien de la fonction respiratoire et immunitaire.\" \/>\n<meta property=\"og:url\" content=\"https:\/\/vitablanca.ma\/en\/product\/solaray-cordyceps-fermente-500-mg-60-capsules-vegetariennes-maroc\/\" \/>\n<meta property=\"og:site_name\" content=\"Vitablanca.ma &ndash; Sant&eacute;, vitalit&eacute; et bien-&ecirc;tre pour tous les Marocains\" \/>\n<meta property=\"article:publisher\" content=\"https:\/\/www.facebook.com\/profile.php?id=61576678196717\" \/>\n<meta property=\"article:modified_time\" content=\"2025-08-30T21:21:17+00:00\" \/>\n<meta property=\"og:image\" content=\"https:\/\/vitablanca.ma\/wp-content\/uploads\/2025\/06\/solaray-cordyceps-fermente-500-mg-60-capsules-vegetariennes-.jpg\" \/>\n\t<meta property=\"og:image:width\" content=\"680\" \/>\n\t<meta property=\"og:image:height\" content=\"680\" \/>\n\t<meta property=\"og:image:type\" content=\"image\/jpeg\" \/>\n<meta name=\"twitter:card\" content=\"summary_large_image\" \/>\n<meta name=\"twitter:label1\" content=\"Est. reading time\" \/>\n\t<meta name=\"twitter:data1\" content=\"1 minute\" \/>\n<script type=\"application\/ld+json\" class=\"yoast-schema-graph\">{\"@context\":\"https:\\\/\\\/schema.org\",\"@graph\":[{\"@type\":[\"WebPage\",\"ItemPage\"],\"@id\":\"https:\\\/\\\/vitablanca.ma\\\/produit\\\/solaray-cordyceps-fermente-500-mg-60-capsules-vegetariennes-maroc\\\/\",\"url\":\"https:\\\/\\\/vitablanca.ma\\\/produit\\\/solaray-cordyceps-fermente-500-mg-60-capsules-vegetariennes-maroc\\\/\",\"name\":\"Solaray Cordyceps ferment\u00e9, 500 mg, 60 capsules - Maroc Prix\",\"isPartOf\":{\"@id\":\"https:\\\/\\\/vitablanca.ma\\\/#website\"},\"primaryImageOfPage\":{\"@id\":\"https:\\\/\\\/vitablanca.ma\\\/produit\\\/solaray-cordyceps-fermente-500-mg-60-capsules-vegetariennes-maroc\\\/#primaryimage\"},\"image\":{\"@id\":\"https:\\\/\\\/vitablanca.ma\\\/produit\\\/solaray-cordyceps-fermente-500-mg-60-capsules-vegetariennes-maroc\\\/#primaryimage\"},\"thumbnailUrl\":\"https:\\\/\\\/vitablanca.ma\\\/wp-content\\\/uploads\\\/2025\\\/06\\\/solaray-cordyceps-fermente-500-mg-60-capsules-vegetariennes-.jpg\",\"datePublished\":\"2025-06-02T18:37:40+00:00\",\"dateModified\":\"2025-08-30T21:21:17+00:00\",\"description\":\"Achetez Solaray Cordyceps Ferment\u00e9 500 mg (60 capsules) au Maroc. Boost d'\u00e9nergie, endurance et soutien de la fonction respiratoire et immunitaire.\",\"breadcrumb\":{\"@id\":\"https:\\\/\\\/vitablanca.ma\\\/produit\\\/solaray-cordyceps-fermente-500-mg-60-capsules-vegetariennes-maroc\\\/#breadcrumb\"},\"inLanguage\":\"en-US\",\"potentialAction\":[{\"@type\":\"ReadAction\",\"target\":[\"https:\\\/\\\/vitablanca.ma\\\/produit\\\/solaray-cordyceps-fermente-500-mg-60-capsules-vegetariennes-maroc\\\/\"]}]},{\"@type\":\"ImageObject\",\"inLanguage\":\"en-US\",\"@id\":\"https:\\\/\\\/vitablanca.ma\\\/produit\\\/solaray-cordyceps-fermente-500-mg-60-capsules-vegetariennes-maroc\\\/#primaryimage\",\"url\":\"https:\\\/\\\/vitablanca.ma\\\/wp-content\\\/uploads\\\/2025\\\/06\\\/solaray-cordyceps-fermente-500-mg-60-capsules-vegetariennes-.jpg\",\"contentUrl\":\"https:\\\/\\\/vitablanca.ma\\\/wp-content\\\/uploads\\\/2025\\\/06\\\/solaray-cordyceps-fermente-500-mg-60-capsules-vegetariennes-.jpg\",\"width\":680,\"height\":680},{\"@type\":\"BreadcrumbList\",\"@id\":\"https:\\\/\\\/vitablanca.ma\\\/produit\\\/solaray-cordyceps-fermente-500-mg-60-capsules-vegetariennes-maroc\\\/#breadcrumb\",\"itemListElement\":[{\"@type\":\"ListItem\",\"position\":1,\"name\":\"Home\",\"item\":\"https:\\\/\\\/vitablanca.ma\\\/\"},{\"@type\":\"ListItem\",\"position\":2,\"name\":\"Tous Les Produits\",\"item\":\"https:\\\/\\\/vitablanca.ma\\\/tous-les-produits\\\/\"},{\"@type\":\"ListItem\",\"position\":3,\"name\":\"Solaray Cordyceps ferment\u00e9, 500 mg, 60 capsules v\u00e9g\u00e9tariennes\"}]},{\"@type\":\"WebSite\",\"@id\":\"https:\\\/\\\/vitablanca.ma\\\/#website\",\"url\":\"https:\\\/\\\/vitablanca.ma\\\/\",\"name\":\"VitaBlanca.ma | Compl\u00e9ments alimentaires, sant\u00e9 & beaut\u00e9 au Maroc\",\"description\":\"vendre vitamines et compl\u00e9ments premium des USA &amp; Canada, Nouvelle Z\u00e9lande,Maroc (NOW Foods, Solgar, Manuka). Livraison rapide partout au Maroc.\",\"publisher\":{\"@id\":\"https:\\\/\\\/vitablanca.ma\\\/#organization\"},\"alternateName\":\"VitaBlanca.ma\",\"potentialAction\":[{\"@type\":\"SearchAction\",\"target\":{\"@type\":\"EntryPoint\",\"urlTemplate\":\"https:\\\/\\\/vitablanca.ma\\\/?s={search_term_string}\"},\"query-input\":{\"@type\":\"PropertyValueSpecification\",\"valueRequired\":true,\"valueName\":\"search_term_string\"}}],\"inLanguage\":\"en-US\"},{\"@type\":\"Organization\",\"@id\":\"https:\\\/\\\/vitablanca.ma\\\/#organization\",\"name\":\"VitaBlanca\",\"url\":\"https:\\\/\\\/vitablanca.ma\\\/\",\"logo\":{\"@type\":\"ImageObject\",\"inLanguage\":\"en-US\",\"@id\":\"https:\\\/\\\/vitablanca.ma\\\/#\\\/schema\\\/logo\\\/image\\\/\",\"url\":\"https:\\\/\\\/vitablanca.ma\\\/wp-content\\\/uploads\\\/2025\\\/05\\\/cropped-vitablanca.png\",\"contentUrl\":\"https:\\\/\\\/vitablanca.ma\\\/wp-content\\\/uploads\\\/2025\\\/05\\\/cropped-vitablanca.png\",\"width\":360,\"height\":67,\"caption\":\"VitaBlanca\"},\"image\":{\"@id\":\"https:\\\/\\\/vitablanca.ma\\\/#\\\/schema\\\/logo\\\/image\\\/\"},\"sameAs\":[\"https:\\\/\\\/www.facebook.com\\\/profile.php?id=61576678196717\",\"https:\\\/\\\/www.tiktok.com\\\/@vitablanca.ma\",\"https:\\\/\\\/www.instagram.com\\\/vitablanca.ma\\\/\"]}]}<\/script>\n<!-- \/ Yoast SEO plugin. -->","yoast_head_json":{"title":"Solaray Fermented Cordyceps, 500 mg, 60 Capsules - Morocco Price","description":"Buy Solaray Fermented Cordyceps 500 mg (60 capsules) in Morocco. Boosts energy, endurance, and supports respiratory and immune function.","robots":{"index":"index","follow":"follow","max-snippet":"max-snippet:-1","max-image-preview":"max-image-preview:large","max-video-preview":"max-video-preview:-1"},"canonical":"https:\/\/vitablanca.ma\/en\/product\/solaray-cordyceps-fermente-500-mg-60-capsules-vegetariennes-maroc\/","og_locale":"en_US","og_type":"article","og_title":"Solaray Cordyceps ferment\u00e9, 500 mg, 60 capsules - Maroc Prix","og_description":"Achetez Solaray Cordyceps Ferment\u00e9 500 mg (60 capsules) au Maroc. Boost d'\u00e9nergie, endurance et soutien de la fonction respiratoire et immunitaire.","og_url":"https:\/\/vitablanca.ma\/en\/product\/solaray-cordyceps-fermente-500-mg-60-capsules-vegetariennes-maroc\/","og_site_name":"Vitablanca.ma &ndash; Sant&eacute;, vitalit&eacute; et bien-&ecirc;tre pour tous les Marocains","article_publisher":"https:\/\/www.facebook.com\/profile.php?id=61576678196717","article_modified_time":"2025-08-30T21:21:17+00:00","og_image":[{"width":680,"height":680,"url":"https:\/\/vitablanca.ma\/wp-content\/uploads\/2025\/06\/solaray-cordyceps-fermente-500-mg-60-capsules-vegetariennes-.jpg","type":"image\/jpeg"}],"twitter_card":"summary_large_image","twitter_misc":{"Est. reading time":"1 minute"},"schema":{"@context":"https:\/\/schema.org","@graph":[{"@type":["WebPage","ItemPage"],"@id":"https:\/\/vitablanca.ma\/produit\/solaray-cordyceps-fermente-500-mg-60-capsules-vegetariennes-maroc\/","url":"https:\/\/vitablanca.ma\/produit\/solaray-cordyceps-fermente-500-mg-60-capsules-vegetariennes-maroc\/","name":"Solaray Fermented Cordyceps, 500 mg, 60 Capsules - Morocco Price","isPartOf":{"@id":"https:\/\/vitablanca.ma\/#website"},"primaryImageOfPage":{"@id":"https:\/\/vitablanca.ma\/produit\/solaray-cordyceps-fermente-500-mg-60-capsules-vegetariennes-maroc\/#primaryimage"},"image":{"@id":"https:\/\/vitablanca.ma\/produit\/solaray-cordyceps-fermente-500-mg-60-capsules-vegetariennes-maroc\/#primaryimage"},"thumbnailUrl":"https:\/\/vitablanca.ma\/wp-content\/uploads\/2025\/06\/solaray-cordyceps-fermente-500-mg-60-capsules-vegetariennes-.jpg","datePublished":"2025-06-02T18:37:40+00:00","dateModified":"2025-08-30T21:21:17+00:00","description":"Buy Solaray Fermented Cordyceps 500 mg (60 capsules) in Morocco. Boosts energy, endurance, and supports respiratory and immune function.","breadcrumb":{"@id":"https:\/\/vitablanca.ma\/produit\/solaray-cordyceps-fermente-500-mg-60-capsules-vegetariennes-maroc\/#breadcrumb"},"inLanguage":"en-US","potentialAction":[{"@type":"ReadAction","target":["https:\/\/vitablanca.ma\/produit\/solaray-cordyceps-fermente-500-mg-60-capsules-vegetariennes-maroc\/"]}]},{"@type":"ImageObject","inLanguage":"en-US","@id":"https:\/\/vitablanca.ma\/produit\/solaray-cordyceps-fermente-500-mg-60-capsules-vegetariennes-maroc\/#primaryimage","url":"https:\/\/vitablanca.ma\/wp-content\/uploads\/2025\/06\/solaray-cordyceps-fermente-500-mg-60-capsules-vegetariennes-.jpg","contentUrl":"https:\/\/vitablanca.ma\/wp-content\/uploads\/2025\/06\/solaray-cordyceps-fermente-500-mg-60-capsules-vegetariennes-.jpg","width":680,"height":680},{"@type":"BreadcrumbList","@id":"https:\/\/vitablanca.ma\/produit\/solaray-cordyceps-fermente-500-mg-60-capsules-vegetariennes-maroc\/#breadcrumb","itemListElement":[{"@type":"ListItem","position":1,"name":"Home","item":"https:\/\/vitablanca.ma\/"},{"@type":"ListItem","position":2,"name":"Tous Les Produits","item":"https:\/\/vitablanca.ma\/tous-les-produits\/"},{"@type":"ListItem","position":3,"name":"Solaray Cordyceps ferment\u00e9, 500 mg, 60 capsules v\u00e9g\u00e9tariennes"}]},{"@type":"WebSite","@id":"https:\/\/vitablanca.ma\/#website","url":"https:\/\/vitablanca.ma\/","name":"VitaBlanca.ma | Food supplements, health &amp; beauty in Morocco","description":"sell premium vitamins and supplements from USA &amp; Canada, New Zealand, Morocco (NOW Foods, Solgar, Manuka). Fast delivery anywhere in Morocco.","publisher":{"@id":"https:\/\/vitablanca.ma\/#organization"},"alternateName":"VitaBlanca.ma","potentialAction":[{"@type":"SearchAction","target":{"@type":"EntryPoint","urlTemplate":"https:\/\/vitablanca.ma\/?s={search_term_string}"},"query-input":{"@type":"PropertyValueSpecification","valueRequired":true,"valueName":"search_term_string"}}],"inLanguage":"en-US"},{"@type":"Organization","@id":"https:\/\/vitablanca.ma\/#organization","name":"VitaBlanca","url":"https:\/\/vitablanca.ma\/","logo":{"@type":"ImageObject","inLanguage":"en-US","@id":"https:\/\/vitablanca.ma\/#\/schema\/logo\/image\/","url":"https:\/\/vitablanca.ma\/wp-content\/uploads\/2025\/05\/cropped-vitablanca.png","contentUrl":"https:\/\/vitablanca.ma\/wp-content\/uploads\/2025\/05\/cropped-vitablanca.png","width":360,"height":67,"caption":"VitaBlanca"},"image":{"@id":"https:\/\/vitablanca.ma\/#\/schema\/logo\/image\/"},"sameAs":["https:\/\/www.facebook.com\/profile.php?id=61576678196717","https:\/\/www.tiktok.com\/@vitablanca.ma","https:\/\/www.instagram.com\/vitablanca.ma\/"]}]}},"jetpack_sharing_enabled":true,"_links":{"self":[{"href":"https:\/\/vitablanca.ma\/en\/wp-json\/wp\/v2\/product\/14181","targetHints":{"allow":["GET"]}}],"collection":[{"href":"https:\/\/vitablanca.ma\/en\/wp-json\/wp\/v2\/product"}],"about":[{"href":"https:\/\/vitablanca.ma\/en\/wp-json\/wp\/v2\/types\/product"}],"wp:featuredmedia":[{"embeddable":true,"href":"https:\/\/vitablanca.ma\/en\/wp-json\/wp\/v2\/media\/14182"}],"wp:attachment":[{"href":"https:\/\/vitablanca.ma\/en\/wp-json\/wp\/v2\/media?parent=14181"}],"wp:term":[{"taxonomy":"product_brand","embeddable":true,"href":"https:\/\/vitablanca.ma\/en\/wp-json\/wp\/v2\/product_brand?post=14181"},{"taxonomy":"product_cat","embeddable":true,"href":"https:\/\/vitablanca.ma\/en\/wp-json\/wp\/v2\/product_cat?post=14181"},{"taxonomy":"product_tag","embeddable":true,"href":"https:\/\/vitablanca.ma\/en\/wp-json\/wp\/v2\/product_tag?post=14181"}],"curies":[{"name":"wp","href":"https:\/\/api.w.org\/{rel}","templated":true}]}}