{"id":14170,"date":"2025-06-02T17:06:30","date_gmt":"2025-06-02T17:06:30","guid":{"rendered":"https:\/\/vitablanca.ma\/?post_type=product&#038;p=14170"},"modified":"2025-12-02T19:36:25","modified_gmt":"2025-12-02T19:36:25","slug":"life-extension-quick-brain-nootropic-30-capsules-vegetariennes-maroc","status":"publish","type":"product","link":"https:\/\/vitablanca.ma\/en\/product\/life-extension-quick-brain-nootropic-30-capsules-vegetariennes-maroc\/","title":{"rendered":"Life Extension Quick Brain Nootropic, 30 vegetarian capsules"},"content":{"rendered":"<p>Improved neural processing, learning and retention.<\/p>\n\n\n\n<p>We&#039;ve all heard the term &quot;think fast.&quot; But what does that mean? Well, there are measurable processes in your brain that govern retention, recall, and processing, and the right nutrients can support them all.<\/p>\n\n\n\n<p>A \u201cnootropic\u201d is a nutrient that helps improve learning, cognition, and mental processing speed. Our Quick Brain formula combines three clinically studied ingredients that support neural processing speed\/fast thinking, memory, and focus: carotenoid-rich marigold extract, standardized gotu kola extract, and BaCognize\u00ae whole-herb bacopa extract.<\/p>\n\n\n\n<p>An agile mind is necessary for success at work, school, and in everyday life. Get a competitive edge with Quick Brain Nootropic.<\/p>\n\n\n\n<p>Fast Brain Nootropic Benefits<\/p>\n\n\n\n<p>Promotes sharper mental alertness and precision<\/p>\n\n\n\n<p>Supports improved learning and retention scores<\/p>\n\n\n\n<p>Helps encourage faster neural processing speeds<\/p>\n\n\n\n<p>Gluten-free botanical formula to be taken once daily<\/p>\n\n\n\n<p>Carotenoids and Your Brain<\/p>\n\n\n\n<p>Lutein and zeaxanthin are carotenoid compounds found in high concentrations in the macula of the eye. In fact, measuring the levels of lutein and zeaxanthin in your eyes is an excellent indicator of the amount of these beneficial nutrients present in your brain. This is important because new research indicates that these carotenoid compounds promote rapid thinking, memory, and cognitive function.<a href=\"https:\/\/www.jumia.ma\/customer\/account\/login\/?tkWl=LI295DV1M5XYQNAFAMZ-63423982&amp;return=%2Flife-extension-quick-brain-nootropic-30-capsules-vegetariennes-62059679.html\"><\/a><\/p>","protected":false},"excerpt":{"rendered":"<ul>\n<li>Gluten free<\/li>\n<li>1 per day<\/li>\n<li>LE certified non-GMO<\/li>\n<li>Food supplement<\/li>\n<li>Improved neural processing, learning and retention.<\/li>\n<li>An agile mind is necessary for success at work, school, and in everyday life. Get a competitive edge with Quick Brain Nootropic.<\/li>\n<\/ul>","protected":false},"featured_media":14171,"template":"","meta":{"om_disable_all_campaigns":false},"product_brand":[283],"product_cat":[18,3366,304,19],"product_tag":[2055,2053,2054,2056,2040,242,220,2057],"class_list":{"0":"post-14170","1":"product","2":"type-product","3":"status-publish","4":"has-post-thumbnail","6":"product_brand-life-extension-maroc-prix","7":"product_cat-beaute-sante","8":"product_cat-complements-alimentaires-au-maroc-vitablanca","9":"product_cat-supplements-vitaminiques-mineraux-multiples","10":"product_cat-vitamines-supplements-dietetiques","11":"product_tag-30-capsules-vegetariennes-faciles-a-prendre","12":"product_tag-contient-des-ingredients-naturels-et-surs","13":"product_tag-favorise-la-concentration-et-la-clarte-mentale","14":"product_tag-formule-avancee-nootropique-pour-la-memoire","15":"product_tag-marque-premium-life-extension","16":"product_tag-sans-gluten","17":"product_tag-sans-ogm","18":"product_tag-soutien-cognitif-optimal-pour-le-cerveau","20":"first","21":"instock","22":"sale","23":"taxable","24":"shipping-taxable","25":"purchasable","26":"product-type-simple"},"yoast_head":"<!-- This site is optimized with the Yoast SEO plugin v27.4 - https:\/\/yoast.com\/product\/yoast-seo-wordpress\/ -->\n<title>Life Extension Quick Brain Nootropic, 30 capsules - Maroc Prix<\/title>\n<meta name=\"description\" content=\"Achetez Life Extension Quick Brain Nootropic 30 capsules au Maroc. Am\u00e9liorez la m\u00e9moire, la concentration et la clart\u00e9 mentale avec cette formule avanc\u00e9e.\" \/>\n<meta name=\"robots\" content=\"index, follow, max-snippet:-1, max-image-preview:large, max-video-preview:-1\" \/>\n<link rel=\"canonical\" href=\"https:\/\/vitablanca.ma\/en\/product\/life-extension-quick-brain-nootropic-30-capsules-vegetariennes-maroc\/\" \/>\n<meta property=\"og:locale\" content=\"en_US\" \/>\n<meta property=\"og:type\" content=\"article\" \/>\n<meta property=\"og:title\" content=\"Life Extension Quick Brain Nootropic, 30 capsules - Maroc Prix\" \/>\n<meta property=\"og:description\" content=\"Achetez Life Extension Quick Brain Nootropic 30 capsules au Maroc. Am\u00e9liorez la m\u00e9moire, la concentration et la clart\u00e9 mentale avec cette formule avanc\u00e9e.\" \/>\n<meta property=\"og:url\" content=\"https:\/\/vitablanca.ma\/en\/product\/life-extension-quick-brain-nootropic-30-capsules-vegetariennes-maroc\/\" \/>\n<meta property=\"og:site_name\" content=\"Vitablanca.ma &ndash; Sant&eacute;, vitalit&eacute; et bien-&ecirc;tre pour tous les Marocains\" \/>\n<meta property=\"article:publisher\" content=\"https:\/\/www.facebook.com\/profile.php?id=61576678196717\" \/>\n<meta property=\"article:modified_time\" content=\"2025-12-02T19:36:25+00:00\" \/>\n<meta property=\"og:image\" content=\"https:\/\/vitablanca.ma\/wp-content\/uploads\/2025\/06\/life-extension-quick-brain-nootropic-30-capsules-vegetariennes-.jpg\" \/>\n\t<meta property=\"og:image:width\" content=\"680\" \/>\n\t<meta property=\"og:image:height\" content=\"680\" \/>\n\t<meta property=\"og:image:type\" content=\"image\/jpeg\" \/>\n<meta name=\"twitter:card\" content=\"summary_large_image\" \/>\n<meta name=\"twitter:label1\" content=\"Est. reading time\" \/>\n\t<meta name=\"twitter:data1\" content=\"2 minutes\" \/>\n<script type=\"application\/ld+json\" class=\"yoast-schema-graph\">{\"@context\":\"https:\\\/\\\/schema.org\",\"@graph\":[{\"@type\":[\"WebPage\",\"ItemPage\"],\"@id\":\"https:\\\/\\\/vitablanca.ma\\\/produit\\\/life-extension-quick-brain-nootropic-30-capsules-vegetariennes-maroc\\\/\",\"url\":\"https:\\\/\\\/vitablanca.ma\\\/produit\\\/life-extension-quick-brain-nootropic-30-capsules-vegetariennes-maroc\\\/\",\"name\":\"Life Extension Quick Brain Nootropic, 30 capsules - Maroc Prix\",\"isPartOf\":{\"@id\":\"https:\\\/\\\/vitablanca.ma\\\/#website\"},\"primaryImageOfPage\":{\"@id\":\"https:\\\/\\\/vitablanca.ma\\\/produit\\\/life-extension-quick-brain-nootropic-30-capsules-vegetariennes-maroc\\\/#primaryimage\"},\"image\":{\"@id\":\"https:\\\/\\\/vitablanca.ma\\\/produit\\\/life-extension-quick-brain-nootropic-30-capsules-vegetariennes-maroc\\\/#primaryimage\"},\"thumbnailUrl\":\"https:\\\/\\\/vitablanca.ma\\\/wp-content\\\/uploads\\\/2025\\\/06\\\/life-extension-quick-brain-nootropic-30-capsules-vegetariennes-.jpg\",\"datePublished\":\"2025-06-02T17:06:30+00:00\",\"dateModified\":\"2025-12-02T19:36:25+00:00\",\"description\":\"Achetez Life Extension Quick Brain Nootropic 30 capsules au Maroc. Am\u00e9liorez la m\u00e9moire, la concentration et la clart\u00e9 mentale avec cette formule avanc\u00e9e.\",\"breadcrumb\":{\"@id\":\"https:\\\/\\\/vitablanca.ma\\\/produit\\\/life-extension-quick-brain-nootropic-30-capsules-vegetariennes-maroc\\\/#breadcrumb\"},\"inLanguage\":\"en-US\",\"potentialAction\":[{\"@type\":\"ReadAction\",\"target\":[\"https:\\\/\\\/vitablanca.ma\\\/produit\\\/life-extension-quick-brain-nootropic-30-capsules-vegetariennes-maroc\\\/\"]}]},{\"@type\":\"ImageObject\",\"inLanguage\":\"en-US\",\"@id\":\"https:\\\/\\\/vitablanca.ma\\\/produit\\\/life-extension-quick-brain-nootropic-30-capsules-vegetariennes-maroc\\\/#primaryimage\",\"url\":\"https:\\\/\\\/vitablanca.ma\\\/wp-content\\\/uploads\\\/2025\\\/06\\\/life-extension-quick-brain-nootropic-30-capsules-vegetariennes-.jpg\",\"contentUrl\":\"https:\\\/\\\/vitablanca.ma\\\/wp-content\\\/uploads\\\/2025\\\/06\\\/life-extension-quick-brain-nootropic-30-capsules-vegetariennes-.jpg\",\"width\":680,\"height\":680},{\"@type\":\"BreadcrumbList\",\"@id\":\"https:\\\/\\\/vitablanca.ma\\\/produit\\\/life-extension-quick-brain-nootropic-30-capsules-vegetariennes-maroc\\\/#breadcrumb\",\"itemListElement\":[{\"@type\":\"ListItem\",\"position\":1,\"name\":\"Home\",\"item\":\"https:\\\/\\\/vitablanca.ma\\\/\"},{\"@type\":\"ListItem\",\"position\":2,\"name\":\"Tous Les Produits\",\"item\":\"https:\\\/\\\/vitablanca.ma\\\/tous-les-produits\\\/\"},{\"@type\":\"ListItem\",\"position\":3,\"name\":\"Life Extension Quick Brain Nootropic, 30 capsules v\u00e9g\u00e9tariennes\"}]},{\"@type\":\"WebSite\",\"@id\":\"https:\\\/\\\/vitablanca.ma\\\/#website\",\"url\":\"https:\\\/\\\/vitablanca.ma\\\/\",\"name\":\"VitaBlanca.ma | Compl\u00e9ments alimentaires, sant\u00e9 & beaut\u00e9 au Maroc\",\"description\":\"vendre vitamines et compl\u00e9ments premium des USA &amp; Canada, Nouvelle Z\u00e9lande,Maroc (NOW Foods, Solgar, Manuka). Livraison rapide partout au Maroc.\",\"publisher\":{\"@id\":\"https:\\\/\\\/vitablanca.ma\\\/#organization\"},\"alternateName\":\"VitaBlanca.ma\",\"potentialAction\":[{\"@type\":\"SearchAction\",\"target\":{\"@type\":\"EntryPoint\",\"urlTemplate\":\"https:\\\/\\\/vitablanca.ma\\\/?s={search_term_string}\"},\"query-input\":{\"@type\":\"PropertyValueSpecification\",\"valueRequired\":true,\"valueName\":\"search_term_string\"}}],\"inLanguage\":\"en-US\"},{\"@type\":\"Organization\",\"@id\":\"https:\\\/\\\/vitablanca.ma\\\/#organization\",\"name\":\"VitaBlanca\",\"url\":\"https:\\\/\\\/vitablanca.ma\\\/\",\"logo\":{\"@type\":\"ImageObject\",\"inLanguage\":\"en-US\",\"@id\":\"https:\\\/\\\/vitablanca.ma\\\/#\\\/schema\\\/logo\\\/image\\\/\",\"url\":\"https:\\\/\\\/vitablanca.ma\\\/wp-content\\\/uploads\\\/2025\\\/05\\\/cropped-vitablanca.png\",\"contentUrl\":\"https:\\\/\\\/vitablanca.ma\\\/wp-content\\\/uploads\\\/2025\\\/05\\\/cropped-vitablanca.png\",\"width\":360,\"height\":67,\"caption\":\"VitaBlanca\"},\"image\":{\"@id\":\"https:\\\/\\\/vitablanca.ma\\\/#\\\/schema\\\/logo\\\/image\\\/\"},\"sameAs\":[\"https:\\\/\\\/www.facebook.com\\\/profile.php?id=61576678196717\",\"https:\\\/\\\/www.tiktok.com\\\/@vitablanca.ma\",\"https:\\\/\\\/www.instagram.com\\\/vitablanca.ma\\\/\"]}]}<\/script>\n<!-- \/ Yoast SEO plugin. -->","yoast_head_json":{"title":"Life Extension Quick Brain Nootropic, 30 capsules - Morocco Price","description":"Buy Life Extension Quick Brain Nootropic 30 capsules in Morocco. Improve memory, focus, and mental clarity with this advanced formula.","robots":{"index":"index","follow":"follow","max-snippet":"max-snippet:-1","max-image-preview":"max-image-preview:large","max-video-preview":"max-video-preview:-1"},"canonical":"https:\/\/vitablanca.ma\/en\/product\/life-extension-quick-brain-nootropic-30-capsules-vegetariennes-maroc\/","og_locale":"en_US","og_type":"article","og_title":"Life Extension Quick Brain Nootropic, 30 capsules - Maroc Prix","og_description":"Achetez Life Extension Quick Brain Nootropic 30 capsules au Maroc. Am\u00e9liorez la m\u00e9moire, la concentration et la clart\u00e9 mentale avec cette formule avanc\u00e9e.","og_url":"https:\/\/vitablanca.ma\/en\/product\/life-extension-quick-brain-nootropic-30-capsules-vegetariennes-maroc\/","og_site_name":"Vitablanca.ma &ndash; Sant&eacute;, vitalit&eacute; et bien-&ecirc;tre pour tous les Marocains","article_publisher":"https:\/\/www.facebook.com\/profile.php?id=61576678196717","article_modified_time":"2025-12-02T19:36:25+00:00","og_image":[{"width":680,"height":680,"url":"https:\/\/vitablanca.ma\/wp-content\/uploads\/2025\/06\/life-extension-quick-brain-nootropic-30-capsules-vegetariennes-.jpg","type":"image\/jpeg"}],"twitter_card":"summary_large_image","twitter_misc":{"Est. reading time":"2 minutes"},"schema":{"@context":"https:\/\/schema.org","@graph":[{"@type":["WebPage","ItemPage"],"@id":"https:\/\/vitablanca.ma\/produit\/life-extension-quick-brain-nootropic-30-capsules-vegetariennes-maroc\/","url":"https:\/\/vitablanca.ma\/produit\/life-extension-quick-brain-nootropic-30-capsules-vegetariennes-maroc\/","name":"Life Extension Quick Brain Nootropic, 30 capsules - Morocco Price","isPartOf":{"@id":"https:\/\/vitablanca.ma\/#website"},"primaryImageOfPage":{"@id":"https:\/\/vitablanca.ma\/produit\/life-extension-quick-brain-nootropic-30-capsules-vegetariennes-maroc\/#primaryimage"},"image":{"@id":"https:\/\/vitablanca.ma\/produit\/life-extension-quick-brain-nootropic-30-capsules-vegetariennes-maroc\/#primaryimage"},"thumbnailUrl":"https:\/\/vitablanca.ma\/wp-content\/uploads\/2025\/06\/life-extension-quick-brain-nootropic-30-capsules-vegetariennes-.jpg","datePublished":"2025-06-02T17:06:30+00:00","dateModified":"2025-12-02T19:36:25+00:00","description":"Buy Life Extension Quick Brain Nootropic 30 capsules in Morocco. Improve memory, focus, and mental clarity with this advanced formula.","breadcrumb":{"@id":"https:\/\/vitablanca.ma\/produit\/life-extension-quick-brain-nootropic-30-capsules-vegetariennes-maroc\/#breadcrumb"},"inLanguage":"en-US","potentialAction":[{"@type":"ReadAction","target":["https:\/\/vitablanca.ma\/produit\/life-extension-quick-brain-nootropic-30-capsules-vegetariennes-maroc\/"]}]},{"@type":"ImageObject","inLanguage":"en-US","@id":"https:\/\/vitablanca.ma\/produit\/life-extension-quick-brain-nootropic-30-capsules-vegetariennes-maroc\/#primaryimage","url":"https:\/\/vitablanca.ma\/wp-content\/uploads\/2025\/06\/life-extension-quick-brain-nootropic-30-capsules-vegetariennes-.jpg","contentUrl":"https:\/\/vitablanca.ma\/wp-content\/uploads\/2025\/06\/life-extension-quick-brain-nootropic-30-capsules-vegetariennes-.jpg","width":680,"height":680},{"@type":"BreadcrumbList","@id":"https:\/\/vitablanca.ma\/produit\/life-extension-quick-brain-nootropic-30-capsules-vegetariennes-maroc\/#breadcrumb","itemListElement":[{"@type":"ListItem","position":1,"name":"Home","item":"https:\/\/vitablanca.ma\/"},{"@type":"ListItem","position":2,"name":"Tous Les Produits","item":"https:\/\/vitablanca.ma\/tous-les-produits\/"},{"@type":"ListItem","position":3,"name":"Life Extension Quick Brain Nootropic, 30 capsules v\u00e9g\u00e9tariennes"}]},{"@type":"WebSite","@id":"https:\/\/vitablanca.ma\/#website","url":"https:\/\/vitablanca.ma\/","name":"VitaBlanca.ma | Food supplements, health &amp; beauty in Morocco","description":"sell premium vitamins and supplements from USA &amp; Canada, New Zealand, Morocco (NOW Foods, Solgar, Manuka). Fast delivery anywhere in Morocco.","publisher":{"@id":"https:\/\/vitablanca.ma\/#organization"},"alternateName":"VitaBlanca.ma","potentialAction":[{"@type":"SearchAction","target":{"@type":"EntryPoint","urlTemplate":"https:\/\/vitablanca.ma\/?s={search_term_string}"},"query-input":{"@type":"PropertyValueSpecification","valueRequired":true,"valueName":"search_term_string"}}],"inLanguage":"en-US"},{"@type":"Organization","@id":"https:\/\/vitablanca.ma\/#organization","name":"VitaBlanca","url":"https:\/\/vitablanca.ma\/","logo":{"@type":"ImageObject","inLanguage":"en-US","@id":"https:\/\/vitablanca.ma\/#\/schema\/logo\/image\/","url":"https:\/\/vitablanca.ma\/wp-content\/uploads\/2025\/05\/cropped-vitablanca.png","contentUrl":"https:\/\/vitablanca.ma\/wp-content\/uploads\/2025\/05\/cropped-vitablanca.png","width":360,"height":67,"caption":"VitaBlanca"},"image":{"@id":"https:\/\/vitablanca.ma\/#\/schema\/logo\/image\/"},"sameAs":["https:\/\/www.facebook.com\/profile.php?id=61576678196717","https:\/\/www.tiktok.com\/@vitablanca.ma","https:\/\/www.instagram.com\/vitablanca.ma\/"]}]}},"jetpack_sharing_enabled":true,"_links":{"self":[{"href":"https:\/\/vitablanca.ma\/en\/wp-json\/wp\/v2\/product\/14170","targetHints":{"allow":["GET"]}}],"collection":[{"href":"https:\/\/vitablanca.ma\/en\/wp-json\/wp\/v2\/product"}],"about":[{"href":"https:\/\/vitablanca.ma\/en\/wp-json\/wp\/v2\/types\/product"}],"wp:featuredmedia":[{"embeddable":true,"href":"https:\/\/vitablanca.ma\/en\/wp-json\/wp\/v2\/media\/14171"}],"wp:attachment":[{"href":"https:\/\/vitablanca.ma\/en\/wp-json\/wp\/v2\/media?parent=14170"}],"wp:term":[{"taxonomy":"product_brand","embeddable":true,"href":"https:\/\/vitablanca.ma\/en\/wp-json\/wp\/v2\/product_brand?post=14170"},{"taxonomy":"product_cat","embeddable":true,"href":"https:\/\/vitablanca.ma\/en\/wp-json\/wp\/v2\/product_cat?post=14170"},{"taxonomy":"product_tag","embeddable":true,"href":"https:\/\/vitablanca.ma\/en\/wp-json\/wp\/v2\/product_tag?post=14170"}],"curies":[{"name":"wp","href":"https:\/\/api.w.org\/{rel}","templated":true}]}}