{"id":14169,"date":"2025-06-02T16:58:31","date_gmt":"2025-06-02T16:58:31","guid":{"rendered":"https:\/\/vitablanca.ma\/?post_type=product&#038;p=14169"},"modified":"2025-08-30T21:21:19","modified_gmt":"2025-08-30T21:21:19","slug":"solaray-methyl-b-12-haute-efficacite-aromes-naturels-de-mangue-2500-%c2%b5g-60-pastilles-maroc","status":"publish","type":"product","link":"https:\/\/vitablanca.ma\/en\/product\/solaray-methyl-b-12-haute-efficacite-aromes-naturels-de-mangue-2500-%c2%b5g-60-pastilles-maroc\/","title":{"rendered":"Solaray Methyl B-12 high efficacy, Natural mango flavour, 2500 \u00b5g, 60 lozenges"},"content":{"rendered":"<p>Methylcobalamin, the biologically active form of vitamin B12, supports red blood cell production, proper nerve function, and healthy homocysteine levels. Our delicious lozenges are formulated with a blend of natural sweeteners and flavors.<\/p>\n\n\n\n<p>Suggested Use<\/p>\n\n\n\n<p>Use only as directed. Take one lozenge daily. Place in your mouth or under your tongue and let it dissolve slowly.<\/p>\n\n\n\n<p><a href=\"https:\/\/www.jumia.ma\/customer\/account\/login\/?tkWl=SO243DV1MAOHMNAFAMZ-63427374&amp;return=%2Fsolaray-methyl-b-12-haute-efficacite-aromes-naturels-de-mangue-2500-mg-60-pastilles-62061979.html\"><\/a><\/p>","protected":false},"excerpt":{"rendered":"<ul>\n<li>Food supplement<\/li>\n<li>2500 \u00b5g per lozenge<\/li>\n<li>Lab tested<\/li>\n<li>Methylcobalamin, the biologically active form of vitamin B12, supports red blood cell production, proper nerve function, and healthy homocysteine levels.<\/li>\n<\/ul>","protected":false},"featured_media":24944,"template":"","meta":{"om_disable_all_campaigns":false},"product_brand":[673],"product_cat":[2255,18,3366,131,130,19],"product_tag":[2831],"class_list":{"0":"post-14169","1":"product","2":"type-product","3":"status-publish","4":"has-post-thumbnail","6":"product_brand-solaray-maroc-prix","7":"product_cat-b12","8":"product_cat-beaute-sante","9":"product_cat-complements-alimentaires-au-maroc-vitablanca","10":"product_cat-vitamine-b","11":"product_cat-vitamines","12":"product_cat-vitamines-supplements-dietetiques","13":"product_tag-solaray","15":"first","16":"instock","17":"taxable","18":"shipping-taxable","19":"purchasable","20":"product-type-simple"},"yoast_head":"<!-- This site is optimized with the Yoast SEO plugin v27.4 - https:\/\/yoast.com\/product\/yoast-seo-wordpress\/ -->\n<title>Solaray Methyl B-12 haute efficacit\u00e9, Ar\u00f4mes 2500 \u00b5g - Maroc Prix<\/title>\n<meta name=\"description\" content=\"Achetez Solaray Methyl B-12 go\u00fbt mangue naturel, 2500\u00b5g pour soutenir l\u2019\u00e9nergie et la sant\u00e9 nerveuse. Livraison rapide au Maroc.\" \/>\n<meta name=\"robots\" content=\"index, follow, max-snippet:-1, max-image-preview:large, max-video-preview:-1\" \/>\n<link rel=\"canonical\" href=\"https:\/\/vitablanca.ma\/en\/product\/solaray-methyl-b-12-haute-efficacite-aromes-naturels-de-mangue-2500-\u00b5g-60-pastilles-maroc\/\" \/>\n<meta property=\"og:locale\" content=\"en_US\" \/>\n<meta property=\"og:type\" content=\"article\" \/>\n<meta property=\"og:title\" content=\"Solaray Methyl B-12 haute efficacit\u00e9, Ar\u00f4mes 2500 \u00b5g - Maroc Prix\" \/>\n<meta property=\"og:description\" content=\"Achetez Solaray Methyl B-12 go\u00fbt mangue naturel, 2500\u00b5g pour soutenir l\u2019\u00e9nergie et la sant\u00e9 nerveuse. Livraison rapide au Maroc.\" \/>\n<meta property=\"og:url\" content=\"https:\/\/vitablanca.ma\/en\/product\/solaray-methyl-b-12-haute-efficacite-aromes-naturels-de-mangue-2500-\u00b5g-60-pastilles-maroc\/\" \/>\n<meta property=\"og:site_name\" content=\"Vitablanca.ma &ndash; Sant&eacute;, vitalit&eacute; et bien-&ecirc;tre pour tous les Marocains\" \/>\n<meta property=\"article:publisher\" content=\"https:\/\/www.facebook.com\/profile.php?id=61576678196717\" \/>\n<meta property=\"article:modified_time\" content=\"2025-08-30T21:21:19+00:00\" \/>\n<meta property=\"og:image\" content=\"https:\/\/vitablanca.ma\/wp-content\/uploads\/2025\/06\/solaray-methyl-b12-aromes-naturels-mangue-peche-2500-mg-energie-vitalite-soutien-nerveux-60-pastilles.jpg\" \/>\n\t<meta property=\"og:image:width\" content=\"680\" \/>\n\t<meta property=\"og:image:height\" content=\"680\" \/>\n\t<meta property=\"og:image:type\" content=\"image\/jpeg\" \/>\n<meta name=\"twitter:card\" content=\"summary_large_image\" \/>\n<meta name=\"twitter:label1\" content=\"Est. reading time\" \/>\n\t<meta name=\"twitter:data1\" content=\"1 minute\" \/>\n<script type=\"application\/ld+json\" class=\"yoast-schema-graph\">{\"@context\":\"https:\\\/\\\/schema.org\",\"@graph\":[{\"@type\":[\"WebPage\",\"ItemPage\"],\"@id\":\"https:\\\/\\\/vitablanca.ma\\\/produit\\\/solaray-methyl-b-12-haute-efficacite-aromes-naturels-de-mangue-2500-%c2%b5g-60-pastilles-maroc\\\/\",\"url\":\"https:\\\/\\\/vitablanca.ma\\\/produit\\\/solaray-methyl-b-12-haute-efficacite-aromes-naturels-de-mangue-2500-%c2%b5g-60-pastilles-maroc\\\/\",\"name\":\"Solaray Methyl B-12 haute efficacit\u00e9, Ar\u00f4mes 2500 \u00b5g - Maroc Prix\",\"isPartOf\":{\"@id\":\"https:\\\/\\\/vitablanca.ma\\\/#website\"},\"primaryImageOfPage\":{\"@id\":\"https:\\\/\\\/vitablanca.ma\\\/produit\\\/solaray-methyl-b-12-haute-efficacite-aromes-naturels-de-mangue-2500-%c2%b5g-60-pastilles-maroc\\\/#primaryimage\"},\"image\":{\"@id\":\"https:\\\/\\\/vitablanca.ma\\\/produit\\\/solaray-methyl-b-12-haute-efficacite-aromes-naturels-de-mangue-2500-%c2%b5g-60-pastilles-maroc\\\/#primaryimage\"},\"thumbnailUrl\":\"https:\\\/\\\/vitablanca.ma\\\/wp-content\\\/uploads\\\/2025\\\/06\\\/solaray-methyl-b12-aromes-naturels-mangue-peche-2500-mg-energie-vitalite-soutien-nerveux-60-pastilles.jpg\",\"datePublished\":\"2025-06-02T16:58:31+00:00\",\"dateModified\":\"2025-08-30T21:21:19+00:00\",\"description\":\"Achetez Solaray Methyl B-12 go\u00fbt mangue naturel, 2500\u00b5g pour soutenir l\u2019\u00e9nergie et la sant\u00e9 nerveuse. Livraison rapide au Maroc.\",\"breadcrumb\":{\"@id\":\"https:\\\/\\\/vitablanca.ma\\\/produit\\\/solaray-methyl-b-12-haute-efficacite-aromes-naturels-de-mangue-2500-%c2%b5g-60-pastilles-maroc\\\/#breadcrumb\"},\"inLanguage\":\"en-US\",\"potentialAction\":[{\"@type\":\"ReadAction\",\"target\":[\"https:\\\/\\\/vitablanca.ma\\\/produit\\\/solaray-methyl-b-12-haute-efficacite-aromes-naturels-de-mangue-2500-%c2%b5g-60-pastilles-maroc\\\/\"]}]},{\"@type\":\"ImageObject\",\"inLanguage\":\"en-US\",\"@id\":\"https:\\\/\\\/vitablanca.ma\\\/produit\\\/solaray-methyl-b-12-haute-efficacite-aromes-naturels-de-mangue-2500-%c2%b5g-60-pastilles-maroc\\\/#primaryimage\",\"url\":\"https:\\\/\\\/vitablanca.ma\\\/wp-content\\\/uploads\\\/2025\\\/06\\\/solaray-methyl-b12-aromes-naturels-mangue-peche-2500-mg-energie-vitalite-soutien-nerveux-60-pastilles.jpg\",\"contentUrl\":\"https:\\\/\\\/vitablanca.ma\\\/wp-content\\\/uploads\\\/2025\\\/06\\\/solaray-methyl-b12-aromes-naturels-mangue-peche-2500-mg-energie-vitalite-soutien-nerveux-60-pastilles.jpg\",\"width\":680,\"height\":680},{\"@type\":\"BreadcrumbList\",\"@id\":\"https:\\\/\\\/vitablanca.ma\\\/produit\\\/solaray-methyl-b-12-haute-efficacite-aromes-naturels-de-mangue-2500-%c2%b5g-60-pastilles-maroc\\\/#breadcrumb\",\"itemListElement\":[{\"@type\":\"ListItem\",\"position\":1,\"name\":\"Home\",\"item\":\"https:\\\/\\\/vitablanca.ma\\\/\"},{\"@type\":\"ListItem\",\"position\":2,\"name\":\"Tous Les Produits\",\"item\":\"https:\\\/\\\/vitablanca.ma\\\/tous-les-produits\\\/\"},{\"@type\":\"ListItem\",\"position\":3,\"name\":\"Solaray Methyl B-12 haute efficacit\u00e9, Ar\u00f4mes naturels de mangue , 2500 \u00b5g, 60 pastilles\"}]},{\"@type\":\"WebSite\",\"@id\":\"https:\\\/\\\/vitablanca.ma\\\/#website\",\"url\":\"https:\\\/\\\/vitablanca.ma\\\/\",\"name\":\"VitaBlanca.ma | Compl\u00e9ments alimentaires, sant\u00e9 & beaut\u00e9 au Maroc\",\"description\":\"vendre vitamines et compl\u00e9ments premium des USA &amp; Canada, Nouvelle Z\u00e9lande,Maroc (NOW Foods, Solgar, Manuka). Livraison rapide partout au Maroc.\",\"publisher\":{\"@id\":\"https:\\\/\\\/vitablanca.ma\\\/#organization\"},\"alternateName\":\"VitaBlanca.ma\",\"potentialAction\":[{\"@type\":\"SearchAction\",\"target\":{\"@type\":\"EntryPoint\",\"urlTemplate\":\"https:\\\/\\\/vitablanca.ma\\\/?s={search_term_string}\"},\"query-input\":{\"@type\":\"PropertyValueSpecification\",\"valueRequired\":true,\"valueName\":\"search_term_string\"}}],\"inLanguage\":\"en-US\"},{\"@type\":\"Organization\",\"@id\":\"https:\\\/\\\/vitablanca.ma\\\/#organization\",\"name\":\"VitaBlanca\",\"url\":\"https:\\\/\\\/vitablanca.ma\\\/\",\"logo\":{\"@type\":\"ImageObject\",\"inLanguage\":\"en-US\",\"@id\":\"https:\\\/\\\/vitablanca.ma\\\/#\\\/schema\\\/logo\\\/image\\\/\",\"url\":\"https:\\\/\\\/vitablanca.ma\\\/wp-content\\\/uploads\\\/2025\\\/05\\\/cropped-vitablanca.png\",\"contentUrl\":\"https:\\\/\\\/vitablanca.ma\\\/wp-content\\\/uploads\\\/2025\\\/05\\\/cropped-vitablanca.png\",\"width\":360,\"height\":67,\"caption\":\"VitaBlanca\"},\"image\":{\"@id\":\"https:\\\/\\\/vitablanca.ma\\\/#\\\/schema\\\/logo\\\/image\\\/\"},\"sameAs\":[\"https:\\\/\\\/www.facebook.com\\\/profile.php?id=61576678196717\",\"https:\\\/\\\/www.tiktok.com\\\/@vitablanca.ma\",\"https:\\\/\\\/www.instagram.com\\\/vitablanca.ma\\\/\"]}]}<\/script>\n<!-- \/ Yoast SEO plugin. -->","yoast_head_json":{"title":"Solaray Methyl B-12 High Efficiency, Flavors 2500 \u00b5g - Morocco Price","description":"Buy Solaray Methyl B-12 Natural Mango Flavor, 2500mcg to support energy and nerve health. Fast delivery to Morocco.","robots":{"index":"index","follow":"follow","max-snippet":"max-snippet:-1","max-image-preview":"max-image-preview:large","max-video-preview":"max-video-preview:-1"},"canonical":"https:\/\/vitablanca.ma\/en\/product\/solaray-methyl-b-12-haute-efficacite-aromes-naturels-de-mangue-2500-\u00b5g-60-pastilles-maroc\/","og_locale":"en_US","og_type":"article","og_title":"Solaray Methyl B-12 haute efficacit\u00e9, Ar\u00f4mes 2500 \u00b5g - Maroc Prix","og_description":"Achetez Solaray Methyl B-12 go\u00fbt mangue naturel, 2500\u00b5g pour soutenir l\u2019\u00e9nergie et la sant\u00e9 nerveuse. Livraison rapide au Maroc.","og_url":"https:\/\/vitablanca.ma\/en\/product\/solaray-methyl-b-12-haute-efficacite-aromes-naturels-de-mangue-2500-\u00b5g-60-pastilles-maroc\/","og_site_name":"Vitablanca.ma &ndash; Sant&eacute;, vitalit&eacute; et bien-&ecirc;tre pour tous les Marocains","article_publisher":"https:\/\/www.facebook.com\/profile.php?id=61576678196717","article_modified_time":"2025-08-30T21:21:19+00:00","og_image":[{"width":680,"height":680,"url":"https:\/\/vitablanca.ma\/wp-content\/uploads\/2025\/06\/solaray-methyl-b12-aromes-naturels-mangue-peche-2500-mg-energie-vitalite-soutien-nerveux-60-pastilles.jpg","type":"image\/jpeg"}],"twitter_card":"summary_large_image","twitter_misc":{"Est. reading time":"1 minute"},"schema":{"@context":"https:\/\/schema.org","@graph":[{"@type":["WebPage","ItemPage"],"@id":"https:\/\/vitablanca.ma\/produit\/solaray-methyl-b-12-haute-efficacite-aromes-naturels-de-mangue-2500-%c2%b5g-60-pastilles-maroc\/","url":"https:\/\/vitablanca.ma\/produit\/solaray-methyl-b-12-haute-efficacite-aromes-naturels-de-mangue-2500-%c2%b5g-60-pastilles-maroc\/","name":"Solaray Methyl B-12 High Efficiency, Flavors 2500 \u00b5g - Morocco Price","isPartOf":{"@id":"https:\/\/vitablanca.ma\/#website"},"primaryImageOfPage":{"@id":"https:\/\/vitablanca.ma\/produit\/solaray-methyl-b-12-haute-efficacite-aromes-naturels-de-mangue-2500-%c2%b5g-60-pastilles-maroc\/#primaryimage"},"image":{"@id":"https:\/\/vitablanca.ma\/produit\/solaray-methyl-b-12-haute-efficacite-aromes-naturels-de-mangue-2500-%c2%b5g-60-pastilles-maroc\/#primaryimage"},"thumbnailUrl":"https:\/\/vitablanca.ma\/wp-content\/uploads\/2025\/06\/solaray-methyl-b12-aromes-naturels-mangue-peche-2500-mg-energie-vitalite-soutien-nerveux-60-pastilles.jpg","datePublished":"2025-06-02T16:58:31+00:00","dateModified":"2025-08-30T21:21:19+00:00","description":"Buy Solaray Methyl B-12 Natural Mango Flavor, 2500mcg to support energy and nerve health. Fast delivery to Morocco.","breadcrumb":{"@id":"https:\/\/vitablanca.ma\/produit\/solaray-methyl-b-12-haute-efficacite-aromes-naturels-de-mangue-2500-%c2%b5g-60-pastilles-maroc\/#breadcrumb"},"inLanguage":"en-US","potentialAction":[{"@type":"ReadAction","target":["https:\/\/vitablanca.ma\/produit\/solaray-methyl-b-12-haute-efficacite-aromes-naturels-de-mangue-2500-%c2%b5g-60-pastilles-maroc\/"]}]},{"@type":"ImageObject","inLanguage":"en-US","@id":"https:\/\/vitablanca.ma\/produit\/solaray-methyl-b-12-haute-efficacite-aromes-naturels-de-mangue-2500-%c2%b5g-60-pastilles-maroc\/#primaryimage","url":"https:\/\/vitablanca.ma\/wp-content\/uploads\/2025\/06\/solaray-methyl-b12-aromes-naturels-mangue-peche-2500-mg-energie-vitalite-soutien-nerveux-60-pastilles.jpg","contentUrl":"https:\/\/vitablanca.ma\/wp-content\/uploads\/2025\/06\/solaray-methyl-b12-aromes-naturels-mangue-peche-2500-mg-energie-vitalite-soutien-nerveux-60-pastilles.jpg","width":680,"height":680},{"@type":"BreadcrumbList","@id":"https:\/\/vitablanca.ma\/produit\/solaray-methyl-b-12-haute-efficacite-aromes-naturels-de-mangue-2500-%c2%b5g-60-pastilles-maroc\/#breadcrumb","itemListElement":[{"@type":"ListItem","position":1,"name":"Home","item":"https:\/\/vitablanca.ma\/"},{"@type":"ListItem","position":2,"name":"Tous Les Produits","item":"https:\/\/vitablanca.ma\/tous-les-produits\/"},{"@type":"ListItem","position":3,"name":"Solaray Methyl B-12 haute efficacit\u00e9, Ar\u00f4mes naturels de mangue , 2500 \u00b5g, 60 pastilles"}]},{"@type":"WebSite","@id":"https:\/\/vitablanca.ma\/#website","url":"https:\/\/vitablanca.ma\/","name":"VitaBlanca.ma | Food supplements, health &amp; beauty in Morocco","description":"sell premium vitamins and supplements from USA &amp; Canada, New Zealand, Morocco (NOW Foods, Solgar, Manuka). Fast delivery anywhere in Morocco.","publisher":{"@id":"https:\/\/vitablanca.ma\/#organization"},"alternateName":"VitaBlanca.ma","potentialAction":[{"@type":"SearchAction","target":{"@type":"EntryPoint","urlTemplate":"https:\/\/vitablanca.ma\/?s={search_term_string}"},"query-input":{"@type":"PropertyValueSpecification","valueRequired":true,"valueName":"search_term_string"}}],"inLanguage":"en-US"},{"@type":"Organization","@id":"https:\/\/vitablanca.ma\/#organization","name":"VitaBlanca","url":"https:\/\/vitablanca.ma\/","logo":{"@type":"ImageObject","inLanguage":"en-US","@id":"https:\/\/vitablanca.ma\/#\/schema\/logo\/image\/","url":"https:\/\/vitablanca.ma\/wp-content\/uploads\/2025\/05\/cropped-vitablanca.png","contentUrl":"https:\/\/vitablanca.ma\/wp-content\/uploads\/2025\/05\/cropped-vitablanca.png","width":360,"height":67,"caption":"VitaBlanca"},"image":{"@id":"https:\/\/vitablanca.ma\/#\/schema\/logo\/image\/"},"sameAs":["https:\/\/www.facebook.com\/profile.php?id=61576678196717","https:\/\/www.tiktok.com\/@vitablanca.ma","https:\/\/www.instagram.com\/vitablanca.ma\/"]}]}},"jetpack_sharing_enabled":true,"_links":{"self":[{"href":"https:\/\/vitablanca.ma\/en\/wp-json\/wp\/v2\/product\/14169","targetHints":{"allow":["GET"]}}],"collection":[{"href":"https:\/\/vitablanca.ma\/en\/wp-json\/wp\/v2\/product"}],"about":[{"href":"https:\/\/vitablanca.ma\/en\/wp-json\/wp\/v2\/types\/product"}],"wp:featuredmedia":[{"embeddable":true,"href":"https:\/\/vitablanca.ma\/en\/wp-json\/wp\/v2\/media\/24944"}],"wp:attachment":[{"href":"https:\/\/vitablanca.ma\/en\/wp-json\/wp\/v2\/media?parent=14169"}],"wp:term":[{"taxonomy":"product_brand","embeddable":true,"href":"https:\/\/vitablanca.ma\/en\/wp-json\/wp\/v2\/product_brand?post=14169"},{"taxonomy":"product_cat","embeddable":true,"href":"https:\/\/vitablanca.ma\/en\/wp-json\/wp\/v2\/product_cat?post=14169"},{"taxonomy":"product_tag","embeddable":true,"href":"https:\/\/vitablanca.ma\/en\/wp-json\/wp\/v2\/product_tag?post=14169"}],"curies":[{"name":"wp","href":"https:\/\/api.w.org\/{rel}","templated":true}]}}