{"id":14148,"date":"2025-06-02T16:00:41","date_gmt":"2025-06-02T16:00:41","guid":{"rendered":"https:\/\/vitablanca.ma\/?post_type=product&#038;p=14148"},"modified":"2025-08-30T21:21:20","modified_gmt":"2025-08-30T21:21:20","slug":"solaray-betaine-hcl-haute-efficacite-avec-pepsine-650-mg-100-capsules-vegetariennes-maroc","status":"publish","type":"product","link":"https:\/\/vitablanca.ma\/en\/product\/solaray-betaine-hcl-haute-efficacite-avec-pepsine-650-mg-100-capsules-vegetariennes-maroc\/","title":{"rendered":"Solaray Betaine HCL High Potency with Pepsin, 650 mg, 100 Vegetarian Capsules"},"content":{"rendered":"<p><a href=\"https:\/\/www.jumia.ma\/customer\/account\/login\/?tkWl=SO243DV0AYXB8NAFAMZ-65410751&return=%2Fsolaray-betaine-hcl-haute-efficacite-avec-pepsine-650-mg-100-capsules-vegetariennes-63652481.html\"><\/a><\/p>\n\n\n\n<p>Ce produit contient de l\u2019acide chlorhydrique et une enzyme appel\u00e9e pepsine, toutes deux produites naturellement dans l\u2019estomac pour faciliter la digestion. La pepsine, une enzyme de digestion des prot\u00e9ines d\u00e9riv\u00e9e du porc, est connue pour avoir une odeur d\u00e9sagr\u00e9able lorsqu\u2019elle est expos\u00e9e \u00e0 la chaleur et \u00e0 l\u2019humidit\u00e9. Ce n\u2019est pas une indication de d\u00e9t\u00e9rioration.<\/p>\n\n\n\n<p>Suggested Use<\/p>\n\n\n\n<p>\u00c0 utiliser uniquement comme indiqu\u00e9. Prenez une VegCaps \u00e0 chaque repas avec un verre d\u2019eau.<\/p>","protected":false},"excerpt":{"rendered":"<ul>\n<li>Food supplement<\/li>\n<li>Strengthens the digestive system<\/li>\n<li>Product tested in laboratory<\/li>\n<li>This product contains hydrochloric acid and an enzyme called pepsin, both of which are naturally produced in the stomach to aid digestion.<\/li>\n<li>\u00a0Pepsin, a protein-digesting enzyme derived from pork, is known to have an unpleasant odor when exposed to heat and moisture.<\/li>\n<li>This is not an indication of deterioration.<\/li>\n<\/ul>","protected":false},"featured_media":14149,"template":"","meta":{"om_disable_all_campaigns":false},"product_brand":[673],"product_cat":[18,3366,20,19],"product_tag":[162,2021,2025,2022,2024,2026,1876,220,2831,2023],"class_list":{"0":"post-14148","1":"product","2":"type-product","3":"status-publish","4":"has-post-thumbnail","6":"product_brand-solaray-maroc-prix","7":"product_cat-beaute-sante","8":"product_cat-complements-alimentaires-au-maroc-vitablanca","9":"product_cat-supplements","10":"product_cat-vitamines-supplements-dietetiques","11":"product_tag-100-capsules-vegetariennes","12":"product_tag-650-mg-de-betaine-hcl-avec-pepsine","13":"product_tag-ameliore-labsorption-des-nutriments","14":"product_tag-favorise-la-degradation-des-proteines","15":"product_tag-ideal-pour-les-troubles-digestifs-lies-a-une-faible-acidite-gastrique","16":"product_tag-marque-reputee-solaray","17":"product_tag-sans-gluten-ni-conservateurs","18":"product_tag-sans-ogm","19":"product_tag-solaray","20":"product_tag-soutien-digestif-puissant","22":"first","23":"instock","24":"taxable","25":"shipping-taxable","26":"purchasable","27":"product-type-simple"},"yoast_head":"<!-- This site is optimized with the Yoast SEO plugin v27.5 - https:\/\/yoast.com\/product\/yoast-seo-wordpress\/ -->\n<title>Solaray Betaine HCL haute efficacit\u00e9 avec pepsine, 650 mg - Maroc<\/title>\n<meta name=\"description\" content=\"Achetez B\u00e9ta\u00efne HCl + Pepsine 650 mg 100 capsules. Optimise la digestion des prot\u00e9ines, r\u00e9duit les ballonnements et am\u00e9liore l&#039;absorption des nutriments.\" \/>\n<meta name=\"robots\" content=\"index, follow, max-snippet:-1, max-image-preview:large, max-video-preview:-1\" \/>\n<link rel=\"canonical\" href=\"https:\/\/vitablanca.ma\/en\/product\/solaray-betaine-hcl-haute-efficacite-avec-pepsine-650-mg-100-capsules-vegetariennes-maroc\/\" \/>\n<meta property=\"og:locale\" content=\"en_US\" \/>\n<meta property=\"og:type\" content=\"article\" \/>\n<meta property=\"og:title\" content=\"Solaray Betaine HCL haute efficacit\u00e9 avec pepsine, 650 mg - Maroc\" \/>\n<meta property=\"og:description\" content=\"Achetez B\u00e9ta\u00efne HCl + Pepsine 650 mg 100 capsules. Optimise la digestion des prot\u00e9ines, r\u00e9duit les ballonnements et am\u00e9liore l&#039;absorption des nutriments.\" \/>\n<meta property=\"og:url\" content=\"https:\/\/vitablanca.ma\/en\/product\/solaray-betaine-hcl-haute-efficacite-avec-pepsine-650-mg-100-capsules-vegetariennes-maroc\/\" \/>\n<meta property=\"og:site_name\" content=\"Vitablanca.ma &ndash; Sant&eacute;, vitalit&eacute; et bien-&ecirc;tre pour tous les Marocains\" \/>\n<meta property=\"article:publisher\" content=\"https:\/\/www.facebook.com\/profile.php?id=61576678196717\" \/>\n<meta property=\"article:modified_time\" content=\"2025-08-30T21:21:20+00:00\" \/>\n<meta property=\"og:image\" content=\"https:\/\/vitablanca.ma\/wp-content\/uploads\/2025\/06\/solaray-betaine-hcl-haute-efficacite-avec-pepsine-650-mg-100-capsules-.jpg\" \/>\n\t<meta property=\"og:image:width\" content=\"680\" \/>\n\t<meta property=\"og:image:height\" content=\"680\" \/>\n\t<meta property=\"og:image:type\" content=\"image\/jpeg\" \/>\n<meta name=\"twitter:card\" content=\"summary_large_image\" \/>\n<meta name=\"twitter:label1\" content=\"Est. reading time\" \/>\n\t<meta name=\"twitter:data1\" content=\"1 minute\" \/>\n<script type=\"application\/ld+json\" class=\"yoast-schema-graph\">{\"@context\":\"https:\\\/\\\/schema.org\",\"@graph\":[{\"@type\":[\"WebPage\",\"ItemPage\"],\"@id\":\"https:\\\/\\\/vitablanca.ma\\\/produit\\\/solaray-betaine-hcl-haute-efficacite-avec-pepsine-650-mg-100-capsules-vegetariennes-maroc\\\/\",\"url\":\"https:\\\/\\\/vitablanca.ma\\\/produit\\\/solaray-betaine-hcl-haute-efficacite-avec-pepsine-650-mg-100-capsules-vegetariennes-maroc\\\/\",\"name\":\"Solaray Betaine HCL haute efficacit\u00e9 avec pepsine, 650 mg - Maroc\",\"isPartOf\":{\"@id\":\"https:\\\/\\\/vitablanca.ma\\\/#website\"},\"primaryImageOfPage\":{\"@id\":\"https:\\\/\\\/vitablanca.ma\\\/produit\\\/solaray-betaine-hcl-haute-efficacite-avec-pepsine-650-mg-100-capsules-vegetariennes-maroc\\\/#primaryimage\"},\"image\":{\"@id\":\"https:\\\/\\\/vitablanca.ma\\\/produit\\\/solaray-betaine-hcl-haute-efficacite-avec-pepsine-650-mg-100-capsules-vegetariennes-maroc\\\/#primaryimage\"},\"thumbnailUrl\":\"https:\\\/\\\/vitablanca.ma\\\/wp-content\\\/uploads\\\/2025\\\/06\\\/solaray-betaine-hcl-haute-efficacite-avec-pepsine-650-mg-100-capsules-.jpg\",\"datePublished\":\"2025-06-02T16:00:41+00:00\",\"dateModified\":\"2025-08-30T21:21:20+00:00\",\"description\":\"Achetez B\u00e9ta\u00efne HCl + Pepsine 650 mg 100 capsules. Optimise la digestion des prot\u00e9ines, r\u00e9duit les ballonnements et am\u00e9liore l'absorption des nutriments.\",\"breadcrumb\":{\"@id\":\"https:\\\/\\\/vitablanca.ma\\\/produit\\\/solaray-betaine-hcl-haute-efficacite-avec-pepsine-650-mg-100-capsules-vegetariennes-maroc\\\/#breadcrumb\"},\"inLanguage\":\"en-US\",\"potentialAction\":[{\"@type\":\"ReadAction\",\"target\":[\"https:\\\/\\\/vitablanca.ma\\\/produit\\\/solaray-betaine-hcl-haute-efficacite-avec-pepsine-650-mg-100-capsules-vegetariennes-maroc\\\/\"]}]},{\"@type\":\"ImageObject\",\"inLanguage\":\"en-US\",\"@id\":\"https:\\\/\\\/vitablanca.ma\\\/produit\\\/solaray-betaine-hcl-haute-efficacite-avec-pepsine-650-mg-100-capsules-vegetariennes-maroc\\\/#primaryimage\",\"url\":\"https:\\\/\\\/vitablanca.ma\\\/wp-content\\\/uploads\\\/2025\\\/06\\\/solaray-betaine-hcl-haute-efficacite-avec-pepsine-650-mg-100-capsules-.jpg\",\"contentUrl\":\"https:\\\/\\\/vitablanca.ma\\\/wp-content\\\/uploads\\\/2025\\\/06\\\/solaray-betaine-hcl-haute-efficacite-avec-pepsine-650-mg-100-capsules-.jpg\",\"width\":680,\"height\":680},{\"@type\":\"BreadcrumbList\",\"@id\":\"https:\\\/\\\/vitablanca.ma\\\/produit\\\/solaray-betaine-hcl-haute-efficacite-avec-pepsine-650-mg-100-capsules-vegetariennes-maroc\\\/#breadcrumb\",\"itemListElement\":[{\"@type\":\"ListItem\",\"position\":1,\"name\":\"Home\",\"item\":\"https:\\\/\\\/vitablanca.ma\\\/\"},{\"@type\":\"ListItem\",\"position\":2,\"name\":\"Tous Les Produits\",\"item\":\"https:\\\/\\\/vitablanca.ma\\\/tous-les-produits\\\/\"},{\"@type\":\"ListItem\",\"position\":3,\"name\":\"Solaray Betaine HCL haute efficacit\u00e9 avec pepsine, 650 mg, 100 capsules v\u00e9g\u00e9tariennes\"}]},{\"@type\":\"WebSite\",\"@id\":\"https:\\\/\\\/vitablanca.ma\\\/#website\",\"url\":\"https:\\\/\\\/vitablanca.ma\\\/\",\"name\":\"VitaBlanca.ma | Compl\u00e9ments alimentaires, sant\u00e9 & beaut\u00e9 au Maroc\",\"description\":\"vendre vitamines et compl\u00e9ments premium des USA &amp; Canada, Nouvelle Z\u00e9lande,Maroc (NOW Foods, Solgar, Manuka). Livraison rapide partout au Maroc.\",\"publisher\":{\"@id\":\"https:\\\/\\\/vitablanca.ma\\\/#organization\"},\"alternateName\":\"VitaBlanca.ma\",\"potentialAction\":[{\"@type\":\"SearchAction\",\"target\":{\"@type\":\"EntryPoint\",\"urlTemplate\":\"https:\\\/\\\/vitablanca.ma\\\/?s={search_term_string}\"},\"query-input\":{\"@type\":\"PropertyValueSpecification\",\"valueRequired\":true,\"valueName\":\"search_term_string\"}}],\"inLanguage\":\"en-US\"},{\"@type\":\"Organization\",\"@id\":\"https:\\\/\\\/vitablanca.ma\\\/#organization\",\"name\":\"VitaBlanca\",\"url\":\"https:\\\/\\\/vitablanca.ma\\\/\",\"logo\":{\"@type\":\"ImageObject\",\"inLanguage\":\"en-US\",\"@id\":\"https:\\\/\\\/vitablanca.ma\\\/#\\\/schema\\\/logo\\\/image\\\/\",\"url\":\"https:\\\/\\\/vitablanca.ma\\\/wp-content\\\/uploads\\\/2025\\\/05\\\/cropped-vitablanca.png\",\"contentUrl\":\"https:\\\/\\\/vitablanca.ma\\\/wp-content\\\/uploads\\\/2025\\\/05\\\/cropped-vitablanca.png\",\"width\":360,\"height\":67,\"caption\":\"VitaBlanca\"},\"image\":{\"@id\":\"https:\\\/\\\/vitablanca.ma\\\/#\\\/schema\\\/logo\\\/image\\\/\"},\"sameAs\":[\"https:\\\/\\\/www.facebook.com\\\/profile.php?id=61576678196717\",\"https:\\\/\\\/www.tiktok.com\\\/@vitablanca.ma\",\"https:\\\/\\\/www.instagram.com\\\/vitablanca.ma\\\/\"]}]}<\/script>\n<!-- \/ Yoast SEO plugin. -->","yoast_head_json":{"title":"Solaray Betaine HCL High Potency with Pepsin, 650 mg - Morocco","description":"Buy Betaine HCl + Pepsin 650 mg 100 capsules. Optimizes protein digestion, reduces bloating, and improves nutrient absorption.","robots":{"index":"index","follow":"follow","max-snippet":"max-snippet:-1","max-image-preview":"max-image-preview:large","max-video-preview":"max-video-preview:-1"},"canonical":"https:\/\/vitablanca.ma\/en\/product\/solaray-betaine-hcl-haute-efficacite-avec-pepsine-650-mg-100-capsules-vegetariennes-maroc\/","og_locale":"en_US","og_type":"article","og_title":"Solaray Betaine HCL haute efficacit\u00e9 avec pepsine, 650 mg - Maroc","og_description":"Achetez B\u00e9ta\u00efne HCl + Pepsine 650 mg 100 capsules. Optimise la digestion des prot\u00e9ines, r\u00e9duit les ballonnements et am\u00e9liore l'absorption des nutriments.","og_url":"https:\/\/vitablanca.ma\/en\/product\/solaray-betaine-hcl-haute-efficacite-avec-pepsine-650-mg-100-capsules-vegetariennes-maroc\/","og_site_name":"Vitablanca.ma &ndash; Sant&eacute;, vitalit&eacute; et bien-&ecirc;tre pour tous les Marocains","article_publisher":"https:\/\/www.facebook.com\/profile.php?id=61576678196717","article_modified_time":"2025-08-30T21:21:20+00:00","og_image":[{"width":680,"height":680,"url":"https:\/\/vitablanca.ma\/wp-content\/uploads\/2025\/06\/solaray-betaine-hcl-haute-efficacite-avec-pepsine-650-mg-100-capsules-.jpg","type":"image\/jpeg"}],"twitter_card":"summary_large_image","twitter_misc":{"Est. reading time":"1 minute"},"schema":{"@context":"https:\/\/schema.org","@graph":[{"@type":["WebPage","ItemPage"],"@id":"https:\/\/vitablanca.ma\/produit\/solaray-betaine-hcl-haute-efficacite-avec-pepsine-650-mg-100-capsules-vegetariennes-maroc\/","url":"https:\/\/vitablanca.ma\/produit\/solaray-betaine-hcl-haute-efficacite-avec-pepsine-650-mg-100-capsules-vegetariennes-maroc\/","name":"Solaray Betaine HCL High Potency with Pepsin, 650 mg - Morocco","isPartOf":{"@id":"https:\/\/vitablanca.ma\/#website"},"primaryImageOfPage":{"@id":"https:\/\/vitablanca.ma\/produit\/solaray-betaine-hcl-haute-efficacite-avec-pepsine-650-mg-100-capsules-vegetariennes-maroc\/#primaryimage"},"image":{"@id":"https:\/\/vitablanca.ma\/produit\/solaray-betaine-hcl-haute-efficacite-avec-pepsine-650-mg-100-capsules-vegetariennes-maroc\/#primaryimage"},"thumbnailUrl":"https:\/\/vitablanca.ma\/wp-content\/uploads\/2025\/06\/solaray-betaine-hcl-haute-efficacite-avec-pepsine-650-mg-100-capsules-.jpg","datePublished":"2025-06-02T16:00:41+00:00","dateModified":"2025-08-30T21:21:20+00:00","description":"Buy Betaine HCl + Pepsin 650 mg 100 capsules. Optimizes protein digestion, reduces bloating, and improves nutrient absorption.","breadcrumb":{"@id":"https:\/\/vitablanca.ma\/produit\/solaray-betaine-hcl-haute-efficacite-avec-pepsine-650-mg-100-capsules-vegetariennes-maroc\/#breadcrumb"},"inLanguage":"en-US","potentialAction":[{"@type":"ReadAction","target":["https:\/\/vitablanca.ma\/produit\/solaray-betaine-hcl-haute-efficacite-avec-pepsine-650-mg-100-capsules-vegetariennes-maroc\/"]}]},{"@type":"ImageObject","inLanguage":"en-US","@id":"https:\/\/vitablanca.ma\/produit\/solaray-betaine-hcl-haute-efficacite-avec-pepsine-650-mg-100-capsules-vegetariennes-maroc\/#primaryimage","url":"https:\/\/vitablanca.ma\/wp-content\/uploads\/2025\/06\/solaray-betaine-hcl-haute-efficacite-avec-pepsine-650-mg-100-capsules-.jpg","contentUrl":"https:\/\/vitablanca.ma\/wp-content\/uploads\/2025\/06\/solaray-betaine-hcl-haute-efficacite-avec-pepsine-650-mg-100-capsules-.jpg","width":680,"height":680},{"@type":"BreadcrumbList","@id":"https:\/\/vitablanca.ma\/produit\/solaray-betaine-hcl-haute-efficacite-avec-pepsine-650-mg-100-capsules-vegetariennes-maroc\/#breadcrumb","itemListElement":[{"@type":"ListItem","position":1,"name":"Home","item":"https:\/\/vitablanca.ma\/"},{"@type":"ListItem","position":2,"name":"Tous Les Produits","item":"https:\/\/vitablanca.ma\/tous-les-produits\/"},{"@type":"ListItem","position":3,"name":"Solaray Betaine HCL haute efficacit\u00e9 avec pepsine, 650 mg, 100 capsules v\u00e9g\u00e9tariennes"}]},{"@type":"WebSite","@id":"https:\/\/vitablanca.ma\/#website","url":"https:\/\/vitablanca.ma\/","name":"VitaBlanca.ma | Food supplements, health &amp; beauty in Morocco","description":"sell premium vitamins and supplements from USA &amp; Canada, New Zealand, Morocco (NOW Foods, Solgar, Manuka). Fast delivery anywhere in Morocco.","publisher":{"@id":"https:\/\/vitablanca.ma\/#organization"},"alternateName":"VitaBlanca.ma","potentialAction":[{"@type":"SearchAction","target":{"@type":"EntryPoint","urlTemplate":"https:\/\/vitablanca.ma\/?s={search_term_string}"},"query-input":{"@type":"PropertyValueSpecification","valueRequired":true,"valueName":"search_term_string"}}],"inLanguage":"en-US"},{"@type":"Organization","@id":"https:\/\/vitablanca.ma\/#organization","name":"VitaBlanca","url":"https:\/\/vitablanca.ma\/","logo":{"@type":"ImageObject","inLanguage":"en-US","@id":"https:\/\/vitablanca.ma\/#\/schema\/logo\/image\/","url":"https:\/\/vitablanca.ma\/wp-content\/uploads\/2025\/05\/cropped-vitablanca.png","contentUrl":"https:\/\/vitablanca.ma\/wp-content\/uploads\/2025\/05\/cropped-vitablanca.png","width":360,"height":67,"caption":"VitaBlanca"},"image":{"@id":"https:\/\/vitablanca.ma\/#\/schema\/logo\/image\/"},"sameAs":["https:\/\/www.facebook.com\/profile.php?id=61576678196717","https:\/\/www.tiktok.com\/@vitablanca.ma","https:\/\/www.instagram.com\/vitablanca.ma\/"]}]}},"jetpack_sharing_enabled":true,"_links":{"self":[{"href":"https:\/\/vitablanca.ma\/en\/wp-json\/wp\/v2\/product\/14148","targetHints":{"allow":["GET"]}}],"collection":[{"href":"https:\/\/vitablanca.ma\/en\/wp-json\/wp\/v2\/product"}],"about":[{"href":"https:\/\/vitablanca.ma\/en\/wp-json\/wp\/v2\/types\/product"}],"wp:featuredmedia":[{"embeddable":true,"href":"https:\/\/vitablanca.ma\/en\/wp-json\/wp\/v2\/media\/14149"}],"wp:attachment":[{"href":"https:\/\/vitablanca.ma\/en\/wp-json\/wp\/v2\/media?parent=14148"}],"wp:term":[{"taxonomy":"product_brand","embeddable":true,"href":"https:\/\/vitablanca.ma\/en\/wp-json\/wp\/v2\/product_brand?post=14148"},{"taxonomy":"product_cat","embeddable":true,"href":"https:\/\/vitablanca.ma\/en\/wp-json\/wp\/v2\/product_cat?post=14148"},{"taxonomy":"product_tag","embeddable":true,"href":"https:\/\/vitablanca.ma\/en\/wp-json\/wp\/v2\/product_tag?post=14148"}],"curies":[{"name":"wp","href":"https:\/\/api.w.org\/{rel}","templated":true}]}}