{"id":14143,"date":"2025-06-02T15:31:55","date_gmt":"2025-06-02T15:31:55","guid":{"rendered":"https:\/\/vitablanca.ma\/?post_type=product&#038;p=14143"},"modified":"2025-08-30T21:21:21","modified_gmt":"2025-08-30T21:21:21","slug":"swanson-pregnenolone-10-mg-90-capsules-maroc","status":"publish","type":"product","link":"https:\/\/vitablanca.ma\/en\/product\/swanson-pregnenolone-10-mg-90-capsules-maroc\/","title":{"rendered":"Swanson Pregnenolone, 10 mg, 90 capsules"},"content":{"rendered":"<p><\/p>\n\n\n\n<p><a href=\"https:\/\/www.jumia.ma\/customer\/account\/login\/?tkWl=SW231DV0DESW4NAFAMZ-65410795&return=%2Fswanson-pregnenolone-10-mg-90-capsules-63652522.html\"><\/a>Swanson Pregnenolone, 10 mg, 90 capsules<\/p>\n\n\n\n<p><a href=\"https:\/\/www.jumia.ma\/customer\/account\/login\/?tkWl=SW231DV0DESW4NAFAMZ-65410795&return=%2Fswanson-pregnenolone-10-mg-90-capsules-63652522.html\"><\/a>Obtenez un soutien fondamental pour l\u2019acuit\u00e9 mentale et la vitalit\u00e9 physique avec Swanson Pregn\u00e9nolone ! Pr\u00e9curseur de plusieurs hormones vitales, dont la DHEA, la pr\u00e9gn\u00e9nolone influence un large \u00e9ventail de fonctions biochimiques impliqu\u00e9es dans le bien-\u00eatre mental et physique. Nos capsules de 10 mg facilitent l\u2019incorporation de ce compl\u00e9ment \u00e0 votre r\u00e9gime de bien-\u00eatre.<\/p>\n\n\n\n<p>Suggested Use<\/p>\n\n\n\n<p>En compl\u00e9ment alimentaire, prenez une capsule par jour avec de l\u2019eau.<a href=\"https:\/\/www.jumia.ma\/customer\/account\/login\/?tkWl=SW231DV0DESW4NAFAMZ-65410795&return=%2Fswanson-pregnenolone-10-mg-90-capsules-63652522.html\"><\/a><\/p>","protected":false},"excerpt":{"rendered":"<ul>\n<li>Brain and nervous system support<\/li>\n<li>10 mg per capsule<\/li>\n<li>Food supplement<\/li>\n<li>Total wellness for mind, body and home<\/li>\n<li>Unmatched purity and power<\/li>\n<li>Get foundational support for mental acuity and physical vitality with Swanson Pregnenolone!<\/li>\n<\/ul>","protected":false},"featured_media":14144,"template":"","meta":{"om_disable_all_campaigns":false},"product_brand":[672],"product_cat":[18,3366,104,19],"product_tag":[2007,2011,2010,2008,2012,2009,2006],"class_list":{"0":"post-14143","1":"product","2":"type-product","3":"status-publish","4":"has-post-thumbnail","6":"product_brand-swanson-maroc-prix","7":"product_cat-beaute-sante","8":"product_cat-complements-alimentaires-au-maroc-vitablanca","9":"product_cat-supplements-a-base-de-plantes","10":"product_cat-vitamines-supplements-dietetiques","11":"product_tag-10-mg-de-pregnenolone-par-capsule","12":"product_tag-90-capsules-pratiques","13":"product_tag-aide-a-lequilibre-hormonal-naturel","14":"product_tag-fabrique-par-swanson-qualite-certifiee","15":"product_tag-formule-pure-et-sans-additifs-nocifs","16":"product_tag-peut-favoriser-lhumeur-et-lenergie-mentale","17":"product_tag-soutien-cognitif-et-memoire","19":"first","20":"instock","21":"taxable","22":"shipping-taxable","23":"purchasable","24":"product-type-simple"},"yoast_head":"<!-- This site is optimized with the Yoast SEO plugin v27.5 - https:\/\/yoast.com\/product\/yoast-seo-wordpress\/ -->\n<title>Swanson Pregnenolone, 10 mg, 90 capsules - Maroc Prix<\/title>\n<meta name=\"description\" content=\"Achetez Swanson Pr\u00e9gn\u00e9nolone 10 mg 90 capsules au Maroc. Soutient l&#039;\u00e9quilibre hormonal, la m\u00e9moire et les fonctions cognitives.\" \/>\n<meta name=\"robots\" content=\"index, follow, max-snippet:-1, max-image-preview:large, max-video-preview:-1\" \/>\n<link rel=\"canonical\" href=\"https:\/\/vitablanca.ma\/en\/product\/swanson-pregnenolone-10-mg-90-capsules-maroc\/\" \/>\n<meta property=\"og:locale\" content=\"en_US\" \/>\n<meta property=\"og:type\" content=\"article\" \/>\n<meta property=\"og:title\" content=\"Swanson Pregnenolone, 10 mg, 90 capsules - Maroc Prix\" \/>\n<meta property=\"og:description\" content=\"Achetez Swanson Pr\u00e9gn\u00e9nolone 10 mg 90 capsules au Maroc. Soutient l&#039;\u00e9quilibre hormonal, la m\u00e9moire et les fonctions cognitives.\" \/>\n<meta property=\"og:url\" content=\"https:\/\/vitablanca.ma\/en\/product\/swanson-pregnenolone-10-mg-90-capsules-maroc\/\" \/>\n<meta property=\"og:site_name\" content=\"Vitablanca.ma &ndash; Sant&eacute;, vitalit&eacute; et bien-&ecirc;tre pour tous les Marocains\" \/>\n<meta property=\"article:publisher\" content=\"https:\/\/www.facebook.com\/profile.php?id=61576678196717\" \/>\n<meta property=\"article:modified_time\" content=\"2025-08-30T21:21:21+00:00\" \/>\n<meta property=\"og:image\" content=\"https:\/\/vitablanca.ma\/wp-content\/uploads\/2025\/06\/swanson-pregnenolone-10-mg-90-capsules-.jpg\" \/>\n\t<meta property=\"og:image:width\" content=\"680\" \/>\n\t<meta property=\"og:image:height\" content=\"680\" \/>\n\t<meta property=\"og:image:type\" content=\"image\/jpeg\" \/>\n<meta name=\"twitter:card\" content=\"summary_large_image\" \/>\n<meta name=\"twitter:label1\" content=\"Est. reading time\" \/>\n\t<meta name=\"twitter:data1\" content=\"1 minute\" \/>\n<script type=\"application\/ld+json\" class=\"yoast-schema-graph\">{\"@context\":\"https:\\\/\\\/schema.org\",\"@graph\":[{\"@type\":[\"WebPage\",\"ItemPage\"],\"@id\":\"https:\\\/\\\/vitablanca.ma\\\/produit\\\/swanson-pregnenolone-10-mg-90-capsules-maroc\\\/\",\"url\":\"https:\\\/\\\/vitablanca.ma\\\/produit\\\/swanson-pregnenolone-10-mg-90-capsules-maroc\\\/\",\"name\":\"Swanson Pregnenolone, 10 mg, 90 capsules - Maroc Prix\",\"isPartOf\":{\"@id\":\"https:\\\/\\\/vitablanca.ma\\\/#website\"},\"primaryImageOfPage\":{\"@id\":\"https:\\\/\\\/vitablanca.ma\\\/produit\\\/swanson-pregnenolone-10-mg-90-capsules-maroc\\\/#primaryimage\"},\"image\":{\"@id\":\"https:\\\/\\\/vitablanca.ma\\\/produit\\\/swanson-pregnenolone-10-mg-90-capsules-maroc\\\/#primaryimage\"},\"thumbnailUrl\":\"https:\\\/\\\/vitablanca.ma\\\/wp-content\\\/uploads\\\/2025\\\/06\\\/swanson-pregnenolone-10-mg-90-capsules-.jpg\",\"datePublished\":\"2025-06-02T15:31:55+00:00\",\"dateModified\":\"2025-08-30T21:21:21+00:00\",\"description\":\"Achetez Swanson Pr\u00e9gn\u00e9nolone 10 mg 90 capsules au Maroc. Soutient l'\u00e9quilibre hormonal, la m\u00e9moire et les fonctions cognitives.\",\"breadcrumb\":{\"@id\":\"https:\\\/\\\/vitablanca.ma\\\/produit\\\/swanson-pregnenolone-10-mg-90-capsules-maroc\\\/#breadcrumb\"},\"inLanguage\":\"en-US\",\"potentialAction\":[{\"@type\":\"ReadAction\",\"target\":[\"https:\\\/\\\/vitablanca.ma\\\/produit\\\/swanson-pregnenolone-10-mg-90-capsules-maroc\\\/\"]}]},{\"@type\":\"ImageObject\",\"inLanguage\":\"en-US\",\"@id\":\"https:\\\/\\\/vitablanca.ma\\\/produit\\\/swanson-pregnenolone-10-mg-90-capsules-maroc\\\/#primaryimage\",\"url\":\"https:\\\/\\\/vitablanca.ma\\\/wp-content\\\/uploads\\\/2025\\\/06\\\/swanson-pregnenolone-10-mg-90-capsules-.jpg\",\"contentUrl\":\"https:\\\/\\\/vitablanca.ma\\\/wp-content\\\/uploads\\\/2025\\\/06\\\/swanson-pregnenolone-10-mg-90-capsules-.jpg\",\"width\":680,\"height\":680},{\"@type\":\"BreadcrumbList\",\"@id\":\"https:\\\/\\\/vitablanca.ma\\\/produit\\\/swanson-pregnenolone-10-mg-90-capsules-maroc\\\/#breadcrumb\",\"itemListElement\":[{\"@type\":\"ListItem\",\"position\":1,\"name\":\"Home\",\"item\":\"https:\\\/\\\/vitablanca.ma\\\/\"},{\"@type\":\"ListItem\",\"position\":2,\"name\":\"Tous Les Produits\",\"item\":\"https:\\\/\\\/vitablanca.ma\\\/tous-les-produits\\\/\"},{\"@type\":\"ListItem\",\"position\":3,\"name\":\"Swanson Pregnenolone, 10 mg, 90 capsules\"}]},{\"@type\":\"WebSite\",\"@id\":\"https:\\\/\\\/vitablanca.ma\\\/#website\",\"url\":\"https:\\\/\\\/vitablanca.ma\\\/\",\"name\":\"VitaBlanca.ma | Compl\u00e9ments alimentaires, sant\u00e9 & beaut\u00e9 au Maroc\",\"description\":\"vendre vitamines et compl\u00e9ments premium des USA &amp; Canada, Nouvelle Z\u00e9lande,Maroc (NOW Foods, Solgar, Manuka). Livraison rapide partout au Maroc.\",\"publisher\":{\"@id\":\"https:\\\/\\\/vitablanca.ma\\\/#organization\"},\"alternateName\":\"VitaBlanca.ma\",\"potentialAction\":[{\"@type\":\"SearchAction\",\"target\":{\"@type\":\"EntryPoint\",\"urlTemplate\":\"https:\\\/\\\/vitablanca.ma\\\/?s={search_term_string}\"},\"query-input\":{\"@type\":\"PropertyValueSpecification\",\"valueRequired\":true,\"valueName\":\"search_term_string\"}}],\"inLanguage\":\"en-US\"},{\"@type\":\"Organization\",\"@id\":\"https:\\\/\\\/vitablanca.ma\\\/#organization\",\"name\":\"VitaBlanca\",\"url\":\"https:\\\/\\\/vitablanca.ma\\\/\",\"logo\":{\"@type\":\"ImageObject\",\"inLanguage\":\"en-US\",\"@id\":\"https:\\\/\\\/vitablanca.ma\\\/#\\\/schema\\\/logo\\\/image\\\/\",\"url\":\"https:\\\/\\\/vitablanca.ma\\\/wp-content\\\/uploads\\\/2025\\\/05\\\/cropped-vitablanca.png\",\"contentUrl\":\"https:\\\/\\\/vitablanca.ma\\\/wp-content\\\/uploads\\\/2025\\\/05\\\/cropped-vitablanca.png\",\"width\":360,\"height\":67,\"caption\":\"VitaBlanca\"},\"image\":{\"@id\":\"https:\\\/\\\/vitablanca.ma\\\/#\\\/schema\\\/logo\\\/image\\\/\"},\"sameAs\":[\"https:\\\/\\\/www.facebook.com\\\/profile.php?id=61576678196717\",\"https:\\\/\\\/www.tiktok.com\\\/@vitablanca.ma\",\"https:\\\/\\\/www.instagram.com\\\/vitablanca.ma\\\/\"]}]}<\/script>\n<!-- \/ Yoast SEO plugin. -->","yoast_head_json":{"title":"Swanson Pregnenolone, 10 mg, 90 capsules - Morocco Price","description":"Buy Swanson Pregnenolone 10 mg 90 capsules in Morocco. Supports hormonal balance, memory, and cognitive function.","robots":{"index":"index","follow":"follow","max-snippet":"max-snippet:-1","max-image-preview":"max-image-preview:large","max-video-preview":"max-video-preview:-1"},"canonical":"https:\/\/vitablanca.ma\/en\/product\/swanson-pregnenolone-10-mg-90-capsules-maroc\/","og_locale":"en_US","og_type":"article","og_title":"Swanson Pregnenolone, 10 mg, 90 capsules - Maroc Prix","og_description":"Achetez Swanson Pr\u00e9gn\u00e9nolone 10 mg 90 capsules au Maroc. Soutient l'\u00e9quilibre hormonal, la m\u00e9moire et les fonctions cognitives.","og_url":"https:\/\/vitablanca.ma\/en\/product\/swanson-pregnenolone-10-mg-90-capsules-maroc\/","og_site_name":"Vitablanca.ma &ndash; Sant&eacute;, vitalit&eacute; et bien-&ecirc;tre pour tous les Marocains","article_publisher":"https:\/\/www.facebook.com\/profile.php?id=61576678196717","article_modified_time":"2025-08-30T21:21:21+00:00","og_image":[{"width":680,"height":680,"url":"https:\/\/vitablanca.ma\/wp-content\/uploads\/2025\/06\/swanson-pregnenolone-10-mg-90-capsules-.jpg","type":"image\/jpeg"}],"twitter_card":"summary_large_image","twitter_misc":{"Est. reading time":"1 minute"},"schema":{"@context":"https:\/\/schema.org","@graph":[{"@type":["WebPage","ItemPage"],"@id":"https:\/\/vitablanca.ma\/produit\/swanson-pregnenolone-10-mg-90-capsules-maroc\/","url":"https:\/\/vitablanca.ma\/produit\/swanson-pregnenolone-10-mg-90-capsules-maroc\/","name":"Swanson Pregnenolone, 10 mg, 90 capsules - Morocco Price","isPartOf":{"@id":"https:\/\/vitablanca.ma\/#website"},"primaryImageOfPage":{"@id":"https:\/\/vitablanca.ma\/produit\/swanson-pregnenolone-10-mg-90-capsules-maroc\/#primaryimage"},"image":{"@id":"https:\/\/vitablanca.ma\/produit\/swanson-pregnenolone-10-mg-90-capsules-maroc\/#primaryimage"},"thumbnailUrl":"https:\/\/vitablanca.ma\/wp-content\/uploads\/2025\/06\/swanson-pregnenolone-10-mg-90-capsules-.jpg","datePublished":"2025-06-02T15:31:55+00:00","dateModified":"2025-08-30T21:21:21+00:00","description":"Buy Swanson Pregnenolone 10 mg 90 capsules in Morocco. Supports hormonal balance, memory, and cognitive function.","breadcrumb":{"@id":"https:\/\/vitablanca.ma\/produit\/swanson-pregnenolone-10-mg-90-capsules-maroc\/#breadcrumb"},"inLanguage":"en-US","potentialAction":[{"@type":"ReadAction","target":["https:\/\/vitablanca.ma\/produit\/swanson-pregnenolone-10-mg-90-capsules-maroc\/"]}]},{"@type":"ImageObject","inLanguage":"en-US","@id":"https:\/\/vitablanca.ma\/produit\/swanson-pregnenolone-10-mg-90-capsules-maroc\/#primaryimage","url":"https:\/\/vitablanca.ma\/wp-content\/uploads\/2025\/06\/swanson-pregnenolone-10-mg-90-capsules-.jpg","contentUrl":"https:\/\/vitablanca.ma\/wp-content\/uploads\/2025\/06\/swanson-pregnenolone-10-mg-90-capsules-.jpg","width":680,"height":680},{"@type":"BreadcrumbList","@id":"https:\/\/vitablanca.ma\/produit\/swanson-pregnenolone-10-mg-90-capsules-maroc\/#breadcrumb","itemListElement":[{"@type":"ListItem","position":1,"name":"Home","item":"https:\/\/vitablanca.ma\/"},{"@type":"ListItem","position":2,"name":"Tous Les Produits","item":"https:\/\/vitablanca.ma\/tous-les-produits\/"},{"@type":"ListItem","position":3,"name":"Swanson Pregnenolone, 10 mg, 90 capsules"}]},{"@type":"WebSite","@id":"https:\/\/vitablanca.ma\/#website","url":"https:\/\/vitablanca.ma\/","name":"VitaBlanca.ma | Food supplements, health &amp; beauty in Morocco","description":"sell premium vitamins and supplements from USA &amp; Canada, New Zealand, Morocco (NOW Foods, Solgar, Manuka). Fast delivery anywhere in Morocco.","publisher":{"@id":"https:\/\/vitablanca.ma\/#organization"},"alternateName":"VitaBlanca.ma","potentialAction":[{"@type":"SearchAction","target":{"@type":"EntryPoint","urlTemplate":"https:\/\/vitablanca.ma\/?s={search_term_string}"},"query-input":{"@type":"PropertyValueSpecification","valueRequired":true,"valueName":"search_term_string"}}],"inLanguage":"en-US"},{"@type":"Organization","@id":"https:\/\/vitablanca.ma\/#organization","name":"VitaBlanca","url":"https:\/\/vitablanca.ma\/","logo":{"@type":"ImageObject","inLanguage":"en-US","@id":"https:\/\/vitablanca.ma\/#\/schema\/logo\/image\/","url":"https:\/\/vitablanca.ma\/wp-content\/uploads\/2025\/05\/cropped-vitablanca.png","contentUrl":"https:\/\/vitablanca.ma\/wp-content\/uploads\/2025\/05\/cropped-vitablanca.png","width":360,"height":67,"caption":"VitaBlanca"},"image":{"@id":"https:\/\/vitablanca.ma\/#\/schema\/logo\/image\/"},"sameAs":["https:\/\/www.facebook.com\/profile.php?id=61576678196717","https:\/\/www.tiktok.com\/@vitablanca.ma","https:\/\/www.instagram.com\/vitablanca.ma\/"]}]}},"jetpack_sharing_enabled":true,"_links":{"self":[{"href":"https:\/\/vitablanca.ma\/en\/wp-json\/wp\/v2\/product\/14143","targetHints":{"allow":["GET"]}}],"collection":[{"href":"https:\/\/vitablanca.ma\/en\/wp-json\/wp\/v2\/product"}],"about":[{"href":"https:\/\/vitablanca.ma\/en\/wp-json\/wp\/v2\/types\/product"}],"wp:featuredmedia":[{"embeddable":true,"href":"https:\/\/vitablanca.ma\/en\/wp-json\/wp\/v2\/media\/14144"}],"wp:attachment":[{"href":"https:\/\/vitablanca.ma\/en\/wp-json\/wp\/v2\/media?parent=14143"}],"wp:term":[{"taxonomy":"product_brand","embeddable":true,"href":"https:\/\/vitablanca.ma\/en\/wp-json\/wp\/v2\/product_brand?post=14143"},{"taxonomy":"product_cat","embeddable":true,"href":"https:\/\/vitablanca.ma\/en\/wp-json\/wp\/v2\/product_cat?post=14143"},{"taxonomy":"product_tag","embeddable":true,"href":"https:\/\/vitablanca.ma\/en\/wp-json\/wp\/v2\/product_tag?post=14143"}],"curies":[{"name":"wp","href":"https:\/\/api.w.org\/{rel}","templated":true}]}}