{"id":14138,"date":"2025-06-02T15:17:35","date_gmt":"2025-06-02T15:17:35","guid":{"rendered":"https:\/\/vitablanca.ma\/?post_type=product&#038;p=14138"},"modified":"2025-08-30T21:21:22","modified_gmt":"2025-08-30T21:21:22","slug":"california-gold-nutrition-bromelaine-500-mg-90-capsules-vegetales-maroc","status":"publish","type":"product","link":"https:\/\/vitablanca.ma\/en\/product\/california-gold-nutrition-bromelaine-500-mg-90-capsules-vegetales-maroc\/","title":{"rendered":"California Gold Nutrition Bromelain, 500 mg, 90 Vegetable Capsules"},"content":{"rendered":"<p>Due to its natural ability to break down proteins, bromelain can help the body digest them, promoting healthy digestive function.* Bromelain is also known for its anti-inflammatory effects, which can help improve joint and muscle comfort.* These natural anti-inflammatory properties may also support respiratory health, as they can reduce inflammation and swelling in the nasal passages.* Bromelain&#039;s potency is measured by GDUs, or gelatin digestion units, which refer to the amount of protein one gram of bromelain can digest. This supplement has a rating of 2,400 GDUs per gram.<\/p>\n\n\n\n<p>California Gold Nutrition Bromelain is formulated with bromelain extracted from the fruit and stem of the pineapple. It is suitable for both vegetarians and vegans and is gluten-free, GMO-free, and soy-free.<a href=\"https:\/\/www.jumia.ma\/customer\/account\/login\/?tkWl=CA319DV1KY8D0NAFAMZ-65414065&amp;return=%2Fcalifornia-gold-nutrition-bromelaine-500-mg-90-capsules-vegetales-63655659.html\"><\/a><\/p>","protected":false},"excerpt":{"rendered":"<ul>\n<li>\u00a0Bromelain California Gold Nutrition<\/li>\n<li>Formulated with pineapple fruit and stem extract<\/li>\n<li>2,400 GDU (gelatin digestion units) per gram<\/li>\n<li>Promotes healthy digestion and joint comfort*<\/li>\n<li>Suitable for vegetarians and vegans<\/li>\n<li>Formulated without gluten, GMO or soy<\/li>\n<li>100% Gold Warranty<\/li>\n<\/ul>","protected":false},"featured_media":14139,"template":"","meta":{"om_disable_all_campaigns":false},"product_brand":[],"product_cat":[18,521,3366,20,19],"product_tag":[1996,1995,1993,1999,1997,1998,1994,1876,220],"class_list":{"0":"post-14138","1":"product","2":"type-product","3":"status-publish","4":"has-post-thumbnail","6":"product_cat-beaute-sante","7":"product_cat-bromelaine","8":"product_cat-complements-alimentaires-au-maroc-vitablanca","9":"product_cat-supplements","10":"product_cat-vitamines-supplements-dietetiques","11":"product_tag-500-mg-de-bromelaine-par-capsule","12":"product_tag-90-capsules-vegetales","13":"product_tag-aide-a-la-digestion-des-proteines","14":"product_tag-convient-aux-vegetariens-et-vegetaliens","15":"product_tag-enzyme-naturelle-extraite-de-lananas","16":"product_tag-favorise-la-recuperation-apres-leffort","17":"product_tag-reduction-de-linflammation-et-soutien-articulaire","18":"product_tag-sans-gluten-ni-conservateurs","19":"product_tag-sans-ogm","21":"first","22":"instock","23":"taxable","24":"shipping-taxable","25":"purchasable","26":"product-type-simple"},"yoast_head":"<!-- This site is optimized with the Yoast SEO plugin v27.4 - https:\/\/yoast.com\/product\/yoast-seo-wordpress\/ -->\n<title>Brom\u00e9la\u00efne - California Gold Nutrition , 500 mg, 90 capsules - Maroc<\/title>\n<meta name=\"description\" content=\"Achetez California Gold Nutrition Brom\u00e9laine 500 mg (90 capsules) au Maroc. Aide \u00e0 la digestion et r\u00e9duit l&#039;inflammation. Qualit\u00e9 test\u00e9e.\" \/>\n<meta name=\"robots\" content=\"index, follow, max-snippet:-1, max-image-preview:large, max-video-preview:-1\" \/>\n<link rel=\"canonical\" href=\"https:\/\/vitablanca.ma\/en\/product\/california-gold-nutrition-bromelaine-500-mg-90-capsules-vegetales-maroc\/\" \/>\n<meta property=\"og:locale\" content=\"en_US\" \/>\n<meta property=\"og:type\" content=\"article\" \/>\n<meta property=\"og:title\" content=\"Brom\u00e9la\u00efne - California Gold Nutrition , 500 mg, 90 capsules - Maroc\" \/>\n<meta property=\"og:description\" content=\"Achetez California Gold Nutrition Brom\u00e9laine 500 mg (90 capsules) au Maroc. Aide \u00e0 la digestion et r\u00e9duit l&#039;inflammation. Qualit\u00e9 test\u00e9e.\" \/>\n<meta property=\"og:url\" content=\"https:\/\/vitablanca.ma\/en\/product\/california-gold-nutrition-bromelaine-500-mg-90-capsules-vegetales-maroc\/\" \/>\n<meta property=\"og:site_name\" content=\"Vitablanca.ma &ndash; Sant&eacute;, vitalit&eacute; et bien-&ecirc;tre pour tous les Marocains\" \/>\n<meta property=\"article:publisher\" content=\"https:\/\/www.facebook.com\/profile.php?id=61576678196717\" \/>\n<meta property=\"article:modified_time\" content=\"2025-08-30T21:21:22+00:00\" \/>\n<meta property=\"og:image\" content=\"https:\/\/vitablanca.ma\/wp-content\/uploads\/2025\/06\/california-gold-nutrition-bromelaine-500-mg-90-capsules-vegetales-.jpg\" \/>\n\t<meta property=\"og:image:width\" content=\"680\" \/>\n\t<meta property=\"og:image:height\" content=\"680\" \/>\n\t<meta property=\"og:image:type\" content=\"image\/jpeg\" \/>\n<meta name=\"twitter:card\" content=\"summary_large_image\" \/>\n<meta name=\"twitter:label1\" content=\"Est. reading time\" \/>\n\t<meta name=\"twitter:data1\" content=\"1 minute\" \/>\n<script type=\"application\/ld+json\" class=\"yoast-schema-graph\">{\"@context\":\"https:\\\/\\\/schema.org\",\"@graph\":[{\"@type\":[\"WebPage\",\"ItemPage\"],\"@id\":\"https:\\\/\\\/vitablanca.ma\\\/produit\\\/california-gold-nutrition-bromelaine-500-mg-90-capsules-vegetales-maroc\\\/\",\"url\":\"https:\\\/\\\/vitablanca.ma\\\/produit\\\/california-gold-nutrition-bromelaine-500-mg-90-capsules-vegetales-maroc\\\/\",\"name\":\"Brom\u00e9la\u00efne - California Gold Nutrition , 500 mg, 90 capsules - Maroc\",\"isPartOf\":{\"@id\":\"https:\\\/\\\/vitablanca.ma\\\/#website\"},\"primaryImageOfPage\":{\"@id\":\"https:\\\/\\\/vitablanca.ma\\\/produit\\\/california-gold-nutrition-bromelaine-500-mg-90-capsules-vegetales-maroc\\\/#primaryimage\"},\"image\":{\"@id\":\"https:\\\/\\\/vitablanca.ma\\\/produit\\\/california-gold-nutrition-bromelaine-500-mg-90-capsules-vegetales-maroc\\\/#primaryimage\"},\"thumbnailUrl\":\"https:\\\/\\\/vitablanca.ma\\\/wp-content\\\/uploads\\\/2025\\\/06\\\/california-gold-nutrition-bromelaine-500-mg-90-capsules-vegetales-.jpg\",\"datePublished\":\"2025-06-02T15:17:35+00:00\",\"dateModified\":\"2025-08-30T21:21:22+00:00\",\"description\":\"Achetez California Gold Nutrition Brom\u00e9laine 500 mg (90 capsules) au Maroc. Aide \u00e0 la digestion et r\u00e9duit l'inflammation. Qualit\u00e9 test\u00e9e.\",\"breadcrumb\":{\"@id\":\"https:\\\/\\\/vitablanca.ma\\\/produit\\\/california-gold-nutrition-bromelaine-500-mg-90-capsules-vegetales-maroc\\\/#breadcrumb\"},\"inLanguage\":\"en-US\",\"potentialAction\":[{\"@type\":\"ReadAction\",\"target\":[\"https:\\\/\\\/vitablanca.ma\\\/produit\\\/california-gold-nutrition-bromelaine-500-mg-90-capsules-vegetales-maroc\\\/\"]}]},{\"@type\":\"ImageObject\",\"inLanguage\":\"en-US\",\"@id\":\"https:\\\/\\\/vitablanca.ma\\\/produit\\\/california-gold-nutrition-bromelaine-500-mg-90-capsules-vegetales-maroc\\\/#primaryimage\",\"url\":\"https:\\\/\\\/vitablanca.ma\\\/wp-content\\\/uploads\\\/2025\\\/06\\\/california-gold-nutrition-bromelaine-500-mg-90-capsules-vegetales-.jpg\",\"contentUrl\":\"https:\\\/\\\/vitablanca.ma\\\/wp-content\\\/uploads\\\/2025\\\/06\\\/california-gold-nutrition-bromelaine-500-mg-90-capsules-vegetales-.jpg\",\"width\":680,\"height\":680},{\"@type\":\"BreadcrumbList\",\"@id\":\"https:\\\/\\\/vitablanca.ma\\\/produit\\\/california-gold-nutrition-bromelaine-500-mg-90-capsules-vegetales-maroc\\\/#breadcrumb\",\"itemListElement\":[{\"@type\":\"ListItem\",\"position\":1,\"name\":\"Home\",\"item\":\"https:\\\/\\\/vitablanca.ma\\\/\"},{\"@type\":\"ListItem\",\"position\":2,\"name\":\"Tous Les Produits\",\"item\":\"https:\\\/\\\/vitablanca.ma\\\/tous-les-produits\\\/\"},{\"@type\":\"ListItem\",\"position\":3,\"name\":\"California Gold Nutrition Brom\u00e9la\u00efne, 500 mg, 90 capsules v\u00e9g\u00e9tales\"}]},{\"@type\":\"WebSite\",\"@id\":\"https:\\\/\\\/vitablanca.ma\\\/#website\",\"url\":\"https:\\\/\\\/vitablanca.ma\\\/\",\"name\":\"VitaBlanca.ma | Compl\u00e9ments alimentaires, sant\u00e9 & beaut\u00e9 au Maroc\",\"description\":\"vendre vitamines et compl\u00e9ments premium des USA &amp; Canada, Nouvelle Z\u00e9lande,Maroc (NOW Foods, Solgar, Manuka). Livraison rapide partout au Maroc.\",\"publisher\":{\"@id\":\"https:\\\/\\\/vitablanca.ma\\\/#organization\"},\"alternateName\":\"VitaBlanca.ma\",\"potentialAction\":[{\"@type\":\"SearchAction\",\"target\":{\"@type\":\"EntryPoint\",\"urlTemplate\":\"https:\\\/\\\/vitablanca.ma\\\/?s={search_term_string}\"},\"query-input\":{\"@type\":\"PropertyValueSpecification\",\"valueRequired\":true,\"valueName\":\"search_term_string\"}}],\"inLanguage\":\"en-US\"},{\"@type\":\"Organization\",\"@id\":\"https:\\\/\\\/vitablanca.ma\\\/#organization\",\"name\":\"VitaBlanca\",\"url\":\"https:\\\/\\\/vitablanca.ma\\\/\",\"logo\":{\"@type\":\"ImageObject\",\"inLanguage\":\"en-US\",\"@id\":\"https:\\\/\\\/vitablanca.ma\\\/#\\\/schema\\\/logo\\\/image\\\/\",\"url\":\"https:\\\/\\\/vitablanca.ma\\\/wp-content\\\/uploads\\\/2025\\\/05\\\/cropped-vitablanca.png\",\"contentUrl\":\"https:\\\/\\\/vitablanca.ma\\\/wp-content\\\/uploads\\\/2025\\\/05\\\/cropped-vitablanca.png\",\"width\":360,\"height\":67,\"caption\":\"VitaBlanca\"},\"image\":{\"@id\":\"https:\\\/\\\/vitablanca.ma\\\/#\\\/schema\\\/logo\\\/image\\\/\"},\"sameAs\":[\"https:\\\/\\\/www.facebook.com\\\/profile.php?id=61576678196717\",\"https:\\\/\\\/www.tiktok.com\\\/@vitablanca.ma\",\"https:\\\/\\\/www.instagram.com\\\/vitablanca.ma\\\/\"]}]}<\/script>\n<!-- \/ Yoast SEO plugin. -->","yoast_head_json":{"title":"Bromelain - California Gold Nutrition, 500 mg, 90 capsules - Morocco","description":"Buy California Gold Nutrition Bromelain 500 mg (90 capsules) in Morocco. Aids digestion and reduces inflammation. Quality tested.","robots":{"index":"index","follow":"follow","max-snippet":"max-snippet:-1","max-image-preview":"max-image-preview:large","max-video-preview":"max-video-preview:-1"},"canonical":"https:\/\/vitablanca.ma\/en\/product\/california-gold-nutrition-bromelaine-500-mg-90-capsules-vegetales-maroc\/","og_locale":"en_US","og_type":"article","og_title":"Brom\u00e9la\u00efne - California Gold Nutrition , 500 mg, 90 capsules - Maroc","og_description":"Achetez California Gold Nutrition Brom\u00e9laine 500 mg (90 capsules) au Maroc. Aide \u00e0 la digestion et r\u00e9duit l'inflammation. Qualit\u00e9 test\u00e9e.","og_url":"https:\/\/vitablanca.ma\/en\/product\/california-gold-nutrition-bromelaine-500-mg-90-capsules-vegetales-maroc\/","og_site_name":"Vitablanca.ma &ndash; Sant&eacute;, vitalit&eacute; et bien-&ecirc;tre pour tous les Marocains","article_publisher":"https:\/\/www.facebook.com\/profile.php?id=61576678196717","article_modified_time":"2025-08-30T21:21:22+00:00","og_image":[{"width":680,"height":680,"url":"https:\/\/vitablanca.ma\/wp-content\/uploads\/2025\/06\/california-gold-nutrition-bromelaine-500-mg-90-capsules-vegetales-.jpg","type":"image\/jpeg"}],"twitter_card":"summary_large_image","twitter_misc":{"Est. reading time":"1 minute"},"schema":{"@context":"https:\/\/schema.org","@graph":[{"@type":["WebPage","ItemPage"],"@id":"https:\/\/vitablanca.ma\/produit\/california-gold-nutrition-bromelaine-500-mg-90-capsules-vegetales-maroc\/","url":"https:\/\/vitablanca.ma\/produit\/california-gold-nutrition-bromelaine-500-mg-90-capsules-vegetales-maroc\/","name":"Bromelain - California Gold Nutrition, 500 mg, 90 capsules - Morocco","isPartOf":{"@id":"https:\/\/vitablanca.ma\/#website"},"primaryImageOfPage":{"@id":"https:\/\/vitablanca.ma\/produit\/california-gold-nutrition-bromelaine-500-mg-90-capsules-vegetales-maroc\/#primaryimage"},"image":{"@id":"https:\/\/vitablanca.ma\/produit\/california-gold-nutrition-bromelaine-500-mg-90-capsules-vegetales-maroc\/#primaryimage"},"thumbnailUrl":"https:\/\/vitablanca.ma\/wp-content\/uploads\/2025\/06\/california-gold-nutrition-bromelaine-500-mg-90-capsules-vegetales-.jpg","datePublished":"2025-06-02T15:17:35+00:00","dateModified":"2025-08-30T21:21:22+00:00","description":"Buy California Gold Nutrition Bromelain 500 mg (90 capsules) in Morocco. Aids digestion and reduces inflammation. Quality tested.","breadcrumb":{"@id":"https:\/\/vitablanca.ma\/produit\/california-gold-nutrition-bromelaine-500-mg-90-capsules-vegetales-maroc\/#breadcrumb"},"inLanguage":"en-US","potentialAction":[{"@type":"ReadAction","target":["https:\/\/vitablanca.ma\/produit\/california-gold-nutrition-bromelaine-500-mg-90-capsules-vegetales-maroc\/"]}]},{"@type":"ImageObject","inLanguage":"en-US","@id":"https:\/\/vitablanca.ma\/produit\/california-gold-nutrition-bromelaine-500-mg-90-capsules-vegetales-maroc\/#primaryimage","url":"https:\/\/vitablanca.ma\/wp-content\/uploads\/2025\/06\/california-gold-nutrition-bromelaine-500-mg-90-capsules-vegetales-.jpg","contentUrl":"https:\/\/vitablanca.ma\/wp-content\/uploads\/2025\/06\/california-gold-nutrition-bromelaine-500-mg-90-capsules-vegetales-.jpg","width":680,"height":680},{"@type":"BreadcrumbList","@id":"https:\/\/vitablanca.ma\/produit\/california-gold-nutrition-bromelaine-500-mg-90-capsules-vegetales-maroc\/#breadcrumb","itemListElement":[{"@type":"ListItem","position":1,"name":"Home","item":"https:\/\/vitablanca.ma\/"},{"@type":"ListItem","position":2,"name":"Tous Les Produits","item":"https:\/\/vitablanca.ma\/tous-les-produits\/"},{"@type":"ListItem","position":3,"name":"California Gold Nutrition Brom\u00e9la\u00efne, 500 mg, 90 capsules v\u00e9g\u00e9tales"}]},{"@type":"WebSite","@id":"https:\/\/vitablanca.ma\/#website","url":"https:\/\/vitablanca.ma\/","name":"VitaBlanca.ma | Food supplements, health &amp; beauty in Morocco","description":"sell premium vitamins and supplements from USA &amp; Canada, New Zealand, Morocco (NOW Foods, Solgar, Manuka). Fast delivery anywhere in Morocco.","publisher":{"@id":"https:\/\/vitablanca.ma\/#organization"},"alternateName":"VitaBlanca.ma","potentialAction":[{"@type":"SearchAction","target":{"@type":"EntryPoint","urlTemplate":"https:\/\/vitablanca.ma\/?s={search_term_string}"},"query-input":{"@type":"PropertyValueSpecification","valueRequired":true,"valueName":"search_term_string"}}],"inLanguage":"en-US"},{"@type":"Organization","@id":"https:\/\/vitablanca.ma\/#organization","name":"VitaBlanca","url":"https:\/\/vitablanca.ma\/","logo":{"@type":"ImageObject","inLanguage":"en-US","@id":"https:\/\/vitablanca.ma\/#\/schema\/logo\/image\/","url":"https:\/\/vitablanca.ma\/wp-content\/uploads\/2025\/05\/cropped-vitablanca.png","contentUrl":"https:\/\/vitablanca.ma\/wp-content\/uploads\/2025\/05\/cropped-vitablanca.png","width":360,"height":67,"caption":"VitaBlanca"},"image":{"@id":"https:\/\/vitablanca.ma\/#\/schema\/logo\/image\/"},"sameAs":["https:\/\/www.facebook.com\/profile.php?id=61576678196717","https:\/\/www.tiktok.com\/@vitablanca.ma","https:\/\/www.instagram.com\/vitablanca.ma\/"]}]}},"jetpack_sharing_enabled":true,"_links":{"self":[{"href":"https:\/\/vitablanca.ma\/en\/wp-json\/wp\/v2\/product\/14138","targetHints":{"allow":["GET"]}}],"collection":[{"href":"https:\/\/vitablanca.ma\/en\/wp-json\/wp\/v2\/product"}],"about":[{"href":"https:\/\/vitablanca.ma\/en\/wp-json\/wp\/v2\/types\/product"}],"wp:featuredmedia":[{"embeddable":true,"href":"https:\/\/vitablanca.ma\/en\/wp-json\/wp\/v2\/media\/14139"}],"wp:attachment":[{"href":"https:\/\/vitablanca.ma\/en\/wp-json\/wp\/v2\/media?parent=14138"}],"wp:term":[{"taxonomy":"product_brand","embeddable":true,"href":"https:\/\/vitablanca.ma\/en\/wp-json\/wp\/v2\/product_brand?post=14138"},{"taxonomy":"product_cat","embeddable":true,"href":"https:\/\/vitablanca.ma\/en\/wp-json\/wp\/v2\/product_cat?post=14138"},{"taxonomy":"product_tag","embeddable":true,"href":"https:\/\/vitablanca.ma\/en\/wp-json\/wp\/v2\/product_tag?post=14138"}],"curies":[{"name":"wp","href":"https:\/\/api.w.org\/{rel}","templated":true}]}}