{"id":14136,"date":"2025-06-02T15:10:38","date_gmt":"2025-06-02T15:10:38","guid":{"rendered":"https:\/\/vitablanca.ma\/?post_type=product&#038;p=14136"},"modified":"2026-02-18T15:18:06","modified_gmt":"2026-02-18T15:18:06","slug":"natural-factors-citrate-de-zinc-50-mg-30-comprimes-maroc","status":"publish","type":"product","link":"https:\/\/vitablanca.ma\/en\/product\/natural-factors-citrate-de-zinc-50-mg-30-comprimes-maroc\/","title":{"rendered":"Natural Factors Zinc Citrate, 50 mg, 30 Tablets"},"content":{"rendered":"<p>Zinc is a trace mineral found in virtually every cell in the body. It is also a component of over 200 enzymes. Zinc is particularly important for the proper functioning of the immune system, healthy cell growth and skin, prostate and reproductive health, as well as for smell, taste, and vision. Zinc citrate is an excellent form of zinc, as citrates are extremely well absorbed and well tolerated by the body.<\/p>\r\n\r\n\r\n\r\n<p>GMO-free: documentation \u2714<\/p>\r\n\r\n\r\n\r\n<p>Mass spectrometry: laboratory tested product \u2714<\/p>\r\n\r\n\r\n\r\n<p>Suggested Use<\/p>\r\n\r\n\r\n\r\n<p>1 tablet daily or as directed by a healthcare professional.<\/p>","protected":false},"excerpt":{"rendered":"<ul>\n<li>Food supplement<\/li>\n<li>Promotes healthy immune function &amp; healthy skin<\/li>\n<li>Real Zinc (trace element)<\/li>\n<li>Suitable for vegetarians and vegans<\/li>\n<li>Purity &amp; effectiveness guaranteed<\/li>\n<li>Zinc is a trace mineral found in virtually every cell in the body.<\/li>\n<li>It is also a component of over 200 enzymes.<\/li>\n<\/ul>","protected":false},"featured_media":14137,"template":"","meta":{"om_disable_all_campaigns":false},"product_brand":[1808],"product_cat":[18,3366,163,19,1992],"product_tag":[1984,1987,1961,1985,1991,1989,1986,2798,4319,1988,220,1990],"class_list":{"0":"post-14136","1":"product","2":"type-product","3":"status-publish","4":"has-post-thumbnail","6":"product_brand-natural-factors-maroc-prix","7":"product_cat-beaute-sante","8":"product_cat-complements-alimentaires-au-maroc-vitablanca","9":"product_cat-mineraux","10":"product_cat-vitamines-supplements-dietetiques","11":"product_cat-zinc-mineraux","12":"product_tag-50-mg-de-citrate-de-zinc-hautement-assimilable","13":"product_tag-aide-a-la-cicatrisation-et-a-la-sante-cellulaire","14":"product_tag-convient-aux-vegetariens","15":"product_tag-des-cheveux-et-des-ongles-sains","16":"product_tag-fabrique-selon-les-normes-de-qualite-canadiennes","17":"product_tag-favorise-une-peau","18":"product_tag-format-pratique-de-30-comprimes","19":"product_tag-natural-factors","20":"product_tag-natural-factors-maroc","21":"product_tag-sans-gluten-ni-colorants-artificiels","22":"product_tag-sans-ogm","23":"product_tag-soutien-puissant-pour-le-systeme-immunitaire","25":"first","26":"instock","27":"taxable","28":"shipping-taxable","29":"purchasable","30":"product-type-simple"},"yoast_head":"<!-- This site is optimized with the Yoast SEO plugin v27.4 - https:\/\/yoast.com\/product\/yoast-seo-wordpress\/ -->\n<title>Natural Factors Citrate de zinc, 50 mg, 30 comprim\u00e9s - Maroc Prix<\/title>\n<meta name=\"description\" content=\"D\u00e9couvrez le Natural Factors Zinc Citrate 50 mg (30 comprim\u00e9s) au Maroc. Renforcez votre syst\u00e8me immunitaire, soutenez une peau saine et l&#039;\u00e9nergie.\" \/>\n<meta name=\"robots\" content=\"index, follow, max-snippet:-1, max-image-preview:large, max-video-preview:-1\" \/>\n<link rel=\"canonical\" href=\"https:\/\/vitablanca.ma\/en\/product\/natural-factors-citrate-de-zinc-50-mg-30-comprimes-maroc\/\" \/>\n<meta property=\"og:locale\" content=\"en_US\" \/>\n<meta property=\"og:type\" content=\"article\" \/>\n<meta property=\"og:title\" content=\"Natural Factors Citrate de zinc, 50 mg, 30 comprim\u00e9s - Maroc Prix\" \/>\n<meta property=\"og:description\" content=\"D\u00e9couvrez le Natural Factors Zinc Citrate 50 mg (30 comprim\u00e9s) au Maroc. Renforcez votre syst\u00e8me immunitaire, soutenez une peau saine et l&#039;\u00e9nergie.\" \/>\n<meta property=\"og:url\" content=\"https:\/\/vitablanca.ma\/en\/product\/natural-factors-citrate-de-zinc-50-mg-30-comprimes-maroc\/\" \/>\n<meta property=\"og:site_name\" content=\"Vitablanca.ma &ndash; Sant&eacute;, vitalit&eacute; et bien-&ecirc;tre pour tous les Marocains\" \/>\n<meta property=\"article:publisher\" content=\"https:\/\/www.facebook.com\/profile.php?id=61576678196717\" \/>\n<meta property=\"article:modified_time\" content=\"2026-02-18T15:18:06+00:00\" \/>\n<meta property=\"og:image\" content=\"https:\/\/vitablanca.ma\/wp-content\/uploads\/2025\/06\/natural-factors-citrate-de-zinc-50-mg-30-comprimes-.jpg\" \/>\n\t<meta property=\"og:image:width\" content=\"680\" \/>\n\t<meta property=\"og:image:height\" content=\"680\" \/>\n\t<meta property=\"og:image:type\" content=\"image\/jpeg\" \/>\n<meta name=\"twitter:card\" content=\"summary_large_image\" \/>\n<meta name=\"twitter:label1\" content=\"Est. reading time\" \/>\n\t<meta name=\"twitter:data1\" content=\"1 minute\" \/>\n<script type=\"application\/ld+json\" class=\"yoast-schema-graph\">{\"@context\":\"https:\\\/\\\/schema.org\",\"@graph\":[{\"@type\":[\"WebPage\",\"ItemPage\"],\"@id\":\"https:\\\/\\\/vitablanca.ma\\\/produit\\\/natural-factors-citrate-de-zinc-50-mg-30-comprimes-maroc\\\/\",\"url\":\"https:\\\/\\\/vitablanca.ma\\\/produit\\\/natural-factors-citrate-de-zinc-50-mg-30-comprimes-maroc\\\/\",\"name\":\"Natural Factors Citrate de zinc, 50 mg, 30 comprim\u00e9s - Maroc Prix\",\"isPartOf\":{\"@id\":\"https:\\\/\\\/vitablanca.ma\\\/#website\"},\"primaryImageOfPage\":{\"@id\":\"https:\\\/\\\/vitablanca.ma\\\/produit\\\/natural-factors-citrate-de-zinc-50-mg-30-comprimes-maroc\\\/#primaryimage\"},\"image\":{\"@id\":\"https:\\\/\\\/vitablanca.ma\\\/produit\\\/natural-factors-citrate-de-zinc-50-mg-30-comprimes-maroc\\\/#primaryimage\"},\"thumbnailUrl\":\"https:\\\/\\\/vitablanca.ma\\\/wp-content\\\/uploads\\\/2025\\\/06\\\/natural-factors-citrate-de-zinc-50-mg-30-comprimes-.jpg\",\"datePublished\":\"2025-06-02T15:10:38+00:00\",\"dateModified\":\"2026-02-18T15:18:06+00:00\",\"description\":\"D\u00e9couvrez le Natural Factors Zinc Citrate 50 mg (30 comprim\u00e9s) au Maroc. Renforcez votre syst\u00e8me immunitaire, soutenez une peau saine et l'\u00e9nergie.\",\"breadcrumb\":{\"@id\":\"https:\\\/\\\/vitablanca.ma\\\/produit\\\/natural-factors-citrate-de-zinc-50-mg-30-comprimes-maroc\\\/#breadcrumb\"},\"inLanguage\":\"en-US\",\"potentialAction\":[{\"@type\":\"ReadAction\",\"target\":[\"https:\\\/\\\/vitablanca.ma\\\/produit\\\/natural-factors-citrate-de-zinc-50-mg-30-comprimes-maroc\\\/\"]}]},{\"@type\":\"ImageObject\",\"inLanguage\":\"en-US\",\"@id\":\"https:\\\/\\\/vitablanca.ma\\\/produit\\\/natural-factors-citrate-de-zinc-50-mg-30-comprimes-maroc\\\/#primaryimage\",\"url\":\"https:\\\/\\\/vitablanca.ma\\\/wp-content\\\/uploads\\\/2025\\\/06\\\/natural-factors-citrate-de-zinc-50-mg-30-comprimes-.jpg\",\"contentUrl\":\"https:\\\/\\\/vitablanca.ma\\\/wp-content\\\/uploads\\\/2025\\\/06\\\/natural-factors-citrate-de-zinc-50-mg-30-comprimes-.jpg\",\"width\":680,\"height\":680},{\"@type\":\"BreadcrumbList\",\"@id\":\"https:\\\/\\\/vitablanca.ma\\\/produit\\\/natural-factors-citrate-de-zinc-50-mg-30-comprimes-maroc\\\/#breadcrumb\",\"itemListElement\":[{\"@type\":\"ListItem\",\"position\":1,\"name\":\"Home\",\"item\":\"https:\\\/\\\/vitablanca.ma\\\/\"},{\"@type\":\"ListItem\",\"position\":2,\"name\":\"Tous Les Produits\",\"item\":\"https:\\\/\\\/vitablanca.ma\\\/tous-les-produits\\\/\"},{\"@type\":\"ListItem\",\"position\":3,\"name\":\"Natural Factors Citrate de zinc, 50 mg, 30 comprim\u00e9s\"}]},{\"@type\":\"WebSite\",\"@id\":\"https:\\\/\\\/vitablanca.ma\\\/#website\",\"url\":\"https:\\\/\\\/vitablanca.ma\\\/\",\"name\":\"VitaBlanca.ma | Compl\u00e9ments alimentaires, sant\u00e9 & beaut\u00e9 au Maroc\",\"description\":\"vendre vitamines et compl\u00e9ments premium des USA &amp; Canada, Nouvelle Z\u00e9lande,Maroc (NOW Foods, Solgar, Manuka). Livraison rapide partout au Maroc.\",\"publisher\":{\"@id\":\"https:\\\/\\\/vitablanca.ma\\\/#organization\"},\"alternateName\":\"VitaBlanca.ma\",\"potentialAction\":[{\"@type\":\"SearchAction\",\"target\":{\"@type\":\"EntryPoint\",\"urlTemplate\":\"https:\\\/\\\/vitablanca.ma\\\/?s={search_term_string}\"},\"query-input\":{\"@type\":\"PropertyValueSpecification\",\"valueRequired\":true,\"valueName\":\"search_term_string\"}}],\"inLanguage\":\"en-US\"},{\"@type\":\"Organization\",\"@id\":\"https:\\\/\\\/vitablanca.ma\\\/#organization\",\"name\":\"VitaBlanca\",\"url\":\"https:\\\/\\\/vitablanca.ma\\\/\",\"logo\":{\"@type\":\"ImageObject\",\"inLanguage\":\"en-US\",\"@id\":\"https:\\\/\\\/vitablanca.ma\\\/#\\\/schema\\\/logo\\\/image\\\/\",\"url\":\"https:\\\/\\\/vitablanca.ma\\\/wp-content\\\/uploads\\\/2025\\\/05\\\/cropped-vitablanca.png\",\"contentUrl\":\"https:\\\/\\\/vitablanca.ma\\\/wp-content\\\/uploads\\\/2025\\\/05\\\/cropped-vitablanca.png\",\"width\":360,\"height\":67,\"caption\":\"VitaBlanca\"},\"image\":{\"@id\":\"https:\\\/\\\/vitablanca.ma\\\/#\\\/schema\\\/logo\\\/image\\\/\"},\"sameAs\":[\"https:\\\/\\\/www.facebook.com\\\/profile.php?id=61576678196717\",\"https:\\\/\\\/www.tiktok.com\\\/@vitablanca.ma\",\"https:\\\/\\\/www.instagram.com\\\/vitablanca.ma\\\/\"]}]}<\/script>\n<!-- \/ Yoast SEO plugin. -->","yoast_head_json":{"title":"Natural Factors Zinc Citrate, 50 mg, 30 Tablets - Morocco Price","description":"Discover Natural Factors Zinc Citrate 50 mg (30 tablets) in Morocco. Strengthen your immune system, support healthy skin and energy.","robots":{"index":"index","follow":"follow","max-snippet":"max-snippet:-1","max-image-preview":"max-image-preview:large","max-video-preview":"max-video-preview:-1"},"canonical":"https:\/\/vitablanca.ma\/en\/product\/natural-factors-citrate-de-zinc-50-mg-30-comprimes-maroc\/","og_locale":"en_US","og_type":"article","og_title":"Natural Factors Citrate de zinc, 50 mg, 30 comprim\u00e9s - Maroc Prix","og_description":"D\u00e9couvrez le Natural Factors Zinc Citrate 50 mg (30 comprim\u00e9s) au Maroc. Renforcez votre syst\u00e8me immunitaire, soutenez une peau saine et l'\u00e9nergie.","og_url":"https:\/\/vitablanca.ma\/en\/product\/natural-factors-citrate-de-zinc-50-mg-30-comprimes-maroc\/","og_site_name":"Vitablanca.ma &ndash; Sant&eacute;, vitalit&eacute; et bien-&ecirc;tre pour tous les Marocains","article_publisher":"https:\/\/www.facebook.com\/profile.php?id=61576678196717","article_modified_time":"2026-02-18T15:18:06+00:00","og_image":[{"width":680,"height":680,"url":"https:\/\/vitablanca.ma\/wp-content\/uploads\/2025\/06\/natural-factors-citrate-de-zinc-50-mg-30-comprimes-.jpg","type":"image\/jpeg"}],"twitter_card":"summary_large_image","twitter_misc":{"Est. reading time":"1 minute"},"schema":{"@context":"https:\/\/schema.org","@graph":[{"@type":["WebPage","ItemPage"],"@id":"https:\/\/vitablanca.ma\/produit\/natural-factors-citrate-de-zinc-50-mg-30-comprimes-maroc\/","url":"https:\/\/vitablanca.ma\/produit\/natural-factors-citrate-de-zinc-50-mg-30-comprimes-maroc\/","name":"Natural Factors Zinc Citrate, 50 mg, 30 Tablets - Morocco Price","isPartOf":{"@id":"https:\/\/vitablanca.ma\/#website"},"primaryImageOfPage":{"@id":"https:\/\/vitablanca.ma\/produit\/natural-factors-citrate-de-zinc-50-mg-30-comprimes-maroc\/#primaryimage"},"image":{"@id":"https:\/\/vitablanca.ma\/produit\/natural-factors-citrate-de-zinc-50-mg-30-comprimes-maroc\/#primaryimage"},"thumbnailUrl":"https:\/\/vitablanca.ma\/wp-content\/uploads\/2025\/06\/natural-factors-citrate-de-zinc-50-mg-30-comprimes-.jpg","datePublished":"2025-06-02T15:10:38+00:00","dateModified":"2026-02-18T15:18:06+00:00","description":"Discover Natural Factors Zinc Citrate 50 mg (30 tablets) in Morocco. Strengthen your immune system, support healthy skin and energy.","breadcrumb":{"@id":"https:\/\/vitablanca.ma\/produit\/natural-factors-citrate-de-zinc-50-mg-30-comprimes-maroc\/#breadcrumb"},"inLanguage":"en-US","potentialAction":[{"@type":"ReadAction","target":["https:\/\/vitablanca.ma\/produit\/natural-factors-citrate-de-zinc-50-mg-30-comprimes-maroc\/"]}]},{"@type":"ImageObject","inLanguage":"en-US","@id":"https:\/\/vitablanca.ma\/produit\/natural-factors-citrate-de-zinc-50-mg-30-comprimes-maroc\/#primaryimage","url":"https:\/\/vitablanca.ma\/wp-content\/uploads\/2025\/06\/natural-factors-citrate-de-zinc-50-mg-30-comprimes-.jpg","contentUrl":"https:\/\/vitablanca.ma\/wp-content\/uploads\/2025\/06\/natural-factors-citrate-de-zinc-50-mg-30-comprimes-.jpg","width":680,"height":680},{"@type":"BreadcrumbList","@id":"https:\/\/vitablanca.ma\/produit\/natural-factors-citrate-de-zinc-50-mg-30-comprimes-maroc\/#breadcrumb","itemListElement":[{"@type":"ListItem","position":1,"name":"Home","item":"https:\/\/vitablanca.ma\/"},{"@type":"ListItem","position":2,"name":"Tous Les Produits","item":"https:\/\/vitablanca.ma\/tous-les-produits\/"},{"@type":"ListItem","position":3,"name":"Natural Factors Citrate de zinc, 50 mg, 30 comprim\u00e9s"}]},{"@type":"WebSite","@id":"https:\/\/vitablanca.ma\/#website","url":"https:\/\/vitablanca.ma\/","name":"VitaBlanca.ma | Food supplements, health &amp; beauty in Morocco","description":"sell premium vitamins and supplements from USA &amp; Canada, New Zealand, Morocco (NOW Foods, Solgar, Manuka). Fast delivery anywhere in Morocco.","publisher":{"@id":"https:\/\/vitablanca.ma\/#organization"},"alternateName":"VitaBlanca.ma","potentialAction":[{"@type":"SearchAction","target":{"@type":"EntryPoint","urlTemplate":"https:\/\/vitablanca.ma\/?s={search_term_string}"},"query-input":{"@type":"PropertyValueSpecification","valueRequired":true,"valueName":"search_term_string"}}],"inLanguage":"en-US"},{"@type":"Organization","@id":"https:\/\/vitablanca.ma\/#organization","name":"VitaBlanca","url":"https:\/\/vitablanca.ma\/","logo":{"@type":"ImageObject","inLanguage":"en-US","@id":"https:\/\/vitablanca.ma\/#\/schema\/logo\/image\/","url":"https:\/\/vitablanca.ma\/wp-content\/uploads\/2025\/05\/cropped-vitablanca.png","contentUrl":"https:\/\/vitablanca.ma\/wp-content\/uploads\/2025\/05\/cropped-vitablanca.png","width":360,"height":67,"caption":"VitaBlanca"},"image":{"@id":"https:\/\/vitablanca.ma\/#\/schema\/logo\/image\/"},"sameAs":["https:\/\/www.facebook.com\/profile.php?id=61576678196717","https:\/\/www.tiktok.com\/@vitablanca.ma","https:\/\/www.instagram.com\/vitablanca.ma\/"]}]}},"jetpack_sharing_enabled":true,"_links":{"self":[{"href":"https:\/\/vitablanca.ma\/en\/wp-json\/wp\/v2\/product\/14136","targetHints":{"allow":["GET"]}}],"collection":[{"href":"https:\/\/vitablanca.ma\/en\/wp-json\/wp\/v2\/product"}],"about":[{"href":"https:\/\/vitablanca.ma\/en\/wp-json\/wp\/v2\/types\/product"}],"wp:featuredmedia":[{"embeddable":true,"href":"https:\/\/vitablanca.ma\/en\/wp-json\/wp\/v2\/media\/14137"}],"wp:attachment":[{"href":"https:\/\/vitablanca.ma\/en\/wp-json\/wp\/v2\/media?parent=14136"}],"wp:term":[{"taxonomy":"product_brand","embeddable":true,"href":"https:\/\/vitablanca.ma\/en\/wp-json\/wp\/v2\/product_brand?post=14136"},{"taxonomy":"product_cat","embeddable":true,"href":"https:\/\/vitablanca.ma\/en\/wp-json\/wp\/v2\/product_cat?post=14136"},{"taxonomy":"product_tag","embeddable":true,"href":"https:\/\/vitablanca.ma\/en\/wp-json\/wp\/v2\/product_tag?post=14136"}],"curies":[{"name":"wp","href":"https:\/\/api.w.org\/{rel}","templated":true}]}}