{"id":14105,"date":"2025-06-01T17:16:20","date_gmt":"2025-06-01T17:16:20","guid":{"rendered":"https:\/\/vitablanca.ma\/?post_type=product&#038;p=14105"},"modified":"2025-08-30T21:21:47","modified_gmt":"2025-08-30T21:21:47","slug":"swanson-serrazimes-haute-efficacite-34-mg-60-capsules-vegetariennes-maroc","status":"publish","type":"product","link":"https:\/\/vitablanca.ma\/en\/product\/swanson-serrazimes-haute-efficacite-34-mg-60-capsules-vegetariennes-maroc\/","title":{"rendered":"Swanson Serrazimes High Potency, 34 mg, 60 Vegetarian Capsules"},"content":{"rendered":"<p>Les Serrazimes \u00e0 haute efficacit\u00e9 de Swanson sont une enzyme prot\u00e9olytique (une substance qui favorise la d\u00e9gradation des prot\u00e9ines) qui peut soutenir la sant\u00e9 articulaire, circulatoire, respiratoire et immunitaire. Elle a \u00e9t\u00e9 con\u00e7ue comme une alternative \u00e0 la serrapeptidase, un produit initialement isol\u00e9 \u00e0 partir d\u2019une bact\u00e9rie pr\u00e9sente dans l\u2019intestin du ver \u00e0 soie japonais. Les serrazimes ont la m\u00eame activit\u00e9 fibrinolytique in vitro que les compl\u00e9ments \u00e0 base de serrapeptidase.<\/p>\n\n\n\n<p>Suggested Use<\/p>\n\n\n\n<p>En compl\u00e9ment alimentaire, prenez une capsule v\u00e9g\u00e9tale deux fois par jour avec de l\u2019eau \u00e0 jeun au moins deux heures avant ou apr\u00e8s un repas. Pour un b\u00e9n\u00e9fice maximal, prenez deux capsules v\u00e9g\u00e9tariennes deux fois par jour.<a href=\"https:\/\/www.jumia.ma\/customer\/account\/login\/?tkWl=SW231DV0ZS5NKNAFAMZ-67262937&return=%2Fswanson-serrazimes-haute-efficacite-34-mg-60-capsules-vegetariennes-65200106.html\"><\/a><\/p>","protected":false},"excerpt":{"rendered":"<ul>\n<li>Joint and cardiovascular health<\/li>\n<li>20,000 units<\/li>\n<li>Food supplement<\/li>\n<li>Systemic enzyme support for joint, cardiovascular and immune health<\/li>\n<li>High efficiency formula<\/li>\n<li>Quality backed by science since 1969<\/li>\n<li>Vegetarian product<\/li>\n<li>Swanson High Potency Serrazimes is a proteolytic enzyme (a substance that promotes the breakdown of proteins) that can support joint, circulatory, respiratory and immune health.<\/li>\n<\/ul>","protected":false},"featured_media":14106,"template":"","meta":{"om_disable_all_campaigns":false},"product_brand":[672],"product_cat":[18,3366,104,19],"product_tag":[],"class_list":{"0":"post-14105","1":"product","2":"type-product","3":"status-publish","4":"has-post-thumbnail","6":"product_brand-swanson-maroc-prix","7":"product_cat-beaute-sante","8":"product_cat-complements-alimentaires-au-maroc-vitablanca","9":"product_cat-supplements-a-base-de-plantes","10":"product_cat-vitamines-supplements-dietetiques","12":"first","13":"instock","14":"taxable","15":"shipping-taxable","16":"purchasable","17":"product-type-simple"},"yoast_head":"<!-- This site is optimized with the Yoast SEO plugin v27.5 - https:\/\/yoast.com\/product\/yoast-seo-wordpress\/ -->\n<title>Swanson Serrazimes haute efficacit\u00e9, 34 mg - Maroc Prix<\/title>\n<meta name=\"description\" content=\"Achetez Swanson Serrazimes 34 mg 60 capsules. Enzymes puissantes pour le confort articulaire, la r\u00e9cup\u00e9ration musculaire et le soutien anti-inflammatoire\" \/>\n<meta name=\"robots\" content=\"index, follow, max-snippet:-1, max-image-preview:large, max-video-preview:-1\" \/>\n<link rel=\"canonical\" href=\"https:\/\/vitablanca.ma\/en\/product\/swanson-serrazimes-haute-efficacite-34-mg-60-capsules-vegetariennes-maroc\/\" \/>\n<meta property=\"og:locale\" content=\"en_US\" \/>\n<meta property=\"og:type\" content=\"article\" \/>\n<meta property=\"og:title\" content=\"Swanson Serrazimes haute efficacit\u00e9, 34 mg - Maroc Prix\" \/>\n<meta property=\"og:description\" content=\"Achetez Swanson Serrazimes 34 mg 60 capsules. Enzymes puissantes pour le confort articulaire, la r\u00e9cup\u00e9ration musculaire et le soutien anti-inflammatoire\" \/>\n<meta property=\"og:url\" content=\"https:\/\/vitablanca.ma\/en\/product\/swanson-serrazimes-haute-efficacite-34-mg-60-capsules-vegetariennes-maroc\/\" \/>\n<meta property=\"og:site_name\" content=\"Vitablanca.ma &ndash; Sant&eacute;, vitalit&eacute; et bien-&ecirc;tre pour tous les Marocains\" \/>\n<meta property=\"article:publisher\" content=\"https:\/\/www.facebook.com\/profile.php?id=61576678196717\" \/>\n<meta property=\"article:modified_time\" content=\"2025-08-30T21:21:47+00:00\" \/>\n<meta property=\"og:image\" content=\"https:\/\/vitablanca.ma\/wp-content\/uploads\/2025\/06\/swanson-serrazimes-haute-efficacite-34-mg-60-capsules-.jpg\" \/>\n\t<meta property=\"og:image:width\" content=\"680\" \/>\n\t<meta property=\"og:image:height\" content=\"680\" \/>\n\t<meta property=\"og:image:type\" content=\"image\/jpeg\" \/>\n<meta name=\"twitter:card\" content=\"summary_large_image\" \/>\n<meta name=\"twitter:label1\" content=\"Est. reading time\" \/>\n\t<meta name=\"twitter:data1\" content=\"1 minute\" \/>\n<script type=\"application\/ld+json\" class=\"yoast-schema-graph\">{\"@context\":\"https:\\\/\\\/schema.org\",\"@graph\":[{\"@type\":[\"WebPage\",\"ItemPage\"],\"@id\":\"https:\\\/\\\/vitablanca.ma\\\/produit\\\/swanson-serrazimes-haute-efficacite-34-mg-60-capsules-vegetariennes-maroc\\\/\",\"url\":\"https:\\\/\\\/vitablanca.ma\\\/produit\\\/swanson-serrazimes-haute-efficacite-34-mg-60-capsules-vegetariennes-maroc\\\/\",\"name\":\"Swanson Serrazimes haute efficacit\u00e9, 34 mg - Maroc Prix\",\"isPartOf\":{\"@id\":\"https:\\\/\\\/vitablanca.ma\\\/#website\"},\"primaryImageOfPage\":{\"@id\":\"https:\\\/\\\/vitablanca.ma\\\/produit\\\/swanson-serrazimes-haute-efficacite-34-mg-60-capsules-vegetariennes-maroc\\\/#primaryimage\"},\"image\":{\"@id\":\"https:\\\/\\\/vitablanca.ma\\\/produit\\\/swanson-serrazimes-haute-efficacite-34-mg-60-capsules-vegetariennes-maroc\\\/#primaryimage\"},\"thumbnailUrl\":\"https:\\\/\\\/vitablanca.ma\\\/wp-content\\\/uploads\\\/2025\\\/06\\\/swanson-serrazimes-haute-efficacite-34-mg-60-capsules-.jpg\",\"datePublished\":\"2025-06-01T17:16:20+00:00\",\"dateModified\":\"2025-08-30T21:21:47+00:00\",\"description\":\"Achetez Swanson Serrazimes 34 mg 60 capsules. Enzymes puissantes pour le confort articulaire, la r\u00e9cup\u00e9ration musculaire et le soutien anti-inflammatoire\",\"breadcrumb\":{\"@id\":\"https:\\\/\\\/vitablanca.ma\\\/produit\\\/swanson-serrazimes-haute-efficacite-34-mg-60-capsules-vegetariennes-maroc\\\/#breadcrumb\"},\"inLanguage\":\"en-US\",\"potentialAction\":[{\"@type\":\"ReadAction\",\"target\":[\"https:\\\/\\\/vitablanca.ma\\\/produit\\\/swanson-serrazimes-haute-efficacite-34-mg-60-capsules-vegetariennes-maroc\\\/\"]}]},{\"@type\":\"ImageObject\",\"inLanguage\":\"en-US\",\"@id\":\"https:\\\/\\\/vitablanca.ma\\\/produit\\\/swanson-serrazimes-haute-efficacite-34-mg-60-capsules-vegetariennes-maroc\\\/#primaryimage\",\"url\":\"https:\\\/\\\/vitablanca.ma\\\/wp-content\\\/uploads\\\/2025\\\/06\\\/swanson-serrazimes-haute-efficacite-34-mg-60-capsules-.jpg\",\"contentUrl\":\"https:\\\/\\\/vitablanca.ma\\\/wp-content\\\/uploads\\\/2025\\\/06\\\/swanson-serrazimes-haute-efficacite-34-mg-60-capsules-.jpg\",\"width\":680,\"height\":680},{\"@type\":\"BreadcrumbList\",\"@id\":\"https:\\\/\\\/vitablanca.ma\\\/produit\\\/swanson-serrazimes-haute-efficacite-34-mg-60-capsules-vegetariennes-maroc\\\/#breadcrumb\",\"itemListElement\":[{\"@type\":\"ListItem\",\"position\":1,\"name\":\"Home\",\"item\":\"https:\\\/\\\/vitablanca.ma\\\/\"},{\"@type\":\"ListItem\",\"position\":2,\"name\":\"Tous Les Produits\",\"item\":\"https:\\\/\\\/vitablanca.ma\\\/tous-les-produits\\\/\"},{\"@type\":\"ListItem\",\"position\":3,\"name\":\"Swanson Serrazimes haute efficacit\u00e9, 34 mg, 60 capsules v\u00e9g\u00e9tariennes\"}]},{\"@type\":\"WebSite\",\"@id\":\"https:\\\/\\\/vitablanca.ma\\\/#website\",\"url\":\"https:\\\/\\\/vitablanca.ma\\\/\",\"name\":\"VitaBlanca.ma | Compl\u00e9ments alimentaires, sant\u00e9 & beaut\u00e9 au Maroc\",\"description\":\"vendre vitamines et compl\u00e9ments premium des USA &amp; Canada, Nouvelle Z\u00e9lande,Maroc (NOW Foods, Solgar, Manuka). Livraison rapide partout au Maroc.\",\"publisher\":{\"@id\":\"https:\\\/\\\/vitablanca.ma\\\/#organization\"},\"alternateName\":\"VitaBlanca.ma\",\"potentialAction\":[{\"@type\":\"SearchAction\",\"target\":{\"@type\":\"EntryPoint\",\"urlTemplate\":\"https:\\\/\\\/vitablanca.ma\\\/?s={search_term_string}\"},\"query-input\":{\"@type\":\"PropertyValueSpecification\",\"valueRequired\":true,\"valueName\":\"search_term_string\"}}],\"inLanguage\":\"en-US\"},{\"@type\":\"Organization\",\"@id\":\"https:\\\/\\\/vitablanca.ma\\\/#organization\",\"name\":\"VitaBlanca\",\"url\":\"https:\\\/\\\/vitablanca.ma\\\/\",\"logo\":{\"@type\":\"ImageObject\",\"inLanguage\":\"en-US\",\"@id\":\"https:\\\/\\\/vitablanca.ma\\\/#\\\/schema\\\/logo\\\/image\\\/\",\"url\":\"https:\\\/\\\/vitablanca.ma\\\/wp-content\\\/uploads\\\/2025\\\/05\\\/cropped-vitablanca.png\",\"contentUrl\":\"https:\\\/\\\/vitablanca.ma\\\/wp-content\\\/uploads\\\/2025\\\/05\\\/cropped-vitablanca.png\",\"width\":360,\"height\":67,\"caption\":\"VitaBlanca\"},\"image\":{\"@id\":\"https:\\\/\\\/vitablanca.ma\\\/#\\\/schema\\\/logo\\\/image\\\/\"},\"sameAs\":[\"https:\\\/\\\/www.facebook.com\\\/profile.php?id=61576678196717\",\"https:\\\/\\\/www.tiktok.com\\\/@vitablanca.ma\",\"https:\\\/\\\/www.instagram.com\\\/vitablanca.ma\\\/\"]}]}<\/script>\n<!-- \/ Yoast SEO plugin. -->","yoast_head_json":{"title":"Swanson Serrazimes High Potency, 34 mg - Morocco Price","description":"Buy Swanson Serrazimes 34 mg 60 capsules. Powerful enzymes for joint comfort, muscle recovery, and anti-inflammatory support.","robots":{"index":"index","follow":"follow","max-snippet":"max-snippet:-1","max-image-preview":"max-image-preview:large","max-video-preview":"max-video-preview:-1"},"canonical":"https:\/\/vitablanca.ma\/en\/product\/swanson-serrazimes-haute-efficacite-34-mg-60-capsules-vegetariennes-maroc\/","og_locale":"en_US","og_type":"article","og_title":"Swanson Serrazimes haute efficacit\u00e9, 34 mg - Maroc Prix","og_description":"Achetez Swanson Serrazimes 34 mg 60 capsules. Enzymes puissantes pour le confort articulaire, la r\u00e9cup\u00e9ration musculaire et le soutien anti-inflammatoire","og_url":"https:\/\/vitablanca.ma\/en\/product\/swanson-serrazimes-haute-efficacite-34-mg-60-capsules-vegetariennes-maroc\/","og_site_name":"Vitablanca.ma &ndash; Sant&eacute;, vitalit&eacute; et bien-&ecirc;tre pour tous les Marocains","article_publisher":"https:\/\/www.facebook.com\/profile.php?id=61576678196717","article_modified_time":"2025-08-30T21:21:47+00:00","og_image":[{"width":680,"height":680,"url":"https:\/\/vitablanca.ma\/wp-content\/uploads\/2025\/06\/swanson-serrazimes-haute-efficacite-34-mg-60-capsules-.jpg","type":"image\/jpeg"}],"twitter_card":"summary_large_image","twitter_misc":{"Est. reading time":"1 minute"},"schema":{"@context":"https:\/\/schema.org","@graph":[{"@type":["WebPage","ItemPage"],"@id":"https:\/\/vitablanca.ma\/produit\/swanson-serrazimes-haute-efficacite-34-mg-60-capsules-vegetariennes-maroc\/","url":"https:\/\/vitablanca.ma\/produit\/swanson-serrazimes-haute-efficacite-34-mg-60-capsules-vegetariennes-maroc\/","name":"Swanson Serrazimes High Potency, 34 mg - Morocco Price","isPartOf":{"@id":"https:\/\/vitablanca.ma\/#website"},"primaryImageOfPage":{"@id":"https:\/\/vitablanca.ma\/produit\/swanson-serrazimes-haute-efficacite-34-mg-60-capsules-vegetariennes-maroc\/#primaryimage"},"image":{"@id":"https:\/\/vitablanca.ma\/produit\/swanson-serrazimes-haute-efficacite-34-mg-60-capsules-vegetariennes-maroc\/#primaryimage"},"thumbnailUrl":"https:\/\/vitablanca.ma\/wp-content\/uploads\/2025\/06\/swanson-serrazimes-haute-efficacite-34-mg-60-capsules-.jpg","datePublished":"2025-06-01T17:16:20+00:00","dateModified":"2025-08-30T21:21:47+00:00","description":"Buy Swanson Serrazimes 34 mg 60 capsules. Powerful enzymes for joint comfort, muscle recovery, and anti-inflammatory support.","breadcrumb":{"@id":"https:\/\/vitablanca.ma\/produit\/swanson-serrazimes-haute-efficacite-34-mg-60-capsules-vegetariennes-maroc\/#breadcrumb"},"inLanguage":"en-US","potentialAction":[{"@type":"ReadAction","target":["https:\/\/vitablanca.ma\/produit\/swanson-serrazimes-haute-efficacite-34-mg-60-capsules-vegetariennes-maroc\/"]}]},{"@type":"ImageObject","inLanguage":"en-US","@id":"https:\/\/vitablanca.ma\/produit\/swanson-serrazimes-haute-efficacite-34-mg-60-capsules-vegetariennes-maroc\/#primaryimage","url":"https:\/\/vitablanca.ma\/wp-content\/uploads\/2025\/06\/swanson-serrazimes-haute-efficacite-34-mg-60-capsules-.jpg","contentUrl":"https:\/\/vitablanca.ma\/wp-content\/uploads\/2025\/06\/swanson-serrazimes-haute-efficacite-34-mg-60-capsules-.jpg","width":680,"height":680},{"@type":"BreadcrumbList","@id":"https:\/\/vitablanca.ma\/produit\/swanson-serrazimes-haute-efficacite-34-mg-60-capsules-vegetariennes-maroc\/#breadcrumb","itemListElement":[{"@type":"ListItem","position":1,"name":"Home","item":"https:\/\/vitablanca.ma\/"},{"@type":"ListItem","position":2,"name":"Tous Les Produits","item":"https:\/\/vitablanca.ma\/tous-les-produits\/"},{"@type":"ListItem","position":3,"name":"Swanson Serrazimes haute efficacit\u00e9, 34 mg, 60 capsules v\u00e9g\u00e9tariennes"}]},{"@type":"WebSite","@id":"https:\/\/vitablanca.ma\/#website","url":"https:\/\/vitablanca.ma\/","name":"VitaBlanca.ma | Food supplements, health &amp; beauty in Morocco","description":"sell premium vitamins and supplements from USA &amp; Canada, New Zealand, Morocco (NOW Foods, Solgar, Manuka). Fast delivery anywhere in Morocco.","publisher":{"@id":"https:\/\/vitablanca.ma\/#organization"},"alternateName":"VitaBlanca.ma","potentialAction":[{"@type":"SearchAction","target":{"@type":"EntryPoint","urlTemplate":"https:\/\/vitablanca.ma\/?s={search_term_string}"},"query-input":{"@type":"PropertyValueSpecification","valueRequired":true,"valueName":"search_term_string"}}],"inLanguage":"en-US"},{"@type":"Organization","@id":"https:\/\/vitablanca.ma\/#organization","name":"VitaBlanca","url":"https:\/\/vitablanca.ma\/","logo":{"@type":"ImageObject","inLanguage":"en-US","@id":"https:\/\/vitablanca.ma\/#\/schema\/logo\/image\/","url":"https:\/\/vitablanca.ma\/wp-content\/uploads\/2025\/05\/cropped-vitablanca.png","contentUrl":"https:\/\/vitablanca.ma\/wp-content\/uploads\/2025\/05\/cropped-vitablanca.png","width":360,"height":67,"caption":"VitaBlanca"},"image":{"@id":"https:\/\/vitablanca.ma\/#\/schema\/logo\/image\/"},"sameAs":["https:\/\/www.facebook.com\/profile.php?id=61576678196717","https:\/\/www.tiktok.com\/@vitablanca.ma","https:\/\/www.instagram.com\/vitablanca.ma\/"]}]}},"jetpack_sharing_enabled":true,"_links":{"self":[{"href":"https:\/\/vitablanca.ma\/en\/wp-json\/wp\/v2\/product\/14105","targetHints":{"allow":["GET"]}}],"collection":[{"href":"https:\/\/vitablanca.ma\/en\/wp-json\/wp\/v2\/product"}],"about":[{"href":"https:\/\/vitablanca.ma\/en\/wp-json\/wp\/v2\/types\/product"}],"wp:featuredmedia":[{"embeddable":true,"href":"https:\/\/vitablanca.ma\/en\/wp-json\/wp\/v2\/media\/14106"}],"wp:attachment":[{"href":"https:\/\/vitablanca.ma\/en\/wp-json\/wp\/v2\/media?parent=14105"}],"wp:term":[{"taxonomy":"product_brand","embeddable":true,"href":"https:\/\/vitablanca.ma\/en\/wp-json\/wp\/v2\/product_brand?post=14105"},{"taxonomy":"product_cat","embeddable":true,"href":"https:\/\/vitablanca.ma\/en\/wp-json\/wp\/v2\/product_cat?post=14105"},{"taxonomy":"product_tag","embeddable":true,"href":"https:\/\/vitablanca.ma\/en\/wp-json\/wp\/v2\/product_tag?post=14105"}],"curies":[{"name":"wp","href":"https:\/\/api.w.org\/{rel}","templated":true}]}}