{"id":14102,"date":"2025-06-01T17:05:41","date_gmt":"2025-06-01T17:05:41","guid":{"rendered":"https:\/\/vitablanca.ma\/?post_type=product&#038;p=14102"},"modified":"2025-08-30T21:21:48","modified_gmt":"2025-08-30T21:21:48","slug":"swanson-lemongrass-a-spectre-complet-400-mg-60-capsules-maroc","status":"publish","type":"product","link":"https:\/\/vitablanca.ma\/en\/product\/swanson-lemongrass-a-spectre-complet-400-mg-60-capsules-maroc\/","title":{"rendered":"Swanson Full Spectrum Lemongrass, 400 mg, 60 Capsules"},"content":{"rendered":"<p><a href=\"https:\/\/www.jumia.ma\/customer\/account\/login\/?tkWl=SW231DV0CK928NAFAMZ-67262943&return=%2Fswanson-lemongrass-a-spectre-complet-400-mg-60-capsules-65200112.html\"><\/a><\/p>\n\n\n\n<p>Le suppl\u00e9ment de citronnelle \u00e0 spectre complet fait partie d\u2019une tradition \u00e0 base de plantes qui remonte \u00e0 des si\u00e8cles. Comme les autres plantes m\u00e9dicinales de la gamme Swanson Premium Full Spectrum, ce compl\u00e9ment alimentaire \u00e0 la citronnelle est une plante traditionnelle 100 % pure. Rien d\u2019extraordinaire, juste de la citronnelle aux herbes enti\u00e8res pure, naturelle et de haute qualit\u00e9 \u00e0 un prix abordable\u2026 quelque chose que vous attendez de Swanson Health Products. Il provient de son emplacement d\u2019origine, test\u00e9 pour sa puret\u00e9 et sa s\u00e9curit\u00e9 et fabriqu\u00e9 sous les contr\u00f4les de qualit\u00e9 les plus stricts. Perp\u00e9tuez la tradition des plantes m\u00e9dicinales et construisez un pont de bien-\u00eatre naturel entre le pass\u00e9, le pr\u00e9sent et le futur avec la citronnelle \u00e0 spectre complet.<\/p>","protected":false},"excerpt":{"rendered":"<ul>\n<li>Antioxidant source<\/li>\n<li>400 mg per capsule<\/li>\n<li>Herbal supplement<\/li>\n<li>Source of antioxidants that fight free radicals<\/li>\n<li>A convenient alternative to tea or essential oils<\/li>\n<li>A full spectrum of herbal support for overall well-being<\/li>\n<\/ul>","protected":false},"featured_media":14103,"template":"","meta":{"om_disable_all_campaigns":false},"product_brand":[672],"product_cat":[18,3366,104,19],"product_tag":[1926,1922,1921,1920,1923,1925,1924],"class_list":{"0":"post-14102","1":"product","2":"type-product","3":"status-publish","4":"has-post-thumbnail","6":"product_brand-swanson-maroc-prix","7":"product_cat-beaute-sante","8":"product_cat-complements-alimentaires-au-maroc-vitablanca","9":"product_cat-supplements-a-base-de-plantes","10":"product_cat-vitamines-supplements-dietetiques","11":"product_tag-400-mg-de-citronnelle-a-spectre-complet-par-capsule","12":"product_tag-60-capsules-vegetales-faciles-a-prendre","13":"product_tag-aide-digestive-naturelle","14":"product_tag-formule-100-naturelle-sans-ogm-ni-gluten","15":"product_tag-ideal-pour-le-bien-etre-quotidien","16":"product_tag-proprietes-antioxydantes-douces","17":"product_tag-soutient-la-relaxation-et-reduit-le-stress","19":"first","20":"instock","21":"taxable","22":"shipping-taxable","23":"purchasable","24":"product-type-simple"},"yoast_head":"<!-- This site is optimized with the Yoast SEO plugin v27.5 - https:\/\/yoast.com\/product\/yoast-seo-wordpress\/ -->\n<title>Swanson Lemongrass \u00e0 spectre complet, 400 mg - Maroc Prix<\/title>\n<meta name=\"description\" content=\"Achetez Swanson Lemongrass 400 mg (60 capsules) au Maroc. Favorise une digestion saine, r\u00e9duit les ballonnements et offre un puissant soutien antioxydant.\" \/>\n<meta name=\"robots\" content=\"index, follow, max-snippet:-1, max-image-preview:large, max-video-preview:-1\" \/>\n<link rel=\"canonical\" href=\"https:\/\/vitablanca.ma\/en\/product\/swanson-lemongrass-a-spectre-complet-400-mg-60-capsules-maroc\/\" \/>\n<meta property=\"og:locale\" content=\"en_US\" \/>\n<meta property=\"og:type\" content=\"article\" \/>\n<meta property=\"og:title\" content=\"Swanson Lemongrass \u00e0 spectre complet, 400 mg - Maroc Prix\" \/>\n<meta property=\"og:description\" content=\"Achetez Swanson Lemongrass 400 mg (60 capsules) au Maroc. Favorise une digestion saine, r\u00e9duit les ballonnements et offre un puissant soutien antioxydant.\" \/>\n<meta property=\"og:url\" content=\"https:\/\/vitablanca.ma\/en\/product\/swanson-lemongrass-a-spectre-complet-400-mg-60-capsules-maroc\/\" \/>\n<meta property=\"og:site_name\" content=\"Vitablanca.ma &ndash; Sant&eacute;, vitalit&eacute; et bien-&ecirc;tre pour tous les Marocains\" \/>\n<meta property=\"article:publisher\" content=\"https:\/\/www.facebook.com\/profile.php?id=61576678196717\" \/>\n<meta property=\"article:modified_time\" content=\"2025-08-30T21:21:48+00:00\" \/>\n<meta property=\"og:image\" content=\"https:\/\/vitablanca.ma\/wp-content\/uploads\/2025\/06\/swanson-lemongrass-a-spectre-complet-400-mg-60-capsules-.jpg\" \/>\n\t<meta property=\"og:image:width\" content=\"680\" \/>\n\t<meta property=\"og:image:height\" content=\"680\" \/>\n\t<meta property=\"og:image:type\" content=\"image\/jpeg\" \/>\n<meta name=\"twitter:card\" content=\"summary_large_image\" \/>\n<meta name=\"twitter:label1\" content=\"Est. reading time\" \/>\n\t<meta name=\"twitter:data1\" content=\"1 minute\" \/>\n<script type=\"application\/ld+json\" class=\"yoast-schema-graph\">{\"@context\":\"https:\\\/\\\/schema.org\",\"@graph\":[{\"@type\":[\"WebPage\",\"ItemPage\"],\"@id\":\"https:\\\/\\\/vitablanca.ma\\\/produit\\\/swanson-lemongrass-a-spectre-complet-400-mg-60-capsules-maroc\\\/\",\"url\":\"https:\\\/\\\/vitablanca.ma\\\/produit\\\/swanson-lemongrass-a-spectre-complet-400-mg-60-capsules-maroc\\\/\",\"name\":\"Swanson Lemongrass \u00e0 spectre complet, 400 mg - Maroc Prix\",\"isPartOf\":{\"@id\":\"https:\\\/\\\/vitablanca.ma\\\/#website\"},\"primaryImageOfPage\":{\"@id\":\"https:\\\/\\\/vitablanca.ma\\\/produit\\\/swanson-lemongrass-a-spectre-complet-400-mg-60-capsules-maroc\\\/#primaryimage\"},\"image\":{\"@id\":\"https:\\\/\\\/vitablanca.ma\\\/produit\\\/swanson-lemongrass-a-spectre-complet-400-mg-60-capsules-maroc\\\/#primaryimage\"},\"thumbnailUrl\":\"https:\\\/\\\/vitablanca.ma\\\/wp-content\\\/uploads\\\/2025\\\/06\\\/swanson-lemongrass-a-spectre-complet-400-mg-60-capsules-.jpg\",\"datePublished\":\"2025-06-01T17:05:41+00:00\",\"dateModified\":\"2025-08-30T21:21:48+00:00\",\"description\":\"Achetez Swanson Lemongrass 400 mg (60 capsules) au Maroc. Favorise une digestion saine, r\u00e9duit les ballonnements et offre un puissant soutien antioxydant.\",\"breadcrumb\":{\"@id\":\"https:\\\/\\\/vitablanca.ma\\\/produit\\\/swanson-lemongrass-a-spectre-complet-400-mg-60-capsules-maroc\\\/#breadcrumb\"},\"inLanguage\":\"en-US\",\"potentialAction\":[{\"@type\":\"ReadAction\",\"target\":[\"https:\\\/\\\/vitablanca.ma\\\/produit\\\/swanson-lemongrass-a-spectre-complet-400-mg-60-capsules-maroc\\\/\"]}]},{\"@type\":\"ImageObject\",\"inLanguage\":\"en-US\",\"@id\":\"https:\\\/\\\/vitablanca.ma\\\/produit\\\/swanson-lemongrass-a-spectre-complet-400-mg-60-capsules-maroc\\\/#primaryimage\",\"url\":\"https:\\\/\\\/vitablanca.ma\\\/wp-content\\\/uploads\\\/2025\\\/06\\\/swanson-lemongrass-a-spectre-complet-400-mg-60-capsules-.jpg\",\"contentUrl\":\"https:\\\/\\\/vitablanca.ma\\\/wp-content\\\/uploads\\\/2025\\\/06\\\/swanson-lemongrass-a-spectre-complet-400-mg-60-capsules-.jpg\",\"width\":680,\"height\":680},{\"@type\":\"BreadcrumbList\",\"@id\":\"https:\\\/\\\/vitablanca.ma\\\/produit\\\/swanson-lemongrass-a-spectre-complet-400-mg-60-capsules-maroc\\\/#breadcrumb\",\"itemListElement\":[{\"@type\":\"ListItem\",\"position\":1,\"name\":\"Home\",\"item\":\"https:\\\/\\\/vitablanca.ma\\\/\"},{\"@type\":\"ListItem\",\"position\":2,\"name\":\"Tous Les Produits\",\"item\":\"https:\\\/\\\/vitablanca.ma\\\/tous-les-produits\\\/\"},{\"@type\":\"ListItem\",\"position\":3,\"name\":\"Swanson Lemongrass \u00e0 spectre complet, 400 mg, 60 capsules\"}]},{\"@type\":\"WebSite\",\"@id\":\"https:\\\/\\\/vitablanca.ma\\\/#website\",\"url\":\"https:\\\/\\\/vitablanca.ma\\\/\",\"name\":\"VitaBlanca.ma | Compl\u00e9ments alimentaires, sant\u00e9 & beaut\u00e9 au Maroc\",\"description\":\"vendre vitamines et compl\u00e9ments premium des USA &amp; Canada, Nouvelle Z\u00e9lande,Maroc (NOW Foods, Solgar, Manuka). Livraison rapide partout au Maroc.\",\"publisher\":{\"@id\":\"https:\\\/\\\/vitablanca.ma\\\/#organization\"},\"alternateName\":\"VitaBlanca.ma\",\"potentialAction\":[{\"@type\":\"SearchAction\",\"target\":{\"@type\":\"EntryPoint\",\"urlTemplate\":\"https:\\\/\\\/vitablanca.ma\\\/?s={search_term_string}\"},\"query-input\":{\"@type\":\"PropertyValueSpecification\",\"valueRequired\":true,\"valueName\":\"search_term_string\"}}],\"inLanguage\":\"en-US\"},{\"@type\":\"Organization\",\"@id\":\"https:\\\/\\\/vitablanca.ma\\\/#organization\",\"name\":\"VitaBlanca\",\"url\":\"https:\\\/\\\/vitablanca.ma\\\/\",\"logo\":{\"@type\":\"ImageObject\",\"inLanguage\":\"en-US\",\"@id\":\"https:\\\/\\\/vitablanca.ma\\\/#\\\/schema\\\/logo\\\/image\\\/\",\"url\":\"https:\\\/\\\/vitablanca.ma\\\/wp-content\\\/uploads\\\/2025\\\/05\\\/cropped-vitablanca.png\",\"contentUrl\":\"https:\\\/\\\/vitablanca.ma\\\/wp-content\\\/uploads\\\/2025\\\/05\\\/cropped-vitablanca.png\",\"width\":360,\"height\":67,\"caption\":\"VitaBlanca\"},\"image\":{\"@id\":\"https:\\\/\\\/vitablanca.ma\\\/#\\\/schema\\\/logo\\\/image\\\/\"},\"sameAs\":[\"https:\\\/\\\/www.facebook.com\\\/profile.php?id=61576678196717\",\"https:\\\/\\\/www.tiktok.com\\\/@vitablanca.ma\",\"https:\\\/\\\/www.instagram.com\\\/vitablanca.ma\\\/\"]}]}<\/script>\n<!-- \/ Yoast SEO plugin. -->","yoast_head_json":{"title":"Swanson Lemongrass Full Spectrum, 400 mg - Morocco Price","description":"Buy Swanson Lemongrass 400 mg (60 capsules) in Morocco. Promotes healthy digestion, reduces bloating, and provides powerful antioxidant support.","robots":{"index":"index","follow":"follow","max-snippet":"max-snippet:-1","max-image-preview":"max-image-preview:large","max-video-preview":"max-video-preview:-1"},"canonical":"https:\/\/vitablanca.ma\/en\/product\/swanson-lemongrass-a-spectre-complet-400-mg-60-capsules-maroc\/","og_locale":"en_US","og_type":"article","og_title":"Swanson Lemongrass \u00e0 spectre complet, 400 mg - Maroc Prix","og_description":"Achetez Swanson Lemongrass 400 mg (60 capsules) au Maroc. Favorise une digestion saine, r\u00e9duit les ballonnements et offre un puissant soutien antioxydant.","og_url":"https:\/\/vitablanca.ma\/en\/product\/swanson-lemongrass-a-spectre-complet-400-mg-60-capsules-maroc\/","og_site_name":"Vitablanca.ma &ndash; Sant&eacute;, vitalit&eacute; et bien-&ecirc;tre pour tous les Marocains","article_publisher":"https:\/\/www.facebook.com\/profile.php?id=61576678196717","article_modified_time":"2025-08-30T21:21:48+00:00","og_image":[{"width":680,"height":680,"url":"https:\/\/vitablanca.ma\/wp-content\/uploads\/2025\/06\/swanson-lemongrass-a-spectre-complet-400-mg-60-capsules-.jpg","type":"image\/jpeg"}],"twitter_card":"summary_large_image","twitter_misc":{"Est. reading time":"1 minute"},"schema":{"@context":"https:\/\/schema.org","@graph":[{"@type":["WebPage","ItemPage"],"@id":"https:\/\/vitablanca.ma\/produit\/swanson-lemongrass-a-spectre-complet-400-mg-60-capsules-maroc\/","url":"https:\/\/vitablanca.ma\/produit\/swanson-lemongrass-a-spectre-complet-400-mg-60-capsules-maroc\/","name":"Swanson Lemongrass Full Spectrum, 400 mg - Morocco Price","isPartOf":{"@id":"https:\/\/vitablanca.ma\/#website"},"primaryImageOfPage":{"@id":"https:\/\/vitablanca.ma\/produit\/swanson-lemongrass-a-spectre-complet-400-mg-60-capsules-maroc\/#primaryimage"},"image":{"@id":"https:\/\/vitablanca.ma\/produit\/swanson-lemongrass-a-spectre-complet-400-mg-60-capsules-maroc\/#primaryimage"},"thumbnailUrl":"https:\/\/vitablanca.ma\/wp-content\/uploads\/2025\/06\/swanson-lemongrass-a-spectre-complet-400-mg-60-capsules-.jpg","datePublished":"2025-06-01T17:05:41+00:00","dateModified":"2025-08-30T21:21:48+00:00","description":"Buy Swanson Lemongrass 400 mg (60 capsules) in Morocco. Promotes healthy digestion, reduces bloating, and provides powerful antioxidant support.","breadcrumb":{"@id":"https:\/\/vitablanca.ma\/produit\/swanson-lemongrass-a-spectre-complet-400-mg-60-capsules-maroc\/#breadcrumb"},"inLanguage":"en-US","potentialAction":[{"@type":"ReadAction","target":["https:\/\/vitablanca.ma\/produit\/swanson-lemongrass-a-spectre-complet-400-mg-60-capsules-maroc\/"]}]},{"@type":"ImageObject","inLanguage":"en-US","@id":"https:\/\/vitablanca.ma\/produit\/swanson-lemongrass-a-spectre-complet-400-mg-60-capsules-maroc\/#primaryimage","url":"https:\/\/vitablanca.ma\/wp-content\/uploads\/2025\/06\/swanson-lemongrass-a-spectre-complet-400-mg-60-capsules-.jpg","contentUrl":"https:\/\/vitablanca.ma\/wp-content\/uploads\/2025\/06\/swanson-lemongrass-a-spectre-complet-400-mg-60-capsules-.jpg","width":680,"height":680},{"@type":"BreadcrumbList","@id":"https:\/\/vitablanca.ma\/produit\/swanson-lemongrass-a-spectre-complet-400-mg-60-capsules-maroc\/#breadcrumb","itemListElement":[{"@type":"ListItem","position":1,"name":"Home","item":"https:\/\/vitablanca.ma\/"},{"@type":"ListItem","position":2,"name":"Tous Les Produits","item":"https:\/\/vitablanca.ma\/tous-les-produits\/"},{"@type":"ListItem","position":3,"name":"Swanson Lemongrass \u00e0 spectre complet, 400 mg, 60 capsules"}]},{"@type":"WebSite","@id":"https:\/\/vitablanca.ma\/#website","url":"https:\/\/vitablanca.ma\/","name":"VitaBlanca.ma | Food supplements, health &amp; beauty in Morocco","description":"sell premium vitamins and supplements from USA &amp; Canada, New Zealand, Morocco (NOW Foods, Solgar, Manuka). Fast delivery anywhere in Morocco.","publisher":{"@id":"https:\/\/vitablanca.ma\/#organization"},"alternateName":"VitaBlanca.ma","potentialAction":[{"@type":"SearchAction","target":{"@type":"EntryPoint","urlTemplate":"https:\/\/vitablanca.ma\/?s={search_term_string}"},"query-input":{"@type":"PropertyValueSpecification","valueRequired":true,"valueName":"search_term_string"}}],"inLanguage":"en-US"},{"@type":"Organization","@id":"https:\/\/vitablanca.ma\/#organization","name":"VitaBlanca","url":"https:\/\/vitablanca.ma\/","logo":{"@type":"ImageObject","inLanguage":"en-US","@id":"https:\/\/vitablanca.ma\/#\/schema\/logo\/image\/","url":"https:\/\/vitablanca.ma\/wp-content\/uploads\/2025\/05\/cropped-vitablanca.png","contentUrl":"https:\/\/vitablanca.ma\/wp-content\/uploads\/2025\/05\/cropped-vitablanca.png","width":360,"height":67,"caption":"VitaBlanca"},"image":{"@id":"https:\/\/vitablanca.ma\/#\/schema\/logo\/image\/"},"sameAs":["https:\/\/www.facebook.com\/profile.php?id=61576678196717","https:\/\/www.tiktok.com\/@vitablanca.ma","https:\/\/www.instagram.com\/vitablanca.ma\/"]}]}},"jetpack_sharing_enabled":true,"_links":{"self":[{"href":"https:\/\/vitablanca.ma\/en\/wp-json\/wp\/v2\/product\/14102","targetHints":{"allow":["GET"]}}],"collection":[{"href":"https:\/\/vitablanca.ma\/en\/wp-json\/wp\/v2\/product"}],"about":[{"href":"https:\/\/vitablanca.ma\/en\/wp-json\/wp\/v2\/types\/product"}],"wp:featuredmedia":[{"embeddable":true,"href":"https:\/\/vitablanca.ma\/en\/wp-json\/wp\/v2\/media\/14103"}],"wp:attachment":[{"href":"https:\/\/vitablanca.ma\/en\/wp-json\/wp\/v2\/media?parent=14102"}],"wp:term":[{"taxonomy":"product_brand","embeddable":true,"href":"https:\/\/vitablanca.ma\/en\/wp-json\/wp\/v2\/product_brand?post=14102"},{"taxonomy":"product_cat","embeddable":true,"href":"https:\/\/vitablanca.ma\/en\/wp-json\/wp\/v2\/product_cat?post=14102"},{"taxonomy":"product_tag","embeddable":true,"href":"https:\/\/vitablanca.ma\/en\/wp-json\/wp\/v2\/product_tag?post=14102"}],"curies":[{"name":"wp","href":"https:\/\/api.w.org\/{rel}","templated":true}]}}