{"id":14059,"date":"2025-06-01T00:23:05","date_gmt":"2025-06-01T00:23:05","guid":{"rendered":"https:\/\/vitablanca.ma\/?post_type=product&#038;p=14059"},"modified":"2025-12-03T19:33:31","modified_gmt":"2025-12-03T19:33:31","slug":"21st-century-curcumine-95-500-mg-45-caps-vegetarien-maroc","status":"publish","type":"product","link":"https:\/\/vitablanca.ma\/en\/product\/21st-century-curcumine-95-500-mg-45-caps-vegetarien-maroc\/","title":{"rendered":"21st Century Curcumin 95, 500 mg, 45 Vegetarian Caplets."},"content":{"rendered":"<p>Curcumin is the main bioactive component found in the roots of turmeric, a plant belonging to the ginger family. Turmeric has been used as a coloring and flavoring agent in South Asian cuisines for centuries and has also been recommended by traditional Ayurvedic herbalists for thousands of years. Curcumin has been extensively studied by modern scientists for its various biological activities.<a href=\"https:\/\/www.jumia.ma\/customer\/account\/login\/?tkWl=21439DV1N283VNAFAMZ-30968189&amp;return=%2Fcurcumine-95-500-mg-45-caps-vegetarien.-21st-century-mpg940764.html\"><\/a><\/p>","protected":false},"excerpt":{"rendered":"<ul>\n<li>Turmeric Root Extract<\/li>\n<li>Herbal supplement<\/li>\n<li>Standardized extract<\/li>\n<li>95 % curcuminoids<\/li>\n<li>Non-GMO<\/li>\n<li>Food supplement<\/li>\n<li>Vegetarian<\/li>\n<li>Plants\/Herbs<\/li>\n<\/ul>","protected":false},"featured_media":14060,"template":"","meta":{"om_disable_all_campaigns":false},"product_brand":[2417],"product_cat":[18,3366,172,1861,104],"product_tag":[1852,936,987,737,1858,1854,1853,1855,1856,1860,522,1859,1857],"class_list":{"0":"post-14059","1":"product","2":"type-product","3":"status-publish","4":"has-post-thumbnail","6":"product_brand-21st-century-maroc-prix","7":"product_cat-beaute-sante","8":"product_cat-complements-alimentaires-au-maroc-vitablanca","9":"product_cat-curcumine","10":"product_cat-curcumine-vitamines-supplements-dietetiques","11":"product_cat-supplements-a-base-de-plantes","12":"product_tag-21st-century-curcumine","13":"product_tag-anti-inflammatoire-naturel","14":"product_tag-antioxydant-puissant","15":"product_tag-complement-alimentaire-naturel","16":"product_tag-curcuma-500-mg","17":"product_tag-curcumine-95","18":"product_tag-douleurs-articulaires","19":"product_tag-extrait-de-curcuma","20":"product_tag-gelules-vegetariennes-curcuma","21":"product_tag-inflammation-chronique","22":"product_tag-sante-des-articulations","23":"product_tag-soutien-immunitaire","24":"product_tag-supplement-curcumine-maroc","26":"first","27":"instock","28":"taxable","29":"shipping-taxable","30":"purchasable","31":"product-type-simple"},"yoast_head":"<!-- This site is optimized with the Yoast SEO plugin v27.3 - https:\/\/yoast.com\/product\/yoast-seo-wordpress\/ -->\n<title>21st Century Curcumine 95, 500 mg, 45 Caps . - Maroc Prix<\/title>\n<meta name=\"description\" content=\"Achetez 21st Century Curcumine 95 500 mg (45 capsules) au Maroc. Puissant anti-inflammatoire et antioxydant pour la sant\u00e9 articulaire et cellulaire.\" \/>\n<meta name=\"robots\" content=\"index, follow, max-snippet:-1, max-image-preview:large, max-video-preview:-1\" \/>\n<link rel=\"canonical\" href=\"https:\/\/vitablanca.ma\/en\/product\/21st-century-curcumine-95-500-mg-45-caps-vegetarien-maroc\/\" \/>\n<meta property=\"og:locale\" content=\"en_US\" \/>\n<meta property=\"og:type\" content=\"article\" \/>\n<meta property=\"og:title\" content=\"21st Century Curcumine 95, 500 mg, 45 Caps . - Maroc Prix\" \/>\n<meta property=\"og:description\" content=\"Achetez 21st Century Curcumine 95 500 mg (45 capsules) au Maroc. Puissant anti-inflammatoire et antioxydant pour la sant\u00e9 articulaire et cellulaire.\" \/>\n<meta property=\"og:url\" content=\"https:\/\/vitablanca.ma\/en\/product\/21st-century-curcumine-95-500-mg-45-caps-vegetarien-maroc\/\" \/>\n<meta property=\"og:site_name\" content=\"Vitablanca.ma &ndash; Sant&eacute;, vitalit&eacute; et bien-&ecirc;tre pour tous les Marocains\" \/>\n<meta property=\"article:publisher\" content=\"https:\/\/www.facebook.com\/profile.php?id=61576678196717\" \/>\n<meta property=\"article:modified_time\" content=\"2025-12-03T19:33:31+00:00\" \/>\n<meta property=\"og:image\" content=\"https:\/\/vitablanca.ma\/wp-content\/uploads\/2025\/05\/curcumine-95-500-mg-45-caps-vegetarien.-21st-century-.jpg\" \/>\n\t<meta property=\"og:image:width\" content=\"680\" \/>\n\t<meta property=\"og:image:height\" content=\"680\" \/>\n\t<meta property=\"og:image:type\" content=\"image\/jpeg\" \/>\n<meta name=\"twitter:card\" content=\"summary_large_image\" \/>\n<meta name=\"twitter:label1\" content=\"Est. reading time\" \/>\n\t<meta name=\"twitter:data1\" content=\"1 minute\" \/>\n<script type=\"application\/ld+json\" class=\"yoast-schema-graph\">{\"@context\":\"https:\\\/\\\/schema.org\",\"@graph\":[{\"@type\":[\"WebPage\",\"ItemPage\"],\"@id\":\"https:\\\/\\\/vitablanca.ma\\\/produit\\\/21st-century-curcumine-95-500-mg-45-caps-vegetarien-maroc\\\/\",\"url\":\"https:\\\/\\\/vitablanca.ma\\\/produit\\\/21st-century-curcumine-95-500-mg-45-caps-vegetarien-maroc\\\/\",\"name\":\"21st Century Curcumine 95, 500 mg, 45 Caps . - Maroc Prix\",\"isPartOf\":{\"@id\":\"https:\\\/\\\/vitablanca.ma\\\/#website\"},\"primaryImageOfPage\":{\"@id\":\"https:\\\/\\\/vitablanca.ma\\\/produit\\\/21st-century-curcumine-95-500-mg-45-caps-vegetarien-maroc\\\/#primaryimage\"},\"image\":{\"@id\":\"https:\\\/\\\/vitablanca.ma\\\/produit\\\/21st-century-curcumine-95-500-mg-45-caps-vegetarien-maroc\\\/#primaryimage\"},\"thumbnailUrl\":\"https:\\\/\\\/vitablanca.ma\\\/wp-content\\\/uploads\\\/2025\\\/05\\\/curcumine-95-500-mg-45-caps-vegetarien.-21st-century-.jpg\",\"datePublished\":\"2025-06-01T00:23:05+00:00\",\"dateModified\":\"2025-12-03T19:33:31+00:00\",\"description\":\"Achetez 21st Century Curcumine 95 500 mg (45 capsules) au Maroc. Puissant anti-inflammatoire et antioxydant pour la sant\u00e9 articulaire et cellulaire.\",\"breadcrumb\":{\"@id\":\"https:\\\/\\\/vitablanca.ma\\\/produit\\\/21st-century-curcumine-95-500-mg-45-caps-vegetarien-maroc\\\/#breadcrumb\"},\"inLanguage\":\"en-US\",\"potentialAction\":[{\"@type\":\"ReadAction\",\"target\":[\"https:\\\/\\\/vitablanca.ma\\\/produit\\\/21st-century-curcumine-95-500-mg-45-caps-vegetarien-maroc\\\/\"]}]},{\"@type\":\"ImageObject\",\"inLanguage\":\"en-US\",\"@id\":\"https:\\\/\\\/vitablanca.ma\\\/produit\\\/21st-century-curcumine-95-500-mg-45-caps-vegetarien-maroc\\\/#primaryimage\",\"url\":\"https:\\\/\\\/vitablanca.ma\\\/wp-content\\\/uploads\\\/2025\\\/05\\\/curcumine-95-500-mg-45-caps-vegetarien.-21st-century-.jpg\",\"contentUrl\":\"https:\\\/\\\/vitablanca.ma\\\/wp-content\\\/uploads\\\/2025\\\/05\\\/curcumine-95-500-mg-45-caps-vegetarien.-21st-century-.jpg\",\"width\":680,\"height\":680},{\"@type\":\"BreadcrumbList\",\"@id\":\"https:\\\/\\\/vitablanca.ma\\\/produit\\\/21st-century-curcumine-95-500-mg-45-caps-vegetarien-maroc\\\/#breadcrumb\",\"itemListElement\":[{\"@type\":\"ListItem\",\"position\":1,\"name\":\"Home\",\"item\":\"https:\\\/\\\/vitablanca.ma\\\/\"},{\"@type\":\"ListItem\",\"position\":2,\"name\":\"Tous Les Produits\",\"item\":\"https:\\\/\\\/vitablanca.ma\\\/tous-les-produits\\\/\"},{\"@type\":\"ListItem\",\"position\":3,\"name\":\"21st Century Curcumine 95, 500 mg, 45 Caps V\u00e9g\u00e9tarien.\"}]},{\"@type\":\"WebSite\",\"@id\":\"https:\\\/\\\/vitablanca.ma\\\/#website\",\"url\":\"https:\\\/\\\/vitablanca.ma\\\/\",\"name\":\"VitaBlanca.ma | Compl\u00e9ments alimentaires, sant\u00e9 & beaut\u00e9 au Maroc\",\"description\":\"vendre vitamines et compl\u00e9ments premium des USA &amp; Canada, Nouvelle Z\u00e9lande,Maroc (NOW Foods, Solgar, Manuka). Livraison rapide partout au Maroc.\",\"publisher\":{\"@id\":\"https:\\\/\\\/vitablanca.ma\\\/#organization\"},\"alternateName\":\"VitaBlanca.ma\",\"potentialAction\":[{\"@type\":\"SearchAction\",\"target\":{\"@type\":\"EntryPoint\",\"urlTemplate\":\"https:\\\/\\\/vitablanca.ma\\\/?s={search_term_string}\"},\"query-input\":{\"@type\":\"PropertyValueSpecification\",\"valueRequired\":true,\"valueName\":\"search_term_string\"}}],\"inLanguage\":\"en-US\"},{\"@type\":\"Organization\",\"@id\":\"https:\\\/\\\/vitablanca.ma\\\/#organization\",\"name\":\"VitaBlanca\",\"url\":\"https:\\\/\\\/vitablanca.ma\\\/\",\"logo\":{\"@type\":\"ImageObject\",\"inLanguage\":\"en-US\",\"@id\":\"https:\\\/\\\/vitablanca.ma\\\/#\\\/schema\\\/logo\\\/image\\\/\",\"url\":\"https:\\\/\\\/vitablanca.ma\\\/wp-content\\\/uploads\\\/2025\\\/05\\\/cropped-vitablanca.png\",\"contentUrl\":\"https:\\\/\\\/vitablanca.ma\\\/wp-content\\\/uploads\\\/2025\\\/05\\\/cropped-vitablanca.png\",\"width\":360,\"height\":67,\"caption\":\"VitaBlanca\"},\"image\":{\"@id\":\"https:\\\/\\\/vitablanca.ma\\\/#\\\/schema\\\/logo\\\/image\\\/\"},\"sameAs\":[\"https:\\\/\\\/www.facebook.com\\\/profile.php?id=61576678196717\",\"https:\\\/\\\/www.tiktok.com\\\/@vitablanca.ma\",\"https:\\\/\\\/www.instagram.com\\\/vitablanca.ma\\\/\"]}]}<\/script>\n<!-- \/ Yoast SEO plugin. -->","yoast_head_json":{"title":"21st Century Curcumin 95, 500 mg, 45 Caplets - Morocco Price","description":"Buy 21st Century Curcumin 95,500 mg (45 capsules) in Morocco. Powerful anti-inflammatory and antioxidant for joint and cellular health.","robots":{"index":"index","follow":"follow","max-snippet":"max-snippet:-1","max-image-preview":"max-image-preview:large","max-video-preview":"max-video-preview:-1"},"canonical":"https:\/\/vitablanca.ma\/en\/product\/21st-century-curcumine-95-500-mg-45-caps-vegetarien-maroc\/","og_locale":"en_US","og_type":"article","og_title":"21st Century Curcumine 95, 500 mg, 45 Caps . - Maroc Prix","og_description":"Achetez 21st Century Curcumine 95 500 mg (45 capsules) au Maroc. Puissant anti-inflammatoire et antioxydant pour la sant\u00e9 articulaire et cellulaire.","og_url":"https:\/\/vitablanca.ma\/en\/product\/21st-century-curcumine-95-500-mg-45-caps-vegetarien-maroc\/","og_site_name":"Vitablanca.ma &ndash; Sant&eacute;, vitalit&eacute; et bien-&ecirc;tre pour tous les Marocains","article_publisher":"https:\/\/www.facebook.com\/profile.php?id=61576678196717","article_modified_time":"2025-12-03T19:33:31+00:00","og_image":[{"width":680,"height":680,"url":"https:\/\/vitablanca.ma\/wp-content\/uploads\/2025\/05\/curcumine-95-500-mg-45-caps-vegetarien.-21st-century-.jpg","type":"image\/jpeg"}],"twitter_card":"summary_large_image","twitter_misc":{"Est. reading time":"1 minute"},"schema":{"@context":"https:\/\/schema.org","@graph":[{"@type":["WebPage","ItemPage"],"@id":"https:\/\/vitablanca.ma\/produit\/21st-century-curcumine-95-500-mg-45-caps-vegetarien-maroc\/","url":"https:\/\/vitablanca.ma\/produit\/21st-century-curcumine-95-500-mg-45-caps-vegetarien-maroc\/","name":"21st Century Curcumin 95, 500 mg, 45 Caplets - Morocco Price","isPartOf":{"@id":"https:\/\/vitablanca.ma\/#website"},"primaryImageOfPage":{"@id":"https:\/\/vitablanca.ma\/produit\/21st-century-curcumine-95-500-mg-45-caps-vegetarien-maroc\/#primaryimage"},"image":{"@id":"https:\/\/vitablanca.ma\/produit\/21st-century-curcumine-95-500-mg-45-caps-vegetarien-maroc\/#primaryimage"},"thumbnailUrl":"https:\/\/vitablanca.ma\/wp-content\/uploads\/2025\/05\/curcumine-95-500-mg-45-caps-vegetarien.-21st-century-.jpg","datePublished":"2025-06-01T00:23:05+00:00","dateModified":"2025-12-03T19:33:31+00:00","description":"Buy 21st Century Curcumin 95,500 mg (45 capsules) in Morocco. Powerful anti-inflammatory and antioxidant for joint and cellular health.","breadcrumb":{"@id":"https:\/\/vitablanca.ma\/produit\/21st-century-curcumine-95-500-mg-45-caps-vegetarien-maroc\/#breadcrumb"},"inLanguage":"en-US","potentialAction":[{"@type":"ReadAction","target":["https:\/\/vitablanca.ma\/produit\/21st-century-curcumine-95-500-mg-45-caps-vegetarien-maroc\/"]}]},{"@type":"ImageObject","inLanguage":"en-US","@id":"https:\/\/vitablanca.ma\/produit\/21st-century-curcumine-95-500-mg-45-caps-vegetarien-maroc\/#primaryimage","url":"https:\/\/vitablanca.ma\/wp-content\/uploads\/2025\/05\/curcumine-95-500-mg-45-caps-vegetarien.-21st-century-.jpg","contentUrl":"https:\/\/vitablanca.ma\/wp-content\/uploads\/2025\/05\/curcumine-95-500-mg-45-caps-vegetarien.-21st-century-.jpg","width":680,"height":680},{"@type":"BreadcrumbList","@id":"https:\/\/vitablanca.ma\/produit\/21st-century-curcumine-95-500-mg-45-caps-vegetarien-maroc\/#breadcrumb","itemListElement":[{"@type":"ListItem","position":1,"name":"Home","item":"https:\/\/vitablanca.ma\/"},{"@type":"ListItem","position":2,"name":"Tous Les Produits","item":"https:\/\/vitablanca.ma\/tous-les-produits\/"},{"@type":"ListItem","position":3,"name":"21st Century Curcumine 95, 500 mg, 45 Caps V\u00e9g\u00e9tarien."}]},{"@type":"WebSite","@id":"https:\/\/vitablanca.ma\/#website","url":"https:\/\/vitablanca.ma\/","name":"VitaBlanca.ma | Food supplements, health &amp; beauty in Morocco","description":"sell premium vitamins and supplements from USA &amp; Canada, New Zealand, Morocco (NOW Foods, Solgar, Manuka). Fast delivery anywhere in Morocco.","publisher":{"@id":"https:\/\/vitablanca.ma\/#organization"},"alternateName":"VitaBlanca.ma","potentialAction":[{"@type":"SearchAction","target":{"@type":"EntryPoint","urlTemplate":"https:\/\/vitablanca.ma\/?s={search_term_string}"},"query-input":{"@type":"PropertyValueSpecification","valueRequired":true,"valueName":"search_term_string"}}],"inLanguage":"en-US"},{"@type":"Organization","@id":"https:\/\/vitablanca.ma\/#organization","name":"VitaBlanca","url":"https:\/\/vitablanca.ma\/","logo":{"@type":"ImageObject","inLanguage":"en-US","@id":"https:\/\/vitablanca.ma\/#\/schema\/logo\/image\/","url":"https:\/\/vitablanca.ma\/wp-content\/uploads\/2025\/05\/cropped-vitablanca.png","contentUrl":"https:\/\/vitablanca.ma\/wp-content\/uploads\/2025\/05\/cropped-vitablanca.png","width":360,"height":67,"caption":"VitaBlanca"},"image":{"@id":"https:\/\/vitablanca.ma\/#\/schema\/logo\/image\/"},"sameAs":["https:\/\/www.facebook.com\/profile.php?id=61576678196717","https:\/\/www.tiktok.com\/@vitablanca.ma","https:\/\/www.instagram.com\/vitablanca.ma\/"]}]}},"jetpack_sharing_enabled":true,"_links":{"self":[{"href":"https:\/\/vitablanca.ma\/en\/wp-json\/wp\/v2\/product\/14059","targetHints":{"allow":["GET"]}}],"collection":[{"href":"https:\/\/vitablanca.ma\/en\/wp-json\/wp\/v2\/product"}],"about":[{"href":"https:\/\/vitablanca.ma\/en\/wp-json\/wp\/v2\/types\/product"}],"wp:featuredmedia":[{"embeddable":true,"href":"https:\/\/vitablanca.ma\/en\/wp-json\/wp\/v2\/media\/14060"}],"wp:attachment":[{"href":"https:\/\/vitablanca.ma\/en\/wp-json\/wp\/v2\/media?parent=14059"}],"wp:term":[{"taxonomy":"product_brand","embeddable":true,"href":"https:\/\/vitablanca.ma\/en\/wp-json\/wp\/v2\/product_brand?post=14059"},{"taxonomy":"product_cat","embeddable":true,"href":"https:\/\/vitablanca.ma\/en\/wp-json\/wp\/v2\/product_cat?post=14059"},{"taxonomy":"product_tag","embeddable":true,"href":"https:\/\/vitablanca.ma\/en\/wp-json\/wp\/v2\/product_tag?post=14059"}],"curies":[{"name":"wp","href":"https:\/\/api.w.org\/{rel}","templated":true}]}}