{"id":14040,"date":"2025-05-31T20:56:25","date_gmt":"2025-05-31T20:56:25","guid":{"rendered":"https:\/\/vitablanca.ma\/?post_type=product&#038;p=14040"},"modified":"2025-08-30T21:21:57","modified_gmt":"2025-08-30T21:21:57","slug":"natures-way-echinacea-astragalus-amp-reishi-1200-mg-100-caps-maroc","status":"publish","type":"product","link":"https:\/\/vitablanca.ma\/en\/product\/natures-way-echinacea-astragalus-amp-reishi-1200-mg-100-caps-maroc\/","title":{"rendered":"Nature&#039;S Way Echinacea Astragalus &amp; Reishi, 1200 mg, 100 Caps."},"content":{"rendered":"<p>Nous avons m\u00e9lang\u00e9 l\u2019\u00e9chinac\u00e9e avec l\u2019astragale et le champignon adaptog\u00e8ne, le reishi, pour un m\u00e9lange \u00e0 base de plantes qui soutient la fonction immunitaire. Nous testons nos m\u00e9langes pour la puret\u00e9 et l\u2019authenticit\u00e9, nous tenant aux normes de qualit\u00e9 les plus \u00e9lev\u00e9es pour nous assurer que nous vous apportons les meilleures plantes disponibles.<\/p>","protected":false},"excerpt":{"rendered":"<p>Premium Blend Supports Immunity Authentic Tru-ID Certified Non-GMO Project Verified 1200 mg per serving Dietary Supplement Adaptogenic Vegan<\/p>","protected":false},"featured_media":14041,"template":"","meta":{"om_disable_all_campaigns":false},"product_brand":[],"product_cat":[18,3366,1832,104,19],"product_tag":[1826,786,1829,1830,1827,1831,1828,1825],"class_list":{"0":"post-14040","1":"product","2":"type-product","3":"status-publish","4":"has-post-thumbnail","6":"product_cat-beaute-sante","7":"product_cat-complements-alimentaires-au-maroc-vitablanca","8":"product_cat-echinacee","9":"product_cat-supplements-a-base-de-plantes","10":"product_cat-vitamines-supplements-dietetiques","11":"product_tag-astragalus-maroc","12":"product_tag-complement-immunite-maroc","13":"product_tag-defenses-naturelles-maroc","14":"product_tag-echinacea-maroc","15":"product_tag-immunite-naturelle-maroc","16":"product_tag-natures-way-maroc","17":"product_tag-plantes-medicinales-maroc","18":"product_tag-reishi-maroc","20":"first","21":"instock","22":"taxable","23":"shipping-taxable","24":"purchasable","25":"product-type-simple"},"yoast_head":"<!-- This site is optimized with the Yoast SEO plugin v27.5 - https:\/\/yoast.com\/product\/yoast-seo-wordpress\/ -->\n<title>Nature&#039;S Way Echinacea Astragalus &amp; Reishi, 1200 mg - Maroc Prix<\/title>\n<meta name=\"description\" content=\"Achetez Nature&#039;s Way Echinacea, Astragalus &amp; Reishi (100 capsules) au Maroc. Triple action pour un soutien immunitaire renforc\u00e9, vitalit\u00e9 et gestion du stress.\" \/>\n<meta name=\"robots\" content=\"index, follow, max-snippet:-1, max-image-preview:large, max-video-preview:-1\" \/>\n<link rel=\"canonical\" href=\"https:\/\/vitablanca.ma\/en\/product\/natures-way-echinacea-astragalus-amp-reishi-1200-mg-100-caps-maroc\/\" \/>\n<meta property=\"og:locale\" content=\"en_US\" \/>\n<meta property=\"og:type\" content=\"article\" \/>\n<meta property=\"og:title\" content=\"Nature&#039;S Way Echinacea Astragalus &amp; Reishi, 1200 mg - Maroc Prix\" \/>\n<meta property=\"og:description\" content=\"Achetez Nature&#039;s Way Echinacea, Astragalus &amp; Reishi (100 capsules) au Maroc. Triple action pour un soutien immunitaire renforc\u00e9, vitalit\u00e9 et gestion du stress.\" \/>\n<meta property=\"og:url\" content=\"https:\/\/vitablanca.ma\/en\/product\/natures-way-echinacea-astragalus-amp-reishi-1200-mg-100-caps-maroc\/\" \/>\n<meta property=\"og:site_name\" content=\"Vitablanca.ma &ndash; Sant&eacute;, vitalit&eacute; et bien-&ecirc;tre pour tous les Marocains\" \/>\n<meta property=\"article:publisher\" content=\"https:\/\/www.facebook.com\/profile.php?id=61576678196717\" \/>\n<meta property=\"article:modified_time\" content=\"2025-08-30T21:21:57+00:00\" \/>\n<meta property=\"og:image\" content=\"https:\/\/vitablanca.ma\/wp-content\/uploads\/2025\/05\/echinacea-astragalus-reishi-1200-mg-100-caps-natures-way-.jpg\" \/>\n\t<meta property=\"og:image:width\" content=\"680\" \/>\n\t<meta property=\"og:image:height\" content=\"680\" \/>\n\t<meta property=\"og:image:type\" content=\"image\/jpeg\" \/>\n<meta name=\"twitter:card\" content=\"summary_large_image\" \/>\n<meta name=\"twitter:label1\" content=\"Est. reading time\" \/>\n\t<meta name=\"twitter:data1\" content=\"1 minute\" \/>\n<script type=\"application\/ld+json\" class=\"yoast-schema-graph\">{\"@context\":\"https:\\\/\\\/schema.org\",\"@graph\":[{\"@type\":[\"WebPage\",\"ItemPage\"],\"@id\":\"https:\\\/\\\/vitablanca.ma\\\/produit\\\/natures-way-echinacea-astragalus-amp-reishi-1200-mg-100-caps-maroc\\\/\",\"url\":\"https:\\\/\\\/vitablanca.ma\\\/produit\\\/natures-way-echinacea-astragalus-amp-reishi-1200-mg-100-caps-maroc\\\/\",\"name\":\"Nature'S Way Echinacea Astragalus & Reishi, 1200 mg - Maroc Prix\",\"isPartOf\":{\"@id\":\"https:\\\/\\\/vitablanca.ma\\\/#website\"},\"primaryImageOfPage\":{\"@id\":\"https:\\\/\\\/vitablanca.ma\\\/produit\\\/natures-way-echinacea-astragalus-amp-reishi-1200-mg-100-caps-maroc\\\/#primaryimage\"},\"image\":{\"@id\":\"https:\\\/\\\/vitablanca.ma\\\/produit\\\/natures-way-echinacea-astragalus-amp-reishi-1200-mg-100-caps-maroc\\\/#primaryimage\"},\"thumbnailUrl\":\"https:\\\/\\\/vitablanca.ma\\\/wp-content\\\/uploads\\\/2025\\\/05\\\/echinacea-astragalus-reishi-1200-mg-100-caps-natures-way-.jpg\",\"datePublished\":\"2025-05-31T20:56:25+00:00\",\"dateModified\":\"2025-08-30T21:21:57+00:00\",\"description\":\"Achetez Nature's Way Echinacea, Astragalus & Reishi (100 capsules) au Maroc. Triple action pour un soutien immunitaire renforc\u00e9, vitalit\u00e9 et gestion du stress.\",\"breadcrumb\":{\"@id\":\"https:\\\/\\\/vitablanca.ma\\\/produit\\\/natures-way-echinacea-astragalus-amp-reishi-1200-mg-100-caps-maroc\\\/#breadcrumb\"},\"inLanguage\":\"en-US\",\"potentialAction\":[{\"@type\":\"ReadAction\",\"target\":[\"https:\\\/\\\/vitablanca.ma\\\/produit\\\/natures-way-echinacea-astragalus-amp-reishi-1200-mg-100-caps-maroc\\\/\"]}]},{\"@type\":\"ImageObject\",\"inLanguage\":\"en-US\",\"@id\":\"https:\\\/\\\/vitablanca.ma\\\/produit\\\/natures-way-echinacea-astragalus-amp-reishi-1200-mg-100-caps-maroc\\\/#primaryimage\",\"url\":\"https:\\\/\\\/vitablanca.ma\\\/wp-content\\\/uploads\\\/2025\\\/05\\\/echinacea-astragalus-reishi-1200-mg-100-caps-natures-way-.jpg\",\"contentUrl\":\"https:\\\/\\\/vitablanca.ma\\\/wp-content\\\/uploads\\\/2025\\\/05\\\/echinacea-astragalus-reishi-1200-mg-100-caps-natures-way-.jpg\",\"width\":680,\"height\":680},{\"@type\":\"BreadcrumbList\",\"@id\":\"https:\\\/\\\/vitablanca.ma\\\/produit\\\/natures-way-echinacea-astragalus-amp-reishi-1200-mg-100-caps-maroc\\\/#breadcrumb\",\"itemListElement\":[{\"@type\":\"ListItem\",\"position\":1,\"name\":\"Home\",\"item\":\"https:\\\/\\\/vitablanca.ma\\\/\"},{\"@type\":\"ListItem\",\"position\":2,\"name\":\"Tous Les Produits\",\"item\":\"https:\\\/\\\/vitablanca.ma\\\/tous-les-produits\\\/\"},{\"@type\":\"ListItem\",\"position\":3,\"name\":\"Nature&#8217;S Way Echinacea Astragalus &amp; Reishi, 1200 mg, 100 Caps.\"}]},{\"@type\":\"WebSite\",\"@id\":\"https:\\\/\\\/vitablanca.ma\\\/#website\",\"url\":\"https:\\\/\\\/vitablanca.ma\\\/\",\"name\":\"VitaBlanca.ma | Compl\u00e9ments alimentaires, sant\u00e9 & beaut\u00e9 au Maroc\",\"description\":\"vendre vitamines et compl\u00e9ments premium des USA &amp; Canada, Nouvelle Z\u00e9lande,Maroc (NOW Foods, Solgar, Manuka). Livraison rapide partout au Maroc.\",\"publisher\":{\"@id\":\"https:\\\/\\\/vitablanca.ma\\\/#organization\"},\"alternateName\":\"VitaBlanca.ma\",\"potentialAction\":[{\"@type\":\"SearchAction\",\"target\":{\"@type\":\"EntryPoint\",\"urlTemplate\":\"https:\\\/\\\/vitablanca.ma\\\/?s={search_term_string}\"},\"query-input\":{\"@type\":\"PropertyValueSpecification\",\"valueRequired\":true,\"valueName\":\"search_term_string\"}}],\"inLanguage\":\"en-US\"},{\"@type\":\"Organization\",\"@id\":\"https:\\\/\\\/vitablanca.ma\\\/#organization\",\"name\":\"VitaBlanca\",\"url\":\"https:\\\/\\\/vitablanca.ma\\\/\",\"logo\":{\"@type\":\"ImageObject\",\"inLanguage\":\"en-US\",\"@id\":\"https:\\\/\\\/vitablanca.ma\\\/#\\\/schema\\\/logo\\\/image\\\/\",\"url\":\"https:\\\/\\\/vitablanca.ma\\\/wp-content\\\/uploads\\\/2025\\\/05\\\/cropped-vitablanca.png\",\"contentUrl\":\"https:\\\/\\\/vitablanca.ma\\\/wp-content\\\/uploads\\\/2025\\\/05\\\/cropped-vitablanca.png\",\"width\":360,\"height\":67,\"caption\":\"VitaBlanca\"},\"image\":{\"@id\":\"https:\\\/\\\/vitablanca.ma\\\/#\\\/schema\\\/logo\\\/image\\\/\"},\"sameAs\":[\"https:\\\/\\\/www.facebook.com\\\/profile.php?id=61576678196717\",\"https:\\\/\\\/www.tiktok.com\\\/@vitablanca.ma\",\"https:\\\/\\\/www.instagram.com\\\/vitablanca.ma\\\/\"]}]}<\/script>\n<!-- \/ Yoast SEO plugin. -->","yoast_head_json":{"title":"Nature&#039;S Way Echinacea Astragalus &amp; Reishi, 1200 mg - Morocco Price","description":"Buy Nature&#039;s Way Echinacea, Astragalus &amp; Reishi (100 capsules) in Morocco. Triple action for enhanced immune support, vitality, and stress management.","robots":{"index":"index","follow":"follow","max-snippet":"max-snippet:-1","max-image-preview":"max-image-preview:large","max-video-preview":"max-video-preview:-1"},"canonical":"https:\/\/vitablanca.ma\/en\/product\/natures-way-echinacea-astragalus-amp-reishi-1200-mg-100-caps-maroc\/","og_locale":"en_US","og_type":"article","og_title":"Nature'S Way Echinacea Astragalus & Reishi, 1200 mg - Maroc Prix","og_description":"Achetez Nature's Way Echinacea, Astragalus & Reishi (100 capsules) au Maroc. Triple action pour un soutien immunitaire renforc\u00e9, vitalit\u00e9 et gestion du stress.","og_url":"https:\/\/vitablanca.ma\/en\/product\/natures-way-echinacea-astragalus-amp-reishi-1200-mg-100-caps-maroc\/","og_site_name":"Vitablanca.ma &ndash; Sant&eacute;, vitalit&eacute; et bien-&ecirc;tre pour tous les Marocains","article_publisher":"https:\/\/www.facebook.com\/profile.php?id=61576678196717","article_modified_time":"2025-08-30T21:21:57+00:00","og_image":[{"width":680,"height":680,"url":"https:\/\/vitablanca.ma\/wp-content\/uploads\/2025\/05\/echinacea-astragalus-reishi-1200-mg-100-caps-natures-way-.jpg","type":"image\/jpeg"}],"twitter_card":"summary_large_image","twitter_misc":{"Est. reading time":"1 minute"},"schema":{"@context":"https:\/\/schema.org","@graph":[{"@type":["WebPage","ItemPage"],"@id":"https:\/\/vitablanca.ma\/produit\/natures-way-echinacea-astragalus-amp-reishi-1200-mg-100-caps-maroc\/","url":"https:\/\/vitablanca.ma\/produit\/natures-way-echinacea-astragalus-amp-reishi-1200-mg-100-caps-maroc\/","name":"Nature&#039;S Way Echinacea Astragalus &amp; Reishi, 1200 mg - Morocco Price","isPartOf":{"@id":"https:\/\/vitablanca.ma\/#website"},"primaryImageOfPage":{"@id":"https:\/\/vitablanca.ma\/produit\/natures-way-echinacea-astragalus-amp-reishi-1200-mg-100-caps-maroc\/#primaryimage"},"image":{"@id":"https:\/\/vitablanca.ma\/produit\/natures-way-echinacea-astragalus-amp-reishi-1200-mg-100-caps-maroc\/#primaryimage"},"thumbnailUrl":"https:\/\/vitablanca.ma\/wp-content\/uploads\/2025\/05\/echinacea-astragalus-reishi-1200-mg-100-caps-natures-way-.jpg","datePublished":"2025-05-31T20:56:25+00:00","dateModified":"2025-08-30T21:21:57+00:00","description":"Buy Nature&#039;s Way Echinacea, Astragalus &amp; Reishi (100 capsules) in Morocco. Triple action for enhanced immune support, vitality, and stress management.","breadcrumb":{"@id":"https:\/\/vitablanca.ma\/produit\/natures-way-echinacea-astragalus-amp-reishi-1200-mg-100-caps-maroc\/#breadcrumb"},"inLanguage":"en-US","potentialAction":[{"@type":"ReadAction","target":["https:\/\/vitablanca.ma\/produit\/natures-way-echinacea-astragalus-amp-reishi-1200-mg-100-caps-maroc\/"]}]},{"@type":"ImageObject","inLanguage":"en-US","@id":"https:\/\/vitablanca.ma\/produit\/natures-way-echinacea-astragalus-amp-reishi-1200-mg-100-caps-maroc\/#primaryimage","url":"https:\/\/vitablanca.ma\/wp-content\/uploads\/2025\/05\/echinacea-astragalus-reishi-1200-mg-100-caps-natures-way-.jpg","contentUrl":"https:\/\/vitablanca.ma\/wp-content\/uploads\/2025\/05\/echinacea-astragalus-reishi-1200-mg-100-caps-natures-way-.jpg","width":680,"height":680},{"@type":"BreadcrumbList","@id":"https:\/\/vitablanca.ma\/produit\/natures-way-echinacea-astragalus-amp-reishi-1200-mg-100-caps-maroc\/#breadcrumb","itemListElement":[{"@type":"ListItem","position":1,"name":"Home","item":"https:\/\/vitablanca.ma\/"},{"@type":"ListItem","position":2,"name":"Tous Les Produits","item":"https:\/\/vitablanca.ma\/tous-les-produits\/"},{"@type":"ListItem","position":3,"name":"Nature&#8217;S Way Echinacea Astragalus &amp; Reishi, 1200 mg, 100 Caps."}]},{"@type":"WebSite","@id":"https:\/\/vitablanca.ma\/#website","url":"https:\/\/vitablanca.ma\/","name":"VitaBlanca.ma | Food supplements, health &amp; beauty in Morocco","description":"sell premium vitamins and supplements from USA &amp; Canada, New Zealand, Morocco (NOW Foods, Solgar, Manuka). Fast delivery anywhere in Morocco.","publisher":{"@id":"https:\/\/vitablanca.ma\/#organization"},"alternateName":"VitaBlanca.ma","potentialAction":[{"@type":"SearchAction","target":{"@type":"EntryPoint","urlTemplate":"https:\/\/vitablanca.ma\/?s={search_term_string}"},"query-input":{"@type":"PropertyValueSpecification","valueRequired":true,"valueName":"search_term_string"}}],"inLanguage":"en-US"},{"@type":"Organization","@id":"https:\/\/vitablanca.ma\/#organization","name":"VitaBlanca","url":"https:\/\/vitablanca.ma\/","logo":{"@type":"ImageObject","inLanguage":"en-US","@id":"https:\/\/vitablanca.ma\/#\/schema\/logo\/image\/","url":"https:\/\/vitablanca.ma\/wp-content\/uploads\/2025\/05\/cropped-vitablanca.png","contentUrl":"https:\/\/vitablanca.ma\/wp-content\/uploads\/2025\/05\/cropped-vitablanca.png","width":360,"height":67,"caption":"VitaBlanca"},"image":{"@id":"https:\/\/vitablanca.ma\/#\/schema\/logo\/image\/"},"sameAs":["https:\/\/www.facebook.com\/profile.php?id=61576678196717","https:\/\/www.tiktok.com\/@vitablanca.ma","https:\/\/www.instagram.com\/vitablanca.ma\/"]}]}},"jetpack_sharing_enabled":true,"_links":{"self":[{"href":"https:\/\/vitablanca.ma\/en\/wp-json\/wp\/v2\/product\/14040","targetHints":{"allow":["GET"]}}],"collection":[{"href":"https:\/\/vitablanca.ma\/en\/wp-json\/wp\/v2\/product"}],"about":[{"href":"https:\/\/vitablanca.ma\/en\/wp-json\/wp\/v2\/types\/product"}],"wp:featuredmedia":[{"embeddable":true,"href":"https:\/\/vitablanca.ma\/en\/wp-json\/wp\/v2\/media\/14041"}],"wp:attachment":[{"href":"https:\/\/vitablanca.ma\/en\/wp-json\/wp\/v2\/media?parent=14040"}],"wp:term":[{"taxonomy":"product_brand","embeddable":true,"href":"https:\/\/vitablanca.ma\/en\/wp-json\/wp\/v2\/product_brand?post=14040"},{"taxonomy":"product_cat","embeddable":true,"href":"https:\/\/vitablanca.ma\/en\/wp-json\/wp\/v2\/product_cat?post=14040"},{"taxonomy":"product_tag","embeddable":true,"href":"https:\/\/vitablanca.ma\/en\/wp-json\/wp\/v2\/product_tag?post=14040"}],"curies":[{"name":"wp","href":"https:\/\/api.w.org\/{rel}","templated":true}]}}