{"id":13995,"date":"2025-05-30T23:19:42","date_gmt":"2025-05-30T23:19:42","guid":{"rendered":"https:\/\/vitablanca.ma\/?post_type=product&#038;p=13995"},"modified":"2025-08-30T21:22:07","modified_gmt":"2025-08-30T21:22:07","slug":"now-foods-gingembre-racine-550-mg-100-gelules-vegetales","status":"publish","type":"product","link":"https:\/\/vitablanca.ma\/en\/product\/now-foods-gingembre-racine-550-mg-100-gelules-vegetales\/","title":{"rendered":"Now Foods Ginger Root 550 mg 100 Vegetable Capsules"},"content":{"rendered":"<p>Ginger root (\u00a0<em>Zingiber officinale<\/em>\u00a0) est utilis\u00e9e depuis l\u2019Antiquit\u00e9 pour soutenir la fonction digestive et ses applications historiques ont \u00e9t\u00e9 valid\u00e9es par des recherches modernes. * Des \u00e9tudes scientifiques ont d\u00e9montr\u00e9 que le gingembre peut contribuer au maintien d\u2019une flore gastro-intestinale saine, \u00e0 la digestion des graisses alimentaires et au calme et apaiser le tube digestif. * En outre, le gingembre contient un certain nombre de composants qui peuvent favoriser une fonction cardiovasculaire saine et favoriser une r\u00e9ponse \u00e9quilibr\u00e9e du syst\u00e8me immunitaire.\u00a0<a href=\"https:\/\/www.jumia.ma\/customer\/account\/login\/?tkWl=NO879HB15AS4YNAFAMZ-17137899&return=%2Fgingembre-racine-550-mg-100-gelules-vegetales-now-foods-mpg890942.html\"><\/a><\/p>","protected":false},"excerpt":{"rendered":"<ul>\n<li>Promotes digestion<\/li>\n<li>Promotes comfort of the gastrointestinal tract<\/li>\n<li>Cardiovascular function<\/li>\n<li>GMO-free<\/li>\n<li>Food supplement<\/li>\n<li>Vegetarian<\/li>\n<li>Plants \u2013 Herbs<\/li>\n<li>Quality assured by compliance with GMP<\/li>\n<\/ul>","protected":false},"featured_media":14132,"template":"","meta":{"om_disable_all_campaigns":false},"product_brand":[83],"product_cat":[18,3366,130,19],"product_tag":[1753,821,1757,1754,1759,1738,1756,1755,1758,88,91,388,726,1700,1721,1752,942,1690,1760],"class_list":{"0":"post-13995","1":"product","2":"type-product","3":"status-publish","4":"has-post-thumbnail","6":"product_brand-now-foods-maroc-prix","7":"product_cat-beaute-sante","8":"product_cat-complements-alimentaires-au-maroc-vitablanca","9":"product_cat-vitamines","10":"product_cat-vitamines-supplements-dietetiques","11":"product_tag-anti-nausee-naturel","12":"product_tag-complement-alimentaire-maroc","13":"product_tag-complement-naturel","14":"product_tag-confort-digestif","15":"product_tag-digestion","16":"product_tag-gelules-vegetales","17":"product_tag-gingembre","18":"product_tag-gingembre-550-mg","19":"product_tag-medecine-naturelle","20":"product_tag-now-foods","21":"product_tag-now-foods-maroc","22":"product_tag-now-foods-maroc-avis","23":"product_tag-now-foods-maroc-prix","24":"product_tag-pharmacie-en-ligne-maroc","25":"product_tag-produit-naturel-maroc","26":"product_tag-racine-de-gingembre","27":"product_tag-sante-articulaire","28":"product_tag-sante-maroc","29":"product_tag-supplement-gingembre","31":"first","32":"instock","33":"taxable","34":"shipping-taxable","35":"purchasable","36":"product-type-simple"},"yoast_head":"<!-- This site is optimized with the Yoast SEO plugin v27.5 - https:\/\/yoast.com\/product\/yoast-seo-wordpress\/ -->\n<title>Now Foods Gingembre Racine 550 mg 100 G\u00e9lules - Maroc Prix<\/title>\n<meta name=\"description\" content=\"Achetez Now Foods Gingembre Racine 550 mg au Maroc. Ces 100 g\u00e9lules v\u00e9g\u00e9tales de gingembre sont id\u00e9ales pour soutenir une digestion saine,\" \/>\n<meta name=\"robots\" content=\"index, follow, max-snippet:-1, max-image-preview:large, max-video-preview:-1\" \/>\n<link rel=\"canonical\" href=\"https:\/\/vitablanca.ma\/en\/product\/now-foods-gingembre-racine-550-mg-100-gelules-vegetales\/\" \/>\n<meta property=\"og:locale\" content=\"en_US\" \/>\n<meta property=\"og:type\" content=\"article\" \/>\n<meta property=\"og:title\" content=\"Now Foods Gingembre Racine 550 mg 100 G\u00e9lules - Maroc Prix\" \/>\n<meta property=\"og:description\" content=\"Achetez Now Foods Gingembre Racine 550 mg au Maroc. Ces 100 g\u00e9lules v\u00e9g\u00e9tales de gingembre sont id\u00e9ales pour soutenir une digestion saine,\" \/>\n<meta property=\"og:url\" content=\"https:\/\/vitablanca.ma\/en\/product\/now-foods-gingembre-racine-550-mg-100-gelules-vegetales\/\" \/>\n<meta property=\"og:site_name\" content=\"Vitablanca.ma &ndash; Sant&eacute;, vitalit&eacute; et bien-&ecirc;tre pour tous les Marocains\" \/>\n<meta property=\"article:publisher\" content=\"https:\/\/www.facebook.com\/profile.php?id=61576678196717\" \/>\n<meta property=\"article:modified_time\" content=\"2025-08-30T21:22:07+00:00\" \/>\n<meta property=\"og:image\" content=\"https:\/\/vitablanca.ma\/wp-content\/uploads\/2025\/05\/gingembre-racine-550-mg-100-gelules-vegetales-now-foods-maroc.jpg\" \/>\n\t<meta property=\"og:image:width\" content=\"680\" \/>\n\t<meta property=\"og:image:height\" content=\"680\" \/>\n\t<meta property=\"og:image:type\" content=\"image\/jpeg\" \/>\n<meta name=\"twitter:card\" content=\"summary_large_image\" \/>\n<meta name=\"twitter:label1\" content=\"Est. reading time\" \/>\n\t<meta name=\"twitter:data1\" content=\"1 minute\" \/>\n<script type=\"application\/ld+json\" class=\"yoast-schema-graph\">{\"@context\":\"https:\\\/\\\/schema.org\",\"@graph\":[{\"@type\":[\"WebPage\",\"ItemPage\"],\"@id\":\"https:\\\/\\\/vitablanca.ma\\\/produit\\\/now-foods-gingembre-racine-550-mg-100-gelules-vegetales\\\/\",\"url\":\"https:\\\/\\\/vitablanca.ma\\\/produit\\\/now-foods-gingembre-racine-550-mg-100-gelules-vegetales\\\/\",\"name\":\"Now Foods Gingembre Racine 550 mg 100 G\u00e9lules - Maroc Prix\",\"isPartOf\":{\"@id\":\"https:\\\/\\\/vitablanca.ma\\\/#website\"},\"primaryImageOfPage\":{\"@id\":\"https:\\\/\\\/vitablanca.ma\\\/produit\\\/now-foods-gingembre-racine-550-mg-100-gelules-vegetales\\\/#primaryimage\"},\"image\":{\"@id\":\"https:\\\/\\\/vitablanca.ma\\\/produit\\\/now-foods-gingembre-racine-550-mg-100-gelules-vegetales\\\/#primaryimage\"},\"thumbnailUrl\":\"https:\\\/\\\/vitablanca.ma\\\/wp-content\\\/uploads\\\/2025\\\/05\\\/gingembre-racine-550-mg-100-gelules-vegetales-now-foods-maroc.jpg\",\"datePublished\":\"2025-05-30T23:19:42+00:00\",\"dateModified\":\"2025-08-30T21:22:07+00:00\",\"description\":\"Achetez Now Foods Gingembre Racine 550 mg au Maroc. Ces 100 g\u00e9lules v\u00e9g\u00e9tales de gingembre sont id\u00e9ales pour soutenir une digestion saine,\",\"breadcrumb\":{\"@id\":\"https:\\\/\\\/vitablanca.ma\\\/produit\\\/now-foods-gingembre-racine-550-mg-100-gelules-vegetales\\\/#breadcrumb\"},\"inLanguage\":\"en-US\",\"potentialAction\":[{\"@type\":\"ReadAction\",\"target\":[\"https:\\\/\\\/vitablanca.ma\\\/produit\\\/now-foods-gingembre-racine-550-mg-100-gelules-vegetales\\\/\"]}]},{\"@type\":\"ImageObject\",\"inLanguage\":\"en-US\",\"@id\":\"https:\\\/\\\/vitablanca.ma\\\/produit\\\/now-foods-gingembre-racine-550-mg-100-gelules-vegetales\\\/#primaryimage\",\"url\":\"https:\\\/\\\/vitablanca.ma\\\/wp-content\\\/uploads\\\/2025\\\/05\\\/gingembre-racine-550-mg-100-gelules-vegetales-now-foods-maroc.jpg\",\"contentUrl\":\"https:\\\/\\\/vitablanca.ma\\\/wp-content\\\/uploads\\\/2025\\\/05\\\/gingembre-racine-550-mg-100-gelules-vegetales-now-foods-maroc.jpg\",\"width\":680,\"height\":680},{\"@type\":\"BreadcrumbList\",\"@id\":\"https:\\\/\\\/vitablanca.ma\\\/produit\\\/now-foods-gingembre-racine-550-mg-100-gelules-vegetales\\\/#breadcrumb\",\"itemListElement\":[{\"@type\":\"ListItem\",\"position\":1,\"name\":\"Home\",\"item\":\"https:\\\/\\\/vitablanca.ma\\\/\"},{\"@type\":\"ListItem\",\"position\":2,\"name\":\"Tous Les Produits\",\"item\":\"https:\\\/\\\/vitablanca.ma\\\/tous-les-produits\\\/\"},{\"@type\":\"ListItem\",\"position\":3,\"name\":\"Now Foods Gingembre Racine 550 mg 100 G\u00e9lules V\u00e9g\u00e9tales\"}]},{\"@type\":\"WebSite\",\"@id\":\"https:\\\/\\\/vitablanca.ma\\\/#website\",\"url\":\"https:\\\/\\\/vitablanca.ma\\\/\",\"name\":\"VitaBlanca.ma | Compl\u00e9ments alimentaires, sant\u00e9 & beaut\u00e9 au Maroc\",\"description\":\"vendre vitamines et compl\u00e9ments premium des USA &amp; Canada, Nouvelle Z\u00e9lande,Maroc (NOW Foods, Solgar, Manuka). Livraison rapide partout au Maroc.\",\"publisher\":{\"@id\":\"https:\\\/\\\/vitablanca.ma\\\/#organization\"},\"alternateName\":\"VitaBlanca.ma\",\"potentialAction\":[{\"@type\":\"SearchAction\",\"target\":{\"@type\":\"EntryPoint\",\"urlTemplate\":\"https:\\\/\\\/vitablanca.ma\\\/?s={search_term_string}\"},\"query-input\":{\"@type\":\"PropertyValueSpecification\",\"valueRequired\":true,\"valueName\":\"search_term_string\"}}],\"inLanguage\":\"en-US\"},{\"@type\":\"Organization\",\"@id\":\"https:\\\/\\\/vitablanca.ma\\\/#organization\",\"name\":\"VitaBlanca\",\"url\":\"https:\\\/\\\/vitablanca.ma\\\/\",\"logo\":{\"@type\":\"ImageObject\",\"inLanguage\":\"en-US\",\"@id\":\"https:\\\/\\\/vitablanca.ma\\\/#\\\/schema\\\/logo\\\/image\\\/\",\"url\":\"https:\\\/\\\/vitablanca.ma\\\/wp-content\\\/uploads\\\/2025\\\/05\\\/cropped-vitablanca.png\",\"contentUrl\":\"https:\\\/\\\/vitablanca.ma\\\/wp-content\\\/uploads\\\/2025\\\/05\\\/cropped-vitablanca.png\",\"width\":360,\"height\":67,\"caption\":\"VitaBlanca\"},\"image\":{\"@id\":\"https:\\\/\\\/vitablanca.ma\\\/#\\\/schema\\\/logo\\\/image\\\/\"},\"sameAs\":[\"https:\\\/\\\/www.facebook.com\\\/profile.php?id=61576678196717\",\"https:\\\/\\\/www.tiktok.com\\\/@vitablanca.ma\",\"https:\\\/\\\/www.instagram.com\\\/vitablanca.ma\\\/\"]}]}<\/script>\n<!-- \/ Yoast SEO plugin. -->","yoast_head_json":{"title":"Now Foods Ginger Root 550 mg 100 Capsules - Morocco Price","description":"Buy Now Foods Ginger Root 550 mg in Morocco. These 100 ginger vegetarian capsules are ideal for supporting healthy digestion.","robots":{"index":"index","follow":"follow","max-snippet":"max-snippet:-1","max-image-preview":"max-image-preview:large","max-video-preview":"max-video-preview:-1"},"canonical":"https:\/\/vitablanca.ma\/en\/product\/now-foods-gingembre-racine-550-mg-100-gelules-vegetales\/","og_locale":"en_US","og_type":"article","og_title":"Now Foods Gingembre Racine 550 mg 100 G\u00e9lules - Maroc Prix","og_description":"Achetez Now Foods Gingembre Racine 550 mg au Maroc. Ces 100 g\u00e9lules v\u00e9g\u00e9tales de gingembre sont id\u00e9ales pour soutenir une digestion saine,","og_url":"https:\/\/vitablanca.ma\/en\/product\/now-foods-gingembre-racine-550-mg-100-gelules-vegetales\/","og_site_name":"Vitablanca.ma &ndash; Sant&eacute;, vitalit&eacute; et bien-&ecirc;tre pour tous les Marocains","article_publisher":"https:\/\/www.facebook.com\/profile.php?id=61576678196717","article_modified_time":"2025-08-30T21:22:07+00:00","og_image":[{"width":680,"height":680,"url":"https:\/\/vitablanca.ma\/wp-content\/uploads\/2025\/05\/gingembre-racine-550-mg-100-gelules-vegetales-now-foods-maroc.jpg","type":"image\/jpeg"}],"twitter_card":"summary_large_image","twitter_misc":{"Est. reading time":"1 minute"},"schema":{"@context":"https:\/\/schema.org","@graph":[{"@type":["WebPage","ItemPage"],"@id":"https:\/\/vitablanca.ma\/produit\/now-foods-gingembre-racine-550-mg-100-gelules-vegetales\/","url":"https:\/\/vitablanca.ma\/produit\/now-foods-gingembre-racine-550-mg-100-gelules-vegetales\/","name":"Now Foods Ginger Root 550 mg 100 Capsules - Morocco Price","isPartOf":{"@id":"https:\/\/vitablanca.ma\/#website"},"primaryImageOfPage":{"@id":"https:\/\/vitablanca.ma\/produit\/now-foods-gingembre-racine-550-mg-100-gelules-vegetales\/#primaryimage"},"image":{"@id":"https:\/\/vitablanca.ma\/produit\/now-foods-gingembre-racine-550-mg-100-gelules-vegetales\/#primaryimage"},"thumbnailUrl":"https:\/\/vitablanca.ma\/wp-content\/uploads\/2025\/05\/gingembre-racine-550-mg-100-gelules-vegetales-now-foods-maroc.jpg","datePublished":"2025-05-30T23:19:42+00:00","dateModified":"2025-08-30T21:22:07+00:00","description":"Buy Now Foods Ginger Root 550 mg in Morocco. These 100 ginger vegetarian capsules are ideal for supporting healthy digestion.","breadcrumb":{"@id":"https:\/\/vitablanca.ma\/produit\/now-foods-gingembre-racine-550-mg-100-gelules-vegetales\/#breadcrumb"},"inLanguage":"en-US","potentialAction":[{"@type":"ReadAction","target":["https:\/\/vitablanca.ma\/produit\/now-foods-gingembre-racine-550-mg-100-gelules-vegetales\/"]}]},{"@type":"ImageObject","inLanguage":"en-US","@id":"https:\/\/vitablanca.ma\/produit\/now-foods-gingembre-racine-550-mg-100-gelules-vegetales\/#primaryimage","url":"https:\/\/vitablanca.ma\/wp-content\/uploads\/2025\/05\/gingembre-racine-550-mg-100-gelules-vegetales-now-foods-maroc.jpg","contentUrl":"https:\/\/vitablanca.ma\/wp-content\/uploads\/2025\/05\/gingembre-racine-550-mg-100-gelules-vegetales-now-foods-maroc.jpg","width":680,"height":680},{"@type":"BreadcrumbList","@id":"https:\/\/vitablanca.ma\/produit\/now-foods-gingembre-racine-550-mg-100-gelules-vegetales\/#breadcrumb","itemListElement":[{"@type":"ListItem","position":1,"name":"Home","item":"https:\/\/vitablanca.ma\/"},{"@type":"ListItem","position":2,"name":"Tous Les Produits","item":"https:\/\/vitablanca.ma\/tous-les-produits\/"},{"@type":"ListItem","position":3,"name":"Now Foods Gingembre Racine 550 mg 100 G\u00e9lules V\u00e9g\u00e9tales"}]},{"@type":"WebSite","@id":"https:\/\/vitablanca.ma\/#website","url":"https:\/\/vitablanca.ma\/","name":"VitaBlanca.ma | Food supplements, health &amp; beauty in Morocco","description":"sell premium vitamins and supplements from USA &amp; Canada, New Zealand, Morocco (NOW Foods, Solgar, Manuka). Fast delivery anywhere in Morocco.","publisher":{"@id":"https:\/\/vitablanca.ma\/#organization"},"alternateName":"VitaBlanca.ma","potentialAction":[{"@type":"SearchAction","target":{"@type":"EntryPoint","urlTemplate":"https:\/\/vitablanca.ma\/?s={search_term_string}"},"query-input":{"@type":"PropertyValueSpecification","valueRequired":true,"valueName":"search_term_string"}}],"inLanguage":"en-US"},{"@type":"Organization","@id":"https:\/\/vitablanca.ma\/#organization","name":"VitaBlanca","url":"https:\/\/vitablanca.ma\/","logo":{"@type":"ImageObject","inLanguage":"en-US","@id":"https:\/\/vitablanca.ma\/#\/schema\/logo\/image\/","url":"https:\/\/vitablanca.ma\/wp-content\/uploads\/2025\/05\/cropped-vitablanca.png","contentUrl":"https:\/\/vitablanca.ma\/wp-content\/uploads\/2025\/05\/cropped-vitablanca.png","width":360,"height":67,"caption":"VitaBlanca"},"image":{"@id":"https:\/\/vitablanca.ma\/#\/schema\/logo\/image\/"},"sameAs":["https:\/\/www.facebook.com\/profile.php?id=61576678196717","https:\/\/www.tiktok.com\/@vitablanca.ma","https:\/\/www.instagram.com\/vitablanca.ma\/"]}]}},"jetpack_sharing_enabled":true,"_links":{"self":[{"href":"https:\/\/vitablanca.ma\/en\/wp-json\/wp\/v2\/product\/13995","targetHints":{"allow":["GET"]}}],"collection":[{"href":"https:\/\/vitablanca.ma\/en\/wp-json\/wp\/v2\/product"}],"about":[{"href":"https:\/\/vitablanca.ma\/en\/wp-json\/wp\/v2\/types\/product"}],"wp:featuredmedia":[{"embeddable":true,"href":"https:\/\/vitablanca.ma\/en\/wp-json\/wp\/v2\/media\/14132"}],"wp:attachment":[{"href":"https:\/\/vitablanca.ma\/en\/wp-json\/wp\/v2\/media?parent=13995"}],"wp:term":[{"taxonomy":"product_brand","embeddable":true,"href":"https:\/\/vitablanca.ma\/en\/wp-json\/wp\/v2\/product_brand?post=13995"},{"taxonomy":"product_cat","embeddable":true,"href":"https:\/\/vitablanca.ma\/en\/wp-json\/wp\/v2\/product_cat?post=13995"},{"taxonomy":"product_tag","embeddable":true,"href":"https:\/\/vitablanca.ma\/en\/wp-json\/wp\/v2\/product_tag?post=13995"}],"curies":[{"name":"wp","href":"https:\/\/api.w.org\/{rel}","templated":true}]}}