{"id":13975,"date":"2025-05-30T15:49:06","date_gmt":"2025-05-30T15:49:06","guid":{"rendered":"https:\/\/vitablanca.ma\/?post_type=product&#038;p=13975"},"modified":"2025-08-30T21:22:15","modified_gmt":"2025-08-30T21:22:15","slug":"natures-bounty-natures-bounty-force-maximale-dissolvable-b12-5-000-mcg-40-comprimes-a-dissolution-rapide-maroc","status":"publish","type":"product","link":"https:\/\/vitablanca.ma\/en\/product\/natures-bounty-natures-bounty-force-maximale-dissolvable-b12-5-000-mcg-40-comprimes-a-dissolution-rapide-maroc\/","title":{"rendered":"Nature&#039;s Bounty B12 5000 mcg 40 tablets"},"content":{"rendered":"<ul class=\"wp-block-list\">\n<li>Fast dissolution<\/li>\n\n\n\n<li>Helps convert food into energy<\/li>\n\n\n\n<li>Energy Health<\/li>\n\n\n\n<li>Vitamin supplement<\/li>\n\n\n\n<li>Quality guaranteed<\/li>\n\n\n\n<li>Product tested in laboratory<\/li>\n<\/ul>\n\n\n\n<p><strong>Pr\u00e8s de 50\u00a0ans de qualit\u00e9 \u00e9prouv\u00e9e<\/strong><\/p>\n\n\n\n<p>Chez Nature\u2019s\u00a0Bounty, nous nous engageons pour votre sant\u00e9. Depuis pr\u00e8s de 50\u00a0ans, nous concevons des produits fiables, soutenus par la science, et fabriqu\u00e9s uniquement avec les ingr\u00e9dients les plus purs et les plus s\u00fbrs. Ainsi, vous pouvez profiter au maximum de chaque jour de la vie.<\/p>\n\n\n\n<p>La vitamine\u00a0B-12 soutient l\u2019\u00e9nergie en convertissant les aliments en \u00e9nergie.<\/p>\n\n\n\n<h3 class=\"wp-block-heading\"><strong>Suggested Use<\/strong><\/h3>\n\n\n\n<p>Pour les adultes, prenez un (1) comprim\u00e9 \u00e0 dissolution rapide par jour. Placer le comprim\u00e9 \u00e0 dissolution rapide sous la langue pendant 30 secondes avant de l\u2019avaler.<\/p>\n\n\n\n<figure class=\"wp-block-table\"><table class=\"has-fixed-layout\"><tbody><tr><td colspan=\"3\"><strong>Supplement Facts<\/strong><\/td><\/tr><tr><td colspan=\"3\"><strong>Serving size:<\/strong>\u00a01 quick-dissolving tablet<\/td><\/tr><tr><td><\/td><td><strong>Amount per serving<\/strong><\/td><td><strong>% Daily Value<\/strong><\/td><\/tr><tr><td>Vitamin B-12 (as cyanocobalamin)<\/td><td>5,000 mcg<\/td><td>208,333%<\/td><\/tr><tr><td>Coenzyme B-12 (as dibencozide)<\/td><td>100 mcg<\/td><td>**<\/td><\/tr><tr><td colspan=\"3\">**Daily Value not established.<\/td><\/tr><\/tbody><\/table><\/figure>\n\n\n\n<p><\/p>","protected":false},"excerpt":{"rendered":"<ul>\n<li>Helps convert food into energy<\/li>\n<li>Energy Health<\/li>\n<li>Vitamin supplement<\/li>\n<li>Quality guaranteed<\/li>\n<li>Lab tested<\/li>\n<\/ul>","protected":false},"featured_media":13976,"template":"","meta":{"om_disable_all_campaigns":false},"product_brand":[148],"product_cat":[18,3366,130,19],"product_tag":[1701,821,1673,1703,1708,1706,1710,1704,149,1690,1705,1709,226,1702,1707],"class_list":{"0":"post-13975","1":"product","2":"type-product","3":"status-publish","4":"has-post-thumbnail","6":"product_brand-natures-bounty-maroc-prix","7":"product_cat-beaute-sante","8":"product_cat-complements-alimentaires-au-maroc-vitablanca","9":"product_cat-vitamines","10":"product_cat-vitamines-supplements-dietetiques","11":"product_tag-b12-5000-mcg","12":"product_tag-complement-alimentaire-maroc","13":"product_tag-complement-b12-maroc","14":"product_tag-comprimes-b12","15":"product_tag-comprimes-sublinguaux","16":"product_tag-dissolution-rapide","17":"product_tag-force-maximale-b12","18":"product_tag-metabolisme","19":"product_tag-natures-bounty","20":"product_tag-sante-maroc","21":"product_tag-supplement-energie","22":"product_tag-supplement-naturel","23":"product_tag-systeme-nerveux","24":"product_tag-vitamine-b12","25":"product_tag-vitamines-maroc","27":"first","28":"instock","29":"taxable","30":"shipping-taxable","31":"purchasable","32":"product-type-simple"},"yoast_head":"<!-- This site is optimized with the Yoast SEO plugin v27.5 - https:\/\/yoast.com\/product\/yoast-seo-wordpress\/ -->\n<title>Nature&#039;S Bounty B12 5000 mcg 40 comprim\u00e9s - Maroc Prix<\/title>\n<meta name=\"description\" content=\"Achetez Nature&#039;s Bounty B12 5000 mcg 40 comprim\u00e9s au Maroc. Dissolution rapide pour une \u00e9nergie optimale, soutien du syst\u00e8me nerveux et des globules rouges.\" \/>\n<meta name=\"robots\" content=\"index, follow, max-snippet:-1, max-image-preview:large, max-video-preview:-1\" \/>\n<link rel=\"canonical\" href=\"https:\/\/vitablanca.ma\/en\/product\/natures-bounty-natures-bounty-force-maximale-dissolvable-b12-5-000-mcg-40-comprimes-a-dissolution-rapide-maroc\/\" \/>\n<meta property=\"og:locale\" content=\"en_US\" \/>\n<meta property=\"og:type\" content=\"article\" \/>\n<meta property=\"og:title\" content=\"Nature&#039;S Bounty B12 5000 mcg 40 comprim\u00e9s - Maroc Prix\" \/>\n<meta property=\"og:description\" content=\"Achetez Nature&#039;s Bounty B12 5000 mcg 40 comprim\u00e9s au Maroc. Dissolution rapide pour une \u00e9nergie optimale, soutien du syst\u00e8me nerveux et des globules rouges.\" \/>\n<meta property=\"og:url\" content=\"https:\/\/vitablanca.ma\/en\/product\/natures-bounty-natures-bounty-force-maximale-dissolvable-b12-5-000-mcg-40-comprimes-a-dissolution-rapide-maroc\/\" \/>\n<meta property=\"og:site_name\" content=\"Vitablanca.ma &ndash; Sant&eacute;, vitalit&eacute; et bien-&ecirc;tre pour tous les Marocains\" \/>\n<meta property=\"article:publisher\" content=\"https:\/\/www.facebook.com\/profile.php?id=61576678196717\" \/>\n<meta property=\"article:modified_time\" content=\"2025-08-30T21:22:15+00:00\" \/>\n<meta property=\"og:image\" content=\"https:\/\/vitablanca.ma\/wp-content\/uploads\/2025\/05\/natures-bounty-natures-bounty-force-maximale-dissolvable-b12-.jpg\" \/>\n\t<meta property=\"og:image:width\" content=\"680\" \/>\n\t<meta property=\"og:image:height\" content=\"680\" \/>\n\t<meta property=\"og:image:type\" content=\"image\/jpeg\" \/>\n<meta name=\"twitter:card\" content=\"summary_large_image\" \/>\n<meta name=\"twitter:label1\" content=\"Est. reading time\" \/>\n\t<meta name=\"twitter:data1\" content=\"1 minute\" \/>\n<script type=\"application\/ld+json\" class=\"yoast-schema-graph\">{\"@context\":\"https:\\\/\\\/schema.org\",\"@graph\":[{\"@type\":[\"WebPage\",\"ItemPage\"],\"@id\":\"https:\\\/\\\/vitablanca.ma\\\/produit\\\/natures-bounty-natures-bounty-force-maximale-dissolvable-b12-5-000-mcg-40-comprimes-a-dissolution-rapide-maroc\\\/\",\"url\":\"https:\\\/\\\/vitablanca.ma\\\/produit\\\/natures-bounty-natures-bounty-force-maximale-dissolvable-b12-5-000-mcg-40-comprimes-a-dissolution-rapide-maroc\\\/\",\"name\":\"Nature'S Bounty B12 5000 mcg 40 comprim\u00e9s - Maroc Prix\",\"isPartOf\":{\"@id\":\"https:\\\/\\\/vitablanca.ma\\\/#website\"},\"primaryImageOfPage\":{\"@id\":\"https:\\\/\\\/vitablanca.ma\\\/produit\\\/natures-bounty-natures-bounty-force-maximale-dissolvable-b12-5-000-mcg-40-comprimes-a-dissolution-rapide-maroc\\\/#primaryimage\"},\"image\":{\"@id\":\"https:\\\/\\\/vitablanca.ma\\\/produit\\\/natures-bounty-natures-bounty-force-maximale-dissolvable-b12-5-000-mcg-40-comprimes-a-dissolution-rapide-maroc\\\/#primaryimage\"},\"thumbnailUrl\":\"https:\\\/\\\/vitablanca.ma\\\/wp-content\\\/uploads\\\/2025\\\/05\\\/natures-bounty-natures-bounty-force-maximale-dissolvable-b12-.jpg\",\"datePublished\":\"2025-05-30T15:49:06+00:00\",\"dateModified\":\"2025-08-30T21:22:15+00:00\",\"description\":\"Achetez Nature's Bounty B12 5000 mcg 40 comprim\u00e9s au Maroc. Dissolution rapide pour une \u00e9nergie optimale, soutien du syst\u00e8me nerveux et des globules rouges.\",\"breadcrumb\":{\"@id\":\"https:\\\/\\\/vitablanca.ma\\\/produit\\\/natures-bounty-natures-bounty-force-maximale-dissolvable-b12-5-000-mcg-40-comprimes-a-dissolution-rapide-maroc\\\/#breadcrumb\"},\"inLanguage\":\"en-US\",\"potentialAction\":[{\"@type\":\"ReadAction\",\"target\":[\"https:\\\/\\\/vitablanca.ma\\\/produit\\\/natures-bounty-natures-bounty-force-maximale-dissolvable-b12-5-000-mcg-40-comprimes-a-dissolution-rapide-maroc\\\/\"]}]},{\"@type\":\"ImageObject\",\"inLanguage\":\"en-US\",\"@id\":\"https:\\\/\\\/vitablanca.ma\\\/produit\\\/natures-bounty-natures-bounty-force-maximale-dissolvable-b12-5-000-mcg-40-comprimes-a-dissolution-rapide-maroc\\\/#primaryimage\",\"url\":\"https:\\\/\\\/vitablanca.ma\\\/wp-content\\\/uploads\\\/2025\\\/05\\\/natures-bounty-natures-bounty-force-maximale-dissolvable-b12-.jpg\",\"contentUrl\":\"https:\\\/\\\/vitablanca.ma\\\/wp-content\\\/uploads\\\/2025\\\/05\\\/natures-bounty-natures-bounty-force-maximale-dissolvable-b12-.jpg\",\"width\":680,\"height\":680},{\"@type\":\"BreadcrumbList\",\"@id\":\"https:\\\/\\\/vitablanca.ma\\\/produit\\\/natures-bounty-natures-bounty-force-maximale-dissolvable-b12-5-000-mcg-40-comprimes-a-dissolution-rapide-maroc\\\/#breadcrumb\",\"itemListElement\":[{\"@type\":\"ListItem\",\"position\":1,\"name\":\"Home\",\"item\":\"https:\\\/\\\/vitablanca.ma\\\/\"},{\"@type\":\"ListItem\",\"position\":2,\"name\":\"Tous Les Produits\",\"item\":\"https:\\\/\\\/vitablanca.ma\\\/tous-les-produits\\\/\"},{\"@type\":\"ListItem\",\"position\":3,\"name\":\"Nature&#8217;S Bounty B12 5000 mcg 40 comprim\u00e9s\"}]},{\"@type\":\"WebSite\",\"@id\":\"https:\\\/\\\/vitablanca.ma\\\/#website\",\"url\":\"https:\\\/\\\/vitablanca.ma\\\/\",\"name\":\"VitaBlanca.ma | Compl\u00e9ments alimentaires, sant\u00e9 & beaut\u00e9 au Maroc\",\"description\":\"vendre vitamines et compl\u00e9ments premium des USA &amp; Canada, Nouvelle Z\u00e9lande,Maroc (NOW Foods, Solgar, Manuka). Livraison rapide partout au Maroc.\",\"publisher\":{\"@id\":\"https:\\\/\\\/vitablanca.ma\\\/#organization\"},\"alternateName\":\"VitaBlanca.ma\",\"potentialAction\":[{\"@type\":\"SearchAction\",\"target\":{\"@type\":\"EntryPoint\",\"urlTemplate\":\"https:\\\/\\\/vitablanca.ma\\\/?s={search_term_string}\"},\"query-input\":{\"@type\":\"PropertyValueSpecification\",\"valueRequired\":true,\"valueName\":\"search_term_string\"}}],\"inLanguage\":\"en-US\"},{\"@type\":\"Organization\",\"@id\":\"https:\\\/\\\/vitablanca.ma\\\/#organization\",\"name\":\"VitaBlanca\",\"url\":\"https:\\\/\\\/vitablanca.ma\\\/\",\"logo\":{\"@type\":\"ImageObject\",\"inLanguage\":\"en-US\",\"@id\":\"https:\\\/\\\/vitablanca.ma\\\/#\\\/schema\\\/logo\\\/image\\\/\",\"url\":\"https:\\\/\\\/vitablanca.ma\\\/wp-content\\\/uploads\\\/2025\\\/05\\\/cropped-vitablanca.png\",\"contentUrl\":\"https:\\\/\\\/vitablanca.ma\\\/wp-content\\\/uploads\\\/2025\\\/05\\\/cropped-vitablanca.png\",\"width\":360,\"height\":67,\"caption\":\"VitaBlanca\"},\"image\":{\"@id\":\"https:\\\/\\\/vitablanca.ma\\\/#\\\/schema\\\/logo\\\/image\\\/\"},\"sameAs\":[\"https:\\\/\\\/www.facebook.com\\\/profile.php?id=61576678196717\",\"https:\\\/\\\/www.tiktok.com\\\/@vitablanca.ma\",\"https:\\\/\\\/www.instagram.com\\\/vitablanca.ma\\\/\"]}]}<\/script>\n<!-- \/ Yoast SEO plugin. -->","yoast_head_json":{"title":"Nature&#039;S Bounty B12 5000 mcg 40 tablets - Morocco Price","description":"Buy Nature&#039;s Bounty B12 5000 mcg 40 tablets in Morocco. Fast-dissolving for optimal energy, nervous system support, and red blood cell function.","robots":{"index":"index","follow":"follow","max-snippet":"max-snippet:-1","max-image-preview":"max-image-preview:large","max-video-preview":"max-video-preview:-1"},"canonical":"https:\/\/vitablanca.ma\/en\/product\/natures-bounty-natures-bounty-force-maximale-dissolvable-b12-5-000-mcg-40-comprimes-a-dissolution-rapide-maroc\/","og_locale":"en_US","og_type":"article","og_title":"Nature'S Bounty B12 5000 mcg 40 comprim\u00e9s - Maroc Prix","og_description":"Achetez Nature's Bounty B12 5000 mcg 40 comprim\u00e9s au Maroc. Dissolution rapide pour une \u00e9nergie optimale, soutien du syst\u00e8me nerveux et des globules rouges.","og_url":"https:\/\/vitablanca.ma\/en\/product\/natures-bounty-natures-bounty-force-maximale-dissolvable-b12-5-000-mcg-40-comprimes-a-dissolution-rapide-maroc\/","og_site_name":"Vitablanca.ma &ndash; Sant&eacute;, vitalit&eacute; et bien-&ecirc;tre pour tous les Marocains","article_publisher":"https:\/\/www.facebook.com\/profile.php?id=61576678196717","article_modified_time":"2025-08-30T21:22:15+00:00","og_image":[{"width":680,"height":680,"url":"https:\/\/vitablanca.ma\/wp-content\/uploads\/2025\/05\/natures-bounty-natures-bounty-force-maximale-dissolvable-b12-.jpg","type":"image\/jpeg"}],"twitter_card":"summary_large_image","twitter_misc":{"Est. reading time":"1 minute"},"schema":{"@context":"https:\/\/schema.org","@graph":[{"@type":["WebPage","ItemPage"],"@id":"https:\/\/vitablanca.ma\/produit\/natures-bounty-natures-bounty-force-maximale-dissolvable-b12-5-000-mcg-40-comprimes-a-dissolution-rapide-maroc\/","url":"https:\/\/vitablanca.ma\/produit\/natures-bounty-natures-bounty-force-maximale-dissolvable-b12-5-000-mcg-40-comprimes-a-dissolution-rapide-maroc\/","name":"Nature&#039;S Bounty B12 5000 mcg 40 tablets - Morocco Price","isPartOf":{"@id":"https:\/\/vitablanca.ma\/#website"},"primaryImageOfPage":{"@id":"https:\/\/vitablanca.ma\/produit\/natures-bounty-natures-bounty-force-maximale-dissolvable-b12-5-000-mcg-40-comprimes-a-dissolution-rapide-maroc\/#primaryimage"},"image":{"@id":"https:\/\/vitablanca.ma\/produit\/natures-bounty-natures-bounty-force-maximale-dissolvable-b12-5-000-mcg-40-comprimes-a-dissolution-rapide-maroc\/#primaryimage"},"thumbnailUrl":"https:\/\/vitablanca.ma\/wp-content\/uploads\/2025\/05\/natures-bounty-natures-bounty-force-maximale-dissolvable-b12-.jpg","datePublished":"2025-05-30T15:49:06+00:00","dateModified":"2025-08-30T21:22:15+00:00","description":"Buy Nature&#039;s Bounty B12 5000 mcg 40 tablets in Morocco. Fast-dissolving for optimal energy, nervous system support, and red blood cell function.","breadcrumb":{"@id":"https:\/\/vitablanca.ma\/produit\/natures-bounty-natures-bounty-force-maximale-dissolvable-b12-5-000-mcg-40-comprimes-a-dissolution-rapide-maroc\/#breadcrumb"},"inLanguage":"en-US","potentialAction":[{"@type":"ReadAction","target":["https:\/\/vitablanca.ma\/produit\/natures-bounty-natures-bounty-force-maximale-dissolvable-b12-5-000-mcg-40-comprimes-a-dissolution-rapide-maroc\/"]}]},{"@type":"ImageObject","inLanguage":"en-US","@id":"https:\/\/vitablanca.ma\/produit\/natures-bounty-natures-bounty-force-maximale-dissolvable-b12-5-000-mcg-40-comprimes-a-dissolution-rapide-maroc\/#primaryimage","url":"https:\/\/vitablanca.ma\/wp-content\/uploads\/2025\/05\/natures-bounty-natures-bounty-force-maximale-dissolvable-b12-.jpg","contentUrl":"https:\/\/vitablanca.ma\/wp-content\/uploads\/2025\/05\/natures-bounty-natures-bounty-force-maximale-dissolvable-b12-.jpg","width":680,"height":680},{"@type":"BreadcrumbList","@id":"https:\/\/vitablanca.ma\/produit\/natures-bounty-natures-bounty-force-maximale-dissolvable-b12-5-000-mcg-40-comprimes-a-dissolution-rapide-maroc\/#breadcrumb","itemListElement":[{"@type":"ListItem","position":1,"name":"Home","item":"https:\/\/vitablanca.ma\/"},{"@type":"ListItem","position":2,"name":"Tous Les Produits","item":"https:\/\/vitablanca.ma\/tous-les-produits\/"},{"@type":"ListItem","position":3,"name":"Nature&#8217;S Bounty B12 5000 mcg 40 comprim\u00e9s"}]},{"@type":"WebSite","@id":"https:\/\/vitablanca.ma\/#website","url":"https:\/\/vitablanca.ma\/","name":"VitaBlanca.ma | Food supplements, health &amp; beauty in Morocco","description":"sell premium vitamins and supplements from USA &amp; Canada, New Zealand, Morocco (NOW Foods, Solgar, Manuka). Fast delivery anywhere in Morocco.","publisher":{"@id":"https:\/\/vitablanca.ma\/#organization"},"alternateName":"VitaBlanca.ma","potentialAction":[{"@type":"SearchAction","target":{"@type":"EntryPoint","urlTemplate":"https:\/\/vitablanca.ma\/?s={search_term_string}"},"query-input":{"@type":"PropertyValueSpecification","valueRequired":true,"valueName":"search_term_string"}}],"inLanguage":"en-US"},{"@type":"Organization","@id":"https:\/\/vitablanca.ma\/#organization","name":"VitaBlanca","url":"https:\/\/vitablanca.ma\/","logo":{"@type":"ImageObject","inLanguage":"en-US","@id":"https:\/\/vitablanca.ma\/#\/schema\/logo\/image\/","url":"https:\/\/vitablanca.ma\/wp-content\/uploads\/2025\/05\/cropped-vitablanca.png","contentUrl":"https:\/\/vitablanca.ma\/wp-content\/uploads\/2025\/05\/cropped-vitablanca.png","width":360,"height":67,"caption":"VitaBlanca"},"image":{"@id":"https:\/\/vitablanca.ma\/#\/schema\/logo\/image\/"},"sameAs":["https:\/\/www.facebook.com\/profile.php?id=61576678196717","https:\/\/www.tiktok.com\/@vitablanca.ma","https:\/\/www.instagram.com\/vitablanca.ma\/"]}]}},"jetpack_sharing_enabled":true,"_links":{"self":[{"href":"https:\/\/vitablanca.ma\/en\/wp-json\/wp\/v2\/product\/13975","targetHints":{"allow":["GET"]}}],"collection":[{"href":"https:\/\/vitablanca.ma\/en\/wp-json\/wp\/v2\/product"}],"about":[{"href":"https:\/\/vitablanca.ma\/en\/wp-json\/wp\/v2\/types\/product"}],"wp:featuredmedia":[{"embeddable":true,"href":"https:\/\/vitablanca.ma\/en\/wp-json\/wp\/v2\/media\/13976"}],"wp:attachment":[{"href":"https:\/\/vitablanca.ma\/en\/wp-json\/wp\/v2\/media?parent=13975"}],"wp:term":[{"taxonomy":"product_brand","embeddable":true,"href":"https:\/\/vitablanca.ma\/en\/wp-json\/wp\/v2\/product_brand?post=13975"},{"taxonomy":"product_cat","embeddable":true,"href":"https:\/\/vitablanca.ma\/en\/wp-json\/wp\/v2\/product_cat?post=13975"},{"taxonomy":"product_tag","embeddable":true,"href":"https:\/\/vitablanca.ma\/en\/wp-json\/wp\/v2\/product_tag?post=13975"}],"curies":[{"name":"wp","href":"https:\/\/api.w.org\/{rel}","templated":true}]}}