{"id":13897,"date":"2025-05-28T23:02:21","date_gmt":"2025-05-28T23:02:21","guid":{"rendered":"https:\/\/vitablanca.ma\/product\/caudalie-the-des-vignes-trio-parfume-coffret\/"},"modified":"2025-05-28T23:02:21","modified_gmt":"2025-05-28T23:02:21","slug":"caudalie-the-des-vignes-trio-parfume-coffret","status":"publish","type":"product","link":"https:\/\/vitablanca.ma\/en\/product\/caudalie-the-des-vignes-trio-parfume-coffret\/","title":{"rendered":"CAUDALIE Th\u00e9 des Vignes Perfumed Trio gift set"},"content":{"rendered":"<div data-v-3062a9da=\"\" class=\"font-light mt-2\" data-mce-fragment=\"1\">\n<strong data-mce-fragment=\"1\">What is this ?<\/strong><\/p>\n<div data-mce-fragment=\"1\">Fall for the Th\u00e9 des Vignes Scented Trio, our best-selling fragrance.<br data-mce-fragment=\"1\">Find in this box: Eau Fra\u00eeche Th\u00e9 des Vignes + 2 complimentary travel-size products.<br data-mce-fragment=\"1\"><br data-mce-fragment=\"1\"><b data-mce-fragment=\"1\">Fresh Water Tea of the Vines 50 mL<\/b><br data-mce-fragment=\"1\">A particularly soft and sensual scented water. Its trail evokes voluptuous notes of white musk, neroli, and ginger, infused with orange blossom and jasmine.<br data-mce-fragment=\"1\"><br data-mce-fragment=\"1\"><b data-mce-fragment=\"1\">Th\u00e9 des Vignes Shower Gel 50 mL \u2013 FREE<\/b><br data-mce-fragment=\"1\">Soap-free and highly tolerant, it gently cleanses and leaves the skin delicately scented.<br data-mce-fragment=\"1\"><br data-mce-fragment=\"1\"><b data-mce-fragment=\"1\">Th\u00e9 des Vignes Hand and Nail Repair Cream 30 mL \u2013 FREE<\/b><br data-mce-fragment=\"1\">It nourishes and repairs dry hands without leaving them greasy, while protecting them from dehydration and external aggressions. The skin is softer and the nails and cuticles are strengthened.<\/div>\n<\/div>\n<div data-v-3062a9da=\"\" class=\"font-light mt-2\" data-mce-fragment=\"1\">\n<strong data-mce-fragment=\"1\">Skin type<span data-mce-fragment=\"1\">\u00a0<\/span><span data-mce-fragment=\"1\">:<\/span><\/strong><span data-mce-fragment=\"1\">\u00a0<\/span><span data-mce-fragment=\"1\">All skin types<\/span>\n<\/div>\n<div data-v-3062a9da=\"\" class=\"font-light mt-2\" data-mce-fragment=\"1\">\n<strong data-mce-fragment=\"1\">Key ingredients<span data-mce-fragment=\"1\">\u00a0<\/span><span data-mce-fragment=\"1\">:<\/span><\/strong><span data-mce-fragment=\"1\">\u00a0<\/span><span data-mce-fragment=\"1\">White musk, ginger, neroli<\/span>\n<\/div>\n<div data-v-3062a9da=\"\" class=\"font-light mt-2\" data-mce-fragment=\"1\">\n<strong data-mce-fragment=\"1\">Use<span data-mce-fragment=\"1\">\u00a0<\/span><span data-mce-fragment=\"1\">:<\/span><\/strong><span data-mce-fragment=\"1\">\u00a0<\/span><span data-mce-fragment=\"1\">Anytime of the day<\/span>\n<\/div>\n<div data-v-98db405a=\"\" data-v-3062a9da=\"\" data-mce-fragment=\"1\">\n<div data-v-98db405a=\"\" class=\"relative\" data-mce-fragment=\"1\">\n<div data-v-98db405a=\"\" class=\"absolute bottom-0 left-0 w-full see-more-block-backdrop\" data-mce-fragment=\"1\"><br data-mce-fragment=\"1\"><\/div>\n<div data-v-98db405a=\"\" class=\"overflow-auto\" data-mce-fragment=\"1\">\n<div data-mce-fragment=\"1\">\n<div data-v-3062a9da=\"\" class=\"font-light mt-2\" data-mce-fragment=\"1\">\n<strong data-mce-fragment=\"1\">Formula:<\/strong><\/p>\n<ul class=\"list-disc list-inside\" data-mce-fragment=\"1\">\n<li data-mce-fragment=\"1\">89% of naturally derived ingredients<\/li>\n<li data-mce-fragment=\"1\">Plastic-free and recyclable<\/li>\n<\/ul>\n<\/div>\n<div data-v-3062a9da=\"\" class=\"font-light mt-2\" data-mce-fragment=\"1\">\n<strong data-mce-fragment=\"1\">Did you know?<\/strong><\/p>\n<div data-mce-fragment=\"1\">Our Th\u00e9 des Vignes body care products are inspired by the sensual notes of Eau Fra\u00eeche Th\u00e9 des Vignes created in 2011 by Mathilde Thomas, founder of Caudalie, with the help of the great master perfumer Jacques Cavallier.<br data-mce-fragment=\"1\">\n<\/div>\n<\/div>\n<div data-v-3062a9da=\"\" class=\"font-light mt-2\" data-mce-fragment=\"1\">\n<strong data-mce-fragment=\"1\">Eco-responsible Commitment<\/strong><\/p>\n<div data-mce-fragment=\"1\">This box is eco-designed, zero-plastic and 100% recyclable.* It was made with paper from sustainably managed forests and printed with vegetable-based inks.<\/div>\n<\/div>\n<\/div>\n<\/div>\n<\/div>\n<\/div>","protected":false},"excerpt":{"rendered":"<p>Qu&rsquo;est-ce que c&rsquo;est ? Craquez pour le Trio Parfum\u00e9 Th\u00e9 des Vignes, notre fragrance best-seller.Retrouvez dans ce coffret : l&rsquo;Eau Fra\u00eeche Th\u00e9 des Vignes + 2 produits compl\u00e9mentaires en format voyage offerts.L&rsquo;Eau Fra\u00eeche Th\u00e9 des Vignes 50 mLUne eau parfum\u00e9e particuli\u00e8rement douce et sensuelle. Son sillage \u00e9voque les notes voluptueuses de musc blanc, de n\u00e9roli [&hellip;]<\/p>\n","protected":false},"featured_media":13890,"template":"","meta":{"om_disable_all_campaigns":false},"product_brand":[],"product_cat":[15],"product_tag":[],"class_list":{"0":"post-13897","1":"product","2":"type-product","3":"status-publish","4":"has-post-thumbnail","6":"product_cat-beaute-sante-complements-alimentaires-soins-et-bien-etre-au-meilleur-prix","8":"first","9":"instock","10":"taxable","11":"shipping-taxable","12":"purchasable","13":"product-type-simple"},"yoast_head":"<!-- This site is optimized with the Yoast SEO plugin v27.4 - https:\/\/yoast.com\/product\/yoast-seo-wordpress\/ -->\n<title>CAUDALIE Th\u00e9 des Vignes Trio Parfum\u00e9 coffret - Maroc Prix<\/title>\n<meta name=\"description\" content=\"CAUDALIE Th\u00e9 des Vignes Trio Parfum\u00e9 coffret\" \/>\n<meta name=\"robots\" content=\"index, follow, max-snippet:-1, max-image-preview:large, max-video-preview:-1\" \/>\n<link rel=\"canonical\" href=\"https:\/\/vitablanca.ma\/en\/product\/caudalie-the-des-vignes-trio-parfume-coffret\/\" \/>\n<meta property=\"og:locale\" content=\"en_US\" \/>\n<meta property=\"og:type\" content=\"article\" \/>\n<meta property=\"og:title\" content=\"CAUDALIE Th\u00e9 des Vignes Trio Parfum\u00e9 coffret - Maroc Prix\" \/>\n<meta property=\"og:description\" content=\"CAUDALIE Th\u00e9 des Vignes Trio Parfum\u00e9 coffret\" \/>\n<meta property=\"og:url\" content=\"https:\/\/vitablanca.ma\/en\/product\/caudalie-the-des-vignes-trio-parfume-coffret\/\" \/>\n<meta property=\"og:site_name\" content=\"Vitablanca.ma &ndash; Sant&eacute;, vitalit&eacute; et bien-&ecirc;tre pour tous les Marocains\" \/>\n<meta property=\"article:publisher\" content=\"https:\/\/www.facebook.com\/profile.php?id=61576678196717\" \/>\n<meta property=\"og:image\" content=\"https:\/\/vitablanca.ma\/wp-content\/uploads\/2025\/05\/3_holiday-gift-set-23_tdv_set_caudalie-fr.jpg\" \/>\n\t<meta property=\"og:image:width\" content=\"600\" \/>\n\t<meta property=\"og:image:height\" content=\"600\" \/>\n\t<meta property=\"og:image:type\" content=\"image\/jpeg\" \/>\n<meta name=\"twitter:card\" content=\"summary_large_image\" \/>\n<meta name=\"twitter:label1\" content=\"Est. reading time\" \/>\n\t<meta name=\"twitter:data1\" content=\"1 minute\" \/>\n<script type=\"application\/ld+json\" class=\"yoast-schema-graph\">{\"@context\":\"https:\\\/\\\/schema.org\",\"@graph\":[{\"@type\":[\"WebPage\",\"ItemPage\"],\"@id\":\"https:\\\/\\\/vitablanca.ma\\\/produit\\\/caudalie-the-des-vignes-trio-parfume-coffret\\\/\",\"url\":\"https:\\\/\\\/vitablanca.ma\\\/produit\\\/caudalie-the-des-vignes-trio-parfume-coffret\\\/\",\"name\":\"CAUDALIE Th\u00e9 des Vignes Trio Parfum\u00e9 coffret - Maroc Prix\",\"isPartOf\":{\"@id\":\"https:\\\/\\\/vitablanca.ma\\\/#website\"},\"primaryImageOfPage\":{\"@id\":\"https:\\\/\\\/vitablanca.ma\\\/produit\\\/caudalie-the-des-vignes-trio-parfume-coffret\\\/#primaryimage\"},\"image\":{\"@id\":\"https:\\\/\\\/vitablanca.ma\\\/produit\\\/caudalie-the-des-vignes-trio-parfume-coffret\\\/#primaryimage\"},\"thumbnailUrl\":\"https:\\\/\\\/vitablanca.ma\\\/wp-content\\\/uploads\\\/2025\\\/05\\\/3_holiday-gift-set-23_tdv_set_caudalie-fr.jpg\",\"datePublished\":\"2025-05-28T23:02:21+00:00\",\"description\":\"CAUDALIE Th\u00e9 des Vignes Trio Parfum\u00e9 coffret\",\"breadcrumb\":{\"@id\":\"https:\\\/\\\/vitablanca.ma\\\/produit\\\/caudalie-the-des-vignes-trio-parfume-coffret\\\/#breadcrumb\"},\"inLanguage\":\"en-US\",\"potentialAction\":[{\"@type\":\"ReadAction\",\"target\":[\"https:\\\/\\\/vitablanca.ma\\\/produit\\\/caudalie-the-des-vignes-trio-parfume-coffret\\\/\"]}]},{\"@type\":\"ImageObject\",\"inLanguage\":\"en-US\",\"@id\":\"https:\\\/\\\/vitablanca.ma\\\/produit\\\/caudalie-the-des-vignes-trio-parfume-coffret\\\/#primaryimage\",\"url\":\"https:\\\/\\\/vitablanca.ma\\\/wp-content\\\/uploads\\\/2025\\\/05\\\/3_holiday-gift-set-23_tdv_set_caudalie-fr.jpg\",\"contentUrl\":\"https:\\\/\\\/vitablanca.ma\\\/wp-content\\\/uploads\\\/2025\\\/05\\\/3_holiday-gift-set-23_tdv_set_caudalie-fr.jpg\",\"width\":600,\"height\":600},{\"@type\":\"BreadcrumbList\",\"@id\":\"https:\\\/\\\/vitablanca.ma\\\/produit\\\/caudalie-the-des-vignes-trio-parfume-coffret\\\/#breadcrumb\",\"itemListElement\":[{\"@type\":\"ListItem\",\"position\":1,\"name\":\"Home\",\"item\":\"https:\\\/\\\/vitablanca.ma\\\/\"},{\"@type\":\"ListItem\",\"position\":2,\"name\":\"Tous Les Produits\",\"item\":\"https:\\\/\\\/vitablanca.ma\\\/tous-les-produits\\\/\"},{\"@type\":\"ListItem\",\"position\":3,\"name\":\"CAUDALIE Th\u00e9 des Vignes Trio Parfum\u00e9 coffret\"}]},{\"@type\":\"WebSite\",\"@id\":\"https:\\\/\\\/vitablanca.ma\\\/#website\",\"url\":\"https:\\\/\\\/vitablanca.ma\\\/\",\"name\":\"VitaBlanca.ma | Compl\u00e9ments alimentaires, sant\u00e9 & beaut\u00e9 au Maroc\",\"description\":\"vendre vitamines et compl\u00e9ments premium des USA &amp; Canada, Nouvelle Z\u00e9lande,Maroc (NOW Foods, Solgar, Manuka). Livraison rapide partout au Maroc.\",\"publisher\":{\"@id\":\"https:\\\/\\\/vitablanca.ma\\\/#organization\"},\"alternateName\":\"VitaBlanca.ma\",\"potentialAction\":[{\"@type\":\"SearchAction\",\"target\":{\"@type\":\"EntryPoint\",\"urlTemplate\":\"https:\\\/\\\/vitablanca.ma\\\/?s={search_term_string}\"},\"query-input\":{\"@type\":\"PropertyValueSpecification\",\"valueRequired\":true,\"valueName\":\"search_term_string\"}}],\"inLanguage\":\"en-US\"},{\"@type\":\"Organization\",\"@id\":\"https:\\\/\\\/vitablanca.ma\\\/#organization\",\"name\":\"VitaBlanca\",\"url\":\"https:\\\/\\\/vitablanca.ma\\\/\",\"logo\":{\"@type\":\"ImageObject\",\"inLanguage\":\"en-US\",\"@id\":\"https:\\\/\\\/vitablanca.ma\\\/#\\\/schema\\\/logo\\\/image\\\/\",\"url\":\"https:\\\/\\\/vitablanca.ma\\\/wp-content\\\/uploads\\\/2025\\\/05\\\/cropped-vitablanca.png\",\"contentUrl\":\"https:\\\/\\\/vitablanca.ma\\\/wp-content\\\/uploads\\\/2025\\\/05\\\/cropped-vitablanca.png\",\"width\":360,\"height\":67,\"caption\":\"VitaBlanca\"},\"image\":{\"@id\":\"https:\\\/\\\/vitablanca.ma\\\/#\\\/schema\\\/logo\\\/image\\\/\"},\"sameAs\":[\"https:\\\/\\\/www.facebook.com\\\/profile.php?id=61576678196717\",\"https:\\\/\\\/www.tiktok.com\\\/@vitablanca.ma\",\"https:\\\/\\\/www.instagram.com\\\/vitablanca.ma\\\/\"]}]}<\/script>\n<!-- \/ Yoast SEO plugin. -->","yoast_head_json":{"title":"CAUDALIE Th\u00e9 des Vignes Perfumed Trio Gift Set - Morocco Price","description":"CAUDALIE Th\u00e9 des Vignes Perfumed Trio gift set","robots":{"index":"index","follow":"follow","max-snippet":"max-snippet:-1","max-image-preview":"max-image-preview:large","max-video-preview":"max-video-preview:-1"},"canonical":"https:\/\/vitablanca.ma\/en\/product\/caudalie-the-des-vignes-trio-parfume-coffret\/","og_locale":"en_US","og_type":"article","og_title":"CAUDALIE Th\u00e9 des Vignes Trio Parfum\u00e9 coffret - Maroc Prix","og_description":"CAUDALIE Th\u00e9 des Vignes Trio Parfum\u00e9 coffret","og_url":"https:\/\/vitablanca.ma\/en\/product\/caudalie-the-des-vignes-trio-parfume-coffret\/","og_site_name":"Vitablanca.ma &ndash; Sant&eacute;, vitalit&eacute; et bien-&ecirc;tre pour tous les Marocains","article_publisher":"https:\/\/www.facebook.com\/profile.php?id=61576678196717","og_image":[{"width":600,"height":600,"url":"https:\/\/vitablanca.ma\/wp-content\/uploads\/2025\/05\/3_holiday-gift-set-23_tdv_set_caudalie-fr.jpg","type":"image\/jpeg"}],"twitter_card":"summary_large_image","twitter_misc":{"Est. reading time":"1 minute"},"schema":{"@context":"https:\/\/schema.org","@graph":[{"@type":["WebPage","ItemPage"],"@id":"https:\/\/vitablanca.ma\/produit\/caudalie-the-des-vignes-trio-parfume-coffret\/","url":"https:\/\/vitablanca.ma\/produit\/caudalie-the-des-vignes-trio-parfume-coffret\/","name":"CAUDALIE Th\u00e9 des Vignes Perfumed Trio Gift Set - Morocco Price","isPartOf":{"@id":"https:\/\/vitablanca.ma\/#website"},"primaryImageOfPage":{"@id":"https:\/\/vitablanca.ma\/produit\/caudalie-the-des-vignes-trio-parfume-coffret\/#primaryimage"},"image":{"@id":"https:\/\/vitablanca.ma\/produit\/caudalie-the-des-vignes-trio-parfume-coffret\/#primaryimage"},"thumbnailUrl":"https:\/\/vitablanca.ma\/wp-content\/uploads\/2025\/05\/3_holiday-gift-set-23_tdv_set_caudalie-fr.jpg","datePublished":"2025-05-28T23:02:21+00:00","description":"CAUDALIE Th\u00e9 des Vignes Perfumed Trio gift set","breadcrumb":{"@id":"https:\/\/vitablanca.ma\/produit\/caudalie-the-des-vignes-trio-parfume-coffret\/#breadcrumb"},"inLanguage":"en-US","potentialAction":[{"@type":"ReadAction","target":["https:\/\/vitablanca.ma\/produit\/caudalie-the-des-vignes-trio-parfume-coffret\/"]}]},{"@type":"ImageObject","inLanguage":"en-US","@id":"https:\/\/vitablanca.ma\/produit\/caudalie-the-des-vignes-trio-parfume-coffret\/#primaryimage","url":"https:\/\/vitablanca.ma\/wp-content\/uploads\/2025\/05\/3_holiday-gift-set-23_tdv_set_caudalie-fr.jpg","contentUrl":"https:\/\/vitablanca.ma\/wp-content\/uploads\/2025\/05\/3_holiday-gift-set-23_tdv_set_caudalie-fr.jpg","width":600,"height":600},{"@type":"BreadcrumbList","@id":"https:\/\/vitablanca.ma\/produit\/caudalie-the-des-vignes-trio-parfume-coffret\/#breadcrumb","itemListElement":[{"@type":"ListItem","position":1,"name":"Home","item":"https:\/\/vitablanca.ma\/"},{"@type":"ListItem","position":2,"name":"Tous Les Produits","item":"https:\/\/vitablanca.ma\/tous-les-produits\/"},{"@type":"ListItem","position":3,"name":"CAUDALIE Th\u00e9 des Vignes Trio Parfum\u00e9 coffret"}]},{"@type":"WebSite","@id":"https:\/\/vitablanca.ma\/#website","url":"https:\/\/vitablanca.ma\/","name":"VitaBlanca.ma | Food supplements, health &amp; beauty in Morocco","description":"sell premium vitamins and supplements from USA &amp; Canada, New Zealand, Morocco (NOW Foods, Solgar, Manuka). Fast delivery anywhere in Morocco.","publisher":{"@id":"https:\/\/vitablanca.ma\/#organization"},"alternateName":"VitaBlanca.ma","potentialAction":[{"@type":"SearchAction","target":{"@type":"EntryPoint","urlTemplate":"https:\/\/vitablanca.ma\/?s={search_term_string}"},"query-input":{"@type":"PropertyValueSpecification","valueRequired":true,"valueName":"search_term_string"}}],"inLanguage":"en-US"},{"@type":"Organization","@id":"https:\/\/vitablanca.ma\/#organization","name":"VitaBlanca","url":"https:\/\/vitablanca.ma\/","logo":{"@type":"ImageObject","inLanguage":"en-US","@id":"https:\/\/vitablanca.ma\/#\/schema\/logo\/image\/","url":"https:\/\/vitablanca.ma\/wp-content\/uploads\/2025\/05\/cropped-vitablanca.png","contentUrl":"https:\/\/vitablanca.ma\/wp-content\/uploads\/2025\/05\/cropped-vitablanca.png","width":360,"height":67,"caption":"VitaBlanca"},"image":{"@id":"https:\/\/vitablanca.ma\/#\/schema\/logo\/image\/"},"sameAs":["https:\/\/www.facebook.com\/profile.php?id=61576678196717","https:\/\/www.tiktok.com\/@vitablanca.ma","https:\/\/www.instagram.com\/vitablanca.ma\/"]}]}},"jetpack_sharing_enabled":true,"_links":{"self":[{"href":"https:\/\/vitablanca.ma\/en\/wp-json\/wp\/v2\/product\/13897","targetHints":{"allow":["GET"]}}],"collection":[{"href":"https:\/\/vitablanca.ma\/en\/wp-json\/wp\/v2\/product"}],"about":[{"href":"https:\/\/vitablanca.ma\/en\/wp-json\/wp\/v2\/types\/product"}],"wp:featuredmedia":[{"embeddable":true,"href":"https:\/\/vitablanca.ma\/en\/wp-json\/wp\/v2\/media\/13890"}],"wp:attachment":[{"href":"https:\/\/vitablanca.ma\/en\/wp-json\/wp\/v2\/media?parent=13897"}],"wp:term":[{"taxonomy":"product_brand","embeddable":true,"href":"https:\/\/vitablanca.ma\/en\/wp-json\/wp\/v2\/product_brand?post=13897"},{"taxonomy":"product_cat","embeddable":true,"href":"https:\/\/vitablanca.ma\/en\/wp-json\/wp\/v2\/product_cat?post=13897"},{"taxonomy":"product_tag","embeddable":true,"href":"https:\/\/vitablanca.ma\/en\/wp-json\/wp\/v2\/product_tag?post=13897"}],"curies":[{"name":"wp","href":"https:\/\/api.w.org\/{rel}","templated":true}]}}