{"id":13892,"date":"2025-05-28T23:02:19","date_gmt":"2025-05-28T23:02:19","guid":{"rendered":"https:\/\/vitablanca.ma\/product\/azzaro-azzaro-pour-homme-eau-de-toilette\/"},"modified":"2025-05-28T23:02:20","modified_gmt":"2025-05-28T23:02:20","slug":"azzaro-azzaro-pour-homme-eau-de-toilette","status":"publish","type":"product","link":"https:\/\/vitablanca.ma\/en\/product\/azzaro-azzaro-pour-homme-eau-de-toilette\/","title":{"rendered":"<strong> AZZARO AZZARO FOR MEN <\/strong> Eau de toilette"},"content":{"rendered":"<p>Shaped by Italian elegance and refinement, a reflection of its creator Loris Azzaro, this distinguished fragrance, with its lively and powerful trail, combines natural sensuality and instinctive elegance; its emblematic &quot;aromatic woody foug\u00e8re&quot; signature offers men a timeless charismatic virility.<br \/>\n A creation that combines luminosity (citrus notes and star anise), seduction (fern accord) and timeless virility (patchouli, vetiver, sandalwood). <br \/>\n Azzaro Parfums is committed to responsible development for sustainable luxury with its partners. Selected with its partner Givaudan, the French lavender harvests come from responsible sources, guaranteeing a fair income for producers and communities while preserving their environment.<br \/>Olfactory notes:<br \/>Patchouli, vetiver, sage, basil, amber, musk and sandalwood<\/p>\n<h3>Delivery <\/h3>\n<p> Express delivery to Casablanca (1 to 2 days) and Fast delivery throughout Morocco (2 to 3 days).<br \/>If you would like to offer this perfume, you can benefit from gift wrapping by checking the dedicated box in your basket.<br \/>We guarantee the authenticity of all products sold on Kosmenia.<\/p>","protected":false},"excerpt":{"rendered":"<p>Fa\u00e7onn\u00e9 par l\u2019\u00e9l\u00e9gance et le raffinement \u00e0 l\u2019italienne, reflet de son cr\u00e9ateur Loris Azzaro, ce parfum rac\u00e9, au sillage vif et puissant, m\u00eale sensualit\u00e9 naturelle et \u00e9l\u00e9gance instinctive ; sa signature embl\u00e9matique \u00ab foug\u00e8re aromatique bois\u00e9e \u00bb offre aux hommes une virilit\u00e9 charismatique hors du temps. Une cr\u00e9ation qui allie luminosit\u00e9 (notes hesp\u00e9rid\u00e9es et anis [&hellip;]<\/p>\n","protected":false},"featured_media":13891,"template":"","meta":{"om_disable_all_campaigns":false},"product_brand":[],"product_cat":[15],"product_tag":[],"class_list":{"0":"post-13892","1":"product","2":"type-product","3":"status-publish","4":"has-post-thumbnail","6":"product_cat-beaute-sante-complements-alimentaires-soins-et-bien-etre-au-meilleur-prix","8":"first","9":"instock","10":"sale","11":"taxable","12":"shipping-taxable","13":"purchasable","14":"product-type-variable"},"yoast_head":"<!-- This site is optimized with the Yoast SEO plugin v27.4 - https:\/\/yoast.com\/product\/yoast-seo-wordpress\/ -->\n<title>AZZARO AZZARO POUR HOMME  Eau de Toilette - Maroc Prix<\/title>\n<meta name=\"description\" content=\"AZZARO AZZARO POUR HOMME  Eau de Toilette\" \/>\n<meta name=\"robots\" content=\"index, follow, max-snippet:-1, max-image-preview:large, max-video-preview:-1\" \/>\n<link rel=\"canonical\" href=\"https:\/\/vitablanca.ma\/en\/product\/azzaro-azzaro-pour-homme-eau-de-toilette\/\" \/>\n<meta property=\"og:locale\" content=\"en_US\" \/>\n<meta property=\"og:type\" content=\"article\" \/>\n<meta property=\"og:title\" content=\"AZZARO AZZARO POUR HOMME  Eau de Toilette - Maroc Prix\" \/>\n<meta property=\"og:description\" content=\"AZZARO AZZARO POUR HOMME  Eau de Toilette\" \/>\n<meta property=\"og:url\" content=\"https:\/\/vitablanca.ma\/en\/product\/azzaro-azzaro-pour-homme-eau-de-toilette\/\" \/>\n<meta property=\"og:site_name\" content=\"Vitablanca.ma &ndash; Sant&eacute;, vitalit&eacute; et bien-&ecirc;tre pour tous les Marocains\" \/>\n<meta property=\"article:publisher\" content=\"https:\/\/www.facebook.com\/profile.php?id=61576678196717\" \/>\n<meta property=\"article:modified_time\" content=\"2025-05-28T23:02:20+00:00\" \/>\n<meta property=\"og:image\" content=\"https:\/\/vitablanca.ma\/wp-content\/uploads\/2025\/05\/azzaro_azzaro_pour_homme_eau_de_toilette_rechargeable_eau_de_toilette_30_ml_500x500_5f544971-7e75-4f71-a022-5e643ddad471.jpg\" \/>\n\t<meta property=\"og:image:width\" content=\"500\" \/>\n\t<meta property=\"og:image:height\" content=\"500\" \/>\n\t<meta property=\"og:image:type\" content=\"image\/jpeg\" \/>\n<meta name=\"twitter:card\" content=\"summary_large_image\" \/>\n<meta name=\"twitter:label1\" content=\"Est. reading time\" \/>\n\t<meta name=\"twitter:data1\" content=\"1 minute\" \/>\n<script type=\"application\/ld+json\" class=\"yoast-schema-graph\">{\"@context\":\"https:\\\/\\\/schema.org\",\"@graph\":[{\"@type\":[\"WebPage\",\"ItemPage\"],\"@id\":\"https:\\\/\\\/vitablanca.ma\\\/produit\\\/azzaro-azzaro-pour-homme-eau-de-toilette\\\/\",\"url\":\"https:\\\/\\\/vitablanca.ma\\\/produit\\\/azzaro-azzaro-pour-homme-eau-de-toilette\\\/\",\"name\":\"AZZARO AZZARO POUR HOMME Eau de Toilette - Maroc Prix\",\"isPartOf\":{\"@id\":\"https:\\\/\\\/vitablanca.ma\\\/#website\"},\"primaryImageOfPage\":{\"@id\":\"https:\\\/\\\/vitablanca.ma\\\/produit\\\/azzaro-azzaro-pour-homme-eau-de-toilette\\\/#primaryimage\"},\"image\":{\"@id\":\"https:\\\/\\\/vitablanca.ma\\\/produit\\\/azzaro-azzaro-pour-homme-eau-de-toilette\\\/#primaryimage\"},\"thumbnailUrl\":\"https:\\\/\\\/vitablanca.ma\\\/wp-content\\\/uploads\\\/2025\\\/05\\\/azzaro_azzaro_pour_homme_eau_de_toilette_rechargeable_eau_de_toilette_30_ml_500x500_5f544971-7e75-4f71-a022-5e643ddad471.jpg\",\"datePublished\":\"2025-05-28T23:02:19+00:00\",\"dateModified\":\"2025-05-28T23:02:20+00:00\",\"description\":\"AZZARO AZZARO POUR HOMME Eau de Toilette\",\"breadcrumb\":{\"@id\":\"https:\\\/\\\/vitablanca.ma\\\/produit\\\/azzaro-azzaro-pour-homme-eau-de-toilette\\\/#breadcrumb\"},\"inLanguage\":\"en-US\",\"potentialAction\":[{\"@type\":\"ReadAction\",\"target\":[\"https:\\\/\\\/vitablanca.ma\\\/produit\\\/azzaro-azzaro-pour-homme-eau-de-toilette\\\/\"]}]},{\"@type\":\"ImageObject\",\"inLanguage\":\"en-US\",\"@id\":\"https:\\\/\\\/vitablanca.ma\\\/produit\\\/azzaro-azzaro-pour-homme-eau-de-toilette\\\/#primaryimage\",\"url\":\"https:\\\/\\\/vitablanca.ma\\\/wp-content\\\/uploads\\\/2025\\\/05\\\/azzaro_azzaro_pour_homme_eau_de_toilette_rechargeable_eau_de_toilette_30_ml_500x500_5f544971-7e75-4f71-a022-5e643ddad471.jpg\",\"contentUrl\":\"https:\\\/\\\/vitablanca.ma\\\/wp-content\\\/uploads\\\/2025\\\/05\\\/azzaro_azzaro_pour_homme_eau_de_toilette_rechargeable_eau_de_toilette_30_ml_500x500_5f544971-7e75-4f71-a022-5e643ddad471.jpg\",\"width\":500,\"height\":500},{\"@type\":\"BreadcrumbList\",\"@id\":\"https:\\\/\\\/vitablanca.ma\\\/produit\\\/azzaro-azzaro-pour-homme-eau-de-toilette\\\/#breadcrumb\",\"itemListElement\":[{\"@type\":\"ListItem\",\"position\":1,\"name\":\"Home\",\"item\":\"https:\\\/\\\/vitablanca.ma\\\/\"},{\"@type\":\"ListItem\",\"position\":2,\"name\":\"Tous Les Produits\",\"item\":\"https:\\\/\\\/vitablanca.ma\\\/tous-les-produits\\\/\"},{\"@type\":\"ListItem\",\"position\":3,\"name\":\"AZZARO AZZARO POUR HOMME Eau de Toilette\"}]},{\"@type\":\"WebSite\",\"@id\":\"https:\\\/\\\/vitablanca.ma\\\/#website\",\"url\":\"https:\\\/\\\/vitablanca.ma\\\/\",\"name\":\"VitaBlanca.ma | Compl\u00e9ments alimentaires, sant\u00e9 & beaut\u00e9 au Maroc\",\"description\":\"vendre vitamines et compl\u00e9ments premium des USA &amp; Canada, Nouvelle Z\u00e9lande,Maroc (NOW Foods, Solgar, Manuka). Livraison rapide partout au Maroc.\",\"publisher\":{\"@id\":\"https:\\\/\\\/vitablanca.ma\\\/#organization\"},\"alternateName\":\"VitaBlanca.ma\",\"potentialAction\":[{\"@type\":\"SearchAction\",\"target\":{\"@type\":\"EntryPoint\",\"urlTemplate\":\"https:\\\/\\\/vitablanca.ma\\\/?s={search_term_string}\"},\"query-input\":{\"@type\":\"PropertyValueSpecification\",\"valueRequired\":true,\"valueName\":\"search_term_string\"}}],\"inLanguage\":\"en-US\"},{\"@type\":\"Organization\",\"@id\":\"https:\\\/\\\/vitablanca.ma\\\/#organization\",\"name\":\"VitaBlanca\",\"url\":\"https:\\\/\\\/vitablanca.ma\\\/\",\"logo\":{\"@type\":\"ImageObject\",\"inLanguage\":\"en-US\",\"@id\":\"https:\\\/\\\/vitablanca.ma\\\/#\\\/schema\\\/logo\\\/image\\\/\",\"url\":\"https:\\\/\\\/vitablanca.ma\\\/wp-content\\\/uploads\\\/2025\\\/05\\\/cropped-vitablanca.png\",\"contentUrl\":\"https:\\\/\\\/vitablanca.ma\\\/wp-content\\\/uploads\\\/2025\\\/05\\\/cropped-vitablanca.png\",\"width\":360,\"height\":67,\"caption\":\"VitaBlanca\"},\"image\":{\"@id\":\"https:\\\/\\\/vitablanca.ma\\\/#\\\/schema\\\/logo\\\/image\\\/\"},\"sameAs\":[\"https:\\\/\\\/www.facebook.com\\\/profile.php?id=61576678196717\",\"https:\\\/\\\/www.tiktok.com\\\/@vitablanca.ma\",\"https:\\\/\\\/www.instagram.com\\\/vitablanca.ma\\\/\"]}]}<\/script>\n<!-- \/ Yoast SEO plugin. -->","yoast_head_json":{"title":"AZZARO AZZARO POUR HOMME Eau de Toilette - Morocco Price","description":"AZZARO AZZARO FOR MEN Eau de Toilette","robots":{"index":"index","follow":"follow","max-snippet":"max-snippet:-1","max-image-preview":"max-image-preview:large","max-video-preview":"max-video-preview:-1"},"canonical":"https:\/\/vitablanca.ma\/en\/product\/azzaro-azzaro-pour-homme-eau-de-toilette\/","og_locale":"en_US","og_type":"article","og_title":"AZZARO AZZARO POUR HOMME  Eau de Toilette - Maroc Prix","og_description":"AZZARO AZZARO POUR HOMME  Eau de Toilette","og_url":"https:\/\/vitablanca.ma\/en\/product\/azzaro-azzaro-pour-homme-eau-de-toilette\/","og_site_name":"Vitablanca.ma &ndash; Sant&eacute;, vitalit&eacute; et bien-&ecirc;tre pour tous les Marocains","article_publisher":"https:\/\/www.facebook.com\/profile.php?id=61576678196717","article_modified_time":"2025-05-28T23:02:20+00:00","og_image":[{"width":500,"height":500,"url":"https:\/\/vitablanca.ma\/wp-content\/uploads\/2025\/05\/azzaro_azzaro_pour_homme_eau_de_toilette_rechargeable_eau_de_toilette_30_ml_500x500_5f544971-7e75-4f71-a022-5e643ddad471.jpg","type":"image\/jpeg"}],"twitter_card":"summary_large_image","twitter_misc":{"Est. reading time":"1 minute"},"schema":{"@context":"https:\/\/schema.org","@graph":[{"@type":["WebPage","ItemPage"],"@id":"https:\/\/vitablanca.ma\/produit\/azzaro-azzaro-pour-homme-eau-de-toilette\/","url":"https:\/\/vitablanca.ma\/produit\/azzaro-azzaro-pour-homme-eau-de-toilette\/","name":"AZZARO AZZARO POUR HOMME Eau de Toilette - Morocco Price","isPartOf":{"@id":"https:\/\/vitablanca.ma\/#website"},"primaryImageOfPage":{"@id":"https:\/\/vitablanca.ma\/produit\/azzaro-azzaro-pour-homme-eau-de-toilette\/#primaryimage"},"image":{"@id":"https:\/\/vitablanca.ma\/produit\/azzaro-azzaro-pour-homme-eau-de-toilette\/#primaryimage"},"thumbnailUrl":"https:\/\/vitablanca.ma\/wp-content\/uploads\/2025\/05\/azzaro_azzaro_pour_homme_eau_de_toilette_rechargeable_eau_de_toilette_30_ml_500x500_5f544971-7e75-4f71-a022-5e643ddad471.jpg","datePublished":"2025-05-28T23:02:19+00:00","dateModified":"2025-05-28T23:02:20+00:00","description":"AZZARO AZZARO FOR MEN Eau de Toilette","breadcrumb":{"@id":"https:\/\/vitablanca.ma\/produit\/azzaro-azzaro-pour-homme-eau-de-toilette\/#breadcrumb"},"inLanguage":"en-US","potentialAction":[{"@type":"ReadAction","target":["https:\/\/vitablanca.ma\/produit\/azzaro-azzaro-pour-homme-eau-de-toilette\/"]}]},{"@type":"ImageObject","inLanguage":"en-US","@id":"https:\/\/vitablanca.ma\/produit\/azzaro-azzaro-pour-homme-eau-de-toilette\/#primaryimage","url":"https:\/\/vitablanca.ma\/wp-content\/uploads\/2025\/05\/azzaro_azzaro_pour_homme_eau_de_toilette_rechargeable_eau_de_toilette_30_ml_500x500_5f544971-7e75-4f71-a022-5e643ddad471.jpg","contentUrl":"https:\/\/vitablanca.ma\/wp-content\/uploads\/2025\/05\/azzaro_azzaro_pour_homme_eau_de_toilette_rechargeable_eau_de_toilette_30_ml_500x500_5f544971-7e75-4f71-a022-5e643ddad471.jpg","width":500,"height":500},{"@type":"BreadcrumbList","@id":"https:\/\/vitablanca.ma\/produit\/azzaro-azzaro-pour-homme-eau-de-toilette\/#breadcrumb","itemListElement":[{"@type":"ListItem","position":1,"name":"Home","item":"https:\/\/vitablanca.ma\/"},{"@type":"ListItem","position":2,"name":"Tous Les Produits","item":"https:\/\/vitablanca.ma\/tous-les-produits\/"},{"@type":"ListItem","position":3,"name":"AZZARO AZZARO POUR HOMME Eau de Toilette"}]},{"@type":"WebSite","@id":"https:\/\/vitablanca.ma\/#website","url":"https:\/\/vitablanca.ma\/","name":"VitaBlanca.ma | Food supplements, health &amp; beauty in Morocco","description":"sell premium vitamins and supplements from USA &amp; Canada, New Zealand, Morocco (NOW Foods, Solgar, Manuka). Fast delivery anywhere in Morocco.","publisher":{"@id":"https:\/\/vitablanca.ma\/#organization"},"alternateName":"VitaBlanca.ma","potentialAction":[{"@type":"SearchAction","target":{"@type":"EntryPoint","urlTemplate":"https:\/\/vitablanca.ma\/?s={search_term_string}"},"query-input":{"@type":"PropertyValueSpecification","valueRequired":true,"valueName":"search_term_string"}}],"inLanguage":"en-US"},{"@type":"Organization","@id":"https:\/\/vitablanca.ma\/#organization","name":"VitaBlanca","url":"https:\/\/vitablanca.ma\/","logo":{"@type":"ImageObject","inLanguage":"en-US","@id":"https:\/\/vitablanca.ma\/#\/schema\/logo\/image\/","url":"https:\/\/vitablanca.ma\/wp-content\/uploads\/2025\/05\/cropped-vitablanca.png","contentUrl":"https:\/\/vitablanca.ma\/wp-content\/uploads\/2025\/05\/cropped-vitablanca.png","width":360,"height":67,"caption":"VitaBlanca"},"image":{"@id":"https:\/\/vitablanca.ma\/#\/schema\/logo\/image\/"},"sameAs":["https:\/\/www.facebook.com\/profile.php?id=61576678196717","https:\/\/www.tiktok.com\/@vitablanca.ma","https:\/\/www.instagram.com\/vitablanca.ma\/"]}]}},"jetpack_sharing_enabled":true,"_links":{"self":[{"href":"https:\/\/vitablanca.ma\/en\/wp-json\/wp\/v2\/product\/13892","targetHints":{"allow":["GET"]}}],"collection":[{"href":"https:\/\/vitablanca.ma\/en\/wp-json\/wp\/v2\/product"}],"about":[{"href":"https:\/\/vitablanca.ma\/en\/wp-json\/wp\/v2\/types\/product"}],"wp:featuredmedia":[{"embeddable":true,"href":"https:\/\/vitablanca.ma\/en\/wp-json\/wp\/v2\/media\/13891"}],"wp:attachment":[{"href":"https:\/\/vitablanca.ma\/en\/wp-json\/wp\/v2\/media?parent=13892"}],"wp:term":[{"taxonomy":"product_brand","embeddable":true,"href":"https:\/\/vitablanca.ma\/en\/wp-json\/wp\/v2\/product_brand?post=13892"},{"taxonomy":"product_cat","embeddable":true,"href":"https:\/\/vitablanca.ma\/en\/wp-json\/wp\/v2\/product_cat?post=13892"},{"taxonomy":"product_tag","embeddable":true,"href":"https:\/\/vitablanca.ma\/en\/wp-json\/wp\/v2\/product_tag?post=13892"}],"curies":[{"name":"wp","href":"https:\/\/api.w.org\/{rel}","templated":true}]}}