{"id":13877,"date":"2025-05-28T23:01:57","date_gmt":"2025-05-28T23:01:57","guid":{"rendered":"https:\/\/vitablanca.ma\/product\/roger-gallet-coffret-4-gels-douches-50ml\/"},"modified":"2025-05-28T23:01:57","modified_gmt":"2025-05-28T23:01:57","slug":"roger-gallet-coffret-4-gels-douches-50ml","status":"publish","type":"product","link":"https:\/\/vitablanca.ma\/en\/product\/roger-gallet-coffret-4-gels-douches-50ml\/","title":{"rendered":"ROGER &amp; GALLET SET OF 4 SHOWER GELS *50ML"},"content":{"rendered":"<ul data-mce-fragment=\"1\">\n<li data-mce-fragment=\"1\">\n<strong data-mce-fragment=\"1\">Box contents:\u00a0<\/strong>4 Beneficial Shower Gels 50ml: Rose, Fig Blossom, Red Ginger and Orange Wood<\/li>\n<li data-mce-fragment=\"1\">\n<strong data-mce-fragment=\"1\">For whom:\u00a0<\/strong>All skin types<\/li>\n<li data-mce-fragment=\"1\">\n<strong data-mce-fragment=\"1\">Results :<\/strong>\u00a0The skin is cleansed and delicately perfumed<\/li>\n<li data-mce-fragment=\"1\">\n<strong data-mce-fragment=\"1\">Ingredients :<\/strong>\u00a0Aloe Vera, Glycerin<\/li>\n<li data-mce-fragment=\"1\">\n<strong data-mce-fragment=\"1\">The +:\u00a0<\/strong>Their plant-based washing base<\/li>\n<\/ul>\n<p data-mce-fragment=\"1\">\u00a0<\/p>\n<p data-mce-fragment=\"1\"><strong data-mce-fragment=\"1\">Roger et Gallet&#039;s Beneficial Rose Shower Gel\u00a0<\/strong>is a delicately scented cleansing treatment that cleanses the skin without damaging it.<\/p>\n<p id=\"GMJDYRP\" data-mce-fragment=\"1\">It is enriched with Aloe Vera and natural rose essential oil, it\u00a0<strong data-mce-fragment=\"1\">cleans\u00a0<\/strong>gently,\u00a0<strong data-mce-fragment=\"1\">hydrate\u00a0<\/strong>And\u00a0<strong data-mce-fragment=\"1\">leaves a pleasant scent\u00a0<\/strong>floral on the skin.<\/p>\n<p data-mce-fragment=\"1\">\u00a0<\/p>\n<p data-mce-fragment=\"1\"><strong data-mce-fragment=\"1\">The Beneficial Fig Blossom Shower Gel\u00a0<\/strong>contains a 100% cleansing base of plant origin which gently cleanses the skin without drying it out.<\/p>\n<p data-mce-fragment=\"1\">Enriched with Aloe Vera and Fig extract, this shower gel with\u00a0<strong data-mce-fragment=\"1\">warm scent<\/strong>\u00a0which reminds of summer,\u00a0<strong data-mce-fragment=\"1\">washed<\/strong>,\u00a0<strong data-mce-fragment=\"1\">soothes and moisturizes the skin<\/strong>.<\/p>\n<p data-mce-fragment=\"1\">Its gel texture transforms into\u00a0<strong data-mce-fragment=\"1\">creamy and generous mousse<\/strong>\u00a0for a real moment of pleasure and sensoriality.<\/p>\n<p data-mce-fragment=\"1\">\u00a0<\/p>\n<p data-mce-fragment=\"1\"><strong data-mce-fragment=\"1\">The Beneficial Red Ginger Shower Gel\u00a0<\/strong>also promises gentle cleansing of the skin accompanied by a delicate, delicious and refreshing fragrance.<\/p>\n<p data-mce-fragment=\"1\">Its formula enriched with Aloe Vera is perfectly suited to\u00a0<strong data-mce-fragment=\"1\">dry and sensitive skin\u00a0<\/strong>since it helps to hydrate and protect the skin for a long time.<\/p>\n<p data-mce-fragment=\"1\">Its fragrance with notes of ginger, spices and pink berries restores\u00a0<strong data-mce-fragment=\"1\">energy and well-being<\/strong>.<\/p>\n<p data-mce-fragment=\"1\">Its generous mousse texture offers a pleasant moment of\u00a0<strong data-mce-fragment=\"1\">relaxation and softness<\/strong>.<\/p>\n<p data-mce-fragment=\"1\">\u00a0<\/p>\n<p data-mce-fragment=\"1\"><strong data-mce-fragment=\"1\">The Beneficial Orange Wood Shower Gel<\/strong>\u00a0with a citrus scent and a foaming texture that appeals to the senses.<\/p>\n<p data-mce-fragment=\"1\">Enriched with Aloe Vera and natural Bitter Orange essence, this shower gel\u00a0<strong data-mce-fragment=\"1\">awakens the senses, hydrates and softens the skin.<\/strong><\/p>\n<p data-mce-fragment=\"1\">It leaves a scent\u00a0<strong data-mce-fragment=\"1\">energizing and delicious<\/strong>.<\/p>\n<p data-mce-fragment=\"1\">Its washing base\u00a0<strong data-mce-fragment=\"1\">100% of plant origin\u00a0<\/strong>makes the texture soft and easy to rinse.<\/p>","protected":false},"excerpt":{"rendered":"<p>Contenu du coffret :\u00a04 Gels Douches Bienfaisants 50ml : Rose, Fleur de Figuier, Gingembre Rouge et Bois d\u2019Orange Pour qui :\u00a0Tous les types de peaux R\u00e9sultats :\u00a0La peau est nettoy\u00e9e et d\u00e9licatement parfum\u00e9e Ingr\u00e9dients :\u00a0Aloe Vera, Glyc\u00e9rine Le + :\u00a0Leur base lavante d\u2019origine v\u00e9g\u00e9tale \u00a0 Le Gel Douche Bienfaisant \u00e0 la Rose de Roger et [&hellip;]<\/p>\n","protected":false},"featured_media":13876,"template":"","meta":{"om_disable_all_campaigns":false},"product_brand":[],"product_cat":[15],"product_tag":[],"class_list":{"0":"post-13877","1":"product","2":"type-product","3":"status-publish","4":"has-post-thumbnail","6":"product_cat-beaute-sante-complements-alimentaires-soins-et-bien-etre-au-meilleur-prix","8":"first","9":"instock","10":"taxable","11":"shipping-taxable","12":"purchasable","13":"product-type-simple"},"yoast_head":"<!-- This site is optimized with the Yoast SEO plugin v27.5 - https:\/\/yoast.com\/product\/yoast-seo-wordpress\/ -->\n<title>ROGER &amp; GALLET COFFRET 4 GELS DOUCHES *50ML - Maroc Prix<\/title>\n<meta name=\"description\" content=\"ROGER &amp; GALLET COFFRET 4 GELS DOUCHES *50ML\" \/>\n<meta name=\"robots\" content=\"index, follow, max-snippet:-1, max-image-preview:large, max-video-preview:-1\" \/>\n<link rel=\"canonical\" href=\"https:\/\/vitablanca.ma\/en\/product\/roger-gallet-coffret-4-gels-douches-50ml\/\" \/>\n<meta property=\"og:locale\" content=\"en_US\" \/>\n<meta property=\"og:type\" content=\"article\" \/>\n<meta property=\"og:title\" content=\"ROGER &amp; GALLET COFFRET 4 GELS DOUCHES *50ML - Maroc Prix\" \/>\n<meta property=\"og:description\" content=\"ROGER &amp; GALLET COFFRET 4 GELS DOUCHES *50ML\" \/>\n<meta property=\"og:url\" content=\"https:\/\/vitablanca.ma\/en\/product\/roger-gallet-coffret-4-gels-douches-50ml\/\" \/>\n<meta property=\"og:site_name\" content=\"Vitablanca.ma &ndash; Sant&eacute;, vitalit&eacute; et bien-&ecirc;tre pour tous les Marocains\" \/>\n<meta property=\"article:publisher\" content=\"https:\/\/www.facebook.com\/profile.php?id=61576678196717\" \/>\n<meta property=\"og:image\" content=\"https:\/\/vitablanca.ma\/wp-content\/uploads\/2025\/05\/gd_1200x1200_ff6f6ae9-02d7-41d2-b19a-aeaa0934e260.jpg\" \/>\n\t<meta property=\"og:image:width\" content=\"720\" \/>\n\t<meta property=\"og:image:height\" content=\"720\" \/>\n\t<meta property=\"og:image:type\" content=\"image\/jpeg\" \/>\n<meta name=\"twitter:card\" content=\"summary_large_image\" \/>\n<meta name=\"twitter:label1\" content=\"Est. reading time\" \/>\n\t<meta name=\"twitter:data1\" content=\"2 minutes\" \/>\n<script type=\"application\/ld+json\" class=\"yoast-schema-graph\">{\"@context\":\"https:\\\/\\\/schema.org\",\"@graph\":[{\"@type\":[\"WebPage\",\"ItemPage\"],\"@id\":\"https:\\\/\\\/vitablanca.ma\\\/produit\\\/roger-gallet-coffret-4-gels-douches-50ml\\\/\",\"url\":\"https:\\\/\\\/vitablanca.ma\\\/produit\\\/roger-gallet-coffret-4-gels-douches-50ml\\\/\",\"name\":\"ROGER &amp; GALLET COFFRET 4 GELS DOUCHES *50ML - Maroc Prix\",\"isPartOf\":{\"@id\":\"https:\\\/\\\/vitablanca.ma\\\/#website\"},\"primaryImageOfPage\":{\"@id\":\"https:\\\/\\\/vitablanca.ma\\\/produit\\\/roger-gallet-coffret-4-gels-douches-50ml\\\/#primaryimage\"},\"image\":{\"@id\":\"https:\\\/\\\/vitablanca.ma\\\/produit\\\/roger-gallet-coffret-4-gels-douches-50ml\\\/#primaryimage\"},\"thumbnailUrl\":\"https:\\\/\\\/vitablanca.ma\\\/wp-content\\\/uploads\\\/2025\\\/05\\\/gd_1200x1200_ff6f6ae9-02d7-41d2-b19a-aeaa0934e260.jpg\",\"datePublished\":\"2025-05-28T23:01:57+00:00\",\"description\":\"ROGER &amp; GALLET COFFRET 4 GELS DOUCHES *50ML\",\"breadcrumb\":{\"@id\":\"https:\\\/\\\/vitablanca.ma\\\/produit\\\/roger-gallet-coffret-4-gels-douches-50ml\\\/#breadcrumb\"},\"inLanguage\":\"en-US\",\"potentialAction\":[{\"@type\":\"ReadAction\",\"target\":[\"https:\\\/\\\/vitablanca.ma\\\/produit\\\/roger-gallet-coffret-4-gels-douches-50ml\\\/\"]}]},{\"@type\":\"ImageObject\",\"inLanguage\":\"en-US\",\"@id\":\"https:\\\/\\\/vitablanca.ma\\\/produit\\\/roger-gallet-coffret-4-gels-douches-50ml\\\/#primaryimage\",\"url\":\"https:\\\/\\\/vitablanca.ma\\\/wp-content\\\/uploads\\\/2025\\\/05\\\/gd_1200x1200_ff6f6ae9-02d7-41d2-b19a-aeaa0934e260.jpg\",\"contentUrl\":\"https:\\\/\\\/vitablanca.ma\\\/wp-content\\\/uploads\\\/2025\\\/05\\\/gd_1200x1200_ff6f6ae9-02d7-41d2-b19a-aeaa0934e260.jpg\",\"width\":720,\"height\":720},{\"@type\":\"BreadcrumbList\",\"@id\":\"https:\\\/\\\/vitablanca.ma\\\/produit\\\/roger-gallet-coffret-4-gels-douches-50ml\\\/#breadcrumb\",\"itemListElement\":[{\"@type\":\"ListItem\",\"position\":1,\"name\":\"Home\",\"item\":\"https:\\\/\\\/vitablanca.ma\\\/\"},{\"@type\":\"ListItem\",\"position\":2,\"name\":\"Tous Les Produits\",\"item\":\"https:\\\/\\\/vitablanca.ma\\\/tous-les-produits\\\/\"},{\"@type\":\"ListItem\",\"position\":3,\"name\":\"ROGER &amp; GALLET COFFRET 4 GELS DOUCHES *50ML\"}]},{\"@type\":\"WebSite\",\"@id\":\"https:\\\/\\\/vitablanca.ma\\\/#website\",\"url\":\"https:\\\/\\\/vitablanca.ma\\\/\",\"name\":\"VitaBlanca.ma | Compl\u00e9ments alimentaires, sant\u00e9 & beaut\u00e9 au Maroc\",\"description\":\"vendre vitamines et compl\u00e9ments premium des USA &amp; Canada, Nouvelle Z\u00e9lande,Maroc (NOW Foods, Solgar, Manuka). Livraison rapide partout au Maroc.\",\"publisher\":{\"@id\":\"https:\\\/\\\/vitablanca.ma\\\/#organization\"},\"alternateName\":\"VitaBlanca.ma\",\"potentialAction\":[{\"@type\":\"SearchAction\",\"target\":{\"@type\":\"EntryPoint\",\"urlTemplate\":\"https:\\\/\\\/vitablanca.ma\\\/?s={search_term_string}\"},\"query-input\":{\"@type\":\"PropertyValueSpecification\",\"valueRequired\":true,\"valueName\":\"search_term_string\"}}],\"inLanguage\":\"en-US\"},{\"@type\":\"Organization\",\"@id\":\"https:\\\/\\\/vitablanca.ma\\\/#organization\",\"name\":\"VitaBlanca\",\"url\":\"https:\\\/\\\/vitablanca.ma\\\/\",\"logo\":{\"@type\":\"ImageObject\",\"inLanguage\":\"en-US\",\"@id\":\"https:\\\/\\\/vitablanca.ma\\\/#\\\/schema\\\/logo\\\/image\\\/\",\"url\":\"https:\\\/\\\/vitablanca.ma\\\/wp-content\\\/uploads\\\/2025\\\/05\\\/cropped-vitablanca.png\",\"contentUrl\":\"https:\\\/\\\/vitablanca.ma\\\/wp-content\\\/uploads\\\/2025\\\/05\\\/cropped-vitablanca.png\",\"width\":360,\"height\":67,\"caption\":\"VitaBlanca\"},\"image\":{\"@id\":\"https:\\\/\\\/vitablanca.ma\\\/#\\\/schema\\\/logo\\\/image\\\/\"},\"sameAs\":[\"https:\\\/\\\/www.facebook.com\\\/profile.php?id=61576678196717\",\"https:\\\/\\\/www.tiktok.com\\\/@vitablanca.ma\",\"https:\\\/\\\/www.instagram.com\\\/vitablanca.ma\\\/\"]}]}<\/script>\n<!-- \/ Yoast SEO plugin. -->","yoast_head_json":{"title":"ROGER &amp; GALLET BOX 4 SHOWER GELS *50ML - Morocco Price","description":"ROGER &amp; GALLET SET OF 4 SHOWER GELS *50ML","robots":{"index":"index","follow":"follow","max-snippet":"max-snippet:-1","max-image-preview":"max-image-preview:large","max-video-preview":"max-video-preview:-1"},"canonical":"https:\/\/vitablanca.ma\/en\/product\/roger-gallet-coffret-4-gels-douches-50ml\/","og_locale":"en_US","og_type":"article","og_title":"ROGER &amp; GALLET COFFRET 4 GELS DOUCHES *50ML - Maroc Prix","og_description":"ROGER &amp; GALLET COFFRET 4 GELS DOUCHES *50ML","og_url":"https:\/\/vitablanca.ma\/en\/product\/roger-gallet-coffret-4-gels-douches-50ml\/","og_site_name":"Vitablanca.ma &ndash; Sant&eacute;, vitalit&eacute; et bien-&ecirc;tre pour tous les Marocains","article_publisher":"https:\/\/www.facebook.com\/profile.php?id=61576678196717","og_image":[{"width":720,"height":720,"url":"https:\/\/vitablanca.ma\/wp-content\/uploads\/2025\/05\/gd_1200x1200_ff6f6ae9-02d7-41d2-b19a-aeaa0934e260.jpg","type":"image\/jpeg"}],"twitter_card":"summary_large_image","twitter_misc":{"Est. reading time":"2 minutes"},"schema":{"@context":"https:\/\/schema.org","@graph":[{"@type":["WebPage","ItemPage"],"@id":"https:\/\/vitablanca.ma\/produit\/roger-gallet-coffret-4-gels-douches-50ml\/","url":"https:\/\/vitablanca.ma\/produit\/roger-gallet-coffret-4-gels-douches-50ml\/","name":"ROGER &amp; GALLET BOX 4 SHOWER GELS *50ML - Morocco Price","isPartOf":{"@id":"https:\/\/vitablanca.ma\/#website"},"primaryImageOfPage":{"@id":"https:\/\/vitablanca.ma\/produit\/roger-gallet-coffret-4-gels-douches-50ml\/#primaryimage"},"image":{"@id":"https:\/\/vitablanca.ma\/produit\/roger-gallet-coffret-4-gels-douches-50ml\/#primaryimage"},"thumbnailUrl":"https:\/\/vitablanca.ma\/wp-content\/uploads\/2025\/05\/gd_1200x1200_ff6f6ae9-02d7-41d2-b19a-aeaa0934e260.jpg","datePublished":"2025-05-28T23:01:57+00:00","description":"ROGER &amp; GALLET SET OF 4 SHOWER GELS *50ML","breadcrumb":{"@id":"https:\/\/vitablanca.ma\/produit\/roger-gallet-coffret-4-gels-douches-50ml\/#breadcrumb"},"inLanguage":"en-US","potentialAction":[{"@type":"ReadAction","target":["https:\/\/vitablanca.ma\/produit\/roger-gallet-coffret-4-gels-douches-50ml\/"]}]},{"@type":"ImageObject","inLanguage":"en-US","@id":"https:\/\/vitablanca.ma\/produit\/roger-gallet-coffret-4-gels-douches-50ml\/#primaryimage","url":"https:\/\/vitablanca.ma\/wp-content\/uploads\/2025\/05\/gd_1200x1200_ff6f6ae9-02d7-41d2-b19a-aeaa0934e260.jpg","contentUrl":"https:\/\/vitablanca.ma\/wp-content\/uploads\/2025\/05\/gd_1200x1200_ff6f6ae9-02d7-41d2-b19a-aeaa0934e260.jpg","width":720,"height":720},{"@type":"BreadcrumbList","@id":"https:\/\/vitablanca.ma\/produit\/roger-gallet-coffret-4-gels-douches-50ml\/#breadcrumb","itemListElement":[{"@type":"ListItem","position":1,"name":"Home","item":"https:\/\/vitablanca.ma\/"},{"@type":"ListItem","position":2,"name":"Tous Les Produits","item":"https:\/\/vitablanca.ma\/tous-les-produits\/"},{"@type":"ListItem","position":3,"name":"ROGER &amp; GALLET COFFRET 4 GELS DOUCHES *50ML"}]},{"@type":"WebSite","@id":"https:\/\/vitablanca.ma\/#website","url":"https:\/\/vitablanca.ma\/","name":"VitaBlanca.ma | Food supplements, health &amp; beauty in Morocco","description":"sell premium vitamins and supplements from USA &amp; Canada, New Zealand, Morocco (NOW Foods, Solgar, Manuka). Fast delivery anywhere in Morocco.","publisher":{"@id":"https:\/\/vitablanca.ma\/#organization"},"alternateName":"VitaBlanca.ma","potentialAction":[{"@type":"SearchAction","target":{"@type":"EntryPoint","urlTemplate":"https:\/\/vitablanca.ma\/?s={search_term_string}"},"query-input":{"@type":"PropertyValueSpecification","valueRequired":true,"valueName":"search_term_string"}}],"inLanguage":"en-US"},{"@type":"Organization","@id":"https:\/\/vitablanca.ma\/#organization","name":"VitaBlanca","url":"https:\/\/vitablanca.ma\/","logo":{"@type":"ImageObject","inLanguage":"en-US","@id":"https:\/\/vitablanca.ma\/#\/schema\/logo\/image\/","url":"https:\/\/vitablanca.ma\/wp-content\/uploads\/2025\/05\/cropped-vitablanca.png","contentUrl":"https:\/\/vitablanca.ma\/wp-content\/uploads\/2025\/05\/cropped-vitablanca.png","width":360,"height":67,"caption":"VitaBlanca"},"image":{"@id":"https:\/\/vitablanca.ma\/#\/schema\/logo\/image\/"},"sameAs":["https:\/\/www.facebook.com\/profile.php?id=61576678196717","https:\/\/www.tiktok.com\/@vitablanca.ma","https:\/\/www.instagram.com\/vitablanca.ma\/"]}]}},"jetpack_sharing_enabled":true,"_links":{"self":[{"href":"https:\/\/vitablanca.ma\/en\/wp-json\/wp\/v2\/product\/13877","targetHints":{"allow":["GET"]}}],"collection":[{"href":"https:\/\/vitablanca.ma\/en\/wp-json\/wp\/v2\/product"}],"about":[{"href":"https:\/\/vitablanca.ma\/en\/wp-json\/wp\/v2\/types\/product"}],"wp:featuredmedia":[{"embeddable":true,"href":"https:\/\/vitablanca.ma\/en\/wp-json\/wp\/v2\/media\/13876"}],"wp:attachment":[{"href":"https:\/\/vitablanca.ma\/en\/wp-json\/wp\/v2\/media?parent=13877"}],"wp:term":[{"taxonomy":"product_brand","embeddable":true,"href":"https:\/\/vitablanca.ma\/en\/wp-json\/wp\/v2\/product_brand?post=13877"},{"taxonomy":"product_cat","embeddable":true,"href":"https:\/\/vitablanca.ma\/en\/wp-json\/wp\/v2\/product_cat?post=13877"},{"taxonomy":"product_tag","embeddable":true,"href":"https:\/\/vitablanca.ma\/en\/wp-json\/wp\/v2\/product_tag?post=13877"}],"curies":[{"name":"wp","href":"https:\/\/api.w.org\/{rel}","templated":true}]}}