{"id":13873,"date":"2025-05-28T23:01:52","date_gmt":"2025-05-28T23:01:52","guid":{"rendered":"https:\/\/vitablanca.ma\/product\/roger-gallet-coffret-cedrat-eau-parfumee-30mlcreme-mains-30ml\/"},"modified":"2025-05-28T23:01:52","modified_gmt":"2025-05-28T23:01:52","slug":"roger-gallet-coffret-cedrat-eau-parfumee-30mlcreme-mains-30ml","status":"publish","type":"product","link":"https:\/\/vitablanca.ma\/en\/product\/roger-gallet-coffret-cedrat-eau-parfumee-30mlcreme-mains-30ml\/","title":{"rendered":"ROGER &amp; GALLET CEDRAT GIFT SET (30ML PERFUMED WATER + 30ML HAND CREAM)"},"content":{"rendered":"<ul data-mce-fragment=\"1\">\n<li id=\"RSWR5RP\" data-mce-fragment=\"1\">\n<strong data-mce-fragment=\"1\">Box contents:\u00a0<\/strong>A 30ml C\u00e9dart Wellness Water and a 30ml C\u00e9dart Hand Cream<\/li>\n<li data-mce-fragment=\"1\">\n<strong data-mce-fragment=\"1\">For whom:\u00a0<\/strong>For men and women<\/li>\n<li data-mce-fragment=\"1\">\n<strong data-mce-fragment=\"1\">Notes:\u00a0<\/strong>Citron, Cardamom, Guaiac Wood<\/li>\n<li data-mce-fragment=\"1\">\n<strong data-mce-fragment=\"1\">We like:\u00a0<\/strong>Their energizing and stimulating notes<\/li>\n<\/ul>\n<p data-mce-fragment=\"1\">\u00a0<\/p>\n<p data-mce-fragment=\"1\"><strong data-mce-fragment=\"1\">Le Coffret C\u00e9drat de Roger&Gallet\u00a0<\/strong>is a firework of freshness.<\/p>\n<p data-mce-fragment=\"1\"><strong data-mce-fragment=\"1\">The Beneficial Citron Scented Water<\/strong>\u00a0is a perfume signed by Karine Dubreuil and Mathilde Bijaoui.<\/p>\n<p data-mce-fragment=\"1\">This fragrance is a trio of windswept citrus fruits enriched with citron essential oil<strong data-mce-fragment=\"1\">\u00a0naturally invigorating virtues.<\/strong><\/p>\n<p data-mce-fragment=\"1\">With sparkling notes of citron pulp that blend with the slightly woody trail of its bark, it\u00a0<strong data-mce-fragment=\"1\">brings a breath of fresh air and energy.<\/strong><\/p>\n<p data-mce-fragment=\"1\">It blends with the softer notes of\u00a0<strong data-mce-fragment=\"1\">basil and thyme.<\/strong><\/p>\n<p data-mce-fragment=\"1\">This perfume is a\u00a0<strong data-mce-fragment=\"1\">stimulating ode\u00a0<\/strong>for body and mind.<\/p>\n<p data-mce-fragment=\"1\">\u00a0<\/p>\n<p data-mce-fragment=\"1\"><strong data-mce-fragment=\"1\">The Citron Beneficial Hand Cream\u00a0<\/strong>reveals woody and sparkling notes of citron pulp.<\/p>\n<p data-mce-fragment=\"1\">Enriched with Shea butter and Sweet Almond oil, this cream\u00a0<strong data-mce-fragment=\"1\">nourishes<\/strong>,\u00a0<strong data-mce-fragment=\"1\">hydrate<\/strong>\u00a0And\u00a0<strong data-mce-fragment=\"1\">protected\u00a0<\/strong>the skin from external aggressions.<\/p>\n<p data-mce-fragment=\"1\">She\u00a0<strong data-mce-fragment=\"1\">softens\u00a0<\/strong>the cuticles and\u00a0<strong data-mce-fragment=\"1\">protected\u00a0<\/strong>the nails.<\/p>\n<p id=\"HBQIRMR\" data-mce-fragment=\"1\">Its\u00a0<strong data-mce-fragment=\"1\">creamy texture<\/strong>\u00a0does not stick and absorbs quickly.<\/p>","protected":false},"excerpt":{"rendered":"<p>Contenu du coffret :\u00a0Une Eau Bienfaisante C\u00e9dart de 30ml et une Cr\u00e8me Main C\u00e9drat de 30ml Pour qui :\u00a0Pour hommes et pour femmes Les notes :\u00a0C\u00e9drat, Cardamone, Bois de Ga\u00efac On aime :\u00a0Leurs notes \u00e9nergisantes et stimulantes \u00a0 Le Coffret C\u00e9drat de Roger&#038;Gallet\u00a0est un feu d\u2019artifice de fra\u00eecheur. L\u2019Eau Parfum\u00e9e Bienfaisante C\u00e9drat\u00a0est un parfum sign\u00e9 [&hellip;]<\/p>\n","protected":false},"featured_media":13872,"template":"","meta":{"om_disable_all_campaigns":false},"product_brand":[],"product_cat":[15],"product_tag":[],"class_list":{"0":"post-13873","1":"product","2":"type-product","3":"status-publish","4":"has-post-thumbnail","6":"product_cat-beaute-sante-complements-alimentaires-soins-et-bien-etre-au-meilleur-prix","8":"first","9":"instock","10":"taxable","11":"shipping-taxable","12":"purchasable","13":"product-type-simple"},"yoast_head":"<!-- This site is optimized with the Yoast SEO plugin v27.5 - https:\/\/yoast.com\/product\/yoast-seo-wordpress\/ -->\n<title>ROGER &amp; GALLET COFFRET CEDRAT (EAU PARFUMEE 30ML+CREME MAINS 30ML) - Maroc Prix<\/title>\n<meta name=\"description\" content=\"ROGER &amp; GALLET COFFRET CEDRAT (EAU PARFUMEE 30ML+CREME MAINS 30ML)\" \/>\n<meta name=\"robots\" content=\"index, follow, max-snippet:-1, max-image-preview:large, max-video-preview:-1\" \/>\n<link rel=\"canonical\" href=\"https:\/\/vitablanca.ma\/en\/product\/roger-gallet-coffret-cedrat-eau-parfumee-30mlcreme-mains-30ml\/\" \/>\n<meta property=\"og:locale\" content=\"en_US\" \/>\n<meta property=\"og:type\" content=\"article\" \/>\n<meta property=\"og:title\" content=\"ROGER &amp; GALLET COFFRET CEDRAT (EAU PARFUMEE 30ML+CREME MAINS 30ML) - Maroc Prix\" \/>\n<meta property=\"og:description\" content=\"ROGER &amp; GALLET COFFRET CEDRAT (EAU PARFUMEE 30ML+CREME MAINS 30ML)\" \/>\n<meta property=\"og:url\" content=\"https:\/\/vitablanca.ma\/en\/product\/roger-gallet-coffret-cedrat-eau-parfumee-30mlcreme-mains-30ml\/\" \/>\n<meta property=\"og:site_name\" content=\"Vitablanca.ma &ndash; Sant&eacute;, vitalit&eacute; et bien-&ecirc;tre pour tous les Marocains\" \/>\n<meta property=\"article:publisher\" content=\"https:\/\/www.facebook.com\/profile.php?id=61576678196717\" \/>\n<meta property=\"og:image\" content=\"https:\/\/vitablanca.ma\/wp-content\/uploads\/2025\/05\/3701436920937-ld-17-front-65265af0d3b2a.jpg\" \/>\n\t<meta property=\"og:image:width\" content=\"2060\" \/>\n\t<meta property=\"og:image:height\" content=\"2060\" \/>\n\t<meta property=\"og:image:type\" content=\"image\/jpeg\" \/>\n<meta name=\"twitter:card\" content=\"summary_large_image\" \/>\n<meta name=\"twitter:label1\" content=\"Est. reading time\" \/>\n\t<meta name=\"twitter:data1\" content=\"1 minute\" \/>\n<script type=\"application\/ld+json\" class=\"yoast-schema-graph\">{\"@context\":\"https:\\\/\\\/schema.org\",\"@graph\":[{\"@type\":[\"WebPage\",\"ItemPage\"],\"@id\":\"https:\\\/\\\/vitablanca.ma\\\/produit\\\/roger-gallet-coffret-cedrat-eau-parfumee-30mlcreme-mains-30ml\\\/\",\"url\":\"https:\\\/\\\/vitablanca.ma\\\/produit\\\/roger-gallet-coffret-cedrat-eau-parfumee-30mlcreme-mains-30ml\\\/\",\"name\":\"ROGER &amp; GALLET COFFRET CEDRAT (EAU PARFUMEE 30ML+CREME MAINS 30ML) - Maroc Prix\",\"isPartOf\":{\"@id\":\"https:\\\/\\\/vitablanca.ma\\\/#website\"},\"primaryImageOfPage\":{\"@id\":\"https:\\\/\\\/vitablanca.ma\\\/produit\\\/roger-gallet-coffret-cedrat-eau-parfumee-30mlcreme-mains-30ml\\\/#primaryimage\"},\"image\":{\"@id\":\"https:\\\/\\\/vitablanca.ma\\\/produit\\\/roger-gallet-coffret-cedrat-eau-parfumee-30mlcreme-mains-30ml\\\/#primaryimage\"},\"thumbnailUrl\":\"https:\\\/\\\/vitablanca.ma\\\/wp-content\\\/uploads\\\/2025\\\/05\\\/3701436920937-ld-17-front-65265af0d3b2a.jpg\",\"datePublished\":\"2025-05-28T23:01:52+00:00\",\"description\":\"ROGER &amp; GALLET COFFRET CEDRAT (EAU PARFUMEE 30ML+CREME MAINS 30ML)\",\"breadcrumb\":{\"@id\":\"https:\\\/\\\/vitablanca.ma\\\/produit\\\/roger-gallet-coffret-cedrat-eau-parfumee-30mlcreme-mains-30ml\\\/#breadcrumb\"},\"inLanguage\":\"en-US\",\"potentialAction\":[{\"@type\":\"ReadAction\",\"target\":[\"https:\\\/\\\/vitablanca.ma\\\/produit\\\/roger-gallet-coffret-cedrat-eau-parfumee-30mlcreme-mains-30ml\\\/\"]}]},{\"@type\":\"ImageObject\",\"inLanguage\":\"en-US\",\"@id\":\"https:\\\/\\\/vitablanca.ma\\\/produit\\\/roger-gallet-coffret-cedrat-eau-parfumee-30mlcreme-mains-30ml\\\/#primaryimage\",\"url\":\"https:\\\/\\\/vitablanca.ma\\\/wp-content\\\/uploads\\\/2025\\\/05\\\/3701436920937-ld-17-front-65265af0d3b2a.jpg\",\"contentUrl\":\"https:\\\/\\\/vitablanca.ma\\\/wp-content\\\/uploads\\\/2025\\\/05\\\/3701436920937-ld-17-front-65265af0d3b2a.jpg\",\"width\":2060,\"height\":2060},{\"@type\":\"BreadcrumbList\",\"@id\":\"https:\\\/\\\/vitablanca.ma\\\/produit\\\/roger-gallet-coffret-cedrat-eau-parfumee-30mlcreme-mains-30ml\\\/#breadcrumb\",\"itemListElement\":[{\"@type\":\"ListItem\",\"position\":1,\"name\":\"Home\",\"item\":\"https:\\\/\\\/vitablanca.ma\\\/\"},{\"@type\":\"ListItem\",\"position\":2,\"name\":\"Tous Les Produits\",\"item\":\"https:\\\/\\\/vitablanca.ma\\\/tous-les-produits\\\/\"},{\"@type\":\"ListItem\",\"position\":3,\"name\":\"ROGER &amp; GALLET COFFRET CEDRAT (EAU PARFUMEE 30ML+CREME MAINS 30ML)\"}]},{\"@type\":\"WebSite\",\"@id\":\"https:\\\/\\\/vitablanca.ma\\\/#website\",\"url\":\"https:\\\/\\\/vitablanca.ma\\\/\",\"name\":\"VitaBlanca.ma | Compl\u00e9ments alimentaires, sant\u00e9 & beaut\u00e9 au Maroc\",\"description\":\"vendre vitamines et compl\u00e9ments premium des USA &amp; Canada, Nouvelle Z\u00e9lande,Maroc (NOW Foods, Solgar, Manuka). Livraison rapide partout au Maroc.\",\"publisher\":{\"@id\":\"https:\\\/\\\/vitablanca.ma\\\/#organization\"},\"alternateName\":\"VitaBlanca.ma\",\"potentialAction\":[{\"@type\":\"SearchAction\",\"target\":{\"@type\":\"EntryPoint\",\"urlTemplate\":\"https:\\\/\\\/vitablanca.ma\\\/?s={search_term_string}\"},\"query-input\":{\"@type\":\"PropertyValueSpecification\",\"valueRequired\":true,\"valueName\":\"search_term_string\"}}],\"inLanguage\":\"en-US\"},{\"@type\":\"Organization\",\"@id\":\"https:\\\/\\\/vitablanca.ma\\\/#organization\",\"name\":\"VitaBlanca\",\"url\":\"https:\\\/\\\/vitablanca.ma\\\/\",\"logo\":{\"@type\":\"ImageObject\",\"inLanguage\":\"en-US\",\"@id\":\"https:\\\/\\\/vitablanca.ma\\\/#\\\/schema\\\/logo\\\/image\\\/\",\"url\":\"https:\\\/\\\/vitablanca.ma\\\/wp-content\\\/uploads\\\/2025\\\/05\\\/cropped-vitablanca.png\",\"contentUrl\":\"https:\\\/\\\/vitablanca.ma\\\/wp-content\\\/uploads\\\/2025\\\/05\\\/cropped-vitablanca.png\",\"width\":360,\"height\":67,\"caption\":\"VitaBlanca\"},\"image\":{\"@id\":\"https:\\\/\\\/vitablanca.ma\\\/#\\\/schema\\\/logo\\\/image\\\/\"},\"sameAs\":[\"https:\\\/\\\/www.facebook.com\\\/profile.php?id=61576678196717\",\"https:\\\/\\\/www.tiktok.com\\\/@vitablanca.ma\",\"https:\\\/\\\/www.instagram.com\\\/vitablanca.ma\\\/\"]}]}<\/script>\n<!-- \/ Yoast SEO plugin. -->","yoast_head_json":{"title":"ROGER &amp; GALLET CEDRAT GIFT SET (30ML PERFUMED WATER + 30ML HAND CREAM) - Morocco Price","description":"ROGER &amp; GALLET CEDRAT GIFT SET (30ML PERFUMED WATER + 30ML HAND CREAM)","robots":{"index":"index","follow":"follow","max-snippet":"max-snippet:-1","max-image-preview":"max-image-preview:large","max-video-preview":"max-video-preview:-1"},"canonical":"https:\/\/vitablanca.ma\/en\/product\/roger-gallet-coffret-cedrat-eau-parfumee-30mlcreme-mains-30ml\/","og_locale":"en_US","og_type":"article","og_title":"ROGER &amp; GALLET COFFRET CEDRAT (EAU PARFUMEE 30ML+CREME MAINS 30ML) - Maroc Prix","og_description":"ROGER &amp; GALLET COFFRET CEDRAT (EAU PARFUMEE 30ML+CREME MAINS 30ML)","og_url":"https:\/\/vitablanca.ma\/en\/product\/roger-gallet-coffret-cedrat-eau-parfumee-30mlcreme-mains-30ml\/","og_site_name":"Vitablanca.ma &ndash; Sant&eacute;, vitalit&eacute; et bien-&ecirc;tre pour tous les Marocains","article_publisher":"https:\/\/www.facebook.com\/profile.php?id=61576678196717","og_image":[{"width":2060,"height":2060,"url":"https:\/\/vitablanca.ma\/wp-content\/uploads\/2025\/05\/3701436920937-ld-17-front-65265af0d3b2a.jpg","type":"image\/jpeg"}],"twitter_card":"summary_large_image","twitter_misc":{"Est. reading time":"1 minute"},"schema":{"@context":"https:\/\/schema.org","@graph":[{"@type":["WebPage","ItemPage"],"@id":"https:\/\/vitablanca.ma\/produit\/roger-gallet-coffret-cedrat-eau-parfumee-30mlcreme-mains-30ml\/","url":"https:\/\/vitablanca.ma\/produit\/roger-gallet-coffret-cedrat-eau-parfumee-30mlcreme-mains-30ml\/","name":"ROGER &amp; GALLET CEDRAT GIFT SET (30ML PERFUMED WATER + 30ML HAND CREAM) - Morocco Price","isPartOf":{"@id":"https:\/\/vitablanca.ma\/#website"},"primaryImageOfPage":{"@id":"https:\/\/vitablanca.ma\/produit\/roger-gallet-coffret-cedrat-eau-parfumee-30mlcreme-mains-30ml\/#primaryimage"},"image":{"@id":"https:\/\/vitablanca.ma\/produit\/roger-gallet-coffret-cedrat-eau-parfumee-30mlcreme-mains-30ml\/#primaryimage"},"thumbnailUrl":"https:\/\/vitablanca.ma\/wp-content\/uploads\/2025\/05\/3701436920937-ld-17-front-65265af0d3b2a.jpg","datePublished":"2025-05-28T23:01:52+00:00","description":"ROGER &amp; GALLET CEDRAT GIFT SET (30ML PERFUMED WATER + 30ML HAND CREAM)","breadcrumb":{"@id":"https:\/\/vitablanca.ma\/produit\/roger-gallet-coffret-cedrat-eau-parfumee-30mlcreme-mains-30ml\/#breadcrumb"},"inLanguage":"en-US","potentialAction":[{"@type":"ReadAction","target":["https:\/\/vitablanca.ma\/produit\/roger-gallet-coffret-cedrat-eau-parfumee-30mlcreme-mains-30ml\/"]}]},{"@type":"ImageObject","inLanguage":"en-US","@id":"https:\/\/vitablanca.ma\/produit\/roger-gallet-coffret-cedrat-eau-parfumee-30mlcreme-mains-30ml\/#primaryimage","url":"https:\/\/vitablanca.ma\/wp-content\/uploads\/2025\/05\/3701436920937-ld-17-front-65265af0d3b2a.jpg","contentUrl":"https:\/\/vitablanca.ma\/wp-content\/uploads\/2025\/05\/3701436920937-ld-17-front-65265af0d3b2a.jpg","width":2060,"height":2060},{"@type":"BreadcrumbList","@id":"https:\/\/vitablanca.ma\/produit\/roger-gallet-coffret-cedrat-eau-parfumee-30mlcreme-mains-30ml\/#breadcrumb","itemListElement":[{"@type":"ListItem","position":1,"name":"Home","item":"https:\/\/vitablanca.ma\/"},{"@type":"ListItem","position":2,"name":"Tous Les Produits","item":"https:\/\/vitablanca.ma\/tous-les-produits\/"},{"@type":"ListItem","position":3,"name":"ROGER &amp; GALLET COFFRET CEDRAT (EAU PARFUMEE 30ML+CREME MAINS 30ML)"}]},{"@type":"WebSite","@id":"https:\/\/vitablanca.ma\/#website","url":"https:\/\/vitablanca.ma\/","name":"VitaBlanca.ma | Food supplements, health &amp; beauty in Morocco","description":"sell premium vitamins and supplements from USA &amp; Canada, New Zealand, Morocco (NOW Foods, Solgar, Manuka). Fast delivery anywhere in Morocco.","publisher":{"@id":"https:\/\/vitablanca.ma\/#organization"},"alternateName":"VitaBlanca.ma","potentialAction":[{"@type":"SearchAction","target":{"@type":"EntryPoint","urlTemplate":"https:\/\/vitablanca.ma\/?s={search_term_string}"},"query-input":{"@type":"PropertyValueSpecification","valueRequired":true,"valueName":"search_term_string"}}],"inLanguage":"en-US"},{"@type":"Organization","@id":"https:\/\/vitablanca.ma\/#organization","name":"VitaBlanca","url":"https:\/\/vitablanca.ma\/","logo":{"@type":"ImageObject","inLanguage":"en-US","@id":"https:\/\/vitablanca.ma\/#\/schema\/logo\/image\/","url":"https:\/\/vitablanca.ma\/wp-content\/uploads\/2025\/05\/cropped-vitablanca.png","contentUrl":"https:\/\/vitablanca.ma\/wp-content\/uploads\/2025\/05\/cropped-vitablanca.png","width":360,"height":67,"caption":"VitaBlanca"},"image":{"@id":"https:\/\/vitablanca.ma\/#\/schema\/logo\/image\/"},"sameAs":["https:\/\/www.facebook.com\/profile.php?id=61576678196717","https:\/\/www.tiktok.com\/@vitablanca.ma","https:\/\/www.instagram.com\/vitablanca.ma\/"]}]}},"jetpack_sharing_enabled":true,"_links":{"self":[{"href":"https:\/\/vitablanca.ma\/en\/wp-json\/wp\/v2\/product\/13873","targetHints":{"allow":["GET"]}}],"collection":[{"href":"https:\/\/vitablanca.ma\/en\/wp-json\/wp\/v2\/product"}],"about":[{"href":"https:\/\/vitablanca.ma\/en\/wp-json\/wp\/v2\/types\/product"}],"wp:featuredmedia":[{"embeddable":true,"href":"https:\/\/vitablanca.ma\/en\/wp-json\/wp\/v2\/media\/13872"}],"wp:attachment":[{"href":"https:\/\/vitablanca.ma\/en\/wp-json\/wp\/v2\/media?parent=13873"}],"wp:term":[{"taxonomy":"product_brand","embeddable":true,"href":"https:\/\/vitablanca.ma\/en\/wp-json\/wp\/v2\/product_brand?post=13873"},{"taxonomy":"product_cat","embeddable":true,"href":"https:\/\/vitablanca.ma\/en\/wp-json\/wp\/v2\/product_cat?post=13873"},{"taxonomy":"product_tag","embeddable":true,"href":"https:\/\/vitablanca.ma\/en\/wp-json\/wp\/v2\/product_tag?post=13873"}],"curies":[{"name":"wp","href":"https:\/\/api.w.org\/{rel}","templated":true}]}}