{"id":13796,"date":"2025-05-28T22:57:45","date_gmt":"2025-05-28T22:57:45","guid":{"rendered":"https:\/\/vitablanca.ma\/product\/the-ritual-of-sakura-gift-set-m-coffret-m\/"},"modified":"2026-01-20T15:37:31","modified_gmt":"2026-01-20T15:37:31","slug":"the-ritual-of-sakura-gift-set-m-coffret-m","status":"publish","type":"product","link":"https:\/\/vitablanca.ma\/en\/product\/the-ritual-of-sakura-gift-set-m-coffret-m\/","title":{"rendered":"THE RITUAL OF SAKURA Gift Set M \u2013 BOX M"},"content":{"rendered":"<p data-mce-fragment=\"1\">Offrez-vous ou \u00e0 un \u00eatre cher ce fantastique coffret cadeau pour c\u00e9l\u00e9brer chaque jour comme un nouveau d\u00e9part. Comprend une mousse de douche, une bougie parfum\u00e9e, une cr\u00e8me pour le corps et un gommage corporel. Inspir\u00e9 par l\u2019art japonais du don, ce design d\u2019origami repr\u00e9sente la communication entre le donneur et le receveur. Le luxueux coffret peut \u00eatre r\u00e9utilis\u00e9 pour conserver des souvenirs pr\u00e9cieux. Laissez-vous emporter par les luxueux parfums de fleur de cerisier et de lait de riz de THE RITUAL OF SAKURA.<\/p>\n<p data-mce-fragment=\"1\"><strong>PACK NOTES:<\/strong><\/p>\n<div class=\"grid-x\">\n<div class=\"cell accord-box\">\n<div style=\"color: #000000;background: #ff5f8d;opacity: 1;width: 100%\" class=\"accord-bar\">floral<\/div>\n<\/div>\n<div class=\"cell accord-box\">\n<div style=\"color: #000000;background: #9be5ed;opacity: 0.7;width: 65%\" class=\"accord-bar\">costs<\/div>\n<\/div>\n<div class=\"cell accord-box\">\n<div style=\"color: #000000;background: #fc4b29;opacity: 0.58;width: 51%\" class=\"accord-bar\">fruity<\/div>\n<\/div>\n<\/div>","protected":false},"excerpt":{"rendered":"<p>Offrez-vous ou \u00e0 un \u00eatre cher ce fantastique coffret cadeau pour c\u00e9l\u00e9brer chaque jour comme un nouveau d\u00e9part. Comprend une mousse de douche, une bougie parfum\u00e9e, une cr\u00e8me pour le corps et un gommage corporel. Inspir\u00e9 par l\u2019art japonais du don, ce design d\u2019origami repr\u00e9sente la communication entre le donneur et le receveur. Le luxueux [&hellip;]<\/p>\n","protected":false},"featured_media":13792,"template":"","meta":{"om_disable_all_campaigns":false},"product_brand":[5971],"product_cat":[18,15],"product_tag":[5974,5977,5973,5978,5976,5975,5960,5956,5972],"class_list":{"0":"post-13796","1":"product","2":"type-product","3":"status-publish","4":"has-post-thumbnail","6":"product_brand-rituals-maroc-prix","7":"product_cat-beaute-sante","8":"product_cat-beaute-sante-complements-alimentaires-soins-et-bien-etre-au-meilleur-prix","9":"product_tag-bien-etre-luxe-maroc","10":"product_tag-brume-rituals","11":"product_tag-parfum-rituals","12":"product_tag-produits-rituals-maroc","13":"product_tag-ritual-of-ayurveda-maroc","14":"product_tag-ritual-of-sakura-maroc","15":"product_tag-rituals-cosmetics-maroc","16":"product_tag-rituals-maroc","17":"product_tag-soins-corps-rituals","19":"first","20":"instock","21":"sale","22":"taxable","23":"shipping-taxable","24":"purchasable","25":"product-type-simple"},"yoast_head":"<!-- This site is optimized with the Yoast SEO plugin v27.5 - https:\/\/yoast.com\/product\/yoast-seo-wordpress\/ -->\n<title>THE RITUAL OF SAKURA Gift Set M - COFFRET M - Maroc Prix<\/title>\n<meta name=\"description\" content=\"THE RITUAL OF SAKURA Gift Set M - COFFRET M\" \/>\n<meta name=\"robots\" content=\"index, follow, max-snippet:-1, max-image-preview:large, max-video-preview:-1\" \/>\n<link rel=\"canonical\" href=\"https:\/\/vitablanca.ma\/en\/product\/the-ritual-of-sakura-gift-set-m-coffret-m\/\" \/>\n<meta property=\"og:locale\" content=\"en_US\" \/>\n<meta property=\"og:type\" content=\"article\" \/>\n<meta property=\"og:title\" content=\"THE RITUAL OF SAKURA Gift Set M - COFFRET M - Maroc Prix\" \/>\n<meta property=\"og:description\" content=\"THE RITUAL OF SAKURA Gift Set M - COFFRET M\" \/>\n<meta property=\"og:url\" content=\"https:\/\/vitablanca.ma\/en\/product\/the-ritual-of-sakura-gift-set-m-coffret-m\/\" \/>\n<meta property=\"og:site_name\" content=\"Vitablanca.ma &ndash; Sant&eacute;, vitalit&eacute; et bien-&ecirc;tre pour tous les Marocains\" \/>\n<meta property=\"article:publisher\" content=\"https:\/\/www.facebook.com\/profile.php?id=61576678196717\" \/>\n<meta property=\"article:modified_time\" content=\"2026-01-20T15:37:31+00:00\" \/>\n<meta property=\"og:image\" content=\"https:\/\/vitablanca.ma\/wp-content\/uploads\/2025\/05\/1116628-rituals-sakura-giftset-m-pack-closed_Square.png\" \/>\n\t<meta property=\"og:image:width\" content=\"788\" \/>\n\t<meta property=\"og:image:height\" content=\"788\" \/>\n\t<meta property=\"og:image:type\" content=\"image\/png\" \/>\n<meta name=\"twitter:card\" content=\"summary_large_image\" \/>\n<script type=\"application\/ld+json\" class=\"yoast-schema-graph\">{\"@context\":\"https:\\\/\\\/schema.org\",\"@graph\":[{\"@type\":[\"WebPage\",\"ItemPage\"],\"@id\":\"https:\\\/\\\/vitablanca.ma\\\/produit\\\/the-ritual-of-sakura-gift-set-m-coffret-m\\\/\",\"url\":\"https:\\\/\\\/vitablanca.ma\\\/produit\\\/the-ritual-of-sakura-gift-set-m-coffret-m\\\/\",\"name\":\"THE RITUAL OF SAKURA Gift Set M - COFFRET M - Maroc Prix\",\"isPartOf\":{\"@id\":\"https:\\\/\\\/vitablanca.ma\\\/#website\"},\"primaryImageOfPage\":{\"@id\":\"https:\\\/\\\/vitablanca.ma\\\/produit\\\/the-ritual-of-sakura-gift-set-m-coffret-m\\\/#primaryimage\"},\"image\":{\"@id\":\"https:\\\/\\\/vitablanca.ma\\\/produit\\\/the-ritual-of-sakura-gift-set-m-coffret-m\\\/#primaryimage\"},\"thumbnailUrl\":\"https:\\\/\\\/vitablanca.ma\\\/wp-content\\\/uploads\\\/2025\\\/05\\\/1116628-rituals-sakura-giftset-m-pack-closed_Square.png\",\"datePublished\":\"2025-05-28T22:57:45+00:00\",\"dateModified\":\"2026-01-20T15:37:31+00:00\",\"description\":\"THE RITUAL OF SAKURA Gift Set M - COFFRET M\",\"breadcrumb\":{\"@id\":\"https:\\\/\\\/vitablanca.ma\\\/produit\\\/the-ritual-of-sakura-gift-set-m-coffret-m\\\/#breadcrumb\"},\"inLanguage\":\"en-US\",\"potentialAction\":[{\"@type\":\"ReadAction\",\"target\":[\"https:\\\/\\\/vitablanca.ma\\\/produit\\\/the-ritual-of-sakura-gift-set-m-coffret-m\\\/\"]}]},{\"@type\":\"ImageObject\",\"inLanguage\":\"en-US\",\"@id\":\"https:\\\/\\\/vitablanca.ma\\\/produit\\\/the-ritual-of-sakura-gift-set-m-coffret-m\\\/#primaryimage\",\"url\":\"https:\\\/\\\/vitablanca.ma\\\/wp-content\\\/uploads\\\/2025\\\/05\\\/1116628-rituals-sakura-giftset-m-pack-closed_Square.png\",\"contentUrl\":\"https:\\\/\\\/vitablanca.ma\\\/wp-content\\\/uploads\\\/2025\\\/05\\\/1116628-rituals-sakura-giftset-m-pack-closed_Square.png\",\"width\":788,\"height\":788},{\"@type\":\"BreadcrumbList\",\"@id\":\"https:\\\/\\\/vitablanca.ma\\\/produit\\\/the-ritual-of-sakura-gift-set-m-coffret-m\\\/#breadcrumb\",\"itemListElement\":[{\"@type\":\"ListItem\",\"position\":1,\"name\":\"Home\",\"item\":\"https:\\\/\\\/vitablanca.ma\\\/\"},{\"@type\":\"ListItem\",\"position\":2,\"name\":\"Tous Les Produits\",\"item\":\"https:\\\/\\\/vitablanca.ma\\\/tous-les-produits\\\/\"},{\"@type\":\"ListItem\",\"position\":3,\"name\":\"THE RITUAL OF SAKURA Gift Set M &#8211; COFFRET M\"}]},{\"@type\":\"WebSite\",\"@id\":\"https:\\\/\\\/vitablanca.ma\\\/#website\",\"url\":\"https:\\\/\\\/vitablanca.ma\\\/\",\"name\":\"VitaBlanca.ma | Compl\u00e9ments alimentaires, sant\u00e9 & beaut\u00e9 au Maroc\",\"description\":\"vendre vitamines et compl\u00e9ments premium des USA &amp; Canada, Nouvelle Z\u00e9lande,Maroc (NOW Foods, Solgar, Manuka). Livraison rapide partout au Maroc.\",\"publisher\":{\"@id\":\"https:\\\/\\\/vitablanca.ma\\\/#organization\"},\"alternateName\":\"VitaBlanca.ma\",\"potentialAction\":[{\"@type\":\"SearchAction\",\"target\":{\"@type\":\"EntryPoint\",\"urlTemplate\":\"https:\\\/\\\/vitablanca.ma\\\/?s={search_term_string}\"},\"query-input\":{\"@type\":\"PropertyValueSpecification\",\"valueRequired\":true,\"valueName\":\"search_term_string\"}}],\"inLanguage\":\"en-US\"},{\"@type\":\"Organization\",\"@id\":\"https:\\\/\\\/vitablanca.ma\\\/#organization\",\"name\":\"VitaBlanca\",\"url\":\"https:\\\/\\\/vitablanca.ma\\\/\",\"logo\":{\"@type\":\"ImageObject\",\"inLanguage\":\"en-US\",\"@id\":\"https:\\\/\\\/vitablanca.ma\\\/#\\\/schema\\\/logo\\\/image\\\/\",\"url\":\"https:\\\/\\\/vitablanca.ma\\\/wp-content\\\/uploads\\\/2025\\\/05\\\/cropped-vitablanca.png\",\"contentUrl\":\"https:\\\/\\\/vitablanca.ma\\\/wp-content\\\/uploads\\\/2025\\\/05\\\/cropped-vitablanca.png\",\"width\":360,\"height\":67,\"caption\":\"VitaBlanca\"},\"image\":{\"@id\":\"https:\\\/\\\/vitablanca.ma\\\/#\\\/schema\\\/logo\\\/image\\\/\"},\"sameAs\":[\"https:\\\/\\\/www.facebook.com\\\/profile.php?id=61576678196717\",\"https:\\\/\\\/www.tiktok.com\\\/@vitablanca.ma\",\"https:\\\/\\\/www.instagram.com\\\/vitablanca.ma\\\/\"]}]}<\/script>\n<!-- \/ Yoast SEO plugin. -->","yoast_head_json":{"title":"THE RITUAL OF SAKURA Gift Set M - BOX M - Morocco Price","description":"THE RITUAL OF SAKURA Gift Set M - BOX M","robots":{"index":"index","follow":"follow","max-snippet":"max-snippet:-1","max-image-preview":"max-image-preview:large","max-video-preview":"max-video-preview:-1"},"canonical":"https:\/\/vitablanca.ma\/en\/product\/the-ritual-of-sakura-gift-set-m-coffret-m\/","og_locale":"en_US","og_type":"article","og_title":"THE RITUAL OF SAKURA Gift Set M - COFFRET M - Maroc Prix","og_description":"THE RITUAL OF SAKURA Gift Set M - COFFRET M","og_url":"https:\/\/vitablanca.ma\/en\/product\/the-ritual-of-sakura-gift-set-m-coffret-m\/","og_site_name":"Vitablanca.ma &ndash; Sant&eacute;, vitalit&eacute; et bien-&ecirc;tre pour tous les Marocains","article_publisher":"https:\/\/www.facebook.com\/profile.php?id=61576678196717","article_modified_time":"2026-01-20T15:37:31+00:00","og_image":[{"width":788,"height":788,"url":"https:\/\/vitablanca.ma\/wp-content\/uploads\/2025\/05\/1116628-rituals-sakura-giftset-m-pack-closed_Square.png","type":"image\/png"}],"twitter_card":"summary_large_image","schema":{"@context":"https:\/\/schema.org","@graph":[{"@type":["WebPage","ItemPage"],"@id":"https:\/\/vitablanca.ma\/produit\/the-ritual-of-sakura-gift-set-m-coffret-m\/","url":"https:\/\/vitablanca.ma\/produit\/the-ritual-of-sakura-gift-set-m-coffret-m\/","name":"THE RITUAL OF SAKURA Gift Set M - BOX M - Morocco Price","isPartOf":{"@id":"https:\/\/vitablanca.ma\/#website"},"primaryImageOfPage":{"@id":"https:\/\/vitablanca.ma\/produit\/the-ritual-of-sakura-gift-set-m-coffret-m\/#primaryimage"},"image":{"@id":"https:\/\/vitablanca.ma\/produit\/the-ritual-of-sakura-gift-set-m-coffret-m\/#primaryimage"},"thumbnailUrl":"https:\/\/vitablanca.ma\/wp-content\/uploads\/2025\/05\/1116628-rituals-sakura-giftset-m-pack-closed_Square.png","datePublished":"2025-05-28T22:57:45+00:00","dateModified":"2026-01-20T15:37:31+00:00","description":"THE RITUAL OF SAKURA Gift Set M - BOX M","breadcrumb":{"@id":"https:\/\/vitablanca.ma\/produit\/the-ritual-of-sakura-gift-set-m-coffret-m\/#breadcrumb"},"inLanguage":"en-US","potentialAction":[{"@type":"ReadAction","target":["https:\/\/vitablanca.ma\/produit\/the-ritual-of-sakura-gift-set-m-coffret-m\/"]}]},{"@type":"ImageObject","inLanguage":"en-US","@id":"https:\/\/vitablanca.ma\/produit\/the-ritual-of-sakura-gift-set-m-coffret-m\/#primaryimage","url":"https:\/\/vitablanca.ma\/wp-content\/uploads\/2025\/05\/1116628-rituals-sakura-giftset-m-pack-closed_Square.png","contentUrl":"https:\/\/vitablanca.ma\/wp-content\/uploads\/2025\/05\/1116628-rituals-sakura-giftset-m-pack-closed_Square.png","width":788,"height":788},{"@type":"BreadcrumbList","@id":"https:\/\/vitablanca.ma\/produit\/the-ritual-of-sakura-gift-set-m-coffret-m\/#breadcrumb","itemListElement":[{"@type":"ListItem","position":1,"name":"Home","item":"https:\/\/vitablanca.ma\/"},{"@type":"ListItem","position":2,"name":"Tous Les Produits","item":"https:\/\/vitablanca.ma\/tous-les-produits\/"},{"@type":"ListItem","position":3,"name":"THE RITUAL OF SAKURA Gift Set M &#8211; COFFRET M"}]},{"@type":"WebSite","@id":"https:\/\/vitablanca.ma\/#website","url":"https:\/\/vitablanca.ma\/","name":"VitaBlanca.ma | Food supplements, health &amp; beauty in Morocco","description":"sell premium vitamins and supplements from USA &amp; Canada, New Zealand, Morocco (NOW Foods, Solgar, Manuka). Fast delivery anywhere in Morocco.","publisher":{"@id":"https:\/\/vitablanca.ma\/#organization"},"alternateName":"VitaBlanca.ma","potentialAction":[{"@type":"SearchAction","target":{"@type":"EntryPoint","urlTemplate":"https:\/\/vitablanca.ma\/?s={search_term_string}"},"query-input":{"@type":"PropertyValueSpecification","valueRequired":true,"valueName":"search_term_string"}}],"inLanguage":"en-US"},{"@type":"Organization","@id":"https:\/\/vitablanca.ma\/#organization","name":"VitaBlanca","url":"https:\/\/vitablanca.ma\/","logo":{"@type":"ImageObject","inLanguage":"en-US","@id":"https:\/\/vitablanca.ma\/#\/schema\/logo\/image\/","url":"https:\/\/vitablanca.ma\/wp-content\/uploads\/2025\/05\/cropped-vitablanca.png","contentUrl":"https:\/\/vitablanca.ma\/wp-content\/uploads\/2025\/05\/cropped-vitablanca.png","width":360,"height":67,"caption":"VitaBlanca"},"image":{"@id":"https:\/\/vitablanca.ma\/#\/schema\/logo\/image\/"},"sameAs":["https:\/\/www.facebook.com\/profile.php?id=61576678196717","https:\/\/www.tiktok.com\/@vitablanca.ma","https:\/\/www.instagram.com\/vitablanca.ma\/"]}]}},"jetpack_sharing_enabled":true,"_links":{"self":[{"href":"https:\/\/vitablanca.ma\/en\/wp-json\/wp\/v2\/product\/13796","targetHints":{"allow":["GET"]}}],"collection":[{"href":"https:\/\/vitablanca.ma\/en\/wp-json\/wp\/v2\/product"}],"about":[{"href":"https:\/\/vitablanca.ma\/en\/wp-json\/wp\/v2\/types\/product"}],"wp:featuredmedia":[{"embeddable":true,"href":"https:\/\/vitablanca.ma\/en\/wp-json\/wp\/v2\/media\/13792"}],"wp:attachment":[{"href":"https:\/\/vitablanca.ma\/en\/wp-json\/wp\/v2\/media?parent=13796"}],"wp:term":[{"taxonomy":"product_brand","embeddable":true,"href":"https:\/\/vitablanca.ma\/en\/wp-json\/wp\/v2\/product_brand?post=13796"},{"taxonomy":"product_cat","embeddable":true,"href":"https:\/\/vitablanca.ma\/en\/wp-json\/wp\/v2\/product_cat?post=13796"},{"taxonomy":"product_tag","embeddable":true,"href":"https:\/\/vitablanca.ma\/en\/wp-json\/wp\/v2\/product_tag?post=13796"}],"curies":[{"name":"wp","href":"https:\/\/api.w.org\/{rel}","templated":true}]}}