{"id":13580,"date":"2025-05-28T22:51:38","date_gmt":"2025-05-28T22:51:38","guid":{"rendered":"https:\/\/vitablanca.ma\/product\/valentino-born-in-roma-uomo-eau-de-toilette-50-ml-gift-set\/"},"modified":"2025-05-28T22:51:38","modified_gmt":"2025-05-28T22:51:38","slug":"valentino-born-in-roma-uomo-eau-de-toilette-50-ml-gift-set","status":"publish","type":"product","link":"https:\/\/vitablanca.ma\/en\/product\/valentino-born-in-roma-uomo-eau-de-toilette-50-ml-gift-set\/","title":{"rendered":"Valentino Born In Roma Uomo Eau de Toilette 50 ml Gift Set"},"content":{"rendered":"<h3>Coffret Valentino Born In Roma Uomo \u2013 Eau de Toilette 50 ml + 15 ml<\/h3>\n<p>D\u00e9couvrez l\u2019\u00e9l\u00e9gance masculine \u00e0 travers le parfum <strong>Born in Rome man<\/strong> de Valentino, une fragrance inspir\u00e9e par l\u2019\u00e9l\u00e9gance de Rome. Ce coffret cadeau pour homme contient une Eau de Toilette 50 ml et une version de voyage de 15 ml, le tout dans un emballage raffin\u00e9, id\u00e9al pour un cadeau sophistiqu\u00e9.<\/p>\n<p><strong>Born in Rome man<\/strong> est un parfum aux notes florales, bois\u00e9es et \u00e9pic\u00e9es, parfait pour accompagner l\u2019homme moderne tout au long de l\u2019ann\u00e9e. Laissez-vous s\u00e9duire par les premi\u00e8res touches d\u2019absinthe de violette, de gingembre et de citron, suivies d\u2019un c\u0153ur de sauge et d\u2019accords salins, avant de vous plonger dans les notes de fond de v\u00e9tiver, de bois de ga\u00efac et de cuir, pour une signature olfactive intemporelle.<\/p>\n<p>Ce parfum incarne l\u2019\u00e9l\u00e9gance classique et la sensualit\u00e9 \u00e0 la mani\u00e8re de Rome, dans un flacon orn\u00e9 de clous, signature du design Valentino.<\/p>\n<p><strong>Box contents:<\/strong><\/p>\n<ul>\n<li><strong>Born In Roma Uomo Eau de Toilette 50 ml<\/strong><\/li>\n<li>\n<strong>Born In Roma Uomo Eau de Toilette 15 ml<\/strong> (travel size)<\/li>\n<\/ul>","protected":false},"excerpt":{"rendered":"<p>Coffret Valentino Born In Roma Uomo \u2013 Eau de Toilette 50 ml + 15 ml D\u00e9couvrez l\u2019\u00e9l\u00e9gance masculine \u00e0 travers le parfum Born In Roma Uomo de Valentino, une fragrance inspir\u00e9e par l\u2019\u00e9l\u00e9gance de Rome. Ce coffret cadeau pour homme contient une Eau de Toilette 50 ml et une version de voyage de 15 ml, [&hellip;]<\/p>\n","protected":false},"featured_media":13578,"template":"","meta":{"om_disable_all_campaigns":false},"product_brand":[],"product_cat":[15],"product_tag":[],"class_list":{"0":"post-13580","1":"product","2":"type-product","3":"status-publish","4":"has-post-thumbnail","6":"product_cat-beaute-sante-complements-alimentaires-soins-et-bien-etre-au-meilleur-prix","8":"first","9":"instock","10":"taxable","11":"shipping-taxable","12":"purchasable","13":"product-type-simple"},"yoast_head":"<!-- This site is optimized with the Yoast SEO plugin v27.5 - https:\/\/yoast.com\/product\/yoast-seo-wordpress\/ -->\n<title>Valentino Born In Roma Uomo Eau de Toilette 50 ml Gift Set - Maroc Prix<\/title>\n<meta name=\"description\" content=\"Valentino Born In Roma Uomo Eau de Toilette 50 ml Gift Set\" \/>\n<meta name=\"robots\" content=\"index, follow, max-snippet:-1, max-image-preview:large, max-video-preview:-1\" \/>\n<link rel=\"canonical\" href=\"https:\/\/vitablanca.ma\/en\/product\/valentino-born-in-roma-uomo-eau-de-toilette-50-ml-gift-set\/\" \/>\n<meta property=\"og:locale\" content=\"en_US\" \/>\n<meta property=\"og:type\" content=\"article\" \/>\n<meta property=\"og:title\" content=\"Valentino Born In Roma Uomo Eau de Toilette 50 ml Gift Set - Maroc Prix\" \/>\n<meta property=\"og:description\" content=\"Valentino Born In Roma Uomo Eau de Toilette 50 ml Gift Set\" \/>\n<meta property=\"og:url\" content=\"https:\/\/vitablanca.ma\/en\/product\/valentino-born-in-roma-uomo-eau-de-toilette-50-ml-gift-set\/\" \/>\n<meta property=\"og:site_name\" content=\"Vitablanca.ma &ndash; Sant&eacute;, vitalit&eacute; et bien-&ecirc;tre pour tous les Marocains\" \/>\n<meta property=\"article:publisher\" content=\"https:\/\/www.facebook.com\/profile.php?id=61576678196717\" \/>\n<meta property=\"og:image\" content=\"https:\/\/vitablanca.ma\/wp-content\/uploads\/2025\/05\/350781_1_800.jpg\" \/>\n\t<meta property=\"og:image:width\" content=\"600\" \/>\n\t<meta property=\"og:image:height\" content=\"600\" \/>\n\t<meta property=\"og:image:type\" content=\"image\/jpeg\" \/>\n<meta name=\"twitter:card\" content=\"summary_large_image\" \/>\n<meta name=\"twitter:label1\" content=\"Est. reading time\" \/>\n\t<meta name=\"twitter:data1\" content=\"1 minute\" \/>\n<script type=\"application\/ld+json\" class=\"yoast-schema-graph\">{\"@context\":\"https:\\\/\\\/schema.org\",\"@graph\":[{\"@type\":[\"WebPage\",\"ItemPage\"],\"@id\":\"https:\\\/\\\/vitablanca.ma\\\/produit\\\/valentino-born-in-roma-uomo-eau-de-toilette-50-ml-gift-set\\\/\",\"url\":\"https:\\\/\\\/vitablanca.ma\\\/produit\\\/valentino-born-in-roma-uomo-eau-de-toilette-50-ml-gift-set\\\/\",\"name\":\"Valentino Born In Roma Uomo Eau de Toilette 50 ml Gift Set - Maroc Prix\",\"isPartOf\":{\"@id\":\"https:\\\/\\\/vitablanca.ma\\\/#website\"},\"primaryImageOfPage\":{\"@id\":\"https:\\\/\\\/vitablanca.ma\\\/produit\\\/valentino-born-in-roma-uomo-eau-de-toilette-50-ml-gift-set\\\/#primaryimage\"},\"image\":{\"@id\":\"https:\\\/\\\/vitablanca.ma\\\/produit\\\/valentino-born-in-roma-uomo-eau-de-toilette-50-ml-gift-set\\\/#primaryimage\"},\"thumbnailUrl\":\"https:\\\/\\\/vitablanca.ma\\\/wp-content\\\/uploads\\\/2025\\\/05\\\/350781_1_800.jpg\",\"datePublished\":\"2025-05-28T22:51:38+00:00\",\"description\":\"Valentino Born In Roma Uomo Eau de Toilette 50 ml Gift Set\",\"breadcrumb\":{\"@id\":\"https:\\\/\\\/vitablanca.ma\\\/produit\\\/valentino-born-in-roma-uomo-eau-de-toilette-50-ml-gift-set\\\/#breadcrumb\"},\"inLanguage\":\"en-US\",\"potentialAction\":[{\"@type\":\"ReadAction\",\"target\":[\"https:\\\/\\\/vitablanca.ma\\\/produit\\\/valentino-born-in-roma-uomo-eau-de-toilette-50-ml-gift-set\\\/\"]}]},{\"@type\":\"ImageObject\",\"inLanguage\":\"en-US\",\"@id\":\"https:\\\/\\\/vitablanca.ma\\\/produit\\\/valentino-born-in-roma-uomo-eau-de-toilette-50-ml-gift-set\\\/#primaryimage\",\"url\":\"https:\\\/\\\/vitablanca.ma\\\/wp-content\\\/uploads\\\/2025\\\/05\\\/350781_1_800.jpg\",\"contentUrl\":\"https:\\\/\\\/vitablanca.ma\\\/wp-content\\\/uploads\\\/2025\\\/05\\\/350781_1_800.jpg\",\"width\":600,\"height\":600},{\"@type\":\"BreadcrumbList\",\"@id\":\"https:\\\/\\\/vitablanca.ma\\\/produit\\\/valentino-born-in-roma-uomo-eau-de-toilette-50-ml-gift-set\\\/#breadcrumb\",\"itemListElement\":[{\"@type\":\"ListItem\",\"position\":1,\"name\":\"Home\",\"item\":\"https:\\\/\\\/vitablanca.ma\\\/\"},{\"@type\":\"ListItem\",\"position\":2,\"name\":\"Tous Les Produits\",\"item\":\"https:\\\/\\\/vitablanca.ma\\\/tous-les-produits\\\/\"},{\"@type\":\"ListItem\",\"position\":3,\"name\":\"Valentino Born In Roma Uomo Eau de Toilette 50 ml Gift Set\"}]},{\"@type\":\"WebSite\",\"@id\":\"https:\\\/\\\/vitablanca.ma\\\/#website\",\"url\":\"https:\\\/\\\/vitablanca.ma\\\/\",\"name\":\"VitaBlanca.ma | Compl\u00e9ments alimentaires, sant\u00e9 & beaut\u00e9 au Maroc\",\"description\":\"vendre vitamines et compl\u00e9ments premium des USA &amp; Canada, Nouvelle Z\u00e9lande,Maroc (NOW Foods, Solgar, Manuka). Livraison rapide partout au Maroc.\",\"publisher\":{\"@id\":\"https:\\\/\\\/vitablanca.ma\\\/#organization\"},\"alternateName\":\"VitaBlanca.ma\",\"potentialAction\":[{\"@type\":\"SearchAction\",\"target\":{\"@type\":\"EntryPoint\",\"urlTemplate\":\"https:\\\/\\\/vitablanca.ma\\\/?s={search_term_string}\"},\"query-input\":{\"@type\":\"PropertyValueSpecification\",\"valueRequired\":true,\"valueName\":\"search_term_string\"}}],\"inLanguage\":\"en-US\"},{\"@type\":\"Organization\",\"@id\":\"https:\\\/\\\/vitablanca.ma\\\/#organization\",\"name\":\"VitaBlanca\",\"url\":\"https:\\\/\\\/vitablanca.ma\\\/\",\"logo\":{\"@type\":\"ImageObject\",\"inLanguage\":\"en-US\",\"@id\":\"https:\\\/\\\/vitablanca.ma\\\/#\\\/schema\\\/logo\\\/image\\\/\",\"url\":\"https:\\\/\\\/vitablanca.ma\\\/wp-content\\\/uploads\\\/2025\\\/05\\\/cropped-vitablanca.png\",\"contentUrl\":\"https:\\\/\\\/vitablanca.ma\\\/wp-content\\\/uploads\\\/2025\\\/05\\\/cropped-vitablanca.png\",\"width\":360,\"height\":67,\"caption\":\"VitaBlanca\"},\"image\":{\"@id\":\"https:\\\/\\\/vitablanca.ma\\\/#\\\/schema\\\/logo\\\/image\\\/\"},\"sameAs\":[\"https:\\\/\\\/www.facebook.com\\\/profile.php?id=61576678196717\",\"https:\\\/\\\/www.tiktok.com\\\/@vitablanca.ma\",\"https:\\\/\\\/www.instagram.com\\\/vitablanca.ma\\\/\"]}]}<\/script>\n<!-- \/ Yoast SEO plugin. -->","yoast_head_json":{"title":"Valentino Born In Roma Uomo Eau de Toilette 50 ml Gift Set - Morocco Price","description":"Valentino Born In Roma Uomo Eau de Toilette 50 ml Gift Set","robots":{"index":"index","follow":"follow","max-snippet":"max-snippet:-1","max-image-preview":"max-image-preview:large","max-video-preview":"max-video-preview:-1"},"canonical":"https:\/\/vitablanca.ma\/en\/product\/valentino-born-in-roma-uomo-eau-de-toilette-50-ml-gift-set\/","og_locale":"en_US","og_type":"article","og_title":"Valentino Born In Roma Uomo Eau de Toilette 50 ml Gift Set - Maroc Prix","og_description":"Valentino Born In Roma Uomo Eau de Toilette 50 ml Gift Set","og_url":"https:\/\/vitablanca.ma\/en\/product\/valentino-born-in-roma-uomo-eau-de-toilette-50-ml-gift-set\/","og_site_name":"Vitablanca.ma &ndash; Sant&eacute;, vitalit&eacute; et bien-&ecirc;tre pour tous les Marocains","article_publisher":"https:\/\/www.facebook.com\/profile.php?id=61576678196717","og_image":[{"width":600,"height":600,"url":"https:\/\/vitablanca.ma\/wp-content\/uploads\/2025\/05\/350781_1_800.jpg","type":"image\/jpeg"}],"twitter_card":"summary_large_image","twitter_misc":{"Est. reading time":"1 minute"},"schema":{"@context":"https:\/\/schema.org","@graph":[{"@type":["WebPage","ItemPage"],"@id":"https:\/\/vitablanca.ma\/produit\/valentino-born-in-roma-uomo-eau-de-toilette-50-ml-gift-set\/","url":"https:\/\/vitablanca.ma\/produit\/valentino-born-in-roma-uomo-eau-de-toilette-50-ml-gift-set\/","name":"Valentino Born In Roma Uomo Eau de Toilette 50 ml Gift Set - Morocco Price","isPartOf":{"@id":"https:\/\/vitablanca.ma\/#website"},"primaryImageOfPage":{"@id":"https:\/\/vitablanca.ma\/produit\/valentino-born-in-roma-uomo-eau-de-toilette-50-ml-gift-set\/#primaryimage"},"image":{"@id":"https:\/\/vitablanca.ma\/produit\/valentino-born-in-roma-uomo-eau-de-toilette-50-ml-gift-set\/#primaryimage"},"thumbnailUrl":"https:\/\/vitablanca.ma\/wp-content\/uploads\/2025\/05\/350781_1_800.jpg","datePublished":"2025-05-28T22:51:38+00:00","description":"Valentino Born In Roma Uomo Eau de Toilette 50 ml Gift Set","breadcrumb":{"@id":"https:\/\/vitablanca.ma\/produit\/valentino-born-in-roma-uomo-eau-de-toilette-50-ml-gift-set\/#breadcrumb"},"inLanguage":"en-US","potentialAction":[{"@type":"ReadAction","target":["https:\/\/vitablanca.ma\/produit\/valentino-born-in-roma-uomo-eau-de-toilette-50-ml-gift-set\/"]}]},{"@type":"ImageObject","inLanguage":"en-US","@id":"https:\/\/vitablanca.ma\/produit\/valentino-born-in-roma-uomo-eau-de-toilette-50-ml-gift-set\/#primaryimage","url":"https:\/\/vitablanca.ma\/wp-content\/uploads\/2025\/05\/350781_1_800.jpg","contentUrl":"https:\/\/vitablanca.ma\/wp-content\/uploads\/2025\/05\/350781_1_800.jpg","width":600,"height":600},{"@type":"BreadcrumbList","@id":"https:\/\/vitablanca.ma\/produit\/valentino-born-in-roma-uomo-eau-de-toilette-50-ml-gift-set\/#breadcrumb","itemListElement":[{"@type":"ListItem","position":1,"name":"Home","item":"https:\/\/vitablanca.ma\/"},{"@type":"ListItem","position":2,"name":"Tous Les Produits","item":"https:\/\/vitablanca.ma\/tous-les-produits\/"},{"@type":"ListItem","position":3,"name":"Valentino Born In Roma Uomo Eau de Toilette 50 ml Gift Set"}]},{"@type":"WebSite","@id":"https:\/\/vitablanca.ma\/#website","url":"https:\/\/vitablanca.ma\/","name":"VitaBlanca.ma | Food supplements, health &amp; beauty in Morocco","description":"sell premium vitamins and supplements from USA &amp; Canada, New Zealand, Morocco (NOW Foods, Solgar, Manuka). Fast delivery anywhere in Morocco.","publisher":{"@id":"https:\/\/vitablanca.ma\/#organization"},"alternateName":"VitaBlanca.ma","potentialAction":[{"@type":"SearchAction","target":{"@type":"EntryPoint","urlTemplate":"https:\/\/vitablanca.ma\/?s={search_term_string}"},"query-input":{"@type":"PropertyValueSpecification","valueRequired":true,"valueName":"search_term_string"}}],"inLanguage":"en-US"},{"@type":"Organization","@id":"https:\/\/vitablanca.ma\/#organization","name":"VitaBlanca","url":"https:\/\/vitablanca.ma\/","logo":{"@type":"ImageObject","inLanguage":"en-US","@id":"https:\/\/vitablanca.ma\/#\/schema\/logo\/image\/","url":"https:\/\/vitablanca.ma\/wp-content\/uploads\/2025\/05\/cropped-vitablanca.png","contentUrl":"https:\/\/vitablanca.ma\/wp-content\/uploads\/2025\/05\/cropped-vitablanca.png","width":360,"height":67,"caption":"VitaBlanca"},"image":{"@id":"https:\/\/vitablanca.ma\/#\/schema\/logo\/image\/"},"sameAs":["https:\/\/www.facebook.com\/profile.php?id=61576678196717","https:\/\/www.tiktok.com\/@vitablanca.ma","https:\/\/www.instagram.com\/vitablanca.ma\/"]}]}},"jetpack_sharing_enabled":true,"_links":{"self":[{"href":"https:\/\/vitablanca.ma\/en\/wp-json\/wp\/v2\/product\/13580","targetHints":{"allow":["GET"]}}],"collection":[{"href":"https:\/\/vitablanca.ma\/en\/wp-json\/wp\/v2\/product"}],"about":[{"href":"https:\/\/vitablanca.ma\/en\/wp-json\/wp\/v2\/types\/product"}],"wp:featuredmedia":[{"embeddable":true,"href":"https:\/\/vitablanca.ma\/en\/wp-json\/wp\/v2\/media\/13578"}],"wp:attachment":[{"href":"https:\/\/vitablanca.ma\/en\/wp-json\/wp\/v2\/media?parent=13580"}],"wp:term":[{"taxonomy":"product_brand","embeddable":true,"href":"https:\/\/vitablanca.ma\/en\/wp-json\/wp\/v2\/product_brand?post=13580"},{"taxonomy":"product_cat","embeddable":true,"href":"https:\/\/vitablanca.ma\/en\/wp-json\/wp\/v2\/product_cat?post=13580"},{"taxonomy":"product_tag","embeddable":true,"href":"https:\/\/vitablanca.ma\/en\/wp-json\/wp\/v2\/product_tag?post=13580"}],"curies":[{"name":"wp","href":"https:\/\/api.w.org\/{rel}","templated":true}]}}