{"id":13561,"date":"2025-05-28T22:51:11","date_gmt":"2025-05-28T22:51:11","guid":{"rendered":"https:\/\/vitablanca.ma\/product\/bath-body-works-coffret-the-marvelous-world-of-pur-wonder\/"},"modified":"2026-04-17T22:32:47","modified_gmt":"2026-04-17T22:32:47","slug":"bath-body-works-coffret-the-marvelous-world-of-pur-wonder","status":"publish","type":"product","link":"https:\/\/vitablanca.ma\/en\/product\/bath-body-works-coffret-the-marvelous-world-of-pur-wonder\/","title":{"rendered":"Bath &amp; BODY WORKS THE MARVELOUS WORLD OF PURE WONDER BOX"},"content":{"rendered":"<p data-start=\"67\" data-end=\"506\">Dive into an enchanting world with the <strong data-start=\"108\" data-end=\"130\">Pur Wonder box<\/strong> of <strong data-start=\"134\" data-end=\"155\">Bath & Body Works<\/strong>This sumptuous gift set envelops you in a delicate and sophisticated fragrance, blending elegant floral notes with a touch of warm musk. Ideal for giving as a gift or for treating yourself to a moment of well-being, this set includes a selection of <strong data-start=\"404\" data-end=\"441\">high-end body care<\/strong>, leaving your skin soft, moisturized and delicately scented.<\/p>\n<p data-start=\"508\" data-end=\"831\"><strong data-start=\"508\" data-end=\"542\">Main features:<\/strong><br data-start=\"542\" data-end=\"545\" \/>\u2705 <strong data-start=\"547\" data-end=\"567\">Bewitching fragrance<\/strong> : An elegant and refined fragrance that enhances the senses.<br data-start=\"626\" data-end=\"629\" \/>\u2705 <strong data-start=\"631\" data-end=\"662\">Complete wellness ritual<\/strong> : A selection of treatments for a unique sensory experience.<br data-start=\"727\" data-end=\"730\" \/>\u2705 <strong data-start=\"732\" data-end=\"748\">Ideal gift<\/strong> : Presented in an elegant box, perfect for any special occasion.<\/p>\n<p data-start=\"833\" data-end=\"988\" data-is-last-node=\"\">Let yourself be seduced by <strong data-start=\"858\" data-end=\"895\">The Marvelous World of Pure Wonder<\/strong> and enhance your beauty routine with this <strong data-start=\"937\" data-end=\"982\">coffret irr\u00e9sistible de Bath & Body Works<\/strong> !<\/p>","protected":false},"excerpt":{"rendered":"<p>Plongez dans un monde enchanteur avec le coffret Pur Wonder de Bath &#038; Body Works. Ce somptueux ensemble cadeau vous enveloppe d\u2019un parfum d\u00e9licat et sophistiqu\u00e9, m\u00ealant des notes florales \u00e9l\u00e9gantes \u00e0 une touche de musc chaleureux. Id\u00e9al pour offrir ou pour s\u2019accorder un moment de bien-\u00eatre, ce coffret comprend une s\u00e9lection de soins pour [&hellip;]<\/p>\n","protected":false},"featured_media":13557,"template":"","meta":{"om_disable_all_campaigns":false},"product_brand":[],"product_cat":[18,1091],"product_tag":[],"class_list":{"0":"post-13561","1":"product","2":"type-product","3":"status-publish","4":"has-post-thumbnail","6":"product_cat-beaute-sante","7":"product_cat-beaute-parfums-maroc-prix","9":"first","10":"instock","11":"taxable","12":"shipping-taxable","13":"purchasable","14":"product-type-simple"},"yoast_head":"<!-- This site is optimized with the Yoast SEO plugin v27.5 - https:\/\/yoast.com\/product\/yoast-seo-wordpress\/ -->\n<title>Bath &amp; BODY WORKS COFFRET THE MARVELOUS WORLD OF PUR WONDER - Maroc Prix<\/title>\n<meta name=\"description\" content=\"Bath &amp; BODY WORKS COFFRET THE MARVELOUS WORLD OF PUR WONDER\" \/>\n<meta name=\"robots\" content=\"index, follow, max-snippet:-1, max-image-preview:large, max-video-preview:-1\" \/>\n<link rel=\"canonical\" href=\"https:\/\/vitablanca.ma\/en\/product\/bath-body-works-coffret-the-marvelous-world-of-pur-wonder\/\" \/>\n<meta property=\"og:locale\" content=\"en_US\" \/>\n<meta property=\"og:type\" content=\"article\" \/>\n<meta property=\"og:title\" content=\"Bath &amp; BODY WORKS COFFRET THE MARVELOUS WORLD OF PUR WONDER - Maroc Prix\" \/>\n<meta property=\"og:description\" content=\"Bath &amp; BODY WORKS COFFRET THE MARVELOUS WORLD OF PUR WONDER\" \/>\n<meta property=\"og:url\" content=\"https:\/\/vitablanca.ma\/en\/product\/bath-body-works-coffret-the-marvelous-world-of-pur-wonder\/\" \/>\n<meta property=\"og:site_name\" content=\"Vitablanca.ma &ndash; Sant&eacute;, vitalit&eacute; et bien-&ecirc;tre pour tous les Marocains\" \/>\n<meta property=\"article:publisher\" content=\"https:\/\/www.facebook.com\/profile.php?id=61576678196717\" \/>\n<meta property=\"article:modified_time\" content=\"2026-04-17T22:32:47+00:00\" \/>\n<meta property=\"og:image\" content=\"https:\/\/vitablanca.ma\/wp-content\/uploads\/2025\/05\/Untitled_design_5-1024x1024.png\" \/>\n\t<meta property=\"og:image:width\" content=\"1024\" \/>\n\t<meta property=\"og:image:height\" content=\"1024\" \/>\n\t<meta property=\"og:image:type\" content=\"image\/png\" \/>\n<meta name=\"twitter:card\" content=\"summary_large_image\" \/>\n<meta name=\"twitter:label1\" content=\"Est. reading time\" \/>\n\t<meta name=\"twitter:data1\" content=\"1 minute\" \/>\n<script type=\"application\/ld+json\" class=\"yoast-schema-graph\">{\"@context\":\"https:\\\/\\\/schema.org\",\"@graph\":[{\"@type\":[\"WebPage\",\"ItemPage\"],\"@id\":\"https:\\\/\\\/vitablanca.ma\\\/produit\\\/bath-body-works-coffret-the-marvelous-world-of-pur-wonder\\\/\",\"url\":\"https:\\\/\\\/vitablanca.ma\\\/produit\\\/bath-body-works-coffret-the-marvelous-world-of-pur-wonder\\\/\",\"name\":\"Bath &amp; BODY WORKS COFFRET THE MARVELOUS WORLD OF PUR WONDER - Maroc Prix\",\"isPartOf\":{\"@id\":\"https:\\\/\\\/vitablanca.ma\\\/#website\"},\"primaryImageOfPage\":{\"@id\":\"https:\\\/\\\/vitablanca.ma\\\/produit\\\/bath-body-works-coffret-the-marvelous-world-of-pur-wonder\\\/#primaryimage\"},\"image\":{\"@id\":\"https:\\\/\\\/vitablanca.ma\\\/produit\\\/bath-body-works-coffret-the-marvelous-world-of-pur-wonder\\\/#primaryimage\"},\"thumbnailUrl\":\"https:\\\/\\\/vitablanca.ma\\\/wp-content\\\/uploads\\\/2025\\\/05\\\/Untitled_design_5.png\",\"datePublished\":\"2025-05-28T22:51:11+00:00\",\"dateModified\":\"2026-04-17T22:32:47+00:00\",\"description\":\"Bath &amp; BODY WORKS COFFRET THE MARVELOUS WORLD OF PUR WONDER\",\"breadcrumb\":{\"@id\":\"https:\\\/\\\/vitablanca.ma\\\/produit\\\/bath-body-works-coffret-the-marvelous-world-of-pur-wonder\\\/#breadcrumb\"},\"inLanguage\":\"en-US\",\"potentialAction\":[{\"@type\":\"ReadAction\",\"target\":[\"https:\\\/\\\/vitablanca.ma\\\/produit\\\/bath-body-works-coffret-the-marvelous-world-of-pur-wonder\\\/\"]}]},{\"@type\":\"ImageObject\",\"inLanguage\":\"en-US\",\"@id\":\"https:\\\/\\\/vitablanca.ma\\\/produit\\\/bath-body-works-coffret-the-marvelous-world-of-pur-wonder\\\/#primaryimage\",\"url\":\"https:\\\/\\\/vitablanca.ma\\\/wp-content\\\/uploads\\\/2025\\\/05\\\/Untitled_design_5.png\",\"contentUrl\":\"https:\\\/\\\/vitablanca.ma\\\/wp-content\\\/uploads\\\/2025\\\/05\\\/Untitled_design_5.png\",\"width\":2048,\"height\":2048},{\"@type\":\"BreadcrumbList\",\"@id\":\"https:\\\/\\\/vitablanca.ma\\\/produit\\\/bath-body-works-coffret-the-marvelous-world-of-pur-wonder\\\/#breadcrumb\",\"itemListElement\":[{\"@type\":\"ListItem\",\"position\":1,\"name\":\"Home\",\"item\":\"https:\\\/\\\/vitablanca.ma\\\/\"},{\"@type\":\"ListItem\",\"position\":2,\"name\":\"Tous Les Produits\",\"item\":\"https:\\\/\\\/vitablanca.ma\\\/tous-les-produits\\\/\"},{\"@type\":\"ListItem\",\"position\":3,\"name\":\"Bath &amp; BODY WORKS COFFRET THE MARVELOUS WORLD OF PUR WONDER\"}]},{\"@type\":\"WebSite\",\"@id\":\"https:\\\/\\\/vitablanca.ma\\\/#website\",\"url\":\"https:\\\/\\\/vitablanca.ma\\\/\",\"name\":\"VitaBlanca.ma | Compl\u00e9ments alimentaires, sant\u00e9 & beaut\u00e9 au Maroc\",\"description\":\"vendre vitamines et compl\u00e9ments premium des USA &amp; Canada, Nouvelle Z\u00e9lande,Maroc (NOW Foods, Solgar, Manuka). Livraison rapide partout au Maroc.\",\"publisher\":{\"@id\":\"https:\\\/\\\/vitablanca.ma\\\/#organization\"},\"alternateName\":\"VitaBlanca.ma\",\"potentialAction\":[{\"@type\":\"SearchAction\",\"target\":{\"@type\":\"EntryPoint\",\"urlTemplate\":\"https:\\\/\\\/vitablanca.ma\\\/?s={search_term_string}\"},\"query-input\":{\"@type\":\"PropertyValueSpecification\",\"valueRequired\":true,\"valueName\":\"search_term_string\"}}],\"inLanguage\":\"en-US\"},{\"@type\":\"Organization\",\"@id\":\"https:\\\/\\\/vitablanca.ma\\\/#organization\",\"name\":\"VitaBlanca\",\"url\":\"https:\\\/\\\/vitablanca.ma\\\/\",\"logo\":{\"@type\":\"ImageObject\",\"inLanguage\":\"en-US\",\"@id\":\"https:\\\/\\\/vitablanca.ma\\\/#\\\/schema\\\/logo\\\/image\\\/\",\"url\":\"https:\\\/\\\/vitablanca.ma\\\/wp-content\\\/uploads\\\/2025\\\/05\\\/cropped-vitablanca.png\",\"contentUrl\":\"https:\\\/\\\/vitablanca.ma\\\/wp-content\\\/uploads\\\/2025\\\/05\\\/cropped-vitablanca.png\",\"width\":360,\"height\":67,\"caption\":\"VitaBlanca\"},\"image\":{\"@id\":\"https:\\\/\\\/vitablanca.ma\\\/#\\\/schema\\\/logo\\\/image\\\/\"},\"sameAs\":[\"https:\\\/\\\/www.facebook.com\\\/profile.php?id=61576678196717\",\"https:\\\/\\\/www.tiktok.com\\\/@vitablanca.ma\",\"https:\\\/\\\/www.instagram.com\\\/vitablanca.ma\\\/\"]}]}<\/script>\n<!-- \/ Yoast SEO plugin. -->","yoast_head_json":{"title":"Bath &amp; BODY WORKS BOX THE MARVELOUS WORLD OF PURE WONDER - Morocco Price","description":"Bath &amp; BODY WORKS THE MARVELOUS WORLD OF PURE WONDER BOX","robots":{"index":"index","follow":"follow","max-snippet":"max-snippet:-1","max-image-preview":"max-image-preview:large","max-video-preview":"max-video-preview:-1"},"canonical":"https:\/\/vitablanca.ma\/en\/product\/bath-body-works-coffret-the-marvelous-world-of-pur-wonder\/","og_locale":"en_US","og_type":"article","og_title":"Bath &amp; BODY WORKS COFFRET THE MARVELOUS WORLD OF PUR WONDER - Maroc Prix","og_description":"Bath &amp; BODY WORKS COFFRET THE MARVELOUS WORLD OF PUR WONDER","og_url":"https:\/\/vitablanca.ma\/en\/product\/bath-body-works-coffret-the-marvelous-world-of-pur-wonder\/","og_site_name":"Vitablanca.ma &ndash; Sant&eacute;, vitalit&eacute; et bien-&ecirc;tre pour tous les Marocains","article_publisher":"https:\/\/www.facebook.com\/profile.php?id=61576678196717","article_modified_time":"2026-04-17T22:32:47+00:00","og_image":[{"width":1024,"height":1024,"url":"https:\/\/vitablanca.ma\/wp-content\/uploads\/2025\/05\/Untitled_design_5-1024x1024.png","type":"image\/png"}],"twitter_card":"summary_large_image","twitter_misc":{"Est. reading time":"1 minute"},"schema":{"@context":"https:\/\/schema.org","@graph":[{"@type":["WebPage","ItemPage"],"@id":"https:\/\/vitablanca.ma\/produit\/bath-body-works-coffret-the-marvelous-world-of-pur-wonder\/","url":"https:\/\/vitablanca.ma\/produit\/bath-body-works-coffret-the-marvelous-world-of-pur-wonder\/","name":"Bath &amp; BODY WORKS BOX THE MARVELOUS WORLD OF PURE WONDER - Morocco Price","isPartOf":{"@id":"https:\/\/vitablanca.ma\/#website"},"primaryImageOfPage":{"@id":"https:\/\/vitablanca.ma\/produit\/bath-body-works-coffret-the-marvelous-world-of-pur-wonder\/#primaryimage"},"image":{"@id":"https:\/\/vitablanca.ma\/produit\/bath-body-works-coffret-the-marvelous-world-of-pur-wonder\/#primaryimage"},"thumbnailUrl":"https:\/\/vitablanca.ma\/wp-content\/uploads\/2025\/05\/Untitled_design_5.png","datePublished":"2025-05-28T22:51:11+00:00","dateModified":"2026-04-17T22:32:47+00:00","description":"Bath &amp; BODY WORKS THE MARVELOUS WORLD OF PURE WONDER BOX","breadcrumb":{"@id":"https:\/\/vitablanca.ma\/produit\/bath-body-works-coffret-the-marvelous-world-of-pur-wonder\/#breadcrumb"},"inLanguage":"en-US","potentialAction":[{"@type":"ReadAction","target":["https:\/\/vitablanca.ma\/produit\/bath-body-works-coffret-the-marvelous-world-of-pur-wonder\/"]}]},{"@type":"ImageObject","inLanguage":"en-US","@id":"https:\/\/vitablanca.ma\/produit\/bath-body-works-coffret-the-marvelous-world-of-pur-wonder\/#primaryimage","url":"https:\/\/vitablanca.ma\/wp-content\/uploads\/2025\/05\/Untitled_design_5.png","contentUrl":"https:\/\/vitablanca.ma\/wp-content\/uploads\/2025\/05\/Untitled_design_5.png","width":2048,"height":2048},{"@type":"BreadcrumbList","@id":"https:\/\/vitablanca.ma\/produit\/bath-body-works-coffret-the-marvelous-world-of-pur-wonder\/#breadcrumb","itemListElement":[{"@type":"ListItem","position":1,"name":"Home","item":"https:\/\/vitablanca.ma\/"},{"@type":"ListItem","position":2,"name":"Tous Les Produits","item":"https:\/\/vitablanca.ma\/tous-les-produits\/"},{"@type":"ListItem","position":3,"name":"Bath &amp; BODY WORKS COFFRET THE MARVELOUS WORLD OF PUR WONDER"}]},{"@type":"WebSite","@id":"https:\/\/vitablanca.ma\/#website","url":"https:\/\/vitablanca.ma\/","name":"VitaBlanca.ma | Food supplements, health &amp; beauty in Morocco","description":"sell premium vitamins and supplements from USA &amp; Canada, New Zealand, Morocco (NOW Foods, Solgar, Manuka). Fast delivery anywhere in Morocco.","publisher":{"@id":"https:\/\/vitablanca.ma\/#organization"},"alternateName":"VitaBlanca.ma","potentialAction":[{"@type":"SearchAction","target":{"@type":"EntryPoint","urlTemplate":"https:\/\/vitablanca.ma\/?s={search_term_string}"},"query-input":{"@type":"PropertyValueSpecification","valueRequired":true,"valueName":"search_term_string"}}],"inLanguage":"en-US"},{"@type":"Organization","@id":"https:\/\/vitablanca.ma\/#organization","name":"VitaBlanca","url":"https:\/\/vitablanca.ma\/","logo":{"@type":"ImageObject","inLanguage":"en-US","@id":"https:\/\/vitablanca.ma\/#\/schema\/logo\/image\/","url":"https:\/\/vitablanca.ma\/wp-content\/uploads\/2025\/05\/cropped-vitablanca.png","contentUrl":"https:\/\/vitablanca.ma\/wp-content\/uploads\/2025\/05\/cropped-vitablanca.png","width":360,"height":67,"caption":"VitaBlanca"},"image":{"@id":"https:\/\/vitablanca.ma\/#\/schema\/logo\/image\/"},"sameAs":["https:\/\/www.facebook.com\/profile.php?id=61576678196717","https:\/\/www.tiktok.com\/@vitablanca.ma","https:\/\/www.instagram.com\/vitablanca.ma\/"]}]}},"jetpack_sharing_enabled":true,"_links":{"self":[{"href":"https:\/\/vitablanca.ma\/en\/wp-json\/wp\/v2\/product\/13561","targetHints":{"allow":["GET"]}}],"collection":[{"href":"https:\/\/vitablanca.ma\/en\/wp-json\/wp\/v2\/product"}],"about":[{"href":"https:\/\/vitablanca.ma\/en\/wp-json\/wp\/v2\/types\/product"}],"wp:featuredmedia":[{"embeddable":true,"href":"https:\/\/vitablanca.ma\/en\/wp-json\/wp\/v2\/media\/13557"}],"wp:attachment":[{"href":"https:\/\/vitablanca.ma\/en\/wp-json\/wp\/v2\/media?parent=13561"}],"wp:term":[{"taxonomy":"product_brand","embeddable":true,"href":"https:\/\/vitablanca.ma\/en\/wp-json\/wp\/v2\/product_brand?post=13561"},{"taxonomy":"product_cat","embeddable":true,"href":"https:\/\/vitablanca.ma\/en\/wp-json\/wp\/v2\/product_cat?post=13561"},{"taxonomy":"product_tag","embeddable":true,"href":"https:\/\/vitablanca.ma\/en\/wp-json\/wp\/v2\/product_tag?post=13561"}],"curies":[{"name":"wp","href":"https:\/\/api.w.org\/{rel}","templated":true}]}}