{"id":13522,"date":"2025-05-28T22:50:09","date_gmt":"2025-05-28T22:50:09","guid":{"rendered":"https:\/\/vitablanca.ma\/product\/ibraheem-al-qurashi-powder-musk-khamriya\/"},"modified":"2026-03-15T23:14:41","modified_gmt":"2026-03-15T23:14:41","slug":"ibraheem-al-qurashi-powder-musk-khamriya","status":"publish","type":"product","link":"https:\/\/vitablanca.ma\/en\/product\/ibraheem-al-qurashi-powder-musk-khamriya\/","title":{"rendered":"IBRAHEEM AL QURASHI Powder Musk Khamriya"},"content":{"rendered":"<p data-mce-fragment=\"1\">IBRAHEEM AL QURASHI Khamriya Powder Perfume is a combination of signature fragrances developed by Ibrahim Al Qurashi. Offering a fragrant and persistent mist for the hair, it refreshes it while subtly releasing a sweet scent. Aromatic notes of Jasmine, Ylang-Ylang, Rose, Cedar, Iris, Amber, Musk, Vanilla, Tonka Bean and Powdery.<\/p>","protected":false},"excerpt":{"rendered":"<p>IBRAHEEM AL QURASHI Khamriya Powder Perfume is a combination of signature fragrances developed by Ibrahim Al Qurashi. Offering a fragrant and persistent mist for the hair, it refreshes it while subtly releasing a sweet scent. Aromatic notes of Jasmine, Ylang-Ylang, Rose, Cedar, Iris, Amber, Musk, Vanilla, Tonka Bean and Powdery.<\/p>","protected":false},"featured_media":13516,"template":"","meta":{"om_disable_all_campaigns":false},"product_brand":[3168],"product_cat":[18,1091],"product_tag":[3174,3177,3175,3176,3179,3178,3169,3173,3170,3171,3172],"class_list":{"0":"post-13522","1":"product","2":"type-product","3":"status-publish","4":"has-post-thumbnail","6":"product_brand-ibrahim-al-qurashi-prix-maroc","7":"product_cat-beaute-sante","8":"product_cat-beaute-parfums-maroc-prix","9":"product_tag-ibraheem-al-qurashi","10":"product_tag-ibraheem-al-qurashi-authentique","11":"product_tag-ibraheem-al-qurashi-maroc","12":"product_tag-ibraheem-al-qurashi-morocco","13":"product_tag-ibraheem-al-qurashi-parfum","14":"product_tag-ibraheem-al-qurashi-parfums","15":"product_tag-ibrahim-al-qurashi","16":"product_tag-ibrahim-al-qurashi-casa","17":"product_tag-ibrahim-al-qurashi-maroc","18":"product_tag-ibrahim-al-qurashi-morocco","19":"product_tag-ibrahim-al-qurashi-rabat","21":"first","22":"outofstock","23":"taxable","24":"shipping-taxable","25":"purchasable","26":"product-type-simple"},"yoast_head":"<!-- This site is optimized with the Yoast SEO plugin v27.3 - https:\/\/yoast.com\/product\/yoast-seo-wordpress\/ -->\n<title>IBRAHEEM AL QURASHI Powder Musk Khamriya - Maroc Prix<\/title>\n<meta name=\"description\" content=\"D\u00e9couvrez la Musk Khamriya Cheveux IBRAHEEM AL QURASHI Powder au Maroc. Ce parfum capillaire luxueux offre un sillage de musc propre, doux et poudr\u00e9\" \/>\n<meta name=\"robots\" content=\"index, follow, max-snippet:-1, max-image-preview:large, max-video-preview:-1\" \/>\n<link rel=\"canonical\" href=\"https:\/\/vitablanca.ma\/en\/product\/ibraheem-al-qurashi-powder-musk-khamriya\/\" \/>\n<meta property=\"og:locale\" content=\"en_US\" \/>\n<meta property=\"og:type\" content=\"article\" \/>\n<meta property=\"og:title\" content=\"IBRAHEEM AL QURASHI Powder Musk Khamriya - Maroc Prix\" \/>\n<meta property=\"og:description\" content=\"D\u00e9couvrez la Musk Khamriya Cheveux IBRAHEEM AL QURASHI Powder au Maroc. Ce parfum capillaire luxueux offre un sillage de musc propre, doux et poudr\u00e9\" \/>\n<meta property=\"og:url\" content=\"https:\/\/vitablanca.ma\/en\/product\/ibraheem-al-qurashi-powder-musk-khamriya\/\" \/>\n<meta property=\"og:site_name\" content=\"Vitablanca.ma &ndash; Sant&eacute;, vitalit&eacute; et bien-&ecirc;tre pour tous les Marocains\" \/>\n<meta property=\"article:publisher\" content=\"https:\/\/www.facebook.com\/profile.php?id=61576678196717\" \/>\n<meta property=\"article:modified_time\" content=\"2026-03-15T23:14:41+00:00\" \/>\n<meta property=\"og:image\" content=\"https:\/\/vitablanca.ma\/wp-content\/uploads\/2025\/05\/ibq-powder-musk-khamria-1-1000x1000-1.jpg\" \/>\n\t<meta property=\"og:image:width\" content=\"1000\" \/>\n\t<meta property=\"og:image:height\" content=\"1000\" \/>\n\t<meta property=\"og:image:type\" content=\"image\/jpeg\" \/>\n<meta name=\"twitter:card\" content=\"summary_large_image\" \/>\n<meta name=\"twitter:label1\" content=\"Est. reading time\" \/>\n\t<meta name=\"twitter:data1\" content=\"1 minute\" \/>\n<script type=\"application\/ld+json\" class=\"yoast-schema-graph\">{\"@context\":\"https:\\\/\\\/schema.org\",\"@graph\":[{\"@type\":[\"WebPage\",\"ItemPage\"],\"@id\":\"https:\\\/\\\/vitablanca.ma\\\/produit\\\/ibraheem-al-qurashi-powder-musk-khamriya\\\/\",\"url\":\"https:\\\/\\\/vitablanca.ma\\\/produit\\\/ibraheem-al-qurashi-powder-musk-khamriya\\\/\",\"name\":\"IBRAHEEM AL QURASHI Powder Musk Khamriya - Maroc Prix\",\"isPartOf\":{\"@id\":\"https:\\\/\\\/vitablanca.ma\\\/#website\"},\"primaryImageOfPage\":{\"@id\":\"https:\\\/\\\/vitablanca.ma\\\/produit\\\/ibraheem-al-qurashi-powder-musk-khamriya\\\/#primaryimage\"},\"image\":{\"@id\":\"https:\\\/\\\/vitablanca.ma\\\/produit\\\/ibraheem-al-qurashi-powder-musk-khamriya\\\/#primaryimage\"},\"thumbnailUrl\":\"https:\\\/\\\/vitablanca.ma\\\/wp-content\\\/uploads\\\/2025\\\/05\\\/ibq-powder-musk-khamria-1-1000x1000-1.jpg\",\"datePublished\":\"2025-05-28T22:50:09+00:00\",\"dateModified\":\"2026-03-15T23:14:41+00:00\",\"description\":\"D\u00e9couvrez la Musk Khamriya Cheveux IBRAHEEM AL QURASHI Powder au Maroc. Ce parfum capillaire luxueux offre un sillage de musc propre, doux et poudr\u00e9\",\"breadcrumb\":{\"@id\":\"https:\\\/\\\/vitablanca.ma\\\/produit\\\/ibraheem-al-qurashi-powder-musk-khamriya\\\/#breadcrumb\"},\"inLanguage\":\"en-US\",\"potentialAction\":[{\"@type\":\"ReadAction\",\"target\":[\"https:\\\/\\\/vitablanca.ma\\\/produit\\\/ibraheem-al-qurashi-powder-musk-khamriya\\\/\"]}]},{\"@type\":\"ImageObject\",\"inLanguage\":\"en-US\",\"@id\":\"https:\\\/\\\/vitablanca.ma\\\/produit\\\/ibraheem-al-qurashi-powder-musk-khamriya\\\/#primaryimage\",\"url\":\"https:\\\/\\\/vitablanca.ma\\\/wp-content\\\/uploads\\\/2025\\\/05\\\/ibq-powder-musk-khamria-1-1000x1000-1.jpg\",\"contentUrl\":\"https:\\\/\\\/vitablanca.ma\\\/wp-content\\\/uploads\\\/2025\\\/05\\\/ibq-powder-musk-khamria-1-1000x1000-1.jpg\",\"width\":1000,\"height\":1000},{\"@type\":\"BreadcrumbList\",\"@id\":\"https:\\\/\\\/vitablanca.ma\\\/produit\\\/ibraheem-al-qurashi-powder-musk-khamriya\\\/#breadcrumb\",\"itemListElement\":[{\"@type\":\"ListItem\",\"position\":1,\"name\":\"Home\",\"item\":\"https:\\\/\\\/vitablanca.ma\\\/\"},{\"@type\":\"ListItem\",\"position\":2,\"name\":\"Tous Les Produits\",\"item\":\"https:\\\/\\\/vitablanca.ma\\\/tous-les-produits\\\/\"},{\"@type\":\"ListItem\",\"position\":3,\"name\":\"IBRAHEEM AL QURASHI Powder Musk Khamriya\"}]},{\"@type\":\"WebSite\",\"@id\":\"https:\\\/\\\/vitablanca.ma\\\/#website\",\"url\":\"https:\\\/\\\/vitablanca.ma\\\/\",\"name\":\"VitaBlanca.ma | Compl\u00e9ments alimentaires, sant\u00e9 & beaut\u00e9 au Maroc\",\"description\":\"vendre vitamines et compl\u00e9ments premium des USA &amp; Canada, Nouvelle Z\u00e9lande,Maroc (NOW Foods, Solgar, Manuka). Livraison rapide partout au Maroc.\",\"publisher\":{\"@id\":\"https:\\\/\\\/vitablanca.ma\\\/#organization\"},\"alternateName\":\"VitaBlanca.ma\",\"potentialAction\":[{\"@type\":\"SearchAction\",\"target\":{\"@type\":\"EntryPoint\",\"urlTemplate\":\"https:\\\/\\\/vitablanca.ma\\\/?s={search_term_string}\"},\"query-input\":{\"@type\":\"PropertyValueSpecification\",\"valueRequired\":true,\"valueName\":\"search_term_string\"}}],\"inLanguage\":\"en-US\"},{\"@type\":\"Organization\",\"@id\":\"https:\\\/\\\/vitablanca.ma\\\/#organization\",\"name\":\"VitaBlanca\",\"url\":\"https:\\\/\\\/vitablanca.ma\\\/\",\"logo\":{\"@type\":\"ImageObject\",\"inLanguage\":\"en-US\",\"@id\":\"https:\\\/\\\/vitablanca.ma\\\/#\\\/schema\\\/logo\\\/image\\\/\",\"url\":\"https:\\\/\\\/vitablanca.ma\\\/wp-content\\\/uploads\\\/2025\\\/05\\\/cropped-vitablanca.png\",\"contentUrl\":\"https:\\\/\\\/vitablanca.ma\\\/wp-content\\\/uploads\\\/2025\\\/05\\\/cropped-vitablanca.png\",\"width\":360,\"height\":67,\"caption\":\"VitaBlanca\"},\"image\":{\"@id\":\"https:\\\/\\\/vitablanca.ma\\\/#\\\/schema\\\/logo\\\/image\\\/\"},\"sameAs\":[\"https:\\\/\\\/www.facebook.com\\\/profile.php?id=61576678196717\",\"https:\\\/\\\/www.tiktok.com\\\/@vitablanca.ma\",\"https:\\\/\\\/www.instagram.com\\\/vitablanca.ma\\\/\"]}]}<\/script>\n<!-- \/ Yoast SEO plugin. -->","yoast_head_json":{"title":"IBRAHEEM AL QURASHI Powder Musk Khamriya - Morocco Price","description":"Discover the Musk Khamriya Hair IBRAHEEM AL QURASHI Powder in Morocco. This luxurious hair fragrance offers a clean, soft, and powdery musk trail.","robots":{"index":"index","follow":"follow","max-snippet":"max-snippet:-1","max-image-preview":"max-image-preview:large","max-video-preview":"max-video-preview:-1"},"canonical":"https:\/\/vitablanca.ma\/en\/product\/ibraheem-al-qurashi-powder-musk-khamriya\/","og_locale":"en_US","og_type":"article","og_title":"IBRAHEEM AL QURASHI Powder Musk Khamriya - Maroc Prix","og_description":"D\u00e9couvrez la Musk Khamriya Cheveux IBRAHEEM AL QURASHI Powder au Maroc. Ce parfum capillaire luxueux offre un sillage de musc propre, doux et poudr\u00e9","og_url":"https:\/\/vitablanca.ma\/en\/product\/ibraheem-al-qurashi-powder-musk-khamriya\/","og_site_name":"Vitablanca.ma &ndash; Sant&eacute;, vitalit&eacute; et bien-&ecirc;tre pour tous les Marocains","article_publisher":"https:\/\/www.facebook.com\/profile.php?id=61576678196717","article_modified_time":"2026-03-15T23:14:41+00:00","og_image":[{"width":1000,"height":1000,"url":"https:\/\/vitablanca.ma\/wp-content\/uploads\/2025\/05\/ibq-powder-musk-khamria-1-1000x1000-1.jpg","type":"image\/jpeg"}],"twitter_card":"summary_large_image","twitter_misc":{"Est. reading time":"1 minute"},"schema":{"@context":"https:\/\/schema.org","@graph":[{"@type":["WebPage","ItemPage"],"@id":"https:\/\/vitablanca.ma\/produit\/ibraheem-al-qurashi-powder-musk-khamriya\/","url":"https:\/\/vitablanca.ma\/produit\/ibraheem-al-qurashi-powder-musk-khamriya\/","name":"IBRAHEEM AL QURASHI Powder Musk Khamriya - Morocco Price","isPartOf":{"@id":"https:\/\/vitablanca.ma\/#website"},"primaryImageOfPage":{"@id":"https:\/\/vitablanca.ma\/produit\/ibraheem-al-qurashi-powder-musk-khamriya\/#primaryimage"},"image":{"@id":"https:\/\/vitablanca.ma\/produit\/ibraheem-al-qurashi-powder-musk-khamriya\/#primaryimage"},"thumbnailUrl":"https:\/\/vitablanca.ma\/wp-content\/uploads\/2025\/05\/ibq-powder-musk-khamria-1-1000x1000-1.jpg","datePublished":"2025-05-28T22:50:09+00:00","dateModified":"2026-03-15T23:14:41+00:00","description":"Discover the Musk Khamriya Hair IBRAHEEM AL QURASHI Powder in Morocco. This luxurious hair fragrance offers a clean, soft, and powdery musk trail.","breadcrumb":{"@id":"https:\/\/vitablanca.ma\/produit\/ibraheem-al-qurashi-powder-musk-khamriya\/#breadcrumb"},"inLanguage":"en-US","potentialAction":[{"@type":"ReadAction","target":["https:\/\/vitablanca.ma\/produit\/ibraheem-al-qurashi-powder-musk-khamriya\/"]}]},{"@type":"ImageObject","inLanguage":"en-US","@id":"https:\/\/vitablanca.ma\/produit\/ibraheem-al-qurashi-powder-musk-khamriya\/#primaryimage","url":"https:\/\/vitablanca.ma\/wp-content\/uploads\/2025\/05\/ibq-powder-musk-khamria-1-1000x1000-1.jpg","contentUrl":"https:\/\/vitablanca.ma\/wp-content\/uploads\/2025\/05\/ibq-powder-musk-khamria-1-1000x1000-1.jpg","width":1000,"height":1000},{"@type":"BreadcrumbList","@id":"https:\/\/vitablanca.ma\/produit\/ibraheem-al-qurashi-powder-musk-khamriya\/#breadcrumb","itemListElement":[{"@type":"ListItem","position":1,"name":"Home","item":"https:\/\/vitablanca.ma\/"},{"@type":"ListItem","position":2,"name":"Tous Les Produits","item":"https:\/\/vitablanca.ma\/tous-les-produits\/"},{"@type":"ListItem","position":3,"name":"IBRAHEEM AL QURASHI Powder Musk Khamriya"}]},{"@type":"WebSite","@id":"https:\/\/vitablanca.ma\/#website","url":"https:\/\/vitablanca.ma\/","name":"VitaBlanca.ma | Food supplements, health &amp; beauty in Morocco","description":"sell premium vitamins and supplements from USA &amp; Canada, New Zealand, Morocco (NOW Foods, Solgar, Manuka). Fast delivery anywhere in Morocco.","publisher":{"@id":"https:\/\/vitablanca.ma\/#organization"},"alternateName":"VitaBlanca.ma","potentialAction":[{"@type":"SearchAction","target":{"@type":"EntryPoint","urlTemplate":"https:\/\/vitablanca.ma\/?s={search_term_string}"},"query-input":{"@type":"PropertyValueSpecification","valueRequired":true,"valueName":"search_term_string"}}],"inLanguage":"en-US"},{"@type":"Organization","@id":"https:\/\/vitablanca.ma\/#organization","name":"VitaBlanca","url":"https:\/\/vitablanca.ma\/","logo":{"@type":"ImageObject","inLanguage":"en-US","@id":"https:\/\/vitablanca.ma\/#\/schema\/logo\/image\/","url":"https:\/\/vitablanca.ma\/wp-content\/uploads\/2025\/05\/cropped-vitablanca.png","contentUrl":"https:\/\/vitablanca.ma\/wp-content\/uploads\/2025\/05\/cropped-vitablanca.png","width":360,"height":67,"caption":"VitaBlanca"},"image":{"@id":"https:\/\/vitablanca.ma\/#\/schema\/logo\/image\/"},"sameAs":["https:\/\/www.facebook.com\/profile.php?id=61576678196717","https:\/\/www.tiktok.com\/@vitablanca.ma","https:\/\/www.instagram.com\/vitablanca.ma\/"]}]}},"jetpack_sharing_enabled":true,"_links":{"self":[{"href":"https:\/\/vitablanca.ma\/en\/wp-json\/wp\/v2\/product\/13522","targetHints":{"allow":["GET"]}}],"collection":[{"href":"https:\/\/vitablanca.ma\/en\/wp-json\/wp\/v2\/product"}],"about":[{"href":"https:\/\/vitablanca.ma\/en\/wp-json\/wp\/v2\/types\/product"}],"wp:featuredmedia":[{"embeddable":true,"href":"https:\/\/vitablanca.ma\/en\/wp-json\/wp\/v2\/media\/13516"}],"wp:attachment":[{"href":"https:\/\/vitablanca.ma\/en\/wp-json\/wp\/v2\/media?parent=13522"}],"wp:term":[{"taxonomy":"product_brand","embeddable":true,"href":"https:\/\/vitablanca.ma\/en\/wp-json\/wp\/v2\/product_brand?post=13522"},{"taxonomy":"product_cat","embeddable":true,"href":"https:\/\/vitablanca.ma\/en\/wp-json\/wp\/v2\/product_cat?post=13522"},{"taxonomy":"product_tag","embeddable":true,"href":"https:\/\/vitablanca.ma\/en\/wp-json\/wp\/v2\/product_tag?post=13522"}],"curies":[{"name":"wp","href":"https:\/\/api.w.org\/{rel}","templated":true}]}}