{"id":13520,"date":"2025-05-28T22:50:07","date_gmt":"2025-05-28T22:50:07","guid":{"rendered":"https:\/\/vitablanca.ma\/product\/coffret-jean-paul-gaultier-scandal-absolu-parfum-for-him\/"},"modified":"2025-07-06T12:18:41","modified_gmt":"2025-07-06T12:18:41","slug":"coffret-jean-paul-gaultier-scandal-absolu-parfum-for-him","status":"publish","type":"product","link":"https:\/\/vitablanca.ma\/en\/product\/coffret-jean-paul-gaultier-scandal-absolu-parfum-for-him\/","title":{"rendered":"Jean Paul Gaultier Scandal Absolu Parfum Gift Set \u2013 For Him"},"content":{"rendered":"<p>This set contains a Scandal Absolu Parfum Concentr\u00e9 For Him 100 ml, a Bath Gel 75 ml and a travel size 10 ml.<\/p>\n<p>An absolute scandal! Scandal Pour Homme Absolu is Jean Paul Gaultier&#039;s new king of the night.<\/p>\n<p>Crowned with a scandalously free intensity, his untamed charisma inflames the senses with a gold-lacquered indecency.<\/p>\n<p>The scandal is only just beginning. A sweet, woody scent, scandalously intense.<\/p>\n<p>The opulence of this intense woody fragrance ignites the senses with its sweet chestnut and magnificent sandalwood, before radiating the unexpected gold of a mirabelle plum.<\/p>\n<p>Absolute audacity!<\/p>","protected":false},"excerpt":{"rendered":"<p>Ce coffret contient un Scandal Absolu Parfum Concentr\u00e9 For Him 100 ml, un Gel de Bain 75 ml et un format de voyage 10 ml. Un scandale absolu ! Scandal Pour Homme Absolu est le nouveau roi des nuits de Jean Paul Gaultier. Couronn\u00e9 d&rsquo;une intensit\u00e9 scandaleusement libre, son charisme indompt\u00e9 enflamme les sens d&rsquo;une [&hellip;]<\/p>\n","protected":false},"featured_media":13512,"template":"","meta":{"om_disable_all_campaigns":false},"product_brand":[],"product_cat":[15],"product_tag":[],"class_list":{"0":"post-13520","1":"product","2":"type-product","3":"status-publish","4":"has-post-thumbnail","6":"product_cat-beaute-sante-complements-alimentaires-soins-et-bien-etre-au-meilleur-prix","8":"first","9":"instock","10":"taxable","11":"shipping-taxable","12":"purchasable","13":"product-type-simple"},"yoast_head":"<!-- This site is optimized with the Yoast SEO plugin v27.4 - https:\/\/yoast.com\/product\/yoast-seo-wordpress\/ -->\n<title>Coffret Jean Paul Gaultier Scandal Absolu Parfum - Maroc Prix<\/title>\n<meta name=\"description\" content=\"D\u00e9couvrez le Coffret Jean Paul Gaultier Scandal Absolu Parfum - For Him. Un parfum masculin audacieux et intense, id\u00e9al pour une pr\u00e9sence inoubliable.\" \/>\n<meta name=\"robots\" content=\"index, follow, max-snippet:-1, max-image-preview:large, max-video-preview:-1\" \/>\n<link rel=\"canonical\" href=\"https:\/\/vitablanca.ma\/en\/product\/coffret-jean-paul-gaultier-scandal-absolu-parfum-for-him\/\" \/>\n<meta property=\"og:locale\" content=\"en_US\" \/>\n<meta property=\"og:type\" content=\"article\" \/>\n<meta property=\"og:title\" content=\"Coffret Jean Paul Gaultier Scandal Absolu Parfum - Maroc Prix\" \/>\n<meta property=\"og:description\" content=\"D\u00e9couvrez le Coffret Jean Paul Gaultier Scandal Absolu Parfum - For Him. Un parfum masculin audacieux et intense, id\u00e9al pour une pr\u00e9sence inoubliable.\" \/>\n<meta property=\"og:url\" content=\"https:\/\/vitablanca.ma\/en\/product\/coffret-jean-paul-gaultier-scandal-absolu-parfum-for-him\/\" \/>\n<meta property=\"og:site_name\" content=\"Vitablanca.ma &ndash; Sant&eacute;, vitalit&eacute; et bien-&ecirc;tre pour tous les Marocains\" \/>\n<meta property=\"article:publisher\" content=\"https:\/\/www.facebook.com\/profile.php?id=61576678196717\" \/>\n<meta property=\"article:modified_time\" content=\"2025-07-06T12:18:41+00:00\" \/>\n<meta property=\"og:image\" content=\"https:\/\/vitablanca.ma\/wp-content\/uploads\/2025\/05\/Disenosintitulo-2024-12-18T163924.633_1.jpg\" \/>\n\t<meta property=\"og:image:width\" content=\"713\" \/>\n\t<meta property=\"og:image:height\" content=\"713\" \/>\n\t<meta property=\"og:image:type\" content=\"image\/jpeg\" \/>\n<meta name=\"twitter:card\" content=\"summary_large_image\" \/>\n<meta name=\"twitter:label1\" content=\"Est. reading time\" \/>\n\t<meta name=\"twitter:data1\" content=\"1 minute\" \/>\n<script type=\"application\/ld+json\" class=\"yoast-schema-graph\">{\"@context\":\"https:\\\/\\\/schema.org\",\"@graph\":[{\"@type\":[\"WebPage\",\"ItemPage\"],\"@id\":\"https:\\\/\\\/vitablanca.ma\\\/produit\\\/coffret-jean-paul-gaultier-scandal-absolu-parfum-for-him\\\/\",\"url\":\"https:\\\/\\\/vitablanca.ma\\\/produit\\\/coffret-jean-paul-gaultier-scandal-absolu-parfum-for-him\\\/\",\"name\":\"Coffret Jean Paul Gaultier Scandal Absolu Parfum - Maroc Prix\",\"isPartOf\":{\"@id\":\"https:\\\/\\\/vitablanca.ma\\\/#website\"},\"primaryImageOfPage\":{\"@id\":\"https:\\\/\\\/vitablanca.ma\\\/produit\\\/coffret-jean-paul-gaultier-scandal-absolu-parfum-for-him\\\/#primaryimage\"},\"image\":{\"@id\":\"https:\\\/\\\/vitablanca.ma\\\/produit\\\/coffret-jean-paul-gaultier-scandal-absolu-parfum-for-him\\\/#primaryimage\"},\"thumbnailUrl\":\"https:\\\/\\\/vitablanca.ma\\\/wp-content\\\/uploads\\\/2025\\\/05\\\/Disenosintitulo-2024-12-18T163924.633_1.jpg\",\"datePublished\":\"2025-05-28T22:50:07+00:00\",\"dateModified\":\"2025-07-06T12:18:41+00:00\",\"description\":\"D\u00e9couvrez le Coffret Jean Paul Gaultier Scandal Absolu Parfum - For Him. Un parfum masculin audacieux et intense, id\u00e9al pour une pr\u00e9sence inoubliable.\",\"breadcrumb\":{\"@id\":\"https:\\\/\\\/vitablanca.ma\\\/produit\\\/coffret-jean-paul-gaultier-scandal-absolu-parfum-for-him\\\/#breadcrumb\"},\"inLanguage\":\"en-US\",\"potentialAction\":[{\"@type\":\"ReadAction\",\"target\":[\"https:\\\/\\\/vitablanca.ma\\\/produit\\\/coffret-jean-paul-gaultier-scandal-absolu-parfum-for-him\\\/\"]}]},{\"@type\":\"ImageObject\",\"inLanguage\":\"en-US\",\"@id\":\"https:\\\/\\\/vitablanca.ma\\\/produit\\\/coffret-jean-paul-gaultier-scandal-absolu-parfum-for-him\\\/#primaryimage\",\"url\":\"https:\\\/\\\/vitablanca.ma\\\/wp-content\\\/uploads\\\/2025\\\/05\\\/Disenosintitulo-2024-12-18T163924.633_1.jpg\",\"contentUrl\":\"https:\\\/\\\/vitablanca.ma\\\/wp-content\\\/uploads\\\/2025\\\/05\\\/Disenosintitulo-2024-12-18T163924.633_1.jpg\",\"width\":713,\"height\":713},{\"@type\":\"BreadcrumbList\",\"@id\":\"https:\\\/\\\/vitablanca.ma\\\/produit\\\/coffret-jean-paul-gaultier-scandal-absolu-parfum-for-him\\\/#breadcrumb\",\"itemListElement\":[{\"@type\":\"ListItem\",\"position\":1,\"name\":\"Home\",\"item\":\"https:\\\/\\\/vitablanca.ma\\\/\"},{\"@type\":\"ListItem\",\"position\":2,\"name\":\"Tous Les Produits\",\"item\":\"https:\\\/\\\/vitablanca.ma\\\/tous-les-produits\\\/\"},{\"@type\":\"ListItem\",\"position\":3,\"name\":\"Coffret Jean Paul Gaultier Scandal Absolu Parfum &#8211; For Him\"}]},{\"@type\":\"WebSite\",\"@id\":\"https:\\\/\\\/vitablanca.ma\\\/#website\",\"url\":\"https:\\\/\\\/vitablanca.ma\\\/\",\"name\":\"VitaBlanca.ma | Compl\u00e9ments alimentaires, sant\u00e9 & beaut\u00e9 au Maroc\",\"description\":\"vendre vitamines et compl\u00e9ments premium des USA &amp; Canada, Nouvelle Z\u00e9lande,Maroc (NOW Foods, Solgar, Manuka). Livraison rapide partout au Maroc.\",\"publisher\":{\"@id\":\"https:\\\/\\\/vitablanca.ma\\\/#organization\"},\"alternateName\":\"VitaBlanca.ma\",\"potentialAction\":[{\"@type\":\"SearchAction\",\"target\":{\"@type\":\"EntryPoint\",\"urlTemplate\":\"https:\\\/\\\/vitablanca.ma\\\/?s={search_term_string}\"},\"query-input\":{\"@type\":\"PropertyValueSpecification\",\"valueRequired\":true,\"valueName\":\"search_term_string\"}}],\"inLanguage\":\"en-US\"},{\"@type\":\"Organization\",\"@id\":\"https:\\\/\\\/vitablanca.ma\\\/#organization\",\"name\":\"VitaBlanca\",\"url\":\"https:\\\/\\\/vitablanca.ma\\\/\",\"logo\":{\"@type\":\"ImageObject\",\"inLanguage\":\"en-US\",\"@id\":\"https:\\\/\\\/vitablanca.ma\\\/#\\\/schema\\\/logo\\\/image\\\/\",\"url\":\"https:\\\/\\\/vitablanca.ma\\\/wp-content\\\/uploads\\\/2025\\\/05\\\/cropped-vitablanca.png\",\"contentUrl\":\"https:\\\/\\\/vitablanca.ma\\\/wp-content\\\/uploads\\\/2025\\\/05\\\/cropped-vitablanca.png\",\"width\":360,\"height\":67,\"caption\":\"VitaBlanca\"},\"image\":{\"@id\":\"https:\\\/\\\/vitablanca.ma\\\/#\\\/schema\\\/logo\\\/image\\\/\"},\"sameAs\":[\"https:\\\/\\\/www.facebook.com\\\/profile.php?id=61576678196717\",\"https:\\\/\\\/www.tiktok.com\\\/@vitablanca.ma\",\"https:\\\/\\\/www.instagram.com\\\/vitablanca.ma\\\/\"]}]}<\/script>\n<!-- \/ Yoast SEO plugin. -->","yoast_head_json":{"title":"Jean Paul Gaultier Scandal Absolu Parfum Box Set - Morocco Price","description":"Discover the Jean Paul Gaultier Scandal Absolu Parfum - For Him Gift Set. A bold and intense masculine fragrance, ideal for an unforgettable presence.","robots":{"index":"index","follow":"follow","max-snippet":"max-snippet:-1","max-image-preview":"max-image-preview:large","max-video-preview":"max-video-preview:-1"},"canonical":"https:\/\/vitablanca.ma\/en\/product\/coffret-jean-paul-gaultier-scandal-absolu-parfum-for-him\/","og_locale":"en_US","og_type":"article","og_title":"Coffret Jean Paul Gaultier Scandal Absolu Parfum - Maroc Prix","og_description":"D\u00e9couvrez le Coffret Jean Paul Gaultier Scandal Absolu Parfum - For Him. Un parfum masculin audacieux et intense, id\u00e9al pour une pr\u00e9sence inoubliable.","og_url":"https:\/\/vitablanca.ma\/en\/product\/coffret-jean-paul-gaultier-scandal-absolu-parfum-for-him\/","og_site_name":"Vitablanca.ma &ndash; Sant&eacute;, vitalit&eacute; et bien-&ecirc;tre pour tous les Marocains","article_publisher":"https:\/\/www.facebook.com\/profile.php?id=61576678196717","article_modified_time":"2025-07-06T12:18:41+00:00","og_image":[{"width":713,"height":713,"url":"https:\/\/vitablanca.ma\/wp-content\/uploads\/2025\/05\/Disenosintitulo-2024-12-18T163924.633_1.jpg","type":"image\/jpeg"}],"twitter_card":"summary_large_image","twitter_misc":{"Est. reading time":"1 minute"},"schema":{"@context":"https:\/\/schema.org","@graph":[{"@type":["WebPage","ItemPage"],"@id":"https:\/\/vitablanca.ma\/produit\/coffret-jean-paul-gaultier-scandal-absolu-parfum-for-him\/","url":"https:\/\/vitablanca.ma\/produit\/coffret-jean-paul-gaultier-scandal-absolu-parfum-for-him\/","name":"Jean Paul Gaultier Scandal Absolu Parfum Box Set - Morocco Price","isPartOf":{"@id":"https:\/\/vitablanca.ma\/#website"},"primaryImageOfPage":{"@id":"https:\/\/vitablanca.ma\/produit\/coffret-jean-paul-gaultier-scandal-absolu-parfum-for-him\/#primaryimage"},"image":{"@id":"https:\/\/vitablanca.ma\/produit\/coffret-jean-paul-gaultier-scandal-absolu-parfum-for-him\/#primaryimage"},"thumbnailUrl":"https:\/\/vitablanca.ma\/wp-content\/uploads\/2025\/05\/Disenosintitulo-2024-12-18T163924.633_1.jpg","datePublished":"2025-05-28T22:50:07+00:00","dateModified":"2025-07-06T12:18:41+00:00","description":"Discover the Jean Paul Gaultier Scandal Absolu Parfum - For Him Gift Set. A bold and intense masculine fragrance, ideal for an unforgettable presence.","breadcrumb":{"@id":"https:\/\/vitablanca.ma\/produit\/coffret-jean-paul-gaultier-scandal-absolu-parfum-for-him\/#breadcrumb"},"inLanguage":"en-US","potentialAction":[{"@type":"ReadAction","target":["https:\/\/vitablanca.ma\/produit\/coffret-jean-paul-gaultier-scandal-absolu-parfum-for-him\/"]}]},{"@type":"ImageObject","inLanguage":"en-US","@id":"https:\/\/vitablanca.ma\/produit\/coffret-jean-paul-gaultier-scandal-absolu-parfum-for-him\/#primaryimage","url":"https:\/\/vitablanca.ma\/wp-content\/uploads\/2025\/05\/Disenosintitulo-2024-12-18T163924.633_1.jpg","contentUrl":"https:\/\/vitablanca.ma\/wp-content\/uploads\/2025\/05\/Disenosintitulo-2024-12-18T163924.633_1.jpg","width":713,"height":713},{"@type":"BreadcrumbList","@id":"https:\/\/vitablanca.ma\/produit\/coffret-jean-paul-gaultier-scandal-absolu-parfum-for-him\/#breadcrumb","itemListElement":[{"@type":"ListItem","position":1,"name":"Home","item":"https:\/\/vitablanca.ma\/"},{"@type":"ListItem","position":2,"name":"Tous Les Produits","item":"https:\/\/vitablanca.ma\/tous-les-produits\/"},{"@type":"ListItem","position":3,"name":"Coffret Jean Paul Gaultier Scandal Absolu Parfum &#8211; For Him"}]},{"@type":"WebSite","@id":"https:\/\/vitablanca.ma\/#website","url":"https:\/\/vitablanca.ma\/","name":"VitaBlanca.ma | Food supplements, health &amp; beauty in Morocco","description":"sell premium vitamins and supplements from USA &amp; Canada, New Zealand, Morocco (NOW Foods, Solgar, Manuka). Fast delivery anywhere in Morocco.","publisher":{"@id":"https:\/\/vitablanca.ma\/#organization"},"alternateName":"VitaBlanca.ma","potentialAction":[{"@type":"SearchAction","target":{"@type":"EntryPoint","urlTemplate":"https:\/\/vitablanca.ma\/?s={search_term_string}"},"query-input":{"@type":"PropertyValueSpecification","valueRequired":true,"valueName":"search_term_string"}}],"inLanguage":"en-US"},{"@type":"Organization","@id":"https:\/\/vitablanca.ma\/#organization","name":"VitaBlanca","url":"https:\/\/vitablanca.ma\/","logo":{"@type":"ImageObject","inLanguage":"en-US","@id":"https:\/\/vitablanca.ma\/#\/schema\/logo\/image\/","url":"https:\/\/vitablanca.ma\/wp-content\/uploads\/2025\/05\/cropped-vitablanca.png","contentUrl":"https:\/\/vitablanca.ma\/wp-content\/uploads\/2025\/05\/cropped-vitablanca.png","width":360,"height":67,"caption":"VitaBlanca"},"image":{"@id":"https:\/\/vitablanca.ma\/#\/schema\/logo\/image\/"},"sameAs":["https:\/\/www.facebook.com\/profile.php?id=61576678196717","https:\/\/www.tiktok.com\/@vitablanca.ma","https:\/\/www.instagram.com\/vitablanca.ma\/"]}]}},"jetpack_sharing_enabled":true,"_links":{"self":[{"href":"https:\/\/vitablanca.ma\/en\/wp-json\/wp\/v2\/product\/13520","targetHints":{"allow":["GET"]}}],"collection":[{"href":"https:\/\/vitablanca.ma\/en\/wp-json\/wp\/v2\/product"}],"about":[{"href":"https:\/\/vitablanca.ma\/en\/wp-json\/wp\/v2\/types\/product"}],"wp:featuredmedia":[{"embeddable":true,"href":"https:\/\/vitablanca.ma\/en\/wp-json\/wp\/v2\/media\/13512"}],"wp:attachment":[{"href":"https:\/\/vitablanca.ma\/en\/wp-json\/wp\/v2\/media?parent=13520"}],"wp:term":[{"taxonomy":"product_brand","embeddable":true,"href":"https:\/\/vitablanca.ma\/en\/wp-json\/wp\/v2\/product_brand?post=13520"},{"taxonomy":"product_cat","embeddable":true,"href":"https:\/\/vitablanca.ma\/en\/wp-json\/wp\/v2\/product_cat?post=13520"},{"taxonomy":"product_tag","embeddable":true,"href":"https:\/\/vitablanca.ma\/en\/wp-json\/wp\/v2\/product_tag?post=13520"}],"curies":[{"name":"wp","href":"https:\/\/api.w.org\/{rel}","templated":true}]}}