{"id":13486,"date":"2025-05-28T22:49:21","date_gmt":"2025-05-28T22:49:21","guid":{"rendered":"https:\/\/vitablanca.ma\/product\/ibraheem-al-qurashi-raspberry-musk\/"},"modified":"2026-03-15T23:14:42","modified_gmt":"2026-03-15T23:14:42","slug":"ibraheem-al-qurashi-raspberry-musk","status":"publish","type":"product","link":"https:\/\/vitablanca.ma\/en\/product\/ibraheem-al-qurashi-raspberry-musk\/","title":{"rendered":"IBRAHEEM AL QURASHI Raspberry Musk"},"content":{"rendered":"<p>Faites une sortie hors du commun et faites-vous remarquer avec le merveilleux m\u00e9lange de canneberge rouge et framboise rafra\u00eechissante de IBRAHEEM AL QURASHI Raspberry Musk. Une composition puissante et rafra\u00eechissante de fleurs de vanille et d\u2019iris ajout\u00e9e \u00e0 des notes musqu\u00e9es et fruit\u00e9es cr\u00e9era un souvenir inoubliable \u00e0 chaque instant.<\/p>","protected":false},"excerpt":{"rendered":"<p>Faites une sortie hors du commun et faites-vous remarquer avec le merveilleux m\u00e9lange de canneberge rouge et framboise rafra\u00eechissante de IBRAHEEM AL QURASHI Raspberry Musk. Une composition puissante et rafra\u00eechissante de fleurs de vanille et d\u2019iris ajout\u00e9e \u00e0 des notes musqu\u00e9es et fruit\u00e9es cr\u00e9era un souvenir inoubliable \u00e0 chaque instant.<\/p>","protected":false},"featured_media":13483,"template":"","meta":{"om_disable_all_campaigns":false},"product_brand":[3168],"product_cat":[18,1091],"product_tag":[3174,3177,3175,3176,3179,3178,3169,3173,3170,3171,3172],"class_list":{"0":"post-13486","1":"product","2":"type-product","3":"status-publish","4":"has-post-thumbnail","6":"product_brand-ibrahim-al-qurashi-prix-maroc","7":"product_cat-beaute-sante","8":"product_cat-beaute-parfums-maroc-prix","9":"product_tag-ibraheem-al-qurashi","10":"product_tag-ibraheem-al-qurashi-authentique","11":"product_tag-ibraheem-al-qurashi-maroc","12":"product_tag-ibraheem-al-qurashi-morocco","13":"product_tag-ibraheem-al-qurashi-parfum","14":"product_tag-ibraheem-al-qurashi-parfums","15":"product_tag-ibrahim-al-qurashi","16":"product_tag-ibrahim-al-qurashi-casa","17":"product_tag-ibrahim-al-qurashi-maroc","18":"product_tag-ibrahim-al-qurashi-morocco","19":"product_tag-ibrahim-al-qurashi-rabat","21":"first","22":"outofstock","23":"taxable","24":"shipping-taxable","25":"purchasable","26":"product-type-simple"},"yoast_head":"<!-- This site is optimized with the Yoast SEO plugin v27.5 - https:\/\/yoast.com\/product\/yoast-seo-wordpress\/ -->\n<title>IBRAHEEM AL QURASHI Raspberry Musk - Maroc Prix<\/title>\n<meta name=\"description\" content=\"IBRAHEEM AL QURASHI Raspberry Musk au Maroc. Cet EDP unisexe de 75ml marie la framboise juteuse \u00e0 l&#039;iris d\u00e9licat et au musc pur, offrant un sillage vibrant\" \/>\n<meta name=\"robots\" content=\"index, follow, max-snippet:-1, max-image-preview:large, max-video-preview:-1\" \/>\n<link rel=\"canonical\" href=\"https:\/\/vitablanca.ma\/en\/product\/ibraheem-al-qurashi-raspberry-musk\/\" \/>\n<meta property=\"og:locale\" content=\"en_US\" \/>\n<meta property=\"og:type\" content=\"article\" \/>\n<meta property=\"og:title\" content=\"IBRAHEEM AL QURASHI Raspberry Musk - Maroc Prix\" \/>\n<meta property=\"og:description\" content=\"IBRAHEEM AL QURASHI Raspberry Musk au Maroc. Cet EDP unisexe de 75ml marie la framboise juteuse \u00e0 l&#039;iris d\u00e9licat et au musc pur, offrant un sillage vibrant\" \/>\n<meta property=\"og:url\" content=\"https:\/\/vitablanca.ma\/en\/product\/ibraheem-al-qurashi-raspberry-musk\/\" \/>\n<meta property=\"og:site_name\" content=\"Vitablanca.ma &ndash; Sant&eacute;, vitalit&eacute; et bien-&ecirc;tre pour tous les Marocains\" \/>\n<meta property=\"article:publisher\" content=\"https:\/\/www.facebook.com\/profile.php?id=61576678196717\" \/>\n<meta property=\"article:modified_time\" content=\"2026-03-15T23:14:42+00:00\" \/>\n<meta property=\"og:image\" content=\"https:\/\/vitablanca.ma\/wp-content\/uploads\/2025\/05\/red-3-1000x1000-1.jpg\" \/>\n\t<meta property=\"og:image:width\" content=\"1000\" \/>\n\t<meta property=\"og:image:height\" content=\"1000\" \/>\n\t<meta property=\"og:image:type\" content=\"image\/jpeg\" \/>\n<meta name=\"twitter:card\" content=\"summary_large_image\" \/>\n<meta name=\"twitter:label1\" content=\"Est. reading time\" \/>\n\t<meta name=\"twitter:data1\" content=\"1 minute\" \/>\n<script type=\"application\/ld+json\" class=\"yoast-schema-graph\">{\"@context\":\"https:\\\/\\\/schema.org\",\"@graph\":[{\"@type\":[\"WebPage\",\"ItemPage\"],\"@id\":\"https:\\\/\\\/vitablanca.ma\\\/produit\\\/ibraheem-al-qurashi-raspberry-musk\\\/\",\"url\":\"https:\\\/\\\/vitablanca.ma\\\/produit\\\/ibraheem-al-qurashi-raspberry-musk\\\/\",\"name\":\"IBRAHEEM AL QURASHI Raspberry Musk - Maroc Prix\",\"isPartOf\":{\"@id\":\"https:\\\/\\\/vitablanca.ma\\\/#website\"},\"primaryImageOfPage\":{\"@id\":\"https:\\\/\\\/vitablanca.ma\\\/produit\\\/ibraheem-al-qurashi-raspberry-musk\\\/#primaryimage\"},\"image\":{\"@id\":\"https:\\\/\\\/vitablanca.ma\\\/produit\\\/ibraheem-al-qurashi-raspberry-musk\\\/#primaryimage\"},\"thumbnailUrl\":\"https:\\\/\\\/vitablanca.ma\\\/wp-content\\\/uploads\\\/2025\\\/05\\\/red-3-1000x1000-1.jpg\",\"datePublished\":\"2025-05-28T22:49:21+00:00\",\"dateModified\":\"2026-03-15T23:14:42+00:00\",\"description\":\"IBRAHEEM AL QURASHI Raspberry Musk au Maroc. Cet EDP unisexe de 75ml marie la framboise juteuse \u00e0 l'iris d\u00e9licat et au musc pur, offrant un sillage vibrant\",\"breadcrumb\":{\"@id\":\"https:\\\/\\\/vitablanca.ma\\\/produit\\\/ibraheem-al-qurashi-raspberry-musk\\\/#breadcrumb\"},\"inLanguage\":\"en-US\",\"potentialAction\":[{\"@type\":\"ReadAction\",\"target\":[\"https:\\\/\\\/vitablanca.ma\\\/produit\\\/ibraheem-al-qurashi-raspberry-musk\\\/\"]}]},{\"@type\":\"ImageObject\",\"inLanguage\":\"en-US\",\"@id\":\"https:\\\/\\\/vitablanca.ma\\\/produit\\\/ibraheem-al-qurashi-raspberry-musk\\\/#primaryimage\",\"url\":\"https:\\\/\\\/vitablanca.ma\\\/wp-content\\\/uploads\\\/2025\\\/05\\\/red-3-1000x1000-1.jpg\",\"contentUrl\":\"https:\\\/\\\/vitablanca.ma\\\/wp-content\\\/uploads\\\/2025\\\/05\\\/red-3-1000x1000-1.jpg\",\"width\":1000,\"height\":1000},{\"@type\":\"BreadcrumbList\",\"@id\":\"https:\\\/\\\/vitablanca.ma\\\/produit\\\/ibraheem-al-qurashi-raspberry-musk\\\/#breadcrumb\",\"itemListElement\":[{\"@type\":\"ListItem\",\"position\":1,\"name\":\"Home\",\"item\":\"https:\\\/\\\/vitablanca.ma\\\/\"},{\"@type\":\"ListItem\",\"position\":2,\"name\":\"Tous Les Produits\",\"item\":\"https:\\\/\\\/vitablanca.ma\\\/tous-les-produits\\\/\"},{\"@type\":\"ListItem\",\"position\":3,\"name\":\"IBRAHEEM AL QURASHI Raspberry Musk\"}]},{\"@type\":\"WebSite\",\"@id\":\"https:\\\/\\\/vitablanca.ma\\\/#website\",\"url\":\"https:\\\/\\\/vitablanca.ma\\\/\",\"name\":\"VitaBlanca.ma | Compl\u00e9ments alimentaires, sant\u00e9 & beaut\u00e9 au Maroc\",\"description\":\"vendre vitamines et compl\u00e9ments premium des USA &amp; Canada, Nouvelle Z\u00e9lande,Maroc (NOW Foods, Solgar, Manuka). Livraison rapide partout au Maroc.\",\"publisher\":{\"@id\":\"https:\\\/\\\/vitablanca.ma\\\/#organization\"},\"alternateName\":\"VitaBlanca.ma\",\"potentialAction\":[{\"@type\":\"SearchAction\",\"target\":{\"@type\":\"EntryPoint\",\"urlTemplate\":\"https:\\\/\\\/vitablanca.ma\\\/?s={search_term_string}\"},\"query-input\":{\"@type\":\"PropertyValueSpecification\",\"valueRequired\":true,\"valueName\":\"search_term_string\"}}],\"inLanguage\":\"en-US\"},{\"@type\":\"Organization\",\"@id\":\"https:\\\/\\\/vitablanca.ma\\\/#organization\",\"name\":\"VitaBlanca\",\"url\":\"https:\\\/\\\/vitablanca.ma\\\/\",\"logo\":{\"@type\":\"ImageObject\",\"inLanguage\":\"en-US\",\"@id\":\"https:\\\/\\\/vitablanca.ma\\\/#\\\/schema\\\/logo\\\/image\\\/\",\"url\":\"https:\\\/\\\/vitablanca.ma\\\/wp-content\\\/uploads\\\/2025\\\/05\\\/cropped-vitablanca.png\",\"contentUrl\":\"https:\\\/\\\/vitablanca.ma\\\/wp-content\\\/uploads\\\/2025\\\/05\\\/cropped-vitablanca.png\",\"width\":360,\"height\":67,\"caption\":\"VitaBlanca\"},\"image\":{\"@id\":\"https:\\\/\\\/vitablanca.ma\\\/#\\\/schema\\\/logo\\\/image\\\/\"},\"sameAs\":[\"https:\\\/\\\/www.facebook.com\\\/profile.php?id=61576678196717\",\"https:\\\/\\\/www.tiktok.com\\\/@vitablanca.ma\",\"https:\\\/\\\/www.instagram.com\\\/vitablanca.ma\\\/\"]}]}<\/script>\n<!-- \/ Yoast SEO plugin. -->","yoast_head_json":{"title":"IBRAHEEM AL QURASHI Raspberry Musk - Morocco Price","description":"IBRAHEEM AL QURASHI Raspberry Musk in Morocco. This 75ml unisex EDP combines juicy raspberry with delicate iris and pure musk, delivering a vibrant trail","robots":{"index":"index","follow":"follow","max-snippet":"max-snippet:-1","max-image-preview":"max-image-preview:large","max-video-preview":"max-video-preview:-1"},"canonical":"https:\/\/vitablanca.ma\/en\/product\/ibraheem-al-qurashi-raspberry-musk\/","og_locale":"en_US","og_type":"article","og_title":"IBRAHEEM AL QURASHI Raspberry Musk - Maroc Prix","og_description":"IBRAHEEM AL QURASHI Raspberry Musk au Maroc. Cet EDP unisexe de 75ml marie la framboise juteuse \u00e0 l'iris d\u00e9licat et au musc pur, offrant un sillage vibrant","og_url":"https:\/\/vitablanca.ma\/en\/product\/ibraheem-al-qurashi-raspberry-musk\/","og_site_name":"Vitablanca.ma &ndash; Sant&eacute;, vitalit&eacute; et bien-&ecirc;tre pour tous les Marocains","article_publisher":"https:\/\/www.facebook.com\/profile.php?id=61576678196717","article_modified_time":"2026-03-15T23:14:42+00:00","og_image":[{"width":1000,"height":1000,"url":"https:\/\/vitablanca.ma\/wp-content\/uploads\/2025\/05\/red-3-1000x1000-1.jpg","type":"image\/jpeg"}],"twitter_card":"summary_large_image","twitter_misc":{"Est. reading time":"1 minute"},"schema":{"@context":"https:\/\/schema.org","@graph":[{"@type":["WebPage","ItemPage"],"@id":"https:\/\/vitablanca.ma\/produit\/ibraheem-al-qurashi-raspberry-musk\/","url":"https:\/\/vitablanca.ma\/produit\/ibraheem-al-qurashi-raspberry-musk\/","name":"IBRAHEEM AL QURASHI Raspberry Musk - Morocco Price","isPartOf":{"@id":"https:\/\/vitablanca.ma\/#website"},"primaryImageOfPage":{"@id":"https:\/\/vitablanca.ma\/produit\/ibraheem-al-qurashi-raspberry-musk\/#primaryimage"},"image":{"@id":"https:\/\/vitablanca.ma\/produit\/ibraheem-al-qurashi-raspberry-musk\/#primaryimage"},"thumbnailUrl":"https:\/\/vitablanca.ma\/wp-content\/uploads\/2025\/05\/red-3-1000x1000-1.jpg","datePublished":"2025-05-28T22:49:21+00:00","dateModified":"2026-03-15T23:14:42+00:00","description":"IBRAHEEM AL QURASHI Raspberry Musk in Morocco. This 75ml unisex EDP combines juicy raspberry with delicate iris and pure musk, delivering a vibrant trail","breadcrumb":{"@id":"https:\/\/vitablanca.ma\/produit\/ibraheem-al-qurashi-raspberry-musk\/#breadcrumb"},"inLanguage":"en-US","potentialAction":[{"@type":"ReadAction","target":["https:\/\/vitablanca.ma\/produit\/ibraheem-al-qurashi-raspberry-musk\/"]}]},{"@type":"ImageObject","inLanguage":"en-US","@id":"https:\/\/vitablanca.ma\/produit\/ibraheem-al-qurashi-raspberry-musk\/#primaryimage","url":"https:\/\/vitablanca.ma\/wp-content\/uploads\/2025\/05\/red-3-1000x1000-1.jpg","contentUrl":"https:\/\/vitablanca.ma\/wp-content\/uploads\/2025\/05\/red-3-1000x1000-1.jpg","width":1000,"height":1000},{"@type":"BreadcrumbList","@id":"https:\/\/vitablanca.ma\/produit\/ibraheem-al-qurashi-raspberry-musk\/#breadcrumb","itemListElement":[{"@type":"ListItem","position":1,"name":"Home","item":"https:\/\/vitablanca.ma\/"},{"@type":"ListItem","position":2,"name":"Tous Les Produits","item":"https:\/\/vitablanca.ma\/tous-les-produits\/"},{"@type":"ListItem","position":3,"name":"IBRAHEEM AL QURASHI Raspberry Musk"}]},{"@type":"WebSite","@id":"https:\/\/vitablanca.ma\/#website","url":"https:\/\/vitablanca.ma\/","name":"VitaBlanca.ma | Food supplements, health &amp; beauty in Morocco","description":"sell premium vitamins and supplements from USA &amp; Canada, New Zealand, Morocco (NOW Foods, Solgar, Manuka). Fast delivery anywhere in Morocco.","publisher":{"@id":"https:\/\/vitablanca.ma\/#organization"},"alternateName":"VitaBlanca.ma","potentialAction":[{"@type":"SearchAction","target":{"@type":"EntryPoint","urlTemplate":"https:\/\/vitablanca.ma\/?s={search_term_string}"},"query-input":{"@type":"PropertyValueSpecification","valueRequired":true,"valueName":"search_term_string"}}],"inLanguage":"en-US"},{"@type":"Organization","@id":"https:\/\/vitablanca.ma\/#organization","name":"VitaBlanca","url":"https:\/\/vitablanca.ma\/","logo":{"@type":"ImageObject","inLanguage":"en-US","@id":"https:\/\/vitablanca.ma\/#\/schema\/logo\/image\/","url":"https:\/\/vitablanca.ma\/wp-content\/uploads\/2025\/05\/cropped-vitablanca.png","contentUrl":"https:\/\/vitablanca.ma\/wp-content\/uploads\/2025\/05\/cropped-vitablanca.png","width":360,"height":67,"caption":"VitaBlanca"},"image":{"@id":"https:\/\/vitablanca.ma\/#\/schema\/logo\/image\/"},"sameAs":["https:\/\/www.facebook.com\/profile.php?id=61576678196717","https:\/\/www.tiktok.com\/@vitablanca.ma","https:\/\/www.instagram.com\/vitablanca.ma\/"]}]}},"jetpack_sharing_enabled":true,"_links":{"self":[{"href":"https:\/\/vitablanca.ma\/en\/wp-json\/wp\/v2\/product\/13486","targetHints":{"allow":["GET"]}}],"collection":[{"href":"https:\/\/vitablanca.ma\/en\/wp-json\/wp\/v2\/product"}],"about":[{"href":"https:\/\/vitablanca.ma\/en\/wp-json\/wp\/v2\/types\/product"}],"wp:featuredmedia":[{"embeddable":true,"href":"https:\/\/vitablanca.ma\/en\/wp-json\/wp\/v2\/media\/13483"}],"wp:attachment":[{"href":"https:\/\/vitablanca.ma\/en\/wp-json\/wp\/v2\/media?parent=13486"}],"wp:term":[{"taxonomy":"product_brand","embeddable":true,"href":"https:\/\/vitablanca.ma\/en\/wp-json\/wp\/v2\/product_brand?post=13486"},{"taxonomy":"product_cat","embeddable":true,"href":"https:\/\/vitablanca.ma\/en\/wp-json\/wp\/v2\/product_cat?post=13486"},{"taxonomy":"product_tag","embeddable":true,"href":"https:\/\/vitablanca.ma\/en\/wp-json\/wp\/v2\/product_tag?post=13486"}],"curies":[{"name":"wp","href":"https:\/\/api.w.org\/{rel}","templated":true}]}}