{"id":13042,"date":"2025-05-28T22:38:32","date_gmt":"2025-05-28T22:38:32","guid":{"rendered":"https:\/\/vitablanca.ma\/product\/victorias-secret-pink-coconut-conditioner-body\/"},"modified":"2026-04-03T11:02:10","modified_gmt":"2026-04-03T11:02:10","slug":"victorias-secret-pink-coconut-conditioner-body","status":"publish","type":"product","link":"https:\/\/vitablanca.ma\/en\/product\/victorias-secret-pink-coconut-conditioner-body\/","title":{"rendered":"Victoria&#039;s Secret PINK COCONUT Conditioner Body"},"content":{"rendered":"<p><span><br \/>D\u00e9couvrez notre nouveau produit Victoria\u2019s Secret PINK COCONUT Conditioner Body. Ce revitalisant pour le corps nourrit en profondeur et hydrate votre peau gr\u00e2ce \u00e0 sa formule \u00e0 base de noix de coco. Profitez d\u2019une peau douce et radieuse gr\u00e2ce \u00e0 ce produit de qualit\u00e9 professionnelle.<\/span><\/p>","protected":false},"excerpt":{"rendered":"<p>D\u00e9couvrez notre nouveau produit Victoria\u2019s Secret PINK COCONUT Conditioner Body. Ce revitalisant pour le corps nourrit en profondeur et hydrate votre peau gr\u00e2ce \u00e0 sa formule \u00e0 base de noix de coco. Profitez d\u2019une peau douce et radieuse gr\u00e2ce \u00e0 ce produit de qualit\u00e9 professionnelle.<\/p>","protected":false},"featured_media":13041,"template":"","meta":{"om_disable_all_campaigns":false},"product_brand":[],"product_cat":[15],"product_tag":[],"class_list":{"0":"post-13042","1":"product","2":"type-product","3":"status-publish","4":"has-post-thumbnail","6":"product_cat-beaute-sante-complements-alimentaires-soins-et-bien-etre-au-meilleur-prix","8":"first","9":"outofstock","10":"taxable","11":"shipping-taxable","12":"purchasable","13":"product-type-simple"},"yoast_head":"<!-- This site is optimized with the Yoast SEO plugin v27.5 - https:\/\/yoast.com\/product\/yoast-seo-wordpress\/ -->\n<title>Victoria\u2019s Secret PINK COCONUT Conditioner Body - Maroc Prix<\/title>\n<meta name=\"description\" content=\"Victoria\u2019s Secret PINK COCONUT Conditioner Body\" \/>\n<meta name=\"robots\" content=\"index, follow, max-snippet:-1, max-image-preview:large, max-video-preview:-1\" \/>\n<link rel=\"canonical\" href=\"https:\/\/vitablanca.ma\/en\/product\/victorias-secret-pink-coconut-conditioner-body\/\" \/>\n<meta property=\"og:locale\" content=\"en_US\" \/>\n<meta property=\"og:type\" content=\"article\" \/>\n<meta property=\"og:title\" content=\"Victoria\u2019s Secret PINK COCONUT Conditioner Body - Maroc Prix\" \/>\n<meta property=\"og:description\" content=\"Victoria\u2019s Secret PINK COCONUT Conditioner Body\" \/>\n<meta property=\"og:url\" content=\"https:\/\/vitablanca.ma\/en\/product\/victorias-secret-pink-coconut-conditioner-body\/\" \/>\n<meta property=\"og:site_name\" content=\"Vitablanca.ma &ndash; Sant&eacute;, vitalit&eacute; et bien-&ecirc;tre pour tous les Marocains\" \/>\n<meta property=\"article:publisher\" content=\"https:\/\/www.facebook.com\/profile.php?id=61576678196717\" \/>\n<meta property=\"article:modified_time\" content=\"2026-04-03T11:02:10+00:00\" \/>\n<meta property=\"og:image\" content=\"https:\/\/vitablanca.ma\/wp-content\/uploads\/2025\/05\/FullSizeRender_4c87c0ad-c67b-4fe7-a9d2-6e09ca433a50.jpg\" \/>\n\t<meta property=\"og:image:width\" content=\"361\" \/>\n\t<meta property=\"og:image:height\" content=\"469\" \/>\n\t<meta property=\"og:image:type\" content=\"image\/jpeg\" \/>\n<meta name=\"twitter:card\" content=\"summary_large_image\" \/>\n<script type=\"application\/ld+json\" class=\"yoast-schema-graph\">{\"@context\":\"https:\\\/\\\/schema.org\",\"@graph\":[{\"@type\":[\"WebPage\",\"ItemPage\"],\"@id\":\"https:\\\/\\\/vitablanca.ma\\\/produit\\\/victorias-secret-pink-coconut-conditioner-body\\\/\",\"url\":\"https:\\\/\\\/vitablanca.ma\\\/produit\\\/victorias-secret-pink-coconut-conditioner-body\\\/\",\"name\":\"Victoria\u2019s Secret PINK COCONUT Conditioner Body - Maroc Prix\",\"isPartOf\":{\"@id\":\"https:\\\/\\\/vitablanca.ma\\\/#website\"},\"primaryImageOfPage\":{\"@id\":\"https:\\\/\\\/vitablanca.ma\\\/produit\\\/victorias-secret-pink-coconut-conditioner-body\\\/#primaryimage\"},\"image\":{\"@id\":\"https:\\\/\\\/vitablanca.ma\\\/produit\\\/victorias-secret-pink-coconut-conditioner-body\\\/#primaryimage\"},\"thumbnailUrl\":\"https:\\\/\\\/vitablanca.ma\\\/wp-content\\\/uploads\\\/2025\\\/05\\\/FullSizeRender_4c87c0ad-c67b-4fe7-a9d2-6e09ca433a50.jpg\",\"datePublished\":\"2025-05-28T22:38:32+00:00\",\"dateModified\":\"2026-04-03T11:02:10+00:00\",\"description\":\"Victoria\u2019s Secret PINK COCONUT Conditioner Body\",\"breadcrumb\":{\"@id\":\"https:\\\/\\\/vitablanca.ma\\\/produit\\\/victorias-secret-pink-coconut-conditioner-body\\\/#breadcrumb\"},\"inLanguage\":\"en-US\",\"potentialAction\":[{\"@type\":\"ReadAction\",\"target\":[\"https:\\\/\\\/vitablanca.ma\\\/produit\\\/victorias-secret-pink-coconut-conditioner-body\\\/\"]}]},{\"@type\":\"ImageObject\",\"inLanguage\":\"en-US\",\"@id\":\"https:\\\/\\\/vitablanca.ma\\\/produit\\\/victorias-secret-pink-coconut-conditioner-body\\\/#primaryimage\",\"url\":\"https:\\\/\\\/vitablanca.ma\\\/wp-content\\\/uploads\\\/2025\\\/05\\\/FullSizeRender_4c87c0ad-c67b-4fe7-a9d2-6e09ca433a50.jpg\",\"contentUrl\":\"https:\\\/\\\/vitablanca.ma\\\/wp-content\\\/uploads\\\/2025\\\/05\\\/FullSizeRender_4c87c0ad-c67b-4fe7-a9d2-6e09ca433a50.jpg\",\"width\":361,\"height\":469},{\"@type\":\"BreadcrumbList\",\"@id\":\"https:\\\/\\\/vitablanca.ma\\\/produit\\\/victorias-secret-pink-coconut-conditioner-body\\\/#breadcrumb\",\"itemListElement\":[{\"@type\":\"ListItem\",\"position\":1,\"name\":\"Home\",\"item\":\"https:\\\/\\\/vitablanca.ma\\\/\"},{\"@type\":\"ListItem\",\"position\":2,\"name\":\"Tous Les Produits\",\"item\":\"https:\\\/\\\/vitablanca.ma\\\/tous-les-produits\\\/\"},{\"@type\":\"ListItem\",\"position\":3,\"name\":\"Victoria\u2019s Secret PINK COCONUT Conditioner Body\"}]},{\"@type\":\"WebSite\",\"@id\":\"https:\\\/\\\/vitablanca.ma\\\/#website\",\"url\":\"https:\\\/\\\/vitablanca.ma\\\/\",\"name\":\"VitaBlanca.ma | Compl\u00e9ments alimentaires, sant\u00e9 & beaut\u00e9 au Maroc\",\"description\":\"vendre vitamines et compl\u00e9ments premium des USA &amp; Canada, Nouvelle Z\u00e9lande,Maroc (NOW Foods, Solgar, Manuka). Livraison rapide partout au Maroc.\",\"publisher\":{\"@id\":\"https:\\\/\\\/vitablanca.ma\\\/#organization\"},\"alternateName\":\"VitaBlanca.ma\",\"potentialAction\":[{\"@type\":\"SearchAction\",\"target\":{\"@type\":\"EntryPoint\",\"urlTemplate\":\"https:\\\/\\\/vitablanca.ma\\\/?s={search_term_string}\"},\"query-input\":{\"@type\":\"PropertyValueSpecification\",\"valueRequired\":true,\"valueName\":\"search_term_string\"}}],\"inLanguage\":\"en-US\"},{\"@type\":\"Organization\",\"@id\":\"https:\\\/\\\/vitablanca.ma\\\/#organization\",\"name\":\"VitaBlanca\",\"url\":\"https:\\\/\\\/vitablanca.ma\\\/\",\"logo\":{\"@type\":\"ImageObject\",\"inLanguage\":\"en-US\",\"@id\":\"https:\\\/\\\/vitablanca.ma\\\/#\\\/schema\\\/logo\\\/image\\\/\",\"url\":\"https:\\\/\\\/vitablanca.ma\\\/wp-content\\\/uploads\\\/2025\\\/05\\\/cropped-vitablanca.png\",\"contentUrl\":\"https:\\\/\\\/vitablanca.ma\\\/wp-content\\\/uploads\\\/2025\\\/05\\\/cropped-vitablanca.png\",\"width\":360,\"height\":67,\"caption\":\"VitaBlanca\"},\"image\":{\"@id\":\"https:\\\/\\\/vitablanca.ma\\\/#\\\/schema\\\/logo\\\/image\\\/\"},\"sameAs\":[\"https:\\\/\\\/www.facebook.com\\\/profile.php?id=61576678196717\",\"https:\\\/\\\/www.tiktok.com\\\/@vitablanca.ma\",\"https:\\\/\\\/www.instagram.com\\\/vitablanca.ma\\\/\"]}]}<\/script>\n<!-- \/ Yoast SEO plugin. -->","yoast_head_json":{"title":"Victoria&#039;s Secret PINK COCONUT Conditioner Body - Morocco Price","description":"Victoria&#039;s Secret PINK COCONUT Conditioner Body","robots":{"index":"index","follow":"follow","max-snippet":"max-snippet:-1","max-image-preview":"max-image-preview:large","max-video-preview":"max-video-preview:-1"},"canonical":"https:\/\/vitablanca.ma\/en\/product\/victorias-secret-pink-coconut-conditioner-body\/","og_locale":"en_US","og_type":"article","og_title":"Victoria\u2019s Secret PINK COCONUT Conditioner Body - Maroc Prix","og_description":"Victoria\u2019s Secret PINK COCONUT Conditioner Body","og_url":"https:\/\/vitablanca.ma\/en\/product\/victorias-secret-pink-coconut-conditioner-body\/","og_site_name":"Vitablanca.ma &ndash; Sant&eacute;, vitalit&eacute; et bien-&ecirc;tre pour tous les Marocains","article_publisher":"https:\/\/www.facebook.com\/profile.php?id=61576678196717","article_modified_time":"2026-04-03T11:02:10+00:00","og_image":[{"width":361,"height":469,"url":"https:\/\/vitablanca.ma\/wp-content\/uploads\/2025\/05\/FullSizeRender_4c87c0ad-c67b-4fe7-a9d2-6e09ca433a50.jpg","type":"image\/jpeg"}],"twitter_card":"summary_large_image","schema":{"@context":"https:\/\/schema.org","@graph":[{"@type":["WebPage","ItemPage"],"@id":"https:\/\/vitablanca.ma\/produit\/victorias-secret-pink-coconut-conditioner-body\/","url":"https:\/\/vitablanca.ma\/produit\/victorias-secret-pink-coconut-conditioner-body\/","name":"Victoria&#039;s Secret PINK COCONUT Conditioner Body - Morocco Price","isPartOf":{"@id":"https:\/\/vitablanca.ma\/#website"},"primaryImageOfPage":{"@id":"https:\/\/vitablanca.ma\/produit\/victorias-secret-pink-coconut-conditioner-body\/#primaryimage"},"image":{"@id":"https:\/\/vitablanca.ma\/produit\/victorias-secret-pink-coconut-conditioner-body\/#primaryimage"},"thumbnailUrl":"https:\/\/vitablanca.ma\/wp-content\/uploads\/2025\/05\/FullSizeRender_4c87c0ad-c67b-4fe7-a9d2-6e09ca433a50.jpg","datePublished":"2025-05-28T22:38:32+00:00","dateModified":"2026-04-03T11:02:10+00:00","description":"Victoria&#039;s Secret PINK COCONUT Conditioner Body","breadcrumb":{"@id":"https:\/\/vitablanca.ma\/produit\/victorias-secret-pink-coconut-conditioner-body\/#breadcrumb"},"inLanguage":"en-US","potentialAction":[{"@type":"ReadAction","target":["https:\/\/vitablanca.ma\/produit\/victorias-secret-pink-coconut-conditioner-body\/"]}]},{"@type":"ImageObject","inLanguage":"en-US","@id":"https:\/\/vitablanca.ma\/produit\/victorias-secret-pink-coconut-conditioner-body\/#primaryimage","url":"https:\/\/vitablanca.ma\/wp-content\/uploads\/2025\/05\/FullSizeRender_4c87c0ad-c67b-4fe7-a9d2-6e09ca433a50.jpg","contentUrl":"https:\/\/vitablanca.ma\/wp-content\/uploads\/2025\/05\/FullSizeRender_4c87c0ad-c67b-4fe7-a9d2-6e09ca433a50.jpg","width":361,"height":469},{"@type":"BreadcrumbList","@id":"https:\/\/vitablanca.ma\/produit\/victorias-secret-pink-coconut-conditioner-body\/#breadcrumb","itemListElement":[{"@type":"ListItem","position":1,"name":"Home","item":"https:\/\/vitablanca.ma\/"},{"@type":"ListItem","position":2,"name":"Tous Les Produits","item":"https:\/\/vitablanca.ma\/tous-les-produits\/"},{"@type":"ListItem","position":3,"name":"Victoria\u2019s Secret PINK COCONUT Conditioner Body"}]},{"@type":"WebSite","@id":"https:\/\/vitablanca.ma\/#website","url":"https:\/\/vitablanca.ma\/","name":"VitaBlanca.ma | Food supplements, health &amp; beauty in Morocco","description":"sell premium vitamins and supplements from USA &amp; Canada, New Zealand, Morocco (NOW Foods, Solgar, Manuka). Fast delivery anywhere in Morocco.","publisher":{"@id":"https:\/\/vitablanca.ma\/#organization"},"alternateName":"VitaBlanca.ma","potentialAction":[{"@type":"SearchAction","target":{"@type":"EntryPoint","urlTemplate":"https:\/\/vitablanca.ma\/?s={search_term_string}"},"query-input":{"@type":"PropertyValueSpecification","valueRequired":true,"valueName":"search_term_string"}}],"inLanguage":"en-US"},{"@type":"Organization","@id":"https:\/\/vitablanca.ma\/#organization","name":"VitaBlanca","url":"https:\/\/vitablanca.ma\/","logo":{"@type":"ImageObject","inLanguage":"en-US","@id":"https:\/\/vitablanca.ma\/#\/schema\/logo\/image\/","url":"https:\/\/vitablanca.ma\/wp-content\/uploads\/2025\/05\/cropped-vitablanca.png","contentUrl":"https:\/\/vitablanca.ma\/wp-content\/uploads\/2025\/05\/cropped-vitablanca.png","width":360,"height":67,"caption":"VitaBlanca"},"image":{"@id":"https:\/\/vitablanca.ma\/#\/schema\/logo\/image\/"},"sameAs":["https:\/\/www.facebook.com\/profile.php?id=61576678196717","https:\/\/www.tiktok.com\/@vitablanca.ma","https:\/\/www.instagram.com\/vitablanca.ma\/"]}]}},"jetpack_sharing_enabled":true,"_links":{"self":[{"href":"https:\/\/vitablanca.ma\/en\/wp-json\/wp\/v2\/product\/13042","targetHints":{"allow":["GET"]}}],"collection":[{"href":"https:\/\/vitablanca.ma\/en\/wp-json\/wp\/v2\/product"}],"about":[{"href":"https:\/\/vitablanca.ma\/en\/wp-json\/wp\/v2\/types\/product"}],"wp:featuredmedia":[{"embeddable":true,"href":"https:\/\/vitablanca.ma\/en\/wp-json\/wp\/v2\/media\/13041"}],"wp:attachment":[{"href":"https:\/\/vitablanca.ma\/en\/wp-json\/wp\/v2\/media?parent=13042"}],"wp:term":[{"taxonomy":"product_brand","embeddable":true,"href":"https:\/\/vitablanca.ma\/en\/wp-json\/wp\/v2\/product_brand?post=13042"},{"taxonomy":"product_cat","embeddable":true,"href":"https:\/\/vitablanca.ma\/en\/wp-json\/wp\/v2\/product_cat?post=13042"},{"taxonomy":"product_tag","embeddable":true,"href":"https:\/\/vitablanca.ma\/en\/wp-json\/wp\/v2\/product_tag?post=13042"}],"curies":[{"name":"wp","href":"https:\/\/api.w.org\/{rel}","templated":true}]}}