{"id":13026,"date":"2025-05-28T22:37:50","date_gmt":"2025-05-28T22:37:50","guid":{"rendered":"https:\/\/vitablanca.ma\/product\/maui-moisture-conditioner-shea-butter-for-dry-damaged-hair\/"},"modified":"2026-03-19T12:59:55","modified_gmt":"2026-03-19T12:59:55","slug":"maui-moisture-conditioner-shea-butter-for-dry-damaged-hair","status":"publish","type":"product","link":"https:\/\/vitablanca.ma\/en\/product\/maui-moisture-conditioner-shea-butter-for-dry-damaged-hair\/","title":{"rendered":"Maui Moisture Conditioner Shea Butter for Dry Damaged Hair"},"content":{"rendered":"<p><span><br \/>This Maui Moisture Heal &amp; Hydrate + Shea Butter Conditioner deeply hydrates tightly coiled, curly hair. Enhance the shine and softness of your curls with this nourishing and hydrating shea butter. Keep your hair healthy and moisturized for a healthy, radiant look.<\/span><\/p>","protected":false},"excerpt":{"rendered":"<p>This Maui Moisture Heal &amp; Hydrate + Shea Butter Conditioner deeply hydrates tightly coiled, curly hair. Enhance the shine and softness of your curls with this nourishing and hydrating shea butter. Keep your hair healthy and moisturized for a healthy, radiant look.<\/p>","protected":false},"featured_media":13022,"template":"","meta":{"om_disable_all_campaigns":false},"product_brand":[],"product_cat":[15],"product_tag":[],"class_list":{"0":"post-13026","1":"product","2":"type-product","3":"status-publish","4":"has-post-thumbnail","6":"product_cat-beaute-sante-complements-alimentaires-soins-et-bien-etre-au-meilleur-prix","8":"first","9":"outofstock","10":"taxable","11":"shipping-taxable","12":"purchasable","13":"product-type-simple"},"yoast_head":"<!-- This site is optimized with the Yoast SEO plugin v27.4 - https:\/\/yoast.com\/product\/yoast-seo-wordpress\/ -->\n<title>Maui Moisture Conditioner Shea Butter Dry Damaged Hair - Maroc<\/title>\n<meta name=\"description\" content=\"D\u00e9couvrez le Maui Moisture Shea Butter Conditioner 385ml au Maroc. Cet apr\u00e8s-shampoing sans sulfate ni silicone, \u00e0 base d&#039;aloe vera et beurre de karit\u00e9,\" \/>\n<meta name=\"robots\" content=\"index, follow, max-snippet:-1, max-image-preview:large, max-video-preview:-1\" \/>\n<link rel=\"canonical\" href=\"https:\/\/vitablanca.ma\/en\/product\/maui-moisture-conditioner-shea-butter-for-dry-damaged-hair\/\" \/>\n<meta property=\"og:locale\" content=\"en_US\" \/>\n<meta property=\"og:type\" content=\"article\" \/>\n<meta property=\"og:title\" content=\"Maui Moisture Conditioner Shea Butter Dry Damaged Hair - Maroc\" \/>\n<meta property=\"og:description\" content=\"D\u00e9couvrez le Maui Moisture Shea Butter Conditioner 385ml au Maroc. Cet apr\u00e8s-shampoing sans sulfate ni silicone, \u00e0 base d&#039;aloe vera et beurre de karit\u00e9,\" \/>\n<meta property=\"og:url\" content=\"https:\/\/vitablanca.ma\/en\/product\/maui-moisture-conditioner-shea-butter-for-dry-damaged-hair\/\" \/>\n<meta property=\"og:site_name\" content=\"Vitablanca.ma &ndash; Sant&eacute;, vitalit&eacute; et bien-&ecirc;tre pour tous les Marocains\" \/>\n<meta property=\"article:publisher\" content=\"https:\/\/www.facebook.com\/profile.php?id=61576678196717\" \/>\n<meta property=\"article:modified_time\" content=\"2026-03-19T12:59:55+00:00\" \/>\n<meta property=\"og:image\" content=\"https:\/\/vitablanca.ma\/wp-content\/uploads\/2025\/05\/white-SHEACOND.jpg\" \/>\n\t<meta property=\"og:image:width\" content=\"1740\" \/>\n\t<meta property=\"og:image:height\" content=\"1740\" \/>\n\t<meta property=\"og:image:type\" content=\"image\/jpeg\" \/>\n<meta name=\"twitter:card\" content=\"summary_large_image\" \/>\n<meta name=\"twitter:label1\" content=\"Est. reading time\" \/>\n\t<meta name=\"twitter:data1\" content=\"1 minute\" \/>\n<script type=\"application\/ld+json\" class=\"yoast-schema-graph\">{\"@context\":\"https:\\\/\\\/schema.org\",\"@graph\":[{\"@type\":[\"WebPage\",\"ItemPage\"],\"@id\":\"https:\\\/\\\/vitablanca.ma\\\/produit\\\/maui-moisture-conditioner-shea-butter-for-dry-damaged-hair\\\/\",\"url\":\"https:\\\/\\\/vitablanca.ma\\\/produit\\\/maui-moisture-conditioner-shea-butter-for-dry-damaged-hair\\\/\",\"name\":\"Maui Moisture Conditioner Shea Butter Dry Damaged Hair - Maroc\",\"isPartOf\":{\"@id\":\"https:\\\/\\\/vitablanca.ma\\\/#website\"},\"primaryImageOfPage\":{\"@id\":\"https:\\\/\\\/vitablanca.ma\\\/produit\\\/maui-moisture-conditioner-shea-butter-for-dry-damaged-hair\\\/#primaryimage\"},\"image\":{\"@id\":\"https:\\\/\\\/vitablanca.ma\\\/produit\\\/maui-moisture-conditioner-shea-butter-for-dry-damaged-hair\\\/#primaryimage\"},\"thumbnailUrl\":\"https:\\\/\\\/vitablanca.ma\\\/wp-content\\\/uploads\\\/2025\\\/05\\\/white-SHEACOND.jpg\",\"datePublished\":\"2025-05-28T22:37:50+00:00\",\"dateModified\":\"2026-03-19T12:59:55+00:00\",\"description\":\"D\u00e9couvrez le Maui Moisture Shea Butter Conditioner 385ml au Maroc. Cet apr\u00e8s-shampoing sans sulfate ni silicone, \u00e0 base d'aloe vera et beurre de karit\u00e9,\",\"breadcrumb\":{\"@id\":\"https:\\\/\\\/vitablanca.ma\\\/produit\\\/maui-moisture-conditioner-shea-butter-for-dry-damaged-hair\\\/#breadcrumb\"},\"inLanguage\":\"en-US\",\"potentialAction\":[{\"@type\":\"ReadAction\",\"target\":[\"https:\\\/\\\/vitablanca.ma\\\/produit\\\/maui-moisture-conditioner-shea-butter-for-dry-damaged-hair\\\/\"]}]},{\"@type\":\"ImageObject\",\"inLanguage\":\"en-US\",\"@id\":\"https:\\\/\\\/vitablanca.ma\\\/produit\\\/maui-moisture-conditioner-shea-butter-for-dry-damaged-hair\\\/#primaryimage\",\"url\":\"https:\\\/\\\/vitablanca.ma\\\/wp-content\\\/uploads\\\/2025\\\/05\\\/white-SHEACOND.jpg\",\"contentUrl\":\"https:\\\/\\\/vitablanca.ma\\\/wp-content\\\/uploads\\\/2025\\\/05\\\/white-SHEACOND.jpg\",\"width\":1740,\"height\":1740},{\"@type\":\"BreadcrumbList\",\"@id\":\"https:\\\/\\\/vitablanca.ma\\\/produit\\\/maui-moisture-conditioner-shea-butter-for-dry-damaged-hair\\\/#breadcrumb\",\"itemListElement\":[{\"@type\":\"ListItem\",\"position\":1,\"name\":\"Home\",\"item\":\"https:\\\/\\\/vitablanca.ma\\\/\"},{\"@type\":\"ListItem\",\"position\":2,\"name\":\"Tous Les Produits\",\"item\":\"https:\\\/\\\/vitablanca.ma\\\/tous-les-produits\\\/\"},{\"@type\":\"ListItem\",\"position\":3,\"name\":\"Maui Moisture Conditioner Shea Butter for Dry Damaged Hair\"}]},{\"@type\":\"WebSite\",\"@id\":\"https:\\\/\\\/vitablanca.ma\\\/#website\",\"url\":\"https:\\\/\\\/vitablanca.ma\\\/\",\"name\":\"VitaBlanca.ma | Compl\u00e9ments alimentaires, sant\u00e9 & beaut\u00e9 au Maroc\",\"description\":\"vendre vitamines et compl\u00e9ments premium des USA &amp; Canada, Nouvelle Z\u00e9lande,Maroc (NOW Foods, Solgar, Manuka). Livraison rapide partout au Maroc.\",\"publisher\":{\"@id\":\"https:\\\/\\\/vitablanca.ma\\\/#organization\"},\"alternateName\":\"VitaBlanca.ma\",\"potentialAction\":[{\"@type\":\"SearchAction\",\"target\":{\"@type\":\"EntryPoint\",\"urlTemplate\":\"https:\\\/\\\/vitablanca.ma\\\/?s={search_term_string}\"},\"query-input\":{\"@type\":\"PropertyValueSpecification\",\"valueRequired\":true,\"valueName\":\"search_term_string\"}}],\"inLanguage\":\"en-US\"},{\"@type\":\"Organization\",\"@id\":\"https:\\\/\\\/vitablanca.ma\\\/#organization\",\"name\":\"VitaBlanca\",\"url\":\"https:\\\/\\\/vitablanca.ma\\\/\",\"logo\":{\"@type\":\"ImageObject\",\"inLanguage\":\"en-US\",\"@id\":\"https:\\\/\\\/vitablanca.ma\\\/#\\\/schema\\\/logo\\\/image\\\/\",\"url\":\"https:\\\/\\\/vitablanca.ma\\\/wp-content\\\/uploads\\\/2025\\\/05\\\/cropped-vitablanca.png\",\"contentUrl\":\"https:\\\/\\\/vitablanca.ma\\\/wp-content\\\/uploads\\\/2025\\\/05\\\/cropped-vitablanca.png\",\"width\":360,\"height\":67,\"caption\":\"VitaBlanca\"},\"image\":{\"@id\":\"https:\\\/\\\/vitablanca.ma\\\/#\\\/schema\\\/logo\\\/image\\\/\"},\"sameAs\":[\"https:\\\/\\\/www.facebook.com\\\/profile.php?id=61576678196717\",\"https:\\\/\\\/www.tiktok.com\\\/@vitablanca.ma\",\"https:\\\/\\\/www.instagram.com\\\/vitablanca.ma\\\/\"]}]}<\/script>\n<!-- \/ Yoast SEO plugin. -->","yoast_head_json":{"title":"Maui Moisture Conditioner Shea Butter Dry Damaged Hair - Morocco","description":"Discover Maui Moisture Shea Butter Conditioner 385ml in Morocco. This sulfate- and silicone-free conditioner, formulated with aloe vera and shea butter,","robots":{"index":"index","follow":"follow","max-snippet":"max-snippet:-1","max-image-preview":"max-image-preview:large","max-video-preview":"max-video-preview:-1"},"canonical":"https:\/\/vitablanca.ma\/en\/product\/maui-moisture-conditioner-shea-butter-for-dry-damaged-hair\/","og_locale":"en_US","og_type":"article","og_title":"Maui Moisture Conditioner Shea Butter Dry Damaged Hair - Maroc","og_description":"D\u00e9couvrez le Maui Moisture Shea Butter Conditioner 385ml au Maroc. Cet apr\u00e8s-shampoing sans sulfate ni silicone, \u00e0 base d'aloe vera et beurre de karit\u00e9,","og_url":"https:\/\/vitablanca.ma\/en\/product\/maui-moisture-conditioner-shea-butter-for-dry-damaged-hair\/","og_site_name":"Vitablanca.ma &ndash; Sant&eacute;, vitalit&eacute; et bien-&ecirc;tre pour tous les Marocains","article_publisher":"https:\/\/www.facebook.com\/profile.php?id=61576678196717","article_modified_time":"2026-03-19T12:59:55+00:00","og_image":[{"width":1740,"height":1740,"url":"https:\/\/vitablanca.ma\/wp-content\/uploads\/2025\/05\/white-SHEACOND.jpg","type":"image\/jpeg"}],"twitter_card":"summary_large_image","twitter_misc":{"Est. reading time":"1 minute"},"schema":{"@context":"https:\/\/schema.org","@graph":[{"@type":["WebPage","ItemPage"],"@id":"https:\/\/vitablanca.ma\/produit\/maui-moisture-conditioner-shea-butter-for-dry-damaged-hair\/","url":"https:\/\/vitablanca.ma\/produit\/maui-moisture-conditioner-shea-butter-for-dry-damaged-hair\/","name":"Maui Moisture Conditioner Shea Butter Dry Damaged Hair - Morocco","isPartOf":{"@id":"https:\/\/vitablanca.ma\/#website"},"primaryImageOfPage":{"@id":"https:\/\/vitablanca.ma\/produit\/maui-moisture-conditioner-shea-butter-for-dry-damaged-hair\/#primaryimage"},"image":{"@id":"https:\/\/vitablanca.ma\/produit\/maui-moisture-conditioner-shea-butter-for-dry-damaged-hair\/#primaryimage"},"thumbnailUrl":"https:\/\/vitablanca.ma\/wp-content\/uploads\/2025\/05\/white-SHEACOND.jpg","datePublished":"2025-05-28T22:37:50+00:00","dateModified":"2026-03-19T12:59:55+00:00","description":"Discover Maui Moisture Shea Butter Conditioner 385ml in Morocco. This sulfate- and silicone-free conditioner, formulated with aloe vera and shea butter,","breadcrumb":{"@id":"https:\/\/vitablanca.ma\/produit\/maui-moisture-conditioner-shea-butter-for-dry-damaged-hair\/#breadcrumb"},"inLanguage":"en-US","potentialAction":[{"@type":"ReadAction","target":["https:\/\/vitablanca.ma\/produit\/maui-moisture-conditioner-shea-butter-for-dry-damaged-hair\/"]}]},{"@type":"ImageObject","inLanguage":"en-US","@id":"https:\/\/vitablanca.ma\/produit\/maui-moisture-conditioner-shea-butter-for-dry-damaged-hair\/#primaryimage","url":"https:\/\/vitablanca.ma\/wp-content\/uploads\/2025\/05\/white-SHEACOND.jpg","contentUrl":"https:\/\/vitablanca.ma\/wp-content\/uploads\/2025\/05\/white-SHEACOND.jpg","width":1740,"height":1740},{"@type":"BreadcrumbList","@id":"https:\/\/vitablanca.ma\/produit\/maui-moisture-conditioner-shea-butter-for-dry-damaged-hair\/#breadcrumb","itemListElement":[{"@type":"ListItem","position":1,"name":"Home","item":"https:\/\/vitablanca.ma\/"},{"@type":"ListItem","position":2,"name":"Tous Les Produits","item":"https:\/\/vitablanca.ma\/tous-les-produits\/"},{"@type":"ListItem","position":3,"name":"Maui Moisture Conditioner Shea Butter for Dry Damaged Hair"}]},{"@type":"WebSite","@id":"https:\/\/vitablanca.ma\/#website","url":"https:\/\/vitablanca.ma\/","name":"VitaBlanca.ma | Food supplements, health &amp; beauty in Morocco","description":"sell premium vitamins and supplements from USA &amp; Canada, New Zealand, Morocco (NOW Foods, Solgar, Manuka). Fast delivery anywhere in Morocco.","publisher":{"@id":"https:\/\/vitablanca.ma\/#organization"},"alternateName":"VitaBlanca.ma","potentialAction":[{"@type":"SearchAction","target":{"@type":"EntryPoint","urlTemplate":"https:\/\/vitablanca.ma\/?s={search_term_string}"},"query-input":{"@type":"PropertyValueSpecification","valueRequired":true,"valueName":"search_term_string"}}],"inLanguage":"en-US"},{"@type":"Organization","@id":"https:\/\/vitablanca.ma\/#organization","name":"VitaBlanca","url":"https:\/\/vitablanca.ma\/","logo":{"@type":"ImageObject","inLanguage":"en-US","@id":"https:\/\/vitablanca.ma\/#\/schema\/logo\/image\/","url":"https:\/\/vitablanca.ma\/wp-content\/uploads\/2025\/05\/cropped-vitablanca.png","contentUrl":"https:\/\/vitablanca.ma\/wp-content\/uploads\/2025\/05\/cropped-vitablanca.png","width":360,"height":67,"caption":"VitaBlanca"},"image":{"@id":"https:\/\/vitablanca.ma\/#\/schema\/logo\/image\/"},"sameAs":["https:\/\/www.facebook.com\/profile.php?id=61576678196717","https:\/\/www.tiktok.com\/@vitablanca.ma","https:\/\/www.instagram.com\/vitablanca.ma\/"]}]}},"jetpack_sharing_enabled":true,"_links":{"self":[{"href":"https:\/\/vitablanca.ma\/en\/wp-json\/wp\/v2\/product\/13026","targetHints":{"allow":["GET"]}}],"collection":[{"href":"https:\/\/vitablanca.ma\/en\/wp-json\/wp\/v2\/product"}],"about":[{"href":"https:\/\/vitablanca.ma\/en\/wp-json\/wp\/v2\/types\/product"}],"wp:featuredmedia":[{"embeddable":true,"href":"https:\/\/vitablanca.ma\/en\/wp-json\/wp\/v2\/media\/13022"}],"wp:attachment":[{"href":"https:\/\/vitablanca.ma\/en\/wp-json\/wp\/v2\/media?parent=13026"}],"wp:term":[{"taxonomy":"product_brand","embeddable":true,"href":"https:\/\/vitablanca.ma\/en\/wp-json\/wp\/v2\/product_brand?post=13026"},{"taxonomy":"product_cat","embeddable":true,"href":"https:\/\/vitablanca.ma\/en\/wp-json\/wp\/v2\/product_cat?post=13026"},{"taxonomy":"product_tag","embeddable":true,"href":"https:\/\/vitablanca.ma\/en\/wp-json\/wp\/v2\/product_tag?post=13026"}],"curies":[{"name":"wp","href":"https:\/\/api.w.org\/{rel}","templated":true}]}}