{"id":13003,"date":"2025-05-28T22:36:29","date_gmt":"2025-05-28T22:36:29","guid":{"rendered":"https:\/\/vitablanca.ma\/product\/j-beverly-hills-blonde-conditioner\/"},"modified":"2025-05-28T22:36:29","modified_gmt":"2025-05-28T22:36:29","slug":"j-beverly-hills-blonde-conditioner","status":"publish","type":"product","link":"https:\/\/vitablanca.ma\/en\/product\/j-beverly-hills-blonde-conditioner\/","title":{"rendered":"J Beverly Hills BLONDE CONDITIONER"},"content":{"rendered":"<p><!-- Product: Blonde Conditioner --><\/p>\n<p>Maintain your natural glow. Formulated with pro-vitamin B-5, calendula, and hydrolyzed protein, Blonde Conditioner nourishes, soothes, and helps neutralize unwanted yellow tones.<\/p>\n<p>CARACT\u00c9RISTIQUES & AVANTAGES :<\/p>\n<ul>\n<li>Hydrate<\/li>\n<li>Neutralizes Yellow Tones<\/li>\n<li>Paraben-free<\/li>\n<\/ul>\n<p><strong>Instructions for use:<\/strong> After shampooing with Blonde Shampoo, apply a generous amount of Blonde Conditioner, starting at the ends and working your way up. Leave on for 3-5 minutes. Rinse and style with your favorite J Beverly Hills products.<\/p>\n<p>Size: 350 ml<\/p>\n<p>    <button id=\"myBtn\">See the Complete List of Ingredients<\/button><\/p>\n<div class=\"modal\" id=\"myModal\">\n<div class=\"modal-content\">\n            <span class=\"close\">\u00d7<\/span><\/p>\n<p>INGREDIENTS :<\/p>\n<p>                EAU, BEHENTRIMONIUM METHOSULFATE, ALCOOL C\u00c9T\u00c9ARYLIQUE, AMODIM\u00c9THICONE, CHLORURE DE C\u00c9TRIMONIUM, TRIDECETH-12, PROPANEDIOL, ST\u00c9ARAMIDOPROPYL DIM\u00c9THYLAMINE, PANTH\u00c9NOL, CL77007 BHT, PROT\u00c9INE DE BL\u00c9 HYDROLYS\u00c9E, AMIDON DE BL\u00c9 HYDROLYS\u00c9, EXTRAIT DE FLEUR DE GEN\u00caT (CYTISUS SCOPARIUS), EXTRAIT DE FLEUR DE CALENDULA OFFICINALIS, EXTRAIT DE FLEUR DE CAMOMILLE RECUTITA, EXTRAIT DE GRAINE DE PAMPLEMOUSSE, EXTRAIT D\u2019ALGUE MACROCYSTIS PYRIFERA, EXTRAIT D\u2019ARTEMISIA ABROTANUM, ACIDE CITRIQUE, PARFUM, VIOLET NO.2\n            <\/p>\n<\/p><\/div>\n<\/p><\/div>","protected":false},"excerpt":{"rendered":"<p>Gardez votre \u00e9clat naturel. Formul\u00e9 avec de la pro-vitamine B-5, du calendula et des prot\u00e9ines hydrolys\u00e9es, Blonde Conditioner nourrit, apaise et aide \u00e0 neutraliser les tons jaunes ind\u00e9sirables. CARACT\u00c9RISTIQUES &#038; AVANTAGES : Hydrate Neutralise les Tons Jaunes Sans Parab\u00e8nes Mode d\u2019emploi : Apr\u00e8s avoir lav\u00e9 avec Blonde Shampoo, appliquez une quantit\u00e9 g\u00e9n\u00e9reuse de Blonde Conditioner [&hellip;]<\/p>\n","protected":false},"featured_media":12999,"template":"","meta":{"om_disable_all_campaigns":false},"product_brand":[],"product_cat":[15],"product_tag":[],"class_list":{"0":"post-13003","1":"product","2":"type-product","3":"status-publish","4":"has-post-thumbnail","6":"product_cat-beaute-sante-complements-alimentaires-soins-et-bien-etre-au-meilleur-prix","8":"first","9":"instock","10":"taxable","11":"shipping-taxable","12":"purchasable","13":"product-type-simple"},"yoast_head":"<!-- This site is optimized with the Yoast SEO plugin v27.5 - https:\/\/yoast.com\/product\/yoast-seo-wordpress\/ -->\n<title>J Beverly Hills BLONDE CONDITIONER - Maroc Prix<\/title>\n<meta name=\"description\" content=\"J Beverly Hills BLONDE CONDITIONER\" \/>\n<meta name=\"robots\" content=\"index, follow, max-snippet:-1, max-image-preview:large, max-video-preview:-1\" \/>\n<link rel=\"canonical\" href=\"https:\/\/vitablanca.ma\/en\/product\/j-beverly-hills-blonde-conditioner\/\" \/>\n<meta property=\"og:locale\" content=\"en_US\" \/>\n<meta property=\"og:type\" content=\"article\" \/>\n<meta property=\"og:title\" content=\"J Beverly Hills BLONDE CONDITIONER - Maroc Prix\" \/>\n<meta property=\"og:description\" content=\"J Beverly Hills BLONDE CONDITIONER\" \/>\n<meta property=\"og:url\" content=\"https:\/\/vitablanca.ma\/en\/product\/j-beverly-hills-blonde-conditioner\/\" \/>\n<meta property=\"og:site_name\" content=\"Vitablanca.ma &ndash; Sant&eacute;, vitalit&eacute; et bien-&ecirc;tre pour tous les Marocains\" \/>\n<meta property=\"article:publisher\" content=\"https:\/\/www.facebook.com\/profile.php?id=61576678196717\" \/>\n<meta property=\"og:image\" content=\"https:\/\/vitablanca.ma\/wp-content\/uploads\/2025\/05\/blondeconditioner_12oz_bf9207d9-0f62-4c28-81ac-b5f1ebd10456.png\" \/>\n\t<meta property=\"og:image:width\" content=\"2048\" \/>\n\t<meta property=\"og:image:height\" content=\"2048\" \/>\n\t<meta property=\"og:image:type\" content=\"image\/png\" \/>\n<meta name=\"twitter:card\" content=\"summary_large_image\" \/>\n<meta name=\"twitter:label1\" content=\"Est. reading time\" \/>\n\t<meta name=\"twitter:data1\" content=\"1 minute\" \/>\n<script type=\"application\/ld+json\" class=\"yoast-schema-graph\">{\"@context\":\"https:\\\/\\\/schema.org\",\"@graph\":[{\"@type\":[\"WebPage\",\"ItemPage\"],\"@id\":\"https:\\\/\\\/vitablanca.ma\\\/produit\\\/j-beverly-hills-blonde-conditioner\\\/\",\"url\":\"https:\\\/\\\/vitablanca.ma\\\/produit\\\/j-beverly-hills-blonde-conditioner\\\/\",\"name\":\"J Beverly Hills BLONDE CONDITIONER - Maroc Prix\",\"isPartOf\":{\"@id\":\"https:\\\/\\\/vitablanca.ma\\\/#website\"},\"primaryImageOfPage\":{\"@id\":\"https:\\\/\\\/vitablanca.ma\\\/produit\\\/j-beverly-hills-blonde-conditioner\\\/#primaryimage\"},\"image\":{\"@id\":\"https:\\\/\\\/vitablanca.ma\\\/produit\\\/j-beverly-hills-blonde-conditioner\\\/#primaryimage\"},\"thumbnailUrl\":\"https:\\\/\\\/vitablanca.ma\\\/wp-content\\\/uploads\\\/2025\\\/05\\\/blondeconditioner_12oz_bf9207d9-0f62-4c28-81ac-b5f1ebd10456.png\",\"datePublished\":\"2025-05-28T22:36:29+00:00\",\"description\":\"J Beverly Hills BLONDE CONDITIONER\",\"breadcrumb\":{\"@id\":\"https:\\\/\\\/vitablanca.ma\\\/produit\\\/j-beverly-hills-blonde-conditioner\\\/#breadcrumb\"},\"inLanguage\":\"en-US\",\"potentialAction\":[{\"@type\":\"ReadAction\",\"target\":[\"https:\\\/\\\/vitablanca.ma\\\/produit\\\/j-beverly-hills-blonde-conditioner\\\/\"]}]},{\"@type\":\"ImageObject\",\"inLanguage\":\"en-US\",\"@id\":\"https:\\\/\\\/vitablanca.ma\\\/produit\\\/j-beverly-hills-blonde-conditioner\\\/#primaryimage\",\"url\":\"https:\\\/\\\/vitablanca.ma\\\/wp-content\\\/uploads\\\/2025\\\/05\\\/blondeconditioner_12oz_bf9207d9-0f62-4c28-81ac-b5f1ebd10456.png\",\"contentUrl\":\"https:\\\/\\\/vitablanca.ma\\\/wp-content\\\/uploads\\\/2025\\\/05\\\/blondeconditioner_12oz_bf9207d9-0f62-4c28-81ac-b5f1ebd10456.png\",\"width\":2048,\"height\":2048},{\"@type\":\"BreadcrumbList\",\"@id\":\"https:\\\/\\\/vitablanca.ma\\\/produit\\\/j-beverly-hills-blonde-conditioner\\\/#breadcrumb\",\"itemListElement\":[{\"@type\":\"ListItem\",\"position\":1,\"name\":\"Home\",\"item\":\"https:\\\/\\\/vitablanca.ma\\\/\"},{\"@type\":\"ListItem\",\"position\":2,\"name\":\"Tous Les Produits\",\"item\":\"https:\\\/\\\/vitablanca.ma\\\/tous-les-produits\\\/\"},{\"@type\":\"ListItem\",\"position\":3,\"name\":\"J Beverly Hills BLONDE CONDITIONER\"}]},{\"@type\":\"WebSite\",\"@id\":\"https:\\\/\\\/vitablanca.ma\\\/#website\",\"url\":\"https:\\\/\\\/vitablanca.ma\\\/\",\"name\":\"VitaBlanca.ma | Compl\u00e9ments alimentaires, sant\u00e9 & beaut\u00e9 au Maroc\",\"description\":\"vendre vitamines et compl\u00e9ments premium des USA &amp; Canada, Nouvelle Z\u00e9lande,Maroc (NOW Foods, Solgar, Manuka). Livraison rapide partout au Maroc.\",\"publisher\":{\"@id\":\"https:\\\/\\\/vitablanca.ma\\\/#organization\"},\"alternateName\":\"VitaBlanca.ma\",\"potentialAction\":[{\"@type\":\"SearchAction\",\"target\":{\"@type\":\"EntryPoint\",\"urlTemplate\":\"https:\\\/\\\/vitablanca.ma\\\/?s={search_term_string}\"},\"query-input\":{\"@type\":\"PropertyValueSpecification\",\"valueRequired\":true,\"valueName\":\"search_term_string\"}}],\"inLanguage\":\"en-US\"},{\"@type\":\"Organization\",\"@id\":\"https:\\\/\\\/vitablanca.ma\\\/#organization\",\"name\":\"VitaBlanca\",\"url\":\"https:\\\/\\\/vitablanca.ma\\\/\",\"logo\":{\"@type\":\"ImageObject\",\"inLanguage\":\"en-US\",\"@id\":\"https:\\\/\\\/vitablanca.ma\\\/#\\\/schema\\\/logo\\\/image\\\/\",\"url\":\"https:\\\/\\\/vitablanca.ma\\\/wp-content\\\/uploads\\\/2025\\\/05\\\/cropped-vitablanca.png\",\"contentUrl\":\"https:\\\/\\\/vitablanca.ma\\\/wp-content\\\/uploads\\\/2025\\\/05\\\/cropped-vitablanca.png\",\"width\":360,\"height\":67,\"caption\":\"VitaBlanca\"},\"image\":{\"@id\":\"https:\\\/\\\/vitablanca.ma\\\/#\\\/schema\\\/logo\\\/image\\\/\"},\"sameAs\":[\"https:\\\/\\\/www.facebook.com\\\/profile.php?id=61576678196717\",\"https:\\\/\\\/www.tiktok.com\\\/@vitablanca.ma\",\"https:\\\/\\\/www.instagram.com\\\/vitablanca.ma\\\/\"]}]}<\/script>\n<!-- \/ Yoast SEO plugin. -->","yoast_head_json":{"title":"J Beverly Hills BLONDE CONDITIONER - Morocco Price","description":"J Beverly Hills BLONDE CONDITIONER","robots":{"index":"index","follow":"follow","max-snippet":"max-snippet:-1","max-image-preview":"max-image-preview:large","max-video-preview":"max-video-preview:-1"},"canonical":"https:\/\/vitablanca.ma\/en\/product\/j-beverly-hills-blonde-conditioner\/","og_locale":"en_US","og_type":"article","og_title":"J Beverly Hills BLONDE CONDITIONER - Maroc Prix","og_description":"J Beverly Hills BLONDE CONDITIONER","og_url":"https:\/\/vitablanca.ma\/en\/product\/j-beverly-hills-blonde-conditioner\/","og_site_name":"Vitablanca.ma &ndash; Sant&eacute;, vitalit&eacute; et bien-&ecirc;tre pour tous les Marocains","article_publisher":"https:\/\/www.facebook.com\/profile.php?id=61576678196717","og_image":[{"width":2048,"height":2048,"url":"https:\/\/vitablanca.ma\/wp-content\/uploads\/2025\/05\/blondeconditioner_12oz_bf9207d9-0f62-4c28-81ac-b5f1ebd10456.png","type":"image\/png"}],"twitter_card":"summary_large_image","twitter_misc":{"Est. reading time":"1 minute"},"schema":{"@context":"https:\/\/schema.org","@graph":[{"@type":["WebPage","ItemPage"],"@id":"https:\/\/vitablanca.ma\/produit\/j-beverly-hills-blonde-conditioner\/","url":"https:\/\/vitablanca.ma\/produit\/j-beverly-hills-blonde-conditioner\/","name":"J Beverly Hills BLONDE CONDITIONER - Morocco Price","isPartOf":{"@id":"https:\/\/vitablanca.ma\/#website"},"primaryImageOfPage":{"@id":"https:\/\/vitablanca.ma\/produit\/j-beverly-hills-blonde-conditioner\/#primaryimage"},"image":{"@id":"https:\/\/vitablanca.ma\/produit\/j-beverly-hills-blonde-conditioner\/#primaryimage"},"thumbnailUrl":"https:\/\/vitablanca.ma\/wp-content\/uploads\/2025\/05\/blondeconditioner_12oz_bf9207d9-0f62-4c28-81ac-b5f1ebd10456.png","datePublished":"2025-05-28T22:36:29+00:00","description":"J Beverly Hills BLONDE CONDITIONER","breadcrumb":{"@id":"https:\/\/vitablanca.ma\/produit\/j-beverly-hills-blonde-conditioner\/#breadcrumb"},"inLanguage":"en-US","potentialAction":[{"@type":"ReadAction","target":["https:\/\/vitablanca.ma\/produit\/j-beverly-hills-blonde-conditioner\/"]}]},{"@type":"ImageObject","inLanguage":"en-US","@id":"https:\/\/vitablanca.ma\/produit\/j-beverly-hills-blonde-conditioner\/#primaryimage","url":"https:\/\/vitablanca.ma\/wp-content\/uploads\/2025\/05\/blondeconditioner_12oz_bf9207d9-0f62-4c28-81ac-b5f1ebd10456.png","contentUrl":"https:\/\/vitablanca.ma\/wp-content\/uploads\/2025\/05\/blondeconditioner_12oz_bf9207d9-0f62-4c28-81ac-b5f1ebd10456.png","width":2048,"height":2048},{"@type":"BreadcrumbList","@id":"https:\/\/vitablanca.ma\/produit\/j-beverly-hills-blonde-conditioner\/#breadcrumb","itemListElement":[{"@type":"ListItem","position":1,"name":"Home","item":"https:\/\/vitablanca.ma\/"},{"@type":"ListItem","position":2,"name":"Tous Les Produits","item":"https:\/\/vitablanca.ma\/tous-les-produits\/"},{"@type":"ListItem","position":3,"name":"J Beverly Hills BLONDE CONDITIONER"}]},{"@type":"WebSite","@id":"https:\/\/vitablanca.ma\/#website","url":"https:\/\/vitablanca.ma\/","name":"VitaBlanca.ma | Food supplements, health &amp; beauty in Morocco","description":"sell premium vitamins and supplements from USA &amp; Canada, New Zealand, Morocco (NOW Foods, Solgar, Manuka). Fast delivery anywhere in Morocco.","publisher":{"@id":"https:\/\/vitablanca.ma\/#organization"},"alternateName":"VitaBlanca.ma","potentialAction":[{"@type":"SearchAction","target":{"@type":"EntryPoint","urlTemplate":"https:\/\/vitablanca.ma\/?s={search_term_string}"},"query-input":{"@type":"PropertyValueSpecification","valueRequired":true,"valueName":"search_term_string"}}],"inLanguage":"en-US"},{"@type":"Organization","@id":"https:\/\/vitablanca.ma\/#organization","name":"VitaBlanca","url":"https:\/\/vitablanca.ma\/","logo":{"@type":"ImageObject","inLanguage":"en-US","@id":"https:\/\/vitablanca.ma\/#\/schema\/logo\/image\/","url":"https:\/\/vitablanca.ma\/wp-content\/uploads\/2025\/05\/cropped-vitablanca.png","contentUrl":"https:\/\/vitablanca.ma\/wp-content\/uploads\/2025\/05\/cropped-vitablanca.png","width":360,"height":67,"caption":"VitaBlanca"},"image":{"@id":"https:\/\/vitablanca.ma\/#\/schema\/logo\/image\/"},"sameAs":["https:\/\/www.facebook.com\/profile.php?id=61576678196717","https:\/\/www.tiktok.com\/@vitablanca.ma","https:\/\/www.instagram.com\/vitablanca.ma\/"]}]}},"jetpack_sharing_enabled":true,"_links":{"self":[{"href":"https:\/\/vitablanca.ma\/en\/wp-json\/wp\/v2\/product\/13003","targetHints":{"allow":["GET"]}}],"collection":[{"href":"https:\/\/vitablanca.ma\/en\/wp-json\/wp\/v2\/product"}],"about":[{"href":"https:\/\/vitablanca.ma\/en\/wp-json\/wp\/v2\/types\/product"}],"wp:featuredmedia":[{"embeddable":true,"href":"https:\/\/vitablanca.ma\/en\/wp-json\/wp\/v2\/media\/12999"}],"wp:attachment":[{"href":"https:\/\/vitablanca.ma\/en\/wp-json\/wp\/v2\/media?parent=13003"}],"wp:term":[{"taxonomy":"product_brand","embeddable":true,"href":"https:\/\/vitablanca.ma\/en\/wp-json\/wp\/v2\/product_brand?post=13003"},{"taxonomy":"product_cat","embeddable":true,"href":"https:\/\/vitablanca.ma\/en\/wp-json\/wp\/v2\/product_cat?post=13003"},{"taxonomy":"product_tag","embeddable":true,"href":"https:\/\/vitablanca.ma\/en\/wp-json\/wp\/v2\/product_tag?post=13003"}],"curies":[{"name":"wp","href":"https:\/\/api.w.org\/{rel}","templated":true}]}}