{"id":12850,"date":"2025-05-28T22:27:50","date_gmt":"2025-05-28T22:27:50","guid":{"rendered":"https:\/\/vitablanca.ma\/product\/j-beverly-hills-clarifier-shampoo\/"},"modified":"2025-05-28T22:27:50","modified_gmt":"2025-05-28T22:27:50","slug":"j-beverly-hills-clarifier-shampoo","status":"publish","type":"product","link":"https:\/\/vitablanca.ma\/en\/product\/j-beverly-hills-clarifier-shampoo\/","title":{"rendered":"J Beverly Hills CLARIFY SHAMPOO"},"content":{"rendered":"<p><!-- Product: Clarifier Shampoo --><\/p>\n<p>Keep your hair free of impurities. Formulated with coconut, linden flower, and thyme extracts, Clarifying Shampoo removes impurities like chlorine, mineral deposits, and product residue.<\/p>\n<p>FEATURES &amp; BENEFITS:<\/p>\n<ul>\n<li>Hydrate<\/li>\n<li>Eliminates Residue<\/li>\n<li>Softens<\/li>\n<\/ul>\n<p><strong>Instructions for use:<\/strong> Apply a generous amount of Clarifier Shampoo to wet hair and massage into a rich lather. For best results, follow with an Intensive Masque treatment for 3-5 minutes. Rinse and style with your favorite J Beverly Hills products.<\/p>\n<p>Size: 350 ml<\/p>\n<p>    <button id=\"myBtn\">See the Complete List of Ingredients<\/button><\/p>\n<div class=\"modal\" id=\"myModal\">\n<div class=\"modal-content\">\n            <span class=\"close\">\u00d7<\/span><\/p>\n<p>INGREDIENTS :<\/p>\n<p>                WATER, SODIUM LAURYL ETHER SULFATE, COCAMIDOPROPYL BETAINE, SODIUM SULFATE, DISODIUM COCOAMPHODIACETATE, SODIUM CHLORIDE, HYDROLYZED WHEAT PROTEIN, POLYQUATERNIUM-10, TETRASODIUM EDTA, PANTHENOL, THYME FLOWER EXTRACT, LIME FRUIT EXTRACT, CITRIC ACID, PHENOXYETHANOL, ETHYLHEXYLGLYCERIN, FRAGRANCE, GREEN NO. 5, YELLOW NO. 5\n            <\/p>\n<\/p><\/div>\n<\/p><\/div>","protected":false},"excerpt":{"rendered":"<p>Gardez vos cheveux libres d&rsquo;impuret\u00e9s. Formul\u00e9 avec des extraits de noix de coco, de fleur de tilleul et de thym, Clarifier Shampoo \u00e9limine les impuret\u00e9s comme le chlore, les d\u00e9p\u00f4ts min\u00e9raux et les r\u00e9sidus de produits. CARACT\u00c9RISTIQUES &amp; AVANTAGES : Hydrate \u00c9limine les R\u00e9sidus Adoucit Mode d&#8217;emploi : Sur cheveux mouill\u00e9s, appliquez une quantit\u00e9 g\u00e9n\u00e9reuse [&hellip;]<\/p>\n","protected":false},"featured_media":12847,"template":"","meta":{"om_disable_all_campaigns":false},"product_brand":[],"product_cat":[15],"product_tag":[],"class_list":{"0":"post-12850","1":"product","2":"type-product","3":"status-publish","4":"has-post-thumbnail","6":"product_cat-beaute-sante-complements-alimentaires-soins-et-bien-etre-au-meilleur-prix","8":"first","9":"instock","10":"taxable","11":"shipping-taxable","12":"purchasable","13":"product-type-simple"},"yoast_head":"<!-- This site is optimized with the Yoast SEO plugin v27.4 - https:\/\/yoast.com\/product\/yoast-seo-wordpress\/ -->\n<title>J Beverly Hills CLARIFIER SHAMPOO - Maroc Prix<\/title>\n<meta name=\"description\" content=\"J Beverly Hills CLARIFIER SHAMPOO\" \/>\n<meta name=\"robots\" content=\"index, follow, max-snippet:-1, max-image-preview:large, max-video-preview:-1\" \/>\n<link rel=\"canonical\" href=\"https:\/\/vitablanca.ma\/en\/product\/j-beverly-hills-clarifier-shampoo\/\" \/>\n<meta property=\"og:locale\" content=\"en_US\" \/>\n<meta property=\"og:type\" content=\"article\" \/>\n<meta property=\"og:title\" content=\"J Beverly Hills CLARIFIER SHAMPOO - Maroc Prix\" \/>\n<meta property=\"og:description\" content=\"J Beverly Hills CLARIFIER SHAMPOO\" \/>\n<meta property=\"og:url\" content=\"https:\/\/vitablanca.ma\/en\/product\/j-beverly-hills-clarifier-shampoo\/\" \/>\n<meta property=\"og:site_name\" content=\"Vitablanca.ma &ndash; Sant&eacute;, vitalit&eacute; et bien-&ecirc;tre pour tous les Marocains\" \/>\n<meta property=\"article:publisher\" content=\"https:\/\/www.facebook.com\/profile.php?id=61576678196717\" \/>\n<meta property=\"og:image\" content=\"https:\/\/vitablanca.ma\/wp-content\/uploads\/2025\/05\/clarifiershampoo_12oz.png\" \/>\n\t<meta property=\"og:image:width\" content=\"2048\" \/>\n\t<meta property=\"og:image:height\" content=\"2048\" \/>\n\t<meta property=\"og:image:type\" content=\"image\/png\" \/>\n<meta name=\"twitter:card\" content=\"summary_large_image\" \/>\n<meta name=\"twitter:label1\" content=\"Est. reading time\" \/>\n\t<meta name=\"twitter:data1\" content=\"1 minute\" \/>\n<script type=\"application\/ld+json\" class=\"yoast-schema-graph\">{\"@context\":\"https:\\\/\\\/schema.org\",\"@graph\":[{\"@type\":[\"WebPage\",\"ItemPage\"],\"@id\":\"https:\\\/\\\/vitablanca.ma\\\/produit\\\/j-beverly-hills-clarifier-shampoo\\\/\",\"url\":\"https:\\\/\\\/vitablanca.ma\\\/produit\\\/j-beverly-hills-clarifier-shampoo\\\/\",\"name\":\"J Beverly Hills CLARIFIER SHAMPOO - Maroc Prix\",\"isPartOf\":{\"@id\":\"https:\\\/\\\/vitablanca.ma\\\/#website\"},\"primaryImageOfPage\":{\"@id\":\"https:\\\/\\\/vitablanca.ma\\\/produit\\\/j-beverly-hills-clarifier-shampoo\\\/#primaryimage\"},\"image\":{\"@id\":\"https:\\\/\\\/vitablanca.ma\\\/produit\\\/j-beverly-hills-clarifier-shampoo\\\/#primaryimage\"},\"thumbnailUrl\":\"https:\\\/\\\/vitablanca.ma\\\/wp-content\\\/uploads\\\/2025\\\/05\\\/clarifiershampoo_12oz.png\",\"datePublished\":\"2025-05-28T22:27:50+00:00\",\"description\":\"J Beverly Hills CLARIFIER SHAMPOO\",\"breadcrumb\":{\"@id\":\"https:\\\/\\\/vitablanca.ma\\\/produit\\\/j-beverly-hills-clarifier-shampoo\\\/#breadcrumb\"},\"inLanguage\":\"en-US\",\"potentialAction\":[{\"@type\":\"ReadAction\",\"target\":[\"https:\\\/\\\/vitablanca.ma\\\/produit\\\/j-beverly-hills-clarifier-shampoo\\\/\"]}]},{\"@type\":\"ImageObject\",\"inLanguage\":\"en-US\",\"@id\":\"https:\\\/\\\/vitablanca.ma\\\/produit\\\/j-beverly-hills-clarifier-shampoo\\\/#primaryimage\",\"url\":\"https:\\\/\\\/vitablanca.ma\\\/wp-content\\\/uploads\\\/2025\\\/05\\\/clarifiershampoo_12oz.png\",\"contentUrl\":\"https:\\\/\\\/vitablanca.ma\\\/wp-content\\\/uploads\\\/2025\\\/05\\\/clarifiershampoo_12oz.png\",\"width\":2048,\"height\":2048},{\"@type\":\"BreadcrumbList\",\"@id\":\"https:\\\/\\\/vitablanca.ma\\\/produit\\\/j-beverly-hills-clarifier-shampoo\\\/#breadcrumb\",\"itemListElement\":[{\"@type\":\"ListItem\",\"position\":1,\"name\":\"Home\",\"item\":\"https:\\\/\\\/vitablanca.ma\\\/\"},{\"@type\":\"ListItem\",\"position\":2,\"name\":\"Tous Les Produits\",\"item\":\"https:\\\/\\\/vitablanca.ma\\\/tous-les-produits\\\/\"},{\"@type\":\"ListItem\",\"position\":3,\"name\":\"J Beverly Hills CLARIFIER SHAMPOO\"}]},{\"@type\":\"WebSite\",\"@id\":\"https:\\\/\\\/vitablanca.ma\\\/#website\",\"url\":\"https:\\\/\\\/vitablanca.ma\\\/\",\"name\":\"VitaBlanca.ma | Compl\u00e9ments alimentaires, sant\u00e9 & beaut\u00e9 au Maroc\",\"description\":\"vendre vitamines et compl\u00e9ments premium des USA &amp; Canada, Nouvelle Z\u00e9lande,Maroc (NOW Foods, Solgar, Manuka). Livraison rapide partout au Maroc.\",\"publisher\":{\"@id\":\"https:\\\/\\\/vitablanca.ma\\\/#organization\"},\"alternateName\":\"VitaBlanca.ma\",\"potentialAction\":[{\"@type\":\"SearchAction\",\"target\":{\"@type\":\"EntryPoint\",\"urlTemplate\":\"https:\\\/\\\/vitablanca.ma\\\/?s={search_term_string}\"},\"query-input\":{\"@type\":\"PropertyValueSpecification\",\"valueRequired\":true,\"valueName\":\"search_term_string\"}}],\"inLanguage\":\"en-US\"},{\"@type\":\"Organization\",\"@id\":\"https:\\\/\\\/vitablanca.ma\\\/#organization\",\"name\":\"VitaBlanca\",\"url\":\"https:\\\/\\\/vitablanca.ma\\\/\",\"logo\":{\"@type\":\"ImageObject\",\"inLanguage\":\"en-US\",\"@id\":\"https:\\\/\\\/vitablanca.ma\\\/#\\\/schema\\\/logo\\\/image\\\/\",\"url\":\"https:\\\/\\\/vitablanca.ma\\\/wp-content\\\/uploads\\\/2025\\\/05\\\/cropped-vitablanca.png\",\"contentUrl\":\"https:\\\/\\\/vitablanca.ma\\\/wp-content\\\/uploads\\\/2025\\\/05\\\/cropped-vitablanca.png\",\"width\":360,\"height\":67,\"caption\":\"VitaBlanca\"},\"image\":{\"@id\":\"https:\\\/\\\/vitablanca.ma\\\/#\\\/schema\\\/logo\\\/image\\\/\"},\"sameAs\":[\"https:\\\/\\\/www.facebook.com\\\/profile.php?id=61576678196717\",\"https:\\\/\\\/www.tiktok.com\\\/@vitablanca.ma\",\"https:\\\/\\\/www.instagram.com\\\/vitablanca.ma\\\/\"]}]}<\/script>\n<!-- \/ Yoast SEO plugin. -->","yoast_head_json":{"title":"J Beverly Hills CLARIFYING SHAMPOO - Morocco Price","description":"J Beverly Hills CLARIFY SHAMPOO","robots":{"index":"index","follow":"follow","max-snippet":"max-snippet:-1","max-image-preview":"max-image-preview:large","max-video-preview":"max-video-preview:-1"},"canonical":"https:\/\/vitablanca.ma\/en\/product\/j-beverly-hills-clarifier-shampoo\/","og_locale":"en_US","og_type":"article","og_title":"J Beverly Hills CLARIFIER SHAMPOO - Maroc Prix","og_description":"J Beverly Hills CLARIFIER SHAMPOO","og_url":"https:\/\/vitablanca.ma\/en\/product\/j-beverly-hills-clarifier-shampoo\/","og_site_name":"Vitablanca.ma &ndash; Sant&eacute;, vitalit&eacute; et bien-&ecirc;tre pour tous les Marocains","article_publisher":"https:\/\/www.facebook.com\/profile.php?id=61576678196717","og_image":[{"width":2048,"height":2048,"url":"https:\/\/vitablanca.ma\/wp-content\/uploads\/2025\/05\/clarifiershampoo_12oz.png","type":"image\/png"}],"twitter_card":"summary_large_image","twitter_misc":{"Est. reading time":"1 minute"},"schema":{"@context":"https:\/\/schema.org","@graph":[{"@type":["WebPage","ItemPage"],"@id":"https:\/\/vitablanca.ma\/produit\/j-beverly-hills-clarifier-shampoo\/","url":"https:\/\/vitablanca.ma\/produit\/j-beverly-hills-clarifier-shampoo\/","name":"J Beverly Hills CLARIFYING SHAMPOO - Morocco Price","isPartOf":{"@id":"https:\/\/vitablanca.ma\/#website"},"primaryImageOfPage":{"@id":"https:\/\/vitablanca.ma\/produit\/j-beverly-hills-clarifier-shampoo\/#primaryimage"},"image":{"@id":"https:\/\/vitablanca.ma\/produit\/j-beverly-hills-clarifier-shampoo\/#primaryimage"},"thumbnailUrl":"https:\/\/vitablanca.ma\/wp-content\/uploads\/2025\/05\/clarifiershampoo_12oz.png","datePublished":"2025-05-28T22:27:50+00:00","description":"J Beverly Hills CLARIFY SHAMPOO","breadcrumb":{"@id":"https:\/\/vitablanca.ma\/produit\/j-beverly-hills-clarifier-shampoo\/#breadcrumb"},"inLanguage":"en-US","potentialAction":[{"@type":"ReadAction","target":["https:\/\/vitablanca.ma\/produit\/j-beverly-hills-clarifier-shampoo\/"]}]},{"@type":"ImageObject","inLanguage":"en-US","@id":"https:\/\/vitablanca.ma\/produit\/j-beverly-hills-clarifier-shampoo\/#primaryimage","url":"https:\/\/vitablanca.ma\/wp-content\/uploads\/2025\/05\/clarifiershampoo_12oz.png","contentUrl":"https:\/\/vitablanca.ma\/wp-content\/uploads\/2025\/05\/clarifiershampoo_12oz.png","width":2048,"height":2048},{"@type":"BreadcrumbList","@id":"https:\/\/vitablanca.ma\/produit\/j-beverly-hills-clarifier-shampoo\/#breadcrumb","itemListElement":[{"@type":"ListItem","position":1,"name":"Home","item":"https:\/\/vitablanca.ma\/"},{"@type":"ListItem","position":2,"name":"Tous Les Produits","item":"https:\/\/vitablanca.ma\/tous-les-produits\/"},{"@type":"ListItem","position":3,"name":"J Beverly Hills CLARIFIER SHAMPOO"}]},{"@type":"WebSite","@id":"https:\/\/vitablanca.ma\/#website","url":"https:\/\/vitablanca.ma\/","name":"VitaBlanca.ma | Food supplements, health &amp; beauty in Morocco","description":"sell premium vitamins and supplements from USA &amp; Canada, New Zealand, Morocco (NOW Foods, Solgar, Manuka). Fast delivery anywhere in Morocco.","publisher":{"@id":"https:\/\/vitablanca.ma\/#organization"},"alternateName":"VitaBlanca.ma","potentialAction":[{"@type":"SearchAction","target":{"@type":"EntryPoint","urlTemplate":"https:\/\/vitablanca.ma\/?s={search_term_string}"},"query-input":{"@type":"PropertyValueSpecification","valueRequired":true,"valueName":"search_term_string"}}],"inLanguage":"en-US"},{"@type":"Organization","@id":"https:\/\/vitablanca.ma\/#organization","name":"VitaBlanca","url":"https:\/\/vitablanca.ma\/","logo":{"@type":"ImageObject","inLanguage":"en-US","@id":"https:\/\/vitablanca.ma\/#\/schema\/logo\/image\/","url":"https:\/\/vitablanca.ma\/wp-content\/uploads\/2025\/05\/cropped-vitablanca.png","contentUrl":"https:\/\/vitablanca.ma\/wp-content\/uploads\/2025\/05\/cropped-vitablanca.png","width":360,"height":67,"caption":"VitaBlanca"},"image":{"@id":"https:\/\/vitablanca.ma\/#\/schema\/logo\/image\/"},"sameAs":["https:\/\/www.facebook.com\/profile.php?id=61576678196717","https:\/\/www.tiktok.com\/@vitablanca.ma","https:\/\/www.instagram.com\/vitablanca.ma\/"]}]}},"jetpack_sharing_enabled":true,"_links":{"self":[{"href":"https:\/\/vitablanca.ma\/en\/wp-json\/wp\/v2\/product\/12850","targetHints":{"allow":["GET"]}}],"collection":[{"href":"https:\/\/vitablanca.ma\/en\/wp-json\/wp\/v2\/product"}],"about":[{"href":"https:\/\/vitablanca.ma\/en\/wp-json\/wp\/v2\/types\/product"}],"wp:featuredmedia":[{"embeddable":true,"href":"https:\/\/vitablanca.ma\/en\/wp-json\/wp\/v2\/media\/12847"}],"wp:attachment":[{"href":"https:\/\/vitablanca.ma\/en\/wp-json\/wp\/v2\/media?parent=12850"}],"wp:term":[{"taxonomy":"product_brand","embeddable":true,"href":"https:\/\/vitablanca.ma\/en\/wp-json\/wp\/v2\/product_brand?post=12850"},{"taxonomy":"product_cat","embeddable":true,"href":"https:\/\/vitablanca.ma\/en\/wp-json\/wp\/v2\/product_cat?post=12850"},{"taxonomy":"product_tag","embeddable":true,"href":"https:\/\/vitablanca.ma\/en\/wp-json\/wp\/v2\/product_tag?post=12850"}],"curies":[{"name":"wp","href":"https:\/\/api.w.org\/{rel}","templated":true}]}}