{"id":12817,"date":"2025-05-28T22:21:52","date_gmt":"2025-05-28T22:21:52","guid":{"rendered":"https:\/\/vitablanca.ma\/product\/qa-strengthening-shampoo-250ml\/"},"modified":"2026-03-19T13:19:59","modified_gmt":"2026-03-19T13:19:59","slug":"qa-strengthening-shampoo-250ml","status":"publish","type":"product","link":"https:\/\/vitablanca.ma\/en\/product\/qa-strengthening-shampoo-250ml\/","title":{"rendered":"Q+A \u2013 Strengthening Shampoo 250ml"},"content":{"rendered":"<p>.g-product\u2013badges { display: flex; flex-wrap:wrap; gap: 20px; \/* Adjust spacing between items *\/ list-style: none; padding: 0; align-items: center; } .g-product\u2013badges\u2013item { display: flex; flex-direction: column; align-items: center; text-align: center; } .g-product\u2013badges\u2013icon img { width: 48px; \/* Adjust image size if needed *\/ height: auto; } .g-product\u2013badges\u2013label { font-size: 14px; margin-top: 5px; }\u00a0<\/p>\n<h2>Description<\/h2>\n<p>Ideal for damaged or color-treated hair, this restorative shampoo provides anti-breakage protection by helping to prevent split ends. Promoting stronger, longer hair, its formula is enriched with protective plant-based keratin, restorative ceramides, and nourishing argan oil to help tame frizz and promote strong, healthy lengths.<\/p>\n<p>Benefits:<\/p>\n<ul>\n<li>Protects hair against breakage<\/li>\n<li>Helps prevent split ends<\/li>\n<li>Promotes smooth, frizz-free hair<\/li>\n<li>\u00a0<\/li>\n<li>\n<p><img decoding=\"async\" src=\"https:\/\/www.qandaskin.com\/cdn\/shop\/files\/Natural_c788c8a6-2a53-45d7-94a8-3da6a9974df8.svg?v=1694434640&amp;width=48\" alt=\"Natural\"><\/p>\n<p>95% Natural<\/p>\n<\/li>\n<li>\n<p><img decoding=\"async\" src=\"https:\/\/www.qandaskin.com\/cdn\/shop\/files\/Cruelty-Free.svg?v=1694429273&amp;width=48\" alt=\"Cruelty-free\"><\/p>\n<p>Cruelty-free<\/p>\n<\/li>\n<li>\n<p><img decoding=\"async\" src=\"https:\/\/www.qandaskin.com\/cdn\/shop\/files\/alcohol_free.svg?v=1694430243&amp;width=48\" alt=\"Alcohol-free\"><\/p>\n<p>Alcohol-free<\/p>\n<\/li>\n<li>\n<p><img decoding=\"async\" src=\"https:\/\/www.qandaskin.com\/cdn\/shop\/files\/fragfree.svg?v=1694430746&amp;width=48\" alt=\"Fragrance-free\"><\/p>\n<p>Fragrance-free<\/p>\n<\/li>\n<li>\n<p><img decoding=\"async\" src=\"https:\/\/www.qandaskin.com\/cdn\/shop\/files\/VeganFriendly.svg?v=1694430913&amp;width=48\" alt=\"Vegan\"><\/p>\n<p>Vegan<\/p>\n<\/li>\n<\/ul>\n<p>\u00a0<\/p>\n<h2>Main ingredients<\/h2>\n<h3>Vegetable Keratin \ud83c\udf31<\/h3>\n<p>A vegan alternative to animal-derived keratin that conditions the outer layer of the hair fiber to protect against breakage.<\/p>\n<h3>Ceramides \ud83d\udc8a<\/h3>\n<p>Help repair damage caused by bleaching or chemical treatments while reducing breakage from brushing and heat tools.<\/p>\n<h3>Argan Oil \ud83c\udf30<\/h3>\n<p>Deeply hydrates hair for soft, shiny, frizz-free lengths.<\/p>\n<p>How to use<\/p>\n<p>Massage into wet hair, concentrating on the scalp and roots. Rinse thoroughly, then apply the Fortifying Conditioner.<\/p>\n<p>\u00a0<\/p>\n<h2>Product information<\/h2>\n<p><strong>Size :<\/strong> 250ml<\/p>\n<p>Made in the UK.<\/p>\n<p>This product is suitable for vegans. Q+A products are not tested on animals and never will be.<\/p>\n<p>How to recycle:<\/p>\n<p>Remove your bottle from its packaging. Our cartons are 100% recyclable and can be disposed of at your local recycling center. Clean and dry the bottle before recycling.<\/p>\n<p><i><strong>Ingredients :<\/strong> Aqua (Water), Sodium Coco-Sulfate, Cocamidopropyl Betaine, Decyl Glucoside, Sodium Lauroyl Sarcosinate, Glycerin, Ceramide NG, Xylitylglucoside, Anhydroxylitol, Europaea (Olive) Fruit Oil, Pelvetia Canaliculata (Algae) Extract, Caprylyl\/Capryl Glucoside, Lauryl Glucoside, Sodium Gluconate, Coco-Glucoside, Glyceryl Oleate, Potassium Sorbate, Maltitol, Glycol Distearate, Laureth-4, Guar Hydroxypropyltrimonium Chloride, Ethylhexylglycerin, Leuconostoc\/Radish Root Ferment Filtrate, Parfum (Fragrance), Sodium Chloride, Sodium Benzoate, Citric Acid, Coumarin, Benzyl Salicylate, Limonene.<\/i><\/p>","protected":false},"excerpt":{"rendered":"<p>.g-product&#8211;badges { display: flex; flex-wrap: wrap; gap: 20px; \/* Adjust spacing between items *\/ list-style: none; padding: 0; align-items: center; } .g-product&#8211;badges&#8211;item { display: flex; flex-direction: column; align-items: center; text-align: center; } .g-product&#8211;badges&#8211;icon img { width: 48px; \/* Adjust image size if needed *\/ height: auto; } .g-product&#8211;badges&#8211;label { font-size: 14px; margin-top: 5px; }\u00a0 Description [&hellip;]<\/p>\n","protected":false},"featured_media":12814,"template":"","meta":{"om_disable_all_campaigns":false},"product_brand":[4357],"product_cat":[18],"product_tag":[],"class_list":{"0":"post-12817","1":"product","2":"type-product","3":"status-publish","4":"has-post-thumbnail","6":"product_brand-qa-maroc-prix-para","7":"product_cat-beaute-sante","9":"first","10":"outofstock","11":"taxable","12":"shipping-taxable","13":"purchasable","14":"product-type-simple"},"yoast_head":"<!-- This site is optimized with the Yoast SEO plugin v27.4 - https:\/\/yoast.com\/product\/yoast-seo-wordpress\/ -->\n<title>Q+A - Strengthening Shampoo 250ml - Maroc Prix<\/title>\n<meta name=\"description\" content=\"Q+A - Strengthening Shampoo 250ml\" \/>\n<meta name=\"robots\" content=\"index, follow, max-snippet:-1, max-image-preview:large, max-video-preview:-1\" \/>\n<link rel=\"canonical\" href=\"https:\/\/vitablanca.ma\/en\/product\/qa-strengthening-shampoo-250ml\/\" \/>\n<meta property=\"og:locale\" content=\"en_US\" \/>\n<meta property=\"og:type\" content=\"article\" \/>\n<meta property=\"og:title\" content=\"Q+A - Strengthening Shampoo 250ml - Maroc Prix\" \/>\n<meta property=\"og:description\" content=\"Q+A - Strengthening Shampoo 250ml\" \/>\n<meta property=\"og:url\" content=\"https:\/\/vitablanca.ma\/en\/product\/qa-strengthening-shampoo-250ml\/\" \/>\n<meta property=\"og:site_name\" content=\"Vitablanca.ma &ndash; Sant&eacute;, vitalit&eacute; et bien-&ecirc;tre pour tous les Marocains\" \/>\n<meta property=\"article:publisher\" content=\"https:\/\/www.facebook.com\/profile.php?id=61576678196717\" \/>\n<meta property=\"article:modified_time\" content=\"2026-03-19T13:19:59+00:00\" \/>\n<meta property=\"og:image\" content=\"https:\/\/vitablanca.ma\/wp-content\/uploads\/2025\/05\/NjXTLya1WhJMfDPq-medium.jpg\" \/>\n\t<meta property=\"og:image:width\" content=\"1600\" \/>\n\t<meta property=\"og:image:height\" content=\"1600\" \/>\n\t<meta property=\"og:image:type\" content=\"image\/jpeg\" \/>\n<meta name=\"twitter:card\" content=\"summary_large_image\" \/>\n<meta name=\"twitter:label1\" content=\"Est. reading time\" \/>\n\t<meta name=\"twitter:data1\" content=\"2 minutes\" \/>\n<script type=\"application\/ld+json\" class=\"yoast-schema-graph\">{\"@context\":\"https:\\\/\\\/schema.org\",\"@graph\":[{\"@type\":[\"WebPage\",\"ItemPage\"],\"@id\":\"https:\\\/\\\/vitablanca.ma\\\/produit\\\/qa-strengthening-shampoo-250ml\\\/\",\"url\":\"https:\\\/\\\/vitablanca.ma\\\/produit\\\/qa-strengthening-shampoo-250ml\\\/\",\"name\":\"Q+A - Strengthening Shampoo 250ml - Maroc Prix\",\"isPartOf\":{\"@id\":\"https:\\\/\\\/vitablanca.ma\\\/#website\"},\"primaryImageOfPage\":{\"@id\":\"https:\\\/\\\/vitablanca.ma\\\/produit\\\/qa-strengthening-shampoo-250ml\\\/#primaryimage\"},\"image\":{\"@id\":\"https:\\\/\\\/vitablanca.ma\\\/produit\\\/qa-strengthening-shampoo-250ml\\\/#primaryimage\"},\"thumbnailUrl\":\"https:\\\/\\\/vitablanca.ma\\\/wp-content\\\/uploads\\\/2025\\\/05\\\/NjXTLya1WhJMfDPq-medium.jpg\",\"datePublished\":\"2025-05-28T22:21:52+00:00\",\"dateModified\":\"2026-03-19T13:19:59+00:00\",\"description\":\"Q+A - Strengthening Shampoo 250ml\",\"breadcrumb\":{\"@id\":\"https:\\\/\\\/vitablanca.ma\\\/produit\\\/qa-strengthening-shampoo-250ml\\\/#breadcrumb\"},\"inLanguage\":\"en-US\",\"potentialAction\":[{\"@type\":\"ReadAction\",\"target\":[\"https:\\\/\\\/vitablanca.ma\\\/produit\\\/qa-strengthening-shampoo-250ml\\\/\"]}]},{\"@type\":\"ImageObject\",\"inLanguage\":\"en-US\",\"@id\":\"https:\\\/\\\/vitablanca.ma\\\/produit\\\/qa-strengthening-shampoo-250ml\\\/#primaryimage\",\"url\":\"https:\\\/\\\/vitablanca.ma\\\/wp-content\\\/uploads\\\/2025\\\/05\\\/NjXTLya1WhJMfDPq-medium.jpg\",\"contentUrl\":\"https:\\\/\\\/vitablanca.ma\\\/wp-content\\\/uploads\\\/2025\\\/05\\\/NjXTLya1WhJMfDPq-medium.jpg\",\"width\":1600,\"height\":1600},{\"@type\":\"BreadcrumbList\",\"@id\":\"https:\\\/\\\/vitablanca.ma\\\/produit\\\/qa-strengthening-shampoo-250ml\\\/#breadcrumb\",\"itemListElement\":[{\"@type\":\"ListItem\",\"position\":1,\"name\":\"Home\",\"item\":\"https:\\\/\\\/vitablanca.ma\\\/\"},{\"@type\":\"ListItem\",\"position\":2,\"name\":\"Tous Les Produits\",\"item\":\"https:\\\/\\\/vitablanca.ma\\\/tous-les-produits\\\/\"},{\"@type\":\"ListItem\",\"position\":3,\"name\":\"Q+A &#8211; Strengthening Shampoo 250ml\"}]},{\"@type\":\"WebSite\",\"@id\":\"https:\\\/\\\/vitablanca.ma\\\/#website\",\"url\":\"https:\\\/\\\/vitablanca.ma\\\/\",\"name\":\"VitaBlanca.ma | Compl\u00e9ments alimentaires, sant\u00e9 & beaut\u00e9 au Maroc\",\"description\":\"vendre vitamines et compl\u00e9ments premium des USA &amp; Canada, Nouvelle Z\u00e9lande,Maroc (NOW Foods, Solgar, Manuka). Livraison rapide partout au Maroc.\",\"publisher\":{\"@id\":\"https:\\\/\\\/vitablanca.ma\\\/#organization\"},\"alternateName\":\"VitaBlanca.ma\",\"potentialAction\":[{\"@type\":\"SearchAction\",\"target\":{\"@type\":\"EntryPoint\",\"urlTemplate\":\"https:\\\/\\\/vitablanca.ma\\\/?s={search_term_string}\"},\"query-input\":{\"@type\":\"PropertyValueSpecification\",\"valueRequired\":true,\"valueName\":\"search_term_string\"}}],\"inLanguage\":\"en-US\"},{\"@type\":\"Organization\",\"@id\":\"https:\\\/\\\/vitablanca.ma\\\/#organization\",\"name\":\"VitaBlanca\",\"url\":\"https:\\\/\\\/vitablanca.ma\\\/\",\"logo\":{\"@type\":\"ImageObject\",\"inLanguage\":\"en-US\",\"@id\":\"https:\\\/\\\/vitablanca.ma\\\/#\\\/schema\\\/logo\\\/image\\\/\",\"url\":\"https:\\\/\\\/vitablanca.ma\\\/wp-content\\\/uploads\\\/2025\\\/05\\\/cropped-vitablanca.png\",\"contentUrl\":\"https:\\\/\\\/vitablanca.ma\\\/wp-content\\\/uploads\\\/2025\\\/05\\\/cropped-vitablanca.png\",\"width\":360,\"height\":67,\"caption\":\"VitaBlanca\"},\"image\":{\"@id\":\"https:\\\/\\\/vitablanca.ma\\\/#\\\/schema\\\/logo\\\/image\\\/\"},\"sameAs\":[\"https:\\\/\\\/www.facebook.com\\\/profile.php?id=61576678196717\",\"https:\\\/\\\/www.tiktok.com\\\/@vitablanca.ma\",\"https:\\\/\\\/www.instagram.com\\\/vitablanca.ma\\\/\"]}]}<\/script>\n<!-- \/ Yoast SEO plugin. -->","yoast_head_json":{"title":"Q+A - Strengthening Shampoo 250ml - Morocco Price","description":"Q+A - Strengthening Shampoo 250ml","robots":{"index":"index","follow":"follow","max-snippet":"max-snippet:-1","max-image-preview":"max-image-preview:large","max-video-preview":"max-video-preview:-1"},"canonical":"https:\/\/vitablanca.ma\/en\/product\/qa-strengthening-shampoo-250ml\/","og_locale":"en_US","og_type":"article","og_title":"Q+A - Strengthening Shampoo 250ml - Maroc Prix","og_description":"Q+A - Strengthening Shampoo 250ml","og_url":"https:\/\/vitablanca.ma\/en\/product\/qa-strengthening-shampoo-250ml\/","og_site_name":"Vitablanca.ma &ndash; Sant&eacute;, vitalit&eacute; et bien-&ecirc;tre pour tous les Marocains","article_publisher":"https:\/\/www.facebook.com\/profile.php?id=61576678196717","article_modified_time":"2026-03-19T13:19:59+00:00","og_image":[{"width":1600,"height":1600,"url":"https:\/\/vitablanca.ma\/wp-content\/uploads\/2025\/05\/NjXTLya1WhJMfDPq-medium.jpg","type":"image\/jpeg"}],"twitter_card":"summary_large_image","twitter_misc":{"Est. reading time":"2 minutes"},"schema":{"@context":"https:\/\/schema.org","@graph":[{"@type":["WebPage","ItemPage"],"@id":"https:\/\/vitablanca.ma\/produit\/qa-strengthening-shampoo-250ml\/","url":"https:\/\/vitablanca.ma\/produit\/qa-strengthening-shampoo-250ml\/","name":"Q+A - Strengthening Shampoo 250ml - Morocco Price","isPartOf":{"@id":"https:\/\/vitablanca.ma\/#website"},"primaryImageOfPage":{"@id":"https:\/\/vitablanca.ma\/produit\/qa-strengthening-shampoo-250ml\/#primaryimage"},"image":{"@id":"https:\/\/vitablanca.ma\/produit\/qa-strengthening-shampoo-250ml\/#primaryimage"},"thumbnailUrl":"https:\/\/vitablanca.ma\/wp-content\/uploads\/2025\/05\/NjXTLya1WhJMfDPq-medium.jpg","datePublished":"2025-05-28T22:21:52+00:00","dateModified":"2026-03-19T13:19:59+00:00","description":"Q+A - Strengthening Shampoo 250ml","breadcrumb":{"@id":"https:\/\/vitablanca.ma\/produit\/qa-strengthening-shampoo-250ml\/#breadcrumb"},"inLanguage":"en-US","potentialAction":[{"@type":"ReadAction","target":["https:\/\/vitablanca.ma\/produit\/qa-strengthening-shampoo-250ml\/"]}]},{"@type":"ImageObject","inLanguage":"en-US","@id":"https:\/\/vitablanca.ma\/produit\/qa-strengthening-shampoo-250ml\/#primaryimage","url":"https:\/\/vitablanca.ma\/wp-content\/uploads\/2025\/05\/NjXTLya1WhJMfDPq-medium.jpg","contentUrl":"https:\/\/vitablanca.ma\/wp-content\/uploads\/2025\/05\/NjXTLya1WhJMfDPq-medium.jpg","width":1600,"height":1600},{"@type":"BreadcrumbList","@id":"https:\/\/vitablanca.ma\/produit\/qa-strengthening-shampoo-250ml\/#breadcrumb","itemListElement":[{"@type":"ListItem","position":1,"name":"Home","item":"https:\/\/vitablanca.ma\/"},{"@type":"ListItem","position":2,"name":"Tous Les Produits","item":"https:\/\/vitablanca.ma\/tous-les-produits\/"},{"@type":"ListItem","position":3,"name":"Q+A &#8211; Strengthening Shampoo 250ml"}]},{"@type":"WebSite","@id":"https:\/\/vitablanca.ma\/#website","url":"https:\/\/vitablanca.ma\/","name":"VitaBlanca.ma | Food supplements, health &amp; beauty in Morocco","description":"sell premium vitamins and supplements from USA &amp; Canada, New Zealand, Morocco (NOW Foods, Solgar, Manuka). Fast delivery anywhere in Morocco.","publisher":{"@id":"https:\/\/vitablanca.ma\/#organization"},"alternateName":"VitaBlanca.ma","potentialAction":[{"@type":"SearchAction","target":{"@type":"EntryPoint","urlTemplate":"https:\/\/vitablanca.ma\/?s={search_term_string}"},"query-input":{"@type":"PropertyValueSpecification","valueRequired":true,"valueName":"search_term_string"}}],"inLanguage":"en-US"},{"@type":"Organization","@id":"https:\/\/vitablanca.ma\/#organization","name":"VitaBlanca","url":"https:\/\/vitablanca.ma\/","logo":{"@type":"ImageObject","inLanguage":"en-US","@id":"https:\/\/vitablanca.ma\/#\/schema\/logo\/image\/","url":"https:\/\/vitablanca.ma\/wp-content\/uploads\/2025\/05\/cropped-vitablanca.png","contentUrl":"https:\/\/vitablanca.ma\/wp-content\/uploads\/2025\/05\/cropped-vitablanca.png","width":360,"height":67,"caption":"VitaBlanca"},"image":{"@id":"https:\/\/vitablanca.ma\/#\/schema\/logo\/image\/"},"sameAs":["https:\/\/www.facebook.com\/profile.php?id=61576678196717","https:\/\/www.tiktok.com\/@vitablanca.ma","https:\/\/www.instagram.com\/vitablanca.ma\/"]}]}},"jetpack_sharing_enabled":true,"_links":{"self":[{"href":"https:\/\/vitablanca.ma\/en\/wp-json\/wp\/v2\/product\/12817","targetHints":{"allow":["GET"]}}],"collection":[{"href":"https:\/\/vitablanca.ma\/en\/wp-json\/wp\/v2\/product"}],"about":[{"href":"https:\/\/vitablanca.ma\/en\/wp-json\/wp\/v2\/types\/product"}],"wp:featuredmedia":[{"embeddable":true,"href":"https:\/\/vitablanca.ma\/en\/wp-json\/wp\/v2\/media\/12814"}],"wp:attachment":[{"href":"https:\/\/vitablanca.ma\/en\/wp-json\/wp\/v2\/media?parent=12817"}],"wp:term":[{"taxonomy":"product_brand","embeddable":true,"href":"https:\/\/vitablanca.ma\/en\/wp-json\/wp\/v2\/product_brand?post=12817"},{"taxonomy":"product_cat","embeddable":true,"href":"https:\/\/vitablanca.ma\/en\/wp-json\/wp\/v2\/product_cat?post=12817"},{"taxonomy":"product_tag","embeddable":true,"href":"https:\/\/vitablanca.ma\/en\/wp-json\/wp\/v2\/product_tag?post=12817"}],"curies":[{"name":"wp","href":"https:\/\/api.w.org\/{rel}","templated":true}]}}