{"id":12767,"date":"2025-05-28T22:18:31","date_gmt":"2025-05-28T22:18:31","guid":{"rendered":"https:\/\/vitablanca.ma\/product\/pantene-smooth-sleek-shampoo-spanish-limited-edition\/"},"modified":"2025-05-28T22:18:31","modified_gmt":"2025-05-28T22:18:31","slug":"pantene-smooth-sleek-shampoo-spanish-limited-edition","status":"publish","type":"product","link":"https:\/\/vitablanca.ma\/en\/product\/pantene-smooth-sleek-shampoo-spanish-limited-edition\/","title":{"rendered":"Pantene Smooth &amp; Sleek Shampoo \u00bb SPANISH LIMITED EDITION \u00bb"},"content":{"rendered":"<p data-mce-fragment=\"1\">Ayez des cheveux lisses et soyeux \u00e0 chaque lavage ! Notre shampooing Pantene Pro-V Smooth & Sleek est enrichi aux huiles d\u2019argan et d\u2019avocat pour nettoyer et d\u00e9m\u00ealer en douceur avec une mousse riche en nutriments. Il procure 48 heures de protection des frisottis et apporte une souplesse incroyable \u00e0 chaque m\u00e8che. \u00c9dition sp\u00e9ciale en espagnol.<\/p>","protected":false},"excerpt":{"rendered":"<p>Ayez des cheveux lisses et soyeux \u00e0 chaque lavage ! Notre shampooing Pantene Pro-V Smooth &#038; Sleek est enrichi aux huiles d\u2019argan et d\u2019avocat pour nettoyer et d\u00e9m\u00ealer en douceur avec une mousse riche en nutriments. Il procure 48 heures de protection des frisottis et apporte une souplesse incroyable \u00e0 chaque m\u00e8che. \u00c9dition sp\u00e9ciale en [&hellip;]<\/p>\n","protected":false},"featured_media":12766,"template":"","meta":{"om_disable_all_campaigns":false},"product_brand":[],"product_cat":[15],"product_tag":[],"class_list":{"0":"post-12767","1":"product","2":"type-product","3":"status-publish","4":"has-post-thumbnail","6":"product_cat-beaute-sante-complements-alimentaires-soins-et-bien-etre-au-meilleur-prix","8":"first","9":"instock","10":"taxable","11":"shipping-taxable","12":"purchasable","13":"product-type-simple"},"yoast_head":"<!-- This site is optimized with the Yoast SEO plugin v27.5 - https:\/\/yoast.com\/product\/yoast-seo-wordpress\/ -->\n<title>Pantene Smooth &amp; Sleek Shampoo &quot; SPANISH LIMITED EDITION&quot; - Maroc Prix<\/title>\n<meta name=\"description\" content=\"Pantene Smooth &amp; Sleek Shampoo &quot; SPANISH LIMITED EDITION&quot;\" \/>\n<meta name=\"robots\" content=\"index, follow, max-snippet:-1, max-image-preview:large, max-video-preview:-1\" \/>\n<link rel=\"canonical\" href=\"https:\/\/vitablanca.ma\/en\/product\/pantene-smooth-sleek-shampoo-spanish-limited-edition\/\" \/>\n<meta property=\"og:locale\" content=\"en_US\" \/>\n<meta property=\"og:type\" content=\"article\" \/>\n<meta property=\"og:title\" content=\"Pantene Smooth &amp; Sleek Shampoo &quot; SPANISH LIMITED EDITION&quot; - Maroc Prix\" \/>\n<meta property=\"og:description\" content=\"Pantene Smooth &amp; Sleek Shampoo &quot; SPANISH LIMITED EDITION&quot;\" \/>\n<meta property=\"og:url\" content=\"https:\/\/vitablanca.ma\/en\/product\/pantene-smooth-sleek-shampoo-spanish-limited-edition\/\" \/>\n<meta property=\"og:site_name\" content=\"Vitablanca.ma &ndash; Sant&eacute;, vitalit&eacute; et bien-&ecirc;tre pour tous les Marocains\" \/>\n<meta property=\"article:publisher\" content=\"https:\/\/www.facebook.com\/profile.php?id=61576678196717\" \/>\n<meta property=\"og:image\" content=\"https:\/\/vitablanca.ma\/wp-content\/uploads\/2025\/05\/image_2023-11-28_013651133.png\" \/>\n\t<meta property=\"og:image:width\" content=\"486\" \/>\n\t<meta property=\"og:image:height\" content=\"484\" \/>\n\t<meta property=\"og:image:type\" content=\"image\/png\" \/>\n<meta name=\"twitter:card\" content=\"summary_large_image\" \/>\n<script type=\"application\/ld+json\" class=\"yoast-schema-graph\">{\"@context\":\"https:\\\/\\\/schema.org\",\"@graph\":[{\"@type\":[\"WebPage\",\"ItemPage\"],\"@id\":\"https:\\\/\\\/vitablanca.ma\\\/produit\\\/pantene-smooth-sleek-shampoo-spanish-limited-edition\\\/\",\"url\":\"https:\\\/\\\/vitablanca.ma\\\/produit\\\/pantene-smooth-sleek-shampoo-spanish-limited-edition\\\/\",\"name\":\"Pantene Smooth &amp; Sleek Shampoo \\\" SPANISH LIMITED EDITION\\\" - Maroc Prix\",\"isPartOf\":{\"@id\":\"https:\\\/\\\/vitablanca.ma\\\/#website\"},\"primaryImageOfPage\":{\"@id\":\"https:\\\/\\\/vitablanca.ma\\\/produit\\\/pantene-smooth-sleek-shampoo-spanish-limited-edition\\\/#primaryimage\"},\"image\":{\"@id\":\"https:\\\/\\\/vitablanca.ma\\\/produit\\\/pantene-smooth-sleek-shampoo-spanish-limited-edition\\\/#primaryimage\"},\"thumbnailUrl\":\"https:\\\/\\\/vitablanca.ma\\\/wp-content\\\/uploads\\\/2025\\\/05\\\/image_2023-11-28_013651133.png\",\"datePublished\":\"2025-05-28T22:18:31+00:00\",\"description\":\"Pantene Smooth &amp; Sleek Shampoo \\\" SPANISH LIMITED EDITION\\\"\",\"breadcrumb\":{\"@id\":\"https:\\\/\\\/vitablanca.ma\\\/produit\\\/pantene-smooth-sleek-shampoo-spanish-limited-edition\\\/#breadcrumb\"},\"inLanguage\":\"en-US\",\"potentialAction\":[{\"@type\":\"ReadAction\",\"target\":[\"https:\\\/\\\/vitablanca.ma\\\/produit\\\/pantene-smooth-sleek-shampoo-spanish-limited-edition\\\/\"]}]},{\"@type\":\"ImageObject\",\"inLanguage\":\"en-US\",\"@id\":\"https:\\\/\\\/vitablanca.ma\\\/produit\\\/pantene-smooth-sleek-shampoo-spanish-limited-edition\\\/#primaryimage\",\"url\":\"https:\\\/\\\/vitablanca.ma\\\/wp-content\\\/uploads\\\/2025\\\/05\\\/image_2023-11-28_013651133.png\",\"contentUrl\":\"https:\\\/\\\/vitablanca.ma\\\/wp-content\\\/uploads\\\/2025\\\/05\\\/image_2023-11-28_013651133.png\",\"width\":486,\"height\":484},{\"@type\":\"BreadcrumbList\",\"@id\":\"https:\\\/\\\/vitablanca.ma\\\/produit\\\/pantene-smooth-sleek-shampoo-spanish-limited-edition\\\/#breadcrumb\",\"itemListElement\":[{\"@type\":\"ListItem\",\"position\":1,\"name\":\"Home\",\"item\":\"https:\\\/\\\/vitablanca.ma\\\/\"},{\"@type\":\"ListItem\",\"position\":2,\"name\":\"Tous Les Produits\",\"item\":\"https:\\\/\\\/vitablanca.ma\\\/tous-les-produits\\\/\"},{\"@type\":\"ListItem\",\"position\":3,\"name\":\"Pantene Smooth &amp; Sleek Shampoo &#8221; SPANISH LIMITED EDITION&#8221;\"}]},{\"@type\":\"WebSite\",\"@id\":\"https:\\\/\\\/vitablanca.ma\\\/#website\",\"url\":\"https:\\\/\\\/vitablanca.ma\\\/\",\"name\":\"VitaBlanca.ma | Compl\u00e9ments alimentaires, sant\u00e9 & beaut\u00e9 au Maroc\",\"description\":\"vendre vitamines et compl\u00e9ments premium des USA &amp; Canada, Nouvelle Z\u00e9lande,Maroc (NOW Foods, Solgar, Manuka). Livraison rapide partout au Maroc.\",\"publisher\":{\"@id\":\"https:\\\/\\\/vitablanca.ma\\\/#organization\"},\"alternateName\":\"VitaBlanca.ma\",\"potentialAction\":[{\"@type\":\"SearchAction\",\"target\":{\"@type\":\"EntryPoint\",\"urlTemplate\":\"https:\\\/\\\/vitablanca.ma\\\/?s={search_term_string}\"},\"query-input\":{\"@type\":\"PropertyValueSpecification\",\"valueRequired\":true,\"valueName\":\"search_term_string\"}}],\"inLanguage\":\"en-US\"},{\"@type\":\"Organization\",\"@id\":\"https:\\\/\\\/vitablanca.ma\\\/#organization\",\"name\":\"VitaBlanca\",\"url\":\"https:\\\/\\\/vitablanca.ma\\\/\",\"logo\":{\"@type\":\"ImageObject\",\"inLanguage\":\"en-US\",\"@id\":\"https:\\\/\\\/vitablanca.ma\\\/#\\\/schema\\\/logo\\\/image\\\/\",\"url\":\"https:\\\/\\\/vitablanca.ma\\\/wp-content\\\/uploads\\\/2025\\\/05\\\/cropped-vitablanca.png\",\"contentUrl\":\"https:\\\/\\\/vitablanca.ma\\\/wp-content\\\/uploads\\\/2025\\\/05\\\/cropped-vitablanca.png\",\"width\":360,\"height\":67,\"caption\":\"VitaBlanca\"},\"image\":{\"@id\":\"https:\\\/\\\/vitablanca.ma\\\/#\\\/schema\\\/logo\\\/image\\\/\"},\"sameAs\":[\"https:\\\/\\\/www.facebook.com\\\/profile.php?id=61576678196717\",\"https:\\\/\\\/www.tiktok.com\\\/@vitablanca.ma\",\"https:\\\/\\\/www.instagram.com\\\/vitablanca.ma\\\/\"]}]}<\/script>\n<!-- \/ Yoast SEO plugin. -->","yoast_head_json":{"title":"Pantene Smooth &amp; Sleek Shampoo &quot;SPANISH LIMITED EDITION&quot; - Morocco Price","description":"Pantene Smooth &amp; Sleek Shampoo &quot;SPANISH LIMITED EDITION&quot;","robots":{"index":"index","follow":"follow","max-snippet":"max-snippet:-1","max-image-preview":"max-image-preview:large","max-video-preview":"max-video-preview:-1"},"canonical":"https:\/\/vitablanca.ma\/en\/product\/pantene-smooth-sleek-shampoo-spanish-limited-edition\/","og_locale":"en_US","og_type":"article","og_title":"Pantene Smooth &amp; Sleek Shampoo \" SPANISH LIMITED EDITION\" - Maroc Prix","og_description":"Pantene Smooth &amp; Sleek Shampoo \" SPANISH LIMITED EDITION\"","og_url":"https:\/\/vitablanca.ma\/en\/product\/pantene-smooth-sleek-shampoo-spanish-limited-edition\/","og_site_name":"Vitablanca.ma &ndash; Sant&eacute;, vitalit&eacute; et bien-&ecirc;tre pour tous les Marocains","article_publisher":"https:\/\/www.facebook.com\/profile.php?id=61576678196717","og_image":[{"width":486,"height":484,"url":"https:\/\/vitablanca.ma\/wp-content\/uploads\/2025\/05\/image_2023-11-28_013651133.png","type":"image\/png"}],"twitter_card":"summary_large_image","schema":{"@context":"https:\/\/schema.org","@graph":[{"@type":["WebPage","ItemPage"],"@id":"https:\/\/vitablanca.ma\/produit\/pantene-smooth-sleek-shampoo-spanish-limited-edition\/","url":"https:\/\/vitablanca.ma\/produit\/pantene-smooth-sleek-shampoo-spanish-limited-edition\/","name":"Pantene Smooth &amp; Sleek Shampoo &quot;SPANISH LIMITED EDITION&quot; - Morocco Price","isPartOf":{"@id":"https:\/\/vitablanca.ma\/#website"},"primaryImageOfPage":{"@id":"https:\/\/vitablanca.ma\/produit\/pantene-smooth-sleek-shampoo-spanish-limited-edition\/#primaryimage"},"image":{"@id":"https:\/\/vitablanca.ma\/produit\/pantene-smooth-sleek-shampoo-spanish-limited-edition\/#primaryimage"},"thumbnailUrl":"https:\/\/vitablanca.ma\/wp-content\/uploads\/2025\/05\/image_2023-11-28_013651133.png","datePublished":"2025-05-28T22:18:31+00:00","description":"Pantene Smooth &amp; Sleek Shampoo &quot;SPANISH LIMITED EDITION&quot;","breadcrumb":{"@id":"https:\/\/vitablanca.ma\/produit\/pantene-smooth-sleek-shampoo-spanish-limited-edition\/#breadcrumb"},"inLanguage":"en-US","potentialAction":[{"@type":"ReadAction","target":["https:\/\/vitablanca.ma\/produit\/pantene-smooth-sleek-shampoo-spanish-limited-edition\/"]}]},{"@type":"ImageObject","inLanguage":"en-US","@id":"https:\/\/vitablanca.ma\/produit\/pantene-smooth-sleek-shampoo-spanish-limited-edition\/#primaryimage","url":"https:\/\/vitablanca.ma\/wp-content\/uploads\/2025\/05\/image_2023-11-28_013651133.png","contentUrl":"https:\/\/vitablanca.ma\/wp-content\/uploads\/2025\/05\/image_2023-11-28_013651133.png","width":486,"height":484},{"@type":"BreadcrumbList","@id":"https:\/\/vitablanca.ma\/produit\/pantene-smooth-sleek-shampoo-spanish-limited-edition\/#breadcrumb","itemListElement":[{"@type":"ListItem","position":1,"name":"Home","item":"https:\/\/vitablanca.ma\/"},{"@type":"ListItem","position":2,"name":"Tous Les Produits","item":"https:\/\/vitablanca.ma\/tous-les-produits\/"},{"@type":"ListItem","position":3,"name":"Pantene Smooth &amp; Sleek Shampoo &#8221; SPANISH LIMITED EDITION&#8221;"}]},{"@type":"WebSite","@id":"https:\/\/vitablanca.ma\/#website","url":"https:\/\/vitablanca.ma\/","name":"VitaBlanca.ma | Food supplements, health &amp; beauty in Morocco","description":"sell premium vitamins and supplements from USA &amp; Canada, New Zealand, Morocco (NOW Foods, Solgar, Manuka). Fast delivery anywhere in Morocco.","publisher":{"@id":"https:\/\/vitablanca.ma\/#organization"},"alternateName":"VitaBlanca.ma","potentialAction":[{"@type":"SearchAction","target":{"@type":"EntryPoint","urlTemplate":"https:\/\/vitablanca.ma\/?s={search_term_string}"},"query-input":{"@type":"PropertyValueSpecification","valueRequired":true,"valueName":"search_term_string"}}],"inLanguage":"en-US"},{"@type":"Organization","@id":"https:\/\/vitablanca.ma\/#organization","name":"VitaBlanca","url":"https:\/\/vitablanca.ma\/","logo":{"@type":"ImageObject","inLanguage":"en-US","@id":"https:\/\/vitablanca.ma\/#\/schema\/logo\/image\/","url":"https:\/\/vitablanca.ma\/wp-content\/uploads\/2025\/05\/cropped-vitablanca.png","contentUrl":"https:\/\/vitablanca.ma\/wp-content\/uploads\/2025\/05\/cropped-vitablanca.png","width":360,"height":67,"caption":"VitaBlanca"},"image":{"@id":"https:\/\/vitablanca.ma\/#\/schema\/logo\/image\/"},"sameAs":["https:\/\/www.facebook.com\/profile.php?id=61576678196717","https:\/\/www.tiktok.com\/@vitablanca.ma","https:\/\/www.instagram.com\/vitablanca.ma\/"]}]}},"jetpack_sharing_enabled":true,"_links":{"self":[{"href":"https:\/\/vitablanca.ma\/en\/wp-json\/wp\/v2\/product\/12767","targetHints":{"allow":["GET"]}}],"collection":[{"href":"https:\/\/vitablanca.ma\/en\/wp-json\/wp\/v2\/product"}],"about":[{"href":"https:\/\/vitablanca.ma\/en\/wp-json\/wp\/v2\/types\/product"}],"wp:featuredmedia":[{"embeddable":true,"href":"https:\/\/vitablanca.ma\/en\/wp-json\/wp\/v2\/media\/12766"}],"wp:attachment":[{"href":"https:\/\/vitablanca.ma\/en\/wp-json\/wp\/v2\/media?parent=12767"}],"wp:term":[{"taxonomy":"product_brand","embeddable":true,"href":"https:\/\/vitablanca.ma\/en\/wp-json\/wp\/v2\/product_brand?post=12767"},{"taxonomy":"product_cat","embeddable":true,"href":"https:\/\/vitablanca.ma\/en\/wp-json\/wp\/v2\/product_cat?post=12767"},{"taxonomy":"product_tag","embeddable":true,"href":"https:\/\/vitablanca.ma\/en\/wp-json\/wp\/v2\/product_tag?post=12767"}],"curies":[{"name":"wp","href":"https:\/\/api.w.org\/{rel}","templated":true}]}}