{"id":12743,"date":"2025-05-28T22:15:47","date_gmt":"2025-05-28T22:15:47","guid":{"rendered":"https:\/\/vitablanca.ma\/product\/johnsons-2-in-1-kids-shampoo-conditioner-200ml\/"},"modified":"2025-05-28T22:15:47","modified_gmt":"2025-05-28T22:15:47","slug":"johnsons-2-in-1-kids-shampoo-conditioner-200ml","status":"publish","type":"product","link":"https:\/\/vitablanca.ma\/en\/product\/johnsons-2-in-1-kids-shampoo-conditioner-200ml\/","title":{"rendered":"JOHNSON&#039;S 2 in 1 kids shampoo conditioner 200ML"},"content":{"rendered":"<p>D\u00e9couvrez le shampooing JOHNSON\u2019S 2 en 1 pour enfants, con\u00e7u pour laisser les cheveux doux et faciles \u00e0 coiffer. Sa formule sans larmes offre une exp\u00e9rience de shampooing sans pleurs pour les enfants. Profitez d\u2019une gestion facile des cheveux gr\u00e2ce \u00e0 ce produit pratique de 200 ml.<\/p>","protected":false},"excerpt":{"rendered":"<p>D\u00e9couvrez le shampooing JOHNSON\u2019S 2 en 1 pour enfants, con\u00e7u pour laisser les cheveux doux et faciles \u00e0 coiffer. Sa formule sans larmes offre une exp\u00e9rience de shampooing sans pleurs pour les enfants. Profitez d\u2019une gestion facile des cheveux gr\u00e2ce \u00e0 ce produit pratique de 200 ml.<\/p>","protected":false},"featured_media":12742,"template":"","meta":{"om_disable_all_campaigns":false},"product_brand":[],"product_cat":[15],"product_tag":[],"class_list":{"0":"post-12743","1":"product","2":"type-product","3":"status-publish","4":"has-post-thumbnail","6":"product_cat-beaute-sante-complements-alimentaires-soins-et-bien-etre-au-meilleur-prix","8":"first","9":"instock","10":"taxable","11":"shipping-taxable","12":"purchasable","13":"product-type-simple"},"yoast_head":"<!-- This site is optimized with the Yoast SEO plugin v27.5 - https:\/\/yoast.com\/product\/yoast-seo-wordpress\/ -->\n<title>JOHNSON\u2019S 2 in 1 kids shampoo conditioner 200ML - Maroc Prix<\/title>\n<meta name=\"description\" content=\"JOHNSON\u2019S 2 in 1 kids shampoo conditioner 200ML\" \/>\n<meta name=\"robots\" content=\"index, follow, max-snippet:-1, max-image-preview:large, max-video-preview:-1\" \/>\n<link rel=\"canonical\" href=\"https:\/\/vitablanca.ma\/en\/product\/johnsons-2-in-1-kids-shampoo-conditioner-200ml\/\" \/>\n<meta property=\"og:locale\" content=\"en_US\" \/>\n<meta property=\"og:type\" content=\"article\" \/>\n<meta property=\"og:title\" content=\"JOHNSON\u2019S 2 in 1 kids shampoo conditioner 200ML - Maroc Prix\" \/>\n<meta property=\"og:description\" content=\"JOHNSON\u2019S 2 in 1 kids shampoo conditioner 200ML\" \/>\n<meta property=\"og:url\" content=\"https:\/\/vitablanca.ma\/en\/product\/johnsons-2-in-1-kids-shampoo-conditioner-200ml\/\" \/>\n<meta property=\"og:site_name\" content=\"Vitablanca.ma &ndash; Sant&eacute;, vitalit&eacute; et bien-&ecirc;tre pour tous les Marocains\" \/>\n<meta property=\"article:publisher\" content=\"https:\/\/www.facebook.com\/profile.php?id=61576678196717\" \/>\n<meta property=\"og:image\" content=\"https:\/\/vitablanca.ma\/wp-content\/uploads\/2025\/05\/JOHNSON_S_2_in_1_kids_shampoo_conditioner_200ML.jpg\" \/>\n\t<meta property=\"og:image:width\" content=\"1540\" \/>\n\t<meta property=\"og:image:height\" content=\"1540\" \/>\n\t<meta property=\"og:image:type\" content=\"image\/jpeg\" \/>\n<meta name=\"twitter:card\" content=\"summary_large_image\" \/>\n<script type=\"application\/ld+json\" class=\"yoast-schema-graph\">{\"@context\":\"https:\\\/\\\/schema.org\",\"@graph\":[{\"@type\":[\"WebPage\",\"ItemPage\"],\"@id\":\"https:\\\/\\\/vitablanca.ma\\\/produit\\\/johnsons-2-in-1-kids-shampoo-conditioner-200ml\\\/\",\"url\":\"https:\\\/\\\/vitablanca.ma\\\/produit\\\/johnsons-2-in-1-kids-shampoo-conditioner-200ml\\\/\",\"name\":\"JOHNSON\u2019S 2 in 1 kids shampoo conditioner 200ML - Maroc Prix\",\"isPartOf\":{\"@id\":\"https:\\\/\\\/vitablanca.ma\\\/#website\"},\"primaryImageOfPage\":{\"@id\":\"https:\\\/\\\/vitablanca.ma\\\/produit\\\/johnsons-2-in-1-kids-shampoo-conditioner-200ml\\\/#primaryimage\"},\"image\":{\"@id\":\"https:\\\/\\\/vitablanca.ma\\\/produit\\\/johnsons-2-in-1-kids-shampoo-conditioner-200ml\\\/#primaryimage\"},\"thumbnailUrl\":\"https:\\\/\\\/vitablanca.ma\\\/wp-content\\\/uploads\\\/2025\\\/05\\\/JOHNSON_S_2_in_1_kids_shampoo_conditioner_200ML.jpg\",\"datePublished\":\"2025-05-28T22:15:47+00:00\",\"description\":\"JOHNSON\u2019S 2 in 1 kids shampoo conditioner 200ML\",\"breadcrumb\":{\"@id\":\"https:\\\/\\\/vitablanca.ma\\\/produit\\\/johnsons-2-in-1-kids-shampoo-conditioner-200ml\\\/#breadcrumb\"},\"inLanguage\":\"en-US\",\"potentialAction\":[{\"@type\":\"ReadAction\",\"target\":[\"https:\\\/\\\/vitablanca.ma\\\/produit\\\/johnsons-2-in-1-kids-shampoo-conditioner-200ml\\\/\"]}]},{\"@type\":\"ImageObject\",\"inLanguage\":\"en-US\",\"@id\":\"https:\\\/\\\/vitablanca.ma\\\/produit\\\/johnsons-2-in-1-kids-shampoo-conditioner-200ml\\\/#primaryimage\",\"url\":\"https:\\\/\\\/vitablanca.ma\\\/wp-content\\\/uploads\\\/2025\\\/05\\\/JOHNSON_S_2_in_1_kids_shampoo_conditioner_200ML.jpg\",\"contentUrl\":\"https:\\\/\\\/vitablanca.ma\\\/wp-content\\\/uploads\\\/2025\\\/05\\\/JOHNSON_S_2_in_1_kids_shampoo_conditioner_200ML.jpg\",\"width\":1540,\"height\":1540},{\"@type\":\"BreadcrumbList\",\"@id\":\"https:\\\/\\\/vitablanca.ma\\\/produit\\\/johnsons-2-in-1-kids-shampoo-conditioner-200ml\\\/#breadcrumb\",\"itemListElement\":[{\"@type\":\"ListItem\",\"position\":1,\"name\":\"Home\",\"item\":\"https:\\\/\\\/vitablanca.ma\\\/\"},{\"@type\":\"ListItem\",\"position\":2,\"name\":\"Tous Les Produits\",\"item\":\"https:\\\/\\\/vitablanca.ma\\\/tous-les-produits\\\/\"},{\"@type\":\"ListItem\",\"position\":3,\"name\":\"JOHNSON\u2019S 2 in 1 kids shampoo conditioner 200ML\"}]},{\"@type\":\"WebSite\",\"@id\":\"https:\\\/\\\/vitablanca.ma\\\/#website\",\"url\":\"https:\\\/\\\/vitablanca.ma\\\/\",\"name\":\"VitaBlanca.ma | Compl\u00e9ments alimentaires, sant\u00e9 & beaut\u00e9 au Maroc\",\"description\":\"vendre vitamines et compl\u00e9ments premium des USA &amp; Canada, Nouvelle Z\u00e9lande,Maroc (NOW Foods, Solgar, Manuka). Livraison rapide partout au Maroc.\",\"publisher\":{\"@id\":\"https:\\\/\\\/vitablanca.ma\\\/#organization\"},\"alternateName\":\"VitaBlanca.ma\",\"potentialAction\":[{\"@type\":\"SearchAction\",\"target\":{\"@type\":\"EntryPoint\",\"urlTemplate\":\"https:\\\/\\\/vitablanca.ma\\\/?s={search_term_string}\"},\"query-input\":{\"@type\":\"PropertyValueSpecification\",\"valueRequired\":true,\"valueName\":\"search_term_string\"}}],\"inLanguage\":\"en-US\"},{\"@type\":\"Organization\",\"@id\":\"https:\\\/\\\/vitablanca.ma\\\/#organization\",\"name\":\"VitaBlanca\",\"url\":\"https:\\\/\\\/vitablanca.ma\\\/\",\"logo\":{\"@type\":\"ImageObject\",\"inLanguage\":\"en-US\",\"@id\":\"https:\\\/\\\/vitablanca.ma\\\/#\\\/schema\\\/logo\\\/image\\\/\",\"url\":\"https:\\\/\\\/vitablanca.ma\\\/wp-content\\\/uploads\\\/2025\\\/05\\\/cropped-vitablanca.png\",\"contentUrl\":\"https:\\\/\\\/vitablanca.ma\\\/wp-content\\\/uploads\\\/2025\\\/05\\\/cropped-vitablanca.png\",\"width\":360,\"height\":67,\"caption\":\"VitaBlanca\"},\"image\":{\"@id\":\"https:\\\/\\\/vitablanca.ma\\\/#\\\/schema\\\/logo\\\/image\\\/\"},\"sameAs\":[\"https:\\\/\\\/www.facebook.com\\\/profile.php?id=61576678196717\",\"https:\\\/\\\/www.tiktok.com\\\/@vitablanca.ma\",\"https:\\\/\\\/www.instagram.com\\\/vitablanca.ma\\\/\"]}]}<\/script>\n<!-- \/ Yoast SEO plugin. -->","yoast_head_json":{"title":"JOHNSON&#039;S 2 in 1 kids shampoo conditioner 200ML - Morocco Price","description":"JOHNSON&#039;S 2 in 1 kids shampoo conditioner 200ML","robots":{"index":"index","follow":"follow","max-snippet":"max-snippet:-1","max-image-preview":"max-image-preview:large","max-video-preview":"max-video-preview:-1"},"canonical":"https:\/\/vitablanca.ma\/en\/product\/johnsons-2-in-1-kids-shampoo-conditioner-200ml\/","og_locale":"en_US","og_type":"article","og_title":"JOHNSON\u2019S 2 in 1 kids shampoo conditioner 200ML - Maroc Prix","og_description":"JOHNSON\u2019S 2 in 1 kids shampoo conditioner 200ML","og_url":"https:\/\/vitablanca.ma\/en\/product\/johnsons-2-in-1-kids-shampoo-conditioner-200ml\/","og_site_name":"Vitablanca.ma &ndash; Sant&eacute;, vitalit&eacute; et bien-&ecirc;tre pour tous les Marocains","article_publisher":"https:\/\/www.facebook.com\/profile.php?id=61576678196717","og_image":[{"width":1540,"height":1540,"url":"https:\/\/vitablanca.ma\/wp-content\/uploads\/2025\/05\/JOHNSON_S_2_in_1_kids_shampoo_conditioner_200ML.jpg","type":"image\/jpeg"}],"twitter_card":"summary_large_image","schema":{"@context":"https:\/\/schema.org","@graph":[{"@type":["WebPage","ItemPage"],"@id":"https:\/\/vitablanca.ma\/produit\/johnsons-2-in-1-kids-shampoo-conditioner-200ml\/","url":"https:\/\/vitablanca.ma\/produit\/johnsons-2-in-1-kids-shampoo-conditioner-200ml\/","name":"JOHNSON&#039;S 2 in 1 kids shampoo conditioner 200ML - Morocco Price","isPartOf":{"@id":"https:\/\/vitablanca.ma\/#website"},"primaryImageOfPage":{"@id":"https:\/\/vitablanca.ma\/produit\/johnsons-2-in-1-kids-shampoo-conditioner-200ml\/#primaryimage"},"image":{"@id":"https:\/\/vitablanca.ma\/produit\/johnsons-2-in-1-kids-shampoo-conditioner-200ml\/#primaryimage"},"thumbnailUrl":"https:\/\/vitablanca.ma\/wp-content\/uploads\/2025\/05\/JOHNSON_S_2_in_1_kids_shampoo_conditioner_200ML.jpg","datePublished":"2025-05-28T22:15:47+00:00","description":"JOHNSON&#039;S 2 in 1 kids shampoo conditioner 200ML","breadcrumb":{"@id":"https:\/\/vitablanca.ma\/produit\/johnsons-2-in-1-kids-shampoo-conditioner-200ml\/#breadcrumb"},"inLanguage":"en-US","potentialAction":[{"@type":"ReadAction","target":["https:\/\/vitablanca.ma\/produit\/johnsons-2-in-1-kids-shampoo-conditioner-200ml\/"]}]},{"@type":"ImageObject","inLanguage":"en-US","@id":"https:\/\/vitablanca.ma\/produit\/johnsons-2-in-1-kids-shampoo-conditioner-200ml\/#primaryimage","url":"https:\/\/vitablanca.ma\/wp-content\/uploads\/2025\/05\/JOHNSON_S_2_in_1_kids_shampoo_conditioner_200ML.jpg","contentUrl":"https:\/\/vitablanca.ma\/wp-content\/uploads\/2025\/05\/JOHNSON_S_2_in_1_kids_shampoo_conditioner_200ML.jpg","width":1540,"height":1540},{"@type":"BreadcrumbList","@id":"https:\/\/vitablanca.ma\/produit\/johnsons-2-in-1-kids-shampoo-conditioner-200ml\/#breadcrumb","itemListElement":[{"@type":"ListItem","position":1,"name":"Home","item":"https:\/\/vitablanca.ma\/"},{"@type":"ListItem","position":2,"name":"Tous Les Produits","item":"https:\/\/vitablanca.ma\/tous-les-produits\/"},{"@type":"ListItem","position":3,"name":"JOHNSON\u2019S 2 in 1 kids shampoo conditioner 200ML"}]},{"@type":"WebSite","@id":"https:\/\/vitablanca.ma\/#website","url":"https:\/\/vitablanca.ma\/","name":"VitaBlanca.ma | Food supplements, health &amp; beauty in Morocco","description":"sell premium vitamins and supplements from USA &amp; Canada, New Zealand, Morocco (NOW Foods, Solgar, Manuka). Fast delivery anywhere in Morocco.","publisher":{"@id":"https:\/\/vitablanca.ma\/#organization"},"alternateName":"VitaBlanca.ma","potentialAction":[{"@type":"SearchAction","target":{"@type":"EntryPoint","urlTemplate":"https:\/\/vitablanca.ma\/?s={search_term_string}"},"query-input":{"@type":"PropertyValueSpecification","valueRequired":true,"valueName":"search_term_string"}}],"inLanguage":"en-US"},{"@type":"Organization","@id":"https:\/\/vitablanca.ma\/#organization","name":"VitaBlanca","url":"https:\/\/vitablanca.ma\/","logo":{"@type":"ImageObject","inLanguage":"en-US","@id":"https:\/\/vitablanca.ma\/#\/schema\/logo\/image\/","url":"https:\/\/vitablanca.ma\/wp-content\/uploads\/2025\/05\/cropped-vitablanca.png","contentUrl":"https:\/\/vitablanca.ma\/wp-content\/uploads\/2025\/05\/cropped-vitablanca.png","width":360,"height":67,"caption":"VitaBlanca"},"image":{"@id":"https:\/\/vitablanca.ma\/#\/schema\/logo\/image\/"},"sameAs":["https:\/\/www.facebook.com\/profile.php?id=61576678196717","https:\/\/www.tiktok.com\/@vitablanca.ma","https:\/\/www.instagram.com\/vitablanca.ma\/"]}]}},"jetpack_sharing_enabled":true,"_links":{"self":[{"href":"https:\/\/vitablanca.ma\/en\/wp-json\/wp\/v2\/product\/12743","targetHints":{"allow":["GET"]}}],"collection":[{"href":"https:\/\/vitablanca.ma\/en\/wp-json\/wp\/v2\/product"}],"about":[{"href":"https:\/\/vitablanca.ma\/en\/wp-json\/wp\/v2\/types\/product"}],"wp:featuredmedia":[{"embeddable":true,"href":"https:\/\/vitablanca.ma\/en\/wp-json\/wp\/v2\/media\/12742"}],"wp:attachment":[{"href":"https:\/\/vitablanca.ma\/en\/wp-json\/wp\/v2\/media?parent=12743"}],"wp:term":[{"taxonomy":"product_brand","embeddable":true,"href":"https:\/\/vitablanca.ma\/en\/wp-json\/wp\/v2\/product_brand?post=12743"},{"taxonomy":"product_cat","embeddable":true,"href":"https:\/\/vitablanca.ma\/en\/wp-json\/wp\/v2\/product_cat?post=12743"},{"taxonomy":"product_tag","embeddable":true,"href":"https:\/\/vitablanca.ma\/en\/wp-json\/wp\/v2\/product_tag?post=12743"}],"curies":[{"name":"wp","href":"https:\/\/api.w.org\/{rel}","templated":true}]}}