{"id":12714,"date":"2025-05-28T22:14:57","date_gmt":"2025-05-28T22:14:57","guid":{"rendered":"https:\/\/vitablanca.ma\/product\/olaplex-no-5p-blonde-toning-apres-shampooing-violet-pour-cheveux-blonds-250ml\/"},"modified":"2026-01-21T19:10:19","modified_gmt":"2026-01-21T19:10:19","slug":"olaplex-no-5p-blonde-toning-apres-shampooing-violet-pour-cheveux-blonds-250ml","status":"publish","type":"product","link":"https:\/\/vitablanca.ma\/en\/product\/olaplex-no-5p-blonde-toning-apres-shampooing-violet-pour-cheveux-blonds-250ml\/","title":{"rendered":"OLAPLEX NO.5P BLONDE TONING Purple Conditioner for Blonde Hair 250ml"},"content":{"rendered":"<p><span>OLAPLEX NO.5P Blonde Toning is a unique formula that combines luxurious care and professional styling to enhance blonde hair. With nourishing ingredients like shea butter, it deeply moisturizes for soft, silky, and shiny hair. With the addition of violet micropigments, it neutralizes warm tones for a cool, elegant blonde. Keeping your blonde hair looking perfect has never been easier.<\/span><\/p>","protected":false},"excerpt":{"rendered":"<p>OLAPLEX NO.5P Blonde Toning est une formule unique qui combine soins luxueux et coiffage professionnel pour sublimer les cheveux blonds. Gr\u00e2ce \u00e0 ses ingr\u00e9dients nourrissants tels que le beurre de karit\u00e9, il hydrate en profondeur pour des cheveux doux, soyeux et brillants. Avec l&rsquo;ajout de micropigments violets, il neutralise les tons chauds pour un blond [&hellip;]<\/p>\n","protected":false},"featured_media":12713,"template":"","meta":{"om_disable_all_campaigns":false},"product_brand":[3422],"product_cat":[18,15],"product_tag":[],"class_list":{"0":"post-12714","1":"product","2":"type-product","3":"status-publish","4":"has-post-thumbnail","6":"product_brand-olaplex-maroc-prix","7":"product_cat-beaute-sante","8":"product_cat-beaute-sante-complements-alimentaires-soins-et-bien-etre-au-meilleur-prix","10":"first","11":"instock","12":"sale","13":"taxable","14":"shipping-taxable","15":"purchasable","16":"product-type-simple"},"yoast_head":"<!-- This site is optimized with the Yoast SEO plugin v27.4 - https:\/\/yoast.com\/product\/yoast-seo-wordpress\/ -->\n<title>OLAPLEX NO.5P BLONDE TONING Apr\u00e8s-shampooing violet pour cheveux blonds 250ml - Maroc Prix<\/title>\n<meta name=\"description\" content=\"OLAPLEX NO.5P BLONDE TONING Apr\u00e8s-shampooing violet pour cheveux blonds 250ml\" \/>\n<meta name=\"robots\" content=\"index, follow, max-snippet:-1, max-image-preview:large, max-video-preview:-1\" \/>\n<link rel=\"canonical\" href=\"https:\/\/vitablanca.ma\/en\/product\/olaplex-no-5p-blonde-toning-apres-shampooing-violet-pour-cheveux-blonds-250ml\/\" \/>\n<meta property=\"og:locale\" content=\"en_US\" \/>\n<meta property=\"og:type\" content=\"article\" \/>\n<meta property=\"og:title\" content=\"OLAPLEX NO.5P BLONDE TONING Apr\u00e8s-shampooing violet pour cheveux blonds 250ml - Maroc Prix\" \/>\n<meta property=\"og:description\" content=\"OLAPLEX NO.5P BLONDE TONING Apr\u00e8s-shampooing violet pour cheveux blonds 250ml\" \/>\n<meta property=\"og:url\" content=\"https:\/\/vitablanca.ma\/en\/product\/olaplex-no-5p-blonde-toning-apres-shampooing-violet-pour-cheveux-blonds-250ml\/\" \/>\n<meta property=\"og:site_name\" content=\"Vitablanca.ma &ndash; Sant&eacute;, vitalit&eacute; et bien-&ecirc;tre pour tous les Marocains\" \/>\n<meta property=\"article:publisher\" content=\"https:\/\/www.facebook.com\/profile.php?id=61576678196717\" \/>\n<meta property=\"article:modified_time\" content=\"2026-01-21T19:10:19+00:00\" \/>\n<meta property=\"og:image\" content=\"https:\/\/vitablanca.ma\/wp-content\/uploads\/2025\/05\/olaplex-bond-maintenance-conditioner-no5p-250ml.jpg\" \/>\n\t<meta property=\"og:image:width\" content=\"452\" \/>\n\t<meta property=\"og:image:height\" content=\"452\" \/>\n\t<meta property=\"og:image:type\" content=\"image\/jpeg\" \/>\n<meta name=\"twitter:card\" content=\"summary_large_image\" \/>\n<script type=\"application\/ld+json\" class=\"yoast-schema-graph\">{\"@context\":\"https:\\\/\\\/schema.org\",\"@graph\":[{\"@type\":[\"WebPage\",\"ItemPage\"],\"@id\":\"https:\\\/\\\/vitablanca.ma\\\/produit\\\/olaplex-no-5p-blonde-toning-apres-shampooing-violet-pour-cheveux-blonds-250ml\\\/\",\"url\":\"https:\\\/\\\/vitablanca.ma\\\/produit\\\/olaplex-no-5p-blonde-toning-apres-shampooing-violet-pour-cheveux-blonds-250ml\\\/\",\"name\":\"OLAPLEX NO.5P BLONDE TONING Apr\u00e8s-shampooing violet pour cheveux blonds 250ml - Maroc Prix\",\"isPartOf\":{\"@id\":\"https:\\\/\\\/vitablanca.ma\\\/#website\"},\"primaryImageOfPage\":{\"@id\":\"https:\\\/\\\/vitablanca.ma\\\/produit\\\/olaplex-no-5p-blonde-toning-apres-shampooing-violet-pour-cheveux-blonds-250ml\\\/#primaryimage\"},\"image\":{\"@id\":\"https:\\\/\\\/vitablanca.ma\\\/produit\\\/olaplex-no-5p-blonde-toning-apres-shampooing-violet-pour-cheveux-blonds-250ml\\\/#primaryimage\"},\"thumbnailUrl\":\"https:\\\/\\\/vitablanca.ma\\\/wp-content\\\/uploads\\\/2025\\\/05\\\/olaplex-bond-maintenance-conditioner-no5p-250ml.jpg\",\"datePublished\":\"2025-05-28T22:14:57+00:00\",\"dateModified\":\"2026-01-21T19:10:19+00:00\",\"description\":\"OLAPLEX NO.5P BLONDE TONING Apr\u00e8s-shampooing violet pour cheveux blonds 250ml\",\"breadcrumb\":{\"@id\":\"https:\\\/\\\/vitablanca.ma\\\/produit\\\/olaplex-no-5p-blonde-toning-apres-shampooing-violet-pour-cheveux-blonds-250ml\\\/#breadcrumb\"},\"inLanguage\":\"en-US\",\"potentialAction\":[{\"@type\":\"ReadAction\",\"target\":[\"https:\\\/\\\/vitablanca.ma\\\/produit\\\/olaplex-no-5p-blonde-toning-apres-shampooing-violet-pour-cheveux-blonds-250ml\\\/\"]}]},{\"@type\":\"ImageObject\",\"inLanguage\":\"en-US\",\"@id\":\"https:\\\/\\\/vitablanca.ma\\\/produit\\\/olaplex-no-5p-blonde-toning-apres-shampooing-violet-pour-cheveux-blonds-250ml\\\/#primaryimage\",\"url\":\"https:\\\/\\\/vitablanca.ma\\\/wp-content\\\/uploads\\\/2025\\\/05\\\/olaplex-bond-maintenance-conditioner-no5p-250ml.jpg\",\"contentUrl\":\"https:\\\/\\\/vitablanca.ma\\\/wp-content\\\/uploads\\\/2025\\\/05\\\/olaplex-bond-maintenance-conditioner-no5p-250ml.jpg\",\"width\":452,\"height\":452},{\"@type\":\"BreadcrumbList\",\"@id\":\"https:\\\/\\\/vitablanca.ma\\\/produit\\\/olaplex-no-5p-blonde-toning-apres-shampooing-violet-pour-cheveux-blonds-250ml\\\/#breadcrumb\",\"itemListElement\":[{\"@type\":\"ListItem\",\"position\":1,\"name\":\"Home\",\"item\":\"https:\\\/\\\/vitablanca.ma\\\/\"},{\"@type\":\"ListItem\",\"position\":2,\"name\":\"Tous Les Produits\",\"item\":\"https:\\\/\\\/vitablanca.ma\\\/tous-les-produits\\\/\"},{\"@type\":\"ListItem\",\"position\":3,\"name\":\"OLAPLEX NO.5P BLONDE TONING Apr\u00e8s-shampooing violet pour cheveux blonds 250ml\"}]},{\"@type\":\"WebSite\",\"@id\":\"https:\\\/\\\/vitablanca.ma\\\/#website\",\"url\":\"https:\\\/\\\/vitablanca.ma\\\/\",\"name\":\"VitaBlanca.ma | Compl\u00e9ments alimentaires, sant\u00e9 & beaut\u00e9 au Maroc\",\"description\":\"vendre vitamines et compl\u00e9ments premium des USA &amp; Canada, Nouvelle Z\u00e9lande,Maroc (NOW Foods, Solgar, Manuka). Livraison rapide partout au Maroc.\",\"publisher\":{\"@id\":\"https:\\\/\\\/vitablanca.ma\\\/#organization\"},\"alternateName\":\"VitaBlanca.ma\",\"potentialAction\":[{\"@type\":\"SearchAction\",\"target\":{\"@type\":\"EntryPoint\",\"urlTemplate\":\"https:\\\/\\\/vitablanca.ma\\\/?s={search_term_string}\"},\"query-input\":{\"@type\":\"PropertyValueSpecification\",\"valueRequired\":true,\"valueName\":\"search_term_string\"}}],\"inLanguage\":\"en-US\"},{\"@type\":\"Organization\",\"@id\":\"https:\\\/\\\/vitablanca.ma\\\/#organization\",\"name\":\"VitaBlanca\",\"url\":\"https:\\\/\\\/vitablanca.ma\\\/\",\"logo\":{\"@type\":\"ImageObject\",\"inLanguage\":\"en-US\",\"@id\":\"https:\\\/\\\/vitablanca.ma\\\/#\\\/schema\\\/logo\\\/image\\\/\",\"url\":\"https:\\\/\\\/vitablanca.ma\\\/wp-content\\\/uploads\\\/2025\\\/05\\\/cropped-vitablanca.png\",\"contentUrl\":\"https:\\\/\\\/vitablanca.ma\\\/wp-content\\\/uploads\\\/2025\\\/05\\\/cropped-vitablanca.png\",\"width\":360,\"height\":67,\"caption\":\"VitaBlanca\"},\"image\":{\"@id\":\"https:\\\/\\\/vitablanca.ma\\\/#\\\/schema\\\/logo\\\/image\\\/\"},\"sameAs\":[\"https:\\\/\\\/www.facebook.com\\\/profile.php?id=61576678196717\",\"https:\\\/\\\/www.tiktok.com\\\/@vitablanca.ma\",\"https:\\\/\\\/www.instagram.com\\\/vitablanca.ma\\\/\"]}]}<\/script>\n<!-- \/ Yoast SEO plugin. -->","yoast_head_json":{"title":"OLAPLEX NO.5P BLONDE TONING Purple Conditioner for Blonde Hair 250ml - Morocco Price","description":"OLAPLEX NO.5P BLONDE TONING Purple Conditioner for Blonde Hair 250ml","robots":{"index":"index","follow":"follow","max-snippet":"max-snippet:-1","max-image-preview":"max-image-preview:large","max-video-preview":"max-video-preview:-1"},"canonical":"https:\/\/vitablanca.ma\/en\/product\/olaplex-no-5p-blonde-toning-apres-shampooing-violet-pour-cheveux-blonds-250ml\/","og_locale":"en_US","og_type":"article","og_title":"OLAPLEX NO.5P BLONDE TONING Apr\u00e8s-shampooing violet pour cheveux blonds 250ml - Maroc Prix","og_description":"OLAPLEX NO.5P BLONDE TONING Apr\u00e8s-shampooing violet pour cheveux blonds 250ml","og_url":"https:\/\/vitablanca.ma\/en\/product\/olaplex-no-5p-blonde-toning-apres-shampooing-violet-pour-cheveux-blonds-250ml\/","og_site_name":"Vitablanca.ma &ndash; Sant&eacute;, vitalit&eacute; et bien-&ecirc;tre pour tous les Marocains","article_publisher":"https:\/\/www.facebook.com\/profile.php?id=61576678196717","article_modified_time":"2026-01-21T19:10:19+00:00","og_image":[{"width":452,"height":452,"url":"https:\/\/vitablanca.ma\/wp-content\/uploads\/2025\/05\/olaplex-bond-maintenance-conditioner-no5p-250ml.jpg","type":"image\/jpeg"}],"twitter_card":"summary_large_image","schema":{"@context":"https:\/\/schema.org","@graph":[{"@type":["WebPage","ItemPage"],"@id":"https:\/\/vitablanca.ma\/produit\/olaplex-no-5p-blonde-toning-apres-shampooing-violet-pour-cheveux-blonds-250ml\/","url":"https:\/\/vitablanca.ma\/produit\/olaplex-no-5p-blonde-toning-apres-shampooing-violet-pour-cheveux-blonds-250ml\/","name":"OLAPLEX NO.5P BLONDE TONING Purple Conditioner for Blonde Hair 250ml - Morocco Price","isPartOf":{"@id":"https:\/\/vitablanca.ma\/#website"},"primaryImageOfPage":{"@id":"https:\/\/vitablanca.ma\/produit\/olaplex-no-5p-blonde-toning-apres-shampooing-violet-pour-cheveux-blonds-250ml\/#primaryimage"},"image":{"@id":"https:\/\/vitablanca.ma\/produit\/olaplex-no-5p-blonde-toning-apres-shampooing-violet-pour-cheveux-blonds-250ml\/#primaryimage"},"thumbnailUrl":"https:\/\/vitablanca.ma\/wp-content\/uploads\/2025\/05\/olaplex-bond-maintenance-conditioner-no5p-250ml.jpg","datePublished":"2025-05-28T22:14:57+00:00","dateModified":"2026-01-21T19:10:19+00:00","description":"OLAPLEX NO.5P BLONDE TONING Purple Conditioner for Blonde Hair 250ml","breadcrumb":{"@id":"https:\/\/vitablanca.ma\/produit\/olaplex-no-5p-blonde-toning-apres-shampooing-violet-pour-cheveux-blonds-250ml\/#breadcrumb"},"inLanguage":"en-US","potentialAction":[{"@type":"ReadAction","target":["https:\/\/vitablanca.ma\/produit\/olaplex-no-5p-blonde-toning-apres-shampooing-violet-pour-cheveux-blonds-250ml\/"]}]},{"@type":"ImageObject","inLanguage":"en-US","@id":"https:\/\/vitablanca.ma\/produit\/olaplex-no-5p-blonde-toning-apres-shampooing-violet-pour-cheveux-blonds-250ml\/#primaryimage","url":"https:\/\/vitablanca.ma\/wp-content\/uploads\/2025\/05\/olaplex-bond-maintenance-conditioner-no5p-250ml.jpg","contentUrl":"https:\/\/vitablanca.ma\/wp-content\/uploads\/2025\/05\/olaplex-bond-maintenance-conditioner-no5p-250ml.jpg","width":452,"height":452},{"@type":"BreadcrumbList","@id":"https:\/\/vitablanca.ma\/produit\/olaplex-no-5p-blonde-toning-apres-shampooing-violet-pour-cheveux-blonds-250ml\/#breadcrumb","itemListElement":[{"@type":"ListItem","position":1,"name":"Home","item":"https:\/\/vitablanca.ma\/"},{"@type":"ListItem","position":2,"name":"Tous Les Produits","item":"https:\/\/vitablanca.ma\/tous-les-produits\/"},{"@type":"ListItem","position":3,"name":"OLAPLEX NO.5P BLONDE TONING Apr\u00e8s-shampooing violet pour cheveux blonds 250ml"}]},{"@type":"WebSite","@id":"https:\/\/vitablanca.ma\/#website","url":"https:\/\/vitablanca.ma\/","name":"VitaBlanca.ma | Food supplements, health &amp; beauty in Morocco","description":"sell premium vitamins and supplements from USA &amp; Canada, New Zealand, Morocco (NOW Foods, Solgar, Manuka). Fast delivery anywhere in Morocco.","publisher":{"@id":"https:\/\/vitablanca.ma\/#organization"},"alternateName":"VitaBlanca.ma","potentialAction":[{"@type":"SearchAction","target":{"@type":"EntryPoint","urlTemplate":"https:\/\/vitablanca.ma\/?s={search_term_string}"},"query-input":{"@type":"PropertyValueSpecification","valueRequired":true,"valueName":"search_term_string"}}],"inLanguage":"en-US"},{"@type":"Organization","@id":"https:\/\/vitablanca.ma\/#organization","name":"VitaBlanca","url":"https:\/\/vitablanca.ma\/","logo":{"@type":"ImageObject","inLanguage":"en-US","@id":"https:\/\/vitablanca.ma\/#\/schema\/logo\/image\/","url":"https:\/\/vitablanca.ma\/wp-content\/uploads\/2025\/05\/cropped-vitablanca.png","contentUrl":"https:\/\/vitablanca.ma\/wp-content\/uploads\/2025\/05\/cropped-vitablanca.png","width":360,"height":67,"caption":"VitaBlanca"},"image":{"@id":"https:\/\/vitablanca.ma\/#\/schema\/logo\/image\/"},"sameAs":["https:\/\/www.facebook.com\/profile.php?id=61576678196717","https:\/\/www.tiktok.com\/@vitablanca.ma","https:\/\/www.instagram.com\/vitablanca.ma\/"]}]}},"jetpack_sharing_enabled":true,"_links":{"self":[{"href":"https:\/\/vitablanca.ma\/en\/wp-json\/wp\/v2\/product\/12714","targetHints":{"allow":["GET"]}}],"collection":[{"href":"https:\/\/vitablanca.ma\/en\/wp-json\/wp\/v2\/product"}],"about":[{"href":"https:\/\/vitablanca.ma\/en\/wp-json\/wp\/v2\/types\/product"}],"wp:featuredmedia":[{"embeddable":true,"href":"https:\/\/vitablanca.ma\/en\/wp-json\/wp\/v2\/media\/12713"}],"wp:attachment":[{"href":"https:\/\/vitablanca.ma\/en\/wp-json\/wp\/v2\/media?parent=12714"}],"wp:term":[{"taxonomy":"product_brand","embeddable":true,"href":"https:\/\/vitablanca.ma\/en\/wp-json\/wp\/v2\/product_brand?post=12714"},{"taxonomy":"product_cat","embeddable":true,"href":"https:\/\/vitablanca.ma\/en\/wp-json\/wp\/v2\/product_cat?post=12714"},{"taxonomy":"product_tag","embeddable":true,"href":"https:\/\/vitablanca.ma\/en\/wp-json\/wp\/v2\/product_tag?post=12714"}],"curies":[{"name":"wp","href":"https:\/\/api.w.org\/{rel}","templated":true}]}}