{"id":12688,"date":"2025-05-28T22:14:06","date_gmt":"2025-05-28T22:14:06","guid":{"rendered":"https:\/\/vitablanca.ma\/product\/qa-clarifying-shampoo-250ml\/"},"modified":"2026-03-19T13:19:59","modified_gmt":"2026-03-19T13:19:59","slug":"qa-clarifying-shampoo-250ml","status":"publish","type":"product","link":"https:\/\/vitablanca.ma\/en\/product\/qa-clarifying-shampoo-250ml\/","title":{"rendered":"Q+A \u2013 Clarifying Shampoo 250ml"},"content":{"rendered":"<h2>Description<\/h2>\n<ul>\n<li>Clarifying shampoo<\/li>\n<li>Cleanses, exfoliates and balances the scalp<\/li>\n<li>With salicylic acid, oats and prebiotic ingredients<\/li>\n<\/ul>\n<p>Vous voulez garder votre cuir chevelu frais et sain ? Ce shampooing clarifiant \u00e9limine les accumulations et les impuret\u00e9s, tout en nettoyant et exfoliant en douceur. Sa formule naturelle contient de l\u2019acide salicylique, de l\u2019avoine et des ingr\u00e9dients pr\u00e9biotiques qui r\u00e9parent et apaisent le microbiome sensible du cuir chevelu. Parfait pour r\u00e9\u00e9quilibrer vos cheveux et votre cuir chevelu.<\/p>\n<h4>Why choose Q+A?<\/h4>\n<p>La marque de cosm\u00e9tiques britannique Q+A fabrique des produits de soins naturels, efficaces et abordables. Q+A signifie \u00ab\u00a0Question + Answer\u00a0\u00bb : ils sont l\u00e0 pour r\u00e9pondre \u00e0 toutes les questions sur tous les types de peau. Les produits Q+A sont formul\u00e9s \u00e0 partir d\u2019ingr\u00e9dients naturels et actifs, tels que l\u2019acide hyaluronique, le r\u00e9tinol et la vitamine C. Ils sont exempts de parab\u00e8nes, de sulfates, d\u2019huiles min\u00e9rales et de colorants artificiels. Et ils sont abordables !<\/p>\n<p>\u00a0<\/p>\n<h2>ingredients:<\/h2>\n<p>All ingredients:<\/p>\n<p>Aqua (Water), Sodium Coco-Sulfate, Cocamidopropyl Betaine, Propanediol, Decyl Glucoside, Sodium Lauroyl Sarcosinate, Salicylic Acid, Avena Sativa (Oat) Kernel Meal, Inulin, Fructose, Aloe Barbadensis (Aloe Vera) Leaf Juice, Phytantriol, Caprylyl\/Capryl Glucoside, Lauryl Glucoside, Coco-Glucoside, Glyceryl Oleate, Potassium Sorbate, Glycol Distearate, Sodium Gluconate, Laureth-4, Guar Hydroxypropyltrimonium Chloride, Ethylhexylglycerin, Phenoxyethanol, Parfum (Fragrance), Sodium Chloride, Sodium Benzoate, Lactic Acid, Citric Acid, Benzyl Benzoate, Hexyl Cinnamal, Benzyl Salicylate.<\/p>\n<p>Toujours lire l\u2019\u00e9tiquette avant utilisation<\/p>\n<p>\u00a0<\/p>\n<h2>Additional information<\/h2>\n<h4>Directions for use<\/h4>\n<p>\u00a0<\/p>\n<ul>\n<li>On wet hair, apply a small amount of shampoo to the scalp.<\/li>\n<li>Massage gently to exfoliate and activate circulation.<\/li>\n<li>Leave on for one minute to allow the active ingredients to work.<\/li>\n<li>Rinse thoroughly.<\/li>\n<\/ul>\n<p>Use 1 to 2 times a week for a balanced and purified scalp.<\/p>","protected":false},"excerpt":{"rendered":"<p>Description Shampooing clarifiant Nettoie, exfolie et \u00e9quilibre le cuir chevelu Avec acide salicylique, avoine et ingr\u00e9dients pr\u00e9biotiques Vous voulez garder votre cuir chevelu frais et sain ? Ce shampooing clarifiant \u00e9limine les accumulations et les impuret\u00e9s, tout en nettoyant et exfoliant en douceur. Sa formule naturelle contient de l\u2019acide salicylique, de l\u2019avoine et des ingr\u00e9dients [&hellip;]<\/p>\n","protected":false},"featured_media":12685,"template":"","meta":{"om_disable_all_campaigns":false},"product_brand":[4357],"product_cat":[18],"product_tag":[],"class_list":{"0":"post-12688","1":"product","2":"type-product","3":"status-publish","4":"has-post-thumbnail","6":"product_brand-qa-maroc-prix-para","7":"product_cat-beaute-sante","9":"first","10":"outofstock","11":"taxable","12":"shipping-taxable","13":"purchasable","14":"product-type-simple"},"yoast_head":"<!-- This site is optimized with the Yoast SEO plugin v27.5 - https:\/\/yoast.com\/product\/yoast-seo-wordpress\/ -->\n<title>Q+A - Clarifying Shampoo 250ml - Maroc Prix<\/title>\n<meta name=\"description\" content=\"Q+A - Clarifying Shampoo 250ml\" \/>\n<meta name=\"robots\" content=\"index, follow, max-snippet:-1, max-image-preview:large, max-video-preview:-1\" \/>\n<link rel=\"canonical\" href=\"https:\/\/vitablanca.ma\/en\/product\/qa-clarifying-shampoo-250ml\/\" \/>\n<meta property=\"og:locale\" content=\"en_US\" \/>\n<meta property=\"og:type\" content=\"article\" \/>\n<meta property=\"og:title\" content=\"Q+A - Clarifying Shampoo 250ml - Maroc Prix\" \/>\n<meta property=\"og:description\" content=\"Q+A - Clarifying Shampoo 250ml\" \/>\n<meta property=\"og:url\" content=\"https:\/\/vitablanca.ma\/en\/product\/qa-clarifying-shampoo-250ml\/\" \/>\n<meta property=\"og:site_name\" content=\"Vitablanca.ma &ndash; Sant&eacute;, vitalit&eacute; et bien-&ecirc;tre pour tous les Marocains\" \/>\n<meta property=\"article:publisher\" content=\"https:\/\/www.facebook.com\/profile.php?id=61576678196717\" \/>\n<meta property=\"article:modified_time\" content=\"2026-03-19T13:19:59+00:00\" \/>\n<meta property=\"og:image\" content=\"https:\/\/vitablanca.ma\/wp-content\/uploads\/2025\/05\/0M3ZvigZrqcriRBN-medium.jpg\" \/>\n\t<meta property=\"og:image:width\" content=\"1600\" \/>\n\t<meta property=\"og:image:height\" content=\"1600\" \/>\n\t<meta property=\"og:image:type\" content=\"image\/jpeg\" \/>\n<meta name=\"twitter:card\" content=\"summary_large_image\" \/>\n<meta name=\"twitter:label1\" content=\"Est. reading time\" \/>\n\t<meta name=\"twitter:data1\" content=\"1 minute\" \/>\n<script type=\"application\/ld+json\" class=\"yoast-schema-graph\">{\"@context\":\"https:\\\/\\\/schema.org\",\"@graph\":[{\"@type\":[\"WebPage\",\"ItemPage\"],\"@id\":\"https:\\\/\\\/vitablanca.ma\\\/produit\\\/qa-clarifying-shampoo-250ml\\\/\",\"url\":\"https:\\\/\\\/vitablanca.ma\\\/produit\\\/qa-clarifying-shampoo-250ml\\\/\",\"name\":\"Q+A - Clarifying Shampoo 250ml - Maroc Prix\",\"isPartOf\":{\"@id\":\"https:\\\/\\\/vitablanca.ma\\\/#website\"},\"primaryImageOfPage\":{\"@id\":\"https:\\\/\\\/vitablanca.ma\\\/produit\\\/qa-clarifying-shampoo-250ml\\\/#primaryimage\"},\"image\":{\"@id\":\"https:\\\/\\\/vitablanca.ma\\\/produit\\\/qa-clarifying-shampoo-250ml\\\/#primaryimage\"},\"thumbnailUrl\":\"https:\\\/\\\/vitablanca.ma\\\/wp-content\\\/uploads\\\/2025\\\/05\\\/0M3ZvigZrqcriRBN-medium.jpg\",\"datePublished\":\"2025-05-28T22:14:06+00:00\",\"dateModified\":\"2026-03-19T13:19:59+00:00\",\"description\":\"Q+A - Clarifying Shampoo 250ml\",\"breadcrumb\":{\"@id\":\"https:\\\/\\\/vitablanca.ma\\\/produit\\\/qa-clarifying-shampoo-250ml\\\/#breadcrumb\"},\"inLanguage\":\"en-US\",\"potentialAction\":[{\"@type\":\"ReadAction\",\"target\":[\"https:\\\/\\\/vitablanca.ma\\\/produit\\\/qa-clarifying-shampoo-250ml\\\/\"]}]},{\"@type\":\"ImageObject\",\"inLanguage\":\"en-US\",\"@id\":\"https:\\\/\\\/vitablanca.ma\\\/produit\\\/qa-clarifying-shampoo-250ml\\\/#primaryimage\",\"url\":\"https:\\\/\\\/vitablanca.ma\\\/wp-content\\\/uploads\\\/2025\\\/05\\\/0M3ZvigZrqcriRBN-medium.jpg\",\"contentUrl\":\"https:\\\/\\\/vitablanca.ma\\\/wp-content\\\/uploads\\\/2025\\\/05\\\/0M3ZvigZrqcriRBN-medium.jpg\",\"width\":1600,\"height\":1600},{\"@type\":\"BreadcrumbList\",\"@id\":\"https:\\\/\\\/vitablanca.ma\\\/produit\\\/qa-clarifying-shampoo-250ml\\\/#breadcrumb\",\"itemListElement\":[{\"@type\":\"ListItem\",\"position\":1,\"name\":\"Home\",\"item\":\"https:\\\/\\\/vitablanca.ma\\\/\"},{\"@type\":\"ListItem\",\"position\":2,\"name\":\"Tous Les Produits\",\"item\":\"https:\\\/\\\/vitablanca.ma\\\/tous-les-produits\\\/\"},{\"@type\":\"ListItem\",\"position\":3,\"name\":\"Q+A &#8211; Clarifying Shampoo 250ml\"}]},{\"@type\":\"WebSite\",\"@id\":\"https:\\\/\\\/vitablanca.ma\\\/#website\",\"url\":\"https:\\\/\\\/vitablanca.ma\\\/\",\"name\":\"VitaBlanca.ma | Compl\u00e9ments alimentaires, sant\u00e9 & beaut\u00e9 au Maroc\",\"description\":\"vendre vitamines et compl\u00e9ments premium des USA &amp; Canada, Nouvelle Z\u00e9lande,Maroc (NOW Foods, Solgar, Manuka). Livraison rapide partout au Maroc.\",\"publisher\":{\"@id\":\"https:\\\/\\\/vitablanca.ma\\\/#organization\"},\"alternateName\":\"VitaBlanca.ma\",\"potentialAction\":[{\"@type\":\"SearchAction\",\"target\":{\"@type\":\"EntryPoint\",\"urlTemplate\":\"https:\\\/\\\/vitablanca.ma\\\/?s={search_term_string}\"},\"query-input\":{\"@type\":\"PropertyValueSpecification\",\"valueRequired\":true,\"valueName\":\"search_term_string\"}}],\"inLanguage\":\"en-US\"},{\"@type\":\"Organization\",\"@id\":\"https:\\\/\\\/vitablanca.ma\\\/#organization\",\"name\":\"VitaBlanca\",\"url\":\"https:\\\/\\\/vitablanca.ma\\\/\",\"logo\":{\"@type\":\"ImageObject\",\"inLanguage\":\"en-US\",\"@id\":\"https:\\\/\\\/vitablanca.ma\\\/#\\\/schema\\\/logo\\\/image\\\/\",\"url\":\"https:\\\/\\\/vitablanca.ma\\\/wp-content\\\/uploads\\\/2025\\\/05\\\/cropped-vitablanca.png\",\"contentUrl\":\"https:\\\/\\\/vitablanca.ma\\\/wp-content\\\/uploads\\\/2025\\\/05\\\/cropped-vitablanca.png\",\"width\":360,\"height\":67,\"caption\":\"VitaBlanca\"},\"image\":{\"@id\":\"https:\\\/\\\/vitablanca.ma\\\/#\\\/schema\\\/logo\\\/image\\\/\"},\"sameAs\":[\"https:\\\/\\\/www.facebook.com\\\/profile.php?id=61576678196717\",\"https:\\\/\\\/www.tiktok.com\\\/@vitablanca.ma\",\"https:\\\/\\\/www.instagram.com\\\/vitablanca.ma\\\/\"]}]}<\/script>\n<!-- \/ Yoast SEO plugin. -->","yoast_head_json":{"title":"Q+A - Clarifying Shampoo 250ml - Morocco Price","description":"Q+A - Clarifying Shampoo 250ml","robots":{"index":"index","follow":"follow","max-snippet":"max-snippet:-1","max-image-preview":"max-image-preview:large","max-video-preview":"max-video-preview:-1"},"canonical":"https:\/\/vitablanca.ma\/en\/product\/qa-clarifying-shampoo-250ml\/","og_locale":"en_US","og_type":"article","og_title":"Q+A - Clarifying Shampoo 250ml - Maroc Prix","og_description":"Q+A - Clarifying Shampoo 250ml","og_url":"https:\/\/vitablanca.ma\/en\/product\/qa-clarifying-shampoo-250ml\/","og_site_name":"Vitablanca.ma &ndash; Sant&eacute;, vitalit&eacute; et bien-&ecirc;tre pour tous les Marocains","article_publisher":"https:\/\/www.facebook.com\/profile.php?id=61576678196717","article_modified_time":"2026-03-19T13:19:59+00:00","og_image":[{"width":1600,"height":1600,"url":"https:\/\/vitablanca.ma\/wp-content\/uploads\/2025\/05\/0M3ZvigZrqcriRBN-medium.jpg","type":"image\/jpeg"}],"twitter_card":"summary_large_image","twitter_misc":{"Est. reading time":"1 minute"},"schema":{"@context":"https:\/\/schema.org","@graph":[{"@type":["WebPage","ItemPage"],"@id":"https:\/\/vitablanca.ma\/produit\/qa-clarifying-shampoo-250ml\/","url":"https:\/\/vitablanca.ma\/produit\/qa-clarifying-shampoo-250ml\/","name":"Q+A - Clarifying Shampoo 250ml - Morocco Price","isPartOf":{"@id":"https:\/\/vitablanca.ma\/#website"},"primaryImageOfPage":{"@id":"https:\/\/vitablanca.ma\/produit\/qa-clarifying-shampoo-250ml\/#primaryimage"},"image":{"@id":"https:\/\/vitablanca.ma\/produit\/qa-clarifying-shampoo-250ml\/#primaryimage"},"thumbnailUrl":"https:\/\/vitablanca.ma\/wp-content\/uploads\/2025\/05\/0M3ZvigZrqcriRBN-medium.jpg","datePublished":"2025-05-28T22:14:06+00:00","dateModified":"2026-03-19T13:19:59+00:00","description":"Q+A - Clarifying Shampoo 250ml","breadcrumb":{"@id":"https:\/\/vitablanca.ma\/produit\/qa-clarifying-shampoo-250ml\/#breadcrumb"},"inLanguage":"en-US","potentialAction":[{"@type":"ReadAction","target":["https:\/\/vitablanca.ma\/produit\/qa-clarifying-shampoo-250ml\/"]}]},{"@type":"ImageObject","inLanguage":"en-US","@id":"https:\/\/vitablanca.ma\/produit\/qa-clarifying-shampoo-250ml\/#primaryimage","url":"https:\/\/vitablanca.ma\/wp-content\/uploads\/2025\/05\/0M3ZvigZrqcriRBN-medium.jpg","contentUrl":"https:\/\/vitablanca.ma\/wp-content\/uploads\/2025\/05\/0M3ZvigZrqcriRBN-medium.jpg","width":1600,"height":1600},{"@type":"BreadcrumbList","@id":"https:\/\/vitablanca.ma\/produit\/qa-clarifying-shampoo-250ml\/#breadcrumb","itemListElement":[{"@type":"ListItem","position":1,"name":"Home","item":"https:\/\/vitablanca.ma\/"},{"@type":"ListItem","position":2,"name":"Tous Les Produits","item":"https:\/\/vitablanca.ma\/tous-les-produits\/"},{"@type":"ListItem","position":3,"name":"Q+A &#8211; Clarifying Shampoo 250ml"}]},{"@type":"WebSite","@id":"https:\/\/vitablanca.ma\/#website","url":"https:\/\/vitablanca.ma\/","name":"VitaBlanca.ma | Food supplements, health &amp; beauty in Morocco","description":"sell premium vitamins and supplements from USA &amp; Canada, New Zealand, Morocco (NOW Foods, Solgar, Manuka). Fast delivery anywhere in Morocco.","publisher":{"@id":"https:\/\/vitablanca.ma\/#organization"},"alternateName":"VitaBlanca.ma","potentialAction":[{"@type":"SearchAction","target":{"@type":"EntryPoint","urlTemplate":"https:\/\/vitablanca.ma\/?s={search_term_string}"},"query-input":{"@type":"PropertyValueSpecification","valueRequired":true,"valueName":"search_term_string"}}],"inLanguage":"en-US"},{"@type":"Organization","@id":"https:\/\/vitablanca.ma\/#organization","name":"VitaBlanca","url":"https:\/\/vitablanca.ma\/","logo":{"@type":"ImageObject","inLanguage":"en-US","@id":"https:\/\/vitablanca.ma\/#\/schema\/logo\/image\/","url":"https:\/\/vitablanca.ma\/wp-content\/uploads\/2025\/05\/cropped-vitablanca.png","contentUrl":"https:\/\/vitablanca.ma\/wp-content\/uploads\/2025\/05\/cropped-vitablanca.png","width":360,"height":67,"caption":"VitaBlanca"},"image":{"@id":"https:\/\/vitablanca.ma\/#\/schema\/logo\/image\/"},"sameAs":["https:\/\/www.facebook.com\/profile.php?id=61576678196717","https:\/\/www.tiktok.com\/@vitablanca.ma","https:\/\/www.instagram.com\/vitablanca.ma\/"]}]}},"jetpack_sharing_enabled":true,"_links":{"self":[{"href":"https:\/\/vitablanca.ma\/en\/wp-json\/wp\/v2\/product\/12688","targetHints":{"allow":["GET"]}}],"collection":[{"href":"https:\/\/vitablanca.ma\/en\/wp-json\/wp\/v2\/product"}],"about":[{"href":"https:\/\/vitablanca.ma\/en\/wp-json\/wp\/v2\/types\/product"}],"wp:featuredmedia":[{"embeddable":true,"href":"https:\/\/vitablanca.ma\/en\/wp-json\/wp\/v2\/media\/12685"}],"wp:attachment":[{"href":"https:\/\/vitablanca.ma\/en\/wp-json\/wp\/v2\/media?parent=12688"}],"wp:term":[{"taxonomy":"product_brand","embeddable":true,"href":"https:\/\/vitablanca.ma\/en\/wp-json\/wp\/v2\/product_brand?post=12688"},{"taxonomy":"product_cat","embeddable":true,"href":"https:\/\/vitablanca.ma\/en\/wp-json\/wp\/v2\/product_cat?post=12688"},{"taxonomy":"product_tag","embeddable":true,"href":"https:\/\/vitablanca.ma\/en\/wp-json\/wp\/v2\/product_tag?post=12688"}],"curies":[{"name":"wp","href":"https:\/\/api.w.org\/{rel}","templated":true}]}}