{"id":12670,"date":"2025-05-28T22:13:27","date_gmt":"2025-05-28T22:13:27","guid":{"rendered":"https:\/\/vitablanca.ma\/product\/garnier-fructis-aloe-vera-hydra-bomb-hydrating-shampoo-400ml\/"},"modified":"2026-03-09T16:54:53","modified_gmt":"2026-03-09T16:54:53","slug":"garnier-fructis-aloe-vera-hydra-bomb-hydrating-shampoo-400ml","status":"publish","type":"product","link":"https:\/\/vitablanca.ma\/en\/product\/garnier-fructis-aloe-vera-hydra-bomb-hydrating-shampoo-400ml\/","title":{"rendered":"Garnier Fructis Aloe Vera Hydra Bomb Hydrating Shampoo 400ml"},"content":{"rendered":"<p data-mce-fragment=\"1\">Essayez le Shampooing Hydratant Garnier Fructis Aloe Vera Hydra Bomb ! Formul\u00e9 sp\u00e9cialement pour les cheveux normaux, il contient de l\u2019extrait d\u2019Aloe Vera et de la Glyc\u00e9rine V\u00e9g\u00e9tale qui offrent une hydratation optimale. Une hydratation explosive pour des cheveux nourris et doux !<\/p>","protected":false},"excerpt":{"rendered":"<p>Essayez le Shampooing Hydratant Garnier Fructis Aloe Vera Hydra Bomb ! Formul\u00e9 sp\u00e9cialement pour les cheveux normaux, il contient de l\u2019extrait d\u2019Aloe Vera et de la Glyc\u00e9rine V\u00e9g\u00e9tale qui offrent une hydratation optimale. Une hydratation explosive pour des cheveux nourris et doux !<\/p>","protected":false},"featured_media":12669,"template":"","meta":{"om_disable_all_campaigns":false},"product_brand":[],"product_cat":[15],"product_tag":[],"class_list":{"0":"post-12670","1":"product","2":"type-product","3":"status-publish","4":"has-post-thumbnail","6":"product_cat-beaute-sante-complements-alimentaires-soins-et-bien-etre-au-meilleur-prix","8":"first","9":"outofstock","10":"taxable","11":"shipping-taxable","12":"purchasable","13":"product-type-simple"},"yoast_head":"<!-- This site is optimized with the Yoast SEO plugin v27.5 - https:\/\/yoast.com\/product\/yoast-seo-wordpress\/ -->\n<title>Garnier Fructis Aloe Vera Hydra Bomb Hydrating Shampoo 400ml - Maroc Prix<\/title>\n<meta name=\"description\" content=\"Garnier Fructis Aloe Vera Hydra Bomb Hydrating Shampoo 400ml\" \/>\n<meta name=\"robots\" content=\"index, follow, max-snippet:-1, max-image-preview:large, max-video-preview:-1\" \/>\n<link rel=\"canonical\" href=\"https:\/\/vitablanca.ma\/en\/product\/garnier-fructis-aloe-vera-hydra-bomb-hydrating-shampoo-400ml\/\" \/>\n<meta property=\"og:locale\" content=\"en_US\" \/>\n<meta property=\"og:type\" content=\"article\" \/>\n<meta property=\"og:title\" content=\"Garnier Fructis Aloe Vera Hydra Bomb Hydrating Shampoo 400ml - Maroc Prix\" \/>\n<meta property=\"og:description\" content=\"Garnier Fructis Aloe Vera Hydra Bomb Hydrating Shampoo 400ml\" \/>\n<meta property=\"og:url\" content=\"https:\/\/vitablanca.ma\/en\/product\/garnier-fructis-aloe-vera-hydra-bomb-hydrating-shampoo-400ml\/\" \/>\n<meta property=\"og:site_name\" content=\"Vitablanca.ma &ndash; Sant&eacute;, vitalit&eacute; et bien-&ecirc;tre pour tous les Marocains\" \/>\n<meta property=\"article:publisher\" content=\"https:\/\/www.facebook.com\/profile.php?id=61576678196717\" \/>\n<meta property=\"article:modified_time\" content=\"2026-03-09T16:54:53+00:00\" \/>\n<meta property=\"og:image\" content=\"https:\/\/vitablanca.ma\/wp-content\/uploads\/2025\/05\/garnier-fructis-aloe-vera-hydra-bomb-hydrating-shampoo-400ml.jpg\" \/>\n\t<meta property=\"og:image:width\" content=\"1280\" \/>\n\t<meta property=\"og:image:height\" content=\"1280\" \/>\n\t<meta property=\"og:image:type\" content=\"image\/jpeg\" \/>\n<meta name=\"twitter:card\" content=\"summary_large_image\" \/>\n<script type=\"application\/ld+json\" class=\"yoast-schema-graph\">{\"@context\":\"https:\\\/\\\/schema.org\",\"@graph\":[{\"@type\":[\"WebPage\",\"ItemPage\"],\"@id\":\"https:\\\/\\\/vitablanca.ma\\\/produit\\\/garnier-fructis-aloe-vera-hydra-bomb-hydrating-shampoo-400ml\\\/\",\"url\":\"https:\\\/\\\/vitablanca.ma\\\/produit\\\/garnier-fructis-aloe-vera-hydra-bomb-hydrating-shampoo-400ml\\\/\",\"name\":\"Garnier Fructis Aloe Vera Hydra Bomb Hydrating Shampoo 400ml - Maroc Prix\",\"isPartOf\":{\"@id\":\"https:\\\/\\\/vitablanca.ma\\\/#website\"},\"primaryImageOfPage\":{\"@id\":\"https:\\\/\\\/vitablanca.ma\\\/produit\\\/garnier-fructis-aloe-vera-hydra-bomb-hydrating-shampoo-400ml\\\/#primaryimage\"},\"image\":{\"@id\":\"https:\\\/\\\/vitablanca.ma\\\/produit\\\/garnier-fructis-aloe-vera-hydra-bomb-hydrating-shampoo-400ml\\\/#primaryimage\"},\"thumbnailUrl\":\"https:\\\/\\\/vitablanca.ma\\\/wp-content\\\/uploads\\\/2025\\\/05\\\/garnier-fructis-aloe-vera-hydra-bomb-hydrating-shampoo-400ml.jpg\",\"datePublished\":\"2025-05-28T22:13:27+00:00\",\"dateModified\":\"2026-03-09T16:54:53+00:00\",\"description\":\"Garnier Fructis Aloe Vera Hydra Bomb Hydrating Shampoo 400ml\",\"breadcrumb\":{\"@id\":\"https:\\\/\\\/vitablanca.ma\\\/produit\\\/garnier-fructis-aloe-vera-hydra-bomb-hydrating-shampoo-400ml\\\/#breadcrumb\"},\"inLanguage\":\"en-US\",\"potentialAction\":[{\"@type\":\"ReadAction\",\"target\":[\"https:\\\/\\\/vitablanca.ma\\\/produit\\\/garnier-fructis-aloe-vera-hydra-bomb-hydrating-shampoo-400ml\\\/\"]}]},{\"@type\":\"ImageObject\",\"inLanguage\":\"en-US\",\"@id\":\"https:\\\/\\\/vitablanca.ma\\\/produit\\\/garnier-fructis-aloe-vera-hydra-bomb-hydrating-shampoo-400ml\\\/#primaryimage\",\"url\":\"https:\\\/\\\/vitablanca.ma\\\/wp-content\\\/uploads\\\/2025\\\/05\\\/garnier-fructis-aloe-vera-hydra-bomb-hydrating-shampoo-400ml.jpg\",\"contentUrl\":\"https:\\\/\\\/vitablanca.ma\\\/wp-content\\\/uploads\\\/2025\\\/05\\\/garnier-fructis-aloe-vera-hydra-bomb-hydrating-shampoo-400ml.jpg\",\"width\":1280,\"height\":1280},{\"@type\":\"BreadcrumbList\",\"@id\":\"https:\\\/\\\/vitablanca.ma\\\/produit\\\/garnier-fructis-aloe-vera-hydra-bomb-hydrating-shampoo-400ml\\\/#breadcrumb\",\"itemListElement\":[{\"@type\":\"ListItem\",\"position\":1,\"name\":\"Home\",\"item\":\"https:\\\/\\\/vitablanca.ma\\\/\"},{\"@type\":\"ListItem\",\"position\":2,\"name\":\"Tous Les Produits\",\"item\":\"https:\\\/\\\/vitablanca.ma\\\/tous-les-produits\\\/\"},{\"@type\":\"ListItem\",\"position\":3,\"name\":\"Garnier Fructis Aloe Vera Hydra Bomb Hydrating Shampoo 400ml\"}]},{\"@type\":\"WebSite\",\"@id\":\"https:\\\/\\\/vitablanca.ma\\\/#website\",\"url\":\"https:\\\/\\\/vitablanca.ma\\\/\",\"name\":\"VitaBlanca.ma | Compl\u00e9ments alimentaires, sant\u00e9 & beaut\u00e9 au Maroc\",\"description\":\"vendre vitamines et compl\u00e9ments premium des USA &amp; Canada, Nouvelle Z\u00e9lande,Maroc (NOW Foods, Solgar, Manuka). Livraison rapide partout au Maroc.\",\"publisher\":{\"@id\":\"https:\\\/\\\/vitablanca.ma\\\/#organization\"},\"alternateName\":\"VitaBlanca.ma\",\"potentialAction\":[{\"@type\":\"SearchAction\",\"target\":{\"@type\":\"EntryPoint\",\"urlTemplate\":\"https:\\\/\\\/vitablanca.ma\\\/?s={search_term_string}\"},\"query-input\":{\"@type\":\"PropertyValueSpecification\",\"valueRequired\":true,\"valueName\":\"search_term_string\"}}],\"inLanguage\":\"en-US\"},{\"@type\":\"Organization\",\"@id\":\"https:\\\/\\\/vitablanca.ma\\\/#organization\",\"name\":\"VitaBlanca\",\"url\":\"https:\\\/\\\/vitablanca.ma\\\/\",\"logo\":{\"@type\":\"ImageObject\",\"inLanguage\":\"en-US\",\"@id\":\"https:\\\/\\\/vitablanca.ma\\\/#\\\/schema\\\/logo\\\/image\\\/\",\"url\":\"https:\\\/\\\/vitablanca.ma\\\/wp-content\\\/uploads\\\/2025\\\/05\\\/cropped-vitablanca.png\",\"contentUrl\":\"https:\\\/\\\/vitablanca.ma\\\/wp-content\\\/uploads\\\/2025\\\/05\\\/cropped-vitablanca.png\",\"width\":360,\"height\":67,\"caption\":\"VitaBlanca\"},\"image\":{\"@id\":\"https:\\\/\\\/vitablanca.ma\\\/#\\\/schema\\\/logo\\\/image\\\/\"},\"sameAs\":[\"https:\\\/\\\/www.facebook.com\\\/profile.php?id=61576678196717\",\"https:\\\/\\\/www.tiktok.com\\\/@vitablanca.ma\",\"https:\\\/\\\/www.instagram.com\\\/vitablanca.ma\\\/\"]}]}<\/script>\n<!-- \/ Yoast SEO plugin. -->","yoast_head_json":{"title":"Garnier Fructis Aloe Vera Hydra Bomb Hydrating Shampoo 400ml - Morocco Price","description":"Garnier Fructis Aloe Vera Hydra Bomb Hydrating Shampoo 400ml","robots":{"index":"index","follow":"follow","max-snippet":"max-snippet:-1","max-image-preview":"max-image-preview:large","max-video-preview":"max-video-preview:-1"},"canonical":"https:\/\/vitablanca.ma\/en\/product\/garnier-fructis-aloe-vera-hydra-bomb-hydrating-shampoo-400ml\/","og_locale":"en_US","og_type":"article","og_title":"Garnier Fructis Aloe Vera Hydra Bomb Hydrating Shampoo 400ml - Maroc Prix","og_description":"Garnier Fructis Aloe Vera Hydra Bomb Hydrating Shampoo 400ml","og_url":"https:\/\/vitablanca.ma\/en\/product\/garnier-fructis-aloe-vera-hydra-bomb-hydrating-shampoo-400ml\/","og_site_name":"Vitablanca.ma &ndash; Sant&eacute;, vitalit&eacute; et bien-&ecirc;tre pour tous les Marocains","article_publisher":"https:\/\/www.facebook.com\/profile.php?id=61576678196717","article_modified_time":"2026-03-09T16:54:53+00:00","og_image":[{"width":1280,"height":1280,"url":"https:\/\/vitablanca.ma\/wp-content\/uploads\/2025\/05\/garnier-fructis-aloe-vera-hydra-bomb-hydrating-shampoo-400ml.jpg","type":"image\/jpeg"}],"twitter_card":"summary_large_image","schema":{"@context":"https:\/\/schema.org","@graph":[{"@type":["WebPage","ItemPage"],"@id":"https:\/\/vitablanca.ma\/produit\/garnier-fructis-aloe-vera-hydra-bomb-hydrating-shampoo-400ml\/","url":"https:\/\/vitablanca.ma\/produit\/garnier-fructis-aloe-vera-hydra-bomb-hydrating-shampoo-400ml\/","name":"Garnier Fructis Aloe Vera Hydra Bomb Hydrating Shampoo 400ml - Morocco Price","isPartOf":{"@id":"https:\/\/vitablanca.ma\/#website"},"primaryImageOfPage":{"@id":"https:\/\/vitablanca.ma\/produit\/garnier-fructis-aloe-vera-hydra-bomb-hydrating-shampoo-400ml\/#primaryimage"},"image":{"@id":"https:\/\/vitablanca.ma\/produit\/garnier-fructis-aloe-vera-hydra-bomb-hydrating-shampoo-400ml\/#primaryimage"},"thumbnailUrl":"https:\/\/vitablanca.ma\/wp-content\/uploads\/2025\/05\/garnier-fructis-aloe-vera-hydra-bomb-hydrating-shampoo-400ml.jpg","datePublished":"2025-05-28T22:13:27+00:00","dateModified":"2026-03-09T16:54:53+00:00","description":"Garnier Fructis Aloe Vera Hydra Bomb Hydrating Shampoo 400ml","breadcrumb":{"@id":"https:\/\/vitablanca.ma\/produit\/garnier-fructis-aloe-vera-hydra-bomb-hydrating-shampoo-400ml\/#breadcrumb"},"inLanguage":"en-US","potentialAction":[{"@type":"ReadAction","target":["https:\/\/vitablanca.ma\/produit\/garnier-fructis-aloe-vera-hydra-bomb-hydrating-shampoo-400ml\/"]}]},{"@type":"ImageObject","inLanguage":"en-US","@id":"https:\/\/vitablanca.ma\/produit\/garnier-fructis-aloe-vera-hydra-bomb-hydrating-shampoo-400ml\/#primaryimage","url":"https:\/\/vitablanca.ma\/wp-content\/uploads\/2025\/05\/garnier-fructis-aloe-vera-hydra-bomb-hydrating-shampoo-400ml.jpg","contentUrl":"https:\/\/vitablanca.ma\/wp-content\/uploads\/2025\/05\/garnier-fructis-aloe-vera-hydra-bomb-hydrating-shampoo-400ml.jpg","width":1280,"height":1280},{"@type":"BreadcrumbList","@id":"https:\/\/vitablanca.ma\/produit\/garnier-fructis-aloe-vera-hydra-bomb-hydrating-shampoo-400ml\/#breadcrumb","itemListElement":[{"@type":"ListItem","position":1,"name":"Home","item":"https:\/\/vitablanca.ma\/"},{"@type":"ListItem","position":2,"name":"Tous Les Produits","item":"https:\/\/vitablanca.ma\/tous-les-produits\/"},{"@type":"ListItem","position":3,"name":"Garnier Fructis Aloe Vera Hydra Bomb Hydrating Shampoo 400ml"}]},{"@type":"WebSite","@id":"https:\/\/vitablanca.ma\/#website","url":"https:\/\/vitablanca.ma\/","name":"VitaBlanca.ma | Food supplements, health &amp; beauty in Morocco","description":"sell premium vitamins and supplements from USA &amp; Canada, New Zealand, Morocco (NOW Foods, Solgar, Manuka). Fast delivery anywhere in Morocco.","publisher":{"@id":"https:\/\/vitablanca.ma\/#organization"},"alternateName":"VitaBlanca.ma","potentialAction":[{"@type":"SearchAction","target":{"@type":"EntryPoint","urlTemplate":"https:\/\/vitablanca.ma\/?s={search_term_string}"},"query-input":{"@type":"PropertyValueSpecification","valueRequired":true,"valueName":"search_term_string"}}],"inLanguage":"en-US"},{"@type":"Organization","@id":"https:\/\/vitablanca.ma\/#organization","name":"VitaBlanca","url":"https:\/\/vitablanca.ma\/","logo":{"@type":"ImageObject","inLanguage":"en-US","@id":"https:\/\/vitablanca.ma\/#\/schema\/logo\/image\/","url":"https:\/\/vitablanca.ma\/wp-content\/uploads\/2025\/05\/cropped-vitablanca.png","contentUrl":"https:\/\/vitablanca.ma\/wp-content\/uploads\/2025\/05\/cropped-vitablanca.png","width":360,"height":67,"caption":"VitaBlanca"},"image":{"@id":"https:\/\/vitablanca.ma\/#\/schema\/logo\/image\/"},"sameAs":["https:\/\/www.facebook.com\/profile.php?id=61576678196717","https:\/\/www.tiktok.com\/@vitablanca.ma","https:\/\/www.instagram.com\/vitablanca.ma\/"]}]}},"jetpack_sharing_enabled":true,"_links":{"self":[{"href":"https:\/\/vitablanca.ma\/en\/wp-json\/wp\/v2\/product\/12670","targetHints":{"allow":["GET"]}}],"collection":[{"href":"https:\/\/vitablanca.ma\/en\/wp-json\/wp\/v2\/product"}],"about":[{"href":"https:\/\/vitablanca.ma\/en\/wp-json\/wp\/v2\/types\/product"}],"wp:featuredmedia":[{"embeddable":true,"href":"https:\/\/vitablanca.ma\/en\/wp-json\/wp\/v2\/media\/12669"}],"wp:attachment":[{"href":"https:\/\/vitablanca.ma\/en\/wp-json\/wp\/v2\/media?parent=12670"}],"wp:term":[{"taxonomy":"product_brand","embeddable":true,"href":"https:\/\/vitablanca.ma\/en\/wp-json\/wp\/v2\/product_brand?post=12670"},{"taxonomy":"product_cat","embeddable":true,"href":"https:\/\/vitablanca.ma\/en\/wp-json\/wp\/v2\/product_cat?post=12670"},{"taxonomy":"product_tag","embeddable":true,"href":"https:\/\/vitablanca.ma\/en\/wp-json\/wp\/v2\/product_tag?post=12670"}],"curies":[{"name":"wp","href":"https:\/\/api.w.org\/{rel}","templated":true}]}}