{"id":12663,"date":"2025-05-28T22:13:15","date_gmt":"2025-05-28T22:13:15","guid":{"rendered":"https:\/\/vitablanca.ma\/product\/kerastase-genesis-bain-hydra-fortifiant-shampooing-anti-chute-250ml\/"},"modified":"2025-11-13T13:18:00","modified_gmt":"2025-11-13T13:18:00","slug":"kerastase-genesis-bain-hydra-fortifiant-shampooing-anti-chute-250ml","status":"publish","type":"product","link":"https:\/\/vitablanca.ma\/en\/product\/kerastase-genesis-bain-hydra-fortifiant-shampooing-anti-chute-250ml\/","title":{"rendered":"KERASTASE GENESIS BAIN HYDRA-FORTIFIANT ANTI-HAIR LOSS SHAMPOO 250ML"},"content":{"rendered":"<p data-mce-fragment=\"1\">KERASTASE GENESIS BAIN HYDRA-FORTIFIANT anti-hair loss shampoo is specially designed for fragile, hair-prone hair. Its delicate, sensory formula gently cleanses while strengthening the hair fiber. Enriched with ginger root and native edelweiss cells, it hydrates and strengthens your hair to reduce breakage and restore healthy, weightless locks.<\/p>","protected":false},"excerpt":{"rendered":"<p>Le shampooing anti-chute KERASTASE GENESIS BAIN HYDRA-FORTIFIANT est sp\u00e9cialement con\u00e7u pour les cheveux fragiles et encline \u00e0 la chute. Sa formule d\u00e9licate et sensorielle nettoie en douceur tout en renfor\u00e7ant la fibre capillaire. Enrichi en racine de gingembre et cellules natives d&rsquo;Edelweiss, il hydrate et fortifie vos cheveux pour r\u00e9duire la casse et retrouver une [&hellip;]<\/p>\n","protected":false},"featured_media":12662,"template":"","meta":{"om_disable_all_campaigns":false},"product_brand":[],"product_cat":[15],"product_tag":[],"class_list":{"0":"post-12663","1":"product","2":"type-product","3":"status-publish","4":"has-post-thumbnail","6":"product_cat-beaute-sante-complements-alimentaires-soins-et-bien-etre-au-meilleur-prix","8":"first","9":"instock","10":"taxable","11":"shipping-taxable","12":"purchasable","13":"product-type-simple"},"yoast_head":"<!-- This site is optimized with the Yoast SEO plugin v27.4 - https:\/\/yoast.com\/product\/yoast-seo-wordpress\/ -->\n<title>KERASTASE GENESIS BAIN HYDRA-FORTIFIANT SHAMPOOING ANTI-CHUTE 250ML - Maroc Prix<\/title>\n<meta name=\"description\" content=\"KERASTASE GENESIS BAIN HYDRA-FORTIFIANT SHAMPOOING ANTI-CHUTE 250ML\" \/>\n<meta name=\"robots\" content=\"index, follow, max-snippet:-1, max-image-preview:large, max-video-preview:-1\" \/>\n<link rel=\"canonical\" href=\"https:\/\/vitablanca.ma\/en\/product\/kerastase-genesis-bain-hydra-fortifiant-shampooing-anti-chute-250ml\/\" \/>\n<meta property=\"og:locale\" content=\"en_US\" \/>\n<meta property=\"og:type\" content=\"article\" \/>\n<meta property=\"og:title\" content=\"KERASTASE GENESIS BAIN HYDRA-FORTIFIANT SHAMPOOING ANTI-CHUTE 250ML - Maroc Prix\" \/>\n<meta property=\"og:description\" content=\"KERASTASE GENESIS BAIN HYDRA-FORTIFIANT SHAMPOOING ANTI-CHUTE 250ML\" \/>\n<meta property=\"og:url\" content=\"https:\/\/vitablanca.ma\/en\/product\/kerastase-genesis-bain-hydra-fortifiant-shampooing-anti-chute-250ml\/\" \/>\n<meta property=\"og:site_name\" content=\"Vitablanca.ma &ndash; Sant&eacute;, vitalit&eacute; et bien-&ecirc;tre pour tous les Marocains\" \/>\n<meta property=\"article:publisher\" content=\"https:\/\/www.facebook.com\/profile.php?id=61576678196717\" \/>\n<meta property=\"article:modified_time\" content=\"2025-11-13T13:18:00+00:00\" \/>\n<meta property=\"og:image\" content=\"https:\/\/vitablanca.ma\/wp-content\/uploads\/2025\/05\/kerastase-genesis-bain-hydrafortifiant-shampooing-anti-chute-250ml.jpg\" \/>\n\t<meta property=\"og:image:width\" content=\"800\" \/>\n\t<meta property=\"og:image:height\" content=\"800\" \/>\n\t<meta property=\"og:image:type\" content=\"image\/jpeg\" \/>\n<meta name=\"twitter:card\" content=\"summary_large_image\" \/>\n<script type=\"application\/ld+json\" class=\"yoast-schema-graph\">{\"@context\":\"https:\\\/\\\/schema.org\",\"@graph\":[{\"@type\":[\"WebPage\",\"ItemPage\"],\"@id\":\"https:\\\/\\\/vitablanca.ma\\\/produit\\\/kerastase-genesis-bain-hydra-fortifiant-shampooing-anti-chute-250ml\\\/\",\"url\":\"https:\\\/\\\/vitablanca.ma\\\/produit\\\/kerastase-genesis-bain-hydra-fortifiant-shampooing-anti-chute-250ml\\\/\",\"name\":\"KERASTASE GENESIS BAIN HYDRA-FORTIFIANT SHAMPOOING ANTI-CHUTE 250ML - Maroc Prix\",\"isPartOf\":{\"@id\":\"https:\\\/\\\/vitablanca.ma\\\/#website\"},\"primaryImageOfPage\":{\"@id\":\"https:\\\/\\\/vitablanca.ma\\\/produit\\\/kerastase-genesis-bain-hydra-fortifiant-shampooing-anti-chute-250ml\\\/#primaryimage\"},\"image\":{\"@id\":\"https:\\\/\\\/vitablanca.ma\\\/produit\\\/kerastase-genesis-bain-hydra-fortifiant-shampooing-anti-chute-250ml\\\/#primaryimage\"},\"thumbnailUrl\":\"https:\\\/\\\/vitablanca.ma\\\/wp-content\\\/uploads\\\/2025\\\/05\\\/kerastase-genesis-bain-hydrafortifiant-shampooing-anti-chute-250ml.jpg\",\"datePublished\":\"2025-05-28T22:13:15+00:00\",\"dateModified\":\"2025-11-13T13:18:00+00:00\",\"description\":\"KERASTASE GENESIS BAIN HYDRA-FORTIFIANT SHAMPOOING ANTI-CHUTE 250ML\",\"breadcrumb\":{\"@id\":\"https:\\\/\\\/vitablanca.ma\\\/produit\\\/kerastase-genesis-bain-hydra-fortifiant-shampooing-anti-chute-250ml\\\/#breadcrumb\"},\"inLanguage\":\"en-US\",\"potentialAction\":[{\"@type\":\"ReadAction\",\"target\":[\"https:\\\/\\\/vitablanca.ma\\\/produit\\\/kerastase-genesis-bain-hydra-fortifiant-shampooing-anti-chute-250ml\\\/\"]}]},{\"@type\":\"ImageObject\",\"inLanguage\":\"en-US\",\"@id\":\"https:\\\/\\\/vitablanca.ma\\\/produit\\\/kerastase-genesis-bain-hydra-fortifiant-shampooing-anti-chute-250ml\\\/#primaryimage\",\"url\":\"https:\\\/\\\/vitablanca.ma\\\/wp-content\\\/uploads\\\/2025\\\/05\\\/kerastase-genesis-bain-hydrafortifiant-shampooing-anti-chute-250ml.jpg\",\"contentUrl\":\"https:\\\/\\\/vitablanca.ma\\\/wp-content\\\/uploads\\\/2025\\\/05\\\/kerastase-genesis-bain-hydrafortifiant-shampooing-anti-chute-250ml.jpg\",\"width\":800,\"height\":800},{\"@type\":\"BreadcrumbList\",\"@id\":\"https:\\\/\\\/vitablanca.ma\\\/produit\\\/kerastase-genesis-bain-hydra-fortifiant-shampooing-anti-chute-250ml\\\/#breadcrumb\",\"itemListElement\":[{\"@type\":\"ListItem\",\"position\":1,\"name\":\"Home\",\"item\":\"https:\\\/\\\/vitablanca.ma\\\/\"},{\"@type\":\"ListItem\",\"position\":2,\"name\":\"Tous Les Produits\",\"item\":\"https:\\\/\\\/vitablanca.ma\\\/tous-les-produits\\\/\"},{\"@type\":\"ListItem\",\"position\":3,\"name\":\"KERASTASE GENESIS BAIN HYDRA-FORTIFIANT SHAMPOOING ANTI-CHUTE 250ML\"}]},{\"@type\":\"WebSite\",\"@id\":\"https:\\\/\\\/vitablanca.ma\\\/#website\",\"url\":\"https:\\\/\\\/vitablanca.ma\\\/\",\"name\":\"VitaBlanca.ma | Compl\u00e9ments alimentaires, sant\u00e9 & beaut\u00e9 au Maroc\",\"description\":\"vendre vitamines et compl\u00e9ments premium des USA &amp; Canada, Nouvelle Z\u00e9lande,Maroc (NOW Foods, Solgar, Manuka). Livraison rapide partout au Maroc.\",\"publisher\":{\"@id\":\"https:\\\/\\\/vitablanca.ma\\\/#organization\"},\"alternateName\":\"VitaBlanca.ma\",\"potentialAction\":[{\"@type\":\"SearchAction\",\"target\":{\"@type\":\"EntryPoint\",\"urlTemplate\":\"https:\\\/\\\/vitablanca.ma\\\/?s={search_term_string}\"},\"query-input\":{\"@type\":\"PropertyValueSpecification\",\"valueRequired\":true,\"valueName\":\"search_term_string\"}}],\"inLanguage\":\"en-US\"},{\"@type\":\"Organization\",\"@id\":\"https:\\\/\\\/vitablanca.ma\\\/#organization\",\"name\":\"VitaBlanca\",\"url\":\"https:\\\/\\\/vitablanca.ma\\\/\",\"logo\":{\"@type\":\"ImageObject\",\"inLanguage\":\"en-US\",\"@id\":\"https:\\\/\\\/vitablanca.ma\\\/#\\\/schema\\\/logo\\\/image\\\/\",\"url\":\"https:\\\/\\\/vitablanca.ma\\\/wp-content\\\/uploads\\\/2025\\\/05\\\/cropped-vitablanca.png\",\"contentUrl\":\"https:\\\/\\\/vitablanca.ma\\\/wp-content\\\/uploads\\\/2025\\\/05\\\/cropped-vitablanca.png\",\"width\":360,\"height\":67,\"caption\":\"VitaBlanca\"},\"image\":{\"@id\":\"https:\\\/\\\/vitablanca.ma\\\/#\\\/schema\\\/logo\\\/image\\\/\"},\"sameAs\":[\"https:\\\/\\\/www.facebook.com\\\/profile.php?id=61576678196717\",\"https:\\\/\\\/www.tiktok.com\\\/@vitablanca.ma\",\"https:\\\/\\\/www.instagram.com\\\/vitablanca.ma\\\/\"]}]}<\/script>\n<!-- \/ Yoast SEO plugin. -->","yoast_head_json":{"title":"KERASTASE GENESIS BAIN HYDRA-FORTIFIANT ANTI-HAIR LOSS SHAMPOO 250ML - Morocco Price","description":"KERASTASE GENESIS BAIN HYDRA-FORTIFIANT ANTI-HAIR LOSS SHAMPOO 250ML","robots":{"index":"index","follow":"follow","max-snippet":"max-snippet:-1","max-image-preview":"max-image-preview:large","max-video-preview":"max-video-preview:-1"},"canonical":"https:\/\/vitablanca.ma\/en\/product\/kerastase-genesis-bain-hydra-fortifiant-shampooing-anti-chute-250ml\/","og_locale":"en_US","og_type":"article","og_title":"KERASTASE GENESIS BAIN HYDRA-FORTIFIANT SHAMPOOING ANTI-CHUTE 250ML - Maroc Prix","og_description":"KERASTASE GENESIS BAIN HYDRA-FORTIFIANT SHAMPOOING ANTI-CHUTE 250ML","og_url":"https:\/\/vitablanca.ma\/en\/product\/kerastase-genesis-bain-hydra-fortifiant-shampooing-anti-chute-250ml\/","og_site_name":"Vitablanca.ma &ndash; Sant&eacute;, vitalit&eacute; et bien-&ecirc;tre pour tous les Marocains","article_publisher":"https:\/\/www.facebook.com\/profile.php?id=61576678196717","article_modified_time":"2025-11-13T13:18:00+00:00","og_image":[{"width":800,"height":800,"url":"https:\/\/vitablanca.ma\/wp-content\/uploads\/2025\/05\/kerastase-genesis-bain-hydrafortifiant-shampooing-anti-chute-250ml.jpg","type":"image\/jpeg"}],"twitter_card":"summary_large_image","schema":{"@context":"https:\/\/schema.org","@graph":[{"@type":["WebPage","ItemPage"],"@id":"https:\/\/vitablanca.ma\/produit\/kerastase-genesis-bain-hydra-fortifiant-shampooing-anti-chute-250ml\/","url":"https:\/\/vitablanca.ma\/produit\/kerastase-genesis-bain-hydra-fortifiant-shampooing-anti-chute-250ml\/","name":"KERASTASE GENESIS BAIN HYDRA-FORTIFIANT ANTI-HAIR LOSS SHAMPOO 250ML - Morocco Price","isPartOf":{"@id":"https:\/\/vitablanca.ma\/#website"},"primaryImageOfPage":{"@id":"https:\/\/vitablanca.ma\/produit\/kerastase-genesis-bain-hydra-fortifiant-shampooing-anti-chute-250ml\/#primaryimage"},"image":{"@id":"https:\/\/vitablanca.ma\/produit\/kerastase-genesis-bain-hydra-fortifiant-shampooing-anti-chute-250ml\/#primaryimage"},"thumbnailUrl":"https:\/\/vitablanca.ma\/wp-content\/uploads\/2025\/05\/kerastase-genesis-bain-hydrafortifiant-shampooing-anti-chute-250ml.jpg","datePublished":"2025-05-28T22:13:15+00:00","dateModified":"2025-11-13T13:18:00+00:00","description":"KERASTASE GENESIS BAIN HYDRA-FORTIFIANT ANTI-HAIR LOSS SHAMPOO 250ML","breadcrumb":{"@id":"https:\/\/vitablanca.ma\/produit\/kerastase-genesis-bain-hydra-fortifiant-shampooing-anti-chute-250ml\/#breadcrumb"},"inLanguage":"en-US","potentialAction":[{"@type":"ReadAction","target":["https:\/\/vitablanca.ma\/produit\/kerastase-genesis-bain-hydra-fortifiant-shampooing-anti-chute-250ml\/"]}]},{"@type":"ImageObject","inLanguage":"en-US","@id":"https:\/\/vitablanca.ma\/produit\/kerastase-genesis-bain-hydra-fortifiant-shampooing-anti-chute-250ml\/#primaryimage","url":"https:\/\/vitablanca.ma\/wp-content\/uploads\/2025\/05\/kerastase-genesis-bain-hydrafortifiant-shampooing-anti-chute-250ml.jpg","contentUrl":"https:\/\/vitablanca.ma\/wp-content\/uploads\/2025\/05\/kerastase-genesis-bain-hydrafortifiant-shampooing-anti-chute-250ml.jpg","width":800,"height":800},{"@type":"BreadcrumbList","@id":"https:\/\/vitablanca.ma\/produit\/kerastase-genesis-bain-hydra-fortifiant-shampooing-anti-chute-250ml\/#breadcrumb","itemListElement":[{"@type":"ListItem","position":1,"name":"Home","item":"https:\/\/vitablanca.ma\/"},{"@type":"ListItem","position":2,"name":"Tous Les Produits","item":"https:\/\/vitablanca.ma\/tous-les-produits\/"},{"@type":"ListItem","position":3,"name":"KERASTASE GENESIS BAIN HYDRA-FORTIFIANT SHAMPOOING ANTI-CHUTE 250ML"}]},{"@type":"WebSite","@id":"https:\/\/vitablanca.ma\/#website","url":"https:\/\/vitablanca.ma\/","name":"VitaBlanca.ma | Food supplements, health &amp; beauty in Morocco","description":"sell premium vitamins and supplements from USA &amp; Canada, New Zealand, Morocco (NOW Foods, Solgar, Manuka). Fast delivery anywhere in Morocco.","publisher":{"@id":"https:\/\/vitablanca.ma\/#organization"},"alternateName":"VitaBlanca.ma","potentialAction":[{"@type":"SearchAction","target":{"@type":"EntryPoint","urlTemplate":"https:\/\/vitablanca.ma\/?s={search_term_string}"},"query-input":{"@type":"PropertyValueSpecification","valueRequired":true,"valueName":"search_term_string"}}],"inLanguage":"en-US"},{"@type":"Organization","@id":"https:\/\/vitablanca.ma\/#organization","name":"VitaBlanca","url":"https:\/\/vitablanca.ma\/","logo":{"@type":"ImageObject","inLanguage":"en-US","@id":"https:\/\/vitablanca.ma\/#\/schema\/logo\/image\/","url":"https:\/\/vitablanca.ma\/wp-content\/uploads\/2025\/05\/cropped-vitablanca.png","contentUrl":"https:\/\/vitablanca.ma\/wp-content\/uploads\/2025\/05\/cropped-vitablanca.png","width":360,"height":67,"caption":"VitaBlanca"},"image":{"@id":"https:\/\/vitablanca.ma\/#\/schema\/logo\/image\/"},"sameAs":["https:\/\/www.facebook.com\/profile.php?id=61576678196717","https:\/\/www.tiktok.com\/@vitablanca.ma","https:\/\/www.instagram.com\/vitablanca.ma\/"]}]}},"jetpack_sharing_enabled":true,"_links":{"self":[{"href":"https:\/\/vitablanca.ma\/en\/wp-json\/wp\/v2\/product\/12663","targetHints":{"allow":["GET"]}}],"collection":[{"href":"https:\/\/vitablanca.ma\/en\/wp-json\/wp\/v2\/product"}],"about":[{"href":"https:\/\/vitablanca.ma\/en\/wp-json\/wp\/v2\/types\/product"}],"wp:featuredmedia":[{"embeddable":true,"href":"https:\/\/vitablanca.ma\/en\/wp-json\/wp\/v2\/media\/12662"}],"wp:attachment":[{"href":"https:\/\/vitablanca.ma\/en\/wp-json\/wp\/v2\/media?parent=12663"}],"wp:term":[{"taxonomy":"product_brand","embeddable":true,"href":"https:\/\/vitablanca.ma\/en\/wp-json\/wp\/v2\/product_brand?post=12663"},{"taxonomy":"product_cat","embeddable":true,"href":"https:\/\/vitablanca.ma\/en\/wp-json\/wp\/v2\/product_cat?post=12663"},{"taxonomy":"product_tag","embeddable":true,"href":"https:\/\/vitablanca.ma\/en\/wp-json\/wp\/v2\/product_tag?post=12663"}],"curies":[{"name":"wp","href":"https:\/\/api.w.org\/{rel}","templated":true}]}}